











{"id":118247,"date":"2026-02-12T10:09:08","date_gmt":"2026-02-12T10:09:08","guid":{"rendered":"https:\/\/ses-creative.com\/?post_type=product&#038;p=118247"},"modified":"2026-02-12T10:22:47","modified_gmt":"2026-02-12T10:22:47","slug":"mosaique-de-diamants-a-pierre-precieuse-geante","status":"publish","type":"product","link":"https:\/\/ses-creative.com\/fr\/produit\/mosaique-de-diamants-a-pierre-precieuse-geante\/","title":{"rendered":"Mosa\u00efque de Diamants \u00e0 pierre pr\u00e9cieuse g\u00e9ante"},"content":{"rendered":"<p>Le coffret Giant Gem Diamond Painting de SES Creative est une activit\u00e9 mosa\u00efque ludique et accessible d\u00e8s 3 ans. Avec 65 autocollants diamants g\u00e9ants, les enfants d\u00e9corent 6 cartes illustr\u00e9es \u00e0 l&rsquo;effigie de licornes, f\u00e9es et animaux rigolos. Chaque diamant autocollant se place facilement \u00e0 la main, sans colle ni outils, favorisant une prise en main intuitive. L\u2019activit\u00e9 stimule la motricit\u00e9 fine, la reconnaissance visuelle, l\u2019autonomie et la concentration. Les cartes sont solides, les gemmes repositionnables, et l\u2019exp\u00e9rience valorisante pour les tout-petits. Ce coffret SES Creative est fabriqu\u00e9 \u00e0 Enschede, aux Pays-Bas, avec des mat\u00e9riaux lavables, hypoallerg\u00e9niques et 100 % neutres en CO\u2082. Un jeu \u00e9ducatif et sensoriel pour d\u00e9couvrir le plaisir de la cr\u00e9ation, d\u00e9velopper la motricit\u00e9 et explorer la magie des couleurs et formes d\u00e8s la maternelle.<\/p>\n","protected":false},"excerpt":{"rendered":"<p>Le coffret Giant Gem Diamond Painting de SES Creative est une activit\u00e9 mosa\u00efque ludique et accessible d\u00e8s 3 ans. Avec 65 autocollants diamants g\u00e9ants, les enfants d\u00e9corent 6 cartes illustr\u00e9es \u00e0 l&rsquo;effigie de licornes, f\u00e9es et animaux rigolos. Chaque diamant autocollant se place facilement \u00e0 la main, sans colle ni outils, favorisant une prise en [&hellip;]<\/p>\n","protected":false},"featured_media":101328,"comment_status":"closed","ping_status":"closed","template":"","meta":{"_acf_changed":false},"product_brand":[],"product_cat":[122],"product_tag":[],"class_list":{"0":"post-118247","1":"product","2":"type-product","3":"status-publish","4":"has-post-thumbnail","6":"product_cat-loisirs-creatifs","7":"pa_leeftijd-filter-3-4-ans","8":"pa_meest-populair-bij-garcons-filles","10":"first","11":"instock","12":"shipping-taxable","13":"product-type-simple"},"acf":[],"yoast_head":"<!-- This site is optimized with the Yoast SEO plugin v27.2 - https:\/\/yoast.com\/product\/yoast-seo-wordpress\/ -->\n<title>Mosa\u00efque de Diamants \u00e0 pierre pr\u00e9cieuse g\u00e9ante - SES Creative<\/title>\n<meta name=\"robots\" content=\"index, follow, max-snippet:-1, max-image-preview:large, max-video-preview:-1\" \/>\n<link rel=\"canonical\" href=\"https:\/\/ses-creative.com\/fr\/produit\/mosaique-de-diamants-a-pierre-precieuse-geante\/\" \/>\n<meta property=\"og:locale\" content=\"fr_FR\" \/>\n<meta property=\"og:type\" content=\"article\" \/>\n<meta property=\"og:title\" content=\"Mosa\u00efque de Diamants \u00e0 pierre pr\u00e9cieuse g\u00e9ante - SES Creative\" \/>\n<meta property=\"og:description\" content=\"Le coffret Giant Gem Diamond Painting de SES Creative est une activit\u00e9 mosa\u00efque ludique et accessible d\u00e8s 3 ans. Avec 65 autocollants diamants g\u00e9ants, les enfants d\u00e9corent 6 cartes illustr\u00e9es \u00e0 l&rsquo;effigie de licornes, f\u00e9es et animaux rigolos. Chaque diamant autocollant se place facilement \u00e0 la main, sans colle ni outils, favorisant une prise en [&hellip;]\" \/>\n<meta property=\"og:url\" content=\"https:\/\/ses-creative.com\/fr\/produit\/mosaique-de-diamants-a-pierre-precieuse-geante\/\" \/>\n<meta property=\"og:site_name\" content=\"SES Creative\" \/>\n<meta property=\"article:modified_time\" content=\"2026-02-12T10:22:47+00:00\" \/>\n<meta name=\"twitter:card\" content=\"summary_large_image\" \/>\n<meta name=\"twitter:label1\" content=\"Dur\u00e9e de lecture estim\u00e9e\" \/>\n\t<meta name=\"twitter:data1\" content=\"1 minute\" \/>\n<script type=\"application\/ld+json\" class=\"yoast-schema-graph\">{\"@context\":\"https:\/\/schema.org\",\"@graph\":[{\"@type\":\"WebPage\",\"@id\":\"https:\/\/ses-creative.com\/fr\/produit\/mosaique-de-diamants-a-pierre-precieuse-geante\/\",\"url\":\"https:\/\/ses-creative.com\/fr\/produit\/mosaique-de-diamants-a-pierre-precieuse-geante\/\",\"name\":\"Mosa\u00efque de Diamants \u00e0 pierre pr\u00e9cieuse g\u00e9ante - SES Creative\",\"isPartOf\":{\"@id\":\"https:\/\/ses-creative.com\/#website\"},\"primaryImageOfPage\":{\"@id\":\"https:\/\/ses-creative.com\/fr\/produit\/mosaique-de-diamants-a-pierre-precieuse-geante\/#primaryimage\"},\"image\":{\"@id\":\"https:\/\/ses-creative.com\/fr\/produit\/mosaique-de-diamants-a-pierre-precieuse-geante\/#primaryimage\"},\"thumbnailUrl\":\"https:\/\/ses-creative.com\/wp-content\/uploads\/2026\/01\/140271.jpg\",\"datePublished\":\"2026-02-12T10:09:08+00:00\",\"dateModified\":\"2026-02-12T10:22:47+00:00\",\"breadcrumb\":{\"@id\":\"https:\/\/ses-creative.com\/fr\/produit\/mosaique-de-diamants-a-pierre-precieuse-geante\/#breadcrumb\"},\"inLanguage\":\"fr-FR\",\"potentialAction\":[{\"@type\":\"ReadAction\",\"target\":[\"https:\/\/ses-creative.com\/fr\/produit\/mosaique-de-diamants-a-pierre-precieuse-geante\/\"]}]},{\"@type\":\"ImageObject\",\"inLanguage\":\"fr-FR\",\"@id\":\"https:\/\/ses-creative.com\/fr\/produit\/mosaique-de-diamants-a-pierre-precieuse-geante\/#primaryimage\",\"url\":\"https:\/\/ses-creative.com\/wp-content\/uploads\/2026\/01\/140271.jpg\",\"contentUrl\":\"https:\/\/ses-creative.com\/wp-content\/uploads\/2026\/01\/140271.jpg\",\"width\":1000,\"height\":1000},{\"@type\":\"BreadcrumbList\",\"@id\":\"https:\/\/ses-creative.com\/fr\/produit\/mosaique-de-diamants-a-pierre-precieuse-geante\/#breadcrumb\",\"itemListElement\":[{\"@type\":\"ListItem\",\"position\":1,\"name\":\"Boutique\",\"item\":\"https:\/\/ses-creative.com\/fr\/boutique\/\"},{\"@type\":\"ListItem\",\"position\":2,\"name\":\"Loisirs cr\u00e9atifs\",\"item\":\"https:\/\/ses-creative.com\/fr\/product-categorie\/loisirs-creatifs\/\"},{\"@type\":\"ListItem\",\"position\":3,\"name\":\"Mosa\u00efque de Diamants \u00e0 pierre pr\u00e9cieuse g\u00e9ante\"}]},{\"@type\":\"WebSite\",\"@id\":\"https:\/\/ses-creative.com\/#website\",\"url\":\"https:\/\/ses-creative.com\/\",\"name\":\"SES Creative\",\"description\":\"\",\"publisher\":{\"@id\":\"https:\/\/ses-creative.com\/#organization\"},\"potentialAction\":[{\"@type\":\"SearchAction\",\"target\":{\"@type\":\"EntryPoint\",\"urlTemplate\":\"https:\/\/ses-creative.com\/?s={search_term_string}\"},\"query-input\":{\"@type\":\"PropertyValueSpecification\",\"valueRequired\":true,\"valueName\":\"search_term_string\"}}],\"inLanguage\":\"fr-FR\"},{\"@type\":\"Organization\",\"@id\":\"https:\/\/ses-creative.com\/#organization\",\"name\":\"SES Creative\",\"url\":\"https:\/\/ses-creative.com\/\",\"logo\":{\"@type\":\"ImageObject\",\"inLanguage\":\"fr-FR\",\"@id\":\"https:\/\/ses-creative.com\/#\/schema\/logo\/image\/\",\"url\":\"https:\/\/ses-creative.com\/wp-content\/uploads\/2025\/10\/ses-creative-logo.jpg\",\"contentUrl\":\"https:\/\/ses-creative.com\/wp-content\/uploads\/2025\/10\/ses-creative-logo.jpg\",\"width\":2037,\"height\":2037,\"caption\":\"SES Creative\"},\"image\":{\"@id\":\"https:\/\/ses-creative.com\/#\/schema\/logo\/image\/\"}}]}<\/script>\n<!-- \/ Yoast SEO plugin. -->","yoast_head_json":{"title":"Mosa\u00efque de Diamants \u00e0 pierre pr\u00e9cieuse g\u00e9ante - SES Creative","robots":{"index":"index","follow":"follow","max-snippet":"max-snippet:-1","max-image-preview":"max-image-preview:large","max-video-preview":"max-video-preview:-1"},"canonical":"https:\/\/ses-creative.com\/fr\/produit\/mosaique-de-diamants-a-pierre-precieuse-geante\/","og_locale":"fr_FR","og_type":"article","og_title":"Mosa\u00efque de Diamants \u00e0 pierre pr\u00e9cieuse g\u00e9ante - SES Creative","og_description":"Le coffret Giant Gem Diamond Painting de SES Creative est une activit\u00e9 mosa\u00efque ludique et accessible d\u00e8s 3 ans. Avec 65 autocollants diamants g\u00e9ants, les enfants d\u00e9corent 6 cartes illustr\u00e9es \u00e0 l&rsquo;effigie de licornes, f\u00e9es et animaux rigolos. Chaque diamant autocollant se place facilement \u00e0 la main, sans colle ni outils, favorisant une prise en [&hellip;]","og_url":"https:\/\/ses-creative.com\/fr\/produit\/mosaique-de-diamants-a-pierre-precieuse-geante\/","og_site_name":"SES Creative","article_modified_time":"2026-02-12T10:22:47+00:00","twitter_card":"summary_large_image","twitter_misc":{"Dur\u00e9e de lecture estim\u00e9e":"1 minute"},"schema":{"@context":"https:\/\/schema.org","@graph":[{"@type":"WebPage","@id":"https:\/\/ses-creative.com\/fr\/produit\/mosaique-de-diamants-a-pierre-precieuse-geante\/","url":"https:\/\/ses-creative.com\/fr\/produit\/mosaique-de-diamants-a-pierre-precieuse-geante\/","name":"Mosa\u00efque de Diamants \u00e0 pierre pr\u00e9cieuse g\u00e9ante - SES Creative","isPartOf":{"@id":"https:\/\/ses-creative.com\/#website"},"primaryImageOfPage":{"@id":"https:\/\/ses-creative.com\/fr\/produit\/mosaique-de-diamants-a-pierre-precieuse-geante\/#primaryimage"},"image":{"@id":"https:\/\/ses-creative.com\/fr\/produit\/mosaique-de-diamants-a-pierre-precieuse-geante\/#primaryimage"},"thumbnailUrl":"https:\/\/ses-creative.com\/wp-content\/uploads\/2026\/01\/140271.jpg","datePublished":"2026-02-12T10:09:08+00:00","dateModified":"2026-02-12T10:22:47+00:00","breadcrumb":{"@id":"https:\/\/ses-creative.com\/fr\/produit\/mosaique-de-diamants-a-pierre-precieuse-geante\/#breadcrumb"},"inLanguage":"fr-FR","potentialAction":[{"@type":"ReadAction","target":["https:\/\/ses-creative.com\/fr\/produit\/mosaique-de-diamants-a-pierre-precieuse-geante\/"]}]},{"@type":"ImageObject","inLanguage":"fr-FR","@id":"https:\/\/ses-creative.com\/fr\/produit\/mosaique-de-diamants-a-pierre-precieuse-geante\/#primaryimage","url":"https:\/\/ses-creative.com\/wp-content\/uploads\/2026\/01\/140271.jpg","contentUrl":"https:\/\/ses-creative.com\/wp-content\/uploads\/2026\/01\/140271.jpg","width":1000,"height":1000},{"@type":"BreadcrumbList","@id":"https:\/\/ses-creative.com\/fr\/produit\/mosaique-de-diamants-a-pierre-precieuse-geante\/#breadcrumb","itemListElement":[{"@type":"ListItem","position":1,"name":"Boutique","item":"https:\/\/ses-creative.com\/fr\/boutique\/"},{"@type":"ListItem","position":2,"name":"Loisirs cr\u00e9atifs","item":"https:\/\/ses-creative.com\/fr\/product-categorie\/loisirs-creatifs\/"},{"@type":"ListItem","position":3,"name":"Mosa\u00efque de Diamants \u00e0 pierre pr\u00e9cieuse g\u00e9ante"}]},{"@type":"WebSite","@id":"https:\/\/ses-creative.com\/#website","url":"https:\/\/ses-creative.com\/","name":"SES Creative","description":"","publisher":{"@id":"https:\/\/ses-creative.com\/#organization"},"potentialAction":[{"@type":"SearchAction","target":{"@type":"EntryPoint","urlTemplate":"https:\/\/ses-creative.com\/?s={search_term_string}"},"query-input":{"@type":"PropertyValueSpecification","valueRequired":true,"valueName":"search_term_string"}}],"inLanguage":"fr-FR"},{"@type":"Organization","@id":"https:\/\/ses-creative.com\/#organization","name":"SES Creative","url":"https:\/\/ses-creative.com\/","logo":{"@type":"ImageObject","inLanguage":"fr-FR","@id":"https:\/\/ses-creative.com\/#\/schema\/logo\/image\/","url":"https:\/\/ses-creative.com\/wp-content\/uploads\/2025\/10\/ses-creative-logo.jpg","contentUrl":"https:\/\/ses-creative.com\/wp-content\/uploads\/2025\/10\/ses-creative-logo.jpg","width":2037,"height":2037,"caption":"SES Creative"},"image":{"@id":"https:\/\/ses-creative.com\/#\/schema\/logo\/image\/"}}]}},"_links":{"self":[{"href":"https:\/\/ses-creative.com\/fr\/wp-json\/wp\/v2\/product\/118247","targetHints":{"allow":["GET"]}}],"collection":[{"href":"https:\/\/ses-creative.com\/fr\/wp-json\/wp\/v2\/product"}],"about":[{"href":"https:\/\/ses-creative.com\/fr\/wp-json\/wp\/v2\/types\/product"}],"replies":[{"embeddable":true,"href":"https:\/\/ses-creative.com\/fr\/wp-json\/wp\/v2\/comments?post=118247"}],"wp:featuredmedia":[{"embeddable":true,"href":"https:\/\/ses-creative.com\/fr\/wp-json\/wp\/v2\/media\/101328"}],"wp:attachment":[{"href":"https:\/\/ses-creative.com\/fr\/wp-json\/wp\/v2\/media?parent=118247"}],"wp:term":[{"taxonomy":"product_brand","embeddable":true,"href":"https:\/\/ses-creative.com\/fr\/wp-json\/wp\/v2\/product_brand?post=118247"},{"taxonomy":"product_cat","embeddable":true,"href":"https:\/\/ses-creative.com\/fr\/wp-json\/wp\/v2\/product_cat?post=118247"},{"taxonomy":"product_tag","embeddable":true,"href":"https:\/\/ses-creative.com\/fr\/wp-json\/wp\/v2\/product_tag?post=118247"}],"curies":[{"name":"wp","href":"https:\/\/api.w.org\/{rel}","templated":true}]}}