











{"id":118246,"date":"2026-02-12T10:09:08","date_gmt":"2026-02-12T10:09:08","guid":{"rendered":"https:\/\/ses-creative.com\/?post_type=product&#038;p=118246"},"modified":"2026-02-12T10:22:47","modified_gmt":"2026-02-12T10:22:47","slug":"animaux-en-origami-zigzag","status":"publish","type":"product","link":"https:\/\/ses-creative.com\/fr\/produit\/animaux-en-origami-zigzag\/","title":{"rendered":"Animaux en origami zigzag"},"content":{"rendered":"<p>Pliez, collez et cr\u00e9ez votre propre zoo ! Avec le kit Zig Zag Origami Animaux de SES Creative, les enfants apprennent les bases de l&rsquo;origami de mani\u00e8re ludique. Gr\u00e2ce au papier \u00e0 plier pr\u00e9imprim\u00e9 et aux ciseaux adapt\u00e9s aux enfants, ils peuvent cr\u00e9er \u00e9tape par \u00e9tape des animaux joyeux tels qu&rsquo;un renard, un \u00e9l\u00e9phant et un chiot. Une activit\u00e9 \u00e9ducative et amusante pour les enfants \u00e0 partir de 3 ans !<\/p>\n<p>Ce qui rend ce kit g\u00e9nial :<br \/>\n 9 grands animaux \u00e0 plier et \u00e0 d\u00e9corer soi-m\u00eame<\/p>\n<p>\u2702 Ciseaux adapt\u00e9s aux enfants inclus \u2013 convient aux gauchers et aux droitiers<\/p>\n<p> Papier \u00e0 plier pr\u00e9imprim\u00e9 avec des lignes de pliage claires<\/p>\n<p> Stimule la motricit\u00e9 fine, la concentration et la cr\u00e9ativit\u00e9<br \/>\n Con\u00e7u pour les jeunes enfants \u2013 simple et amusant<\/p>\n<p>Pliage avec le sourire<br \/>\nAvec ce kit, les enfants d\u00e9couvrent \u00e0 quel point l&rsquo;origami peut \u00eatre amusant et accessible. Gr\u00e2ce au papier imprim\u00e9 joyeux et \u00e0 la technique simple en zigzag, ils plient en un rien de temps toute une m\u00e9nagerie. L&rsquo;utilisation de vrais ciseaux (mais sans danger !) rend l&rsquo;exp\u00e9rience encore plus r\u00e9elle et plus instructive.<\/p>\n<p>Contenu du kit :<br \/>\nPi\u00e8ces imprim\u00e9es pour 9 animaux diff\u00e9rents<\/p>\n<p>Ciseaux pour enfants adapt\u00e9s aux gauchers et aux droitiers<\/p>\n<p>Pourquoi choisir SES Creative ?<br \/>\nChez SES Creative, nous d\u00e9veloppons des jouets qui aident les enfants \u00e0 grandir. Nos produits stimulent la cr\u00e9ativit\u00e9, la confiance en soi et le d\u00e9veloppement, tout en \u00e9tant toujours s\u00fbrs, responsables et amusants. Depuis plus de 50 ans, nous fabriquons des jouets durables, con\u00e7us et produits avec fiert\u00e9 aux Pays-Bas.<\/p>\n<p>Pliez votre premier animal d\u00e8s aujourd&rsquo;hui !<br \/>\nLaissez les enfants construire leur propre zoo, papier apr\u00e8s papier. Commandez d\u00e8s maintenant le kit Zig Zag Origami Animals et d\u00e9couvrez \u00e0 quel point le pliage cr\u00e9atif peut \u00eatre amusant !<\/p>\n","protected":false},"excerpt":{"rendered":"<p>Pliez, collez et cr\u00e9ez votre propre zoo ! Avec le kit Zig Zag Origami Animaux de SES Creative, les enfants apprennent les bases de l&rsquo;origami de mani\u00e8re ludique. Gr\u00e2ce au papier \u00e0 plier pr\u00e9imprim\u00e9 et aux ciseaux adapt\u00e9s aux enfants, ils peuvent cr\u00e9er \u00e9tape par \u00e9tape des animaux joyeux tels qu&rsquo;un renard, un \u00e9l\u00e9phant et [&hellip;]<\/p>\n","protected":false},"featured_media":101308,"comment_status":"closed","ping_status":"closed","template":"","meta":{"_acf_changed":false},"product_brand":[],"product_cat":[122],"product_tag":[],"class_list":{"0":"post-118246","1":"product","2":"type-product","3":"status-publish","4":"has-post-thumbnail","6":"product_cat-loisirs-creatifs","7":"pa_leeftijd-filter-3-4-ans","8":"pa_meest-populair-bij-garcons-filles","10":"first","11":"instock","12":"shipping-taxable","13":"product-type-simple"},"acf":[],"yoast_head":"<!-- This site is optimized with the Yoast SEO plugin v27.4 - https:\/\/yoast.com\/product\/yoast-seo-wordpress\/ -->\n<title>Animaux en origami zigzag - SES Creative<\/title>\n<meta name=\"robots\" content=\"index, follow, max-snippet:-1, max-image-preview:large, max-video-preview:-1\" \/>\n<link rel=\"canonical\" href=\"https:\/\/ses-creative.com\/fr\/produit\/animaux-en-origami-zigzag\/\" \/>\n<meta property=\"og:locale\" content=\"fr_FR\" \/>\n<meta property=\"og:type\" content=\"article\" \/>\n<meta property=\"og:title\" content=\"Animaux en origami zigzag - SES Creative\" \/>\n<meta property=\"og:description\" content=\"Pliez, collez et cr\u00e9ez votre propre zoo ! Avec le kit Zig Zag Origami Animaux de SES Creative, les enfants apprennent les bases de l&rsquo;origami de mani\u00e8re ludique. Gr\u00e2ce au papier \u00e0 plier pr\u00e9imprim\u00e9 et aux ciseaux adapt\u00e9s aux enfants, ils peuvent cr\u00e9er \u00e9tape par \u00e9tape des animaux joyeux tels qu&rsquo;un renard, un \u00e9l\u00e9phant et [&hellip;]\" \/>\n<meta property=\"og:url\" content=\"https:\/\/ses-creative.com\/fr\/produit\/animaux-en-origami-zigzag\/\" \/>\n<meta property=\"og:site_name\" content=\"SES Creative\" \/>\n<meta property=\"article:modified_time\" content=\"2026-02-12T10:22:47+00:00\" \/>\n<meta name=\"twitter:card\" content=\"summary_large_image\" \/>\n<meta name=\"twitter:label1\" content=\"Dur\u00e9e de lecture estim\u00e9e\" \/>\n\t<meta name=\"twitter:data1\" content=\"2 minutes\" \/>\n<script type=\"application\/ld+json\" class=\"yoast-schema-graph\">{\"@context\":\"https:\\\/\\\/schema.org\",\"@graph\":[{\"@type\":\"WebPage\",\"@id\":\"https:\\\/\\\/ses-creative.com\\\/fr\\\/produit\\\/animaux-en-origami-zigzag\\\/\",\"url\":\"https:\\\/\\\/ses-creative.com\\\/fr\\\/produit\\\/animaux-en-origami-zigzag\\\/\",\"name\":\"Animaux en origami zigzag - SES Creative\",\"isPartOf\":{\"@id\":\"https:\\\/\\\/ses-creative.com\\\/#website\"},\"primaryImageOfPage\":{\"@id\":\"https:\\\/\\\/ses-creative.com\\\/fr\\\/produit\\\/animaux-en-origami-zigzag\\\/#primaryimage\"},\"image\":{\"@id\":\"https:\\\/\\\/ses-creative.com\\\/fr\\\/produit\\\/animaux-en-origami-zigzag\\\/#primaryimage\"},\"thumbnailUrl\":\"https:\\\/\\\/ses-creative.com\\\/wp-content\\\/uploads\\\/2026\\\/01\\\/140261.jpg\",\"datePublished\":\"2026-02-12T10:09:08+00:00\",\"dateModified\":\"2026-02-12T10:22:47+00:00\",\"breadcrumb\":{\"@id\":\"https:\\\/\\\/ses-creative.com\\\/fr\\\/produit\\\/animaux-en-origami-zigzag\\\/#breadcrumb\"},\"inLanguage\":\"fr-FR\",\"potentialAction\":[{\"@type\":\"ReadAction\",\"target\":[\"https:\\\/\\\/ses-creative.com\\\/fr\\\/produit\\\/animaux-en-origami-zigzag\\\/\"]}]},{\"@type\":\"ImageObject\",\"inLanguage\":\"fr-FR\",\"@id\":\"https:\\\/\\\/ses-creative.com\\\/fr\\\/produit\\\/animaux-en-origami-zigzag\\\/#primaryimage\",\"url\":\"https:\\\/\\\/ses-creative.com\\\/wp-content\\\/uploads\\\/2026\\\/01\\\/140261.jpg\",\"contentUrl\":\"https:\\\/\\\/ses-creative.com\\\/wp-content\\\/uploads\\\/2026\\\/01\\\/140261.jpg\",\"width\":1000,\"height\":1000},{\"@type\":\"BreadcrumbList\",\"@id\":\"https:\\\/\\\/ses-creative.com\\\/fr\\\/produit\\\/animaux-en-origami-zigzag\\\/#breadcrumb\",\"itemListElement\":[{\"@type\":\"ListItem\",\"position\":1,\"name\":\"Boutique\",\"item\":\"https:\\\/\\\/ses-creative.com\\\/fr\\\/boutique\\\/\"},{\"@type\":\"ListItem\",\"position\":2,\"name\":\"Loisirs cr\u00e9atifs\",\"item\":\"https:\\\/\\\/ses-creative.com\\\/fr\\\/product-categorie\\\/loisirs-creatifs\\\/\"},{\"@type\":\"ListItem\",\"position\":3,\"name\":\"Animaux en origami zigzag\"}]},{\"@type\":\"WebSite\",\"@id\":\"https:\\\/\\\/ses-creative.com\\\/#website\",\"url\":\"https:\\\/\\\/ses-creative.com\\\/\",\"name\":\"SES Creative\",\"description\":\"\",\"publisher\":{\"@id\":\"https:\\\/\\\/ses-creative.com\\\/#organization\"},\"potentialAction\":[{\"@type\":\"SearchAction\",\"target\":{\"@type\":\"EntryPoint\",\"urlTemplate\":\"https:\\\/\\\/ses-creative.com\\\/?s={search_term_string}\"},\"query-input\":{\"@type\":\"PropertyValueSpecification\",\"valueRequired\":true,\"valueName\":\"search_term_string\"}}],\"inLanguage\":\"fr-FR\"},{\"@type\":\"Organization\",\"@id\":\"https:\\\/\\\/ses-creative.com\\\/#organization\",\"name\":\"SES Creative\",\"url\":\"https:\\\/\\\/ses-creative.com\\\/\",\"logo\":{\"@type\":\"ImageObject\",\"inLanguage\":\"fr-FR\",\"@id\":\"https:\\\/\\\/ses-creative.com\\\/#\\\/schema\\\/logo\\\/image\\\/\",\"url\":\"https:\\\/\\\/ses-creative.com\\\/wp-content\\\/uploads\\\/2025\\\/10\\\/ses-creative-logo.jpg\",\"contentUrl\":\"https:\\\/\\\/ses-creative.com\\\/wp-content\\\/uploads\\\/2025\\\/10\\\/ses-creative-logo.jpg\",\"width\":2037,\"height\":2037,\"caption\":\"SES Creative\"},\"image\":{\"@id\":\"https:\\\/\\\/ses-creative.com\\\/#\\\/schema\\\/logo\\\/image\\\/\"}}]}<\/script>\n<!-- \/ Yoast SEO plugin. -->","yoast_head_json":{"title":"Animaux en origami zigzag - SES Creative","robots":{"index":"index","follow":"follow","max-snippet":"max-snippet:-1","max-image-preview":"max-image-preview:large","max-video-preview":"max-video-preview:-1"},"canonical":"https:\/\/ses-creative.com\/fr\/produit\/animaux-en-origami-zigzag\/","og_locale":"fr_FR","og_type":"article","og_title":"Animaux en origami zigzag - SES Creative","og_description":"Pliez, collez et cr\u00e9ez votre propre zoo ! Avec le kit Zig Zag Origami Animaux de SES Creative, les enfants apprennent les bases de l&rsquo;origami de mani\u00e8re ludique. Gr\u00e2ce au papier \u00e0 plier pr\u00e9imprim\u00e9 et aux ciseaux adapt\u00e9s aux enfants, ils peuvent cr\u00e9er \u00e9tape par \u00e9tape des animaux joyeux tels qu&rsquo;un renard, un \u00e9l\u00e9phant et [&hellip;]","og_url":"https:\/\/ses-creative.com\/fr\/produit\/animaux-en-origami-zigzag\/","og_site_name":"SES Creative","article_modified_time":"2026-02-12T10:22:47+00:00","twitter_card":"summary_large_image","twitter_misc":{"Dur\u00e9e de lecture estim\u00e9e":"2 minutes"},"schema":{"@context":"https:\/\/schema.org","@graph":[{"@type":"WebPage","@id":"https:\/\/ses-creative.com\/fr\/produit\/animaux-en-origami-zigzag\/","url":"https:\/\/ses-creative.com\/fr\/produit\/animaux-en-origami-zigzag\/","name":"Animaux en origami zigzag - SES Creative","isPartOf":{"@id":"https:\/\/ses-creative.com\/#website"},"primaryImageOfPage":{"@id":"https:\/\/ses-creative.com\/fr\/produit\/animaux-en-origami-zigzag\/#primaryimage"},"image":{"@id":"https:\/\/ses-creative.com\/fr\/produit\/animaux-en-origami-zigzag\/#primaryimage"},"thumbnailUrl":"https:\/\/ses-creative.com\/wp-content\/uploads\/2026\/01\/140261.jpg","datePublished":"2026-02-12T10:09:08+00:00","dateModified":"2026-02-12T10:22:47+00:00","breadcrumb":{"@id":"https:\/\/ses-creative.com\/fr\/produit\/animaux-en-origami-zigzag\/#breadcrumb"},"inLanguage":"fr-FR","potentialAction":[{"@type":"ReadAction","target":["https:\/\/ses-creative.com\/fr\/produit\/animaux-en-origami-zigzag\/"]}]},{"@type":"ImageObject","inLanguage":"fr-FR","@id":"https:\/\/ses-creative.com\/fr\/produit\/animaux-en-origami-zigzag\/#primaryimage","url":"https:\/\/ses-creative.com\/wp-content\/uploads\/2026\/01\/140261.jpg","contentUrl":"https:\/\/ses-creative.com\/wp-content\/uploads\/2026\/01\/140261.jpg","width":1000,"height":1000},{"@type":"BreadcrumbList","@id":"https:\/\/ses-creative.com\/fr\/produit\/animaux-en-origami-zigzag\/#breadcrumb","itemListElement":[{"@type":"ListItem","position":1,"name":"Boutique","item":"https:\/\/ses-creative.com\/fr\/boutique\/"},{"@type":"ListItem","position":2,"name":"Loisirs cr\u00e9atifs","item":"https:\/\/ses-creative.com\/fr\/product-categorie\/loisirs-creatifs\/"},{"@type":"ListItem","position":3,"name":"Animaux en origami zigzag"}]},{"@type":"WebSite","@id":"https:\/\/ses-creative.com\/#website","url":"https:\/\/ses-creative.com\/","name":"SES Creative","description":"","publisher":{"@id":"https:\/\/ses-creative.com\/#organization"},"potentialAction":[{"@type":"SearchAction","target":{"@type":"EntryPoint","urlTemplate":"https:\/\/ses-creative.com\/?s={search_term_string}"},"query-input":{"@type":"PropertyValueSpecification","valueRequired":true,"valueName":"search_term_string"}}],"inLanguage":"fr-FR"},{"@type":"Organization","@id":"https:\/\/ses-creative.com\/#organization","name":"SES Creative","url":"https:\/\/ses-creative.com\/","logo":{"@type":"ImageObject","inLanguage":"fr-FR","@id":"https:\/\/ses-creative.com\/#\/schema\/logo\/image\/","url":"https:\/\/ses-creative.com\/wp-content\/uploads\/2025\/10\/ses-creative-logo.jpg","contentUrl":"https:\/\/ses-creative.com\/wp-content\/uploads\/2025\/10\/ses-creative-logo.jpg","width":2037,"height":2037,"caption":"SES Creative"},"image":{"@id":"https:\/\/ses-creative.com\/#\/schema\/logo\/image\/"}}]}},"_links":{"self":[{"href":"https:\/\/ses-creative.com\/fr\/wp-json\/wp\/v2\/product\/118246","targetHints":{"allow":["GET"]}}],"collection":[{"href":"https:\/\/ses-creative.com\/fr\/wp-json\/wp\/v2\/product"}],"about":[{"href":"https:\/\/ses-creative.com\/fr\/wp-json\/wp\/v2\/types\/product"}],"replies":[{"embeddable":true,"href":"https:\/\/ses-creative.com\/fr\/wp-json\/wp\/v2\/comments?post=118246"}],"wp:featuredmedia":[{"embeddable":true,"href":"https:\/\/ses-creative.com\/fr\/wp-json\/wp\/v2\/media\/101308"}],"wp:attachment":[{"href":"https:\/\/ses-creative.com\/fr\/wp-json\/wp\/v2\/media?parent=118246"}],"wp:term":[{"taxonomy":"product_brand","embeddable":true,"href":"https:\/\/ses-creative.com\/fr\/wp-json\/wp\/v2\/product_brand?post=118246"},{"taxonomy":"product_cat","embeddable":true,"href":"https:\/\/ses-creative.com\/fr\/wp-json\/wp\/v2\/product_cat?post=118246"},{"taxonomy":"product_tag","embeddable":true,"href":"https:\/\/ses-creative.com\/fr\/wp-json\/wp\/v2\/product_tag?post=118246"}],"curies":[{"name":"wp","href":"https:\/\/api.w.org\/{rel}","templated":true}]}}