











{"id":118245,"date":"2026-02-12T10:09:08","date_gmt":"2026-02-12T10:09:08","guid":{"rendered":"https:\/\/ses-creative.com\/?post_type=product&#038;p=118245"},"modified":"2026-02-12T10:22:47","modified_gmt":"2026-02-12T10:22:47","slug":"animaux-enroules-dans-du-fil","status":"publish","type":"product","link":"https:\/\/ses-creative.com\/fr\/produit\/animaux-enroules-dans-du-fil\/","title":{"rendered":"Animaux enroul\u00e9s dans du fil"},"content":{"rendered":"<p>Donnez du peps aux animaux avec une tenue color\u00e9e ! Avec le kit Animaux \u00e0 enrouler de SES Creative, les enfants enroulent des fils color\u00e9s autour de six formes d&rsquo;animaux. Ajoutez des autocollants paillet\u00e9s pour une touche festive et faites briller chaque animal. Cr\u00e9atif, simple et parfait pour les petites mains \u00e0 partir de 3 ans !<\/p>\n<p>Ce qui rend ce kit g\u00e9nial :<br \/>\n 5 couleurs vives de fil \u2013 id\u00e9al pour m\u00e9langer et assortir<\/p>\n<p> 6 adorables figurines d&rsquo;animaux \u00e0 d\u00e9corer soi-m\u00eame<\/p>\n<p>Comprend des autocollants paillet\u00e9s pour un r\u00e9sultat final \u00e9tincelant<\/p>\n<p> Facile \u00e0 enrouler sans n\u0153uds \u2013 pas de tracas, mais un r\u00e9sultat garanti<br \/>\nStimule la motricit\u00e9 fine et l&rsquo;imagination de mani\u00e8re accessible<\/p>\n<p>Animaux dans la laine<br \/>\nCes joyeux animaux ont froid et ont besoin de votre aide ! En enroulant le fil color\u00e9 autour des figurines en carton, vous leur offrez un \u00ab manteau \u00bb chaud. Que vous travailliez avec soin ou de mani\u00e8re sauvage et ludique, chaque cr\u00e9ation est unique et vous appartient enti\u00e8rement. Ajoutez des autocollants paillet\u00e9s pour une touche festive et voyez vos animaux prendre vie !<\/p>\n<p>Contenu du kit :<br \/>\n6 animaux \u00e0 enrouler<\/p>\n<p>5 couleurs de fil<\/p>\n<p>Autocollants paillet\u00e9s pour la d\u00e9coration<\/p>\n<p>Pourquoi choisir SES Creative ?<br \/>\nChez SES Creative, nous d\u00e9veloppons des jouets qui aident les enfants \u00e0 grandir. Nos produits stimulent la cr\u00e9ativit\u00e9, la confiance en soi et le d\u00e9veloppement, tout en \u00e9tant toujours s\u00fbrs, responsables et amusants. Depuis plus de 50 ans, nous fabriquons des jouets durables, con\u00e7us et produits avec fiert\u00e9 aux Pays-Bas.<\/p>\n<p>Il est temps d&rsquo;enrouler, de coller et de briller !<br \/>\nLaissez libre cours \u00e0 votre imagination et offrez aux animaux un manteau chaud et color\u00e9. Commandez d\u00e8s maintenant le kit Animaux \u00e0 enrouler et d\u00e9couvrez \u00e0 quel point enrouler peut \u00eatre amusant et instructif !<\/p>\n","protected":false},"excerpt":{"rendered":"<p>Donnez du peps aux animaux avec une tenue color\u00e9e ! Avec le kit Animaux \u00e0 enrouler de SES Creative, les enfants enroulent des fils color\u00e9s autour de six formes d&rsquo;animaux. Ajoutez des autocollants paillet\u00e9s pour une touche festive et faites briller chaque animal. Cr\u00e9atif, simple et parfait pour les petites mains \u00e0 partir de 3 [&hellip;]<\/p>\n","protected":false},"featured_media":101288,"comment_status":"closed","ping_status":"closed","template":"","meta":{"_acf_changed":false},"product_brand":[],"product_cat":[122],"product_tag":[],"class_list":{"0":"post-118245","1":"product","2":"type-product","3":"status-publish","4":"has-post-thumbnail","6":"product_cat-loisirs-creatifs","7":"pa_leeftijd-filter-3-4-ans","8":"pa_meest-populair-bij-garcons-filles","10":"first","11":"instock","12":"shipping-taxable","13":"product-type-simple"},"acf":[],"yoast_head":"<!-- This site is optimized with the Yoast SEO plugin v27.4 - https:\/\/yoast.com\/product\/yoast-seo-wordpress\/ -->\n<title>Animaux enroul\u00e9s dans du fil - SES Creative<\/title>\n<meta name=\"robots\" content=\"index, follow, max-snippet:-1, max-image-preview:large, max-video-preview:-1\" \/>\n<link rel=\"canonical\" href=\"https:\/\/ses-creative.com\/fr\/produit\/animaux-enroules-dans-du-fil\/\" \/>\n<meta property=\"og:locale\" content=\"fr_FR\" \/>\n<meta property=\"og:type\" content=\"article\" \/>\n<meta property=\"og:title\" content=\"Animaux enroul\u00e9s dans du fil - SES Creative\" \/>\n<meta property=\"og:description\" content=\"Donnez du peps aux animaux avec une tenue color\u00e9e ! Avec le kit Animaux \u00e0 enrouler de SES Creative, les enfants enroulent des fils color\u00e9s autour de six formes d&rsquo;animaux. Ajoutez des autocollants paillet\u00e9s pour une touche festive et faites briller chaque animal. Cr\u00e9atif, simple et parfait pour les petites mains \u00e0 partir de 3 [&hellip;]\" \/>\n<meta property=\"og:url\" content=\"https:\/\/ses-creative.com\/fr\/produit\/animaux-enroules-dans-du-fil\/\" \/>\n<meta property=\"og:site_name\" content=\"SES Creative\" \/>\n<meta property=\"article:modified_time\" content=\"2026-02-12T10:22:47+00:00\" \/>\n<meta name=\"twitter:card\" content=\"summary_large_image\" \/>\n<meta name=\"twitter:label1\" content=\"Dur\u00e9e de lecture estim\u00e9e\" \/>\n\t<meta name=\"twitter:data1\" content=\"1 minute\" \/>\n<script type=\"application\/ld+json\" class=\"yoast-schema-graph\">{\"@context\":\"https:\\\/\\\/schema.org\",\"@graph\":[{\"@type\":\"WebPage\",\"@id\":\"https:\\\/\\\/ses-creative.com\\\/fr\\\/produit\\\/animaux-enroules-dans-du-fil\\\/\",\"url\":\"https:\\\/\\\/ses-creative.com\\\/fr\\\/produit\\\/animaux-enroules-dans-du-fil\\\/\",\"name\":\"Animaux enroul\u00e9s dans du fil - SES Creative\",\"isPartOf\":{\"@id\":\"https:\\\/\\\/ses-creative.com\\\/#website\"},\"primaryImageOfPage\":{\"@id\":\"https:\\\/\\\/ses-creative.com\\\/fr\\\/produit\\\/animaux-enroules-dans-du-fil\\\/#primaryimage\"},\"image\":{\"@id\":\"https:\\\/\\\/ses-creative.com\\\/fr\\\/produit\\\/animaux-enroules-dans-du-fil\\\/#primaryimage\"},\"thumbnailUrl\":\"https:\\\/\\\/ses-creative.com\\\/wp-content\\\/uploads\\\/2026\\\/01\\\/140241.jpg\",\"datePublished\":\"2026-02-12T10:09:08+00:00\",\"dateModified\":\"2026-02-12T10:22:47+00:00\",\"breadcrumb\":{\"@id\":\"https:\\\/\\\/ses-creative.com\\\/fr\\\/produit\\\/animaux-enroules-dans-du-fil\\\/#breadcrumb\"},\"inLanguage\":\"fr-FR\",\"potentialAction\":[{\"@type\":\"ReadAction\",\"target\":[\"https:\\\/\\\/ses-creative.com\\\/fr\\\/produit\\\/animaux-enroules-dans-du-fil\\\/\"]}]},{\"@type\":\"ImageObject\",\"inLanguage\":\"fr-FR\",\"@id\":\"https:\\\/\\\/ses-creative.com\\\/fr\\\/produit\\\/animaux-enroules-dans-du-fil\\\/#primaryimage\",\"url\":\"https:\\\/\\\/ses-creative.com\\\/wp-content\\\/uploads\\\/2026\\\/01\\\/140241.jpg\",\"contentUrl\":\"https:\\\/\\\/ses-creative.com\\\/wp-content\\\/uploads\\\/2026\\\/01\\\/140241.jpg\",\"width\":1000,\"height\":1000},{\"@type\":\"BreadcrumbList\",\"@id\":\"https:\\\/\\\/ses-creative.com\\\/fr\\\/produit\\\/animaux-enroules-dans-du-fil\\\/#breadcrumb\",\"itemListElement\":[{\"@type\":\"ListItem\",\"position\":1,\"name\":\"Boutique\",\"item\":\"https:\\\/\\\/ses-creative.com\\\/fr\\\/boutique\\\/\"},{\"@type\":\"ListItem\",\"position\":2,\"name\":\"Loisirs cr\u00e9atifs\",\"item\":\"https:\\\/\\\/ses-creative.com\\\/fr\\\/product-categorie\\\/loisirs-creatifs\\\/\"},{\"@type\":\"ListItem\",\"position\":3,\"name\":\"Animaux enroul\u00e9s dans du fil\"}]},{\"@type\":\"WebSite\",\"@id\":\"https:\\\/\\\/ses-creative.com\\\/#website\",\"url\":\"https:\\\/\\\/ses-creative.com\\\/\",\"name\":\"SES Creative\",\"description\":\"\",\"publisher\":{\"@id\":\"https:\\\/\\\/ses-creative.com\\\/#organization\"},\"potentialAction\":[{\"@type\":\"SearchAction\",\"target\":{\"@type\":\"EntryPoint\",\"urlTemplate\":\"https:\\\/\\\/ses-creative.com\\\/?s={search_term_string}\"},\"query-input\":{\"@type\":\"PropertyValueSpecification\",\"valueRequired\":true,\"valueName\":\"search_term_string\"}}],\"inLanguage\":\"fr-FR\"},{\"@type\":\"Organization\",\"@id\":\"https:\\\/\\\/ses-creative.com\\\/#organization\",\"name\":\"SES Creative\",\"url\":\"https:\\\/\\\/ses-creative.com\\\/\",\"logo\":{\"@type\":\"ImageObject\",\"inLanguage\":\"fr-FR\",\"@id\":\"https:\\\/\\\/ses-creative.com\\\/#\\\/schema\\\/logo\\\/image\\\/\",\"url\":\"https:\\\/\\\/ses-creative.com\\\/wp-content\\\/uploads\\\/2025\\\/10\\\/ses-creative-logo.jpg\",\"contentUrl\":\"https:\\\/\\\/ses-creative.com\\\/wp-content\\\/uploads\\\/2025\\\/10\\\/ses-creative-logo.jpg\",\"width\":2037,\"height\":2037,\"caption\":\"SES Creative\"},\"image\":{\"@id\":\"https:\\\/\\\/ses-creative.com\\\/#\\\/schema\\\/logo\\\/image\\\/\"}}]}<\/script>\n<!-- \/ Yoast SEO plugin. -->","yoast_head_json":{"title":"Animaux enroul\u00e9s dans du fil - SES Creative","robots":{"index":"index","follow":"follow","max-snippet":"max-snippet:-1","max-image-preview":"max-image-preview:large","max-video-preview":"max-video-preview:-1"},"canonical":"https:\/\/ses-creative.com\/fr\/produit\/animaux-enroules-dans-du-fil\/","og_locale":"fr_FR","og_type":"article","og_title":"Animaux enroul\u00e9s dans du fil - SES Creative","og_description":"Donnez du peps aux animaux avec une tenue color\u00e9e ! Avec le kit Animaux \u00e0 enrouler de SES Creative, les enfants enroulent des fils color\u00e9s autour de six formes d&rsquo;animaux. Ajoutez des autocollants paillet\u00e9s pour une touche festive et faites briller chaque animal. Cr\u00e9atif, simple et parfait pour les petites mains \u00e0 partir de 3 [&hellip;]","og_url":"https:\/\/ses-creative.com\/fr\/produit\/animaux-enroules-dans-du-fil\/","og_site_name":"SES Creative","article_modified_time":"2026-02-12T10:22:47+00:00","twitter_card":"summary_large_image","twitter_misc":{"Dur\u00e9e de lecture estim\u00e9e":"1 minute"},"schema":{"@context":"https:\/\/schema.org","@graph":[{"@type":"WebPage","@id":"https:\/\/ses-creative.com\/fr\/produit\/animaux-enroules-dans-du-fil\/","url":"https:\/\/ses-creative.com\/fr\/produit\/animaux-enroules-dans-du-fil\/","name":"Animaux enroul\u00e9s dans du fil - SES Creative","isPartOf":{"@id":"https:\/\/ses-creative.com\/#website"},"primaryImageOfPage":{"@id":"https:\/\/ses-creative.com\/fr\/produit\/animaux-enroules-dans-du-fil\/#primaryimage"},"image":{"@id":"https:\/\/ses-creative.com\/fr\/produit\/animaux-enroules-dans-du-fil\/#primaryimage"},"thumbnailUrl":"https:\/\/ses-creative.com\/wp-content\/uploads\/2026\/01\/140241.jpg","datePublished":"2026-02-12T10:09:08+00:00","dateModified":"2026-02-12T10:22:47+00:00","breadcrumb":{"@id":"https:\/\/ses-creative.com\/fr\/produit\/animaux-enroules-dans-du-fil\/#breadcrumb"},"inLanguage":"fr-FR","potentialAction":[{"@type":"ReadAction","target":["https:\/\/ses-creative.com\/fr\/produit\/animaux-enroules-dans-du-fil\/"]}]},{"@type":"ImageObject","inLanguage":"fr-FR","@id":"https:\/\/ses-creative.com\/fr\/produit\/animaux-enroules-dans-du-fil\/#primaryimage","url":"https:\/\/ses-creative.com\/wp-content\/uploads\/2026\/01\/140241.jpg","contentUrl":"https:\/\/ses-creative.com\/wp-content\/uploads\/2026\/01\/140241.jpg","width":1000,"height":1000},{"@type":"BreadcrumbList","@id":"https:\/\/ses-creative.com\/fr\/produit\/animaux-enroules-dans-du-fil\/#breadcrumb","itemListElement":[{"@type":"ListItem","position":1,"name":"Boutique","item":"https:\/\/ses-creative.com\/fr\/boutique\/"},{"@type":"ListItem","position":2,"name":"Loisirs cr\u00e9atifs","item":"https:\/\/ses-creative.com\/fr\/product-categorie\/loisirs-creatifs\/"},{"@type":"ListItem","position":3,"name":"Animaux enroul\u00e9s dans du fil"}]},{"@type":"WebSite","@id":"https:\/\/ses-creative.com\/#website","url":"https:\/\/ses-creative.com\/","name":"SES Creative","description":"","publisher":{"@id":"https:\/\/ses-creative.com\/#organization"},"potentialAction":[{"@type":"SearchAction","target":{"@type":"EntryPoint","urlTemplate":"https:\/\/ses-creative.com\/?s={search_term_string}"},"query-input":{"@type":"PropertyValueSpecification","valueRequired":true,"valueName":"search_term_string"}}],"inLanguage":"fr-FR"},{"@type":"Organization","@id":"https:\/\/ses-creative.com\/#organization","name":"SES Creative","url":"https:\/\/ses-creative.com\/","logo":{"@type":"ImageObject","inLanguage":"fr-FR","@id":"https:\/\/ses-creative.com\/#\/schema\/logo\/image\/","url":"https:\/\/ses-creative.com\/wp-content\/uploads\/2025\/10\/ses-creative-logo.jpg","contentUrl":"https:\/\/ses-creative.com\/wp-content\/uploads\/2025\/10\/ses-creative-logo.jpg","width":2037,"height":2037,"caption":"SES Creative"},"image":{"@id":"https:\/\/ses-creative.com\/#\/schema\/logo\/image\/"}}]}},"_links":{"self":[{"href":"https:\/\/ses-creative.com\/fr\/wp-json\/wp\/v2\/product\/118245","targetHints":{"allow":["GET"]}}],"collection":[{"href":"https:\/\/ses-creative.com\/fr\/wp-json\/wp\/v2\/product"}],"about":[{"href":"https:\/\/ses-creative.com\/fr\/wp-json\/wp\/v2\/types\/product"}],"replies":[{"embeddable":true,"href":"https:\/\/ses-creative.com\/fr\/wp-json\/wp\/v2\/comments?post=118245"}],"wp:featuredmedia":[{"embeddable":true,"href":"https:\/\/ses-creative.com\/fr\/wp-json\/wp\/v2\/media\/101288"}],"wp:attachment":[{"href":"https:\/\/ses-creative.com\/fr\/wp-json\/wp\/v2\/media?parent=118245"}],"wp:term":[{"taxonomy":"product_brand","embeddable":true,"href":"https:\/\/ses-creative.com\/fr\/wp-json\/wp\/v2\/product_brand?post=118245"},{"taxonomy":"product_cat","embeddable":true,"href":"https:\/\/ses-creative.com\/fr\/wp-json\/wp\/v2\/product_cat?post=118245"},{"taxonomy":"product_tag","embeddable":true,"href":"https:\/\/ses-creative.com\/fr\/wp-json\/wp\/v2\/product_tag?post=118245"}],"curies":[{"name":"wp","href":"https:\/\/api.w.org\/{rel}","templated":true}]}}