











{"id":118244,"date":"2026-02-12T10:09:07","date_gmt":"2026-02-12T10:09:07","guid":{"rendered":"https:\/\/ses-creative.com\/?post_type=product&#038;p=118244"},"modified":"2026-02-12T10:22:46","modified_gmt":"2026-02-12T10:22:46","slug":"film-retractable-porte-cles","status":"publish","type":"product","link":"https:\/\/ses-creative.com\/fr\/produit\/film-retractable-porte-cles\/","title":{"rendered":"Film r\u00e9tractable &#8211; Porte-cl\u00e9s"},"content":{"rendered":"<p>Film thermor\u00e9tractable &#8211; Porte-cl\u00e9s : cr\u00e9ez des porte-cl\u00e9s uniques !<\/p>\n<p>D\u00e9couvrez la magie du film r\u00e9tractable ! Ce kit contient tout ce dont vous avez besoin pour cr\u00e9er vos propres porte-cl\u00e9s. Reproduisez les mod\u00e8les, coloriez-les, puis placez-les dans un four chaud. Waouh ! Regardez comme ils r\u00e9tr\u00e9cissent rapidement. Ils peuvent r\u00e9duire jusqu&rsquo;\u00e0 sept fois leur taille. Personne n&rsquo;aura de porte-cl\u00e9s aussi uniques que les v\u00f4tres !<\/p>\n<p>Contenu de l&#8217;emballage :<\/p>\n<p>3 feuilles de film r\u00e9tractable<br \/>\n8 crayons de couleur<br \/>\n6 porte-cl\u00e9s en plastique<br \/>\nRuban<br \/>\nInstructions<\/p>\n<p>Caract\u00e9ristiques uniques :<\/p>\n<p>Film r\u00e9tractable magique<br \/>\nCr\u00e9ez plusieurs jolis porte-cl\u00e9s avec du film r\u00e9tractable<br \/>\nExemples \u00e0 reproduire inclus<br \/>\nHuit crayons de couleurs vives<br \/>\nLe film r\u00e9tractable devient 7 fois plus petit et 7 fois plus \u00e9pais dans le four<br \/>\nCr\u00e9atif et magique<\/p>\n<p>Avec ce kit, vous pouvez facilement cr\u00e9er des porte-cl\u00e9s uniques. Reproduisez les mod\u00e8les sur le film r\u00e9tractable, coloriez-les avec les crayons fournis et placez-les dans le four. Regardez le film r\u00e9tr\u00e9cir comme par magie jusqu&rsquo;\u00e0 devenir sept fois plus petit et plus \u00e9pais, pour obtenir de magnifiques porte-cl\u00e9s solides.<\/p>\n<p>Pourquoi ce produit est-il parfait pour vous ?<\/p>\n<p>C&rsquo;est le kit id\u00e9al pour les enfants qui aiment \u00eatre cr\u00e9atifs et veulent cr\u00e9er quelque chose d&rsquo;unique. Le processus de coloriage et de r\u00e9tr\u00e9cissement est simple et s\u00fbr, et le r\u00e9sultat final est toujours surprenant et magnifique. Il stimule la cr\u00e9ativit\u00e9 et la motricit\u00e9 fine, et garantit des heures de plaisir cr\u00e9atif.<\/p>\n<p>Commencez d\u00e8s aujourd&rsquo;hui \u00e0 cr\u00e9er des porte-cl\u00e9s<\/p>\n<p>Laissez libre cours \u00e0 votre cr\u00e9ativit\u00e9 et fabriquez les plus beaux porte-cl\u00e9s avec le kit de film thermor\u00e9tractable de SES Creative. Parfait pour un apr\u00e8s-midi pluvieux ou une activit\u00e9 amusante entre amis !<\/p>\n","protected":false},"excerpt":{"rendered":"<p>Film thermor\u00e9tractable &#8211; Porte-cl\u00e9s : cr\u00e9ez des porte-cl\u00e9s uniques ! D\u00e9couvrez la magie du film r\u00e9tractable ! Ce kit contient tout ce dont vous avez besoin pour cr\u00e9er vos propres porte-cl\u00e9s. Reproduisez les mod\u00e8les, coloriez-les, puis placez-les dans un four chaud. Waouh ! Regardez comme ils r\u00e9tr\u00e9cissent rapidement. Ils peuvent r\u00e9duire jusqu&rsquo;\u00e0 sept fois leur [&hellip;]<\/p>\n","protected":false},"featured_media":101268,"comment_status":"closed","ping_status":"closed","template":"","meta":{"_acf_changed":false},"product_brand":[],"product_cat":[122],"product_tag":[],"class_list":{"0":"post-118244","1":"product","2":"type-product","3":"status-publish","4":"has-post-thumbnail","6":"product_cat-loisirs-creatifs","7":"pa_leeftijd-filter-4-6-ans","8":"pa_meest-populair-bij-garcons-filles","10":"first","11":"instock","12":"shipping-taxable","13":"product-type-simple"},"acf":[],"yoast_head":"<!-- This site is optimized with the Yoast SEO plugin v27.2 - https:\/\/yoast.com\/product\/yoast-seo-wordpress\/ -->\n<title>Film r\u00e9tractable - Porte-cl\u00e9s - SES Creative<\/title>\n<meta name=\"robots\" content=\"index, follow, max-snippet:-1, max-image-preview:large, max-video-preview:-1\" \/>\n<link rel=\"canonical\" href=\"https:\/\/ses-creative.com\/fr\/produit\/film-retractable-porte-cles\/\" \/>\n<meta property=\"og:locale\" content=\"fr_FR\" \/>\n<meta property=\"og:type\" content=\"article\" \/>\n<meta property=\"og:title\" content=\"Film r\u00e9tractable - Porte-cl\u00e9s - SES Creative\" \/>\n<meta property=\"og:description\" content=\"Film thermor\u00e9tractable &#8211; Porte-cl\u00e9s : cr\u00e9ez des porte-cl\u00e9s uniques ! D\u00e9couvrez la magie du film r\u00e9tractable ! Ce kit contient tout ce dont vous avez besoin pour cr\u00e9er vos propres porte-cl\u00e9s. Reproduisez les mod\u00e8les, coloriez-les, puis placez-les dans un four chaud. Waouh ! Regardez comme ils r\u00e9tr\u00e9cissent rapidement. Ils peuvent r\u00e9duire jusqu&rsquo;\u00e0 sept fois leur [&hellip;]\" \/>\n<meta property=\"og:url\" content=\"https:\/\/ses-creative.com\/fr\/produit\/film-retractable-porte-cles\/\" \/>\n<meta property=\"og:site_name\" content=\"SES Creative\" \/>\n<meta property=\"article:modified_time\" content=\"2026-02-12T10:22:46+00:00\" \/>\n<meta name=\"twitter:card\" content=\"summary_large_image\" \/>\n<meta name=\"twitter:label1\" content=\"Dur\u00e9e de lecture estim\u00e9e\" \/>\n\t<meta name=\"twitter:data1\" content=\"2 minutes\" \/>\n<script type=\"application\/ld+json\" class=\"yoast-schema-graph\">{\"@context\":\"https:\/\/schema.org\",\"@graph\":[{\"@type\":\"WebPage\",\"@id\":\"https:\/\/ses-creative.com\/fr\/produit\/film-retractable-porte-cles\/\",\"url\":\"https:\/\/ses-creative.com\/fr\/produit\/film-retractable-porte-cles\/\",\"name\":\"Film r\u00e9tractable - Porte-cl\u00e9s - SES Creative\",\"isPartOf\":{\"@id\":\"https:\/\/ses-creative.com\/#website\"},\"primaryImageOfPage\":{\"@id\":\"https:\/\/ses-creative.com\/fr\/produit\/film-retractable-porte-cles\/#primaryimage\"},\"image\":{\"@id\":\"https:\/\/ses-creative.com\/fr\/produit\/film-retractable-porte-cles\/#primaryimage\"},\"thumbnailUrl\":\"https:\/\/ses-creative.com\/wp-content\/uploads\/2026\/01\/140221.jpg\",\"datePublished\":\"2026-02-12T10:09:07+00:00\",\"dateModified\":\"2026-02-12T10:22:46+00:00\",\"breadcrumb\":{\"@id\":\"https:\/\/ses-creative.com\/fr\/produit\/film-retractable-porte-cles\/#breadcrumb\"},\"inLanguage\":\"fr-FR\",\"potentialAction\":[{\"@type\":\"ReadAction\",\"target\":[\"https:\/\/ses-creative.com\/fr\/produit\/film-retractable-porte-cles\/\"]}]},{\"@type\":\"ImageObject\",\"inLanguage\":\"fr-FR\",\"@id\":\"https:\/\/ses-creative.com\/fr\/produit\/film-retractable-porte-cles\/#primaryimage\",\"url\":\"https:\/\/ses-creative.com\/wp-content\/uploads\/2026\/01\/140221.jpg\",\"contentUrl\":\"https:\/\/ses-creative.com\/wp-content\/uploads\/2026\/01\/140221.jpg\",\"width\":1000,\"height\":1000},{\"@type\":\"BreadcrumbList\",\"@id\":\"https:\/\/ses-creative.com\/fr\/produit\/film-retractable-porte-cles\/#breadcrumb\",\"itemListElement\":[{\"@type\":\"ListItem\",\"position\":1,\"name\":\"Boutique\",\"item\":\"https:\/\/ses-creative.com\/fr\/boutique\/\"},{\"@type\":\"ListItem\",\"position\":2,\"name\":\"Loisirs cr\u00e9atifs\",\"item\":\"https:\/\/ses-creative.com\/fr\/product-categorie\/loisirs-creatifs\/\"},{\"@type\":\"ListItem\",\"position\":3,\"name\":\"Film r\u00e9tractable &#8211; Porte-cl\u00e9s\"}]},{\"@type\":\"WebSite\",\"@id\":\"https:\/\/ses-creative.com\/#website\",\"url\":\"https:\/\/ses-creative.com\/\",\"name\":\"SES Creative\",\"description\":\"\",\"publisher\":{\"@id\":\"https:\/\/ses-creative.com\/#organization\"},\"potentialAction\":[{\"@type\":\"SearchAction\",\"target\":{\"@type\":\"EntryPoint\",\"urlTemplate\":\"https:\/\/ses-creative.com\/?s={search_term_string}\"},\"query-input\":{\"@type\":\"PropertyValueSpecification\",\"valueRequired\":true,\"valueName\":\"search_term_string\"}}],\"inLanguage\":\"fr-FR\"},{\"@type\":\"Organization\",\"@id\":\"https:\/\/ses-creative.com\/#organization\",\"name\":\"SES Creative\",\"url\":\"https:\/\/ses-creative.com\/\",\"logo\":{\"@type\":\"ImageObject\",\"inLanguage\":\"fr-FR\",\"@id\":\"https:\/\/ses-creative.com\/#\/schema\/logo\/image\/\",\"url\":\"https:\/\/ses-creative.com\/wp-content\/uploads\/2025\/10\/ses-creative-logo.jpg\",\"contentUrl\":\"https:\/\/ses-creative.com\/wp-content\/uploads\/2025\/10\/ses-creative-logo.jpg\",\"width\":2037,\"height\":2037,\"caption\":\"SES Creative\"},\"image\":{\"@id\":\"https:\/\/ses-creative.com\/#\/schema\/logo\/image\/\"}}]}<\/script>\n<!-- \/ Yoast SEO plugin. -->","yoast_head_json":{"title":"Film r\u00e9tractable - Porte-cl\u00e9s - SES Creative","robots":{"index":"index","follow":"follow","max-snippet":"max-snippet:-1","max-image-preview":"max-image-preview:large","max-video-preview":"max-video-preview:-1"},"canonical":"https:\/\/ses-creative.com\/fr\/produit\/film-retractable-porte-cles\/","og_locale":"fr_FR","og_type":"article","og_title":"Film r\u00e9tractable - Porte-cl\u00e9s - SES Creative","og_description":"Film thermor\u00e9tractable &#8211; Porte-cl\u00e9s : cr\u00e9ez des porte-cl\u00e9s uniques ! D\u00e9couvrez la magie du film r\u00e9tractable ! Ce kit contient tout ce dont vous avez besoin pour cr\u00e9er vos propres porte-cl\u00e9s. Reproduisez les mod\u00e8les, coloriez-les, puis placez-les dans un four chaud. Waouh ! Regardez comme ils r\u00e9tr\u00e9cissent rapidement. Ils peuvent r\u00e9duire jusqu&rsquo;\u00e0 sept fois leur [&hellip;]","og_url":"https:\/\/ses-creative.com\/fr\/produit\/film-retractable-porte-cles\/","og_site_name":"SES Creative","article_modified_time":"2026-02-12T10:22:46+00:00","twitter_card":"summary_large_image","twitter_misc":{"Dur\u00e9e de lecture estim\u00e9e":"2 minutes"},"schema":{"@context":"https:\/\/schema.org","@graph":[{"@type":"WebPage","@id":"https:\/\/ses-creative.com\/fr\/produit\/film-retractable-porte-cles\/","url":"https:\/\/ses-creative.com\/fr\/produit\/film-retractable-porte-cles\/","name":"Film r\u00e9tractable - Porte-cl\u00e9s - SES Creative","isPartOf":{"@id":"https:\/\/ses-creative.com\/#website"},"primaryImageOfPage":{"@id":"https:\/\/ses-creative.com\/fr\/produit\/film-retractable-porte-cles\/#primaryimage"},"image":{"@id":"https:\/\/ses-creative.com\/fr\/produit\/film-retractable-porte-cles\/#primaryimage"},"thumbnailUrl":"https:\/\/ses-creative.com\/wp-content\/uploads\/2026\/01\/140221.jpg","datePublished":"2026-02-12T10:09:07+00:00","dateModified":"2026-02-12T10:22:46+00:00","breadcrumb":{"@id":"https:\/\/ses-creative.com\/fr\/produit\/film-retractable-porte-cles\/#breadcrumb"},"inLanguage":"fr-FR","potentialAction":[{"@type":"ReadAction","target":["https:\/\/ses-creative.com\/fr\/produit\/film-retractable-porte-cles\/"]}]},{"@type":"ImageObject","inLanguage":"fr-FR","@id":"https:\/\/ses-creative.com\/fr\/produit\/film-retractable-porte-cles\/#primaryimage","url":"https:\/\/ses-creative.com\/wp-content\/uploads\/2026\/01\/140221.jpg","contentUrl":"https:\/\/ses-creative.com\/wp-content\/uploads\/2026\/01\/140221.jpg","width":1000,"height":1000},{"@type":"BreadcrumbList","@id":"https:\/\/ses-creative.com\/fr\/produit\/film-retractable-porte-cles\/#breadcrumb","itemListElement":[{"@type":"ListItem","position":1,"name":"Boutique","item":"https:\/\/ses-creative.com\/fr\/boutique\/"},{"@type":"ListItem","position":2,"name":"Loisirs cr\u00e9atifs","item":"https:\/\/ses-creative.com\/fr\/product-categorie\/loisirs-creatifs\/"},{"@type":"ListItem","position":3,"name":"Film r\u00e9tractable &#8211; Porte-cl\u00e9s"}]},{"@type":"WebSite","@id":"https:\/\/ses-creative.com\/#website","url":"https:\/\/ses-creative.com\/","name":"SES Creative","description":"","publisher":{"@id":"https:\/\/ses-creative.com\/#organization"},"potentialAction":[{"@type":"SearchAction","target":{"@type":"EntryPoint","urlTemplate":"https:\/\/ses-creative.com\/?s={search_term_string}"},"query-input":{"@type":"PropertyValueSpecification","valueRequired":true,"valueName":"search_term_string"}}],"inLanguage":"fr-FR"},{"@type":"Organization","@id":"https:\/\/ses-creative.com\/#organization","name":"SES Creative","url":"https:\/\/ses-creative.com\/","logo":{"@type":"ImageObject","inLanguage":"fr-FR","@id":"https:\/\/ses-creative.com\/#\/schema\/logo\/image\/","url":"https:\/\/ses-creative.com\/wp-content\/uploads\/2025\/10\/ses-creative-logo.jpg","contentUrl":"https:\/\/ses-creative.com\/wp-content\/uploads\/2025\/10\/ses-creative-logo.jpg","width":2037,"height":2037,"caption":"SES Creative"},"image":{"@id":"https:\/\/ses-creative.com\/#\/schema\/logo\/image\/"}}]}},"_links":{"self":[{"href":"https:\/\/ses-creative.com\/fr\/wp-json\/wp\/v2\/product\/118244","targetHints":{"allow":["GET"]}}],"collection":[{"href":"https:\/\/ses-creative.com\/fr\/wp-json\/wp\/v2\/product"}],"about":[{"href":"https:\/\/ses-creative.com\/fr\/wp-json\/wp\/v2\/types\/product"}],"replies":[{"embeddable":true,"href":"https:\/\/ses-creative.com\/fr\/wp-json\/wp\/v2\/comments?post=118244"}],"wp:featuredmedia":[{"embeddable":true,"href":"https:\/\/ses-creative.com\/fr\/wp-json\/wp\/v2\/media\/101268"}],"wp:attachment":[{"href":"https:\/\/ses-creative.com\/fr\/wp-json\/wp\/v2\/media?parent=118244"}],"wp:term":[{"taxonomy":"product_brand","embeddable":true,"href":"https:\/\/ses-creative.com\/fr\/wp-json\/wp\/v2\/product_brand?post=118244"},{"taxonomy":"product_cat","embeddable":true,"href":"https:\/\/ses-creative.com\/fr\/wp-json\/wp\/v2\/product_cat?post=118244"},{"taxonomy":"product_tag","embeddable":true,"href":"https:\/\/ses-creative.com\/fr\/wp-json\/wp\/v2\/product_tag?post=118244"}],"curies":[{"name":"wp","href":"https:\/\/api.w.org\/{rel}","templated":true}]}}