











{"id":118243,"date":"2026-02-12T10:09:07","date_gmt":"2026-02-12T10:09:07","guid":{"rendered":"https:\/\/ses-creative.com\/?post_type=product&#038;p=118243"},"modified":"2026-02-12T10:22:46","modified_gmt":"2026-02-12T10:22:46","slug":"ballons-de-modelisation","status":"publish","type":"product","link":"https:\/\/ses-creative.com\/fr\/produit\/ballons-de-modelisation\/","title":{"rendered":"Ballons de mod\u00e9lisation"},"content":{"rendered":"<p>Des ballons color\u00e9s pour petits et grands !<\/p>\n<p>Avec le kit de ballons \u00e0 modeler SES Creative, vous apprendrez \u00e9tape par \u00e9tape \u00e0 plier des ballons pour cr\u00e9er les figures les plus amusantes. Des chiens aux fleurs en passant par les \u00e9p\u00e9es et les formes rigolotes, vous transformerez chaque ballon en une cr\u00e9ation joyeuse. Gr\u00e2ce \u00e0 la pompe et aux autocollants fournis, c&rsquo;est facile et encore plus amusant.<\/p>\n<p>Contenu de l&#8217;emballage<\/p>\n<p>10 ballons longs et color\u00e9s<\/p>\n<p>Pompe pratique<\/p>\n<p>Des autocollants pour finaliser vos cr\u00e9ations<\/p>\n<p>Instructions claires<\/p>\n<p>Pourquoi ce kit est g\u00e9nial<\/p>\n<p>Apprenez \u00e0 plier des ballons de mani\u00e8re simple<\/p>\n<p>Stimule la cr\u00e9ativit\u00e9, la concentration et la motricit\u00e9 fine<\/p>\n<p>Parfait pour les f\u00eates, les anniversaires ou simplement \u00e0 la maison<\/p>\n<p>Ballons s\u00fbrs et r\u00e9sistants aux couleurs gaies<\/p>\n<p>Comment \u00e7a marche ?<br \/>\nGonflez un ballon \u00e0 l&rsquo;aide de la pompe et suivez les \u00e9tapes simples indiqu\u00e9es dans le mode d&#8217;emploi. Pliez le ballon pour lui donner une forme et d\u00e9corez-le avec des autocollants pour lui donner un look unique. En un rien de temps, vous aurez entre les mains vos propres cr\u00e9ations color\u00e9es en ballons !<\/p>\n<p>Pr\u00eat \u00e0 commencer ?<br \/>\nProcurez-vous le kit de ballons \u00e0 modeler de SES Creative et d\u00e9couvrez \u00e0 quel point le pliage de ballons peut \u00eatre amusant. Id\u00e9al pour les enfants et les adultes qui aiment s&rsquo;adonner \u00e0 des activit\u00e9s cr\u00e9atives.<\/p>\n","protected":false},"excerpt":{"rendered":"<p>Des ballons color\u00e9s pour petits et grands ! Avec le kit de ballons \u00e0 modeler SES Creative, vous apprendrez \u00e9tape par \u00e9tape \u00e0 plier des ballons pour cr\u00e9er les figures les plus amusantes. Des chiens aux fleurs en passant par les \u00e9p\u00e9es et les formes rigolotes, vous transformerez chaque ballon en une cr\u00e9ation joyeuse. Gr\u00e2ce [&hellip;]<\/p>\n","protected":false},"featured_media":101248,"comment_status":"closed","ping_status":"closed","template":"","meta":{"_acf_changed":false},"product_brand":[],"product_cat":[122],"product_tag":[],"class_list":{"0":"post-118243","1":"product","2":"type-product","3":"status-publish","4":"has-post-thumbnail","6":"product_cat-loisirs-creatifs","7":"pa_leeftijd-filter-4-6-ans","8":"pa_meest-populair-bij-garcons-filles","10":"first","11":"instock","12":"shipping-taxable","13":"product-type-simple"},"acf":[],"yoast_head":"<!-- This site is optimized with the Yoast SEO plugin v27.2 - https:\/\/yoast.com\/product\/yoast-seo-wordpress\/ -->\n<title>Ballons de mod\u00e9lisation - SES Creative<\/title>\n<meta name=\"robots\" content=\"index, follow, max-snippet:-1, max-image-preview:large, max-video-preview:-1\" \/>\n<link rel=\"canonical\" href=\"https:\/\/ses-creative.com\/fr\/produit\/ballons-de-modelisation\/\" \/>\n<meta property=\"og:locale\" content=\"fr_FR\" \/>\n<meta property=\"og:type\" content=\"article\" \/>\n<meta property=\"og:title\" content=\"Ballons de mod\u00e9lisation - SES Creative\" \/>\n<meta property=\"og:description\" content=\"Des ballons color\u00e9s pour petits et grands ! Avec le kit de ballons \u00e0 modeler SES Creative, vous apprendrez \u00e9tape par \u00e9tape \u00e0 plier des ballons pour cr\u00e9er les figures les plus amusantes. Des chiens aux fleurs en passant par les \u00e9p\u00e9es et les formes rigolotes, vous transformerez chaque ballon en une cr\u00e9ation joyeuse. Gr\u00e2ce [&hellip;]\" \/>\n<meta property=\"og:url\" content=\"https:\/\/ses-creative.com\/fr\/produit\/ballons-de-modelisation\/\" \/>\n<meta property=\"og:site_name\" content=\"SES Creative\" \/>\n<meta property=\"article:modified_time\" content=\"2026-02-12T10:22:46+00:00\" \/>\n<meta name=\"twitter:card\" content=\"summary_large_image\" \/>\n<meta name=\"twitter:label1\" content=\"Dur\u00e9e de lecture estim\u00e9e\" \/>\n\t<meta name=\"twitter:data1\" content=\"1 minute\" \/>\n<script type=\"application\/ld+json\" class=\"yoast-schema-graph\">{\"@context\":\"https:\/\/schema.org\",\"@graph\":[{\"@type\":\"WebPage\",\"@id\":\"https:\/\/ses-creative.com\/fr\/produit\/ballons-de-modelisation\/\",\"url\":\"https:\/\/ses-creative.com\/fr\/produit\/ballons-de-modelisation\/\",\"name\":\"Ballons de mod\u00e9lisation - SES Creative\",\"isPartOf\":{\"@id\":\"https:\/\/ses-creative.com\/#website\"},\"primaryImageOfPage\":{\"@id\":\"https:\/\/ses-creative.com\/fr\/produit\/ballons-de-modelisation\/#primaryimage\"},\"image\":{\"@id\":\"https:\/\/ses-creative.com\/fr\/produit\/ballons-de-modelisation\/#primaryimage\"},\"thumbnailUrl\":\"https:\/\/ses-creative.com\/wp-content\/uploads\/2026\/01\/140171.jpg\",\"datePublished\":\"2026-02-12T10:09:07+00:00\",\"dateModified\":\"2026-02-12T10:22:46+00:00\",\"breadcrumb\":{\"@id\":\"https:\/\/ses-creative.com\/fr\/produit\/ballons-de-modelisation\/#breadcrumb\"},\"inLanguage\":\"fr-FR\",\"potentialAction\":[{\"@type\":\"ReadAction\",\"target\":[\"https:\/\/ses-creative.com\/fr\/produit\/ballons-de-modelisation\/\"]}]},{\"@type\":\"ImageObject\",\"inLanguage\":\"fr-FR\",\"@id\":\"https:\/\/ses-creative.com\/fr\/produit\/ballons-de-modelisation\/#primaryimage\",\"url\":\"https:\/\/ses-creative.com\/wp-content\/uploads\/2026\/01\/140171.jpg\",\"contentUrl\":\"https:\/\/ses-creative.com\/wp-content\/uploads\/2026\/01\/140171.jpg\",\"width\":1000,\"height\":1000},{\"@type\":\"BreadcrumbList\",\"@id\":\"https:\/\/ses-creative.com\/fr\/produit\/ballons-de-modelisation\/#breadcrumb\",\"itemListElement\":[{\"@type\":\"ListItem\",\"position\":1,\"name\":\"Boutique\",\"item\":\"https:\/\/ses-creative.com\/fr\/boutique\/\"},{\"@type\":\"ListItem\",\"position\":2,\"name\":\"Loisirs cr\u00e9atifs\",\"item\":\"https:\/\/ses-creative.com\/fr\/product-categorie\/loisirs-creatifs\/\"},{\"@type\":\"ListItem\",\"position\":3,\"name\":\"Ballons de mod\u00e9lisation\"}]},{\"@type\":\"WebSite\",\"@id\":\"https:\/\/ses-creative.com\/#website\",\"url\":\"https:\/\/ses-creative.com\/\",\"name\":\"SES Creative\",\"description\":\"\",\"publisher\":{\"@id\":\"https:\/\/ses-creative.com\/#organization\"},\"potentialAction\":[{\"@type\":\"SearchAction\",\"target\":{\"@type\":\"EntryPoint\",\"urlTemplate\":\"https:\/\/ses-creative.com\/?s={search_term_string}\"},\"query-input\":{\"@type\":\"PropertyValueSpecification\",\"valueRequired\":true,\"valueName\":\"search_term_string\"}}],\"inLanguage\":\"fr-FR\"},{\"@type\":\"Organization\",\"@id\":\"https:\/\/ses-creative.com\/#organization\",\"name\":\"SES Creative\",\"url\":\"https:\/\/ses-creative.com\/\",\"logo\":{\"@type\":\"ImageObject\",\"inLanguage\":\"fr-FR\",\"@id\":\"https:\/\/ses-creative.com\/#\/schema\/logo\/image\/\",\"url\":\"https:\/\/ses-creative.com\/wp-content\/uploads\/2025\/10\/ses-creative-logo.jpg\",\"contentUrl\":\"https:\/\/ses-creative.com\/wp-content\/uploads\/2025\/10\/ses-creative-logo.jpg\",\"width\":2037,\"height\":2037,\"caption\":\"SES Creative\"},\"image\":{\"@id\":\"https:\/\/ses-creative.com\/#\/schema\/logo\/image\/\"}}]}<\/script>\n<!-- \/ Yoast SEO plugin. -->","yoast_head_json":{"title":"Ballons de mod\u00e9lisation - SES Creative","robots":{"index":"index","follow":"follow","max-snippet":"max-snippet:-1","max-image-preview":"max-image-preview:large","max-video-preview":"max-video-preview:-1"},"canonical":"https:\/\/ses-creative.com\/fr\/produit\/ballons-de-modelisation\/","og_locale":"fr_FR","og_type":"article","og_title":"Ballons de mod\u00e9lisation - SES Creative","og_description":"Des ballons color\u00e9s pour petits et grands ! Avec le kit de ballons \u00e0 modeler SES Creative, vous apprendrez \u00e9tape par \u00e9tape \u00e0 plier des ballons pour cr\u00e9er les figures les plus amusantes. Des chiens aux fleurs en passant par les \u00e9p\u00e9es et les formes rigolotes, vous transformerez chaque ballon en une cr\u00e9ation joyeuse. Gr\u00e2ce [&hellip;]","og_url":"https:\/\/ses-creative.com\/fr\/produit\/ballons-de-modelisation\/","og_site_name":"SES Creative","article_modified_time":"2026-02-12T10:22:46+00:00","twitter_card":"summary_large_image","twitter_misc":{"Dur\u00e9e de lecture estim\u00e9e":"1 minute"},"schema":{"@context":"https:\/\/schema.org","@graph":[{"@type":"WebPage","@id":"https:\/\/ses-creative.com\/fr\/produit\/ballons-de-modelisation\/","url":"https:\/\/ses-creative.com\/fr\/produit\/ballons-de-modelisation\/","name":"Ballons de mod\u00e9lisation - SES Creative","isPartOf":{"@id":"https:\/\/ses-creative.com\/#website"},"primaryImageOfPage":{"@id":"https:\/\/ses-creative.com\/fr\/produit\/ballons-de-modelisation\/#primaryimage"},"image":{"@id":"https:\/\/ses-creative.com\/fr\/produit\/ballons-de-modelisation\/#primaryimage"},"thumbnailUrl":"https:\/\/ses-creative.com\/wp-content\/uploads\/2026\/01\/140171.jpg","datePublished":"2026-02-12T10:09:07+00:00","dateModified":"2026-02-12T10:22:46+00:00","breadcrumb":{"@id":"https:\/\/ses-creative.com\/fr\/produit\/ballons-de-modelisation\/#breadcrumb"},"inLanguage":"fr-FR","potentialAction":[{"@type":"ReadAction","target":["https:\/\/ses-creative.com\/fr\/produit\/ballons-de-modelisation\/"]}]},{"@type":"ImageObject","inLanguage":"fr-FR","@id":"https:\/\/ses-creative.com\/fr\/produit\/ballons-de-modelisation\/#primaryimage","url":"https:\/\/ses-creative.com\/wp-content\/uploads\/2026\/01\/140171.jpg","contentUrl":"https:\/\/ses-creative.com\/wp-content\/uploads\/2026\/01\/140171.jpg","width":1000,"height":1000},{"@type":"BreadcrumbList","@id":"https:\/\/ses-creative.com\/fr\/produit\/ballons-de-modelisation\/#breadcrumb","itemListElement":[{"@type":"ListItem","position":1,"name":"Boutique","item":"https:\/\/ses-creative.com\/fr\/boutique\/"},{"@type":"ListItem","position":2,"name":"Loisirs cr\u00e9atifs","item":"https:\/\/ses-creative.com\/fr\/product-categorie\/loisirs-creatifs\/"},{"@type":"ListItem","position":3,"name":"Ballons de mod\u00e9lisation"}]},{"@type":"WebSite","@id":"https:\/\/ses-creative.com\/#website","url":"https:\/\/ses-creative.com\/","name":"SES Creative","description":"","publisher":{"@id":"https:\/\/ses-creative.com\/#organization"},"potentialAction":[{"@type":"SearchAction","target":{"@type":"EntryPoint","urlTemplate":"https:\/\/ses-creative.com\/?s={search_term_string}"},"query-input":{"@type":"PropertyValueSpecification","valueRequired":true,"valueName":"search_term_string"}}],"inLanguage":"fr-FR"},{"@type":"Organization","@id":"https:\/\/ses-creative.com\/#organization","name":"SES Creative","url":"https:\/\/ses-creative.com\/","logo":{"@type":"ImageObject","inLanguage":"fr-FR","@id":"https:\/\/ses-creative.com\/#\/schema\/logo\/image\/","url":"https:\/\/ses-creative.com\/wp-content\/uploads\/2025\/10\/ses-creative-logo.jpg","contentUrl":"https:\/\/ses-creative.com\/wp-content\/uploads\/2025\/10\/ses-creative-logo.jpg","width":2037,"height":2037,"caption":"SES Creative"},"image":{"@id":"https:\/\/ses-creative.com\/#\/schema\/logo\/image\/"}}]}},"_links":{"self":[{"href":"https:\/\/ses-creative.com\/fr\/wp-json\/wp\/v2\/product\/118243","targetHints":{"allow":["GET"]}}],"collection":[{"href":"https:\/\/ses-creative.com\/fr\/wp-json\/wp\/v2\/product"}],"about":[{"href":"https:\/\/ses-creative.com\/fr\/wp-json\/wp\/v2\/types\/product"}],"replies":[{"embeddable":true,"href":"https:\/\/ses-creative.com\/fr\/wp-json\/wp\/v2\/comments?post=118243"}],"wp:featuredmedia":[{"embeddable":true,"href":"https:\/\/ses-creative.com\/fr\/wp-json\/wp\/v2\/media\/101248"}],"wp:attachment":[{"href":"https:\/\/ses-creative.com\/fr\/wp-json\/wp\/v2\/media?parent=118243"}],"wp:term":[{"taxonomy":"product_brand","embeddable":true,"href":"https:\/\/ses-creative.com\/fr\/wp-json\/wp\/v2\/product_brand?post=118243"},{"taxonomy":"product_cat","embeddable":true,"href":"https:\/\/ses-creative.com\/fr\/wp-json\/wp\/v2\/product_cat?post=118243"},{"taxonomy":"product_tag","embeddable":true,"href":"https:\/\/ses-creative.com\/fr\/wp-json\/wp\/v2\/product_tag?post=118243"}],"curies":[{"name":"wp","href":"https:\/\/api.w.org\/{rel}","templated":true}]}}