











{"id":118242,"date":"2026-02-12T10:09:07","date_gmt":"2026-02-12T10:09:07","guid":{"rendered":"https:\/\/ses-creative.com\/?post_type=product&#038;p=118242"},"modified":"2026-02-12T10:22:46","modified_gmt":"2026-02-12T10:22:46","slug":"fluffy-loops-animaux-en-fil-doux","status":"publish","type":"product","link":"https:\/\/ses-creative.com\/fr\/produit\/fluffy-loops-animaux-en-fil-doux\/","title":{"rendered":"Fluffy loops &#8211; Animaux en fil doux"},"content":{"rendered":"<p>Fluffy Loops : cr\u00e9ez vos propres animaux mignons et duveteux !<\/p>\n<p>Six adorables petits animaux attendent que vous redonniez vie \u00e0 leur pelage tout doux ! Avec le kit Fluffy Loops de SES Creative, enroulez du fil color\u00e9 et duveteux autour des animaux et cr\u00e9ez vos propres petits compagnons \u00e0 fourrure. Gr\u00e2ce \u00e0 la technique de nouage simple et aux ciseaux pour enfants fournis, les enfants peuvent se mettre imm\u00e9diatement au travail.<\/p>\n<p>Contenu de l&#8217;emballage<\/p>\n<p>Fil duveteux rose, violet et blanc<\/p>\n<p>6 adorables animaux \u00e0 d\u00e9corer<\/p>\n<p>Ciseaux pour enfants<\/p>\n<p>Pourquoi ce set est g\u00e9nial<\/p>\n<p>Cr\u00e9ez six animaux uniques et tout doux avec du fil pelucheux<\/p>\n<p>Stimule la motricit\u00e9 fine, la concentration et la cr\u00e9ativit\u00e9<\/p>\n<p>S\u00fbr et simple : ciseaux pour enfants et explications claires incluses<\/p>\n<p>Les animaux peuvent \u00eatre d\u00e9cor\u00e9s \u00e0 l&rsquo;infini<\/p>\n<p>Convient aux enfants \u00e0 partir de 5 ans<\/p>\n<p>Comment \u00e7a marche ?<br \/>\nChoisissez l&rsquo;un des six animaux et enroulez le fil doux autour de son corps. Donnez-lui un pelage \u00e9pais et duveteux ou un look color\u00e9 et ludique, c&rsquo;est vous qui d\u00e9cidez ! Cr\u00e9ez des animaux \u00e0 poils longs ou courts et d\u00e9couvrez comment chaque animal acquiert un look unique.<\/p>\n<p>Laissez libre cours \u00e0 votre cr\u00e9ativit\u00e9 !<br \/>\nAvec le kit Fluffy Loops de SES Creative, vous pouvez non seulement cr\u00e9er d&rsquo;adorables animaux, mais aussi passer des heures \u00e0 bricoler avec des mat\u00e9riaux doux et sensoriels. Parfait pour les enfants qui aiment les animaux et le bricolage. Qu&rsquo;attendez-vous ? Lancez-vous et cr\u00e9ez vos propres amis c\u00e2lins !<\/p>\n","protected":false},"excerpt":{"rendered":"<p>Fluffy Loops : cr\u00e9ez vos propres animaux mignons et duveteux ! Six adorables petits animaux attendent que vous redonniez vie \u00e0 leur pelage tout doux ! Avec le kit Fluffy Loops de SES Creative, enroulez du fil color\u00e9 et duveteux autour des animaux et cr\u00e9ez vos propres petits compagnons \u00e0 fourrure. Gr\u00e2ce \u00e0 la technique [&hellip;]<\/p>\n","protected":false},"featured_media":95136,"comment_status":"closed","ping_status":"closed","template":"","meta":{"_acf_changed":false},"product_brand":[],"product_cat":[122],"product_tag":[],"class_list":{"0":"post-118242","1":"product","2":"type-product","3":"status-publish","4":"has-post-thumbnail","6":"product_cat-loisirs-creatifs","7":"pa_leeftijd-filter-3-4-ans","8":"pa_meest-populair-bij-garcons-filles","10":"first","11":"instock","12":"shipping-taxable","13":"product-type-simple"},"acf":[],"yoast_head":"<!-- This site is optimized with the Yoast SEO plugin v27.2 - https:\/\/yoast.com\/product\/yoast-seo-wordpress\/ -->\n<title>Fluffy loops - Animaux en fil doux - SES Creative<\/title>\n<meta name=\"robots\" content=\"index, follow, max-snippet:-1, max-image-preview:large, max-video-preview:-1\" \/>\n<link rel=\"canonical\" href=\"https:\/\/ses-creative.com\/fr\/produit\/fluffy-loops-animaux-en-fil-doux\/\" \/>\n<meta property=\"og:locale\" content=\"fr_FR\" \/>\n<meta property=\"og:type\" content=\"article\" \/>\n<meta property=\"og:title\" content=\"Fluffy loops - Animaux en fil doux - SES Creative\" \/>\n<meta property=\"og:description\" content=\"Fluffy Loops : cr\u00e9ez vos propres animaux mignons et duveteux ! Six adorables petits animaux attendent que vous redonniez vie \u00e0 leur pelage tout doux ! Avec le kit Fluffy Loops de SES Creative, enroulez du fil color\u00e9 et duveteux autour des animaux et cr\u00e9ez vos propres petits compagnons \u00e0 fourrure. Gr\u00e2ce \u00e0 la technique [&hellip;]\" \/>\n<meta property=\"og:url\" content=\"https:\/\/ses-creative.com\/fr\/produit\/fluffy-loops-animaux-en-fil-doux\/\" \/>\n<meta property=\"og:site_name\" content=\"SES Creative\" \/>\n<meta property=\"article:modified_time\" content=\"2026-02-12T10:22:46+00:00\" \/>\n<meta name=\"twitter:card\" content=\"summary_large_image\" \/>\n<meta name=\"twitter:label1\" content=\"Dur\u00e9e de lecture estim\u00e9e\" \/>\n\t<meta name=\"twitter:data1\" content=\"1 minute\" \/>\n<script type=\"application\/ld+json\" class=\"yoast-schema-graph\">{\"@context\":\"https:\/\/schema.org\",\"@graph\":[{\"@type\":\"WebPage\",\"@id\":\"https:\/\/ses-creative.com\/fr\/produit\/fluffy-loops-animaux-en-fil-doux\/\",\"url\":\"https:\/\/ses-creative.com\/fr\/produit\/fluffy-loops-animaux-en-fil-doux\/\",\"name\":\"Fluffy loops - Animaux en fil doux - SES Creative\",\"isPartOf\":{\"@id\":\"https:\/\/ses-creative.com\/#website\"},\"primaryImageOfPage\":{\"@id\":\"https:\/\/ses-creative.com\/fr\/produit\/fluffy-loops-animaux-en-fil-doux\/#primaryimage\"},\"image\":{\"@id\":\"https:\/\/ses-creative.com\/fr\/produit\/fluffy-loops-animaux-en-fil-doux\/#primaryimage\"},\"thumbnailUrl\":\"https:\/\/ses-creative.com\/wp-content\/uploads\/2026\/01\/140101.jpg\",\"datePublished\":\"2026-02-12T10:09:07+00:00\",\"dateModified\":\"2026-02-12T10:22:46+00:00\",\"breadcrumb\":{\"@id\":\"https:\/\/ses-creative.com\/fr\/produit\/fluffy-loops-animaux-en-fil-doux\/#breadcrumb\"},\"inLanguage\":\"fr-FR\",\"potentialAction\":[{\"@type\":\"ReadAction\",\"target\":[\"https:\/\/ses-creative.com\/fr\/produit\/fluffy-loops-animaux-en-fil-doux\/\"]}]},{\"@type\":\"ImageObject\",\"inLanguage\":\"fr-FR\",\"@id\":\"https:\/\/ses-creative.com\/fr\/produit\/fluffy-loops-animaux-en-fil-doux\/#primaryimage\",\"url\":\"https:\/\/ses-creative.com\/wp-content\/uploads\/2026\/01\/140101.jpg\",\"contentUrl\":\"https:\/\/ses-creative.com\/wp-content\/uploads\/2026\/01\/140101.jpg\",\"width\":1000,\"height\":1000},{\"@type\":\"BreadcrumbList\",\"@id\":\"https:\/\/ses-creative.com\/fr\/produit\/fluffy-loops-animaux-en-fil-doux\/#breadcrumb\",\"itemListElement\":[{\"@type\":\"ListItem\",\"position\":1,\"name\":\"Boutique\",\"item\":\"https:\/\/ses-creative.com\/fr\/boutique\/\"},{\"@type\":\"ListItem\",\"position\":2,\"name\":\"Loisirs cr\u00e9atifs\",\"item\":\"https:\/\/ses-creative.com\/fr\/product-categorie\/loisirs-creatifs\/\"},{\"@type\":\"ListItem\",\"position\":3,\"name\":\"Fluffy loops &#8211; Animaux en fil doux\"}]},{\"@type\":\"WebSite\",\"@id\":\"https:\/\/ses-creative.com\/#website\",\"url\":\"https:\/\/ses-creative.com\/\",\"name\":\"SES Creative\",\"description\":\"\",\"publisher\":{\"@id\":\"https:\/\/ses-creative.com\/#organization\"},\"potentialAction\":[{\"@type\":\"SearchAction\",\"target\":{\"@type\":\"EntryPoint\",\"urlTemplate\":\"https:\/\/ses-creative.com\/?s={search_term_string}\"},\"query-input\":{\"@type\":\"PropertyValueSpecification\",\"valueRequired\":true,\"valueName\":\"search_term_string\"}}],\"inLanguage\":\"fr-FR\"},{\"@type\":\"Organization\",\"@id\":\"https:\/\/ses-creative.com\/#organization\",\"name\":\"SES Creative\",\"url\":\"https:\/\/ses-creative.com\/\",\"logo\":{\"@type\":\"ImageObject\",\"inLanguage\":\"fr-FR\",\"@id\":\"https:\/\/ses-creative.com\/#\/schema\/logo\/image\/\",\"url\":\"https:\/\/ses-creative.com\/wp-content\/uploads\/2025\/10\/ses-creative-logo.jpg\",\"contentUrl\":\"https:\/\/ses-creative.com\/wp-content\/uploads\/2025\/10\/ses-creative-logo.jpg\",\"width\":2037,\"height\":2037,\"caption\":\"SES Creative\"},\"image\":{\"@id\":\"https:\/\/ses-creative.com\/#\/schema\/logo\/image\/\"}}]}<\/script>\n<!-- \/ Yoast SEO plugin. -->","yoast_head_json":{"title":"Fluffy loops - Animaux en fil doux - SES Creative","robots":{"index":"index","follow":"follow","max-snippet":"max-snippet:-1","max-image-preview":"max-image-preview:large","max-video-preview":"max-video-preview:-1"},"canonical":"https:\/\/ses-creative.com\/fr\/produit\/fluffy-loops-animaux-en-fil-doux\/","og_locale":"fr_FR","og_type":"article","og_title":"Fluffy loops - Animaux en fil doux - SES Creative","og_description":"Fluffy Loops : cr\u00e9ez vos propres animaux mignons et duveteux ! Six adorables petits animaux attendent que vous redonniez vie \u00e0 leur pelage tout doux ! Avec le kit Fluffy Loops de SES Creative, enroulez du fil color\u00e9 et duveteux autour des animaux et cr\u00e9ez vos propres petits compagnons \u00e0 fourrure. Gr\u00e2ce \u00e0 la technique [&hellip;]","og_url":"https:\/\/ses-creative.com\/fr\/produit\/fluffy-loops-animaux-en-fil-doux\/","og_site_name":"SES Creative","article_modified_time":"2026-02-12T10:22:46+00:00","twitter_card":"summary_large_image","twitter_misc":{"Dur\u00e9e de lecture estim\u00e9e":"1 minute"},"schema":{"@context":"https:\/\/schema.org","@graph":[{"@type":"WebPage","@id":"https:\/\/ses-creative.com\/fr\/produit\/fluffy-loops-animaux-en-fil-doux\/","url":"https:\/\/ses-creative.com\/fr\/produit\/fluffy-loops-animaux-en-fil-doux\/","name":"Fluffy loops - Animaux en fil doux - SES Creative","isPartOf":{"@id":"https:\/\/ses-creative.com\/#website"},"primaryImageOfPage":{"@id":"https:\/\/ses-creative.com\/fr\/produit\/fluffy-loops-animaux-en-fil-doux\/#primaryimage"},"image":{"@id":"https:\/\/ses-creative.com\/fr\/produit\/fluffy-loops-animaux-en-fil-doux\/#primaryimage"},"thumbnailUrl":"https:\/\/ses-creative.com\/wp-content\/uploads\/2026\/01\/140101.jpg","datePublished":"2026-02-12T10:09:07+00:00","dateModified":"2026-02-12T10:22:46+00:00","breadcrumb":{"@id":"https:\/\/ses-creative.com\/fr\/produit\/fluffy-loops-animaux-en-fil-doux\/#breadcrumb"},"inLanguage":"fr-FR","potentialAction":[{"@type":"ReadAction","target":["https:\/\/ses-creative.com\/fr\/produit\/fluffy-loops-animaux-en-fil-doux\/"]}]},{"@type":"ImageObject","inLanguage":"fr-FR","@id":"https:\/\/ses-creative.com\/fr\/produit\/fluffy-loops-animaux-en-fil-doux\/#primaryimage","url":"https:\/\/ses-creative.com\/wp-content\/uploads\/2026\/01\/140101.jpg","contentUrl":"https:\/\/ses-creative.com\/wp-content\/uploads\/2026\/01\/140101.jpg","width":1000,"height":1000},{"@type":"BreadcrumbList","@id":"https:\/\/ses-creative.com\/fr\/produit\/fluffy-loops-animaux-en-fil-doux\/#breadcrumb","itemListElement":[{"@type":"ListItem","position":1,"name":"Boutique","item":"https:\/\/ses-creative.com\/fr\/boutique\/"},{"@type":"ListItem","position":2,"name":"Loisirs cr\u00e9atifs","item":"https:\/\/ses-creative.com\/fr\/product-categorie\/loisirs-creatifs\/"},{"@type":"ListItem","position":3,"name":"Fluffy loops &#8211; Animaux en fil doux"}]},{"@type":"WebSite","@id":"https:\/\/ses-creative.com\/#website","url":"https:\/\/ses-creative.com\/","name":"SES Creative","description":"","publisher":{"@id":"https:\/\/ses-creative.com\/#organization"},"potentialAction":[{"@type":"SearchAction","target":{"@type":"EntryPoint","urlTemplate":"https:\/\/ses-creative.com\/?s={search_term_string}"},"query-input":{"@type":"PropertyValueSpecification","valueRequired":true,"valueName":"search_term_string"}}],"inLanguage":"fr-FR"},{"@type":"Organization","@id":"https:\/\/ses-creative.com\/#organization","name":"SES Creative","url":"https:\/\/ses-creative.com\/","logo":{"@type":"ImageObject","inLanguage":"fr-FR","@id":"https:\/\/ses-creative.com\/#\/schema\/logo\/image\/","url":"https:\/\/ses-creative.com\/wp-content\/uploads\/2025\/10\/ses-creative-logo.jpg","contentUrl":"https:\/\/ses-creative.com\/wp-content\/uploads\/2025\/10\/ses-creative-logo.jpg","width":2037,"height":2037,"caption":"SES Creative"},"image":{"@id":"https:\/\/ses-creative.com\/#\/schema\/logo\/image\/"}}]}},"_links":{"self":[{"href":"https:\/\/ses-creative.com\/fr\/wp-json\/wp\/v2\/product\/118242","targetHints":{"allow":["GET"]}}],"collection":[{"href":"https:\/\/ses-creative.com\/fr\/wp-json\/wp\/v2\/product"}],"about":[{"href":"https:\/\/ses-creative.com\/fr\/wp-json\/wp\/v2\/types\/product"}],"replies":[{"embeddable":true,"href":"https:\/\/ses-creative.com\/fr\/wp-json\/wp\/v2\/comments?post=118242"}],"wp:featuredmedia":[{"embeddable":true,"href":"https:\/\/ses-creative.com\/fr\/wp-json\/wp\/v2\/media\/95136"}],"wp:attachment":[{"href":"https:\/\/ses-creative.com\/fr\/wp-json\/wp\/v2\/media?parent=118242"}],"wp:term":[{"taxonomy":"product_brand","embeddable":true,"href":"https:\/\/ses-creative.com\/fr\/wp-json\/wp\/v2\/product_brand?post=118242"},{"taxonomy":"product_cat","embeddable":true,"href":"https:\/\/ses-creative.com\/fr\/wp-json\/wp\/v2\/product_cat?post=118242"},{"taxonomy":"product_tag","embeddable":true,"href":"https:\/\/ses-creative.com\/fr\/wp-json\/wp\/v2\/product_tag?post=118242"}],"curies":[{"name":"wp","href":"https:\/\/api.w.org\/{rel}","templated":true}]}}