











{"id":118239,"date":"2026-02-12T10:09:07","date_gmt":"2026-02-12T10:09:07","guid":{"rendered":"https:\/\/ses-creative.com\/?post_type=product&#038;p=118239"},"modified":"2026-02-12T10:22:46","modified_gmt":"2026-02-12T10:22:46","slug":"ilot-de-bain-licorne","status":"publish","type":"product","link":"https:\/\/ses-creative.com\/fr\/produit\/ilot-de-bain-licorne\/","title":{"rendered":"\u00celot de bain &#8211; Licorne"},"content":{"rendered":"<p>D\u00e9couvrez et \u00e9claboussez-vous avec l&rsquo;\u00eele de bain licorne !<br \/>\nEnvo\u00fbtez votre bain avec l&rsquo;\u00eele de bain licorne de SES Creative ! Ce set de jeu magique vous emm\u00e8ne dans un monde imaginaire rempli de licornes joyeuses et d&rsquo;aventures infinies dans le bain. Les figurines en mousse souple adh\u00e8rent aux carreaux mouill\u00e9s, flottent sur l&rsquo;eau ou vivent des histoires sur l&rsquo;\u00eele fournie. Parfait pour les petits r\u00eaveurs qui aiment les cr\u00e9atures magiques et les jeux aquatiques cr\u00e9atifs.<br \/>\nCe qui rend ce set g\u00e9nial<br \/>\n\u2022    Contient 9 pi\u00e8ces en mousse : 8 licornes et 1 \u00eele flottante<br \/>\n\u2022    Les figurines en mousse adh\u00e8rent aux surfaces humides et flottent sur l&rsquo;eau<br \/>\n\u2022    Stimule le jeu cr\u00e9atif et l&rsquo;imagination<br \/>\n\u2022    Doux, l\u00e9ger et sans danger pour les petites mains<br \/>\n\u2022    Parfait pour les enfants \u00e0 partir de 12 mois<br \/>\nPourquoi ce produit est-il parfait pour vous ?<br \/>\nL&rsquo;\u00eele de bain licorne est id\u00e9ale pour les parents qui souhaitent transformer l&rsquo;heure du bain en un moment apaisant et cr\u00e9atif. Le set stimule la motricit\u00e9 fine et l&rsquo;imagination de votre enfant, sans \u00e9cran ni d\u00e9sordre. Une fa\u00e7on s\u00fbre et amusante de passer du temps de qualit\u00e9 dans le bain.<br \/>\nContenu de l&#8217;emballage<br \/>\n\u2022    8 figurines licornes en mousse color\u00e9es<br \/>\n\u2022    1 \u00eele flottante<br \/>\nPourquoi choisir SES Creative ?<br \/>\nSES Creative d\u00e9veloppe des jouets inspirants et s\u00fbrs. La cr\u00e9ativit\u00e9, la qualit\u00e9 et le plaisir de jouer sont toujours au centre de nos pr\u00e9occupations, afin que vous puissiez laisser votre enfant jouer en toute tranquillit\u00e9.<br \/>\nCommencez d\u00e8s aujourd&rsquo;hui \u00e0 profiter de la magie des licornes dans le bain<br \/>\nLaissez votre enfant r\u00eaver, d\u00e9couvrir et jouer avec l&rsquo;\u00eele de bain licorne de SES Creative. Pour un moment magique dans le bain, plein de plaisir et d&rsquo;imagination !<\/p>\n<p>Ce qui rend ce set g\u00e9nial<br \/>\n\u2022    Contient 5 anneaux empilables en bois et une d\u00e9coration licorne<br \/>\n\u2022    Base \u00e9quilibr\u00e9e pour un d\u00e9fi suppl\u00e9mentaire<br \/>\n\u2022    Stimule la motricit\u00e9 fine et la coordination \u0153il-main<br \/>\n\u2022    Apprend aux enfants \u00e0 reconna\u00eetre les couleurs, les formes et les s\u00e9quences<br \/>\n\u2022    Parfait pour les enfants \u00e0 partir de 10 mois<br \/>\nPourquoi ce produit est-il parfait pour vous ?<br \/>\nLa tour \u00e0 empiler en bois Licorne est id\u00e9ale pour les parents qui recherchent des jouets \u00e9ducatifs qui encouragent le jeu cr\u00e9atif. Que votre enfant empile les anneaux dans l&rsquo;ordre ou exp\u00e9rimente \u00e0 sa mani\u00e8re, chaque mouvement contribue au d\u00e9veloppement de la motricit\u00e9, de la capacit\u00e9 \u00e0 r\u00e9soudre des probl\u00e8mes et de la confiance en soi. Et tout cela dans un d\u00e9cor magique !<br \/>\nContenu de l&#8217;emballage<br \/>\n\u2022    5 anneaux en bois color\u00e9s<br \/>\n\u2022    1 figurine licorne<br \/>\n\u2022    1 base d&rsquo;\u00e9quilibre<br \/>\nPourquoi choisir SES Creative ?<br \/>\nChez SES Creative, nous combinons imagination et d\u00e9veloppement. Nos jouets sont con\u00e7us et fabriqu\u00e9s dans notre propre usine aux Pays-Bas, dans un souci de s\u00e9curit\u00e9, de durabilit\u00e9 et de valeur \u00e9ducative.<br \/>\nCommencez d\u00e8s aujourd&rsquo;hui \u00e0 vous amuser avec cet empileur magique<br \/>\nLaissez votre enfant construire, \u00e9quilibrer et apprendre avec la tour \u00e0 empiler en bois Licorne de SES Creative. Pour un d\u00e9but ludique dans son d\u00e9veloppement !<\/p>\n","protected":false},"excerpt":{"rendered":"<p>D\u00e9couvrez et \u00e9claboussez-vous avec l&rsquo;\u00eele de bain licorne ! Envo\u00fbtez votre bain avec l&rsquo;\u00eele de bain licorne de SES Creative ! Ce set de jeu magique vous emm\u00e8ne dans un monde imaginaire rempli de licornes joyeuses et d&rsquo;aventures infinies dans le bain. Les figurines en mousse souple adh\u00e8rent aux carreaux mouill\u00e9s, flottent sur l&rsquo;eau ou [&hellip;]<\/p>\n","protected":false},"featured_media":101188,"comment_status":"closed","ping_status":"closed","template":"","meta":{"_acf_changed":false},"product_brand":[],"product_cat":[123],"product_tag":[],"class_list":{"0":"post-118239","1":"product","2":"type-product","3":"status-publish","4":"has-post-thumbnail","6":"product_cat-bebe-tout-petit","7":"pa_leeftijd-filter-0-2-ans","8":"pa_meest-populair-bij-garcons-filles","10":"first","11":"instock","12":"shipping-taxable","13":"product-type-simple"},"acf":[],"yoast_head":"<!-- This site is optimized with the Yoast SEO plugin v27.4 - https:\/\/yoast.com\/product\/yoast-seo-wordpress\/ -->\n<title>\u00celot de bain - Licorne - SES Creative<\/title>\n<meta name=\"robots\" content=\"index, follow, max-snippet:-1, max-image-preview:large, max-video-preview:-1\" \/>\n<link rel=\"canonical\" href=\"https:\/\/ses-creative.com\/fr\/produit\/ilot-de-bain-licorne\/\" \/>\n<meta property=\"og:locale\" content=\"fr_FR\" \/>\n<meta property=\"og:type\" content=\"article\" \/>\n<meta property=\"og:title\" content=\"\u00celot de bain - Licorne - SES Creative\" \/>\n<meta property=\"og:description\" content=\"D\u00e9couvrez et \u00e9claboussez-vous avec l&rsquo;\u00eele de bain licorne ! Envo\u00fbtez votre bain avec l&rsquo;\u00eele de bain licorne de SES Creative ! Ce set de jeu magique vous emm\u00e8ne dans un monde imaginaire rempli de licornes joyeuses et d&rsquo;aventures infinies dans le bain. Les figurines en mousse souple adh\u00e8rent aux carreaux mouill\u00e9s, flottent sur l&rsquo;eau ou [&hellip;]\" \/>\n<meta property=\"og:url\" content=\"https:\/\/ses-creative.com\/fr\/produit\/ilot-de-bain-licorne\/\" \/>\n<meta property=\"og:site_name\" content=\"SES Creative\" \/>\n<meta property=\"article:modified_time\" content=\"2026-02-12T10:22:46+00:00\" \/>\n<meta name=\"twitter:card\" content=\"summary_large_image\" \/>\n<meta name=\"twitter:label1\" content=\"Dur\u00e9e de lecture estim\u00e9e\" \/>\n\t<meta name=\"twitter:data1\" content=\"3 minutes\" \/>\n<script type=\"application\/ld+json\" class=\"yoast-schema-graph\">{\"@context\":\"https:\\\/\\\/schema.org\",\"@graph\":[{\"@type\":\"WebPage\",\"@id\":\"https:\\\/\\\/ses-creative.com\\\/fr\\\/produit\\\/ilot-de-bain-licorne\\\/\",\"url\":\"https:\\\/\\\/ses-creative.com\\\/fr\\\/produit\\\/ilot-de-bain-licorne\\\/\",\"name\":\"\u00celot de bain - Licorne - SES Creative\",\"isPartOf\":{\"@id\":\"https:\\\/\\\/ses-creative.com\\\/#website\"},\"primaryImageOfPage\":{\"@id\":\"https:\\\/\\\/ses-creative.com\\\/fr\\\/produit\\\/ilot-de-bain-licorne\\\/#primaryimage\"},\"image\":{\"@id\":\"https:\\\/\\\/ses-creative.com\\\/fr\\\/produit\\\/ilot-de-bain-licorne\\\/#primaryimage\"},\"thumbnailUrl\":\"https:\\\/\\\/ses-creative.com\\\/wp-content\\\/uploads\\\/2026\\\/01\\\/132531.jpg\",\"datePublished\":\"2026-02-12T10:09:07+00:00\",\"dateModified\":\"2026-02-12T10:22:46+00:00\",\"breadcrumb\":{\"@id\":\"https:\\\/\\\/ses-creative.com\\\/fr\\\/produit\\\/ilot-de-bain-licorne\\\/#breadcrumb\"},\"inLanguage\":\"fr-FR\",\"potentialAction\":[{\"@type\":\"ReadAction\",\"target\":[\"https:\\\/\\\/ses-creative.com\\\/fr\\\/produit\\\/ilot-de-bain-licorne\\\/\"]}]},{\"@type\":\"ImageObject\",\"inLanguage\":\"fr-FR\",\"@id\":\"https:\\\/\\\/ses-creative.com\\\/fr\\\/produit\\\/ilot-de-bain-licorne\\\/#primaryimage\",\"url\":\"https:\\\/\\\/ses-creative.com\\\/wp-content\\\/uploads\\\/2026\\\/01\\\/132531.jpg\",\"contentUrl\":\"https:\\\/\\\/ses-creative.com\\\/wp-content\\\/uploads\\\/2026\\\/01\\\/132531.jpg\",\"width\":1000,\"height\":1000},{\"@type\":\"BreadcrumbList\",\"@id\":\"https:\\\/\\\/ses-creative.com\\\/fr\\\/produit\\\/ilot-de-bain-licorne\\\/#breadcrumb\",\"itemListElement\":[{\"@type\":\"ListItem\",\"position\":1,\"name\":\"Boutique\",\"item\":\"https:\\\/\\\/ses-creative.com\\\/fr\\\/boutique\\\/\"},{\"@type\":\"ListItem\",\"position\":2,\"name\":\"B\u00e9b\u00e9 &amp; Tout-petit\",\"item\":\"https:\\\/\\\/ses-creative.com\\\/fr\\\/product-categorie\\\/bebe-tout-petit\\\/\"},{\"@type\":\"ListItem\",\"position\":3,\"name\":\"\u00celot de bain &#8211; Licorne\"}]},{\"@type\":\"WebSite\",\"@id\":\"https:\\\/\\\/ses-creative.com\\\/#website\",\"url\":\"https:\\\/\\\/ses-creative.com\\\/\",\"name\":\"SES Creative\",\"description\":\"\",\"publisher\":{\"@id\":\"https:\\\/\\\/ses-creative.com\\\/#organization\"},\"potentialAction\":[{\"@type\":\"SearchAction\",\"target\":{\"@type\":\"EntryPoint\",\"urlTemplate\":\"https:\\\/\\\/ses-creative.com\\\/?s={search_term_string}\"},\"query-input\":{\"@type\":\"PropertyValueSpecification\",\"valueRequired\":true,\"valueName\":\"search_term_string\"}}],\"inLanguage\":\"fr-FR\"},{\"@type\":\"Organization\",\"@id\":\"https:\\\/\\\/ses-creative.com\\\/#organization\",\"name\":\"SES Creative\",\"url\":\"https:\\\/\\\/ses-creative.com\\\/\",\"logo\":{\"@type\":\"ImageObject\",\"inLanguage\":\"fr-FR\",\"@id\":\"https:\\\/\\\/ses-creative.com\\\/#\\\/schema\\\/logo\\\/image\\\/\",\"url\":\"https:\\\/\\\/ses-creative.com\\\/wp-content\\\/uploads\\\/2025\\\/10\\\/ses-creative-logo.jpg\",\"contentUrl\":\"https:\\\/\\\/ses-creative.com\\\/wp-content\\\/uploads\\\/2025\\\/10\\\/ses-creative-logo.jpg\",\"width\":2037,\"height\":2037,\"caption\":\"SES Creative\"},\"image\":{\"@id\":\"https:\\\/\\\/ses-creative.com\\\/#\\\/schema\\\/logo\\\/image\\\/\"}}]}<\/script>\n<!-- \/ Yoast SEO plugin. -->","yoast_head_json":{"title":"\u00celot de bain - Licorne - SES Creative","robots":{"index":"index","follow":"follow","max-snippet":"max-snippet:-1","max-image-preview":"max-image-preview:large","max-video-preview":"max-video-preview:-1"},"canonical":"https:\/\/ses-creative.com\/fr\/produit\/ilot-de-bain-licorne\/","og_locale":"fr_FR","og_type":"article","og_title":"\u00celot de bain - Licorne - SES Creative","og_description":"D\u00e9couvrez et \u00e9claboussez-vous avec l&rsquo;\u00eele de bain licorne ! Envo\u00fbtez votre bain avec l&rsquo;\u00eele de bain licorne de SES Creative ! Ce set de jeu magique vous emm\u00e8ne dans un monde imaginaire rempli de licornes joyeuses et d&rsquo;aventures infinies dans le bain. Les figurines en mousse souple adh\u00e8rent aux carreaux mouill\u00e9s, flottent sur l&rsquo;eau ou [&hellip;]","og_url":"https:\/\/ses-creative.com\/fr\/produit\/ilot-de-bain-licorne\/","og_site_name":"SES Creative","article_modified_time":"2026-02-12T10:22:46+00:00","twitter_card":"summary_large_image","twitter_misc":{"Dur\u00e9e de lecture estim\u00e9e":"3 minutes"},"schema":{"@context":"https:\/\/schema.org","@graph":[{"@type":"WebPage","@id":"https:\/\/ses-creative.com\/fr\/produit\/ilot-de-bain-licorne\/","url":"https:\/\/ses-creative.com\/fr\/produit\/ilot-de-bain-licorne\/","name":"\u00celot de bain - Licorne - SES Creative","isPartOf":{"@id":"https:\/\/ses-creative.com\/#website"},"primaryImageOfPage":{"@id":"https:\/\/ses-creative.com\/fr\/produit\/ilot-de-bain-licorne\/#primaryimage"},"image":{"@id":"https:\/\/ses-creative.com\/fr\/produit\/ilot-de-bain-licorne\/#primaryimage"},"thumbnailUrl":"https:\/\/ses-creative.com\/wp-content\/uploads\/2026\/01\/132531.jpg","datePublished":"2026-02-12T10:09:07+00:00","dateModified":"2026-02-12T10:22:46+00:00","breadcrumb":{"@id":"https:\/\/ses-creative.com\/fr\/produit\/ilot-de-bain-licorne\/#breadcrumb"},"inLanguage":"fr-FR","potentialAction":[{"@type":"ReadAction","target":["https:\/\/ses-creative.com\/fr\/produit\/ilot-de-bain-licorne\/"]}]},{"@type":"ImageObject","inLanguage":"fr-FR","@id":"https:\/\/ses-creative.com\/fr\/produit\/ilot-de-bain-licorne\/#primaryimage","url":"https:\/\/ses-creative.com\/wp-content\/uploads\/2026\/01\/132531.jpg","contentUrl":"https:\/\/ses-creative.com\/wp-content\/uploads\/2026\/01\/132531.jpg","width":1000,"height":1000},{"@type":"BreadcrumbList","@id":"https:\/\/ses-creative.com\/fr\/produit\/ilot-de-bain-licorne\/#breadcrumb","itemListElement":[{"@type":"ListItem","position":1,"name":"Boutique","item":"https:\/\/ses-creative.com\/fr\/boutique\/"},{"@type":"ListItem","position":2,"name":"B\u00e9b\u00e9 &amp; Tout-petit","item":"https:\/\/ses-creative.com\/fr\/product-categorie\/bebe-tout-petit\/"},{"@type":"ListItem","position":3,"name":"\u00celot de bain &#8211; Licorne"}]},{"@type":"WebSite","@id":"https:\/\/ses-creative.com\/#website","url":"https:\/\/ses-creative.com\/","name":"SES Creative","description":"","publisher":{"@id":"https:\/\/ses-creative.com\/#organization"},"potentialAction":[{"@type":"SearchAction","target":{"@type":"EntryPoint","urlTemplate":"https:\/\/ses-creative.com\/?s={search_term_string}"},"query-input":{"@type":"PropertyValueSpecification","valueRequired":true,"valueName":"search_term_string"}}],"inLanguage":"fr-FR"},{"@type":"Organization","@id":"https:\/\/ses-creative.com\/#organization","name":"SES Creative","url":"https:\/\/ses-creative.com\/","logo":{"@type":"ImageObject","inLanguage":"fr-FR","@id":"https:\/\/ses-creative.com\/#\/schema\/logo\/image\/","url":"https:\/\/ses-creative.com\/wp-content\/uploads\/2025\/10\/ses-creative-logo.jpg","contentUrl":"https:\/\/ses-creative.com\/wp-content\/uploads\/2025\/10\/ses-creative-logo.jpg","width":2037,"height":2037,"caption":"SES Creative"},"image":{"@id":"https:\/\/ses-creative.com\/#\/schema\/logo\/image\/"}}]}},"_links":{"self":[{"href":"https:\/\/ses-creative.com\/fr\/wp-json\/wp\/v2\/product\/118239","targetHints":{"allow":["GET"]}}],"collection":[{"href":"https:\/\/ses-creative.com\/fr\/wp-json\/wp\/v2\/product"}],"about":[{"href":"https:\/\/ses-creative.com\/fr\/wp-json\/wp\/v2\/types\/product"}],"replies":[{"embeddable":true,"href":"https:\/\/ses-creative.com\/fr\/wp-json\/wp\/v2\/comments?post=118239"}],"wp:featuredmedia":[{"embeddable":true,"href":"https:\/\/ses-creative.com\/fr\/wp-json\/wp\/v2\/media\/101188"}],"wp:attachment":[{"href":"https:\/\/ses-creative.com\/fr\/wp-json\/wp\/v2\/media?parent=118239"}],"wp:term":[{"taxonomy":"product_brand","embeddable":true,"href":"https:\/\/ses-creative.com\/fr\/wp-json\/wp\/v2\/product_brand?post=118239"},{"taxonomy":"product_cat","embeddable":true,"href":"https:\/\/ses-creative.com\/fr\/wp-json\/wp\/v2\/product_cat?post=118239"},{"taxonomy":"product_tag","embeddable":true,"href":"https:\/\/ses-creative.com\/fr\/wp-json\/wp\/v2\/product_tag?post=118239"}],"curies":[{"name":"wp","href":"https:\/\/api.w.org\/{rel}","templated":true}]}}