











{"id":118238,"date":"2026-02-12T10:09:06","date_gmt":"2026-02-12T10:09:06","guid":{"rendered":"https:\/\/ses-creative.com\/?post_type=product&#038;p=118238"},"modified":"2026-02-12T10:22:46","modified_gmt":"2026-02-12T10:22:46","slug":"tour-a-empiler-en-bois-licorne","status":"publish","type":"product","link":"https:\/\/ses-creative.com\/fr\/produit\/tour-a-empiler-en-bois-licorne\/","title":{"rendered":"Tour \u00e0 empiler en bois Licorne"},"content":{"rendered":"<p>D\u00e9couvrez et construisez avec la tour \u00e0 empiler en bois Licorne !<br \/>\nEmpiler, apprendre et d\u00e9couvrir : avec la tour \u00e0 empiler en bois Licorne de SES Creative, jouer devient une aventure \u00e9ducative ! Cette joyeuse tour \u00e0 empiler, surmont\u00e9e d&rsquo;une adorable licorne, se compose de cinq anneaux en bois color\u00e9s et d&rsquo;une base vacillante. Le jouet parfait pour les petites mains et les esprits curieux qui aiment les couleurs vives et les personnages magiques.<br \/>\nCe qui rend ce set g\u00e9nial<br \/>\n\u2022    Comprend 5 anneaux empilables en bois et une licorne en guise de couronne<br \/>\n\u2022    Base oscillante pour un d\u00e9fi suppl\u00e9mentaire<br \/>\n\u2022    Stimule la motricit\u00e9 fine et la coordination \u0153il-main<br \/>\n\u2022    Apprend aux enfants \u00e0 reconna\u00eetre les couleurs, les formes et les s\u00e9quences<br \/>\n\u2022    Parfait pour les enfants \u00e0 partir de 10 mois<br \/>\nPourquoi ce produit est-il parfait pour vous ?<br \/>\nLa tour \u00e0 empiler en bois Licorne est id\u00e9ale pour les parents qui recherchent des jouets \u00e9ducatifs qui encouragent le jeu cr\u00e9atif. Que votre enfant empile les anneaux dans l&rsquo;ordre ou exp\u00e9rimente \u00e0 sa mani\u00e8re, chaque mouvement contribue au d\u00e9veloppement de la motricit\u00e9, de la capacit\u00e9 \u00e0 r\u00e9soudre des probl\u00e8mes et de la confiance en soi. Et tout cela dans un d\u00e9cor magique !<br \/>\nContenu de l&#8217;emballage<br \/>\n\u2022    5 anneaux en bois color\u00e9s<br \/>\n\u2022    1 figurine licorne<br \/>\n\u2022    1 base d&rsquo;\u00e9quilibre<br \/>\nPourquoi choisir SES Creative ?<br \/>\nChez SES Creative, nous combinons imagination et d\u00e9veloppement. Nos jouets sont con\u00e7us et fabriqu\u00e9s dans notre propre usine aux Pays-Bas, dans un souci de s\u00e9curit\u00e9, de durabilit\u00e9 et de valeur \u00e9ducative.<br \/>\nCommencez d\u00e8s aujourd&rsquo;hui \u00e0 vous amuser avec cet empileur magique<br \/>\nLaissez votre enfant construire, \u00e9quilibrer et apprendre avec la tour \u00e0 empiler en bois Licorne de SES Creative. Pour un d\u00e9but ludique dans son d\u00e9veloppement !<\/p>\n","protected":false},"excerpt":{"rendered":"<p>D\u00e9couvrez et construisez avec la tour \u00e0 empiler en bois Licorne ! Empiler, apprendre et d\u00e9couvrir : avec la tour \u00e0 empiler en bois Licorne de SES Creative, jouer devient une aventure \u00e9ducative ! Cette joyeuse tour \u00e0 empiler, surmont\u00e9e d&rsquo;une adorable licorne, se compose de cinq anneaux en bois color\u00e9s et d&rsquo;une base vacillante. [&hellip;]<\/p>\n","protected":false},"featured_media":101168,"comment_status":"closed","ping_status":"closed","template":"","meta":{"_acf_changed":false},"product_brand":[],"product_cat":[123],"product_tag":[],"class_list":{"0":"post-118238","1":"product","2":"type-product","3":"status-publish","4":"has-post-thumbnail","6":"product_cat-bebe-tout-petit","7":"pa_leeftijd-filter-0-2-ans","8":"pa_meest-populair-bij-garcons-filles","10":"first","11":"instock","12":"shipping-taxable","13":"product-type-simple"},"acf":[],"yoast_head":"<!-- This site is optimized with the Yoast SEO plugin v27.2 - https:\/\/yoast.com\/product\/yoast-seo-wordpress\/ -->\n<title>Tour \u00e0 empiler en bois Licorne - SES Creative<\/title>\n<meta name=\"robots\" content=\"index, follow, max-snippet:-1, max-image-preview:large, max-video-preview:-1\" \/>\n<link rel=\"canonical\" href=\"https:\/\/ses-creative.com\/fr\/produit\/tour-a-empiler-en-bois-licorne\/\" \/>\n<meta property=\"og:locale\" content=\"fr_FR\" \/>\n<meta property=\"og:type\" content=\"article\" \/>\n<meta property=\"og:title\" content=\"Tour \u00e0 empiler en bois Licorne - SES Creative\" \/>\n<meta property=\"og:description\" content=\"D\u00e9couvrez et construisez avec la tour \u00e0 empiler en bois Licorne ! Empiler, apprendre et d\u00e9couvrir : avec la tour \u00e0 empiler en bois Licorne de SES Creative, jouer devient une aventure \u00e9ducative ! Cette joyeuse tour \u00e0 empiler, surmont\u00e9e d&rsquo;une adorable licorne, se compose de cinq anneaux en bois color\u00e9s et d&rsquo;une base vacillante. [&hellip;]\" \/>\n<meta property=\"og:url\" content=\"https:\/\/ses-creative.com\/fr\/produit\/tour-a-empiler-en-bois-licorne\/\" \/>\n<meta property=\"og:site_name\" content=\"SES Creative\" \/>\n<meta property=\"article:modified_time\" content=\"2026-02-12T10:22:46+00:00\" \/>\n<meta name=\"twitter:card\" content=\"summary_large_image\" \/>\n<meta name=\"twitter:label1\" content=\"Dur\u00e9e de lecture estim\u00e9e\" \/>\n\t<meta name=\"twitter:data1\" content=\"1 minute\" \/>\n<script type=\"application\/ld+json\" class=\"yoast-schema-graph\">{\"@context\":\"https:\/\/schema.org\",\"@graph\":[{\"@type\":\"WebPage\",\"@id\":\"https:\/\/ses-creative.com\/fr\/produit\/tour-a-empiler-en-bois-licorne\/\",\"url\":\"https:\/\/ses-creative.com\/fr\/produit\/tour-a-empiler-en-bois-licorne\/\",\"name\":\"Tour \u00e0 empiler en bois Licorne - SES Creative\",\"isPartOf\":{\"@id\":\"https:\/\/ses-creative.com\/#website\"},\"primaryImageOfPage\":{\"@id\":\"https:\/\/ses-creative.com\/fr\/produit\/tour-a-empiler-en-bois-licorne\/#primaryimage\"},\"image\":{\"@id\":\"https:\/\/ses-creative.com\/fr\/produit\/tour-a-empiler-en-bois-licorne\/#primaryimage\"},\"thumbnailUrl\":\"https:\/\/ses-creative.com\/wp-content\/uploads\/2026\/01\/132521.jpg\",\"datePublished\":\"2026-02-12T10:09:06+00:00\",\"dateModified\":\"2026-02-12T10:22:46+00:00\",\"breadcrumb\":{\"@id\":\"https:\/\/ses-creative.com\/fr\/produit\/tour-a-empiler-en-bois-licorne\/#breadcrumb\"},\"inLanguage\":\"fr-FR\",\"potentialAction\":[{\"@type\":\"ReadAction\",\"target\":[\"https:\/\/ses-creative.com\/fr\/produit\/tour-a-empiler-en-bois-licorne\/\"]}]},{\"@type\":\"ImageObject\",\"inLanguage\":\"fr-FR\",\"@id\":\"https:\/\/ses-creative.com\/fr\/produit\/tour-a-empiler-en-bois-licorne\/#primaryimage\",\"url\":\"https:\/\/ses-creative.com\/wp-content\/uploads\/2026\/01\/132521.jpg\",\"contentUrl\":\"https:\/\/ses-creative.com\/wp-content\/uploads\/2026\/01\/132521.jpg\",\"width\":1000,\"height\":1000},{\"@type\":\"BreadcrumbList\",\"@id\":\"https:\/\/ses-creative.com\/fr\/produit\/tour-a-empiler-en-bois-licorne\/#breadcrumb\",\"itemListElement\":[{\"@type\":\"ListItem\",\"position\":1,\"name\":\"Boutique\",\"item\":\"https:\/\/ses-creative.com\/fr\/boutique\/\"},{\"@type\":\"ListItem\",\"position\":2,\"name\":\"B\u00e9b\u00e9 &amp; Tout-petit\",\"item\":\"https:\/\/ses-creative.com\/fr\/product-categorie\/bebe-tout-petit\/\"},{\"@type\":\"ListItem\",\"position\":3,\"name\":\"Tour \u00e0 empiler en bois Licorne\"}]},{\"@type\":\"WebSite\",\"@id\":\"https:\/\/ses-creative.com\/#website\",\"url\":\"https:\/\/ses-creative.com\/\",\"name\":\"SES Creative\",\"description\":\"\",\"publisher\":{\"@id\":\"https:\/\/ses-creative.com\/#organization\"},\"potentialAction\":[{\"@type\":\"SearchAction\",\"target\":{\"@type\":\"EntryPoint\",\"urlTemplate\":\"https:\/\/ses-creative.com\/?s={search_term_string}\"},\"query-input\":{\"@type\":\"PropertyValueSpecification\",\"valueRequired\":true,\"valueName\":\"search_term_string\"}}],\"inLanguage\":\"fr-FR\"},{\"@type\":\"Organization\",\"@id\":\"https:\/\/ses-creative.com\/#organization\",\"name\":\"SES Creative\",\"url\":\"https:\/\/ses-creative.com\/\",\"logo\":{\"@type\":\"ImageObject\",\"inLanguage\":\"fr-FR\",\"@id\":\"https:\/\/ses-creative.com\/#\/schema\/logo\/image\/\",\"url\":\"https:\/\/ses-creative.com\/wp-content\/uploads\/2025\/10\/ses-creative-logo.jpg\",\"contentUrl\":\"https:\/\/ses-creative.com\/wp-content\/uploads\/2025\/10\/ses-creative-logo.jpg\",\"width\":2037,\"height\":2037,\"caption\":\"SES Creative\"},\"image\":{\"@id\":\"https:\/\/ses-creative.com\/#\/schema\/logo\/image\/\"}}]}<\/script>\n<!-- \/ Yoast SEO plugin. -->","yoast_head_json":{"title":"Tour \u00e0 empiler en bois Licorne - SES Creative","robots":{"index":"index","follow":"follow","max-snippet":"max-snippet:-1","max-image-preview":"max-image-preview:large","max-video-preview":"max-video-preview:-1"},"canonical":"https:\/\/ses-creative.com\/fr\/produit\/tour-a-empiler-en-bois-licorne\/","og_locale":"fr_FR","og_type":"article","og_title":"Tour \u00e0 empiler en bois Licorne - SES Creative","og_description":"D\u00e9couvrez et construisez avec la tour \u00e0 empiler en bois Licorne ! Empiler, apprendre et d\u00e9couvrir : avec la tour \u00e0 empiler en bois Licorne de SES Creative, jouer devient une aventure \u00e9ducative ! Cette joyeuse tour \u00e0 empiler, surmont\u00e9e d&rsquo;une adorable licorne, se compose de cinq anneaux en bois color\u00e9s et d&rsquo;une base vacillante. [&hellip;]","og_url":"https:\/\/ses-creative.com\/fr\/produit\/tour-a-empiler-en-bois-licorne\/","og_site_name":"SES Creative","article_modified_time":"2026-02-12T10:22:46+00:00","twitter_card":"summary_large_image","twitter_misc":{"Dur\u00e9e de lecture estim\u00e9e":"1 minute"},"schema":{"@context":"https:\/\/schema.org","@graph":[{"@type":"WebPage","@id":"https:\/\/ses-creative.com\/fr\/produit\/tour-a-empiler-en-bois-licorne\/","url":"https:\/\/ses-creative.com\/fr\/produit\/tour-a-empiler-en-bois-licorne\/","name":"Tour \u00e0 empiler en bois Licorne - SES Creative","isPartOf":{"@id":"https:\/\/ses-creative.com\/#website"},"primaryImageOfPage":{"@id":"https:\/\/ses-creative.com\/fr\/produit\/tour-a-empiler-en-bois-licorne\/#primaryimage"},"image":{"@id":"https:\/\/ses-creative.com\/fr\/produit\/tour-a-empiler-en-bois-licorne\/#primaryimage"},"thumbnailUrl":"https:\/\/ses-creative.com\/wp-content\/uploads\/2026\/01\/132521.jpg","datePublished":"2026-02-12T10:09:06+00:00","dateModified":"2026-02-12T10:22:46+00:00","breadcrumb":{"@id":"https:\/\/ses-creative.com\/fr\/produit\/tour-a-empiler-en-bois-licorne\/#breadcrumb"},"inLanguage":"fr-FR","potentialAction":[{"@type":"ReadAction","target":["https:\/\/ses-creative.com\/fr\/produit\/tour-a-empiler-en-bois-licorne\/"]}]},{"@type":"ImageObject","inLanguage":"fr-FR","@id":"https:\/\/ses-creative.com\/fr\/produit\/tour-a-empiler-en-bois-licorne\/#primaryimage","url":"https:\/\/ses-creative.com\/wp-content\/uploads\/2026\/01\/132521.jpg","contentUrl":"https:\/\/ses-creative.com\/wp-content\/uploads\/2026\/01\/132521.jpg","width":1000,"height":1000},{"@type":"BreadcrumbList","@id":"https:\/\/ses-creative.com\/fr\/produit\/tour-a-empiler-en-bois-licorne\/#breadcrumb","itemListElement":[{"@type":"ListItem","position":1,"name":"Boutique","item":"https:\/\/ses-creative.com\/fr\/boutique\/"},{"@type":"ListItem","position":2,"name":"B\u00e9b\u00e9 &amp; Tout-petit","item":"https:\/\/ses-creative.com\/fr\/product-categorie\/bebe-tout-petit\/"},{"@type":"ListItem","position":3,"name":"Tour \u00e0 empiler en bois Licorne"}]},{"@type":"WebSite","@id":"https:\/\/ses-creative.com\/#website","url":"https:\/\/ses-creative.com\/","name":"SES Creative","description":"","publisher":{"@id":"https:\/\/ses-creative.com\/#organization"},"potentialAction":[{"@type":"SearchAction","target":{"@type":"EntryPoint","urlTemplate":"https:\/\/ses-creative.com\/?s={search_term_string}"},"query-input":{"@type":"PropertyValueSpecification","valueRequired":true,"valueName":"search_term_string"}}],"inLanguage":"fr-FR"},{"@type":"Organization","@id":"https:\/\/ses-creative.com\/#organization","name":"SES Creative","url":"https:\/\/ses-creative.com\/","logo":{"@type":"ImageObject","inLanguage":"fr-FR","@id":"https:\/\/ses-creative.com\/#\/schema\/logo\/image\/","url":"https:\/\/ses-creative.com\/wp-content\/uploads\/2025\/10\/ses-creative-logo.jpg","contentUrl":"https:\/\/ses-creative.com\/wp-content\/uploads\/2025\/10\/ses-creative-logo.jpg","width":2037,"height":2037,"caption":"SES Creative"},"image":{"@id":"https:\/\/ses-creative.com\/#\/schema\/logo\/image\/"}}]}},"_links":{"self":[{"href":"https:\/\/ses-creative.com\/fr\/wp-json\/wp\/v2\/product\/118238","targetHints":{"allow":["GET"]}}],"collection":[{"href":"https:\/\/ses-creative.com\/fr\/wp-json\/wp\/v2\/product"}],"about":[{"href":"https:\/\/ses-creative.com\/fr\/wp-json\/wp\/v2\/types\/product"}],"replies":[{"embeddable":true,"href":"https:\/\/ses-creative.com\/fr\/wp-json\/wp\/v2\/comments?post=118238"}],"wp:featuredmedia":[{"embeddable":true,"href":"https:\/\/ses-creative.com\/fr\/wp-json\/wp\/v2\/media\/101168"}],"wp:attachment":[{"href":"https:\/\/ses-creative.com\/fr\/wp-json\/wp\/v2\/media?parent=118238"}],"wp:term":[{"taxonomy":"product_brand","embeddable":true,"href":"https:\/\/ses-creative.com\/fr\/wp-json\/wp\/v2\/product_brand?post=118238"},{"taxonomy":"product_cat","embeddable":true,"href":"https:\/\/ses-creative.com\/fr\/wp-json\/wp\/v2\/product_cat?post=118238"},{"taxonomy":"product_tag","embeddable":true,"href":"https:\/\/ses-creative.com\/fr\/wp-json\/wp\/v2\/product_tag?post=118238"}],"curies":[{"name":"wp","href":"https:\/\/api.w.org\/{rel}","templated":true}]}}