











{"id":118237,"date":"2026-02-12T10:09:06","date_gmt":"2026-02-12T10:09:06","guid":{"rendered":"https:\/\/ses-creative.com\/?post_type=product&#038;p=118237"},"modified":"2026-02-12T10:22:46","modified_gmt":"2026-02-12T10:22:46","slug":"blocs-de-construction-en-bois-licorne-52pcs","status":"publish","type":"product","link":"https:\/\/ses-creative.com\/fr\/produit\/blocs-de-construction-en-bois-licorne-52pcs\/","title":{"rendered":"Blocs de construction en bois licorne 52pcs"},"content":{"rendered":"<p>Construisez et laissez libre cours \u00e0 votre imagination avec les blocs de construction en bois Licorne !<br \/>\nDonnez vie \u00e0 la magie avec les blocs de construction en bois Licorne de SES Creative ! Cet ensemble enchanteur de 52 pi\u00e8ces permet aux enfants \u00e0 partir de 12 mois de construire, d\u00e9couvrir et imaginer \u00e0 l&rsquo;infini. Avec 49 blocs en bois color\u00e9s et 3 adorables formes de licorne, les petits constructeurs peuvent cr\u00e9er leur propre monde f\u00e9\u00e9rique, des tours et ch\u00e2teaux aux royaumes de licornes !<br \/>\nCe qui rend ce set g\u00e9nial<br \/>\n\u2022    Contient 49 blocs en bois aux couleurs modernes et 3 formes de licorne<br \/>\n\u2022    Stimule la motricit\u00e9 fine, la pens\u00e9e cr\u00e9ative et la perception spatiale<br \/>\n\u2022    Fabriqu\u00e9 \u00e0 partir de bois de haute qualit\u00e9 et sans danger pour les enfants<br \/>\n\u2022    Comprend un sac de rangement pratique pour un rangement rapide et facile<br \/>\n\u2022    Parfait pour les enfants \u00e0 partir de 12 mois<br \/>\nPourquoi ce produit est-il parfait pour vous ?<br \/>\nCe set de blocs en bois est parfait pour les parents qui souhaitent stimuler le jeu cr\u00e9atif avec des jouets durables. En empilant, construisant et combinant, votre enfant d\u00e9veloppe non seulement ses capacit\u00e9s motrices, mais aussi sa capacit\u00e9 \u00e0 r\u00e9soudre des probl\u00e8mes et son imagination, tout en s&rsquo;amusant dans son propre monde imaginaire.<br \/>\nContenu de l&#8217;emballage<br \/>\n\u2022    49 blocs de construction en bois<br \/>\n\u2022    3 formes de licorne imprim\u00e9es<br \/>\n\u2022    1 sac de rangement<br \/>\nPourquoi choisir SES Creative ?<br \/>\nChez SES Creative, l&rsquo;apprentissage ludique est au c\u0153ur de nos pr\u00e9occupations.<br \/>\nCommencez d\u00e8s aujourd&rsquo;hui \u00e0 construire de mani\u00e8re magique<br \/>\nLaissez votre enfant construire, d\u00e9couvrir et r\u00eaver avec les blocs de construction en bois Licorne de SES Creative. Pour un plaisir de jeu sans fin et plein d&rsquo;imagination, jour apr\u00e8s jour !<\/p>\n","protected":false},"excerpt":{"rendered":"<p>Construisez et laissez libre cours \u00e0 votre imagination avec les blocs de construction en bois Licorne ! Donnez vie \u00e0 la magie avec les blocs de construction en bois Licorne de SES Creative ! Cet ensemble enchanteur de 52 pi\u00e8ces permet aux enfants \u00e0 partir de 12 mois de construire, d\u00e9couvrir et imaginer \u00e0 l&rsquo;infini. [&hellip;]<\/p>\n","protected":false},"featured_media":101148,"comment_status":"closed","ping_status":"closed","template":"","meta":{"_acf_changed":false},"product_brand":[],"product_cat":[123],"product_tag":[],"class_list":{"0":"post-118237","1":"product","2":"type-product","3":"status-publish","4":"has-post-thumbnail","6":"product_cat-bebe-tout-petit","7":"pa_leeftijd-filter-0-2-ans","8":"pa_meest-populair-bij-garcons-filles","10":"first","11":"instock","12":"shipping-taxable","13":"product-type-simple"},"acf":[],"yoast_head":"<!-- This site is optimized with the Yoast SEO plugin v27.2 - https:\/\/yoast.com\/product\/yoast-seo-wordpress\/ -->\n<title>Blocs de construction en bois licorne 52pcs - SES Creative<\/title>\n<meta name=\"robots\" content=\"index, follow, max-snippet:-1, max-image-preview:large, max-video-preview:-1\" \/>\n<link rel=\"canonical\" href=\"https:\/\/ses-creative.com\/fr\/produit\/blocs-de-construction-en-bois-licorne-52pcs\/\" \/>\n<meta property=\"og:locale\" content=\"fr_FR\" \/>\n<meta property=\"og:type\" content=\"article\" \/>\n<meta property=\"og:title\" content=\"Blocs de construction en bois licorne 52pcs - SES Creative\" \/>\n<meta property=\"og:description\" content=\"Construisez et laissez libre cours \u00e0 votre imagination avec les blocs de construction en bois Licorne ! Donnez vie \u00e0 la magie avec les blocs de construction en bois Licorne de SES Creative ! Cet ensemble enchanteur de 52 pi\u00e8ces permet aux enfants \u00e0 partir de 12 mois de construire, d\u00e9couvrir et imaginer \u00e0 l&rsquo;infini. [&hellip;]\" \/>\n<meta property=\"og:url\" content=\"https:\/\/ses-creative.com\/fr\/produit\/blocs-de-construction-en-bois-licorne-52pcs\/\" \/>\n<meta property=\"og:site_name\" content=\"SES Creative\" \/>\n<meta property=\"article:modified_time\" content=\"2026-02-12T10:22:46+00:00\" \/>\n<meta name=\"twitter:card\" content=\"summary_large_image\" \/>\n<meta name=\"twitter:label1\" content=\"Dur\u00e9e de lecture estim\u00e9e\" \/>\n\t<meta name=\"twitter:data1\" content=\"1 minute\" \/>\n<script type=\"application\/ld+json\" class=\"yoast-schema-graph\">{\"@context\":\"https:\/\/schema.org\",\"@graph\":[{\"@type\":\"WebPage\",\"@id\":\"https:\/\/ses-creative.com\/fr\/produit\/blocs-de-construction-en-bois-licorne-52pcs\/\",\"url\":\"https:\/\/ses-creative.com\/fr\/produit\/blocs-de-construction-en-bois-licorne-52pcs\/\",\"name\":\"Blocs de construction en bois licorne 52pcs - SES Creative\",\"isPartOf\":{\"@id\":\"https:\/\/ses-creative.com\/#website\"},\"primaryImageOfPage\":{\"@id\":\"https:\/\/ses-creative.com\/fr\/produit\/blocs-de-construction-en-bois-licorne-52pcs\/#primaryimage\"},\"image\":{\"@id\":\"https:\/\/ses-creative.com\/fr\/produit\/blocs-de-construction-en-bois-licorne-52pcs\/#primaryimage\"},\"thumbnailUrl\":\"https:\/\/ses-creative.com\/wp-content\/uploads\/2026\/01\/132511.jpg\",\"datePublished\":\"2026-02-12T10:09:06+00:00\",\"dateModified\":\"2026-02-12T10:22:46+00:00\",\"breadcrumb\":{\"@id\":\"https:\/\/ses-creative.com\/fr\/produit\/blocs-de-construction-en-bois-licorne-52pcs\/#breadcrumb\"},\"inLanguage\":\"fr-FR\",\"potentialAction\":[{\"@type\":\"ReadAction\",\"target\":[\"https:\/\/ses-creative.com\/fr\/produit\/blocs-de-construction-en-bois-licorne-52pcs\/\"]}]},{\"@type\":\"ImageObject\",\"inLanguage\":\"fr-FR\",\"@id\":\"https:\/\/ses-creative.com\/fr\/produit\/blocs-de-construction-en-bois-licorne-52pcs\/#primaryimage\",\"url\":\"https:\/\/ses-creative.com\/wp-content\/uploads\/2026\/01\/132511.jpg\",\"contentUrl\":\"https:\/\/ses-creative.com\/wp-content\/uploads\/2026\/01\/132511.jpg\",\"width\":1000,\"height\":1000},{\"@type\":\"BreadcrumbList\",\"@id\":\"https:\/\/ses-creative.com\/fr\/produit\/blocs-de-construction-en-bois-licorne-52pcs\/#breadcrumb\",\"itemListElement\":[{\"@type\":\"ListItem\",\"position\":1,\"name\":\"Boutique\",\"item\":\"https:\/\/ses-creative.com\/fr\/boutique\/\"},{\"@type\":\"ListItem\",\"position\":2,\"name\":\"B\u00e9b\u00e9 &amp; Tout-petit\",\"item\":\"https:\/\/ses-creative.com\/fr\/product-categorie\/bebe-tout-petit\/\"},{\"@type\":\"ListItem\",\"position\":3,\"name\":\"Blocs de construction en bois licorne 52pcs\"}]},{\"@type\":\"WebSite\",\"@id\":\"https:\/\/ses-creative.com\/#website\",\"url\":\"https:\/\/ses-creative.com\/\",\"name\":\"SES Creative\",\"description\":\"\",\"publisher\":{\"@id\":\"https:\/\/ses-creative.com\/#organization\"},\"potentialAction\":[{\"@type\":\"SearchAction\",\"target\":{\"@type\":\"EntryPoint\",\"urlTemplate\":\"https:\/\/ses-creative.com\/?s={search_term_string}\"},\"query-input\":{\"@type\":\"PropertyValueSpecification\",\"valueRequired\":true,\"valueName\":\"search_term_string\"}}],\"inLanguage\":\"fr-FR\"},{\"@type\":\"Organization\",\"@id\":\"https:\/\/ses-creative.com\/#organization\",\"name\":\"SES Creative\",\"url\":\"https:\/\/ses-creative.com\/\",\"logo\":{\"@type\":\"ImageObject\",\"inLanguage\":\"fr-FR\",\"@id\":\"https:\/\/ses-creative.com\/#\/schema\/logo\/image\/\",\"url\":\"https:\/\/ses-creative.com\/wp-content\/uploads\/2025\/10\/ses-creative-logo.jpg\",\"contentUrl\":\"https:\/\/ses-creative.com\/wp-content\/uploads\/2025\/10\/ses-creative-logo.jpg\",\"width\":2037,\"height\":2037,\"caption\":\"SES Creative\"},\"image\":{\"@id\":\"https:\/\/ses-creative.com\/#\/schema\/logo\/image\/\"}}]}<\/script>\n<!-- \/ Yoast SEO plugin. -->","yoast_head_json":{"title":"Blocs de construction en bois licorne 52pcs - SES Creative","robots":{"index":"index","follow":"follow","max-snippet":"max-snippet:-1","max-image-preview":"max-image-preview:large","max-video-preview":"max-video-preview:-1"},"canonical":"https:\/\/ses-creative.com\/fr\/produit\/blocs-de-construction-en-bois-licorne-52pcs\/","og_locale":"fr_FR","og_type":"article","og_title":"Blocs de construction en bois licorne 52pcs - SES Creative","og_description":"Construisez et laissez libre cours \u00e0 votre imagination avec les blocs de construction en bois Licorne ! Donnez vie \u00e0 la magie avec les blocs de construction en bois Licorne de SES Creative ! Cet ensemble enchanteur de 52 pi\u00e8ces permet aux enfants \u00e0 partir de 12 mois de construire, d\u00e9couvrir et imaginer \u00e0 l&rsquo;infini. [&hellip;]","og_url":"https:\/\/ses-creative.com\/fr\/produit\/blocs-de-construction-en-bois-licorne-52pcs\/","og_site_name":"SES Creative","article_modified_time":"2026-02-12T10:22:46+00:00","twitter_card":"summary_large_image","twitter_misc":{"Dur\u00e9e de lecture estim\u00e9e":"1 minute"},"schema":{"@context":"https:\/\/schema.org","@graph":[{"@type":"WebPage","@id":"https:\/\/ses-creative.com\/fr\/produit\/blocs-de-construction-en-bois-licorne-52pcs\/","url":"https:\/\/ses-creative.com\/fr\/produit\/blocs-de-construction-en-bois-licorne-52pcs\/","name":"Blocs de construction en bois licorne 52pcs - SES Creative","isPartOf":{"@id":"https:\/\/ses-creative.com\/#website"},"primaryImageOfPage":{"@id":"https:\/\/ses-creative.com\/fr\/produit\/blocs-de-construction-en-bois-licorne-52pcs\/#primaryimage"},"image":{"@id":"https:\/\/ses-creative.com\/fr\/produit\/blocs-de-construction-en-bois-licorne-52pcs\/#primaryimage"},"thumbnailUrl":"https:\/\/ses-creative.com\/wp-content\/uploads\/2026\/01\/132511.jpg","datePublished":"2026-02-12T10:09:06+00:00","dateModified":"2026-02-12T10:22:46+00:00","breadcrumb":{"@id":"https:\/\/ses-creative.com\/fr\/produit\/blocs-de-construction-en-bois-licorne-52pcs\/#breadcrumb"},"inLanguage":"fr-FR","potentialAction":[{"@type":"ReadAction","target":["https:\/\/ses-creative.com\/fr\/produit\/blocs-de-construction-en-bois-licorne-52pcs\/"]}]},{"@type":"ImageObject","inLanguage":"fr-FR","@id":"https:\/\/ses-creative.com\/fr\/produit\/blocs-de-construction-en-bois-licorne-52pcs\/#primaryimage","url":"https:\/\/ses-creative.com\/wp-content\/uploads\/2026\/01\/132511.jpg","contentUrl":"https:\/\/ses-creative.com\/wp-content\/uploads\/2026\/01\/132511.jpg","width":1000,"height":1000},{"@type":"BreadcrumbList","@id":"https:\/\/ses-creative.com\/fr\/produit\/blocs-de-construction-en-bois-licorne-52pcs\/#breadcrumb","itemListElement":[{"@type":"ListItem","position":1,"name":"Boutique","item":"https:\/\/ses-creative.com\/fr\/boutique\/"},{"@type":"ListItem","position":2,"name":"B\u00e9b\u00e9 &amp; Tout-petit","item":"https:\/\/ses-creative.com\/fr\/product-categorie\/bebe-tout-petit\/"},{"@type":"ListItem","position":3,"name":"Blocs de construction en bois licorne 52pcs"}]},{"@type":"WebSite","@id":"https:\/\/ses-creative.com\/#website","url":"https:\/\/ses-creative.com\/","name":"SES Creative","description":"","publisher":{"@id":"https:\/\/ses-creative.com\/#organization"},"potentialAction":[{"@type":"SearchAction","target":{"@type":"EntryPoint","urlTemplate":"https:\/\/ses-creative.com\/?s={search_term_string}"},"query-input":{"@type":"PropertyValueSpecification","valueRequired":true,"valueName":"search_term_string"}}],"inLanguage":"fr-FR"},{"@type":"Organization","@id":"https:\/\/ses-creative.com\/#organization","name":"SES Creative","url":"https:\/\/ses-creative.com\/","logo":{"@type":"ImageObject","inLanguage":"fr-FR","@id":"https:\/\/ses-creative.com\/#\/schema\/logo\/image\/","url":"https:\/\/ses-creative.com\/wp-content\/uploads\/2025\/10\/ses-creative-logo.jpg","contentUrl":"https:\/\/ses-creative.com\/wp-content\/uploads\/2025\/10\/ses-creative-logo.jpg","width":2037,"height":2037,"caption":"SES Creative"},"image":{"@id":"https:\/\/ses-creative.com\/#\/schema\/logo\/image\/"}}]}},"_links":{"self":[{"href":"https:\/\/ses-creative.com\/fr\/wp-json\/wp\/v2\/product\/118237","targetHints":{"allow":["GET"]}}],"collection":[{"href":"https:\/\/ses-creative.com\/fr\/wp-json\/wp\/v2\/product"}],"about":[{"href":"https:\/\/ses-creative.com\/fr\/wp-json\/wp\/v2\/types\/product"}],"replies":[{"embeddable":true,"href":"https:\/\/ses-creative.com\/fr\/wp-json\/wp\/v2\/comments?post=118237"}],"wp:featuredmedia":[{"embeddable":true,"href":"https:\/\/ses-creative.com\/fr\/wp-json\/wp\/v2\/media\/101148"}],"wp:attachment":[{"href":"https:\/\/ses-creative.com\/fr\/wp-json\/wp\/v2\/media?parent=118237"}],"wp:term":[{"taxonomy":"product_brand","embeddable":true,"href":"https:\/\/ses-creative.com\/fr\/wp-json\/wp\/v2\/product_brand?post=118237"},{"taxonomy":"product_cat","embeddable":true,"href":"https:\/\/ses-creative.com\/fr\/wp-json\/wp\/v2\/product_cat?post=118237"},{"taxonomy":"product_tag","embeddable":true,"href":"https:\/\/ses-creative.com\/fr\/wp-json\/wp\/v2\/product_tag?post=118237"}],"curies":[{"name":"wp","href":"https:\/\/api.w.org\/{rel}","templated":true}]}}