











{"id":118235,"date":"2026-02-12T10:09:06","date_gmt":"2026-02-12T10:09:06","guid":{"rendered":"https:\/\/ses-creative.com\/?post_type=product&#038;p=118235"},"modified":"2026-02-12T10:22:45","modified_gmt":"2026-02-12T10:22:45","slug":"jeu-de-peche-a-la-ligne-pour-le-au-bain","status":"publish","type":"product","link":"https:\/\/ses-creative.com\/fr\/produit\/jeu-de-peche-a-la-ligne-pour-le-au-bain\/","title":{"rendered":"Jeu de p\u00eache \u00e0 la ligne pour le au bain"},"content":{"rendered":"<p>Attrapez et \u00e9claboussez avec le jeu de p\u00eache dans le bain !<br \/>\nTransformez l&rsquo;heure du bain en une aventure passionnante avec le jeu de p\u00eache pour le bain de SES Creative ! Avec 8 animaux marins color\u00e9s en mousse, une canne \u00e0 p\u00eache solide et une ligne pratique, les enfants \u00e0 partir de 3 ans peuvent p\u00eacher dans le bain tout en s&rsquo;amusant. Les figurines flottantes permettent un jeu interactif qui stimule la motricit\u00e9, la coordination \u0153il-main et l&rsquo;imagination, tout en permettant \u00e0 votre enfant de s&rsquo;amuser \u00e0 chaque \u00ab prise \u00bb !<br \/>\nCe qui rend ce set g\u00e9nial<br \/>\n&#8211;    Contient 8 animaux marins en mousse, une canne \u00e0 p\u00eache et une ligne avec hame\u00e7on<br \/>\n&#8211;    Stimule la coordination \u0153il-main et la motricit\u00e9 fine<br \/>\n&#8211; Mat\u00e9riaux doux et s\u00fbrs pour les petites mains<br \/>\n&#8211;    Parfait pour les jeux de r\u00f4le cr\u00e9atifs et les plaisirs du bain<br \/>\n&#8211;    Id\u00e9al pour les enfants \u00e0 partir de 3 ans<br \/>\nPourquoi ce produit est-il parfait pour vous ?<br \/>\nLe jeu de p\u00eache dans le bain est id\u00e9al pour les parents qui souhaitent transformer l&rsquo;heure du bain en une exp\u00e9rience \u00e9ducative et amusante. Ce jouet occupe les enfants sans \u00e9cran ni d\u00e9sordre et stimule de mani\u00e8re ludique des comp\u00e9tences importantes pour leur d\u00e9veloppement. De plus, il est solide et durable, pr\u00eat pour d&rsquo;innombrables aventures dans le bain.<br \/>\nContenu de l&#8217;emballage<br \/>\n&#8211;    8 animaux marins en mousse<br \/>\n&#8211;    1 canne \u00e0 p\u00eache<br \/>\n&#8211;    1 ligne avec hame\u00e7on<br \/>\nPourquoi choisir SES Creative ?<br \/>\nSES Creative d\u00e9veloppe des jouets qui allient imagination et d\u00e9veloppement.<br \/>\nCommencez d\u00e8s aujourd&rsquo;hui \u00e0 p\u00eacher dans le bain<br \/>\nPlongez dans l&rsquo;aventure et amusez-vous ensemble dans le bain avec le jeu de p\u00eache SES Creative. Pour un plaisir \u00e9ducatif et interactif sans fin, encore et encore !<\/p>\n","protected":false},"excerpt":{"rendered":"<p>Attrapez et \u00e9claboussez avec le jeu de p\u00eache dans le bain ! Transformez l&rsquo;heure du bain en une aventure passionnante avec le jeu de p\u00eache pour le bain de SES Creative ! Avec 8 animaux marins color\u00e9s en mousse, une canne \u00e0 p\u00eache solide et une ligne pratique, les enfants \u00e0 partir de 3 ans [&hellip;]<\/p>\n","protected":false},"featured_media":101108,"comment_status":"closed","ping_status":"closed","template":"","meta":{"_acf_changed":false},"product_brand":[],"product_cat":[123],"product_tag":[],"class_list":{"0":"post-118235","1":"product","2":"type-product","3":"status-publish","4":"has-post-thumbnail","6":"product_cat-bebe-tout-petit","7":"pa_leeftijd-filter-3-4-ans","8":"pa_meest-populair-bij-garcons-filles","10":"first","11":"instock","12":"shipping-taxable","13":"product-type-simple"},"acf":[],"yoast_head":"<!-- This site is optimized with the Yoast SEO plugin v27.2 - https:\/\/yoast.com\/product\/yoast-seo-wordpress\/ -->\n<title>Jeu de p\u00eache \u00e0 la ligne pour le au bain - SES Creative<\/title>\n<meta name=\"robots\" content=\"index, follow, max-snippet:-1, max-image-preview:large, max-video-preview:-1\" \/>\n<link rel=\"canonical\" href=\"https:\/\/ses-creative.com\/fr\/produit\/jeu-de-peche-a-la-ligne-pour-le-au-bain\/\" \/>\n<meta property=\"og:locale\" content=\"fr_FR\" \/>\n<meta property=\"og:type\" content=\"article\" \/>\n<meta property=\"og:title\" content=\"Jeu de p\u00eache \u00e0 la ligne pour le au bain - SES Creative\" \/>\n<meta property=\"og:description\" content=\"Attrapez et \u00e9claboussez avec le jeu de p\u00eache dans le bain ! Transformez l&rsquo;heure du bain en une aventure passionnante avec le jeu de p\u00eache pour le bain de SES Creative ! Avec 8 animaux marins color\u00e9s en mousse, une canne \u00e0 p\u00eache solide et une ligne pratique, les enfants \u00e0 partir de 3 ans [&hellip;]\" \/>\n<meta property=\"og:url\" content=\"https:\/\/ses-creative.com\/fr\/produit\/jeu-de-peche-a-la-ligne-pour-le-au-bain\/\" \/>\n<meta property=\"og:site_name\" content=\"SES Creative\" \/>\n<meta property=\"article:modified_time\" content=\"2026-02-12T10:22:45+00:00\" \/>\n<meta name=\"twitter:card\" content=\"summary_large_image\" \/>\n<meta name=\"twitter:label1\" content=\"Dur\u00e9e de lecture estim\u00e9e\" \/>\n\t<meta name=\"twitter:data1\" content=\"1 minute\" \/>\n<script type=\"application\/ld+json\" class=\"yoast-schema-graph\">{\"@context\":\"https:\/\/schema.org\",\"@graph\":[{\"@type\":\"WebPage\",\"@id\":\"https:\/\/ses-creative.com\/fr\/produit\/jeu-de-peche-a-la-ligne-pour-le-au-bain\/\",\"url\":\"https:\/\/ses-creative.com\/fr\/produit\/jeu-de-peche-a-la-ligne-pour-le-au-bain\/\",\"name\":\"Jeu de p\u00eache \u00e0 la ligne pour le au bain - SES Creative\",\"isPartOf\":{\"@id\":\"https:\/\/ses-creative.com\/#website\"},\"primaryImageOfPage\":{\"@id\":\"https:\/\/ses-creative.com\/fr\/produit\/jeu-de-peche-a-la-ligne-pour-le-au-bain\/#primaryimage\"},\"image\":{\"@id\":\"https:\/\/ses-creative.com\/fr\/produit\/jeu-de-peche-a-la-ligne-pour-le-au-bain\/#primaryimage\"},\"thumbnailUrl\":\"https:\/\/ses-creative.com\/wp-content\/uploads\/2026\/01\/132211.jpg\",\"datePublished\":\"2026-02-12T10:09:06+00:00\",\"dateModified\":\"2026-02-12T10:22:45+00:00\",\"breadcrumb\":{\"@id\":\"https:\/\/ses-creative.com\/fr\/produit\/jeu-de-peche-a-la-ligne-pour-le-au-bain\/#breadcrumb\"},\"inLanguage\":\"fr-FR\",\"potentialAction\":[{\"@type\":\"ReadAction\",\"target\":[\"https:\/\/ses-creative.com\/fr\/produit\/jeu-de-peche-a-la-ligne-pour-le-au-bain\/\"]}]},{\"@type\":\"ImageObject\",\"inLanguage\":\"fr-FR\",\"@id\":\"https:\/\/ses-creative.com\/fr\/produit\/jeu-de-peche-a-la-ligne-pour-le-au-bain\/#primaryimage\",\"url\":\"https:\/\/ses-creative.com\/wp-content\/uploads\/2026\/01\/132211.jpg\",\"contentUrl\":\"https:\/\/ses-creative.com\/wp-content\/uploads\/2026\/01\/132211.jpg\",\"width\":1000,\"height\":1000},{\"@type\":\"BreadcrumbList\",\"@id\":\"https:\/\/ses-creative.com\/fr\/produit\/jeu-de-peche-a-la-ligne-pour-le-au-bain\/#breadcrumb\",\"itemListElement\":[{\"@type\":\"ListItem\",\"position\":1,\"name\":\"Boutique\",\"item\":\"https:\/\/ses-creative.com\/fr\/boutique\/\"},{\"@type\":\"ListItem\",\"position\":2,\"name\":\"B\u00e9b\u00e9 &amp; Tout-petit\",\"item\":\"https:\/\/ses-creative.com\/fr\/product-categorie\/bebe-tout-petit\/\"},{\"@type\":\"ListItem\",\"position\":3,\"name\":\"Jeu de p\u00eache \u00e0 la ligne pour le au bain\"}]},{\"@type\":\"WebSite\",\"@id\":\"https:\/\/ses-creative.com\/#website\",\"url\":\"https:\/\/ses-creative.com\/\",\"name\":\"SES Creative\",\"description\":\"\",\"publisher\":{\"@id\":\"https:\/\/ses-creative.com\/#organization\"},\"potentialAction\":[{\"@type\":\"SearchAction\",\"target\":{\"@type\":\"EntryPoint\",\"urlTemplate\":\"https:\/\/ses-creative.com\/?s={search_term_string}\"},\"query-input\":{\"@type\":\"PropertyValueSpecification\",\"valueRequired\":true,\"valueName\":\"search_term_string\"}}],\"inLanguage\":\"fr-FR\"},{\"@type\":\"Organization\",\"@id\":\"https:\/\/ses-creative.com\/#organization\",\"name\":\"SES Creative\",\"url\":\"https:\/\/ses-creative.com\/\",\"logo\":{\"@type\":\"ImageObject\",\"inLanguage\":\"fr-FR\",\"@id\":\"https:\/\/ses-creative.com\/#\/schema\/logo\/image\/\",\"url\":\"https:\/\/ses-creative.com\/wp-content\/uploads\/2025\/10\/ses-creative-logo.jpg\",\"contentUrl\":\"https:\/\/ses-creative.com\/wp-content\/uploads\/2025\/10\/ses-creative-logo.jpg\",\"width\":2037,\"height\":2037,\"caption\":\"SES Creative\"},\"image\":{\"@id\":\"https:\/\/ses-creative.com\/#\/schema\/logo\/image\/\"}}]}<\/script>\n<!-- \/ Yoast SEO plugin. -->","yoast_head_json":{"title":"Jeu de p\u00eache \u00e0 la ligne pour le au bain - SES Creative","robots":{"index":"index","follow":"follow","max-snippet":"max-snippet:-1","max-image-preview":"max-image-preview:large","max-video-preview":"max-video-preview:-1"},"canonical":"https:\/\/ses-creative.com\/fr\/produit\/jeu-de-peche-a-la-ligne-pour-le-au-bain\/","og_locale":"fr_FR","og_type":"article","og_title":"Jeu de p\u00eache \u00e0 la ligne pour le au bain - SES Creative","og_description":"Attrapez et \u00e9claboussez avec le jeu de p\u00eache dans le bain ! Transformez l&rsquo;heure du bain en une aventure passionnante avec le jeu de p\u00eache pour le bain de SES Creative ! Avec 8 animaux marins color\u00e9s en mousse, une canne \u00e0 p\u00eache solide et une ligne pratique, les enfants \u00e0 partir de 3 ans [&hellip;]","og_url":"https:\/\/ses-creative.com\/fr\/produit\/jeu-de-peche-a-la-ligne-pour-le-au-bain\/","og_site_name":"SES Creative","article_modified_time":"2026-02-12T10:22:45+00:00","twitter_card":"summary_large_image","twitter_misc":{"Dur\u00e9e de lecture estim\u00e9e":"1 minute"},"schema":{"@context":"https:\/\/schema.org","@graph":[{"@type":"WebPage","@id":"https:\/\/ses-creative.com\/fr\/produit\/jeu-de-peche-a-la-ligne-pour-le-au-bain\/","url":"https:\/\/ses-creative.com\/fr\/produit\/jeu-de-peche-a-la-ligne-pour-le-au-bain\/","name":"Jeu de p\u00eache \u00e0 la ligne pour le au bain - SES Creative","isPartOf":{"@id":"https:\/\/ses-creative.com\/#website"},"primaryImageOfPage":{"@id":"https:\/\/ses-creative.com\/fr\/produit\/jeu-de-peche-a-la-ligne-pour-le-au-bain\/#primaryimage"},"image":{"@id":"https:\/\/ses-creative.com\/fr\/produit\/jeu-de-peche-a-la-ligne-pour-le-au-bain\/#primaryimage"},"thumbnailUrl":"https:\/\/ses-creative.com\/wp-content\/uploads\/2026\/01\/132211.jpg","datePublished":"2026-02-12T10:09:06+00:00","dateModified":"2026-02-12T10:22:45+00:00","breadcrumb":{"@id":"https:\/\/ses-creative.com\/fr\/produit\/jeu-de-peche-a-la-ligne-pour-le-au-bain\/#breadcrumb"},"inLanguage":"fr-FR","potentialAction":[{"@type":"ReadAction","target":["https:\/\/ses-creative.com\/fr\/produit\/jeu-de-peche-a-la-ligne-pour-le-au-bain\/"]}]},{"@type":"ImageObject","inLanguage":"fr-FR","@id":"https:\/\/ses-creative.com\/fr\/produit\/jeu-de-peche-a-la-ligne-pour-le-au-bain\/#primaryimage","url":"https:\/\/ses-creative.com\/wp-content\/uploads\/2026\/01\/132211.jpg","contentUrl":"https:\/\/ses-creative.com\/wp-content\/uploads\/2026\/01\/132211.jpg","width":1000,"height":1000},{"@type":"BreadcrumbList","@id":"https:\/\/ses-creative.com\/fr\/produit\/jeu-de-peche-a-la-ligne-pour-le-au-bain\/#breadcrumb","itemListElement":[{"@type":"ListItem","position":1,"name":"Boutique","item":"https:\/\/ses-creative.com\/fr\/boutique\/"},{"@type":"ListItem","position":2,"name":"B\u00e9b\u00e9 &amp; Tout-petit","item":"https:\/\/ses-creative.com\/fr\/product-categorie\/bebe-tout-petit\/"},{"@type":"ListItem","position":3,"name":"Jeu de p\u00eache \u00e0 la ligne pour le au bain"}]},{"@type":"WebSite","@id":"https:\/\/ses-creative.com\/#website","url":"https:\/\/ses-creative.com\/","name":"SES Creative","description":"","publisher":{"@id":"https:\/\/ses-creative.com\/#organization"},"potentialAction":[{"@type":"SearchAction","target":{"@type":"EntryPoint","urlTemplate":"https:\/\/ses-creative.com\/?s={search_term_string}"},"query-input":{"@type":"PropertyValueSpecification","valueRequired":true,"valueName":"search_term_string"}}],"inLanguage":"fr-FR"},{"@type":"Organization","@id":"https:\/\/ses-creative.com\/#organization","name":"SES Creative","url":"https:\/\/ses-creative.com\/","logo":{"@type":"ImageObject","inLanguage":"fr-FR","@id":"https:\/\/ses-creative.com\/#\/schema\/logo\/image\/","url":"https:\/\/ses-creative.com\/wp-content\/uploads\/2025\/10\/ses-creative-logo.jpg","contentUrl":"https:\/\/ses-creative.com\/wp-content\/uploads\/2025\/10\/ses-creative-logo.jpg","width":2037,"height":2037,"caption":"SES Creative"},"image":{"@id":"https:\/\/ses-creative.com\/#\/schema\/logo\/image\/"}}]}},"_links":{"self":[{"href":"https:\/\/ses-creative.com\/fr\/wp-json\/wp\/v2\/product\/118235","targetHints":{"allow":["GET"]}}],"collection":[{"href":"https:\/\/ses-creative.com\/fr\/wp-json\/wp\/v2\/product"}],"about":[{"href":"https:\/\/ses-creative.com\/fr\/wp-json\/wp\/v2\/types\/product"}],"replies":[{"embeddable":true,"href":"https:\/\/ses-creative.com\/fr\/wp-json\/wp\/v2\/comments?post=118235"}],"wp:featuredmedia":[{"embeddable":true,"href":"https:\/\/ses-creative.com\/fr\/wp-json\/wp\/v2\/media\/101108"}],"wp:attachment":[{"href":"https:\/\/ses-creative.com\/fr\/wp-json\/wp\/v2\/media?parent=118235"}],"wp:term":[{"taxonomy":"product_brand","embeddable":true,"href":"https:\/\/ses-creative.com\/fr\/wp-json\/wp\/v2\/product_brand?post=118235"},{"taxonomy":"product_cat","embeddable":true,"href":"https:\/\/ses-creative.com\/fr\/wp-json\/wp\/v2\/product_cat?post=118235"},{"taxonomy":"product_tag","embeddable":true,"href":"https:\/\/ses-creative.com\/fr\/wp-json\/wp\/v2\/product_tag?post=118235"}],"curies":[{"name":"wp","href":"https:\/\/api.w.org\/{rel}","templated":true}]}}