











{"id":118234,"date":"2026-02-12T10:09:06","date_gmt":"2026-02-12T10:09:06","guid":{"rendered":"https:\/\/ses-creative.com\/?post_type=product&#038;p=118234"},"modified":"2026-02-12T10:22:45","modified_gmt":"2026-02-12T10:22:45","slug":"livre-pour-le-bain-coloriage-a-leau-dinosaures","status":"publish","type":"product","link":"https:\/\/ses-creative.com\/fr\/produit\/livre-pour-le-bain-coloriage-a-leau-dinosaures\/","title":{"rendered":"Livre pour le bain &#8211; Coloriage \u00e0 l&rsquo;eau dinosaures"},"content":{"rendered":"<p>Donnez vie aux dinosaures avec le plaisir de la peinture \u00e0 l&rsquo;eau !<br \/>\nPartez \u00e0 l&rsquo;aventure dans un monde pr\u00e9historique avec le livre de coloriage \u00e0 l&rsquo;eau SES Creative &#8211; Dinosaures ! Ce livre magique est sp\u00e9cialement con\u00e7u pour les petites mains et les esprits curieux \u00e0 partir de 6 mois. Il suffit d&rsquo;ajouter de l&rsquo;eau pour voir appara\u00eetre des dinosaures color\u00e9s et des surprises cach\u00e9es, encore et encore !<\/p>\n<p>Ce qui rend ce produit unique<\/p>\n<p>Livre de coloriage r\u00e9utilisable avec 8 pages imperm\u00e9ables<\/p>\n<p>D\u00e9couvrez 15 surprises cach\u00e9es par page<\/p>\n<p>Activez les couleurs avec seulement de l&rsquo;eau \u2013 100 % sans g\u00e2chis<\/p>\n<p>Stimule la motricit\u00e9 fine et la coordination \u0153il-main<\/p>\n<p>Id\u00e9al pour l&rsquo;heure du bain, \u00e0 table ou en d\u00e9placement<\/p>\n<p>Conception s\u00fbre et durable pour les jeunes enfants<\/p>\n<p>Pourquoi ce produit est parfait pour vous<br \/>\nLes parents qui recherchent une activit\u00e9 calme et stimulante pour leur enfant adoreront ce livre. Il combine jeu cr\u00e9atif et d\u00e9veloppement, sans peinture, sans feutres et sans stress li\u00e9 au nettoyage. Parfait pour une premi\u00e8re initiation aux couleurs et aux formes, avec un effet magique qui ne lasse jamais.<\/p>\n<p>Contenu de l&#8217;emballage<\/p>\n<p>1 livre de coloriage \u00e0 l&rsquo;eau \u2013 Dinosaures (8 pages)<\/p>\n<p>Sans accessoires \u2013 utilisez simplement de l&rsquo;eau !<\/p>\n<p>Stimulez l&rsquo;apprentissage par le jeu<br \/>\nChaque page offre un nouveau monde \u00e0 d\u00e9couvrir, rempli de dinosaures, de couleurs et de surprises. Votre enfant apprend de mani\u00e8re ludique \u00e0 comprendre les relations de cause \u00e0 effet et s&rsquo;\u00e9merveille \u00e0 chaque fois devant le changement magique des couleurs.<\/p>\n<p>Commencez d\u00e8s aujourd&rsquo;hui avec la magie des couleurs \u00e0 l&rsquo;eau !<br \/>\nDonnez vie aux couleurs avec le livre de coloriage \u00e0 l&rsquo;eau &#8211; Dinosaures de SES Creative. Pour les petits curieux qui aiment la d\u00e9couverte, l&rsquo;aventure et&#8230; les dinosaures !<\/p>\n","protected":false},"excerpt":{"rendered":"<p>Donnez vie aux dinosaures avec le plaisir de la peinture \u00e0 l&rsquo;eau ! Partez \u00e0 l&rsquo;aventure dans un monde pr\u00e9historique avec le livre de coloriage \u00e0 l&rsquo;eau SES Creative &#8211; Dinosaures ! Ce livre magique est sp\u00e9cialement con\u00e7u pour les petites mains et les esprits curieux \u00e0 partir de 6 mois. Il suffit d&rsquo;ajouter de [&hellip;]<\/p>\n","protected":false},"featured_media":101088,"comment_status":"closed","ping_status":"closed","template":"","meta":{"_acf_changed":false},"product_brand":[],"product_cat":[123],"product_tag":[],"class_list":{"0":"post-118234","1":"product","2":"type-product","3":"status-publish","4":"has-post-thumbnail","6":"product_cat-bebe-tout-petit","7":"pa_leeftijd-filter-0-2-ans","8":"pa_meest-populair-bij-garcons-filles","10":"first","11":"instock","12":"shipping-taxable","13":"product-type-simple"},"acf":[],"yoast_head":"<!-- This site is optimized with the Yoast SEO plugin v27.4 - https:\/\/yoast.com\/product\/yoast-seo-wordpress\/ -->\n<title>Livre pour le bain - Coloriage \u00e0 l&#039;eau dinosaures - SES Creative<\/title>\n<meta name=\"robots\" content=\"index, follow, max-snippet:-1, max-image-preview:large, max-video-preview:-1\" \/>\n<link rel=\"canonical\" href=\"https:\/\/ses-creative.com\/fr\/produit\/livre-pour-le-bain-coloriage-a-leau-dinosaures\/\" \/>\n<meta property=\"og:locale\" content=\"fr_FR\" \/>\n<meta property=\"og:type\" content=\"article\" \/>\n<meta property=\"og:title\" content=\"Livre pour le bain - Coloriage \u00e0 l&#039;eau dinosaures - SES Creative\" \/>\n<meta property=\"og:description\" content=\"Donnez vie aux dinosaures avec le plaisir de la peinture \u00e0 l&rsquo;eau ! Partez \u00e0 l&rsquo;aventure dans un monde pr\u00e9historique avec le livre de coloriage \u00e0 l&rsquo;eau SES Creative &#8211; Dinosaures ! Ce livre magique est sp\u00e9cialement con\u00e7u pour les petites mains et les esprits curieux \u00e0 partir de 6 mois. Il suffit d&rsquo;ajouter de [&hellip;]\" \/>\n<meta property=\"og:url\" content=\"https:\/\/ses-creative.com\/fr\/produit\/livre-pour-le-bain-coloriage-a-leau-dinosaures\/\" \/>\n<meta property=\"og:site_name\" content=\"SES Creative\" \/>\n<meta property=\"article:modified_time\" content=\"2026-02-12T10:22:45+00:00\" \/>\n<meta name=\"twitter:card\" content=\"summary_large_image\" \/>\n<meta name=\"twitter:label1\" content=\"Dur\u00e9e de lecture estim\u00e9e\" \/>\n\t<meta name=\"twitter:data1\" content=\"1 minute\" \/>\n<script type=\"application\/ld+json\" class=\"yoast-schema-graph\">{\"@context\":\"https:\\\/\\\/schema.org\",\"@graph\":[{\"@type\":\"WebPage\",\"@id\":\"https:\\\/\\\/ses-creative.com\\\/fr\\\/produit\\\/livre-pour-le-bain-coloriage-a-leau-dinosaures\\\/\",\"url\":\"https:\\\/\\\/ses-creative.com\\\/fr\\\/produit\\\/livre-pour-le-bain-coloriage-a-leau-dinosaures\\\/\",\"name\":\"Livre pour le bain - Coloriage \u00e0 l'eau dinosaures - SES Creative\",\"isPartOf\":{\"@id\":\"https:\\\/\\\/ses-creative.com\\\/#website\"},\"primaryImageOfPage\":{\"@id\":\"https:\\\/\\\/ses-creative.com\\\/fr\\\/produit\\\/livre-pour-le-bain-coloriage-a-leau-dinosaures\\\/#primaryimage\"},\"image\":{\"@id\":\"https:\\\/\\\/ses-creative.com\\\/fr\\\/produit\\\/livre-pour-le-bain-coloriage-a-leau-dinosaures\\\/#primaryimage\"},\"thumbnailUrl\":\"https:\\\/\\\/ses-creative.com\\\/wp-content\\\/uploads\\\/2026\\\/01\\\/132151.jpg\",\"datePublished\":\"2026-02-12T10:09:06+00:00\",\"dateModified\":\"2026-02-12T10:22:45+00:00\",\"breadcrumb\":{\"@id\":\"https:\\\/\\\/ses-creative.com\\\/fr\\\/produit\\\/livre-pour-le-bain-coloriage-a-leau-dinosaures\\\/#breadcrumb\"},\"inLanguage\":\"fr-FR\",\"potentialAction\":[{\"@type\":\"ReadAction\",\"target\":[\"https:\\\/\\\/ses-creative.com\\\/fr\\\/produit\\\/livre-pour-le-bain-coloriage-a-leau-dinosaures\\\/\"]}]},{\"@type\":\"ImageObject\",\"inLanguage\":\"fr-FR\",\"@id\":\"https:\\\/\\\/ses-creative.com\\\/fr\\\/produit\\\/livre-pour-le-bain-coloriage-a-leau-dinosaures\\\/#primaryimage\",\"url\":\"https:\\\/\\\/ses-creative.com\\\/wp-content\\\/uploads\\\/2026\\\/01\\\/132151.jpg\",\"contentUrl\":\"https:\\\/\\\/ses-creative.com\\\/wp-content\\\/uploads\\\/2026\\\/01\\\/132151.jpg\",\"width\":1000,\"height\":1000},{\"@type\":\"BreadcrumbList\",\"@id\":\"https:\\\/\\\/ses-creative.com\\\/fr\\\/produit\\\/livre-pour-le-bain-coloriage-a-leau-dinosaures\\\/#breadcrumb\",\"itemListElement\":[{\"@type\":\"ListItem\",\"position\":1,\"name\":\"Boutique\",\"item\":\"https:\\\/\\\/ses-creative.com\\\/fr\\\/boutique\\\/\"},{\"@type\":\"ListItem\",\"position\":2,\"name\":\"B\u00e9b\u00e9 &amp; Tout-petit\",\"item\":\"https:\\\/\\\/ses-creative.com\\\/fr\\\/product-categorie\\\/bebe-tout-petit\\\/\"},{\"@type\":\"ListItem\",\"position\":3,\"name\":\"Livre pour le bain &#8211; Coloriage \u00e0 l&#8217;eau dinosaures\"}]},{\"@type\":\"WebSite\",\"@id\":\"https:\\\/\\\/ses-creative.com\\\/#website\",\"url\":\"https:\\\/\\\/ses-creative.com\\\/\",\"name\":\"SES Creative\",\"description\":\"\",\"publisher\":{\"@id\":\"https:\\\/\\\/ses-creative.com\\\/#organization\"},\"potentialAction\":[{\"@type\":\"SearchAction\",\"target\":{\"@type\":\"EntryPoint\",\"urlTemplate\":\"https:\\\/\\\/ses-creative.com\\\/?s={search_term_string}\"},\"query-input\":{\"@type\":\"PropertyValueSpecification\",\"valueRequired\":true,\"valueName\":\"search_term_string\"}}],\"inLanguage\":\"fr-FR\"},{\"@type\":\"Organization\",\"@id\":\"https:\\\/\\\/ses-creative.com\\\/#organization\",\"name\":\"SES Creative\",\"url\":\"https:\\\/\\\/ses-creative.com\\\/\",\"logo\":{\"@type\":\"ImageObject\",\"inLanguage\":\"fr-FR\",\"@id\":\"https:\\\/\\\/ses-creative.com\\\/#\\\/schema\\\/logo\\\/image\\\/\",\"url\":\"https:\\\/\\\/ses-creative.com\\\/wp-content\\\/uploads\\\/2025\\\/10\\\/ses-creative-logo.jpg\",\"contentUrl\":\"https:\\\/\\\/ses-creative.com\\\/wp-content\\\/uploads\\\/2025\\\/10\\\/ses-creative-logo.jpg\",\"width\":2037,\"height\":2037,\"caption\":\"SES Creative\"},\"image\":{\"@id\":\"https:\\\/\\\/ses-creative.com\\\/#\\\/schema\\\/logo\\\/image\\\/\"}}]}<\/script>\n<!-- \/ Yoast SEO plugin. -->","yoast_head_json":{"title":"Livre pour le bain - Coloriage \u00e0 l'eau dinosaures - SES Creative","robots":{"index":"index","follow":"follow","max-snippet":"max-snippet:-1","max-image-preview":"max-image-preview:large","max-video-preview":"max-video-preview:-1"},"canonical":"https:\/\/ses-creative.com\/fr\/produit\/livre-pour-le-bain-coloriage-a-leau-dinosaures\/","og_locale":"fr_FR","og_type":"article","og_title":"Livre pour le bain - Coloriage \u00e0 l'eau dinosaures - SES Creative","og_description":"Donnez vie aux dinosaures avec le plaisir de la peinture \u00e0 l&rsquo;eau ! Partez \u00e0 l&rsquo;aventure dans un monde pr\u00e9historique avec le livre de coloriage \u00e0 l&rsquo;eau SES Creative &#8211; Dinosaures ! Ce livre magique est sp\u00e9cialement con\u00e7u pour les petites mains et les esprits curieux \u00e0 partir de 6 mois. Il suffit d&rsquo;ajouter de [&hellip;]","og_url":"https:\/\/ses-creative.com\/fr\/produit\/livre-pour-le-bain-coloriage-a-leau-dinosaures\/","og_site_name":"SES Creative","article_modified_time":"2026-02-12T10:22:45+00:00","twitter_card":"summary_large_image","twitter_misc":{"Dur\u00e9e de lecture estim\u00e9e":"1 minute"},"schema":{"@context":"https:\/\/schema.org","@graph":[{"@type":"WebPage","@id":"https:\/\/ses-creative.com\/fr\/produit\/livre-pour-le-bain-coloriage-a-leau-dinosaures\/","url":"https:\/\/ses-creative.com\/fr\/produit\/livre-pour-le-bain-coloriage-a-leau-dinosaures\/","name":"Livre pour le bain - Coloriage \u00e0 l'eau dinosaures - SES Creative","isPartOf":{"@id":"https:\/\/ses-creative.com\/#website"},"primaryImageOfPage":{"@id":"https:\/\/ses-creative.com\/fr\/produit\/livre-pour-le-bain-coloriage-a-leau-dinosaures\/#primaryimage"},"image":{"@id":"https:\/\/ses-creative.com\/fr\/produit\/livre-pour-le-bain-coloriage-a-leau-dinosaures\/#primaryimage"},"thumbnailUrl":"https:\/\/ses-creative.com\/wp-content\/uploads\/2026\/01\/132151.jpg","datePublished":"2026-02-12T10:09:06+00:00","dateModified":"2026-02-12T10:22:45+00:00","breadcrumb":{"@id":"https:\/\/ses-creative.com\/fr\/produit\/livre-pour-le-bain-coloriage-a-leau-dinosaures\/#breadcrumb"},"inLanguage":"fr-FR","potentialAction":[{"@type":"ReadAction","target":["https:\/\/ses-creative.com\/fr\/produit\/livre-pour-le-bain-coloriage-a-leau-dinosaures\/"]}]},{"@type":"ImageObject","inLanguage":"fr-FR","@id":"https:\/\/ses-creative.com\/fr\/produit\/livre-pour-le-bain-coloriage-a-leau-dinosaures\/#primaryimage","url":"https:\/\/ses-creative.com\/wp-content\/uploads\/2026\/01\/132151.jpg","contentUrl":"https:\/\/ses-creative.com\/wp-content\/uploads\/2026\/01\/132151.jpg","width":1000,"height":1000},{"@type":"BreadcrumbList","@id":"https:\/\/ses-creative.com\/fr\/produit\/livre-pour-le-bain-coloriage-a-leau-dinosaures\/#breadcrumb","itemListElement":[{"@type":"ListItem","position":1,"name":"Boutique","item":"https:\/\/ses-creative.com\/fr\/boutique\/"},{"@type":"ListItem","position":2,"name":"B\u00e9b\u00e9 &amp; Tout-petit","item":"https:\/\/ses-creative.com\/fr\/product-categorie\/bebe-tout-petit\/"},{"@type":"ListItem","position":3,"name":"Livre pour le bain &#8211; Coloriage \u00e0 l&#8217;eau dinosaures"}]},{"@type":"WebSite","@id":"https:\/\/ses-creative.com\/#website","url":"https:\/\/ses-creative.com\/","name":"SES Creative","description":"","publisher":{"@id":"https:\/\/ses-creative.com\/#organization"},"potentialAction":[{"@type":"SearchAction","target":{"@type":"EntryPoint","urlTemplate":"https:\/\/ses-creative.com\/?s={search_term_string}"},"query-input":{"@type":"PropertyValueSpecification","valueRequired":true,"valueName":"search_term_string"}}],"inLanguage":"fr-FR"},{"@type":"Organization","@id":"https:\/\/ses-creative.com\/#organization","name":"SES Creative","url":"https:\/\/ses-creative.com\/","logo":{"@type":"ImageObject","inLanguage":"fr-FR","@id":"https:\/\/ses-creative.com\/#\/schema\/logo\/image\/","url":"https:\/\/ses-creative.com\/wp-content\/uploads\/2025\/10\/ses-creative-logo.jpg","contentUrl":"https:\/\/ses-creative.com\/wp-content\/uploads\/2025\/10\/ses-creative-logo.jpg","width":2037,"height":2037,"caption":"SES Creative"},"image":{"@id":"https:\/\/ses-creative.com\/#\/schema\/logo\/image\/"}}]}},"_links":{"self":[{"href":"https:\/\/ses-creative.com\/fr\/wp-json\/wp\/v2\/product\/118234","targetHints":{"allow":["GET"]}}],"collection":[{"href":"https:\/\/ses-creative.com\/fr\/wp-json\/wp\/v2\/product"}],"about":[{"href":"https:\/\/ses-creative.com\/fr\/wp-json\/wp\/v2\/types\/product"}],"replies":[{"embeddable":true,"href":"https:\/\/ses-creative.com\/fr\/wp-json\/wp\/v2\/comments?post=118234"}],"wp:featuredmedia":[{"embeddable":true,"href":"https:\/\/ses-creative.com\/fr\/wp-json\/wp\/v2\/media\/101088"}],"wp:attachment":[{"href":"https:\/\/ses-creative.com\/fr\/wp-json\/wp\/v2\/media?parent=118234"}],"wp:term":[{"taxonomy":"product_brand","embeddable":true,"href":"https:\/\/ses-creative.com\/fr\/wp-json\/wp\/v2\/product_brand?post=118234"},{"taxonomy":"product_cat","embeddable":true,"href":"https:\/\/ses-creative.com\/fr\/wp-json\/wp\/v2\/product_cat?post=118234"},{"taxonomy":"product_tag","embeddable":true,"href":"https:\/\/ses-creative.com\/fr\/wp-json\/wp\/v2\/product_tag?post=118234"}],"curies":[{"name":"wp","href":"https:\/\/api.w.org\/{rel}","templated":true}]}}