











{"id":118232,"date":"2026-02-12T10:09:05","date_gmt":"2026-02-12T10:09:05","guid":{"rendered":"https:\/\/ses-creative.com\/?post_type=product&#038;p=118232"},"modified":"2026-02-12T10:22:45","modified_gmt":"2026-02-12T10:22:45","slug":"jouet-de-bain-stegosaure-100-caoutchouc-naturel","status":"publish","type":"product","link":"https:\/\/ses-creative.com\/fr\/produit\/jouet-de-bain-stegosaure-100-caoutchouc-naturel\/","title":{"rendered":"Jouet de bain St\u00e9gosaure &#8211; 100% Caoutchouc naturel"},"content":{"rendered":"<p>D\u00e9couvrez et \u00e9claboussez avec le St\u00e9gosaure de bain !<br \/>\nRendez l&rsquo;heure du bain magique avec le st\u00e9gosaure de bain de SES Creative ! Cet adorable petit dinosaure est fabriqu\u00e9 en caoutchouc 100 % naturel et est parfait pour les petites mains et les bouches curieuses. Il est doux, s\u00fbr et totalement exempt de substances nocives. Qu&rsquo;il flotte dans le bain ou qu&rsquo;il soit explor\u00e9 en le mordillant, ce st\u00e9gosaure garantit un plaisir de jeu en toute s\u00e9curit\u00e9 \u00e0 chaque bain.<br \/>\nCe qui rend ce set g\u00e9nial<br \/>\n&#8211;    Fabriqu\u00e9 \u00e0 partir de caoutchouc 100 % naturel<br \/>\n&#8211;    Sans danger pour les b\u00e9b\u00e9s<br \/>\n&#8211;    Stimule l&rsquo;imagination et le plaisir du bain<br \/>\n&#8211;    Adapt\u00e9 aux petites mains<br \/>\n&#8211;    Parfait pour les enfants \u00e0 partir de 10 mois<br \/>\nPourquoi ce produit est-il parfait pour vous ?<br \/>\nLe Bad Stegosaurus est id\u00e9al pour les parents qui recherchent un jouet de bain responsable alliant s\u00e9curit\u00e9 et plaisir. Ce jouet stimule l&rsquo;imagination et la motricit\u00e9 fine de votre enfant pendant le bain. Gr\u00e2ce \u00e0 son mat\u00e9riau naturel et \u00e0 son design adorable, chaque bain devient une nouvelle aventure.<br \/>\nContenu de l&#8217;emballage<br \/>\n&#8211;    1 jouet de bain St\u00e9gosaure en caoutchouc 100 % naturel<br \/>\nPourquoi choisir SES Creative ?<br \/>\nChez SES Creative, nous fabriquons tous nos jouets dans notre propre usine aux Pays-Bas. Nos produits sont conformes aux normes de s\u00e9curit\u00e9 europ\u00e9ennes les plus strictes et sont con\u00e7us dans un souci de d\u00e9veloppement, de durabilit\u00e9 et de plaisir. Avec SES Creative, vous optez pour des jouets s\u00fbrs et inspirants.<br \/>\nCommencez d\u00e8s aujourd&rsquo;hui \u00e0 vous amuser avec les dinosaures dans le bain<br \/>\nOffrez \u00e0 votre enfant un moment de bain plein de fantaisie avec le st\u00e9gosaure en caoutchouc naturel. Pour des heures de plaisir et d&rsquo;\u00e9claboussures en toute s\u00e9curit\u00e9 !<\/p>\n","protected":false},"excerpt":{"rendered":"<p>D\u00e9couvrez et \u00e9claboussez avec le St\u00e9gosaure de bain ! Rendez l&rsquo;heure du bain magique avec le st\u00e9gosaure de bain de SES Creative ! Cet adorable petit dinosaure est fabriqu\u00e9 en caoutchouc 100 % naturel et est parfait pour les petites mains et les bouches curieuses. Il est doux, s\u00fbr et totalement exempt de substances nocives. [&hellip;]<\/p>\n","protected":false},"featured_media":94280,"comment_status":"closed","ping_status":"closed","template":"","meta":{"_acf_changed":false},"product_brand":[],"product_cat":[123],"product_tag":[],"class_list":{"0":"post-118232","1":"product","2":"type-product","3":"status-publish","4":"has-post-thumbnail","6":"product_cat-bebe-tout-petit","7":"pa_leeftijd-filter-0-2-ans","8":"pa_meest-populair-bij-garcons-filles","10":"first","11":"instock","12":"shipping-taxable","13":"product-type-simple"},"acf":[],"yoast_head":"<!-- This site is optimized with the Yoast SEO plugin v27.4 - https:\/\/yoast.com\/product\/yoast-seo-wordpress\/ -->\n<title>Jouet de bain St\u00e9gosaure - 100% Caoutchouc naturel - SES Creative<\/title>\n<meta name=\"robots\" content=\"index, follow, max-snippet:-1, max-image-preview:large, max-video-preview:-1\" \/>\n<link rel=\"canonical\" href=\"https:\/\/ses-creative.com\/fr\/produit\/jouet-de-bain-stegosaure-100-caoutchouc-naturel\/\" \/>\n<meta property=\"og:locale\" content=\"fr_FR\" \/>\n<meta property=\"og:type\" content=\"article\" \/>\n<meta property=\"og:title\" content=\"Jouet de bain St\u00e9gosaure - 100% Caoutchouc naturel - SES Creative\" \/>\n<meta property=\"og:description\" content=\"D\u00e9couvrez et \u00e9claboussez avec le St\u00e9gosaure de bain ! Rendez l&rsquo;heure du bain magique avec le st\u00e9gosaure de bain de SES Creative ! Cet adorable petit dinosaure est fabriqu\u00e9 en caoutchouc 100 % naturel et est parfait pour les petites mains et les bouches curieuses. Il est doux, s\u00fbr et totalement exempt de substances nocives. [&hellip;]\" \/>\n<meta property=\"og:url\" content=\"https:\/\/ses-creative.com\/fr\/produit\/jouet-de-bain-stegosaure-100-caoutchouc-naturel\/\" \/>\n<meta property=\"og:site_name\" content=\"SES Creative\" \/>\n<meta property=\"article:modified_time\" content=\"2026-02-12T10:22:45+00:00\" \/>\n<meta name=\"twitter:card\" content=\"summary_large_image\" \/>\n<meta name=\"twitter:label1\" content=\"Dur\u00e9e de lecture estim\u00e9e\" \/>\n\t<meta name=\"twitter:data1\" content=\"1 minute\" \/>\n<script type=\"application\/ld+json\" class=\"yoast-schema-graph\">{\"@context\":\"https:\\\/\\\/schema.org\",\"@graph\":[{\"@type\":\"WebPage\",\"@id\":\"https:\\\/\\\/ses-creative.com\\\/fr\\\/produit\\\/jouet-de-bain-stegosaure-100-caoutchouc-naturel\\\/\",\"url\":\"https:\\\/\\\/ses-creative.com\\\/fr\\\/produit\\\/jouet-de-bain-stegosaure-100-caoutchouc-naturel\\\/\",\"name\":\"Jouet de bain St\u00e9gosaure - 100% Caoutchouc naturel - SES Creative\",\"isPartOf\":{\"@id\":\"https:\\\/\\\/ses-creative.com\\\/#website\"},\"primaryImageOfPage\":{\"@id\":\"https:\\\/\\\/ses-creative.com\\\/fr\\\/produit\\\/jouet-de-bain-stegosaure-100-caoutchouc-naturel\\\/#primaryimage\"},\"image\":{\"@id\":\"https:\\\/\\\/ses-creative.com\\\/fr\\\/produit\\\/jouet-de-bain-stegosaure-100-caoutchouc-naturel\\\/#primaryimage\"},\"thumbnailUrl\":\"https:\\\/\\\/ses-creative.com\\\/wp-content\\\/uploads\\\/2026\\\/01\\\/132131.jpg\",\"datePublished\":\"2026-02-12T10:09:05+00:00\",\"dateModified\":\"2026-02-12T10:22:45+00:00\",\"breadcrumb\":{\"@id\":\"https:\\\/\\\/ses-creative.com\\\/fr\\\/produit\\\/jouet-de-bain-stegosaure-100-caoutchouc-naturel\\\/#breadcrumb\"},\"inLanguage\":\"fr-FR\",\"potentialAction\":[{\"@type\":\"ReadAction\",\"target\":[\"https:\\\/\\\/ses-creative.com\\\/fr\\\/produit\\\/jouet-de-bain-stegosaure-100-caoutchouc-naturel\\\/\"]}]},{\"@type\":\"ImageObject\",\"inLanguage\":\"fr-FR\",\"@id\":\"https:\\\/\\\/ses-creative.com\\\/fr\\\/produit\\\/jouet-de-bain-stegosaure-100-caoutchouc-naturel\\\/#primaryimage\",\"url\":\"https:\\\/\\\/ses-creative.com\\\/wp-content\\\/uploads\\\/2026\\\/01\\\/132131.jpg\",\"contentUrl\":\"https:\\\/\\\/ses-creative.com\\\/wp-content\\\/uploads\\\/2026\\\/01\\\/132131.jpg\",\"width\":1000,\"height\":1000},{\"@type\":\"BreadcrumbList\",\"@id\":\"https:\\\/\\\/ses-creative.com\\\/fr\\\/produit\\\/jouet-de-bain-stegosaure-100-caoutchouc-naturel\\\/#breadcrumb\",\"itemListElement\":[{\"@type\":\"ListItem\",\"position\":1,\"name\":\"Boutique\",\"item\":\"https:\\\/\\\/ses-creative.com\\\/fr\\\/boutique\\\/\"},{\"@type\":\"ListItem\",\"position\":2,\"name\":\"B\u00e9b\u00e9 &amp; Tout-petit\",\"item\":\"https:\\\/\\\/ses-creative.com\\\/fr\\\/product-categorie\\\/bebe-tout-petit\\\/\"},{\"@type\":\"ListItem\",\"position\":3,\"name\":\"Jouet de bain St\u00e9gosaure &#8211; 100% Caoutchouc naturel\"}]},{\"@type\":\"WebSite\",\"@id\":\"https:\\\/\\\/ses-creative.com\\\/#website\",\"url\":\"https:\\\/\\\/ses-creative.com\\\/\",\"name\":\"SES Creative\",\"description\":\"\",\"publisher\":{\"@id\":\"https:\\\/\\\/ses-creative.com\\\/#organization\"},\"potentialAction\":[{\"@type\":\"SearchAction\",\"target\":{\"@type\":\"EntryPoint\",\"urlTemplate\":\"https:\\\/\\\/ses-creative.com\\\/?s={search_term_string}\"},\"query-input\":{\"@type\":\"PropertyValueSpecification\",\"valueRequired\":true,\"valueName\":\"search_term_string\"}}],\"inLanguage\":\"fr-FR\"},{\"@type\":\"Organization\",\"@id\":\"https:\\\/\\\/ses-creative.com\\\/#organization\",\"name\":\"SES Creative\",\"url\":\"https:\\\/\\\/ses-creative.com\\\/\",\"logo\":{\"@type\":\"ImageObject\",\"inLanguage\":\"fr-FR\",\"@id\":\"https:\\\/\\\/ses-creative.com\\\/#\\\/schema\\\/logo\\\/image\\\/\",\"url\":\"https:\\\/\\\/ses-creative.com\\\/wp-content\\\/uploads\\\/2025\\\/10\\\/ses-creative-logo.jpg\",\"contentUrl\":\"https:\\\/\\\/ses-creative.com\\\/wp-content\\\/uploads\\\/2025\\\/10\\\/ses-creative-logo.jpg\",\"width\":2037,\"height\":2037,\"caption\":\"SES Creative\"},\"image\":{\"@id\":\"https:\\\/\\\/ses-creative.com\\\/#\\\/schema\\\/logo\\\/image\\\/\"}}]}<\/script>\n<!-- \/ Yoast SEO plugin. -->","yoast_head_json":{"title":"Jouet de bain St\u00e9gosaure - 100% Caoutchouc naturel - SES Creative","robots":{"index":"index","follow":"follow","max-snippet":"max-snippet:-1","max-image-preview":"max-image-preview:large","max-video-preview":"max-video-preview:-1"},"canonical":"https:\/\/ses-creative.com\/fr\/produit\/jouet-de-bain-stegosaure-100-caoutchouc-naturel\/","og_locale":"fr_FR","og_type":"article","og_title":"Jouet de bain St\u00e9gosaure - 100% Caoutchouc naturel - SES Creative","og_description":"D\u00e9couvrez et \u00e9claboussez avec le St\u00e9gosaure de bain ! Rendez l&rsquo;heure du bain magique avec le st\u00e9gosaure de bain de SES Creative ! Cet adorable petit dinosaure est fabriqu\u00e9 en caoutchouc 100 % naturel et est parfait pour les petites mains et les bouches curieuses. Il est doux, s\u00fbr et totalement exempt de substances nocives. [&hellip;]","og_url":"https:\/\/ses-creative.com\/fr\/produit\/jouet-de-bain-stegosaure-100-caoutchouc-naturel\/","og_site_name":"SES Creative","article_modified_time":"2026-02-12T10:22:45+00:00","twitter_card":"summary_large_image","twitter_misc":{"Dur\u00e9e de lecture estim\u00e9e":"1 minute"},"schema":{"@context":"https:\/\/schema.org","@graph":[{"@type":"WebPage","@id":"https:\/\/ses-creative.com\/fr\/produit\/jouet-de-bain-stegosaure-100-caoutchouc-naturel\/","url":"https:\/\/ses-creative.com\/fr\/produit\/jouet-de-bain-stegosaure-100-caoutchouc-naturel\/","name":"Jouet de bain St\u00e9gosaure - 100% Caoutchouc naturel - SES Creative","isPartOf":{"@id":"https:\/\/ses-creative.com\/#website"},"primaryImageOfPage":{"@id":"https:\/\/ses-creative.com\/fr\/produit\/jouet-de-bain-stegosaure-100-caoutchouc-naturel\/#primaryimage"},"image":{"@id":"https:\/\/ses-creative.com\/fr\/produit\/jouet-de-bain-stegosaure-100-caoutchouc-naturel\/#primaryimage"},"thumbnailUrl":"https:\/\/ses-creative.com\/wp-content\/uploads\/2026\/01\/132131.jpg","datePublished":"2026-02-12T10:09:05+00:00","dateModified":"2026-02-12T10:22:45+00:00","breadcrumb":{"@id":"https:\/\/ses-creative.com\/fr\/produit\/jouet-de-bain-stegosaure-100-caoutchouc-naturel\/#breadcrumb"},"inLanguage":"fr-FR","potentialAction":[{"@type":"ReadAction","target":["https:\/\/ses-creative.com\/fr\/produit\/jouet-de-bain-stegosaure-100-caoutchouc-naturel\/"]}]},{"@type":"ImageObject","inLanguage":"fr-FR","@id":"https:\/\/ses-creative.com\/fr\/produit\/jouet-de-bain-stegosaure-100-caoutchouc-naturel\/#primaryimage","url":"https:\/\/ses-creative.com\/wp-content\/uploads\/2026\/01\/132131.jpg","contentUrl":"https:\/\/ses-creative.com\/wp-content\/uploads\/2026\/01\/132131.jpg","width":1000,"height":1000},{"@type":"BreadcrumbList","@id":"https:\/\/ses-creative.com\/fr\/produit\/jouet-de-bain-stegosaure-100-caoutchouc-naturel\/#breadcrumb","itemListElement":[{"@type":"ListItem","position":1,"name":"Boutique","item":"https:\/\/ses-creative.com\/fr\/boutique\/"},{"@type":"ListItem","position":2,"name":"B\u00e9b\u00e9 &amp; Tout-petit","item":"https:\/\/ses-creative.com\/fr\/product-categorie\/bebe-tout-petit\/"},{"@type":"ListItem","position":3,"name":"Jouet de bain St\u00e9gosaure &#8211; 100% Caoutchouc naturel"}]},{"@type":"WebSite","@id":"https:\/\/ses-creative.com\/#website","url":"https:\/\/ses-creative.com\/","name":"SES Creative","description":"","publisher":{"@id":"https:\/\/ses-creative.com\/#organization"},"potentialAction":[{"@type":"SearchAction","target":{"@type":"EntryPoint","urlTemplate":"https:\/\/ses-creative.com\/?s={search_term_string}"},"query-input":{"@type":"PropertyValueSpecification","valueRequired":true,"valueName":"search_term_string"}}],"inLanguage":"fr-FR"},{"@type":"Organization","@id":"https:\/\/ses-creative.com\/#organization","name":"SES Creative","url":"https:\/\/ses-creative.com\/","logo":{"@type":"ImageObject","inLanguage":"fr-FR","@id":"https:\/\/ses-creative.com\/#\/schema\/logo\/image\/","url":"https:\/\/ses-creative.com\/wp-content\/uploads\/2025\/10\/ses-creative-logo.jpg","contentUrl":"https:\/\/ses-creative.com\/wp-content\/uploads\/2025\/10\/ses-creative-logo.jpg","width":2037,"height":2037,"caption":"SES Creative"},"image":{"@id":"https:\/\/ses-creative.com\/#\/schema\/logo\/image\/"}}]}},"_links":{"self":[{"href":"https:\/\/ses-creative.com\/fr\/wp-json\/wp\/v2\/product\/118232","targetHints":{"allow":["GET"]}}],"collection":[{"href":"https:\/\/ses-creative.com\/fr\/wp-json\/wp\/v2\/product"}],"about":[{"href":"https:\/\/ses-creative.com\/fr\/wp-json\/wp\/v2\/types\/product"}],"replies":[{"embeddable":true,"href":"https:\/\/ses-creative.com\/fr\/wp-json\/wp\/v2\/comments?post=118232"}],"wp:featuredmedia":[{"embeddable":true,"href":"https:\/\/ses-creative.com\/fr\/wp-json\/wp\/v2\/media\/94280"}],"wp:attachment":[{"href":"https:\/\/ses-creative.com\/fr\/wp-json\/wp\/v2\/media?parent=118232"}],"wp:term":[{"taxonomy":"product_brand","embeddable":true,"href":"https:\/\/ses-creative.com\/fr\/wp-json\/wp\/v2\/product_brand?post=118232"},{"taxonomy":"product_cat","embeddable":true,"href":"https:\/\/ses-creative.com\/fr\/wp-json\/wp\/v2\/product_cat?post=118232"},{"taxonomy":"product_tag","embeddable":true,"href":"https:\/\/ses-creative.com\/fr\/wp-json\/wp\/v2\/product_tag?post=118232"}],"curies":[{"name":"wp","href":"https:\/\/api.w.org\/{rel}","templated":true}]}}