











{"id":118231,"date":"2026-02-12T10:09:05","date_gmt":"2026-02-12T10:09:05","guid":{"rendered":"https:\/\/ses-creative.com\/?post_type=product&#038;p=118231"},"modified":"2026-02-12T10:22:45","modified_gmt":"2026-02-12T10:22:45","slug":"jouet-de-bain-triceratops-100-caoutchouc-naturel","status":"publish","type":"product","link":"https:\/\/ses-creative.com\/fr\/produit\/jouet-de-bain-triceratops-100-caoutchouc-naturel\/","title":{"rendered":"Jouet de bain Tric\u00e9ratops &#8211; 100% Caoutchouc naturel"},"content":{"rendered":"<p>D\u00e9couvrez et \u00e9claboussez avec le Triceratops de bain !<br \/>\nTransformez l&rsquo;heure du bain en une aventure d\u00e9couverte avec le Triceratops de bain doux et s\u00fbr de SES Creative ! Cet adorable petit dinosaure est fabriqu\u00e9 \u00e0 partir de caoutchouc 100 % naturel et sp\u00e9cialement con\u00e7u pour les petites mains et les petites bouches. Sa texture douce et ses mat\u00e9riaux s\u00fbrs le rendent id\u00e9al pour \u00eatre m\u00e2chouill\u00e9, press\u00e9 et bien s\u00fbr pour jouer dans l&rsquo;eau.<br \/>\nCe qui rend cet ensemble g\u00e9nial<br \/>\n&#8211;    Fabriqu\u00e9 \u00e0 partir de caoutchouc 100 % naturel<br \/>\n&#8211;    Mat\u00e9riau doux, s\u00fbr et non toxique<br \/>\n&#8211; Stimule les sens et le d\u00e9veloppement moteur<br \/>\n&#8211;    Facile \u00e0 nettoyer et r\u00e9sistant \u00e0 la moisissure<br \/>\n&#8211;    Parfait pour les enfants \u00e0 partir de 10 mois<br \/>\nPourquoi ce produit est-il parfait pour vous ?<br \/>\nCe joyeux tric\u00e9ratops est id\u00e9al pour les parents qui recherchent un jouet de bain durable et responsable. Il stimule les sens de votre b\u00e9b\u00e9 et favorise le d\u00e9veloppement de sa motricit\u00e9 fine pendant le bain. Gr\u00e2ce \u00e0 sa mati\u00e8re naturelle et r\u00e9sistante, ce jouet reste propre et s\u00fbr, bain apr\u00e8s bain.<br \/>\nContenu de l&#8217;emballage<br \/>\n&#8211;    1 jouet de bain Triceratops en caoutchouc 100 % naturel<br \/>\nPourquoi choisir SES Creative ?<br \/>\nChez SES Creative, la s\u00e9curit\u00e9 et le d\u00e9veloppement sont au c\u0153ur de nos pr\u00e9occupations. Tous nos produits sont con\u00e7us et fabriqu\u00e9s dans notre propre usine aux Pays-Bas, dans le respect des normes de s\u00e9curit\u00e9 europ\u00e9ennes les plus strictes. Les jouets SES sont toujours amusants, \u00e9ducatifs et fiables.<br \/>\nCommencez d\u00e8s aujourd&rsquo;hui \u00e0 vous amuser dans l&rsquo;eau<br \/>\nPlongez dans le bain avec le Triceratops de SES Creative et d\u00e9couvrez \u00e0 quel point il peut \u00eatre amusant d&rsquo;apprendre, de toucher et de jouer dans le bain !<\/p>\n","protected":false},"excerpt":{"rendered":"<p>D\u00e9couvrez et \u00e9claboussez avec le Triceratops de bain ! Transformez l&rsquo;heure du bain en une aventure d\u00e9couverte avec le Triceratops de bain doux et s\u00fbr de SES Creative ! Cet adorable petit dinosaure est fabriqu\u00e9 \u00e0 partir de caoutchouc 100 % naturel et sp\u00e9cialement con\u00e7u pour les petites mains et les petites bouches. Sa texture [&hellip;]<\/p>\n","protected":false},"featured_media":94260,"comment_status":"closed","ping_status":"closed","template":"","meta":{"_acf_changed":false},"product_brand":[],"product_cat":[123],"product_tag":[],"class_list":{"0":"post-118231","1":"product","2":"type-product","3":"status-publish","4":"has-post-thumbnail","6":"product_cat-bebe-tout-petit","7":"pa_leeftijd-filter-0-2-ans","8":"pa_meest-populair-bij-garcons-filles","10":"first","11":"instock","12":"shipping-taxable","13":"product-type-simple"},"acf":[],"yoast_head":"<!-- This site is optimized with the Yoast SEO plugin v27.2 - https:\/\/yoast.com\/product\/yoast-seo-wordpress\/ -->\n<title>Jouet de bain Tric\u00e9ratops - 100% Caoutchouc naturel - SES Creative<\/title>\n<meta name=\"robots\" content=\"index, follow, max-snippet:-1, max-image-preview:large, max-video-preview:-1\" \/>\n<link rel=\"canonical\" href=\"https:\/\/ses-creative.com\/fr\/produit\/jouet-de-bain-triceratops-100-caoutchouc-naturel\/\" \/>\n<meta property=\"og:locale\" content=\"fr_FR\" \/>\n<meta property=\"og:type\" content=\"article\" \/>\n<meta property=\"og:title\" content=\"Jouet de bain Tric\u00e9ratops - 100% Caoutchouc naturel - SES Creative\" \/>\n<meta property=\"og:description\" content=\"D\u00e9couvrez et \u00e9claboussez avec le Triceratops de bain ! Transformez l&rsquo;heure du bain en une aventure d\u00e9couverte avec le Triceratops de bain doux et s\u00fbr de SES Creative ! Cet adorable petit dinosaure est fabriqu\u00e9 \u00e0 partir de caoutchouc 100 % naturel et sp\u00e9cialement con\u00e7u pour les petites mains et les petites bouches. Sa texture [&hellip;]\" \/>\n<meta property=\"og:url\" content=\"https:\/\/ses-creative.com\/fr\/produit\/jouet-de-bain-triceratops-100-caoutchouc-naturel\/\" \/>\n<meta property=\"og:site_name\" content=\"SES Creative\" \/>\n<meta property=\"article:modified_time\" content=\"2026-02-12T10:22:45+00:00\" \/>\n<meta name=\"twitter:card\" content=\"summary_large_image\" \/>\n<meta name=\"twitter:label1\" content=\"Dur\u00e9e de lecture estim\u00e9e\" \/>\n\t<meta name=\"twitter:data1\" content=\"1 minute\" \/>\n<script type=\"application\/ld+json\" class=\"yoast-schema-graph\">{\"@context\":\"https:\/\/schema.org\",\"@graph\":[{\"@type\":\"WebPage\",\"@id\":\"https:\/\/ses-creative.com\/fr\/produit\/jouet-de-bain-triceratops-100-caoutchouc-naturel\/\",\"url\":\"https:\/\/ses-creative.com\/fr\/produit\/jouet-de-bain-triceratops-100-caoutchouc-naturel\/\",\"name\":\"Jouet de bain Tric\u00e9ratops - 100% Caoutchouc naturel - SES Creative\",\"isPartOf\":{\"@id\":\"https:\/\/ses-creative.com\/#website\"},\"primaryImageOfPage\":{\"@id\":\"https:\/\/ses-creative.com\/fr\/produit\/jouet-de-bain-triceratops-100-caoutchouc-naturel\/#primaryimage\"},\"image\":{\"@id\":\"https:\/\/ses-creative.com\/fr\/produit\/jouet-de-bain-triceratops-100-caoutchouc-naturel\/#primaryimage\"},\"thumbnailUrl\":\"https:\/\/ses-creative.com\/wp-content\/uploads\/2026\/01\/132121.jpg\",\"datePublished\":\"2026-02-12T10:09:05+00:00\",\"dateModified\":\"2026-02-12T10:22:45+00:00\",\"breadcrumb\":{\"@id\":\"https:\/\/ses-creative.com\/fr\/produit\/jouet-de-bain-triceratops-100-caoutchouc-naturel\/#breadcrumb\"},\"inLanguage\":\"fr-FR\",\"potentialAction\":[{\"@type\":\"ReadAction\",\"target\":[\"https:\/\/ses-creative.com\/fr\/produit\/jouet-de-bain-triceratops-100-caoutchouc-naturel\/\"]}]},{\"@type\":\"ImageObject\",\"inLanguage\":\"fr-FR\",\"@id\":\"https:\/\/ses-creative.com\/fr\/produit\/jouet-de-bain-triceratops-100-caoutchouc-naturel\/#primaryimage\",\"url\":\"https:\/\/ses-creative.com\/wp-content\/uploads\/2026\/01\/132121.jpg\",\"contentUrl\":\"https:\/\/ses-creative.com\/wp-content\/uploads\/2026\/01\/132121.jpg\",\"width\":1000,\"height\":1000},{\"@type\":\"BreadcrumbList\",\"@id\":\"https:\/\/ses-creative.com\/fr\/produit\/jouet-de-bain-triceratops-100-caoutchouc-naturel\/#breadcrumb\",\"itemListElement\":[{\"@type\":\"ListItem\",\"position\":1,\"name\":\"Boutique\",\"item\":\"https:\/\/ses-creative.com\/fr\/boutique\/\"},{\"@type\":\"ListItem\",\"position\":2,\"name\":\"B\u00e9b\u00e9 &amp; Tout-petit\",\"item\":\"https:\/\/ses-creative.com\/fr\/product-categorie\/bebe-tout-petit\/\"},{\"@type\":\"ListItem\",\"position\":3,\"name\":\"Jouet de bain Tric\u00e9ratops &#8211; 100% Caoutchouc naturel\"}]},{\"@type\":\"WebSite\",\"@id\":\"https:\/\/ses-creative.com\/#website\",\"url\":\"https:\/\/ses-creative.com\/\",\"name\":\"SES Creative\",\"description\":\"\",\"publisher\":{\"@id\":\"https:\/\/ses-creative.com\/#organization\"},\"potentialAction\":[{\"@type\":\"SearchAction\",\"target\":{\"@type\":\"EntryPoint\",\"urlTemplate\":\"https:\/\/ses-creative.com\/?s={search_term_string}\"},\"query-input\":{\"@type\":\"PropertyValueSpecification\",\"valueRequired\":true,\"valueName\":\"search_term_string\"}}],\"inLanguage\":\"fr-FR\"},{\"@type\":\"Organization\",\"@id\":\"https:\/\/ses-creative.com\/#organization\",\"name\":\"SES Creative\",\"url\":\"https:\/\/ses-creative.com\/\",\"logo\":{\"@type\":\"ImageObject\",\"inLanguage\":\"fr-FR\",\"@id\":\"https:\/\/ses-creative.com\/#\/schema\/logo\/image\/\",\"url\":\"https:\/\/ses-creative.com\/wp-content\/uploads\/2025\/10\/ses-creative-logo.jpg\",\"contentUrl\":\"https:\/\/ses-creative.com\/wp-content\/uploads\/2025\/10\/ses-creative-logo.jpg\",\"width\":2037,\"height\":2037,\"caption\":\"SES Creative\"},\"image\":{\"@id\":\"https:\/\/ses-creative.com\/#\/schema\/logo\/image\/\"}}]}<\/script>\n<!-- \/ Yoast SEO plugin. -->","yoast_head_json":{"title":"Jouet de bain Tric\u00e9ratops - 100% Caoutchouc naturel - SES Creative","robots":{"index":"index","follow":"follow","max-snippet":"max-snippet:-1","max-image-preview":"max-image-preview:large","max-video-preview":"max-video-preview:-1"},"canonical":"https:\/\/ses-creative.com\/fr\/produit\/jouet-de-bain-triceratops-100-caoutchouc-naturel\/","og_locale":"fr_FR","og_type":"article","og_title":"Jouet de bain Tric\u00e9ratops - 100% Caoutchouc naturel - SES Creative","og_description":"D\u00e9couvrez et \u00e9claboussez avec le Triceratops de bain ! Transformez l&rsquo;heure du bain en une aventure d\u00e9couverte avec le Triceratops de bain doux et s\u00fbr de SES Creative ! Cet adorable petit dinosaure est fabriqu\u00e9 \u00e0 partir de caoutchouc 100 % naturel et sp\u00e9cialement con\u00e7u pour les petites mains et les petites bouches. Sa texture [&hellip;]","og_url":"https:\/\/ses-creative.com\/fr\/produit\/jouet-de-bain-triceratops-100-caoutchouc-naturel\/","og_site_name":"SES Creative","article_modified_time":"2026-02-12T10:22:45+00:00","twitter_card":"summary_large_image","twitter_misc":{"Dur\u00e9e de lecture estim\u00e9e":"1 minute"},"schema":{"@context":"https:\/\/schema.org","@graph":[{"@type":"WebPage","@id":"https:\/\/ses-creative.com\/fr\/produit\/jouet-de-bain-triceratops-100-caoutchouc-naturel\/","url":"https:\/\/ses-creative.com\/fr\/produit\/jouet-de-bain-triceratops-100-caoutchouc-naturel\/","name":"Jouet de bain Tric\u00e9ratops - 100% Caoutchouc naturel - SES Creative","isPartOf":{"@id":"https:\/\/ses-creative.com\/#website"},"primaryImageOfPage":{"@id":"https:\/\/ses-creative.com\/fr\/produit\/jouet-de-bain-triceratops-100-caoutchouc-naturel\/#primaryimage"},"image":{"@id":"https:\/\/ses-creative.com\/fr\/produit\/jouet-de-bain-triceratops-100-caoutchouc-naturel\/#primaryimage"},"thumbnailUrl":"https:\/\/ses-creative.com\/wp-content\/uploads\/2026\/01\/132121.jpg","datePublished":"2026-02-12T10:09:05+00:00","dateModified":"2026-02-12T10:22:45+00:00","breadcrumb":{"@id":"https:\/\/ses-creative.com\/fr\/produit\/jouet-de-bain-triceratops-100-caoutchouc-naturel\/#breadcrumb"},"inLanguage":"fr-FR","potentialAction":[{"@type":"ReadAction","target":["https:\/\/ses-creative.com\/fr\/produit\/jouet-de-bain-triceratops-100-caoutchouc-naturel\/"]}]},{"@type":"ImageObject","inLanguage":"fr-FR","@id":"https:\/\/ses-creative.com\/fr\/produit\/jouet-de-bain-triceratops-100-caoutchouc-naturel\/#primaryimage","url":"https:\/\/ses-creative.com\/wp-content\/uploads\/2026\/01\/132121.jpg","contentUrl":"https:\/\/ses-creative.com\/wp-content\/uploads\/2026\/01\/132121.jpg","width":1000,"height":1000},{"@type":"BreadcrumbList","@id":"https:\/\/ses-creative.com\/fr\/produit\/jouet-de-bain-triceratops-100-caoutchouc-naturel\/#breadcrumb","itemListElement":[{"@type":"ListItem","position":1,"name":"Boutique","item":"https:\/\/ses-creative.com\/fr\/boutique\/"},{"@type":"ListItem","position":2,"name":"B\u00e9b\u00e9 &amp; Tout-petit","item":"https:\/\/ses-creative.com\/fr\/product-categorie\/bebe-tout-petit\/"},{"@type":"ListItem","position":3,"name":"Jouet de bain Tric\u00e9ratops &#8211; 100% Caoutchouc naturel"}]},{"@type":"WebSite","@id":"https:\/\/ses-creative.com\/#website","url":"https:\/\/ses-creative.com\/","name":"SES Creative","description":"","publisher":{"@id":"https:\/\/ses-creative.com\/#organization"},"potentialAction":[{"@type":"SearchAction","target":{"@type":"EntryPoint","urlTemplate":"https:\/\/ses-creative.com\/?s={search_term_string}"},"query-input":{"@type":"PropertyValueSpecification","valueRequired":true,"valueName":"search_term_string"}}],"inLanguage":"fr-FR"},{"@type":"Organization","@id":"https:\/\/ses-creative.com\/#organization","name":"SES Creative","url":"https:\/\/ses-creative.com\/","logo":{"@type":"ImageObject","inLanguage":"fr-FR","@id":"https:\/\/ses-creative.com\/#\/schema\/logo\/image\/","url":"https:\/\/ses-creative.com\/wp-content\/uploads\/2025\/10\/ses-creative-logo.jpg","contentUrl":"https:\/\/ses-creative.com\/wp-content\/uploads\/2025\/10\/ses-creative-logo.jpg","width":2037,"height":2037,"caption":"SES Creative"},"image":{"@id":"https:\/\/ses-creative.com\/#\/schema\/logo\/image\/"}}]}},"_links":{"self":[{"href":"https:\/\/ses-creative.com\/fr\/wp-json\/wp\/v2\/product\/118231","targetHints":{"allow":["GET"]}}],"collection":[{"href":"https:\/\/ses-creative.com\/fr\/wp-json\/wp\/v2\/product"}],"about":[{"href":"https:\/\/ses-creative.com\/fr\/wp-json\/wp\/v2\/types\/product"}],"replies":[{"embeddable":true,"href":"https:\/\/ses-creative.com\/fr\/wp-json\/wp\/v2\/comments?post=118231"}],"wp:featuredmedia":[{"embeddable":true,"href":"https:\/\/ses-creative.com\/fr\/wp-json\/wp\/v2\/media\/94260"}],"wp:attachment":[{"href":"https:\/\/ses-creative.com\/fr\/wp-json\/wp\/v2\/media?parent=118231"}],"wp:term":[{"taxonomy":"product_brand","embeddable":true,"href":"https:\/\/ses-creative.com\/fr\/wp-json\/wp\/v2\/product_brand?post=118231"},{"taxonomy":"product_cat","embeddable":true,"href":"https:\/\/ses-creative.com\/fr\/wp-json\/wp\/v2\/product_cat?post=118231"},{"taxonomy":"product_tag","embeddable":true,"href":"https:\/\/ses-creative.com\/fr\/wp-json\/wp\/v2\/product_tag?post=118231"}],"curies":[{"name":"wp","href":"https:\/\/api.w.org\/{rel}","templated":true}]}}