











{"id":118229,"date":"2026-02-12T10:09:05","date_gmt":"2026-02-12T10:09:05","guid":{"rendered":"https:\/\/ses-creative.com\/?post_type=product&#038;p=118229"},"modified":"2026-02-12T10:22:45","modified_gmt":"2026-02-12T10:22:45","slug":"blocs-de-construction-en-bois-dinosaures-baril-50pcs","status":"publish","type":"product","link":"https:\/\/ses-creative.com\/fr\/produit\/blocs-de-construction-en-bois-dinosaures-baril-50pcs\/","title":{"rendered":"Blocs de construction en bois dinosaures &#8211; Baril 50pcs"},"content":{"rendered":"<p>Construisez et laissez libre cours \u00e0 votre imagination avec les blocs de construction en bois Dino&rsquo;s Bucket !<br \/>\nAlliez construction et apprentissage avec les blocs de construction en bois Dino&rsquo;s Bucket de SES Creative ! Ce joyeux ensemble de 50 pi\u00e8ces comprend des blocs en bois color\u00e9s et d&rsquo;adorables figurines de dinosaures, parfaits pour les jeunes constructeurs \u00e0 partir de 12 mois. Les enfants peuvent construire des tours, des maisons ou des villages de dinosaures entiers, tout en d\u00e9veloppant leur motricit\u00e9 fine, leur perception spatiale et leur cr\u00e9ativit\u00e9 de mani\u00e8re ludique.<\/p>\n<p>Ce qui rend ce set g\u00e9nial<\/p>\n<p>Contient 47 blocs en bois et 3 figurines de dinosaures imprim\u00e9es<\/p>\n<p>Le couvercle du seau sert de moule<\/p>\n<p>Stimule la motricit\u00e9, la r\u00e9solution de probl\u00e8mes et la pens\u00e9e cr\u00e9ative<\/p>\n<p>Bois durable et s\u00fbr dans des couleurs modernes<\/p>\n<p>Comprend un seau de rangement pratique<\/p>\n<p>Parfait pour les enfants \u00e0 partir de 12 mois<\/p>\n<p>Pourquoi ce produit est-il parfait pour vous ?<br \/>\nCe kit de construction est id\u00e9al pour les parents qui recherchent des jouets multifonctionnels alliant apprentissage et jeu. Les blocs et le casse-t\u00eate g\u00e9om\u00e9trique encouragent votre enfant \u00e0 r\u00e9fl\u00e9chir de mani\u00e8re logique, \u00e0 trier et \u00e0 construire. Et gr\u00e2ce au seau de rangement, le rangement est un jeu d&rsquo;enfant : pr\u00eat pour la prochaine aventure avec les dinosaures !<\/p>\n<p>Contenu de l&#8217;emballage<\/p>\n<p>47 blocs en bois<\/p>\n<p>3 figurines de dinosaures<\/p>\n<p>1 seau de rangement avec couvercle \u00e0 formes<\/p>\n<p>Pourquoi choisir SES Creative ?<br \/>\nDepuis de nombreuses ann\u00e9es, SES Creative d\u00e9veloppe des jouets s\u00fbrs et \u00e9ducatifs dans notre propre usine aux Pays-Bas. Nos produits r\u00e9pondent aux normes de s\u00e9curit\u00e9 europ\u00e9ennes les plus strictes et sont con\u00e7us pour permettre aux enfants de grandir et de se d\u00e9velopper de mani\u00e8re ludique.<\/p>\n<p>Commencez d\u00e8s aujourd&rsquo;hui \u00e0 construire dans le style des dinosaures<br \/>\nLaissez votre enfant construire, d\u00e9couvrir et r\u00eaver avec le seau de blocs de construction en bois Dinos de SES Creative. Pour un plaisir cr\u00e9atif sans fin avec une touche pr\u00e9historique !<\/p>\n","protected":false},"excerpt":{"rendered":"<p>Construisez et laissez libre cours \u00e0 votre imagination avec les blocs de construction en bois Dino&rsquo;s Bucket ! Alliez construction et apprentissage avec les blocs de construction en bois Dino&rsquo;s Bucket de SES Creative ! Ce joyeux ensemble de 50 pi\u00e8ces comprend des blocs en bois color\u00e9s et d&rsquo;adorables figurines de dinosaures, parfaits pour les [&hellip;]<\/p>\n","protected":false},"featured_media":101048,"comment_status":"closed","ping_status":"closed","template":"","meta":{"_acf_changed":false},"product_brand":[],"product_cat":[123],"product_tag":[],"class_list":{"0":"post-118229","1":"product","2":"type-product","3":"status-publish","4":"has-post-thumbnail","6":"product_cat-bebe-tout-petit","7":"pa_leeftijd-filter-0-2-ans","8":"pa_meest-populair-bij-garcons-filles","10":"first","11":"instock","12":"shipping-taxable","13":"product-type-simple"},"acf":[],"yoast_head":"<!-- This site is optimized with the Yoast SEO plugin v27.2 - https:\/\/yoast.com\/product\/yoast-seo-wordpress\/ -->\n<title>Blocs de construction en bois dinosaures - Baril 50pcs - SES Creative<\/title>\n<meta name=\"robots\" content=\"index, follow, max-snippet:-1, max-image-preview:large, max-video-preview:-1\" \/>\n<link rel=\"canonical\" href=\"https:\/\/ses-creative.com\/fr\/produit\/blocs-de-construction-en-bois-dinosaures-baril-50pcs\/\" \/>\n<meta property=\"og:locale\" content=\"fr_FR\" \/>\n<meta property=\"og:type\" content=\"article\" \/>\n<meta property=\"og:title\" content=\"Blocs de construction en bois dinosaures - Baril 50pcs - SES Creative\" \/>\n<meta property=\"og:description\" content=\"Construisez et laissez libre cours \u00e0 votre imagination avec les blocs de construction en bois Dino&rsquo;s Bucket ! Alliez construction et apprentissage avec les blocs de construction en bois Dino&rsquo;s Bucket de SES Creative ! Ce joyeux ensemble de 50 pi\u00e8ces comprend des blocs en bois color\u00e9s et d&rsquo;adorables figurines de dinosaures, parfaits pour les [&hellip;]\" \/>\n<meta property=\"og:url\" content=\"https:\/\/ses-creative.com\/fr\/produit\/blocs-de-construction-en-bois-dinosaures-baril-50pcs\/\" \/>\n<meta property=\"og:site_name\" content=\"SES Creative\" \/>\n<meta property=\"article:modified_time\" content=\"2026-02-12T10:22:45+00:00\" \/>\n<meta name=\"twitter:card\" content=\"summary_large_image\" \/>\n<meta name=\"twitter:label1\" content=\"Dur\u00e9e de lecture estim\u00e9e\" \/>\n\t<meta name=\"twitter:data1\" content=\"2 minutes\" \/>\n<script type=\"application\/ld+json\" class=\"yoast-schema-graph\">{\"@context\":\"https:\/\/schema.org\",\"@graph\":[{\"@type\":\"WebPage\",\"@id\":\"https:\/\/ses-creative.com\/fr\/produit\/blocs-de-construction-en-bois-dinosaures-baril-50pcs\/\",\"url\":\"https:\/\/ses-creative.com\/fr\/produit\/blocs-de-construction-en-bois-dinosaures-baril-50pcs\/\",\"name\":\"Blocs de construction en bois dinosaures - Baril 50pcs - SES Creative\",\"isPartOf\":{\"@id\":\"https:\/\/ses-creative.com\/#website\"},\"primaryImageOfPage\":{\"@id\":\"https:\/\/ses-creative.com\/fr\/produit\/blocs-de-construction-en-bois-dinosaures-baril-50pcs\/#primaryimage\"},\"image\":{\"@id\":\"https:\/\/ses-creative.com\/fr\/produit\/blocs-de-construction-en-bois-dinosaures-baril-50pcs\/#primaryimage\"},\"thumbnailUrl\":\"https:\/\/ses-creative.com\/wp-content\/uploads\/2026\/01\/132041.jpg\",\"datePublished\":\"2026-02-12T10:09:05+00:00\",\"dateModified\":\"2026-02-12T10:22:45+00:00\",\"breadcrumb\":{\"@id\":\"https:\/\/ses-creative.com\/fr\/produit\/blocs-de-construction-en-bois-dinosaures-baril-50pcs\/#breadcrumb\"},\"inLanguage\":\"fr-FR\",\"potentialAction\":[{\"@type\":\"ReadAction\",\"target\":[\"https:\/\/ses-creative.com\/fr\/produit\/blocs-de-construction-en-bois-dinosaures-baril-50pcs\/\"]}]},{\"@type\":\"ImageObject\",\"inLanguage\":\"fr-FR\",\"@id\":\"https:\/\/ses-creative.com\/fr\/produit\/blocs-de-construction-en-bois-dinosaures-baril-50pcs\/#primaryimage\",\"url\":\"https:\/\/ses-creative.com\/wp-content\/uploads\/2026\/01\/132041.jpg\",\"contentUrl\":\"https:\/\/ses-creative.com\/wp-content\/uploads\/2026\/01\/132041.jpg\",\"width\":1000,\"height\":1000},{\"@type\":\"BreadcrumbList\",\"@id\":\"https:\/\/ses-creative.com\/fr\/produit\/blocs-de-construction-en-bois-dinosaures-baril-50pcs\/#breadcrumb\",\"itemListElement\":[{\"@type\":\"ListItem\",\"position\":1,\"name\":\"Boutique\",\"item\":\"https:\/\/ses-creative.com\/fr\/boutique\/\"},{\"@type\":\"ListItem\",\"position\":2,\"name\":\"B\u00e9b\u00e9 &amp; Tout-petit\",\"item\":\"https:\/\/ses-creative.com\/fr\/product-categorie\/bebe-tout-petit\/\"},{\"@type\":\"ListItem\",\"position\":3,\"name\":\"Blocs de construction en bois dinosaures &#8211; Baril 50pcs\"}]},{\"@type\":\"WebSite\",\"@id\":\"https:\/\/ses-creative.com\/#website\",\"url\":\"https:\/\/ses-creative.com\/\",\"name\":\"SES Creative\",\"description\":\"\",\"publisher\":{\"@id\":\"https:\/\/ses-creative.com\/#organization\"},\"potentialAction\":[{\"@type\":\"SearchAction\",\"target\":{\"@type\":\"EntryPoint\",\"urlTemplate\":\"https:\/\/ses-creative.com\/?s={search_term_string}\"},\"query-input\":{\"@type\":\"PropertyValueSpecification\",\"valueRequired\":true,\"valueName\":\"search_term_string\"}}],\"inLanguage\":\"fr-FR\"},{\"@type\":\"Organization\",\"@id\":\"https:\/\/ses-creative.com\/#organization\",\"name\":\"SES Creative\",\"url\":\"https:\/\/ses-creative.com\/\",\"logo\":{\"@type\":\"ImageObject\",\"inLanguage\":\"fr-FR\",\"@id\":\"https:\/\/ses-creative.com\/#\/schema\/logo\/image\/\",\"url\":\"https:\/\/ses-creative.com\/wp-content\/uploads\/2025\/10\/ses-creative-logo.jpg\",\"contentUrl\":\"https:\/\/ses-creative.com\/wp-content\/uploads\/2025\/10\/ses-creative-logo.jpg\",\"width\":2037,\"height\":2037,\"caption\":\"SES Creative\"},\"image\":{\"@id\":\"https:\/\/ses-creative.com\/#\/schema\/logo\/image\/\"}}]}<\/script>\n<!-- \/ Yoast SEO plugin. -->","yoast_head_json":{"title":"Blocs de construction en bois dinosaures - Baril 50pcs - SES Creative","robots":{"index":"index","follow":"follow","max-snippet":"max-snippet:-1","max-image-preview":"max-image-preview:large","max-video-preview":"max-video-preview:-1"},"canonical":"https:\/\/ses-creative.com\/fr\/produit\/blocs-de-construction-en-bois-dinosaures-baril-50pcs\/","og_locale":"fr_FR","og_type":"article","og_title":"Blocs de construction en bois dinosaures - Baril 50pcs - SES Creative","og_description":"Construisez et laissez libre cours \u00e0 votre imagination avec les blocs de construction en bois Dino&rsquo;s Bucket ! Alliez construction et apprentissage avec les blocs de construction en bois Dino&rsquo;s Bucket de SES Creative ! Ce joyeux ensemble de 50 pi\u00e8ces comprend des blocs en bois color\u00e9s et d&rsquo;adorables figurines de dinosaures, parfaits pour les [&hellip;]","og_url":"https:\/\/ses-creative.com\/fr\/produit\/blocs-de-construction-en-bois-dinosaures-baril-50pcs\/","og_site_name":"SES Creative","article_modified_time":"2026-02-12T10:22:45+00:00","twitter_card":"summary_large_image","twitter_misc":{"Dur\u00e9e de lecture estim\u00e9e":"2 minutes"},"schema":{"@context":"https:\/\/schema.org","@graph":[{"@type":"WebPage","@id":"https:\/\/ses-creative.com\/fr\/produit\/blocs-de-construction-en-bois-dinosaures-baril-50pcs\/","url":"https:\/\/ses-creative.com\/fr\/produit\/blocs-de-construction-en-bois-dinosaures-baril-50pcs\/","name":"Blocs de construction en bois dinosaures - Baril 50pcs - SES Creative","isPartOf":{"@id":"https:\/\/ses-creative.com\/#website"},"primaryImageOfPage":{"@id":"https:\/\/ses-creative.com\/fr\/produit\/blocs-de-construction-en-bois-dinosaures-baril-50pcs\/#primaryimage"},"image":{"@id":"https:\/\/ses-creative.com\/fr\/produit\/blocs-de-construction-en-bois-dinosaures-baril-50pcs\/#primaryimage"},"thumbnailUrl":"https:\/\/ses-creative.com\/wp-content\/uploads\/2026\/01\/132041.jpg","datePublished":"2026-02-12T10:09:05+00:00","dateModified":"2026-02-12T10:22:45+00:00","breadcrumb":{"@id":"https:\/\/ses-creative.com\/fr\/produit\/blocs-de-construction-en-bois-dinosaures-baril-50pcs\/#breadcrumb"},"inLanguage":"fr-FR","potentialAction":[{"@type":"ReadAction","target":["https:\/\/ses-creative.com\/fr\/produit\/blocs-de-construction-en-bois-dinosaures-baril-50pcs\/"]}]},{"@type":"ImageObject","inLanguage":"fr-FR","@id":"https:\/\/ses-creative.com\/fr\/produit\/blocs-de-construction-en-bois-dinosaures-baril-50pcs\/#primaryimage","url":"https:\/\/ses-creative.com\/wp-content\/uploads\/2026\/01\/132041.jpg","contentUrl":"https:\/\/ses-creative.com\/wp-content\/uploads\/2026\/01\/132041.jpg","width":1000,"height":1000},{"@type":"BreadcrumbList","@id":"https:\/\/ses-creative.com\/fr\/produit\/blocs-de-construction-en-bois-dinosaures-baril-50pcs\/#breadcrumb","itemListElement":[{"@type":"ListItem","position":1,"name":"Boutique","item":"https:\/\/ses-creative.com\/fr\/boutique\/"},{"@type":"ListItem","position":2,"name":"B\u00e9b\u00e9 &amp; Tout-petit","item":"https:\/\/ses-creative.com\/fr\/product-categorie\/bebe-tout-petit\/"},{"@type":"ListItem","position":3,"name":"Blocs de construction en bois dinosaures &#8211; Baril 50pcs"}]},{"@type":"WebSite","@id":"https:\/\/ses-creative.com\/#website","url":"https:\/\/ses-creative.com\/","name":"SES Creative","description":"","publisher":{"@id":"https:\/\/ses-creative.com\/#organization"},"potentialAction":[{"@type":"SearchAction","target":{"@type":"EntryPoint","urlTemplate":"https:\/\/ses-creative.com\/?s={search_term_string}"},"query-input":{"@type":"PropertyValueSpecification","valueRequired":true,"valueName":"search_term_string"}}],"inLanguage":"fr-FR"},{"@type":"Organization","@id":"https:\/\/ses-creative.com\/#organization","name":"SES Creative","url":"https:\/\/ses-creative.com\/","logo":{"@type":"ImageObject","inLanguage":"fr-FR","@id":"https:\/\/ses-creative.com\/#\/schema\/logo\/image\/","url":"https:\/\/ses-creative.com\/wp-content\/uploads\/2025\/10\/ses-creative-logo.jpg","contentUrl":"https:\/\/ses-creative.com\/wp-content\/uploads\/2025\/10\/ses-creative-logo.jpg","width":2037,"height":2037,"caption":"SES Creative"},"image":{"@id":"https:\/\/ses-creative.com\/#\/schema\/logo\/image\/"}}]}},"_links":{"self":[{"href":"https:\/\/ses-creative.com\/fr\/wp-json\/wp\/v2\/product\/118229","targetHints":{"allow":["GET"]}}],"collection":[{"href":"https:\/\/ses-creative.com\/fr\/wp-json\/wp\/v2\/product"}],"about":[{"href":"https:\/\/ses-creative.com\/fr\/wp-json\/wp\/v2\/types\/product"}],"replies":[{"embeddable":true,"href":"https:\/\/ses-creative.com\/fr\/wp-json\/wp\/v2\/comments?post=118229"}],"wp:featuredmedia":[{"embeddable":true,"href":"https:\/\/ses-creative.com\/fr\/wp-json\/wp\/v2\/media\/101048"}],"wp:attachment":[{"href":"https:\/\/ses-creative.com\/fr\/wp-json\/wp\/v2\/media?parent=118229"}],"wp:term":[{"taxonomy":"product_brand","embeddable":true,"href":"https:\/\/ses-creative.com\/fr\/wp-json\/wp\/v2\/product_brand?post=118229"},{"taxonomy":"product_cat","embeddable":true,"href":"https:\/\/ses-creative.com\/fr\/wp-json\/wp\/v2\/product_cat?post=118229"},{"taxonomy":"product_tag","embeddable":true,"href":"https:\/\/ses-creative.com\/fr\/wp-json\/wp\/v2\/product_tag?post=118229"}],"curies":[{"name":"wp","href":"https:\/\/api.w.org\/{rel}","templated":true}]}}