











{"id":118228,"date":"2026-02-12T10:09:05","date_gmt":"2026-02-12T10:09:05","guid":{"rendered":"https:\/\/ses-creative.com\/?post_type=product&#038;p=118228"},"modified":"2026-02-12T10:22:45","modified_gmt":"2026-02-12T10:22:45","slug":"triceratops-en-bois-2-en-1-a-pousser-et-a-tirer","status":"publish","type":"product","link":"https:\/\/ses-creative.com\/fr\/produit\/triceratops-en-bois-2-en-1-a-pousser-et-a-tirer\/","title":{"rendered":"Triceratops en bois 2 en 1 &#8211; A pousser et \u00e0 tirer"},"content":{"rendered":"<p>Partez \u00e0 l&rsquo;aventure avec le tric\u00e9ratops en bois 2 en 1 !<br \/>\nEmbarquez pour une aventure pr\u00e9historique avec le Triceratops en bois 2 en 1 de SES Creative ! Ce jouet \u00e0 tirer robuste et color\u00e9 est sp\u00e9cialement con\u00e7u pour les tout-petits curieux \u00e0 partir de 18 mois. Utilisez-le comme un jouet \u00e0 tirer classique gr\u00e2ce \u00e0 sa corde solide, ou transformez-le en jouet \u00e0 pousser gr\u00e2ce \u00e0 sa poign\u00e9e pratique, id\u00e9ale pour les petites mains qui veulent d\u00e9couvrir, bouger et jouer.<\/p>\n<p>Ce qui rend cet ensemble g\u00e9nial<\/p>\n<p>Fonction 2 en 1 : pousser ou tirer<\/p>\n<p>Stimule la motricit\u00e9, la coordination et le jeu actif<\/p>\n<p>Poign\u00e9e ergonomique pour les tout-petits<\/p>\n<p>Bois durable, s\u00fbr et adapt\u00e9 aux enfants<\/p>\n<p>Parfait pour les enfants \u00e0 partir de 18 mois<\/p>\n<p>Pourquoi ce produit est-il parfait pour vous ?<br \/>\nLe Triceratops en bois 2 en 1 est parfait pour les parents qui recherchent un jouet polyvalent et \u00e9ducatif. Votre enfant reste actif, d\u00e9veloppe des comp\u00e9tences motrices importantes et est encourag\u00e9 \u00e0 inventer des histoires et des aventures. Que ce soit dans le salon ou dans le jardin, ce dinosaure est toujours pr\u00eat \u00e0 l&rsquo;action !<\/p>\n<p>Contenu de l&#8217;emballage<\/p>\n<p>1 tric\u00e9ratops en bois avec roues<\/p>\n<p>1 cordon de traction<\/p>\n<p>1 poign\u00e9e amovible<\/p>\n<p>Pourquoi choisir SES Creative ?<br \/>\nSES Creative est synonyme de jouets s\u00fbrs, stimulants et durables. Tous nos produits sont con\u00e7us et fabriqu\u00e9s dans notre propre usine aux Pays-Bas et r\u00e9pondent aux normes de s\u00e9curit\u00e9 europ\u00e9ennes les plus strictes. Vous avez ainsi la certitude de choisir des produits de qualit\u00e9 qui favorisent v\u00e9ritablement le d\u00e9veloppement de votre enfant.<\/p>\n<p>Commencez d\u00e8s aujourd&rsquo;hui \u00e0 vous amuser avec les dinosaures roulants<br \/>\nLaissez votre tout-petit partir \u00e0 la d\u00e9couverte avec le Triceratops en bois 2 en 1 de SES Creative. Pour un jeu imaginatif et actif, \u00e0 la maison, dans le jardin ou partout o\u00f9 l&rsquo;aventure vous m\u00e8ne !<\/p>\n","protected":false},"excerpt":{"rendered":"<p>Partez \u00e0 l&rsquo;aventure avec le tric\u00e9ratops en bois 2 en 1 ! Embarquez pour une aventure pr\u00e9historique avec le Triceratops en bois 2 en 1 de SES Creative ! Ce jouet \u00e0 tirer robuste et color\u00e9 est sp\u00e9cialement con\u00e7u pour les tout-petits curieux \u00e0 partir de 18 mois. Utilisez-le comme un jouet \u00e0 tirer classique [&hellip;]<\/p>\n","protected":false},"featured_media":94340,"comment_status":"closed","ping_status":"closed","template":"","meta":{"_acf_changed":false},"product_brand":[],"product_cat":[123],"product_tag":[],"class_list":{"0":"post-118228","1":"product","2":"type-product","3":"status-publish","4":"has-post-thumbnail","6":"product_cat-bebe-tout-petit","7":"pa_leeftijd-filter-0-2-ans","8":"pa_meest-populair-bij-garcons-filles","10":"first","11":"instock","12":"shipping-taxable","13":"product-type-simple"},"acf":[],"yoast_head":"<!-- This site is optimized with the Yoast SEO plugin v27.2 - https:\/\/yoast.com\/product\/yoast-seo-wordpress\/ -->\n<title>Triceratops en bois 2 en 1 - A pousser et \u00e0 tirer - SES Creative<\/title>\n<meta name=\"robots\" content=\"index, follow, max-snippet:-1, max-image-preview:large, max-video-preview:-1\" \/>\n<link rel=\"canonical\" href=\"https:\/\/ses-creative.com\/fr\/produit\/triceratops-en-bois-2-en-1-a-pousser-et-a-tirer\/\" \/>\n<meta property=\"og:locale\" content=\"fr_FR\" \/>\n<meta property=\"og:type\" content=\"article\" \/>\n<meta property=\"og:title\" content=\"Triceratops en bois 2 en 1 - A pousser et \u00e0 tirer - SES Creative\" \/>\n<meta property=\"og:description\" content=\"Partez \u00e0 l&rsquo;aventure avec le tric\u00e9ratops en bois 2 en 1 ! Embarquez pour une aventure pr\u00e9historique avec le Triceratops en bois 2 en 1 de SES Creative ! Ce jouet \u00e0 tirer robuste et color\u00e9 est sp\u00e9cialement con\u00e7u pour les tout-petits curieux \u00e0 partir de 18 mois. Utilisez-le comme un jouet \u00e0 tirer classique [&hellip;]\" \/>\n<meta property=\"og:url\" content=\"https:\/\/ses-creative.com\/fr\/produit\/triceratops-en-bois-2-en-1-a-pousser-et-a-tirer\/\" \/>\n<meta property=\"og:site_name\" content=\"SES Creative\" \/>\n<meta property=\"article:modified_time\" content=\"2026-02-12T10:22:45+00:00\" \/>\n<meta name=\"twitter:card\" content=\"summary_large_image\" \/>\n<meta name=\"twitter:label1\" content=\"Dur\u00e9e de lecture estim\u00e9e\" \/>\n\t<meta name=\"twitter:data1\" content=\"2 minutes\" \/>\n<script type=\"application\/ld+json\" class=\"yoast-schema-graph\">{\"@context\":\"https:\/\/schema.org\",\"@graph\":[{\"@type\":\"WebPage\",\"@id\":\"https:\/\/ses-creative.com\/fr\/produit\/triceratops-en-bois-2-en-1-a-pousser-et-a-tirer\/\",\"url\":\"https:\/\/ses-creative.com\/fr\/produit\/triceratops-en-bois-2-en-1-a-pousser-et-a-tirer\/\",\"name\":\"Triceratops en bois 2 en 1 - A pousser et \u00e0 tirer - SES Creative\",\"isPartOf\":{\"@id\":\"https:\/\/ses-creative.com\/#website\"},\"primaryImageOfPage\":{\"@id\":\"https:\/\/ses-creative.com\/fr\/produit\/triceratops-en-bois-2-en-1-a-pousser-et-a-tirer\/#primaryimage\"},\"image\":{\"@id\":\"https:\/\/ses-creative.com\/fr\/produit\/triceratops-en-bois-2-en-1-a-pousser-et-a-tirer\/#primaryimage\"},\"thumbnailUrl\":\"https:\/\/ses-creative.com\/wp-content\/uploads\/2026\/01\/132031.jpg\",\"datePublished\":\"2026-02-12T10:09:05+00:00\",\"dateModified\":\"2026-02-12T10:22:45+00:00\",\"breadcrumb\":{\"@id\":\"https:\/\/ses-creative.com\/fr\/produit\/triceratops-en-bois-2-en-1-a-pousser-et-a-tirer\/#breadcrumb\"},\"inLanguage\":\"fr-FR\",\"potentialAction\":[{\"@type\":\"ReadAction\",\"target\":[\"https:\/\/ses-creative.com\/fr\/produit\/triceratops-en-bois-2-en-1-a-pousser-et-a-tirer\/\"]}]},{\"@type\":\"ImageObject\",\"inLanguage\":\"fr-FR\",\"@id\":\"https:\/\/ses-creative.com\/fr\/produit\/triceratops-en-bois-2-en-1-a-pousser-et-a-tirer\/#primaryimage\",\"url\":\"https:\/\/ses-creative.com\/wp-content\/uploads\/2026\/01\/132031.jpg\",\"contentUrl\":\"https:\/\/ses-creative.com\/wp-content\/uploads\/2026\/01\/132031.jpg\",\"width\":1000,\"height\":1000},{\"@type\":\"BreadcrumbList\",\"@id\":\"https:\/\/ses-creative.com\/fr\/produit\/triceratops-en-bois-2-en-1-a-pousser-et-a-tirer\/#breadcrumb\",\"itemListElement\":[{\"@type\":\"ListItem\",\"position\":1,\"name\":\"Boutique\",\"item\":\"https:\/\/ses-creative.com\/fr\/boutique\/\"},{\"@type\":\"ListItem\",\"position\":2,\"name\":\"B\u00e9b\u00e9 &amp; Tout-petit\",\"item\":\"https:\/\/ses-creative.com\/fr\/product-categorie\/bebe-tout-petit\/\"},{\"@type\":\"ListItem\",\"position\":3,\"name\":\"Triceratops en bois 2 en 1 &#8211; A pousser et \u00e0 tirer\"}]},{\"@type\":\"WebSite\",\"@id\":\"https:\/\/ses-creative.com\/#website\",\"url\":\"https:\/\/ses-creative.com\/\",\"name\":\"SES Creative\",\"description\":\"\",\"publisher\":{\"@id\":\"https:\/\/ses-creative.com\/#organization\"},\"potentialAction\":[{\"@type\":\"SearchAction\",\"target\":{\"@type\":\"EntryPoint\",\"urlTemplate\":\"https:\/\/ses-creative.com\/?s={search_term_string}\"},\"query-input\":{\"@type\":\"PropertyValueSpecification\",\"valueRequired\":true,\"valueName\":\"search_term_string\"}}],\"inLanguage\":\"fr-FR\"},{\"@type\":\"Organization\",\"@id\":\"https:\/\/ses-creative.com\/#organization\",\"name\":\"SES Creative\",\"url\":\"https:\/\/ses-creative.com\/\",\"logo\":{\"@type\":\"ImageObject\",\"inLanguage\":\"fr-FR\",\"@id\":\"https:\/\/ses-creative.com\/#\/schema\/logo\/image\/\",\"url\":\"https:\/\/ses-creative.com\/wp-content\/uploads\/2025\/10\/ses-creative-logo.jpg\",\"contentUrl\":\"https:\/\/ses-creative.com\/wp-content\/uploads\/2025\/10\/ses-creative-logo.jpg\",\"width\":2037,\"height\":2037,\"caption\":\"SES Creative\"},\"image\":{\"@id\":\"https:\/\/ses-creative.com\/#\/schema\/logo\/image\/\"}}]}<\/script>\n<!-- \/ Yoast SEO plugin. -->","yoast_head_json":{"title":"Triceratops en bois 2 en 1 - A pousser et \u00e0 tirer - SES Creative","robots":{"index":"index","follow":"follow","max-snippet":"max-snippet:-1","max-image-preview":"max-image-preview:large","max-video-preview":"max-video-preview:-1"},"canonical":"https:\/\/ses-creative.com\/fr\/produit\/triceratops-en-bois-2-en-1-a-pousser-et-a-tirer\/","og_locale":"fr_FR","og_type":"article","og_title":"Triceratops en bois 2 en 1 - A pousser et \u00e0 tirer - SES Creative","og_description":"Partez \u00e0 l&rsquo;aventure avec le tric\u00e9ratops en bois 2 en 1 ! Embarquez pour une aventure pr\u00e9historique avec le Triceratops en bois 2 en 1 de SES Creative ! Ce jouet \u00e0 tirer robuste et color\u00e9 est sp\u00e9cialement con\u00e7u pour les tout-petits curieux \u00e0 partir de 18 mois. Utilisez-le comme un jouet \u00e0 tirer classique [&hellip;]","og_url":"https:\/\/ses-creative.com\/fr\/produit\/triceratops-en-bois-2-en-1-a-pousser-et-a-tirer\/","og_site_name":"SES Creative","article_modified_time":"2026-02-12T10:22:45+00:00","twitter_card":"summary_large_image","twitter_misc":{"Dur\u00e9e de lecture estim\u00e9e":"2 minutes"},"schema":{"@context":"https:\/\/schema.org","@graph":[{"@type":"WebPage","@id":"https:\/\/ses-creative.com\/fr\/produit\/triceratops-en-bois-2-en-1-a-pousser-et-a-tirer\/","url":"https:\/\/ses-creative.com\/fr\/produit\/triceratops-en-bois-2-en-1-a-pousser-et-a-tirer\/","name":"Triceratops en bois 2 en 1 - A pousser et \u00e0 tirer - SES Creative","isPartOf":{"@id":"https:\/\/ses-creative.com\/#website"},"primaryImageOfPage":{"@id":"https:\/\/ses-creative.com\/fr\/produit\/triceratops-en-bois-2-en-1-a-pousser-et-a-tirer\/#primaryimage"},"image":{"@id":"https:\/\/ses-creative.com\/fr\/produit\/triceratops-en-bois-2-en-1-a-pousser-et-a-tirer\/#primaryimage"},"thumbnailUrl":"https:\/\/ses-creative.com\/wp-content\/uploads\/2026\/01\/132031.jpg","datePublished":"2026-02-12T10:09:05+00:00","dateModified":"2026-02-12T10:22:45+00:00","breadcrumb":{"@id":"https:\/\/ses-creative.com\/fr\/produit\/triceratops-en-bois-2-en-1-a-pousser-et-a-tirer\/#breadcrumb"},"inLanguage":"fr-FR","potentialAction":[{"@type":"ReadAction","target":["https:\/\/ses-creative.com\/fr\/produit\/triceratops-en-bois-2-en-1-a-pousser-et-a-tirer\/"]}]},{"@type":"ImageObject","inLanguage":"fr-FR","@id":"https:\/\/ses-creative.com\/fr\/produit\/triceratops-en-bois-2-en-1-a-pousser-et-a-tirer\/#primaryimage","url":"https:\/\/ses-creative.com\/wp-content\/uploads\/2026\/01\/132031.jpg","contentUrl":"https:\/\/ses-creative.com\/wp-content\/uploads\/2026\/01\/132031.jpg","width":1000,"height":1000},{"@type":"BreadcrumbList","@id":"https:\/\/ses-creative.com\/fr\/produit\/triceratops-en-bois-2-en-1-a-pousser-et-a-tirer\/#breadcrumb","itemListElement":[{"@type":"ListItem","position":1,"name":"Boutique","item":"https:\/\/ses-creative.com\/fr\/boutique\/"},{"@type":"ListItem","position":2,"name":"B\u00e9b\u00e9 &amp; Tout-petit","item":"https:\/\/ses-creative.com\/fr\/product-categorie\/bebe-tout-petit\/"},{"@type":"ListItem","position":3,"name":"Triceratops en bois 2 en 1 &#8211; A pousser et \u00e0 tirer"}]},{"@type":"WebSite","@id":"https:\/\/ses-creative.com\/#website","url":"https:\/\/ses-creative.com\/","name":"SES Creative","description":"","publisher":{"@id":"https:\/\/ses-creative.com\/#organization"},"potentialAction":[{"@type":"SearchAction","target":{"@type":"EntryPoint","urlTemplate":"https:\/\/ses-creative.com\/?s={search_term_string}"},"query-input":{"@type":"PropertyValueSpecification","valueRequired":true,"valueName":"search_term_string"}}],"inLanguage":"fr-FR"},{"@type":"Organization","@id":"https:\/\/ses-creative.com\/#organization","name":"SES Creative","url":"https:\/\/ses-creative.com\/","logo":{"@type":"ImageObject","inLanguage":"fr-FR","@id":"https:\/\/ses-creative.com\/#\/schema\/logo\/image\/","url":"https:\/\/ses-creative.com\/wp-content\/uploads\/2025\/10\/ses-creative-logo.jpg","contentUrl":"https:\/\/ses-creative.com\/wp-content\/uploads\/2025\/10\/ses-creative-logo.jpg","width":2037,"height":2037,"caption":"SES Creative"},"image":{"@id":"https:\/\/ses-creative.com\/#\/schema\/logo\/image\/"}}]}},"_links":{"self":[{"href":"https:\/\/ses-creative.com\/fr\/wp-json\/wp\/v2\/product\/118228","targetHints":{"allow":["GET"]}}],"collection":[{"href":"https:\/\/ses-creative.com\/fr\/wp-json\/wp\/v2\/product"}],"about":[{"href":"https:\/\/ses-creative.com\/fr\/wp-json\/wp\/v2\/types\/product"}],"replies":[{"embeddable":true,"href":"https:\/\/ses-creative.com\/fr\/wp-json\/wp\/v2\/comments?post=118228"}],"wp:featuredmedia":[{"embeddable":true,"href":"https:\/\/ses-creative.com\/fr\/wp-json\/wp\/v2\/media\/94340"}],"wp:attachment":[{"href":"https:\/\/ses-creative.com\/fr\/wp-json\/wp\/v2\/media?parent=118228"}],"wp:term":[{"taxonomy":"product_brand","embeddable":true,"href":"https:\/\/ses-creative.com\/fr\/wp-json\/wp\/v2\/product_brand?post=118228"},{"taxonomy":"product_cat","embeddable":true,"href":"https:\/\/ses-creative.com\/fr\/wp-json\/wp\/v2\/product_cat?post=118228"},{"taxonomy":"product_tag","embeddable":true,"href":"https:\/\/ses-creative.com\/fr\/wp-json\/wp\/v2\/product_tag?post=118228"}],"curies":[{"name":"wp","href":"https:\/\/api.w.org\/{rel}","templated":true}]}}