











{"id":118227,"date":"2026-02-12T10:09:05","date_gmt":"2026-02-12T10:09:05","guid":{"rendered":"https:\/\/ses-creative.com\/?post_type=product&#038;p=118227"},"modified":"2026-02-12T10:22:45","modified_gmt":"2026-02-12T10:22:45","slug":"tour-de-blocs-a-empiler-avec-figurines-de-dinosaures","status":"publish","type":"product","link":"https:\/\/ses-creative.com\/fr\/produit\/tour-de-blocs-a-empiler-avec-figurines-de-dinosaures\/","title":{"rendered":"Tour de blocs \u00e0 empiler avec figurines de dinosaures"},"content":{"rendered":"<p>Empilez et jouez avec les blocs \u00e0 empiler Dino !<br \/>\nConstruire, d\u00e9couvrir et apprendre \u2013 avec ces blocs \u00e0 empiler dinosaures de SES Creative, votre tout-petit peut s&rsquo;amuser dans tous les sens. Le set comprend des blocs color\u00e9s de diff\u00e9rentes tailles et des figurines dinosaures robustes pour jouer. Chaque face des blocs montre quelque chose de nouveau : des chiffres, des couleurs et des images joyeuses de dinosaures. Id\u00e9al pour stimuler la motricit\u00e9 et la capacit\u00e9 d&rsquo;apprentissage de mani\u00e8re ludique !<br \/>\nCe qui rend ce set g\u00e9nial<br \/>\n&#8211;    Chaque face des blocs a un th\u00e8me diff\u00e9rent<br \/>\n&#8211;    Comprend 4 figurines de dinosaures robustes pour jouer<br \/>\n&#8211; Stimule la motricit\u00e9 et le d\u00e9veloppement cognitif<br \/>\n&#8211;    Mat\u00e9riau durable, l\u00e9ger et s\u00fbr<br \/>\n&#8211;    Parfait pour les enfants \u00e0 partir de 10 mois<br \/>\nPourquoi ce produit est-il parfait pour vous ?<br \/>\nCes blocs sont parfaits pour les parents qui recherchent des jouets non seulement amusants, mais aussi \u00e9ducatifs. Votre enfant d\u00e9veloppe des comp\u00e9tences importantes en construisant, en empilant et en d\u00e9couvrant. La combinaison d&rsquo;imprim\u00e9s \u00e9ducatifs et de dinosaures ludiques offre une vari\u00e9t\u00e9 et un plaisir de jeu infinis.<br \/>\nContenu de l&#8217;emballage<br \/>\n&#8211;    7 blocs empilables ouverts de tailles croissantes<br \/>\n&#8211;    4 figurines de dinosaures<br \/>\nPourquoi choisir SES Creative ?<br \/>\nChez SES Creative, la s\u00e9curit\u00e9 est notre priorit\u00e9. C&rsquo;est pourquoi tous nos produits sont d\u00e9velopp\u00e9s et test\u00e9s dans notre propre usine aux Pays-Bas, conform\u00e9ment aux normes de s\u00e9curit\u00e9 europ\u00e9ennes les plus strictes. Nos jouets ne sont pas seulement source de plaisir, ils stimulent \u00e9galement la cr\u00e9ativit\u00e9, le d\u00e9veloppement et la fiert\u00e9 de chaque enfant.<br \/>\nCommencez d\u00e8s aujourd&rsquo;hui \u00e0 empiler et \u00e0 jouer<br \/>\nD\u00e9couvrez le plaisir de construire, d&rsquo;apprendre et de jouer avec les blocs \u00e0 empiler Dino de SES Creative. Parfaits pour les petits explorateurs curieux \u00e0 partir de 10 mois !<\/p>\n","protected":false},"excerpt":{"rendered":"<p>Empilez et jouez avec les blocs \u00e0 empiler Dino ! Construire, d\u00e9couvrir et apprendre \u2013 avec ces blocs \u00e0 empiler dinosaures de SES Creative, votre tout-petit peut s&rsquo;amuser dans tous les sens. Le set comprend des blocs color\u00e9s de diff\u00e9rentes tailles et des figurines dinosaures robustes pour jouer. Chaque face des blocs montre quelque chose [&hellip;]<\/p>\n","protected":false},"featured_media":101028,"comment_status":"closed","ping_status":"closed","template":"","meta":{"_acf_changed":false},"product_brand":[],"product_cat":[123],"product_tag":[],"class_list":{"0":"post-118227","1":"product","2":"type-product","3":"status-publish","4":"has-post-thumbnail","6":"product_cat-bebe-tout-petit","7":"pa_leeftijd-filter-0-2-ans","8":"pa_meest-populair-bij-garcons-filles","10":"first","11":"instock","12":"shipping-taxable","13":"product-type-simple"},"acf":[],"yoast_head":"<!-- This site is optimized with the Yoast SEO plugin v27.2 - https:\/\/yoast.com\/product\/yoast-seo-wordpress\/ -->\n<title>Tour de blocs \u00e0 empiler avec figurines de dinosaures - SES Creative<\/title>\n<meta name=\"robots\" content=\"index, follow, max-snippet:-1, max-image-preview:large, max-video-preview:-1\" \/>\n<link rel=\"canonical\" href=\"https:\/\/ses-creative.com\/fr\/produit\/tour-de-blocs-a-empiler-avec-figurines-de-dinosaures\/\" \/>\n<meta property=\"og:locale\" content=\"fr_FR\" \/>\n<meta property=\"og:type\" content=\"article\" \/>\n<meta property=\"og:title\" content=\"Tour de blocs \u00e0 empiler avec figurines de dinosaures - SES Creative\" \/>\n<meta property=\"og:description\" content=\"Empilez et jouez avec les blocs \u00e0 empiler Dino ! Construire, d\u00e9couvrir et apprendre \u2013 avec ces blocs \u00e0 empiler dinosaures de SES Creative, votre tout-petit peut s&rsquo;amuser dans tous les sens. Le set comprend des blocs color\u00e9s de diff\u00e9rentes tailles et des figurines dinosaures robustes pour jouer. Chaque face des blocs montre quelque chose [&hellip;]\" \/>\n<meta property=\"og:url\" content=\"https:\/\/ses-creative.com\/fr\/produit\/tour-de-blocs-a-empiler-avec-figurines-de-dinosaures\/\" \/>\n<meta property=\"og:site_name\" content=\"SES Creative\" \/>\n<meta property=\"article:modified_time\" content=\"2026-02-12T10:22:45+00:00\" \/>\n<meta name=\"twitter:card\" content=\"summary_large_image\" \/>\n<meta name=\"twitter:label1\" content=\"Dur\u00e9e de lecture estim\u00e9e\" \/>\n\t<meta name=\"twitter:data1\" content=\"2 minutes\" \/>\n<script type=\"application\/ld+json\" class=\"yoast-schema-graph\">{\"@context\":\"https:\/\/schema.org\",\"@graph\":[{\"@type\":\"WebPage\",\"@id\":\"https:\/\/ses-creative.com\/fr\/produit\/tour-de-blocs-a-empiler-avec-figurines-de-dinosaures\/\",\"url\":\"https:\/\/ses-creative.com\/fr\/produit\/tour-de-blocs-a-empiler-avec-figurines-de-dinosaures\/\",\"name\":\"Tour de blocs \u00e0 empiler avec figurines de dinosaures - SES Creative\",\"isPartOf\":{\"@id\":\"https:\/\/ses-creative.com\/#website\"},\"primaryImageOfPage\":{\"@id\":\"https:\/\/ses-creative.com\/fr\/produit\/tour-de-blocs-a-empiler-avec-figurines-de-dinosaures\/#primaryimage\"},\"image\":{\"@id\":\"https:\/\/ses-creative.com\/fr\/produit\/tour-de-blocs-a-empiler-avec-figurines-de-dinosaures\/#primaryimage\"},\"thumbnailUrl\":\"https:\/\/ses-creative.com\/wp-content\/uploads\/2026\/01\/132021.jpg\",\"datePublished\":\"2026-02-12T10:09:05+00:00\",\"dateModified\":\"2026-02-12T10:22:45+00:00\",\"breadcrumb\":{\"@id\":\"https:\/\/ses-creative.com\/fr\/produit\/tour-de-blocs-a-empiler-avec-figurines-de-dinosaures\/#breadcrumb\"},\"inLanguage\":\"fr-FR\",\"potentialAction\":[{\"@type\":\"ReadAction\",\"target\":[\"https:\/\/ses-creative.com\/fr\/produit\/tour-de-blocs-a-empiler-avec-figurines-de-dinosaures\/\"]}]},{\"@type\":\"ImageObject\",\"inLanguage\":\"fr-FR\",\"@id\":\"https:\/\/ses-creative.com\/fr\/produit\/tour-de-blocs-a-empiler-avec-figurines-de-dinosaures\/#primaryimage\",\"url\":\"https:\/\/ses-creative.com\/wp-content\/uploads\/2026\/01\/132021.jpg\",\"contentUrl\":\"https:\/\/ses-creative.com\/wp-content\/uploads\/2026\/01\/132021.jpg\",\"width\":1000,\"height\":1000},{\"@type\":\"BreadcrumbList\",\"@id\":\"https:\/\/ses-creative.com\/fr\/produit\/tour-de-blocs-a-empiler-avec-figurines-de-dinosaures\/#breadcrumb\",\"itemListElement\":[{\"@type\":\"ListItem\",\"position\":1,\"name\":\"Boutique\",\"item\":\"https:\/\/ses-creative.com\/fr\/boutique\/\"},{\"@type\":\"ListItem\",\"position\":2,\"name\":\"B\u00e9b\u00e9 &amp; Tout-petit\",\"item\":\"https:\/\/ses-creative.com\/fr\/product-categorie\/bebe-tout-petit\/\"},{\"@type\":\"ListItem\",\"position\":3,\"name\":\"Tour de blocs \u00e0 empiler avec figurines de dinosaures\"}]},{\"@type\":\"WebSite\",\"@id\":\"https:\/\/ses-creative.com\/#website\",\"url\":\"https:\/\/ses-creative.com\/\",\"name\":\"SES Creative\",\"description\":\"\",\"publisher\":{\"@id\":\"https:\/\/ses-creative.com\/#organization\"},\"potentialAction\":[{\"@type\":\"SearchAction\",\"target\":{\"@type\":\"EntryPoint\",\"urlTemplate\":\"https:\/\/ses-creative.com\/?s={search_term_string}\"},\"query-input\":{\"@type\":\"PropertyValueSpecification\",\"valueRequired\":true,\"valueName\":\"search_term_string\"}}],\"inLanguage\":\"fr-FR\"},{\"@type\":\"Organization\",\"@id\":\"https:\/\/ses-creative.com\/#organization\",\"name\":\"SES Creative\",\"url\":\"https:\/\/ses-creative.com\/\",\"logo\":{\"@type\":\"ImageObject\",\"inLanguage\":\"fr-FR\",\"@id\":\"https:\/\/ses-creative.com\/#\/schema\/logo\/image\/\",\"url\":\"https:\/\/ses-creative.com\/wp-content\/uploads\/2025\/10\/ses-creative-logo.jpg\",\"contentUrl\":\"https:\/\/ses-creative.com\/wp-content\/uploads\/2025\/10\/ses-creative-logo.jpg\",\"width\":2037,\"height\":2037,\"caption\":\"SES Creative\"},\"image\":{\"@id\":\"https:\/\/ses-creative.com\/#\/schema\/logo\/image\/\"}}]}<\/script>\n<!-- \/ Yoast SEO plugin. -->","yoast_head_json":{"title":"Tour de blocs \u00e0 empiler avec figurines de dinosaures - SES Creative","robots":{"index":"index","follow":"follow","max-snippet":"max-snippet:-1","max-image-preview":"max-image-preview:large","max-video-preview":"max-video-preview:-1"},"canonical":"https:\/\/ses-creative.com\/fr\/produit\/tour-de-blocs-a-empiler-avec-figurines-de-dinosaures\/","og_locale":"fr_FR","og_type":"article","og_title":"Tour de blocs \u00e0 empiler avec figurines de dinosaures - SES Creative","og_description":"Empilez et jouez avec les blocs \u00e0 empiler Dino ! Construire, d\u00e9couvrir et apprendre \u2013 avec ces blocs \u00e0 empiler dinosaures de SES Creative, votre tout-petit peut s&rsquo;amuser dans tous les sens. Le set comprend des blocs color\u00e9s de diff\u00e9rentes tailles et des figurines dinosaures robustes pour jouer. Chaque face des blocs montre quelque chose [&hellip;]","og_url":"https:\/\/ses-creative.com\/fr\/produit\/tour-de-blocs-a-empiler-avec-figurines-de-dinosaures\/","og_site_name":"SES Creative","article_modified_time":"2026-02-12T10:22:45+00:00","twitter_card":"summary_large_image","twitter_misc":{"Dur\u00e9e de lecture estim\u00e9e":"2 minutes"},"schema":{"@context":"https:\/\/schema.org","@graph":[{"@type":"WebPage","@id":"https:\/\/ses-creative.com\/fr\/produit\/tour-de-blocs-a-empiler-avec-figurines-de-dinosaures\/","url":"https:\/\/ses-creative.com\/fr\/produit\/tour-de-blocs-a-empiler-avec-figurines-de-dinosaures\/","name":"Tour de blocs \u00e0 empiler avec figurines de dinosaures - SES Creative","isPartOf":{"@id":"https:\/\/ses-creative.com\/#website"},"primaryImageOfPage":{"@id":"https:\/\/ses-creative.com\/fr\/produit\/tour-de-blocs-a-empiler-avec-figurines-de-dinosaures\/#primaryimage"},"image":{"@id":"https:\/\/ses-creative.com\/fr\/produit\/tour-de-blocs-a-empiler-avec-figurines-de-dinosaures\/#primaryimage"},"thumbnailUrl":"https:\/\/ses-creative.com\/wp-content\/uploads\/2026\/01\/132021.jpg","datePublished":"2026-02-12T10:09:05+00:00","dateModified":"2026-02-12T10:22:45+00:00","breadcrumb":{"@id":"https:\/\/ses-creative.com\/fr\/produit\/tour-de-blocs-a-empiler-avec-figurines-de-dinosaures\/#breadcrumb"},"inLanguage":"fr-FR","potentialAction":[{"@type":"ReadAction","target":["https:\/\/ses-creative.com\/fr\/produit\/tour-de-blocs-a-empiler-avec-figurines-de-dinosaures\/"]}]},{"@type":"ImageObject","inLanguage":"fr-FR","@id":"https:\/\/ses-creative.com\/fr\/produit\/tour-de-blocs-a-empiler-avec-figurines-de-dinosaures\/#primaryimage","url":"https:\/\/ses-creative.com\/wp-content\/uploads\/2026\/01\/132021.jpg","contentUrl":"https:\/\/ses-creative.com\/wp-content\/uploads\/2026\/01\/132021.jpg","width":1000,"height":1000},{"@type":"BreadcrumbList","@id":"https:\/\/ses-creative.com\/fr\/produit\/tour-de-blocs-a-empiler-avec-figurines-de-dinosaures\/#breadcrumb","itemListElement":[{"@type":"ListItem","position":1,"name":"Boutique","item":"https:\/\/ses-creative.com\/fr\/boutique\/"},{"@type":"ListItem","position":2,"name":"B\u00e9b\u00e9 &amp; Tout-petit","item":"https:\/\/ses-creative.com\/fr\/product-categorie\/bebe-tout-petit\/"},{"@type":"ListItem","position":3,"name":"Tour de blocs \u00e0 empiler avec figurines de dinosaures"}]},{"@type":"WebSite","@id":"https:\/\/ses-creative.com\/#website","url":"https:\/\/ses-creative.com\/","name":"SES Creative","description":"","publisher":{"@id":"https:\/\/ses-creative.com\/#organization"},"potentialAction":[{"@type":"SearchAction","target":{"@type":"EntryPoint","urlTemplate":"https:\/\/ses-creative.com\/?s={search_term_string}"},"query-input":{"@type":"PropertyValueSpecification","valueRequired":true,"valueName":"search_term_string"}}],"inLanguage":"fr-FR"},{"@type":"Organization","@id":"https:\/\/ses-creative.com\/#organization","name":"SES Creative","url":"https:\/\/ses-creative.com\/","logo":{"@type":"ImageObject","inLanguage":"fr-FR","@id":"https:\/\/ses-creative.com\/#\/schema\/logo\/image\/","url":"https:\/\/ses-creative.com\/wp-content\/uploads\/2025\/10\/ses-creative-logo.jpg","contentUrl":"https:\/\/ses-creative.com\/wp-content\/uploads\/2025\/10\/ses-creative-logo.jpg","width":2037,"height":2037,"caption":"SES Creative"},"image":{"@id":"https:\/\/ses-creative.com\/#\/schema\/logo\/image\/"}}]}},"_links":{"self":[{"href":"https:\/\/ses-creative.com\/fr\/wp-json\/wp\/v2\/product\/118227","targetHints":{"allow":["GET"]}}],"collection":[{"href":"https:\/\/ses-creative.com\/fr\/wp-json\/wp\/v2\/product"}],"about":[{"href":"https:\/\/ses-creative.com\/fr\/wp-json\/wp\/v2\/types\/product"}],"replies":[{"embeddable":true,"href":"https:\/\/ses-creative.com\/fr\/wp-json\/wp\/v2\/comments?post=118227"}],"wp:featuredmedia":[{"embeddable":true,"href":"https:\/\/ses-creative.com\/fr\/wp-json\/wp\/v2\/media\/101028"}],"wp:attachment":[{"href":"https:\/\/ses-creative.com\/fr\/wp-json\/wp\/v2\/media?parent=118227"}],"wp:term":[{"taxonomy":"product_brand","embeddable":true,"href":"https:\/\/ses-creative.com\/fr\/wp-json\/wp\/v2\/product_brand?post=118227"},{"taxonomy":"product_cat","embeddable":true,"href":"https:\/\/ses-creative.com\/fr\/wp-json\/wp\/v2\/product_cat?post=118227"},{"taxonomy":"product_tag","embeddable":true,"href":"https:\/\/ses-creative.com\/fr\/wp-json\/wp\/v2\/product_tag?post=118227"}],"curies":[{"name":"wp","href":"https:\/\/api.w.org\/{rel}","templated":true}]}}