











{"id":118226,"date":"2026-02-12T10:09:04","date_gmt":"2026-02-12T10:09:04","guid":{"rendered":"https:\/\/ses-creative.com\/?post_type=product&#038;p=118226"},"modified":"2026-02-12T10:22:44","modified_gmt":"2026-02-12T10:22:44","slug":"tex-t-rex-sensoriel","status":"publish","type":"product","link":"https:\/\/ses-creative.com\/fr\/produit\/tex-t-rex-sensoriel\/","title":{"rendered":"Tex &#8211; T-rex sensoriel"},"content":{"rendered":"<p>D\u00e9couvrez et jouez avec Tex le T-rex sensoriel !<br \/>\nTex est un grand T-rex tout doux avec plein de textures passionnantes \u00e0 d\u00e9couvrir. Cette peluche a \u00e9t\u00e9 sp\u00e9cialement con\u00e7ue pour stimuler les sens de votre tout-petit. Tex est compos\u00e9 de diff\u00e9rents mat\u00e9riaux et motifs, ce qui le rend parfait pour c\u00e2liner, toucher et d\u00e9couvrir. Une excellente fa\u00e7on de favoriser le d\u00e9veloppement sensoriel de votre b\u00e9b\u00e9 !<br \/>\nCe qui rend cet ensemble g\u00e9nial<br \/>\n&#8211;    Stimule la vue, le toucher et le jeu<br \/>\n&#8211;    Diff\u00e9rentes textures et mati\u00e8res<br \/>\n&#8211;    Doudou doux et s\u00fbr pour les tout-petits<br \/>\n&#8211;    Favorise le d\u00e9veloppement sensoriel<br \/>\n&#8211;    Parfait pour les enfants \u00e0 partir de 3 mois<br \/>\nPourquoi ce produit est-il parfait pour vous ?<br \/>\nTex le T-rex sensoriel est parfait pour les parents qui souhaitent aider leur b\u00e9b\u00e9 \u00e0 d\u00e9velopper ses sens. Tex offre un moyen s\u00fbr et amusant de d\u00e9couvrir le monde. Les diff\u00e9rentes textures et mati\u00e8res rendent Tex encore plus agr\u00e9able \u00e0 manipuler et \u00e0 c\u00e2liner. Une peluche id\u00e9ale pour \u00e9veiller et stimuler les sens tout en jouant.<br \/>\nContenu de l&#8217;emballage :<br \/>\n&#8211;    Peluche sensorielle dinosaure T-rex<br \/>\nPourquoi choisir SES Creative ?<br \/>\nChez SES Creative, nous accordons une grande importance \u00e0 la s\u00e9curit\u00e9. C&rsquo;est pourquoi nos produits sont fabriqu\u00e9s et test\u00e9s dans notre usine aux Pays-Bas, conform\u00e9ment aux normes de s\u00e9curit\u00e9 europ\u00e9ennes les plus strictes. Les jouets SES Creative sont source de plaisir et permettent aux enfants d&rsquo;\u00eatre fiers de leur travail, ce qui stimule leur cr\u00e9ativit\u00e9 et leur d\u00e9veloppement.<br \/>\nCommencez \u00e0 d\u00e9couvrir d\u00e8s aujourd&rsquo;hui<br \/>\nD\u00e9couvrez le plaisir de jouer et de c\u00e2liner avec Tex le T-rex sensoriel. Parfait pour des heures de plaisir et de d\u00e9veloppement pour votre tout-petit !<\/p>\n","protected":false},"excerpt":{"rendered":"<p>D\u00e9couvrez et jouez avec Tex le T-rex sensoriel ! Tex est un grand T-rex tout doux avec plein de textures passionnantes \u00e0 d\u00e9couvrir. Cette peluche a \u00e9t\u00e9 sp\u00e9cialement con\u00e7ue pour stimuler les sens de votre tout-petit. Tex est compos\u00e9 de diff\u00e9rents mat\u00e9riaux et motifs, ce qui le rend parfait pour c\u00e2liner, toucher et d\u00e9couvrir. Une [&hellip;]<\/p>\n","protected":false},"featured_media":101008,"comment_status":"closed","ping_status":"closed","template":"","meta":{"_acf_changed":false},"product_brand":[],"product_cat":[123],"product_tag":[],"class_list":{"0":"post-118226","1":"product","2":"type-product","3":"status-publish","4":"has-post-thumbnail","6":"product_cat-bebe-tout-petit","7":"pa_leeftijd-filter-0-2-ans","8":"pa_meest-populair-bij-garcons-filles","10":"first","11":"instock","12":"shipping-taxable","13":"product-type-simple"},"acf":[],"yoast_head":"<!-- This site is optimized with the Yoast SEO plugin v27.2 - https:\/\/yoast.com\/product\/yoast-seo-wordpress\/ -->\n<title>Tex - T-rex sensoriel - SES Creative<\/title>\n<meta name=\"robots\" content=\"index, follow, max-snippet:-1, max-image-preview:large, max-video-preview:-1\" \/>\n<link rel=\"canonical\" href=\"https:\/\/ses-creative.com\/fr\/produit\/tex-t-rex-sensoriel\/\" \/>\n<meta property=\"og:locale\" content=\"fr_FR\" \/>\n<meta property=\"og:type\" content=\"article\" \/>\n<meta property=\"og:title\" content=\"Tex - T-rex sensoriel - SES Creative\" \/>\n<meta property=\"og:description\" content=\"D\u00e9couvrez et jouez avec Tex le T-rex sensoriel ! Tex est un grand T-rex tout doux avec plein de textures passionnantes \u00e0 d\u00e9couvrir. Cette peluche a \u00e9t\u00e9 sp\u00e9cialement con\u00e7ue pour stimuler les sens de votre tout-petit. Tex est compos\u00e9 de diff\u00e9rents mat\u00e9riaux et motifs, ce qui le rend parfait pour c\u00e2liner, toucher et d\u00e9couvrir. Une [&hellip;]\" \/>\n<meta property=\"og:url\" content=\"https:\/\/ses-creative.com\/fr\/produit\/tex-t-rex-sensoriel\/\" \/>\n<meta property=\"og:site_name\" content=\"SES Creative\" \/>\n<meta property=\"article:modified_time\" content=\"2026-02-12T10:22:44+00:00\" \/>\n<meta name=\"twitter:card\" content=\"summary_large_image\" \/>\n<meta name=\"twitter:label1\" content=\"Dur\u00e9e de lecture estim\u00e9e\" \/>\n\t<meta name=\"twitter:data1\" content=\"2 minutes\" \/>\n<script type=\"application\/ld+json\" class=\"yoast-schema-graph\">{\"@context\":\"https:\/\/schema.org\",\"@graph\":[{\"@type\":\"WebPage\",\"@id\":\"https:\/\/ses-creative.com\/fr\/produit\/tex-t-rex-sensoriel\/\",\"url\":\"https:\/\/ses-creative.com\/fr\/produit\/tex-t-rex-sensoriel\/\",\"name\":\"Tex - T-rex sensoriel - SES Creative\",\"isPartOf\":{\"@id\":\"https:\/\/ses-creative.com\/#website\"},\"primaryImageOfPage\":{\"@id\":\"https:\/\/ses-creative.com\/fr\/produit\/tex-t-rex-sensoriel\/#primaryimage\"},\"image\":{\"@id\":\"https:\/\/ses-creative.com\/fr\/produit\/tex-t-rex-sensoriel\/#primaryimage\"},\"thumbnailUrl\":\"https:\/\/ses-creative.com\/wp-content\/uploads\/2026\/01\/132011.jpg\",\"datePublished\":\"2026-02-12T10:09:04+00:00\",\"dateModified\":\"2026-02-12T10:22:44+00:00\",\"breadcrumb\":{\"@id\":\"https:\/\/ses-creative.com\/fr\/produit\/tex-t-rex-sensoriel\/#breadcrumb\"},\"inLanguage\":\"fr-FR\",\"potentialAction\":[{\"@type\":\"ReadAction\",\"target\":[\"https:\/\/ses-creative.com\/fr\/produit\/tex-t-rex-sensoriel\/\"]}]},{\"@type\":\"ImageObject\",\"inLanguage\":\"fr-FR\",\"@id\":\"https:\/\/ses-creative.com\/fr\/produit\/tex-t-rex-sensoriel\/#primaryimage\",\"url\":\"https:\/\/ses-creative.com\/wp-content\/uploads\/2026\/01\/132011.jpg\",\"contentUrl\":\"https:\/\/ses-creative.com\/wp-content\/uploads\/2026\/01\/132011.jpg\",\"width\":1000,\"height\":1000},{\"@type\":\"BreadcrumbList\",\"@id\":\"https:\/\/ses-creative.com\/fr\/produit\/tex-t-rex-sensoriel\/#breadcrumb\",\"itemListElement\":[{\"@type\":\"ListItem\",\"position\":1,\"name\":\"Boutique\",\"item\":\"https:\/\/ses-creative.com\/fr\/boutique\/\"},{\"@type\":\"ListItem\",\"position\":2,\"name\":\"B\u00e9b\u00e9 &amp; Tout-petit\",\"item\":\"https:\/\/ses-creative.com\/fr\/product-categorie\/bebe-tout-petit\/\"},{\"@type\":\"ListItem\",\"position\":3,\"name\":\"Tex &#8211; T-rex sensoriel\"}]},{\"@type\":\"WebSite\",\"@id\":\"https:\/\/ses-creative.com\/#website\",\"url\":\"https:\/\/ses-creative.com\/\",\"name\":\"SES Creative\",\"description\":\"\",\"publisher\":{\"@id\":\"https:\/\/ses-creative.com\/#organization\"},\"potentialAction\":[{\"@type\":\"SearchAction\",\"target\":{\"@type\":\"EntryPoint\",\"urlTemplate\":\"https:\/\/ses-creative.com\/?s={search_term_string}\"},\"query-input\":{\"@type\":\"PropertyValueSpecification\",\"valueRequired\":true,\"valueName\":\"search_term_string\"}}],\"inLanguage\":\"fr-FR\"},{\"@type\":\"Organization\",\"@id\":\"https:\/\/ses-creative.com\/#organization\",\"name\":\"SES Creative\",\"url\":\"https:\/\/ses-creative.com\/\",\"logo\":{\"@type\":\"ImageObject\",\"inLanguage\":\"fr-FR\",\"@id\":\"https:\/\/ses-creative.com\/#\/schema\/logo\/image\/\",\"url\":\"https:\/\/ses-creative.com\/wp-content\/uploads\/2025\/10\/ses-creative-logo.jpg\",\"contentUrl\":\"https:\/\/ses-creative.com\/wp-content\/uploads\/2025\/10\/ses-creative-logo.jpg\",\"width\":2037,\"height\":2037,\"caption\":\"SES Creative\"},\"image\":{\"@id\":\"https:\/\/ses-creative.com\/#\/schema\/logo\/image\/\"}}]}<\/script>\n<!-- \/ Yoast SEO plugin. -->","yoast_head_json":{"title":"Tex - T-rex sensoriel - SES Creative","robots":{"index":"index","follow":"follow","max-snippet":"max-snippet:-1","max-image-preview":"max-image-preview:large","max-video-preview":"max-video-preview:-1"},"canonical":"https:\/\/ses-creative.com\/fr\/produit\/tex-t-rex-sensoriel\/","og_locale":"fr_FR","og_type":"article","og_title":"Tex - T-rex sensoriel - SES Creative","og_description":"D\u00e9couvrez et jouez avec Tex le T-rex sensoriel ! Tex est un grand T-rex tout doux avec plein de textures passionnantes \u00e0 d\u00e9couvrir. Cette peluche a \u00e9t\u00e9 sp\u00e9cialement con\u00e7ue pour stimuler les sens de votre tout-petit. Tex est compos\u00e9 de diff\u00e9rents mat\u00e9riaux et motifs, ce qui le rend parfait pour c\u00e2liner, toucher et d\u00e9couvrir. Une [&hellip;]","og_url":"https:\/\/ses-creative.com\/fr\/produit\/tex-t-rex-sensoriel\/","og_site_name":"SES Creative","article_modified_time":"2026-02-12T10:22:44+00:00","twitter_card":"summary_large_image","twitter_misc":{"Dur\u00e9e de lecture estim\u00e9e":"2 minutes"},"schema":{"@context":"https:\/\/schema.org","@graph":[{"@type":"WebPage","@id":"https:\/\/ses-creative.com\/fr\/produit\/tex-t-rex-sensoriel\/","url":"https:\/\/ses-creative.com\/fr\/produit\/tex-t-rex-sensoriel\/","name":"Tex - T-rex sensoriel - SES Creative","isPartOf":{"@id":"https:\/\/ses-creative.com\/#website"},"primaryImageOfPage":{"@id":"https:\/\/ses-creative.com\/fr\/produit\/tex-t-rex-sensoriel\/#primaryimage"},"image":{"@id":"https:\/\/ses-creative.com\/fr\/produit\/tex-t-rex-sensoriel\/#primaryimage"},"thumbnailUrl":"https:\/\/ses-creative.com\/wp-content\/uploads\/2026\/01\/132011.jpg","datePublished":"2026-02-12T10:09:04+00:00","dateModified":"2026-02-12T10:22:44+00:00","breadcrumb":{"@id":"https:\/\/ses-creative.com\/fr\/produit\/tex-t-rex-sensoriel\/#breadcrumb"},"inLanguage":"fr-FR","potentialAction":[{"@type":"ReadAction","target":["https:\/\/ses-creative.com\/fr\/produit\/tex-t-rex-sensoriel\/"]}]},{"@type":"ImageObject","inLanguage":"fr-FR","@id":"https:\/\/ses-creative.com\/fr\/produit\/tex-t-rex-sensoriel\/#primaryimage","url":"https:\/\/ses-creative.com\/wp-content\/uploads\/2026\/01\/132011.jpg","contentUrl":"https:\/\/ses-creative.com\/wp-content\/uploads\/2026\/01\/132011.jpg","width":1000,"height":1000},{"@type":"BreadcrumbList","@id":"https:\/\/ses-creative.com\/fr\/produit\/tex-t-rex-sensoriel\/#breadcrumb","itemListElement":[{"@type":"ListItem","position":1,"name":"Boutique","item":"https:\/\/ses-creative.com\/fr\/boutique\/"},{"@type":"ListItem","position":2,"name":"B\u00e9b\u00e9 &amp; Tout-petit","item":"https:\/\/ses-creative.com\/fr\/product-categorie\/bebe-tout-petit\/"},{"@type":"ListItem","position":3,"name":"Tex &#8211; T-rex sensoriel"}]},{"@type":"WebSite","@id":"https:\/\/ses-creative.com\/#website","url":"https:\/\/ses-creative.com\/","name":"SES Creative","description":"","publisher":{"@id":"https:\/\/ses-creative.com\/#organization"},"potentialAction":[{"@type":"SearchAction","target":{"@type":"EntryPoint","urlTemplate":"https:\/\/ses-creative.com\/?s={search_term_string}"},"query-input":{"@type":"PropertyValueSpecification","valueRequired":true,"valueName":"search_term_string"}}],"inLanguage":"fr-FR"},{"@type":"Organization","@id":"https:\/\/ses-creative.com\/#organization","name":"SES Creative","url":"https:\/\/ses-creative.com\/","logo":{"@type":"ImageObject","inLanguage":"fr-FR","@id":"https:\/\/ses-creative.com\/#\/schema\/logo\/image\/","url":"https:\/\/ses-creative.com\/wp-content\/uploads\/2025\/10\/ses-creative-logo.jpg","contentUrl":"https:\/\/ses-creative.com\/wp-content\/uploads\/2025\/10\/ses-creative-logo.jpg","width":2037,"height":2037,"caption":"SES Creative"},"image":{"@id":"https:\/\/ses-creative.com\/#\/schema\/logo\/image\/"}}]}},"_links":{"self":[{"href":"https:\/\/ses-creative.com\/fr\/wp-json\/wp\/v2\/product\/118226","targetHints":{"allow":["GET"]}}],"collection":[{"href":"https:\/\/ses-creative.com\/fr\/wp-json\/wp\/v2\/product"}],"about":[{"href":"https:\/\/ses-creative.com\/fr\/wp-json\/wp\/v2\/types\/product"}],"replies":[{"embeddable":true,"href":"https:\/\/ses-creative.com\/fr\/wp-json\/wp\/v2\/comments?post=118226"}],"wp:featuredmedia":[{"embeddable":true,"href":"https:\/\/ses-creative.com\/fr\/wp-json\/wp\/v2\/media\/101008"}],"wp:attachment":[{"href":"https:\/\/ses-creative.com\/fr\/wp-json\/wp\/v2\/media?parent=118226"}],"wp:term":[{"taxonomy":"product_brand","embeddable":true,"href":"https:\/\/ses-creative.com\/fr\/wp-json\/wp\/v2\/product_brand?post=118226"},{"taxonomy":"product_cat","embeddable":true,"href":"https:\/\/ses-creative.com\/fr\/wp-json\/wp\/v2\/product_cat?post=118226"},{"taxonomy":"product_tag","embeddable":true,"href":"https:\/\/ses-creative.com\/fr\/wp-json\/wp\/v2\/product_tag?post=118226"}],"curies":[{"name":"wp","href":"https:\/\/api.w.org\/{rel}","templated":true}]}}