











{"id":118225,"date":"2026-02-12T10:09:04","date_gmt":"2026-02-12T10:09:04","guid":{"rendered":"https:\/\/ses-creative.com\/?post_type=product&#038;p=118225"},"modified":"2026-02-12T10:22:44","modified_gmt":"2026-02-12T10:22:44","slug":"outils-de-jeux-sensoriels","status":"publish","type":"product","link":"https:\/\/ses-creative.com\/fr\/produit\/outils-de-jeux-sensoriels\/","title":{"rendered":"Outils de jeux sensoriels"},"content":{"rendered":"<p>Laissez votre tout-petit d\u00e9couvrir de nouvelles textures, formes et couleurs avec les outils de jeu sensoriels !<br \/>\nGr\u00e2ce \u00e0 ces outils de jeu sensoriels, votre b\u00e9b\u00e9 peut d\u00e9couvrir le monde de mani\u00e8re s\u00fbre et amusante. Chaque outil est fabriqu\u00e9 en plastique souple, s\u00fbr et sans BPA, ce qui le rend id\u00e9al pour les petites mains qui peuvent le saisir, le toucher et m\u00eame le m\u00e2chouiller pendant la pouss\u00e9e dentaire. Qu&rsquo;il s&rsquo;agisse de d\u00e9couvrir de nouvelles textures ou d&rsquo;explorer les couleurs, ces outils offrent des heures de plaisir et aident votre tout-petit dans son d\u00e9veloppement.<br \/>\nCe qui rend cet ensemble g\u00e9nial<br \/>\n&#8211;    Des outils robustes aux couleurs vives et contrast\u00e9es<br \/>\n&#8211;    Parfait pour une exploration sensorielle douce et le d\u00e9veloppement des capacit\u00e9s motrices.<br \/>\n&#8211;    Plastique sans BPA, adapt\u00e9 et sans danger pour les b\u00e9b\u00e9s \u00e0 partir de 3 mois<br \/>\n&#8211;    Compact et facile \u00e0 nettoyer<br \/>\n&#8211;    Convient aux enfants qui font leurs dents<br \/>\nPourquoi ce produit est-il parfait pour vous ?<br \/>\nInitiez votre tout-petit \u00e0 un monde de textures, de formes et de couleurs avec le set d&rsquo;outils sensoriels. Sp\u00e9cialement con\u00e7u pour les b\u00e9b\u00e9s \u00e0 partir de 3 mois, ce jouet captivant comprend trois outils souples : un marteau, une cl\u00e9 et une scie, tous solidement fix\u00e9s \u00e0 un anneau en plastique pratique. Chaque outil offre une nouvelle exp\u00e9rience, de la d\u00e9couverte de diff\u00e9rentes textures \u00e0 la possibilit\u00e9 de mordre dans un mat\u00e9riau s\u00fbr. Parfait pour les petits curieux qui veulent tout explorer !<br \/>\nContenu du set<br \/>\n&#8211;    Anneau avec marteau, scie et cl\u00e9 \u00e0 molette (couleurs des outils variables)<br \/>\nPourquoi choisir SES Creative ?<br \/>\nChez SES Creative, nous accordons une grande importance \u00e0 la s\u00e9curit\u00e9. C&rsquo;est pourquoi nos produits sont fabriqu\u00e9s et test\u00e9s dans notre usine aux Pays-Bas, conform\u00e9ment aux normes de s\u00e9curit\u00e9 europ\u00e9ennes les plus strictes. Les jouets SES Creative sont source de plaisir et permettent aux enfants d&rsquo;\u00eatre fiers de leur travail, ce qui stimule leur cr\u00e9ativit\u00e9 et leur d\u00e9veloppement.<\/p>\n","protected":false},"excerpt":{"rendered":"<p>Laissez votre tout-petit d\u00e9couvrir de nouvelles textures, formes et couleurs avec les outils de jeu sensoriels ! Gr\u00e2ce \u00e0 ces outils de jeu sensoriels, votre b\u00e9b\u00e9 peut d\u00e9couvrir le monde de mani\u00e8re s\u00fbre et amusante. Chaque outil est fabriqu\u00e9 en plastique souple, s\u00fbr et sans BPA, ce qui le rend id\u00e9al pour les petites mains [&hellip;]<\/p>\n","protected":false},"featured_media":100988,"comment_status":"closed","ping_status":"closed","template":"","meta":{"_acf_changed":false},"product_brand":[],"product_cat":[123],"product_tag":[],"class_list":{"0":"post-118225","1":"product","2":"type-product","3":"status-publish","4":"has-post-thumbnail","6":"product_cat-bebe-tout-petit","7":"pa_leeftijd-filter-0-2-ans","8":"pa_meest-populair-bij-garcons-filles","10":"first","11":"instock","12":"shipping-taxable","13":"product-type-simple"},"acf":[],"yoast_head":"<!-- This site is optimized with the Yoast SEO plugin v27.2 - https:\/\/yoast.com\/product\/yoast-seo-wordpress\/ -->\n<title>Outils de jeux sensoriels - SES Creative<\/title>\n<meta name=\"robots\" content=\"index, follow, max-snippet:-1, max-image-preview:large, max-video-preview:-1\" \/>\n<link rel=\"canonical\" href=\"https:\/\/ses-creative.com\/fr\/produit\/outils-de-jeux-sensoriels\/\" \/>\n<meta property=\"og:locale\" content=\"fr_FR\" \/>\n<meta property=\"og:type\" content=\"article\" \/>\n<meta property=\"og:title\" content=\"Outils de jeux sensoriels - SES Creative\" \/>\n<meta property=\"og:description\" content=\"Laissez votre tout-petit d\u00e9couvrir de nouvelles textures, formes et couleurs avec les outils de jeu sensoriels ! Gr\u00e2ce \u00e0 ces outils de jeu sensoriels, votre b\u00e9b\u00e9 peut d\u00e9couvrir le monde de mani\u00e8re s\u00fbre et amusante. Chaque outil est fabriqu\u00e9 en plastique souple, s\u00fbr et sans BPA, ce qui le rend id\u00e9al pour les petites mains [&hellip;]\" \/>\n<meta property=\"og:url\" content=\"https:\/\/ses-creative.com\/fr\/produit\/outils-de-jeux-sensoriels\/\" \/>\n<meta property=\"og:site_name\" content=\"SES Creative\" \/>\n<meta property=\"article:modified_time\" content=\"2026-02-12T10:22:44+00:00\" \/>\n<meta name=\"twitter:card\" content=\"summary_large_image\" \/>\n<meta name=\"twitter:label1\" content=\"Dur\u00e9e de lecture estim\u00e9e\" \/>\n\t<meta name=\"twitter:data1\" content=\"2 minutes\" \/>\n<script type=\"application\/ld+json\" class=\"yoast-schema-graph\">{\"@context\":\"https:\/\/schema.org\",\"@graph\":[{\"@type\":\"WebPage\",\"@id\":\"https:\/\/ses-creative.com\/fr\/produit\/outils-de-jeux-sensoriels\/\",\"url\":\"https:\/\/ses-creative.com\/fr\/produit\/outils-de-jeux-sensoriels\/\",\"name\":\"Outils de jeux sensoriels - SES Creative\",\"isPartOf\":{\"@id\":\"https:\/\/ses-creative.com\/#website\"},\"primaryImageOfPage\":{\"@id\":\"https:\/\/ses-creative.com\/fr\/produit\/outils-de-jeux-sensoriels\/#primaryimage\"},\"image\":{\"@id\":\"https:\/\/ses-creative.com\/fr\/produit\/outils-de-jeux-sensoriels\/#primaryimage\"},\"thumbnailUrl\":\"https:\/\/ses-creative.com\/wp-content\/uploads\/2026\/01\/131651.jpg\",\"datePublished\":\"2026-02-12T10:09:04+00:00\",\"dateModified\":\"2026-02-12T10:22:44+00:00\",\"breadcrumb\":{\"@id\":\"https:\/\/ses-creative.com\/fr\/produit\/outils-de-jeux-sensoriels\/#breadcrumb\"},\"inLanguage\":\"fr-FR\",\"potentialAction\":[{\"@type\":\"ReadAction\",\"target\":[\"https:\/\/ses-creative.com\/fr\/produit\/outils-de-jeux-sensoriels\/\"]}]},{\"@type\":\"ImageObject\",\"inLanguage\":\"fr-FR\",\"@id\":\"https:\/\/ses-creative.com\/fr\/produit\/outils-de-jeux-sensoriels\/#primaryimage\",\"url\":\"https:\/\/ses-creative.com\/wp-content\/uploads\/2026\/01\/131651.jpg\",\"contentUrl\":\"https:\/\/ses-creative.com\/wp-content\/uploads\/2026\/01\/131651.jpg\",\"width\":1000,\"height\":1000},{\"@type\":\"BreadcrumbList\",\"@id\":\"https:\/\/ses-creative.com\/fr\/produit\/outils-de-jeux-sensoriels\/#breadcrumb\",\"itemListElement\":[{\"@type\":\"ListItem\",\"position\":1,\"name\":\"Boutique\",\"item\":\"https:\/\/ses-creative.com\/fr\/boutique\/\"},{\"@type\":\"ListItem\",\"position\":2,\"name\":\"B\u00e9b\u00e9 &amp; Tout-petit\",\"item\":\"https:\/\/ses-creative.com\/fr\/product-categorie\/bebe-tout-petit\/\"},{\"@type\":\"ListItem\",\"position\":3,\"name\":\"Outils de jeux sensoriels\"}]},{\"@type\":\"WebSite\",\"@id\":\"https:\/\/ses-creative.com\/#website\",\"url\":\"https:\/\/ses-creative.com\/\",\"name\":\"SES Creative\",\"description\":\"\",\"publisher\":{\"@id\":\"https:\/\/ses-creative.com\/#organization\"},\"potentialAction\":[{\"@type\":\"SearchAction\",\"target\":{\"@type\":\"EntryPoint\",\"urlTemplate\":\"https:\/\/ses-creative.com\/?s={search_term_string}\"},\"query-input\":{\"@type\":\"PropertyValueSpecification\",\"valueRequired\":true,\"valueName\":\"search_term_string\"}}],\"inLanguage\":\"fr-FR\"},{\"@type\":\"Organization\",\"@id\":\"https:\/\/ses-creative.com\/#organization\",\"name\":\"SES Creative\",\"url\":\"https:\/\/ses-creative.com\/\",\"logo\":{\"@type\":\"ImageObject\",\"inLanguage\":\"fr-FR\",\"@id\":\"https:\/\/ses-creative.com\/#\/schema\/logo\/image\/\",\"url\":\"https:\/\/ses-creative.com\/wp-content\/uploads\/2025\/10\/ses-creative-logo.jpg\",\"contentUrl\":\"https:\/\/ses-creative.com\/wp-content\/uploads\/2025\/10\/ses-creative-logo.jpg\",\"width\":2037,\"height\":2037,\"caption\":\"SES Creative\"},\"image\":{\"@id\":\"https:\/\/ses-creative.com\/#\/schema\/logo\/image\/\"}}]}<\/script>\n<!-- \/ Yoast SEO plugin. -->","yoast_head_json":{"title":"Outils de jeux sensoriels - SES Creative","robots":{"index":"index","follow":"follow","max-snippet":"max-snippet:-1","max-image-preview":"max-image-preview:large","max-video-preview":"max-video-preview:-1"},"canonical":"https:\/\/ses-creative.com\/fr\/produit\/outils-de-jeux-sensoriels\/","og_locale":"fr_FR","og_type":"article","og_title":"Outils de jeux sensoriels - SES Creative","og_description":"Laissez votre tout-petit d\u00e9couvrir de nouvelles textures, formes et couleurs avec les outils de jeu sensoriels ! Gr\u00e2ce \u00e0 ces outils de jeu sensoriels, votre b\u00e9b\u00e9 peut d\u00e9couvrir le monde de mani\u00e8re s\u00fbre et amusante. Chaque outil est fabriqu\u00e9 en plastique souple, s\u00fbr et sans BPA, ce qui le rend id\u00e9al pour les petites mains [&hellip;]","og_url":"https:\/\/ses-creative.com\/fr\/produit\/outils-de-jeux-sensoriels\/","og_site_name":"SES Creative","article_modified_time":"2026-02-12T10:22:44+00:00","twitter_card":"summary_large_image","twitter_misc":{"Dur\u00e9e de lecture estim\u00e9e":"2 minutes"},"schema":{"@context":"https:\/\/schema.org","@graph":[{"@type":"WebPage","@id":"https:\/\/ses-creative.com\/fr\/produit\/outils-de-jeux-sensoriels\/","url":"https:\/\/ses-creative.com\/fr\/produit\/outils-de-jeux-sensoriels\/","name":"Outils de jeux sensoriels - SES Creative","isPartOf":{"@id":"https:\/\/ses-creative.com\/#website"},"primaryImageOfPage":{"@id":"https:\/\/ses-creative.com\/fr\/produit\/outils-de-jeux-sensoriels\/#primaryimage"},"image":{"@id":"https:\/\/ses-creative.com\/fr\/produit\/outils-de-jeux-sensoriels\/#primaryimage"},"thumbnailUrl":"https:\/\/ses-creative.com\/wp-content\/uploads\/2026\/01\/131651.jpg","datePublished":"2026-02-12T10:09:04+00:00","dateModified":"2026-02-12T10:22:44+00:00","breadcrumb":{"@id":"https:\/\/ses-creative.com\/fr\/produit\/outils-de-jeux-sensoriels\/#breadcrumb"},"inLanguage":"fr-FR","potentialAction":[{"@type":"ReadAction","target":["https:\/\/ses-creative.com\/fr\/produit\/outils-de-jeux-sensoriels\/"]}]},{"@type":"ImageObject","inLanguage":"fr-FR","@id":"https:\/\/ses-creative.com\/fr\/produit\/outils-de-jeux-sensoriels\/#primaryimage","url":"https:\/\/ses-creative.com\/wp-content\/uploads\/2026\/01\/131651.jpg","contentUrl":"https:\/\/ses-creative.com\/wp-content\/uploads\/2026\/01\/131651.jpg","width":1000,"height":1000},{"@type":"BreadcrumbList","@id":"https:\/\/ses-creative.com\/fr\/produit\/outils-de-jeux-sensoriels\/#breadcrumb","itemListElement":[{"@type":"ListItem","position":1,"name":"Boutique","item":"https:\/\/ses-creative.com\/fr\/boutique\/"},{"@type":"ListItem","position":2,"name":"B\u00e9b\u00e9 &amp; Tout-petit","item":"https:\/\/ses-creative.com\/fr\/product-categorie\/bebe-tout-petit\/"},{"@type":"ListItem","position":3,"name":"Outils de jeux sensoriels"}]},{"@type":"WebSite","@id":"https:\/\/ses-creative.com\/#website","url":"https:\/\/ses-creative.com\/","name":"SES Creative","description":"","publisher":{"@id":"https:\/\/ses-creative.com\/#organization"},"potentialAction":[{"@type":"SearchAction","target":{"@type":"EntryPoint","urlTemplate":"https:\/\/ses-creative.com\/?s={search_term_string}"},"query-input":{"@type":"PropertyValueSpecification","valueRequired":true,"valueName":"search_term_string"}}],"inLanguage":"fr-FR"},{"@type":"Organization","@id":"https:\/\/ses-creative.com\/#organization","name":"SES Creative","url":"https:\/\/ses-creative.com\/","logo":{"@type":"ImageObject","inLanguage":"fr-FR","@id":"https:\/\/ses-creative.com\/#\/schema\/logo\/image\/","url":"https:\/\/ses-creative.com\/wp-content\/uploads\/2025\/10\/ses-creative-logo.jpg","contentUrl":"https:\/\/ses-creative.com\/wp-content\/uploads\/2025\/10\/ses-creative-logo.jpg","width":2037,"height":2037,"caption":"SES Creative"},"image":{"@id":"https:\/\/ses-creative.com\/#\/schema\/logo\/image\/"}}]}},"_links":{"self":[{"href":"https:\/\/ses-creative.com\/fr\/wp-json\/wp\/v2\/product\/118225","targetHints":{"allow":["GET"]}}],"collection":[{"href":"https:\/\/ses-creative.com\/fr\/wp-json\/wp\/v2\/product"}],"about":[{"href":"https:\/\/ses-creative.com\/fr\/wp-json\/wp\/v2\/types\/product"}],"replies":[{"embeddable":true,"href":"https:\/\/ses-creative.com\/fr\/wp-json\/wp\/v2\/comments?post=118225"}],"wp:featuredmedia":[{"embeddable":true,"href":"https:\/\/ses-creative.com\/fr\/wp-json\/wp\/v2\/media\/100988"}],"wp:attachment":[{"href":"https:\/\/ses-creative.com\/fr\/wp-json\/wp\/v2\/media?parent=118225"}],"wp:term":[{"taxonomy":"product_brand","embeddable":true,"href":"https:\/\/ses-creative.com\/fr\/wp-json\/wp\/v2\/product_brand?post=118225"},{"taxonomy":"product_cat","embeddable":true,"href":"https:\/\/ses-creative.com\/fr\/wp-json\/wp\/v2\/product_cat?post=118225"},{"taxonomy":"product_tag","embeddable":true,"href":"https:\/\/ses-creative.com\/fr\/wp-json\/wp\/v2\/product_tag?post=118225"}],"curies":[{"name":"wp","href":"https:\/\/api.w.org\/{rel}","templated":true}]}}