











{"id":118223,"date":"2026-02-12T10:09:04","date_gmt":"2026-02-12T10:09:04","guid":{"rendered":"https:\/\/ses-creative.com\/?post_type=product&#038;p=118223"},"modified":"2026-02-12T10:22:44","modified_gmt":"2026-02-12T10:22:44","slug":"jouet-de-dentition-lou-le-lion-100-caoutchouc-naturel","status":"publish","type":"product","link":"https:\/\/ses-creative.com\/fr\/produit\/jouet-de-dentition-lou-le-lion-100-caoutchouc-naturel\/","title":{"rendered":"Jouet de dentition Lou le lion &#8211; 100% Caoutchouc naturel"},"content":{"rendered":"<p>Jouet de dentition Lou Lion : un plaisir de jeu s\u00fbr et naturel pour les b\u00e9b\u00e9s<br \/>\nD\u00e9couvrez Lou le lion, l&rsquo;adorable jouet de dentition 100 % caoutchouc naturel. Ce jouet a \u00e9t\u00e9 sp\u00e9cialement con\u00e7u pour aider les b\u00e9b\u00e9s pendant la pouss\u00e9e dentaire. Lou le lion soulage non seulement les douleurs, mais stimule \u00e9galement tous les sens de votre tout-petit de mani\u00e8re s\u00fbre et naturelle. Parfait pour les b\u00e9b\u00e9s \u00e0 partir de 3 mois !<br \/>\nCe qui rend cet ensemble formidable<br \/>\n&#8211;    Totalement exempt de substances nocives et fabriqu\u00e9 \u00e0 partir de mat\u00e9riaux naturels<br \/>\n&#8211;    La forme adorable de Lou Leeuw le rend encore plus attrayant<br \/>\n&#8211;    Aide au d\u00e9veloppement de la motricit\u00e9 fine<br \/>\n&#8211;    D\u00e9couverte en toute s\u00e9curit\u00e9 du toucher, de la mastication et des diff\u00e9rentes textures<br \/>\n&#8211;    Parfait pour les enfants \u00e0 partir de 3 mois<br \/>\nDoux, s\u00fbr et adapt\u00e9 \u00e0 la d\u00e9couverte sensorielle<br \/>\nLou Lion est fabriqu\u00e9 \u00e0 partir de caoutchouc 100 % naturel et peut \u00eatre mordu en toute s\u00e9curit\u00e9 par votre b\u00e9b\u00e9. Sa texture douce soulage les pouss\u00e9es dentaires tout en stimulant la motricit\u00e9 buccale. Ce joyeux petit lion est facile \u00e0 tenir pour les petites mains et aide votre tout-petit \u00e0 d\u00e9couvrir le monde en toute s\u00e9curit\u00e9.<br \/>\nContenu du set<br \/>\n&#8211;    Jouet de dentition 100 % caoutchouc naturel en forme de lion<br \/>\nPourquoi choisir SES Creative ?<br \/>\nChez SES Creative, nous accordons une grande importance \u00e0 la s\u00e9curit\u00e9. C&rsquo;est pourquoi nos produits sont fabriqu\u00e9s et test\u00e9s dans notre usine aux Pays-Bas, conform\u00e9ment aux normes de s\u00e9curit\u00e9 europ\u00e9ennes les plus strictes. Les jouets SES Creative sont source de plaisir et permettent aux enfants d&rsquo;\u00eatre fiers de leur travail, ce qui stimule leur cr\u00e9ativit\u00e9 et leur d\u00e9veloppement.<br \/>\nSoulagez la douleur avec Lou Lion !<br \/>\nLou Lion soulage les douleurs li\u00e9es \u00e0 la pouss\u00e9e dentaire tout en offrant une aventure ludique et sensorielle. Adoptez Lou Lion et voyez \u00e0 quelle vitesse votre tout-petit se sentira \u00e0 l&rsquo;aise !<\/p>\n","protected":false},"excerpt":{"rendered":"<p>Jouet de dentition Lou Lion : un plaisir de jeu s\u00fbr et naturel pour les b\u00e9b\u00e9s D\u00e9couvrez Lou le lion, l&rsquo;adorable jouet de dentition 100 % caoutchouc naturel. Ce jouet a \u00e9t\u00e9 sp\u00e9cialement con\u00e7u pour aider les b\u00e9b\u00e9s pendant la pouss\u00e9e dentaire. Lou le lion soulage non seulement les douleurs, mais stimule \u00e9galement tous les [&hellip;]<\/p>\n","protected":false},"featured_media":94300,"comment_status":"closed","ping_status":"closed","template":"","meta":{"_acf_changed":false},"product_brand":[],"product_cat":[123],"product_tag":[],"class_list":{"0":"post-118223","1":"product","2":"type-product","3":"status-publish","4":"has-post-thumbnail","6":"product_cat-bebe-tout-petit","7":"pa_leeftijd-filter-0-2-ans","8":"pa_meest-populair-bij-garcons-filles","10":"first","11":"instock","12":"shipping-taxable","13":"product-type-simple"},"acf":[],"yoast_head":"<!-- This site is optimized with the Yoast SEO plugin v27.2 - https:\/\/yoast.com\/product\/yoast-seo-wordpress\/ -->\n<title>Jouet de dentition Lou le lion - 100% Caoutchouc naturel - SES Creative<\/title>\n<meta name=\"robots\" content=\"index, follow, max-snippet:-1, max-image-preview:large, max-video-preview:-1\" \/>\n<link rel=\"canonical\" href=\"https:\/\/ses-creative.com\/fr\/produit\/jouet-de-dentition-lou-le-lion-100-caoutchouc-naturel\/\" \/>\n<meta property=\"og:locale\" content=\"fr_FR\" \/>\n<meta property=\"og:type\" content=\"article\" \/>\n<meta property=\"og:title\" content=\"Jouet de dentition Lou le lion - 100% Caoutchouc naturel - SES Creative\" \/>\n<meta property=\"og:description\" content=\"Jouet de dentition Lou Lion : un plaisir de jeu s\u00fbr et naturel pour les b\u00e9b\u00e9s D\u00e9couvrez Lou le lion, l&rsquo;adorable jouet de dentition 100 % caoutchouc naturel. Ce jouet a \u00e9t\u00e9 sp\u00e9cialement con\u00e7u pour aider les b\u00e9b\u00e9s pendant la pouss\u00e9e dentaire. Lou le lion soulage non seulement les douleurs, mais stimule \u00e9galement tous les [&hellip;]\" \/>\n<meta property=\"og:url\" content=\"https:\/\/ses-creative.com\/fr\/produit\/jouet-de-dentition-lou-le-lion-100-caoutchouc-naturel\/\" \/>\n<meta property=\"og:site_name\" content=\"SES Creative\" \/>\n<meta property=\"article:modified_time\" content=\"2026-02-12T10:22:44+00:00\" \/>\n<meta name=\"twitter:card\" content=\"summary_large_image\" \/>\n<meta name=\"twitter:label1\" content=\"Dur\u00e9e de lecture estim\u00e9e\" \/>\n\t<meta name=\"twitter:data1\" content=\"2 minutes\" \/>\n<script type=\"application\/ld+json\" class=\"yoast-schema-graph\">{\"@context\":\"https:\/\/schema.org\",\"@graph\":[{\"@type\":\"WebPage\",\"@id\":\"https:\/\/ses-creative.com\/fr\/produit\/jouet-de-dentition-lou-le-lion-100-caoutchouc-naturel\/\",\"url\":\"https:\/\/ses-creative.com\/fr\/produit\/jouet-de-dentition-lou-le-lion-100-caoutchouc-naturel\/\",\"name\":\"Jouet de dentition Lou le lion - 100% Caoutchouc naturel - SES Creative\",\"isPartOf\":{\"@id\":\"https:\/\/ses-creative.com\/#website\"},\"primaryImageOfPage\":{\"@id\":\"https:\/\/ses-creative.com\/fr\/produit\/jouet-de-dentition-lou-le-lion-100-caoutchouc-naturel\/#primaryimage\"},\"image\":{\"@id\":\"https:\/\/ses-creative.com\/fr\/produit\/jouet-de-dentition-lou-le-lion-100-caoutchouc-naturel\/#primaryimage\"},\"thumbnailUrl\":\"https:\/\/ses-creative.com\/wp-content\/uploads\/2026\/01\/131611.jpg\",\"datePublished\":\"2026-02-12T10:09:04+00:00\",\"dateModified\":\"2026-02-12T10:22:44+00:00\",\"breadcrumb\":{\"@id\":\"https:\/\/ses-creative.com\/fr\/produit\/jouet-de-dentition-lou-le-lion-100-caoutchouc-naturel\/#breadcrumb\"},\"inLanguage\":\"fr-FR\",\"potentialAction\":[{\"@type\":\"ReadAction\",\"target\":[\"https:\/\/ses-creative.com\/fr\/produit\/jouet-de-dentition-lou-le-lion-100-caoutchouc-naturel\/\"]}]},{\"@type\":\"ImageObject\",\"inLanguage\":\"fr-FR\",\"@id\":\"https:\/\/ses-creative.com\/fr\/produit\/jouet-de-dentition-lou-le-lion-100-caoutchouc-naturel\/#primaryimage\",\"url\":\"https:\/\/ses-creative.com\/wp-content\/uploads\/2026\/01\/131611.jpg\",\"contentUrl\":\"https:\/\/ses-creative.com\/wp-content\/uploads\/2026\/01\/131611.jpg\",\"width\":1000,\"height\":1000},{\"@type\":\"BreadcrumbList\",\"@id\":\"https:\/\/ses-creative.com\/fr\/produit\/jouet-de-dentition-lou-le-lion-100-caoutchouc-naturel\/#breadcrumb\",\"itemListElement\":[{\"@type\":\"ListItem\",\"position\":1,\"name\":\"Boutique\",\"item\":\"https:\/\/ses-creative.com\/fr\/boutique\/\"},{\"@type\":\"ListItem\",\"position\":2,\"name\":\"B\u00e9b\u00e9 &amp; Tout-petit\",\"item\":\"https:\/\/ses-creative.com\/fr\/product-categorie\/bebe-tout-petit\/\"},{\"@type\":\"ListItem\",\"position\":3,\"name\":\"Jouet de dentition Lou le lion &#8211; 100% Caoutchouc naturel\"}]},{\"@type\":\"WebSite\",\"@id\":\"https:\/\/ses-creative.com\/#website\",\"url\":\"https:\/\/ses-creative.com\/\",\"name\":\"SES Creative\",\"description\":\"\",\"publisher\":{\"@id\":\"https:\/\/ses-creative.com\/#organization\"},\"potentialAction\":[{\"@type\":\"SearchAction\",\"target\":{\"@type\":\"EntryPoint\",\"urlTemplate\":\"https:\/\/ses-creative.com\/?s={search_term_string}\"},\"query-input\":{\"@type\":\"PropertyValueSpecification\",\"valueRequired\":true,\"valueName\":\"search_term_string\"}}],\"inLanguage\":\"fr-FR\"},{\"@type\":\"Organization\",\"@id\":\"https:\/\/ses-creative.com\/#organization\",\"name\":\"SES Creative\",\"url\":\"https:\/\/ses-creative.com\/\",\"logo\":{\"@type\":\"ImageObject\",\"inLanguage\":\"fr-FR\",\"@id\":\"https:\/\/ses-creative.com\/#\/schema\/logo\/image\/\",\"url\":\"https:\/\/ses-creative.com\/wp-content\/uploads\/2025\/10\/ses-creative-logo.jpg\",\"contentUrl\":\"https:\/\/ses-creative.com\/wp-content\/uploads\/2025\/10\/ses-creative-logo.jpg\",\"width\":2037,\"height\":2037,\"caption\":\"SES Creative\"},\"image\":{\"@id\":\"https:\/\/ses-creative.com\/#\/schema\/logo\/image\/\"}}]}<\/script>\n<!-- \/ Yoast SEO plugin. -->","yoast_head_json":{"title":"Jouet de dentition Lou le lion - 100% Caoutchouc naturel - SES Creative","robots":{"index":"index","follow":"follow","max-snippet":"max-snippet:-1","max-image-preview":"max-image-preview:large","max-video-preview":"max-video-preview:-1"},"canonical":"https:\/\/ses-creative.com\/fr\/produit\/jouet-de-dentition-lou-le-lion-100-caoutchouc-naturel\/","og_locale":"fr_FR","og_type":"article","og_title":"Jouet de dentition Lou le lion - 100% Caoutchouc naturel - SES Creative","og_description":"Jouet de dentition Lou Lion : un plaisir de jeu s\u00fbr et naturel pour les b\u00e9b\u00e9s D\u00e9couvrez Lou le lion, l&rsquo;adorable jouet de dentition 100 % caoutchouc naturel. Ce jouet a \u00e9t\u00e9 sp\u00e9cialement con\u00e7u pour aider les b\u00e9b\u00e9s pendant la pouss\u00e9e dentaire. Lou le lion soulage non seulement les douleurs, mais stimule \u00e9galement tous les [&hellip;]","og_url":"https:\/\/ses-creative.com\/fr\/produit\/jouet-de-dentition-lou-le-lion-100-caoutchouc-naturel\/","og_site_name":"SES Creative","article_modified_time":"2026-02-12T10:22:44+00:00","twitter_card":"summary_large_image","twitter_misc":{"Dur\u00e9e de lecture estim\u00e9e":"2 minutes"},"schema":{"@context":"https:\/\/schema.org","@graph":[{"@type":"WebPage","@id":"https:\/\/ses-creative.com\/fr\/produit\/jouet-de-dentition-lou-le-lion-100-caoutchouc-naturel\/","url":"https:\/\/ses-creative.com\/fr\/produit\/jouet-de-dentition-lou-le-lion-100-caoutchouc-naturel\/","name":"Jouet de dentition Lou le lion - 100% Caoutchouc naturel - SES Creative","isPartOf":{"@id":"https:\/\/ses-creative.com\/#website"},"primaryImageOfPage":{"@id":"https:\/\/ses-creative.com\/fr\/produit\/jouet-de-dentition-lou-le-lion-100-caoutchouc-naturel\/#primaryimage"},"image":{"@id":"https:\/\/ses-creative.com\/fr\/produit\/jouet-de-dentition-lou-le-lion-100-caoutchouc-naturel\/#primaryimage"},"thumbnailUrl":"https:\/\/ses-creative.com\/wp-content\/uploads\/2026\/01\/131611.jpg","datePublished":"2026-02-12T10:09:04+00:00","dateModified":"2026-02-12T10:22:44+00:00","breadcrumb":{"@id":"https:\/\/ses-creative.com\/fr\/produit\/jouet-de-dentition-lou-le-lion-100-caoutchouc-naturel\/#breadcrumb"},"inLanguage":"fr-FR","potentialAction":[{"@type":"ReadAction","target":["https:\/\/ses-creative.com\/fr\/produit\/jouet-de-dentition-lou-le-lion-100-caoutchouc-naturel\/"]}]},{"@type":"ImageObject","inLanguage":"fr-FR","@id":"https:\/\/ses-creative.com\/fr\/produit\/jouet-de-dentition-lou-le-lion-100-caoutchouc-naturel\/#primaryimage","url":"https:\/\/ses-creative.com\/wp-content\/uploads\/2026\/01\/131611.jpg","contentUrl":"https:\/\/ses-creative.com\/wp-content\/uploads\/2026\/01\/131611.jpg","width":1000,"height":1000},{"@type":"BreadcrumbList","@id":"https:\/\/ses-creative.com\/fr\/produit\/jouet-de-dentition-lou-le-lion-100-caoutchouc-naturel\/#breadcrumb","itemListElement":[{"@type":"ListItem","position":1,"name":"Boutique","item":"https:\/\/ses-creative.com\/fr\/boutique\/"},{"@type":"ListItem","position":2,"name":"B\u00e9b\u00e9 &amp; Tout-petit","item":"https:\/\/ses-creative.com\/fr\/product-categorie\/bebe-tout-petit\/"},{"@type":"ListItem","position":3,"name":"Jouet de dentition Lou le lion &#8211; 100% Caoutchouc naturel"}]},{"@type":"WebSite","@id":"https:\/\/ses-creative.com\/#website","url":"https:\/\/ses-creative.com\/","name":"SES Creative","description":"","publisher":{"@id":"https:\/\/ses-creative.com\/#organization"},"potentialAction":[{"@type":"SearchAction","target":{"@type":"EntryPoint","urlTemplate":"https:\/\/ses-creative.com\/?s={search_term_string}"},"query-input":{"@type":"PropertyValueSpecification","valueRequired":true,"valueName":"search_term_string"}}],"inLanguage":"fr-FR"},{"@type":"Organization","@id":"https:\/\/ses-creative.com\/#organization","name":"SES Creative","url":"https:\/\/ses-creative.com\/","logo":{"@type":"ImageObject","inLanguage":"fr-FR","@id":"https:\/\/ses-creative.com\/#\/schema\/logo\/image\/","url":"https:\/\/ses-creative.com\/wp-content\/uploads\/2025\/10\/ses-creative-logo.jpg","contentUrl":"https:\/\/ses-creative.com\/wp-content\/uploads\/2025\/10\/ses-creative-logo.jpg","width":2037,"height":2037,"caption":"SES Creative"},"image":{"@id":"https:\/\/ses-creative.com\/#\/schema\/logo\/image\/"}}]}},"_links":{"self":[{"href":"https:\/\/ses-creative.com\/fr\/wp-json\/wp\/v2\/product\/118223","targetHints":{"allow":["GET"]}}],"collection":[{"href":"https:\/\/ses-creative.com\/fr\/wp-json\/wp\/v2\/product"}],"about":[{"href":"https:\/\/ses-creative.com\/fr\/wp-json\/wp\/v2\/types\/product"}],"replies":[{"embeddable":true,"href":"https:\/\/ses-creative.com\/fr\/wp-json\/wp\/v2\/comments?post=118223"}],"wp:featuredmedia":[{"embeddable":true,"href":"https:\/\/ses-creative.com\/fr\/wp-json\/wp\/v2\/media\/94300"}],"wp:attachment":[{"href":"https:\/\/ses-creative.com\/fr\/wp-json\/wp\/v2\/media?parent=118223"}],"wp:term":[{"taxonomy":"product_brand","embeddable":true,"href":"https:\/\/ses-creative.com\/fr\/wp-json\/wp\/v2\/product_brand?post=118223"},{"taxonomy":"product_cat","embeddable":true,"href":"https:\/\/ses-creative.com\/fr\/wp-json\/wp\/v2\/product_cat?post=118223"},{"taxonomy":"product_tag","embeddable":true,"href":"https:\/\/ses-creative.com\/fr\/wp-json\/wp\/v2\/product_tag?post=118223"}],"curies":[{"name":"wp","href":"https:\/\/api.w.org\/{rel}","templated":true}]}}