











{"id":118222,"date":"2026-02-12T10:09:04","date_gmt":"2026-02-12T10:09:04","guid":{"rendered":"https:\/\/ses-creative.com\/?post_type=product&#038;p=118222"},"modified":"2026-02-12T10:22:44","modified_gmt":"2026-02-12T10:22:44","slug":"brebis-endormie-copain-phosphorescent-pour-la-nuit","status":"publish","type":"product","link":"https:\/\/ses-creative.com\/fr\/produit\/brebis-endormie-copain-phosphorescent-pour-la-nuit\/","title":{"rendered":"Brebis endormie &#8211; Copain phosphorescent pour la nuit"},"content":{"rendered":"<p>Sleepy Schaap &#8211; Night Buddy Glow in the Dark : le compagnon id\u00e9al pour dormir !<br \/>\nAvec Sleepy Schaap &#8211; Night Buddy de SES Creative, aller au lit devient beaucoup plus agr\u00e9able. Ce mouton en peluche est non seulement tr\u00e8s doux \u00e0 c\u00e2liner, mais il diffuse \u00e9galement une lumi\u00e8re rassurante dans le noir ! Id\u00e9al pour les enfants qui ont parfois du mal \u00e0 s&rsquo;endormir. Glissez le mouton dans son sac de couchage et passez une bonne nuit ensemble !<br \/>\nCe qui rend cet ensemble g\u00e9nial<br \/>\n&#8211;    Parfait pour les enfants \u00e0 partir d&rsquo;un mois<br \/>\n&#8211;    L&rsquo;effet phosphorescent offre une lueur rassurante qui aide les enfants \u00e0 s&rsquo;endormir.<br \/>\n&#8211;    Rituel interactif avant le coucher en mettant le mouton dans son sac de couchage<br \/>\n&#8211;    Tissu doux, parfait pour les c\u00e2lins<br \/>\n&#8211;    Pas de piles<br \/>\nUn compagnon de sommeil doux et lumineux<br \/>\nSleepy Schaap a \u00e9t\u00e9 con\u00e7u pour donner aux enfants un sentiment de s\u00e9curit\u00e9 pendant leur sommeil. Son tissu doux en fait un compagnon id\u00e9al pour les c\u00e2lins, tandis que son effet phosphorescent diffuse une douce lumi\u00e8re dans l&rsquo;obscurit\u00e9. Cela aide les enfants \u00e0 s&rsquo;endormir paisiblement, avec leur compagnon pr\u00e9f\u00e9r\u00e9 \u00e0 leurs c\u00f4t\u00e9s. Sleepy Schaap fonctionne sans piles. Placez le mouton \u00e0 la lumi\u00e8re pendant la journ\u00e9e afin qu&rsquo;il puisse recharger sa magie phosphorescente.<br \/>\nContenu du set<br \/>\n&#8211;    Mouton en peluche avec effet phosphorescent<br \/>\n&#8211;    Sac de couchage pour le mouton<br \/>\nPourquoi choisir SES Creative ?<br \/>\nChez SES Creative, nous accordons une grande importance \u00e0 la s\u00e9curit\u00e9. C&rsquo;est pourquoi nos produits sont fabriqu\u00e9s et test\u00e9s dans notre usine aux Pays-Bas, conform\u00e9ment aux normes de s\u00e9curit\u00e9 europ\u00e9ennes les plus strictes. Les jouets SES Creative sont source de plaisir et permettent aux enfants d&rsquo;\u00eatre fiers de leur travail, ce qui stimule leur cr\u00e9ativit\u00e9 et leur d\u00e9veloppement.<br \/>\nOffrez \u00e0 votre tout-petit le compagnon de sommeil id\u00e9al !<br \/>\nAvec Sleepy Schaap &#8211; Night Buddy de SES Creative, l&rsquo;heure du coucher devient beaucoup plus agr\u00e9able. Laissez votre enfant s&rsquo;endormir avec ce petit compagnon doux et lumineux. Qu&rsquo;attendez-vous ? <\/p>\n","protected":false},"excerpt":{"rendered":"<p>Sleepy Schaap &#8211; Night Buddy Glow in the Dark : le compagnon id\u00e9al pour dormir ! Avec Sleepy Schaap &#8211; Night Buddy de SES Creative, aller au lit devient beaucoup plus agr\u00e9able. Ce mouton en peluche est non seulement tr\u00e8s doux \u00e0 c\u00e2liner, mais il diffuse \u00e9galement une lumi\u00e8re rassurante dans le noir ! Id\u00e9al [&hellip;]<\/p>\n","protected":false},"featured_media":94220,"comment_status":"closed","ping_status":"closed","template":"","meta":{"_acf_changed":false},"product_brand":[],"product_cat":[123],"product_tag":[],"class_list":{"0":"post-118222","1":"product","2":"type-product","3":"status-publish","4":"has-post-thumbnail","6":"product_cat-bebe-tout-petit","7":"pa_leeftijd-filter-0-2-ans","8":"pa_meest-populair-bij-garcons-filles","10":"first","11":"instock","12":"shipping-taxable","13":"product-type-simple"},"acf":[],"yoast_head":"<!-- This site is optimized with the Yoast SEO plugin v27.2 - https:\/\/yoast.com\/product\/yoast-seo-wordpress\/ -->\n<title>Brebis endormie - Copain phosphorescent pour la nuit - SES Creative<\/title>\n<meta name=\"robots\" content=\"index, follow, max-snippet:-1, max-image-preview:large, max-video-preview:-1\" \/>\n<link rel=\"canonical\" href=\"https:\/\/ses-creative.com\/fr\/produit\/brebis-endormie-copain-phosphorescent-pour-la-nuit\/\" \/>\n<meta property=\"og:locale\" content=\"fr_FR\" \/>\n<meta property=\"og:type\" content=\"article\" \/>\n<meta property=\"og:title\" content=\"Brebis endormie - Copain phosphorescent pour la nuit - SES Creative\" \/>\n<meta property=\"og:description\" content=\"Sleepy Schaap &#8211; Night Buddy Glow in the Dark : le compagnon id\u00e9al pour dormir ! Avec Sleepy Schaap &#8211; Night Buddy de SES Creative, aller au lit devient beaucoup plus agr\u00e9able. Ce mouton en peluche est non seulement tr\u00e8s doux \u00e0 c\u00e2liner, mais il diffuse \u00e9galement une lumi\u00e8re rassurante dans le noir ! Id\u00e9al [&hellip;]\" \/>\n<meta property=\"og:url\" content=\"https:\/\/ses-creative.com\/fr\/produit\/brebis-endormie-copain-phosphorescent-pour-la-nuit\/\" \/>\n<meta property=\"og:site_name\" content=\"SES Creative\" \/>\n<meta property=\"article:modified_time\" content=\"2026-02-12T10:22:44+00:00\" \/>\n<meta name=\"twitter:card\" content=\"summary_large_image\" \/>\n<meta name=\"twitter:label1\" content=\"Dur\u00e9e de lecture estim\u00e9e\" \/>\n\t<meta name=\"twitter:data1\" content=\"2 minutes\" \/>\n<script type=\"application\/ld+json\" class=\"yoast-schema-graph\">{\"@context\":\"https:\/\/schema.org\",\"@graph\":[{\"@type\":\"WebPage\",\"@id\":\"https:\/\/ses-creative.com\/fr\/produit\/brebis-endormie-copain-phosphorescent-pour-la-nuit\/\",\"url\":\"https:\/\/ses-creative.com\/fr\/produit\/brebis-endormie-copain-phosphorescent-pour-la-nuit\/\",\"name\":\"Brebis endormie - Copain phosphorescent pour la nuit - SES Creative\",\"isPartOf\":{\"@id\":\"https:\/\/ses-creative.com\/#website\"},\"primaryImageOfPage\":{\"@id\":\"https:\/\/ses-creative.com\/fr\/produit\/brebis-endormie-copain-phosphorescent-pour-la-nuit\/#primaryimage\"},\"image\":{\"@id\":\"https:\/\/ses-creative.com\/fr\/produit\/brebis-endormie-copain-phosphorescent-pour-la-nuit\/#primaryimage\"},\"thumbnailUrl\":\"https:\/\/ses-creative.com\/wp-content\/uploads\/2026\/01\/131551.jpg\",\"datePublished\":\"2026-02-12T10:09:04+00:00\",\"dateModified\":\"2026-02-12T10:22:44+00:00\",\"breadcrumb\":{\"@id\":\"https:\/\/ses-creative.com\/fr\/produit\/brebis-endormie-copain-phosphorescent-pour-la-nuit\/#breadcrumb\"},\"inLanguage\":\"fr-FR\",\"potentialAction\":[{\"@type\":\"ReadAction\",\"target\":[\"https:\/\/ses-creative.com\/fr\/produit\/brebis-endormie-copain-phosphorescent-pour-la-nuit\/\"]}]},{\"@type\":\"ImageObject\",\"inLanguage\":\"fr-FR\",\"@id\":\"https:\/\/ses-creative.com\/fr\/produit\/brebis-endormie-copain-phosphorescent-pour-la-nuit\/#primaryimage\",\"url\":\"https:\/\/ses-creative.com\/wp-content\/uploads\/2026\/01\/131551.jpg\",\"contentUrl\":\"https:\/\/ses-creative.com\/wp-content\/uploads\/2026\/01\/131551.jpg\",\"width\":1000,\"height\":1000},{\"@type\":\"BreadcrumbList\",\"@id\":\"https:\/\/ses-creative.com\/fr\/produit\/brebis-endormie-copain-phosphorescent-pour-la-nuit\/#breadcrumb\",\"itemListElement\":[{\"@type\":\"ListItem\",\"position\":1,\"name\":\"Boutique\",\"item\":\"https:\/\/ses-creative.com\/fr\/boutique\/\"},{\"@type\":\"ListItem\",\"position\":2,\"name\":\"B\u00e9b\u00e9 &amp; Tout-petit\",\"item\":\"https:\/\/ses-creative.com\/fr\/product-categorie\/bebe-tout-petit\/\"},{\"@type\":\"ListItem\",\"position\":3,\"name\":\"Brebis endormie &#8211; Copain phosphorescent pour la nuit\"}]},{\"@type\":\"WebSite\",\"@id\":\"https:\/\/ses-creative.com\/#website\",\"url\":\"https:\/\/ses-creative.com\/\",\"name\":\"SES Creative\",\"description\":\"\",\"publisher\":{\"@id\":\"https:\/\/ses-creative.com\/#organization\"},\"potentialAction\":[{\"@type\":\"SearchAction\",\"target\":{\"@type\":\"EntryPoint\",\"urlTemplate\":\"https:\/\/ses-creative.com\/?s={search_term_string}\"},\"query-input\":{\"@type\":\"PropertyValueSpecification\",\"valueRequired\":true,\"valueName\":\"search_term_string\"}}],\"inLanguage\":\"fr-FR\"},{\"@type\":\"Organization\",\"@id\":\"https:\/\/ses-creative.com\/#organization\",\"name\":\"SES Creative\",\"url\":\"https:\/\/ses-creative.com\/\",\"logo\":{\"@type\":\"ImageObject\",\"inLanguage\":\"fr-FR\",\"@id\":\"https:\/\/ses-creative.com\/#\/schema\/logo\/image\/\",\"url\":\"https:\/\/ses-creative.com\/wp-content\/uploads\/2025\/10\/ses-creative-logo.jpg\",\"contentUrl\":\"https:\/\/ses-creative.com\/wp-content\/uploads\/2025\/10\/ses-creative-logo.jpg\",\"width\":2037,\"height\":2037,\"caption\":\"SES Creative\"},\"image\":{\"@id\":\"https:\/\/ses-creative.com\/#\/schema\/logo\/image\/\"}}]}<\/script>\n<!-- \/ Yoast SEO plugin. -->","yoast_head_json":{"title":"Brebis endormie - Copain phosphorescent pour la nuit - SES Creative","robots":{"index":"index","follow":"follow","max-snippet":"max-snippet:-1","max-image-preview":"max-image-preview:large","max-video-preview":"max-video-preview:-1"},"canonical":"https:\/\/ses-creative.com\/fr\/produit\/brebis-endormie-copain-phosphorescent-pour-la-nuit\/","og_locale":"fr_FR","og_type":"article","og_title":"Brebis endormie - Copain phosphorescent pour la nuit - SES Creative","og_description":"Sleepy Schaap &#8211; Night Buddy Glow in the Dark : le compagnon id\u00e9al pour dormir ! Avec Sleepy Schaap &#8211; Night Buddy de SES Creative, aller au lit devient beaucoup plus agr\u00e9able. Ce mouton en peluche est non seulement tr\u00e8s doux \u00e0 c\u00e2liner, mais il diffuse \u00e9galement une lumi\u00e8re rassurante dans le noir ! Id\u00e9al [&hellip;]","og_url":"https:\/\/ses-creative.com\/fr\/produit\/brebis-endormie-copain-phosphorescent-pour-la-nuit\/","og_site_name":"SES Creative","article_modified_time":"2026-02-12T10:22:44+00:00","twitter_card":"summary_large_image","twitter_misc":{"Dur\u00e9e de lecture estim\u00e9e":"2 minutes"},"schema":{"@context":"https:\/\/schema.org","@graph":[{"@type":"WebPage","@id":"https:\/\/ses-creative.com\/fr\/produit\/brebis-endormie-copain-phosphorescent-pour-la-nuit\/","url":"https:\/\/ses-creative.com\/fr\/produit\/brebis-endormie-copain-phosphorescent-pour-la-nuit\/","name":"Brebis endormie - Copain phosphorescent pour la nuit - SES Creative","isPartOf":{"@id":"https:\/\/ses-creative.com\/#website"},"primaryImageOfPage":{"@id":"https:\/\/ses-creative.com\/fr\/produit\/brebis-endormie-copain-phosphorescent-pour-la-nuit\/#primaryimage"},"image":{"@id":"https:\/\/ses-creative.com\/fr\/produit\/brebis-endormie-copain-phosphorescent-pour-la-nuit\/#primaryimage"},"thumbnailUrl":"https:\/\/ses-creative.com\/wp-content\/uploads\/2026\/01\/131551.jpg","datePublished":"2026-02-12T10:09:04+00:00","dateModified":"2026-02-12T10:22:44+00:00","breadcrumb":{"@id":"https:\/\/ses-creative.com\/fr\/produit\/brebis-endormie-copain-phosphorescent-pour-la-nuit\/#breadcrumb"},"inLanguage":"fr-FR","potentialAction":[{"@type":"ReadAction","target":["https:\/\/ses-creative.com\/fr\/produit\/brebis-endormie-copain-phosphorescent-pour-la-nuit\/"]}]},{"@type":"ImageObject","inLanguage":"fr-FR","@id":"https:\/\/ses-creative.com\/fr\/produit\/brebis-endormie-copain-phosphorescent-pour-la-nuit\/#primaryimage","url":"https:\/\/ses-creative.com\/wp-content\/uploads\/2026\/01\/131551.jpg","contentUrl":"https:\/\/ses-creative.com\/wp-content\/uploads\/2026\/01\/131551.jpg","width":1000,"height":1000},{"@type":"BreadcrumbList","@id":"https:\/\/ses-creative.com\/fr\/produit\/brebis-endormie-copain-phosphorescent-pour-la-nuit\/#breadcrumb","itemListElement":[{"@type":"ListItem","position":1,"name":"Boutique","item":"https:\/\/ses-creative.com\/fr\/boutique\/"},{"@type":"ListItem","position":2,"name":"B\u00e9b\u00e9 &amp; Tout-petit","item":"https:\/\/ses-creative.com\/fr\/product-categorie\/bebe-tout-petit\/"},{"@type":"ListItem","position":3,"name":"Brebis endormie &#8211; Copain phosphorescent pour la nuit"}]},{"@type":"WebSite","@id":"https:\/\/ses-creative.com\/#website","url":"https:\/\/ses-creative.com\/","name":"SES Creative","description":"","publisher":{"@id":"https:\/\/ses-creative.com\/#organization"},"potentialAction":[{"@type":"SearchAction","target":{"@type":"EntryPoint","urlTemplate":"https:\/\/ses-creative.com\/?s={search_term_string}"},"query-input":{"@type":"PropertyValueSpecification","valueRequired":true,"valueName":"search_term_string"}}],"inLanguage":"fr-FR"},{"@type":"Organization","@id":"https:\/\/ses-creative.com\/#organization","name":"SES Creative","url":"https:\/\/ses-creative.com\/","logo":{"@type":"ImageObject","inLanguage":"fr-FR","@id":"https:\/\/ses-creative.com\/#\/schema\/logo\/image\/","url":"https:\/\/ses-creative.com\/wp-content\/uploads\/2025\/10\/ses-creative-logo.jpg","contentUrl":"https:\/\/ses-creative.com\/wp-content\/uploads\/2025\/10\/ses-creative-logo.jpg","width":2037,"height":2037,"caption":"SES Creative"},"image":{"@id":"https:\/\/ses-creative.com\/#\/schema\/logo\/image\/"}}]}},"_links":{"self":[{"href":"https:\/\/ses-creative.com\/fr\/wp-json\/wp\/v2\/product\/118222","targetHints":{"allow":["GET"]}}],"collection":[{"href":"https:\/\/ses-creative.com\/fr\/wp-json\/wp\/v2\/product"}],"about":[{"href":"https:\/\/ses-creative.com\/fr\/wp-json\/wp\/v2\/types\/product"}],"replies":[{"embeddable":true,"href":"https:\/\/ses-creative.com\/fr\/wp-json\/wp\/v2\/comments?post=118222"}],"wp:featuredmedia":[{"embeddable":true,"href":"https:\/\/ses-creative.com\/fr\/wp-json\/wp\/v2\/media\/94220"}],"wp:attachment":[{"href":"https:\/\/ses-creative.com\/fr\/wp-json\/wp\/v2\/media?parent=118222"}],"wp:term":[{"taxonomy":"product_brand","embeddable":true,"href":"https:\/\/ses-creative.com\/fr\/wp-json\/wp\/v2\/product_brand?post=118222"},{"taxonomy":"product_cat","embeddable":true,"href":"https:\/\/ses-creative.com\/fr\/wp-json\/wp\/v2\/product_cat?post=118222"},{"taxonomy":"product_tag","embeddable":true,"href":"https:\/\/ses-creative.com\/fr\/wp-json\/wp\/v2\/product_tag?post=118222"}],"curies":[{"name":"wp","href":"https:\/\/api.w.org\/{rel}","templated":true}]}}