











{"id":118220,"date":"2026-02-12T10:09:03","date_gmt":"2026-02-12T10:09:03","guid":{"rendered":"https:\/\/ses-creative.com\/?post_type=product&#038;p=118220"},"modified":"2026-02-12T10:22:44","modified_gmt":"2026-02-12T10:22:44","slug":"circuit-routier-en-feutre-20pcs","status":"publish","type":"product","link":"https:\/\/ses-creative.com\/fr\/produit\/circuit-routier-en-feutre-20pcs\/","title":{"rendered":"Circuit routier en feutre 20pcs"},"content":{"rendered":"<p>Cr\u00e9ez des aventures sans fin avec le circuit routier en feutre &#8211; Set de 20 pi\u00e8ces<br \/>\nAvec ces morceaux de route en feutre, vous pouvez varier \u00e0 l&rsquo;infini et cr\u00e9er votre propre parcours. Les connexions simples, semblables \u00e0 celles d&rsquo;un puzzle, permettent aux petites mains d&rsquo;assembler le circuit rapidement et en toute confiance. Le set comprend des morceaux droits, des virages et des intersections en feutre \u00e9pais et durable, et peut \u00eatre utilis\u00e9 avec toutes les petites voitures de marques connues. De plus, le set peut \u00eatre compl\u00e9t\u00e9 par des sets suppl\u00e9mentaires de 20 ou 40 pi\u00e8ces, ce qui permet de cr\u00e9er des routes encore plus longues !<br \/>\nCe qui rend ce set g\u00e9nial<br \/>\n&#8211;    Contient des pi\u00e8ces droites, des virages et des intersections pour des circuits polyvalents.<br \/>\n&#8211;    Pi\u00e8ces faciles \u00e0 assembler, fabriqu\u00e9es en feutre \u00e9pais et r\u00e9sistant.<br \/>\n&#8211;    Compatible avec les petites voitures de marques populaires pour encore plus de plaisir.<br \/>\n&#8211; Stimule la capacit\u00e9 \u00e0 r\u00e9soudre des probl\u00e8mes et am\u00e9liore la motricit\u00e9 fine<br \/>\n&#8211;    Le jeu ouvert encourage la cr\u00e9ativit\u00e9 et le jeu interactif<br \/>\nParfait pour les enfants qui aiment construire et jouer !<br \/>\nCon\u00e7u pour les enfants \u00e0 partir de 24 mois, ce jeu cr\u00e9atif est id\u00e9al pour construire des r\u00e9seaux routiers sur mesure qui peuvent \u00eatre r\u00e9assembl\u00e9s \u00e0 l&rsquo;infini. Regardez votre enfant construire des intersections passionnantes, n\u00e9gocier des virages serr\u00e9s et cr\u00e9er ses propres routes anim\u00e9es. Parfait pour jouer seul ou avec des amis. De plus, le set peut \u00eatre compl\u00e9t\u00e9 par des sets suppl\u00e9mentaires de 20 ou 40 pi\u00e8ces, ce qui permet de cr\u00e9er des circuits plus longs et plus complexes \u00e0 mesure que les cr\u00e9ations de votre enfant \u00e9voluent.<br \/>\nContenu du set<br \/>\n&#8211;    4 routes droites en feutre<br \/>\n&#8211;    4 routes en feutre en croisement<br \/>\n&#8211;    4 routes en feutre courbes \u00e0 droite<br \/>\n&#8211;    8 routes en feutre courbes \u00e0 gauche<br \/>\nPourquoi choisir SES Creative ?<br \/>\nChez SES Creative, nous accordons une grande importance \u00e0 la s\u00e9curit\u00e9. C&rsquo;est pourquoi nos produits sont fabriqu\u00e9s et test\u00e9s dans notre usine aux Pays-Bas, conform\u00e9ment aux normes de s\u00e9curit\u00e9 europ\u00e9ennes les plus strictes. Les jouets SES Creative sont source de plaisir et permettent aux enfants d&rsquo;\u00eatre fiers de leur travail, ce qui stimule leur cr\u00e9ativit\u00e9 et leur d\u00e9veloppement.<\/p>\n","protected":false},"excerpt":{"rendered":"<p>Cr\u00e9ez des aventures sans fin avec le circuit routier en feutre &#8211; Set de 20 pi\u00e8ces Avec ces morceaux de route en feutre, vous pouvez varier \u00e0 l&rsquo;infini et cr\u00e9er votre propre parcours. Les connexions simples, semblables \u00e0 celles d&rsquo;un puzzle, permettent aux petites mains d&rsquo;assembler le circuit rapidement et en toute confiance. Le set [&hellip;]<\/p>\n","protected":false},"featured_media":100948,"comment_status":"closed","ping_status":"closed","template":"","meta":{"_acf_changed":false},"product_brand":[],"product_cat":[123],"product_tag":[],"class_list":{"0":"post-118220","1":"product","2":"type-product","3":"status-publish","4":"has-post-thumbnail","6":"product_cat-bebe-tout-petit","7":"pa_leeftijd-filter-0-2-ans","8":"pa_meest-populair-bij-garcons-filles","10":"first","11":"instock","12":"shipping-taxable","13":"product-type-simple"},"acf":[],"yoast_head":"<!-- This site is optimized with the Yoast SEO plugin v27.2 - https:\/\/yoast.com\/product\/yoast-seo-wordpress\/ -->\n<title>Circuit routier en feutre 20pcs - SES Creative<\/title>\n<meta name=\"robots\" content=\"index, follow, max-snippet:-1, max-image-preview:large, max-video-preview:-1\" \/>\n<link rel=\"canonical\" href=\"https:\/\/ses-creative.com\/fr\/produit\/circuit-routier-en-feutre-20pcs\/\" \/>\n<meta property=\"og:locale\" content=\"fr_FR\" \/>\n<meta property=\"og:type\" content=\"article\" \/>\n<meta property=\"og:title\" content=\"Circuit routier en feutre 20pcs - SES Creative\" \/>\n<meta property=\"og:description\" content=\"Cr\u00e9ez des aventures sans fin avec le circuit routier en feutre &#8211; Set de 20 pi\u00e8ces Avec ces morceaux de route en feutre, vous pouvez varier \u00e0 l&rsquo;infini et cr\u00e9er votre propre parcours. Les connexions simples, semblables \u00e0 celles d&rsquo;un puzzle, permettent aux petites mains d&rsquo;assembler le circuit rapidement et en toute confiance. Le set [&hellip;]\" \/>\n<meta property=\"og:url\" content=\"https:\/\/ses-creative.com\/fr\/produit\/circuit-routier-en-feutre-20pcs\/\" \/>\n<meta property=\"og:site_name\" content=\"SES Creative\" \/>\n<meta property=\"article:modified_time\" content=\"2026-02-12T10:22:44+00:00\" \/>\n<meta name=\"twitter:card\" content=\"summary_large_image\" \/>\n<meta name=\"twitter:label1\" content=\"Dur\u00e9e de lecture estim\u00e9e\" \/>\n\t<meta name=\"twitter:data1\" content=\"2 minutes\" \/>\n<script type=\"application\/ld+json\" class=\"yoast-schema-graph\">{\"@context\":\"https:\/\/schema.org\",\"@graph\":[{\"@type\":\"WebPage\",\"@id\":\"https:\/\/ses-creative.com\/fr\/produit\/circuit-routier-en-feutre-20pcs\/\",\"url\":\"https:\/\/ses-creative.com\/fr\/produit\/circuit-routier-en-feutre-20pcs\/\",\"name\":\"Circuit routier en feutre 20pcs - SES Creative\",\"isPartOf\":{\"@id\":\"https:\/\/ses-creative.com\/#website\"},\"primaryImageOfPage\":{\"@id\":\"https:\/\/ses-creative.com\/fr\/produit\/circuit-routier-en-feutre-20pcs\/#primaryimage\"},\"image\":{\"@id\":\"https:\/\/ses-creative.com\/fr\/produit\/circuit-routier-en-feutre-20pcs\/#primaryimage\"},\"thumbnailUrl\":\"https:\/\/ses-creative.com\/wp-content\/uploads\/2026\/01\/131511.jpg\",\"datePublished\":\"2026-02-12T10:09:03+00:00\",\"dateModified\":\"2026-02-12T10:22:44+00:00\",\"breadcrumb\":{\"@id\":\"https:\/\/ses-creative.com\/fr\/produit\/circuit-routier-en-feutre-20pcs\/#breadcrumb\"},\"inLanguage\":\"fr-FR\",\"potentialAction\":[{\"@type\":\"ReadAction\",\"target\":[\"https:\/\/ses-creative.com\/fr\/produit\/circuit-routier-en-feutre-20pcs\/\"]}]},{\"@type\":\"ImageObject\",\"inLanguage\":\"fr-FR\",\"@id\":\"https:\/\/ses-creative.com\/fr\/produit\/circuit-routier-en-feutre-20pcs\/#primaryimage\",\"url\":\"https:\/\/ses-creative.com\/wp-content\/uploads\/2026\/01\/131511.jpg\",\"contentUrl\":\"https:\/\/ses-creative.com\/wp-content\/uploads\/2026\/01\/131511.jpg\",\"width\":1000,\"height\":1000},{\"@type\":\"BreadcrumbList\",\"@id\":\"https:\/\/ses-creative.com\/fr\/produit\/circuit-routier-en-feutre-20pcs\/#breadcrumb\",\"itemListElement\":[{\"@type\":\"ListItem\",\"position\":1,\"name\":\"Boutique\",\"item\":\"https:\/\/ses-creative.com\/fr\/boutique\/\"},{\"@type\":\"ListItem\",\"position\":2,\"name\":\"B\u00e9b\u00e9 &amp; Tout-petit\",\"item\":\"https:\/\/ses-creative.com\/fr\/product-categorie\/bebe-tout-petit\/\"},{\"@type\":\"ListItem\",\"position\":3,\"name\":\"Circuit routier en feutre 20pcs\"}]},{\"@type\":\"WebSite\",\"@id\":\"https:\/\/ses-creative.com\/#website\",\"url\":\"https:\/\/ses-creative.com\/\",\"name\":\"SES Creative\",\"description\":\"\",\"publisher\":{\"@id\":\"https:\/\/ses-creative.com\/#organization\"},\"potentialAction\":[{\"@type\":\"SearchAction\",\"target\":{\"@type\":\"EntryPoint\",\"urlTemplate\":\"https:\/\/ses-creative.com\/?s={search_term_string}\"},\"query-input\":{\"@type\":\"PropertyValueSpecification\",\"valueRequired\":true,\"valueName\":\"search_term_string\"}}],\"inLanguage\":\"fr-FR\"},{\"@type\":\"Organization\",\"@id\":\"https:\/\/ses-creative.com\/#organization\",\"name\":\"SES Creative\",\"url\":\"https:\/\/ses-creative.com\/\",\"logo\":{\"@type\":\"ImageObject\",\"inLanguage\":\"fr-FR\",\"@id\":\"https:\/\/ses-creative.com\/#\/schema\/logo\/image\/\",\"url\":\"https:\/\/ses-creative.com\/wp-content\/uploads\/2025\/10\/ses-creative-logo.jpg\",\"contentUrl\":\"https:\/\/ses-creative.com\/wp-content\/uploads\/2025\/10\/ses-creative-logo.jpg\",\"width\":2037,\"height\":2037,\"caption\":\"SES Creative\"},\"image\":{\"@id\":\"https:\/\/ses-creative.com\/#\/schema\/logo\/image\/\"}}]}<\/script>\n<!-- \/ Yoast SEO plugin. -->","yoast_head_json":{"title":"Circuit routier en feutre 20pcs - SES Creative","robots":{"index":"index","follow":"follow","max-snippet":"max-snippet:-1","max-image-preview":"max-image-preview:large","max-video-preview":"max-video-preview:-1"},"canonical":"https:\/\/ses-creative.com\/fr\/produit\/circuit-routier-en-feutre-20pcs\/","og_locale":"fr_FR","og_type":"article","og_title":"Circuit routier en feutre 20pcs - SES Creative","og_description":"Cr\u00e9ez des aventures sans fin avec le circuit routier en feutre &#8211; Set de 20 pi\u00e8ces Avec ces morceaux de route en feutre, vous pouvez varier \u00e0 l&rsquo;infini et cr\u00e9er votre propre parcours. Les connexions simples, semblables \u00e0 celles d&rsquo;un puzzle, permettent aux petites mains d&rsquo;assembler le circuit rapidement et en toute confiance. Le set [&hellip;]","og_url":"https:\/\/ses-creative.com\/fr\/produit\/circuit-routier-en-feutre-20pcs\/","og_site_name":"SES Creative","article_modified_time":"2026-02-12T10:22:44+00:00","twitter_card":"summary_large_image","twitter_misc":{"Dur\u00e9e de lecture estim\u00e9e":"2 minutes"},"schema":{"@context":"https:\/\/schema.org","@graph":[{"@type":"WebPage","@id":"https:\/\/ses-creative.com\/fr\/produit\/circuit-routier-en-feutre-20pcs\/","url":"https:\/\/ses-creative.com\/fr\/produit\/circuit-routier-en-feutre-20pcs\/","name":"Circuit routier en feutre 20pcs - SES Creative","isPartOf":{"@id":"https:\/\/ses-creative.com\/#website"},"primaryImageOfPage":{"@id":"https:\/\/ses-creative.com\/fr\/produit\/circuit-routier-en-feutre-20pcs\/#primaryimage"},"image":{"@id":"https:\/\/ses-creative.com\/fr\/produit\/circuit-routier-en-feutre-20pcs\/#primaryimage"},"thumbnailUrl":"https:\/\/ses-creative.com\/wp-content\/uploads\/2026\/01\/131511.jpg","datePublished":"2026-02-12T10:09:03+00:00","dateModified":"2026-02-12T10:22:44+00:00","breadcrumb":{"@id":"https:\/\/ses-creative.com\/fr\/produit\/circuit-routier-en-feutre-20pcs\/#breadcrumb"},"inLanguage":"fr-FR","potentialAction":[{"@type":"ReadAction","target":["https:\/\/ses-creative.com\/fr\/produit\/circuit-routier-en-feutre-20pcs\/"]}]},{"@type":"ImageObject","inLanguage":"fr-FR","@id":"https:\/\/ses-creative.com\/fr\/produit\/circuit-routier-en-feutre-20pcs\/#primaryimage","url":"https:\/\/ses-creative.com\/wp-content\/uploads\/2026\/01\/131511.jpg","contentUrl":"https:\/\/ses-creative.com\/wp-content\/uploads\/2026\/01\/131511.jpg","width":1000,"height":1000},{"@type":"BreadcrumbList","@id":"https:\/\/ses-creative.com\/fr\/produit\/circuit-routier-en-feutre-20pcs\/#breadcrumb","itemListElement":[{"@type":"ListItem","position":1,"name":"Boutique","item":"https:\/\/ses-creative.com\/fr\/boutique\/"},{"@type":"ListItem","position":2,"name":"B\u00e9b\u00e9 &amp; Tout-petit","item":"https:\/\/ses-creative.com\/fr\/product-categorie\/bebe-tout-petit\/"},{"@type":"ListItem","position":3,"name":"Circuit routier en feutre 20pcs"}]},{"@type":"WebSite","@id":"https:\/\/ses-creative.com\/#website","url":"https:\/\/ses-creative.com\/","name":"SES Creative","description":"","publisher":{"@id":"https:\/\/ses-creative.com\/#organization"},"potentialAction":[{"@type":"SearchAction","target":{"@type":"EntryPoint","urlTemplate":"https:\/\/ses-creative.com\/?s={search_term_string}"},"query-input":{"@type":"PropertyValueSpecification","valueRequired":true,"valueName":"search_term_string"}}],"inLanguage":"fr-FR"},{"@type":"Organization","@id":"https:\/\/ses-creative.com\/#organization","name":"SES Creative","url":"https:\/\/ses-creative.com\/","logo":{"@type":"ImageObject","inLanguage":"fr-FR","@id":"https:\/\/ses-creative.com\/#\/schema\/logo\/image\/","url":"https:\/\/ses-creative.com\/wp-content\/uploads\/2025\/10\/ses-creative-logo.jpg","contentUrl":"https:\/\/ses-creative.com\/wp-content\/uploads\/2025\/10\/ses-creative-logo.jpg","width":2037,"height":2037,"caption":"SES Creative"},"image":{"@id":"https:\/\/ses-creative.com\/#\/schema\/logo\/image\/"}}]}},"_links":{"self":[{"href":"https:\/\/ses-creative.com\/fr\/wp-json\/wp\/v2\/product\/118220","targetHints":{"allow":["GET"]}}],"collection":[{"href":"https:\/\/ses-creative.com\/fr\/wp-json\/wp\/v2\/product"}],"about":[{"href":"https:\/\/ses-creative.com\/fr\/wp-json\/wp\/v2\/types\/product"}],"replies":[{"embeddable":true,"href":"https:\/\/ses-creative.com\/fr\/wp-json\/wp\/v2\/comments?post=118220"}],"wp:featuredmedia":[{"embeddable":true,"href":"https:\/\/ses-creative.com\/fr\/wp-json\/wp\/v2\/media\/100948"}],"wp:attachment":[{"href":"https:\/\/ses-creative.com\/fr\/wp-json\/wp\/v2\/media?parent=118220"}],"wp:term":[{"taxonomy":"product_brand","embeddable":true,"href":"https:\/\/ses-creative.com\/fr\/wp-json\/wp\/v2\/product_brand?post=118220"},{"taxonomy":"product_cat","embeddable":true,"href":"https:\/\/ses-creative.com\/fr\/wp-json\/wp\/v2\/product_cat?post=118220"},{"taxonomy":"product_tag","embeddable":true,"href":"https:\/\/ses-creative.com\/fr\/wp-json\/wp\/v2\/product_tag?post=118220"}],"curies":[{"name":"wp","href":"https:\/\/api.w.org\/{rel}","templated":true}]}}