











{"id":118219,"date":"2026-02-12T10:09:03","date_gmt":"2026-02-12T10:09:03","guid":{"rendered":"https:\/\/ses-creative.com\/?post_type=product&#038;p=118219"},"modified":"2026-02-12T10:22:44","modified_gmt":"2026-02-12T10:22:44","slug":"banc-marteau-en-bois-coucou","status":"publish","type":"product","link":"https:\/\/ses-creative.com\/fr\/produit\/banc-marteau-en-bois-coucou\/","title":{"rendered":"Banc marteau en bois coucou"},"content":{"rendered":"<p>Laissez votre enfant jouer sans fin avec le banc \u00e0 marteaux en bois coucou !<br \/>\nAvec ce banc \u00e0 marteler en bois, le plaisir est garanti. En frappant l&rsquo;une des extr\u00e9mit\u00e9s avec le marteau en bois, l&rsquo;autre c\u00f4t\u00e9 se soul\u00e8ve et un petit animal appara\u00eet. Cet effet d&rsquo;action-r\u00e9action et de surprise stimule la curiosit\u00e9 et la motricit\u00e9 de votre enfant. Parfait pour les enfants qui aiment d\u00e9couvrir et jouer !<br \/>\nCe qui rend cet ensemble g\u00e9nial<br \/>\n&#8211;    Convient aux enfants \u00e0 partir de 12 mois<br \/>\n&#8211;    \u00c9quip\u00e9 d&rsquo;un banc \u00e0 bascule qui cr\u00e9e un effet pop-up amusant et surprenant.<br \/>\n&#8211;    Fabriqu\u00e9 en bois FSC solide et s\u00fbr<br \/>\n&#8211; Stimule la curiosit\u00e9, la motricit\u00e9 et l&rsquo;apprentissage par l&rsquo;action-r\u00e9action.<br \/>\n&#8211;    Parfait pour les enfants qui aiment les jeux interactifs et captivants !<br \/>\nPourquoi ce produit est-il parfait pour vous ?<br \/>\nOffrez \u00e0 votre tout-petit des heures de plaisir interactif avec le banc \u00e0 marteau en bois Kiekeboe. Ce jouet \u00e9ducatif est con\u00e7u pour les esprits curieux et les petites mains actives. Il combine plaisir, apprentissage et d\u00e9veloppement de la motricit\u00e9 en une seule activit\u00e9 captivante. Les surfaces lisses en bois et les couleurs vives renforcent son attrait, tout en garantissant la s\u00e9curit\u00e9 et le plaisir de votre enfant. L&rsquo;\u00e9l\u00e9ment de surprise ajoute une touche d&rsquo;excitation suppl\u00e9mentaire, faisant de chaque coup un moment de d\u00e9couverte.<br \/>\nContenu du set<br \/>\n&#8211;    Banc \u00e0 marteler en bois<br \/>\n&#8211;    Marteau en bois<br \/>\nPourquoi choisir SES Creative ?<br \/>\nChez SES Creative, nous accordons une grande importance \u00e0 la s\u00e9curit\u00e9. C&rsquo;est pourquoi nos produits sont fabriqu\u00e9s et test\u00e9s dans notre usine aux Pays-Bas, conform\u00e9ment aux normes de s\u00e9curit\u00e9 europ\u00e9ennes les plus strictes. Les jouets SES Creative sont source de plaisir et permettent aux enfants d&rsquo;\u00eatre fiers de leur travail, ce qui stimule leur cr\u00e9ativit\u00e9 et leur d\u00e9veloppement.<br \/>\nLaissez-vous surprendre par l&rsquo;\u00e9tabli en bois Kiekeboe !<\/p>\n","protected":false},"excerpt":{"rendered":"<p>Laissez votre enfant jouer sans fin avec le banc \u00e0 marteaux en bois coucou ! Avec ce banc \u00e0 marteler en bois, le plaisir est garanti. En frappant l&rsquo;une des extr\u00e9mit\u00e9s avec le marteau en bois, l&rsquo;autre c\u00f4t\u00e9 se soul\u00e8ve et un petit animal appara\u00eet. Cet effet d&rsquo;action-r\u00e9action et de surprise stimule la curiosit\u00e9 et [&hellip;]<\/p>\n","protected":false},"featured_media":100928,"comment_status":"closed","ping_status":"closed","template":"","meta":{"_acf_changed":false},"product_brand":[],"product_cat":[123],"product_tag":[],"class_list":{"0":"post-118219","1":"product","2":"type-product","3":"status-publish","4":"has-post-thumbnail","6":"product_cat-bebe-tout-petit","7":"pa_leeftijd-filter-0-2-ans","8":"pa_meest-populair-bij-garcons-filles","10":"first","11":"instock","12":"shipping-taxable","13":"product-type-simple"},"acf":[],"yoast_head":"<!-- This site is optimized with the Yoast SEO plugin v27.2 - https:\/\/yoast.com\/product\/yoast-seo-wordpress\/ -->\n<title>Banc marteau en bois coucou - SES Creative<\/title>\n<meta name=\"robots\" content=\"index, follow, max-snippet:-1, max-image-preview:large, max-video-preview:-1\" \/>\n<link rel=\"canonical\" href=\"https:\/\/ses-creative.com\/fr\/produit\/banc-marteau-en-bois-coucou\/\" \/>\n<meta property=\"og:locale\" content=\"fr_FR\" \/>\n<meta property=\"og:type\" content=\"article\" \/>\n<meta property=\"og:title\" content=\"Banc marteau en bois coucou - SES Creative\" \/>\n<meta property=\"og:description\" content=\"Laissez votre enfant jouer sans fin avec le banc \u00e0 marteaux en bois coucou ! Avec ce banc \u00e0 marteler en bois, le plaisir est garanti. En frappant l&rsquo;une des extr\u00e9mit\u00e9s avec le marteau en bois, l&rsquo;autre c\u00f4t\u00e9 se soul\u00e8ve et un petit animal appara\u00eet. Cet effet d&rsquo;action-r\u00e9action et de surprise stimule la curiosit\u00e9 et [&hellip;]\" \/>\n<meta property=\"og:url\" content=\"https:\/\/ses-creative.com\/fr\/produit\/banc-marteau-en-bois-coucou\/\" \/>\n<meta property=\"og:site_name\" content=\"SES Creative\" \/>\n<meta property=\"article:modified_time\" content=\"2026-02-12T10:22:44+00:00\" \/>\n<meta name=\"twitter:card\" content=\"summary_large_image\" \/>\n<meta name=\"twitter:label1\" content=\"Dur\u00e9e de lecture estim\u00e9e\" \/>\n\t<meta name=\"twitter:data1\" content=\"2 minutes\" \/>\n<script type=\"application\/ld+json\" class=\"yoast-schema-graph\">{\"@context\":\"https:\/\/schema.org\",\"@graph\":[{\"@type\":\"WebPage\",\"@id\":\"https:\/\/ses-creative.com\/fr\/produit\/banc-marteau-en-bois-coucou\/\",\"url\":\"https:\/\/ses-creative.com\/fr\/produit\/banc-marteau-en-bois-coucou\/\",\"name\":\"Banc marteau en bois coucou - SES Creative\",\"isPartOf\":{\"@id\":\"https:\/\/ses-creative.com\/#website\"},\"primaryImageOfPage\":{\"@id\":\"https:\/\/ses-creative.com\/fr\/produit\/banc-marteau-en-bois-coucou\/#primaryimage\"},\"image\":{\"@id\":\"https:\/\/ses-creative.com\/fr\/produit\/banc-marteau-en-bois-coucou\/#primaryimage\"},\"thumbnailUrl\":\"https:\/\/ses-creative.com\/wp-content\/uploads\/2026\/01\/131451.jpg\",\"datePublished\":\"2026-02-12T10:09:03+00:00\",\"dateModified\":\"2026-02-12T10:22:44+00:00\",\"breadcrumb\":{\"@id\":\"https:\/\/ses-creative.com\/fr\/produit\/banc-marteau-en-bois-coucou\/#breadcrumb\"},\"inLanguage\":\"fr-FR\",\"potentialAction\":[{\"@type\":\"ReadAction\",\"target\":[\"https:\/\/ses-creative.com\/fr\/produit\/banc-marteau-en-bois-coucou\/\"]}]},{\"@type\":\"ImageObject\",\"inLanguage\":\"fr-FR\",\"@id\":\"https:\/\/ses-creative.com\/fr\/produit\/banc-marteau-en-bois-coucou\/#primaryimage\",\"url\":\"https:\/\/ses-creative.com\/wp-content\/uploads\/2026\/01\/131451.jpg\",\"contentUrl\":\"https:\/\/ses-creative.com\/wp-content\/uploads\/2026\/01\/131451.jpg\",\"width\":1000,\"height\":1000},{\"@type\":\"BreadcrumbList\",\"@id\":\"https:\/\/ses-creative.com\/fr\/produit\/banc-marteau-en-bois-coucou\/#breadcrumb\",\"itemListElement\":[{\"@type\":\"ListItem\",\"position\":1,\"name\":\"Boutique\",\"item\":\"https:\/\/ses-creative.com\/fr\/boutique\/\"},{\"@type\":\"ListItem\",\"position\":2,\"name\":\"B\u00e9b\u00e9 &amp; Tout-petit\",\"item\":\"https:\/\/ses-creative.com\/fr\/product-categorie\/bebe-tout-petit\/\"},{\"@type\":\"ListItem\",\"position\":3,\"name\":\"Banc marteau en bois coucou\"}]},{\"@type\":\"WebSite\",\"@id\":\"https:\/\/ses-creative.com\/#website\",\"url\":\"https:\/\/ses-creative.com\/\",\"name\":\"SES Creative\",\"description\":\"\",\"publisher\":{\"@id\":\"https:\/\/ses-creative.com\/#organization\"},\"potentialAction\":[{\"@type\":\"SearchAction\",\"target\":{\"@type\":\"EntryPoint\",\"urlTemplate\":\"https:\/\/ses-creative.com\/?s={search_term_string}\"},\"query-input\":{\"@type\":\"PropertyValueSpecification\",\"valueRequired\":true,\"valueName\":\"search_term_string\"}}],\"inLanguage\":\"fr-FR\"},{\"@type\":\"Organization\",\"@id\":\"https:\/\/ses-creative.com\/#organization\",\"name\":\"SES Creative\",\"url\":\"https:\/\/ses-creative.com\/\",\"logo\":{\"@type\":\"ImageObject\",\"inLanguage\":\"fr-FR\",\"@id\":\"https:\/\/ses-creative.com\/#\/schema\/logo\/image\/\",\"url\":\"https:\/\/ses-creative.com\/wp-content\/uploads\/2025\/10\/ses-creative-logo.jpg\",\"contentUrl\":\"https:\/\/ses-creative.com\/wp-content\/uploads\/2025\/10\/ses-creative-logo.jpg\",\"width\":2037,\"height\":2037,\"caption\":\"SES Creative\"},\"image\":{\"@id\":\"https:\/\/ses-creative.com\/#\/schema\/logo\/image\/\"}}]}<\/script>\n<!-- \/ Yoast SEO plugin. -->","yoast_head_json":{"title":"Banc marteau en bois coucou - SES Creative","robots":{"index":"index","follow":"follow","max-snippet":"max-snippet:-1","max-image-preview":"max-image-preview:large","max-video-preview":"max-video-preview:-1"},"canonical":"https:\/\/ses-creative.com\/fr\/produit\/banc-marteau-en-bois-coucou\/","og_locale":"fr_FR","og_type":"article","og_title":"Banc marteau en bois coucou - SES Creative","og_description":"Laissez votre enfant jouer sans fin avec le banc \u00e0 marteaux en bois coucou ! Avec ce banc \u00e0 marteler en bois, le plaisir est garanti. En frappant l&rsquo;une des extr\u00e9mit\u00e9s avec le marteau en bois, l&rsquo;autre c\u00f4t\u00e9 se soul\u00e8ve et un petit animal appara\u00eet. Cet effet d&rsquo;action-r\u00e9action et de surprise stimule la curiosit\u00e9 et [&hellip;]","og_url":"https:\/\/ses-creative.com\/fr\/produit\/banc-marteau-en-bois-coucou\/","og_site_name":"SES Creative","article_modified_time":"2026-02-12T10:22:44+00:00","twitter_card":"summary_large_image","twitter_misc":{"Dur\u00e9e de lecture estim\u00e9e":"2 minutes"},"schema":{"@context":"https:\/\/schema.org","@graph":[{"@type":"WebPage","@id":"https:\/\/ses-creative.com\/fr\/produit\/banc-marteau-en-bois-coucou\/","url":"https:\/\/ses-creative.com\/fr\/produit\/banc-marteau-en-bois-coucou\/","name":"Banc marteau en bois coucou - SES Creative","isPartOf":{"@id":"https:\/\/ses-creative.com\/#website"},"primaryImageOfPage":{"@id":"https:\/\/ses-creative.com\/fr\/produit\/banc-marteau-en-bois-coucou\/#primaryimage"},"image":{"@id":"https:\/\/ses-creative.com\/fr\/produit\/banc-marteau-en-bois-coucou\/#primaryimage"},"thumbnailUrl":"https:\/\/ses-creative.com\/wp-content\/uploads\/2026\/01\/131451.jpg","datePublished":"2026-02-12T10:09:03+00:00","dateModified":"2026-02-12T10:22:44+00:00","breadcrumb":{"@id":"https:\/\/ses-creative.com\/fr\/produit\/banc-marteau-en-bois-coucou\/#breadcrumb"},"inLanguage":"fr-FR","potentialAction":[{"@type":"ReadAction","target":["https:\/\/ses-creative.com\/fr\/produit\/banc-marteau-en-bois-coucou\/"]}]},{"@type":"ImageObject","inLanguage":"fr-FR","@id":"https:\/\/ses-creative.com\/fr\/produit\/banc-marteau-en-bois-coucou\/#primaryimage","url":"https:\/\/ses-creative.com\/wp-content\/uploads\/2026\/01\/131451.jpg","contentUrl":"https:\/\/ses-creative.com\/wp-content\/uploads\/2026\/01\/131451.jpg","width":1000,"height":1000},{"@type":"BreadcrumbList","@id":"https:\/\/ses-creative.com\/fr\/produit\/banc-marteau-en-bois-coucou\/#breadcrumb","itemListElement":[{"@type":"ListItem","position":1,"name":"Boutique","item":"https:\/\/ses-creative.com\/fr\/boutique\/"},{"@type":"ListItem","position":2,"name":"B\u00e9b\u00e9 &amp; Tout-petit","item":"https:\/\/ses-creative.com\/fr\/product-categorie\/bebe-tout-petit\/"},{"@type":"ListItem","position":3,"name":"Banc marteau en bois coucou"}]},{"@type":"WebSite","@id":"https:\/\/ses-creative.com\/#website","url":"https:\/\/ses-creative.com\/","name":"SES Creative","description":"","publisher":{"@id":"https:\/\/ses-creative.com\/#organization"},"potentialAction":[{"@type":"SearchAction","target":{"@type":"EntryPoint","urlTemplate":"https:\/\/ses-creative.com\/?s={search_term_string}"},"query-input":{"@type":"PropertyValueSpecification","valueRequired":true,"valueName":"search_term_string"}}],"inLanguage":"fr-FR"},{"@type":"Organization","@id":"https:\/\/ses-creative.com\/#organization","name":"SES Creative","url":"https:\/\/ses-creative.com\/","logo":{"@type":"ImageObject","inLanguage":"fr-FR","@id":"https:\/\/ses-creative.com\/#\/schema\/logo\/image\/","url":"https:\/\/ses-creative.com\/wp-content\/uploads\/2025\/10\/ses-creative-logo.jpg","contentUrl":"https:\/\/ses-creative.com\/wp-content\/uploads\/2025\/10\/ses-creative-logo.jpg","width":2037,"height":2037,"caption":"SES Creative"},"image":{"@id":"https:\/\/ses-creative.com\/#\/schema\/logo\/image\/"}}]}},"_links":{"self":[{"href":"https:\/\/ses-creative.com\/fr\/wp-json\/wp\/v2\/product\/118219","targetHints":{"allow":["GET"]}}],"collection":[{"href":"https:\/\/ses-creative.com\/fr\/wp-json\/wp\/v2\/product"}],"about":[{"href":"https:\/\/ses-creative.com\/fr\/wp-json\/wp\/v2\/types\/product"}],"replies":[{"embeddable":true,"href":"https:\/\/ses-creative.com\/fr\/wp-json\/wp\/v2\/comments?post=118219"}],"wp:featuredmedia":[{"embeddable":true,"href":"https:\/\/ses-creative.com\/fr\/wp-json\/wp\/v2\/media\/100928"}],"wp:attachment":[{"href":"https:\/\/ses-creative.com\/fr\/wp-json\/wp\/v2\/media?parent=118219"}],"wp:term":[{"taxonomy":"product_brand","embeddable":true,"href":"https:\/\/ses-creative.com\/fr\/wp-json\/wp\/v2\/product_brand?post=118219"},{"taxonomy":"product_cat","embeddable":true,"href":"https:\/\/ses-creative.com\/fr\/wp-json\/wp\/v2\/product_cat?post=118219"},{"taxonomy":"product_tag","embeddable":true,"href":"https:\/\/ses-creative.com\/fr\/wp-json\/wp\/v2\/product_tag?post=118219"}],"curies":[{"name":"wp","href":"https:\/\/api.w.org\/{rel}","templated":true}]}}