











{"id":118218,"date":"2026-02-12T10:09:03","date_gmt":"2026-02-12T10:09:03","guid":{"rendered":"https:\/\/ses-creative.com\/?post_type=product&#038;p=118218"},"modified":"2026-02-12T10:22:44","modified_gmt":"2026-02-12T10:22:44","slug":"circuit-de-boules-en-bois-crocodile","status":"publish","type":"product","link":"https:\/\/ses-creative.com\/fr\/produit\/circuit-de-boules-en-bois-crocodile\/","title":{"rendered":"Circuit de boules en bois &#8211; Crocodile"},"content":{"rendered":"<p>Piste \u00e0 billes en bois Crocodile : un plaisir de jeu sans fin pour les tout-petits !<br \/>\nPlacez l&rsquo;une des boules color\u00e9es en haut du toboggan et regardez-la rouler vers le bas. Les boules suivent le toboggan en passant devant diff\u00e9rents animaux joyeux et reviennent toujours en bas. Ce jeu simple mais captivant procure un plaisir sans fin et encourage votre enfant \u00e0 \u00eatre actif.<br \/>\nCe qui rend ce set g\u00e9nial<br \/>\n&#8211;    Solide et s\u00fbr pour les petites mains<br \/>\n&#8211;    Aide \u00e0 d\u00e9velopper la coordination \u0153il-main et les relations de cause \u00e0 effet<br \/>\n&#8211;    Design clair et color\u00e9<br \/>\n&#8211;    Bois FSC durable<br \/>\n&#8211;    Parfait pour les enfants \u00e0 partir de 6 mois<br \/>\nPourquoi ce produit est-il parfait pour vous ?<br \/>\nAvec le circuit \u00e0 billes en bois Crocodile de SES Creative, votre tout-petit s&rsquo;amusera pendant des heures. Ce circuit \u00e0 billes joyeux en forme de crocodile divertit les enfants tandis que les billes en bois color\u00e9es roulent vers le bas. C&rsquo;est le jouet id\u00e9al pour les b\u00e9b\u00e9s et les tout-petits \u00e0 partir de 6 mois, qui leur permet de d\u00e9velopper leurs capacit\u00e9s motrices de mani\u00e8re ludique.<br \/>\nContenu du set<br \/>\n&#8211;    Piste \u00e0 billes en bois en forme de crocodile<br \/>\n&#8211;    3 boules en bois color\u00e9es<br \/>\nPourquoi choisir SES Creative ?<br \/>\nChez SES Creative, nous accordons une grande importance \u00e0 la s\u00e9curit\u00e9. C&rsquo;est pourquoi nos produits sont fabriqu\u00e9s et test\u00e9s dans notre usine aux Pays-Bas, conform\u00e9ment aux normes de s\u00e9curit\u00e9 europ\u00e9ennes les plus strictes. Les jouets SES Creative sont source de plaisir et permettent aux enfants d&rsquo;\u00eatre fiers de leur travail, ce qui stimule leur cr\u00e9ativit\u00e9 et leur d\u00e9veloppement.<br \/>\nPr\u00eat pour le plaisir de rouler ?<br \/>\nAvec le circuit \u00e0 billes en bois Crocodile de SES Creative, votre tout-petit profitera d&rsquo;un jouet \u00e9ducatif et divertissant. Parfait pour les petits explorateurs qui aiment bouger. Laissez rouler les billes et regardez le sourire appara\u00eetre !<\/p>\n","protected":false},"excerpt":{"rendered":"<p>Piste \u00e0 billes en bois Crocodile : un plaisir de jeu sans fin pour les tout-petits ! Placez l&rsquo;une des boules color\u00e9es en haut du toboggan et regardez-la rouler vers le bas. Les boules suivent le toboggan en passant devant diff\u00e9rents animaux joyeux et reviennent toujours en bas. Ce jeu simple mais captivant procure un [&hellip;]<\/p>\n","protected":false},"featured_media":94200,"comment_status":"closed","ping_status":"closed","template":"","meta":{"_acf_changed":false},"product_brand":[],"product_cat":[123],"product_tag":[],"class_list":{"0":"post-118218","1":"product","2":"type-product","3":"status-publish","4":"has-post-thumbnail","6":"product_cat-bebe-tout-petit","7":"pa_leeftijd-filter-0-2-ans","8":"pa_meest-populair-bij-garcons-filles","10":"first","11":"instock","12":"shipping-taxable","13":"product-type-simple"},"acf":[],"yoast_head":"<!-- This site is optimized with the Yoast SEO plugin v27.2 - https:\/\/yoast.com\/product\/yoast-seo-wordpress\/ -->\n<title>Circuit de boules en bois - Crocodile - SES Creative<\/title>\n<meta name=\"robots\" content=\"index, follow, max-snippet:-1, max-image-preview:large, max-video-preview:-1\" \/>\n<link rel=\"canonical\" href=\"https:\/\/ses-creative.com\/fr\/produit\/circuit-de-boules-en-bois-crocodile\/\" \/>\n<meta property=\"og:locale\" content=\"fr_FR\" \/>\n<meta property=\"og:type\" content=\"article\" \/>\n<meta property=\"og:title\" content=\"Circuit de boules en bois - Crocodile - SES Creative\" \/>\n<meta property=\"og:description\" content=\"Piste \u00e0 billes en bois Crocodile : un plaisir de jeu sans fin pour les tout-petits ! Placez l&rsquo;une des boules color\u00e9es en haut du toboggan et regardez-la rouler vers le bas. Les boules suivent le toboggan en passant devant diff\u00e9rents animaux joyeux et reviennent toujours en bas. Ce jeu simple mais captivant procure un [&hellip;]\" \/>\n<meta property=\"og:url\" content=\"https:\/\/ses-creative.com\/fr\/produit\/circuit-de-boules-en-bois-crocodile\/\" \/>\n<meta property=\"og:site_name\" content=\"SES Creative\" \/>\n<meta property=\"article:modified_time\" content=\"2026-02-12T10:22:44+00:00\" \/>\n<meta name=\"twitter:card\" content=\"summary_large_image\" \/>\n<meta name=\"twitter:label1\" content=\"Dur\u00e9e de lecture estim\u00e9e\" \/>\n\t<meta name=\"twitter:data1\" content=\"2 minutes\" \/>\n<script type=\"application\/ld+json\" class=\"yoast-schema-graph\">{\"@context\":\"https:\/\/schema.org\",\"@graph\":[{\"@type\":\"WebPage\",\"@id\":\"https:\/\/ses-creative.com\/fr\/produit\/circuit-de-boules-en-bois-crocodile\/\",\"url\":\"https:\/\/ses-creative.com\/fr\/produit\/circuit-de-boules-en-bois-crocodile\/\",\"name\":\"Circuit de boules en bois - Crocodile - SES Creative\",\"isPartOf\":{\"@id\":\"https:\/\/ses-creative.com\/#website\"},\"primaryImageOfPage\":{\"@id\":\"https:\/\/ses-creative.com\/fr\/produit\/circuit-de-boules-en-bois-crocodile\/#primaryimage\"},\"image\":{\"@id\":\"https:\/\/ses-creative.com\/fr\/produit\/circuit-de-boules-en-bois-crocodile\/#primaryimage\"},\"thumbnailUrl\":\"https:\/\/ses-creative.com\/wp-content\/uploads\/2026\/01\/131441.jpg\",\"datePublished\":\"2026-02-12T10:09:03+00:00\",\"dateModified\":\"2026-02-12T10:22:44+00:00\",\"breadcrumb\":{\"@id\":\"https:\/\/ses-creative.com\/fr\/produit\/circuit-de-boules-en-bois-crocodile\/#breadcrumb\"},\"inLanguage\":\"fr-FR\",\"potentialAction\":[{\"@type\":\"ReadAction\",\"target\":[\"https:\/\/ses-creative.com\/fr\/produit\/circuit-de-boules-en-bois-crocodile\/\"]}]},{\"@type\":\"ImageObject\",\"inLanguage\":\"fr-FR\",\"@id\":\"https:\/\/ses-creative.com\/fr\/produit\/circuit-de-boules-en-bois-crocodile\/#primaryimage\",\"url\":\"https:\/\/ses-creative.com\/wp-content\/uploads\/2026\/01\/131441.jpg\",\"contentUrl\":\"https:\/\/ses-creative.com\/wp-content\/uploads\/2026\/01\/131441.jpg\",\"width\":1000,\"height\":1000},{\"@type\":\"BreadcrumbList\",\"@id\":\"https:\/\/ses-creative.com\/fr\/produit\/circuit-de-boules-en-bois-crocodile\/#breadcrumb\",\"itemListElement\":[{\"@type\":\"ListItem\",\"position\":1,\"name\":\"Boutique\",\"item\":\"https:\/\/ses-creative.com\/fr\/boutique\/\"},{\"@type\":\"ListItem\",\"position\":2,\"name\":\"B\u00e9b\u00e9 &amp; Tout-petit\",\"item\":\"https:\/\/ses-creative.com\/fr\/product-categorie\/bebe-tout-petit\/\"},{\"@type\":\"ListItem\",\"position\":3,\"name\":\"Circuit de boules en bois &#8211; Crocodile\"}]},{\"@type\":\"WebSite\",\"@id\":\"https:\/\/ses-creative.com\/#website\",\"url\":\"https:\/\/ses-creative.com\/\",\"name\":\"SES Creative\",\"description\":\"\",\"publisher\":{\"@id\":\"https:\/\/ses-creative.com\/#organization\"},\"potentialAction\":[{\"@type\":\"SearchAction\",\"target\":{\"@type\":\"EntryPoint\",\"urlTemplate\":\"https:\/\/ses-creative.com\/?s={search_term_string}\"},\"query-input\":{\"@type\":\"PropertyValueSpecification\",\"valueRequired\":true,\"valueName\":\"search_term_string\"}}],\"inLanguage\":\"fr-FR\"},{\"@type\":\"Organization\",\"@id\":\"https:\/\/ses-creative.com\/#organization\",\"name\":\"SES Creative\",\"url\":\"https:\/\/ses-creative.com\/\",\"logo\":{\"@type\":\"ImageObject\",\"inLanguage\":\"fr-FR\",\"@id\":\"https:\/\/ses-creative.com\/#\/schema\/logo\/image\/\",\"url\":\"https:\/\/ses-creative.com\/wp-content\/uploads\/2025\/10\/ses-creative-logo.jpg\",\"contentUrl\":\"https:\/\/ses-creative.com\/wp-content\/uploads\/2025\/10\/ses-creative-logo.jpg\",\"width\":2037,\"height\":2037,\"caption\":\"SES Creative\"},\"image\":{\"@id\":\"https:\/\/ses-creative.com\/#\/schema\/logo\/image\/\"}}]}<\/script>\n<!-- \/ Yoast SEO plugin. -->","yoast_head_json":{"title":"Circuit de boules en bois - Crocodile - SES Creative","robots":{"index":"index","follow":"follow","max-snippet":"max-snippet:-1","max-image-preview":"max-image-preview:large","max-video-preview":"max-video-preview:-1"},"canonical":"https:\/\/ses-creative.com\/fr\/produit\/circuit-de-boules-en-bois-crocodile\/","og_locale":"fr_FR","og_type":"article","og_title":"Circuit de boules en bois - Crocodile - SES Creative","og_description":"Piste \u00e0 billes en bois Crocodile : un plaisir de jeu sans fin pour les tout-petits ! Placez l&rsquo;une des boules color\u00e9es en haut du toboggan et regardez-la rouler vers le bas. Les boules suivent le toboggan en passant devant diff\u00e9rents animaux joyeux et reviennent toujours en bas. Ce jeu simple mais captivant procure un [&hellip;]","og_url":"https:\/\/ses-creative.com\/fr\/produit\/circuit-de-boules-en-bois-crocodile\/","og_site_name":"SES Creative","article_modified_time":"2026-02-12T10:22:44+00:00","twitter_card":"summary_large_image","twitter_misc":{"Dur\u00e9e de lecture estim\u00e9e":"2 minutes"},"schema":{"@context":"https:\/\/schema.org","@graph":[{"@type":"WebPage","@id":"https:\/\/ses-creative.com\/fr\/produit\/circuit-de-boules-en-bois-crocodile\/","url":"https:\/\/ses-creative.com\/fr\/produit\/circuit-de-boules-en-bois-crocodile\/","name":"Circuit de boules en bois - Crocodile - SES Creative","isPartOf":{"@id":"https:\/\/ses-creative.com\/#website"},"primaryImageOfPage":{"@id":"https:\/\/ses-creative.com\/fr\/produit\/circuit-de-boules-en-bois-crocodile\/#primaryimage"},"image":{"@id":"https:\/\/ses-creative.com\/fr\/produit\/circuit-de-boules-en-bois-crocodile\/#primaryimage"},"thumbnailUrl":"https:\/\/ses-creative.com\/wp-content\/uploads\/2026\/01\/131441.jpg","datePublished":"2026-02-12T10:09:03+00:00","dateModified":"2026-02-12T10:22:44+00:00","breadcrumb":{"@id":"https:\/\/ses-creative.com\/fr\/produit\/circuit-de-boules-en-bois-crocodile\/#breadcrumb"},"inLanguage":"fr-FR","potentialAction":[{"@type":"ReadAction","target":["https:\/\/ses-creative.com\/fr\/produit\/circuit-de-boules-en-bois-crocodile\/"]}]},{"@type":"ImageObject","inLanguage":"fr-FR","@id":"https:\/\/ses-creative.com\/fr\/produit\/circuit-de-boules-en-bois-crocodile\/#primaryimage","url":"https:\/\/ses-creative.com\/wp-content\/uploads\/2026\/01\/131441.jpg","contentUrl":"https:\/\/ses-creative.com\/wp-content\/uploads\/2026\/01\/131441.jpg","width":1000,"height":1000},{"@type":"BreadcrumbList","@id":"https:\/\/ses-creative.com\/fr\/produit\/circuit-de-boules-en-bois-crocodile\/#breadcrumb","itemListElement":[{"@type":"ListItem","position":1,"name":"Boutique","item":"https:\/\/ses-creative.com\/fr\/boutique\/"},{"@type":"ListItem","position":2,"name":"B\u00e9b\u00e9 &amp; Tout-petit","item":"https:\/\/ses-creative.com\/fr\/product-categorie\/bebe-tout-petit\/"},{"@type":"ListItem","position":3,"name":"Circuit de boules en bois &#8211; Crocodile"}]},{"@type":"WebSite","@id":"https:\/\/ses-creative.com\/#website","url":"https:\/\/ses-creative.com\/","name":"SES Creative","description":"","publisher":{"@id":"https:\/\/ses-creative.com\/#organization"},"potentialAction":[{"@type":"SearchAction","target":{"@type":"EntryPoint","urlTemplate":"https:\/\/ses-creative.com\/?s={search_term_string}"},"query-input":{"@type":"PropertyValueSpecification","valueRequired":true,"valueName":"search_term_string"}}],"inLanguage":"fr-FR"},{"@type":"Organization","@id":"https:\/\/ses-creative.com\/#organization","name":"SES Creative","url":"https:\/\/ses-creative.com\/","logo":{"@type":"ImageObject","inLanguage":"fr-FR","@id":"https:\/\/ses-creative.com\/#\/schema\/logo\/image\/","url":"https:\/\/ses-creative.com\/wp-content\/uploads\/2025\/10\/ses-creative-logo.jpg","contentUrl":"https:\/\/ses-creative.com\/wp-content\/uploads\/2025\/10\/ses-creative-logo.jpg","width":2037,"height":2037,"caption":"SES Creative"},"image":{"@id":"https:\/\/ses-creative.com\/#\/schema\/logo\/image\/"}}]}},"_links":{"self":[{"href":"https:\/\/ses-creative.com\/fr\/wp-json\/wp\/v2\/product\/118218","targetHints":{"allow":["GET"]}}],"collection":[{"href":"https:\/\/ses-creative.com\/fr\/wp-json\/wp\/v2\/product"}],"about":[{"href":"https:\/\/ses-creative.com\/fr\/wp-json\/wp\/v2\/types\/product"}],"replies":[{"embeddable":true,"href":"https:\/\/ses-creative.com\/fr\/wp-json\/wp\/v2\/comments?post=118218"}],"wp:featuredmedia":[{"embeddable":true,"href":"https:\/\/ses-creative.com\/fr\/wp-json\/wp\/v2\/media\/94200"}],"wp:attachment":[{"href":"https:\/\/ses-creative.com\/fr\/wp-json\/wp\/v2\/media?parent=118218"}],"wp:term":[{"taxonomy":"product_brand","embeddable":true,"href":"https:\/\/ses-creative.com\/fr\/wp-json\/wp\/v2\/product_brand?post=118218"},{"taxonomy":"product_cat","embeddable":true,"href":"https:\/\/ses-creative.com\/fr\/wp-json\/wp\/v2\/product_cat?post=118218"},{"taxonomy":"product_tag","embeddable":true,"href":"https:\/\/ses-creative.com\/fr\/wp-json\/wp\/v2\/product_tag?post=118218"}],"curies":[{"name":"wp","href":"https:\/\/api.w.org\/{rel}","templated":true}]}}