











{"id":118217,"date":"2026-02-12T10:09:02","date_gmt":"2026-02-12T10:09:02","guid":{"rendered":"https:\/\/ses-creative.com\/?post_type=product&#038;p=118217"},"modified":"2026-02-12T10:22:44","modified_gmt":"2026-02-12T10:22:44","slug":"blocs-de-construction-en-bois","status":"publish","type":"product","link":"https:\/\/ses-creative.com\/fr\/produit\/blocs-de-construction-en-bois\/","title":{"rendered":"Blocs de construction en bois"},"content":{"rendered":"<p>Blocs de construction en bois : un plaisir de construction infini !<br \/>\nCe set de SES Creative contient 52 blocs de construction en bois aux couleurs magnifiques et modernes. Les enfants \u00e0 partir de 1 an peuvent s&rsquo;amuser \u00e0 empiler les blocs et \u00e0 construire des tours, des maisons et d&rsquo;autres structures. Ce jouet d\u00e9veloppe la perception spatiale et la motricit\u00e9 par le jeu. Les trois t\u00eates d&rsquo;animaux permettent d&#8217;empiler les animaux pour un plaisir de jeu infini. Une fois qu&rsquo;ils ont fini de jouer, les enfants peuvent facilement ranger les blocs dans le sac de rangement pratique.<br \/>\nCe qui rend ce set g\u00e9nial<br \/>\n&#8211;    Un plaisir de jeu sans fin avec des combinaisons illimit\u00e9es<br \/>\n&#8211;    Avec un sac de rangement pratique<br \/>\n&#8211;    Couleurs modernes et gaies, fabriqu\u00e9 en bois FSC de bonne qualit\u00e9<br \/>\n&#8211;    Stimule la cr\u00e9ativit\u00e9, la motricit\u00e9 fine et la perception spatiale<br \/>\n&#8211;    D\u00e9veloppe la compr\u00e9hension des relations de cause \u00e0 effet<br \/>\nPourquoi ce produit est-il parfait pour vous ?<br \/>\nAvec ce set, les enfants peuvent r\u00e9aliser leurs propres projets de construction. Les couleurs vives et la bonne qualit\u00e9 des blocs permettent de cr\u00e9er facilement des structures impressionnantes. Le processus de construction et d&#8217;empilage aide au d\u00e9veloppement des capacit\u00e9s motrices et stimule la cr\u00e9ativit\u00e9. Ce set est id\u00e9al pour que les enfants jouent avec leurs parents ou leurs amis. Il favorise non seulement la cr\u00e9ativit\u00e9, mais aussi la coop\u00e9ration et l&rsquo;interaction. Le sac de rangement pratique permet de ranger facilement les blocs et de les avoir toujours \u00e0 port\u00e9e de main.<br \/>\nContenu de l&#8217;emballage :<br \/>\n&#8211;    49 blocs empilables en bois de diff\u00e9rentes tailles<br \/>\n&#8211;    3 figurines d&rsquo;animaux en bois<br \/>\n&#8211;    Sac de rangement<br \/>\nPourquoi choisir SES Creative ?<br \/>\nChez SES Creative, nous accordons une grande importance \u00e0 la s\u00e9curit\u00e9. C&rsquo;est pourquoi nos produits sont fabriqu\u00e9s et test\u00e9s dans notre usine aux Pays-Bas, conform\u00e9ment aux normes de s\u00e9curit\u00e9 europ\u00e9ennes les plus strictes. Les jouets SES Creative sont source de plaisir et permettent aux enfants d&rsquo;\u00eatre fiers de leur travail, ce qui stimule leur cr\u00e9ativit\u00e9 et leur d\u00e9veloppement.<br \/>\nCommencez \u00e0 construire d\u00e8s aujourd&rsquo;hui<br \/>\nD\u00e9couvrez le plaisir de construire et cr\u00e9ez les plus belles structures avec le set de blocs de construction en bois SES Creative. Parfait pour des heures de plaisir cr\u00e9atif !<\/p>\n","protected":false},"excerpt":{"rendered":"<p>Blocs de construction en bois : un plaisir de construction infini ! Ce set de SES Creative contient 52 blocs de construction en bois aux couleurs magnifiques et modernes. Les enfants \u00e0 partir de 1 an peuvent s&rsquo;amuser \u00e0 empiler les blocs et \u00e0 construire des tours, des maisons et d&rsquo;autres structures. Ce jouet d\u00e9veloppe [&hellip;]<\/p>\n","protected":false},"featured_media":100908,"comment_status":"closed","ping_status":"closed","template":"","meta":{"_acf_changed":false},"product_brand":[],"product_cat":[123],"product_tag":[],"class_list":{"0":"post-118217","1":"product","2":"type-product","3":"status-publish","4":"has-post-thumbnail","6":"product_cat-bebe-tout-petit","7":"pa_leeftijd-filter-0-2-ans","8":"pa_meest-populair-bij-garcons-filles","10":"first","11":"instock","12":"shipping-taxable","13":"product-type-simple"},"acf":[],"yoast_head":"<!-- This site is optimized with the Yoast SEO plugin v27.2 - https:\/\/yoast.com\/product\/yoast-seo-wordpress\/ -->\n<title>Blocs de construction en bois - SES Creative<\/title>\n<meta name=\"robots\" content=\"index, follow, max-snippet:-1, max-image-preview:large, max-video-preview:-1\" \/>\n<link rel=\"canonical\" href=\"https:\/\/ses-creative.com\/fr\/produit\/blocs-de-construction-en-bois\/\" \/>\n<meta property=\"og:locale\" content=\"fr_FR\" \/>\n<meta property=\"og:type\" content=\"article\" \/>\n<meta property=\"og:title\" content=\"Blocs de construction en bois - SES Creative\" \/>\n<meta property=\"og:description\" content=\"Blocs de construction en bois : un plaisir de construction infini ! Ce set de SES Creative contient 52 blocs de construction en bois aux couleurs magnifiques et modernes. Les enfants \u00e0 partir de 1 an peuvent s&rsquo;amuser \u00e0 empiler les blocs et \u00e0 construire des tours, des maisons et d&rsquo;autres structures. Ce jouet d\u00e9veloppe [&hellip;]\" \/>\n<meta property=\"og:url\" content=\"https:\/\/ses-creative.com\/fr\/produit\/blocs-de-construction-en-bois\/\" \/>\n<meta property=\"og:site_name\" content=\"SES Creative\" \/>\n<meta property=\"article:modified_time\" content=\"2026-02-12T10:22:44+00:00\" \/>\n<meta name=\"twitter:card\" content=\"summary_large_image\" \/>\n<meta name=\"twitter:label1\" content=\"Dur\u00e9e de lecture estim\u00e9e\" \/>\n\t<meta name=\"twitter:data1\" content=\"2 minutes\" \/>\n<script type=\"application\/ld+json\" class=\"yoast-schema-graph\">{\"@context\":\"https:\/\/schema.org\",\"@graph\":[{\"@type\":\"WebPage\",\"@id\":\"https:\/\/ses-creative.com\/fr\/produit\/blocs-de-construction-en-bois\/\",\"url\":\"https:\/\/ses-creative.com\/fr\/produit\/blocs-de-construction-en-bois\/\",\"name\":\"Blocs de construction en bois - SES Creative\",\"isPartOf\":{\"@id\":\"https:\/\/ses-creative.com\/#website\"},\"primaryImageOfPage\":{\"@id\":\"https:\/\/ses-creative.com\/fr\/produit\/blocs-de-construction-en-bois\/#primaryimage\"},\"image\":{\"@id\":\"https:\/\/ses-creative.com\/fr\/produit\/blocs-de-construction-en-bois\/#primaryimage\"},\"thumbnailUrl\":\"https:\/\/ses-creative.com\/wp-content\/uploads\/2026\/01\/131431.jpg\",\"datePublished\":\"2026-02-12T10:09:02+00:00\",\"dateModified\":\"2026-02-12T10:22:44+00:00\",\"breadcrumb\":{\"@id\":\"https:\/\/ses-creative.com\/fr\/produit\/blocs-de-construction-en-bois\/#breadcrumb\"},\"inLanguage\":\"fr-FR\",\"potentialAction\":[{\"@type\":\"ReadAction\",\"target\":[\"https:\/\/ses-creative.com\/fr\/produit\/blocs-de-construction-en-bois\/\"]}]},{\"@type\":\"ImageObject\",\"inLanguage\":\"fr-FR\",\"@id\":\"https:\/\/ses-creative.com\/fr\/produit\/blocs-de-construction-en-bois\/#primaryimage\",\"url\":\"https:\/\/ses-creative.com\/wp-content\/uploads\/2026\/01\/131431.jpg\",\"contentUrl\":\"https:\/\/ses-creative.com\/wp-content\/uploads\/2026\/01\/131431.jpg\",\"width\":1000,\"height\":1000},{\"@type\":\"BreadcrumbList\",\"@id\":\"https:\/\/ses-creative.com\/fr\/produit\/blocs-de-construction-en-bois\/#breadcrumb\",\"itemListElement\":[{\"@type\":\"ListItem\",\"position\":1,\"name\":\"Boutique\",\"item\":\"https:\/\/ses-creative.com\/fr\/boutique\/\"},{\"@type\":\"ListItem\",\"position\":2,\"name\":\"B\u00e9b\u00e9 &amp; Tout-petit\",\"item\":\"https:\/\/ses-creative.com\/fr\/product-categorie\/bebe-tout-petit\/\"},{\"@type\":\"ListItem\",\"position\":3,\"name\":\"Blocs de construction en bois\"}]},{\"@type\":\"WebSite\",\"@id\":\"https:\/\/ses-creative.com\/#website\",\"url\":\"https:\/\/ses-creative.com\/\",\"name\":\"SES Creative\",\"description\":\"\",\"publisher\":{\"@id\":\"https:\/\/ses-creative.com\/#organization\"},\"potentialAction\":[{\"@type\":\"SearchAction\",\"target\":{\"@type\":\"EntryPoint\",\"urlTemplate\":\"https:\/\/ses-creative.com\/?s={search_term_string}\"},\"query-input\":{\"@type\":\"PropertyValueSpecification\",\"valueRequired\":true,\"valueName\":\"search_term_string\"}}],\"inLanguage\":\"fr-FR\"},{\"@type\":\"Organization\",\"@id\":\"https:\/\/ses-creative.com\/#organization\",\"name\":\"SES Creative\",\"url\":\"https:\/\/ses-creative.com\/\",\"logo\":{\"@type\":\"ImageObject\",\"inLanguage\":\"fr-FR\",\"@id\":\"https:\/\/ses-creative.com\/#\/schema\/logo\/image\/\",\"url\":\"https:\/\/ses-creative.com\/wp-content\/uploads\/2025\/10\/ses-creative-logo.jpg\",\"contentUrl\":\"https:\/\/ses-creative.com\/wp-content\/uploads\/2025\/10\/ses-creative-logo.jpg\",\"width\":2037,\"height\":2037,\"caption\":\"SES Creative\"},\"image\":{\"@id\":\"https:\/\/ses-creative.com\/#\/schema\/logo\/image\/\"}}]}<\/script>\n<!-- \/ Yoast SEO plugin. -->","yoast_head_json":{"title":"Blocs de construction en bois - SES Creative","robots":{"index":"index","follow":"follow","max-snippet":"max-snippet:-1","max-image-preview":"max-image-preview:large","max-video-preview":"max-video-preview:-1"},"canonical":"https:\/\/ses-creative.com\/fr\/produit\/blocs-de-construction-en-bois\/","og_locale":"fr_FR","og_type":"article","og_title":"Blocs de construction en bois - SES Creative","og_description":"Blocs de construction en bois : un plaisir de construction infini ! Ce set de SES Creative contient 52 blocs de construction en bois aux couleurs magnifiques et modernes. Les enfants \u00e0 partir de 1 an peuvent s&rsquo;amuser \u00e0 empiler les blocs et \u00e0 construire des tours, des maisons et d&rsquo;autres structures. Ce jouet d\u00e9veloppe [&hellip;]","og_url":"https:\/\/ses-creative.com\/fr\/produit\/blocs-de-construction-en-bois\/","og_site_name":"SES Creative","article_modified_time":"2026-02-12T10:22:44+00:00","twitter_card":"summary_large_image","twitter_misc":{"Dur\u00e9e de lecture estim\u00e9e":"2 minutes"},"schema":{"@context":"https:\/\/schema.org","@graph":[{"@type":"WebPage","@id":"https:\/\/ses-creative.com\/fr\/produit\/blocs-de-construction-en-bois\/","url":"https:\/\/ses-creative.com\/fr\/produit\/blocs-de-construction-en-bois\/","name":"Blocs de construction en bois - SES Creative","isPartOf":{"@id":"https:\/\/ses-creative.com\/#website"},"primaryImageOfPage":{"@id":"https:\/\/ses-creative.com\/fr\/produit\/blocs-de-construction-en-bois\/#primaryimage"},"image":{"@id":"https:\/\/ses-creative.com\/fr\/produit\/blocs-de-construction-en-bois\/#primaryimage"},"thumbnailUrl":"https:\/\/ses-creative.com\/wp-content\/uploads\/2026\/01\/131431.jpg","datePublished":"2026-02-12T10:09:02+00:00","dateModified":"2026-02-12T10:22:44+00:00","breadcrumb":{"@id":"https:\/\/ses-creative.com\/fr\/produit\/blocs-de-construction-en-bois\/#breadcrumb"},"inLanguage":"fr-FR","potentialAction":[{"@type":"ReadAction","target":["https:\/\/ses-creative.com\/fr\/produit\/blocs-de-construction-en-bois\/"]}]},{"@type":"ImageObject","inLanguage":"fr-FR","@id":"https:\/\/ses-creative.com\/fr\/produit\/blocs-de-construction-en-bois\/#primaryimage","url":"https:\/\/ses-creative.com\/wp-content\/uploads\/2026\/01\/131431.jpg","contentUrl":"https:\/\/ses-creative.com\/wp-content\/uploads\/2026\/01\/131431.jpg","width":1000,"height":1000},{"@type":"BreadcrumbList","@id":"https:\/\/ses-creative.com\/fr\/produit\/blocs-de-construction-en-bois\/#breadcrumb","itemListElement":[{"@type":"ListItem","position":1,"name":"Boutique","item":"https:\/\/ses-creative.com\/fr\/boutique\/"},{"@type":"ListItem","position":2,"name":"B\u00e9b\u00e9 &amp; Tout-petit","item":"https:\/\/ses-creative.com\/fr\/product-categorie\/bebe-tout-petit\/"},{"@type":"ListItem","position":3,"name":"Blocs de construction en bois"}]},{"@type":"WebSite","@id":"https:\/\/ses-creative.com\/#website","url":"https:\/\/ses-creative.com\/","name":"SES Creative","description":"","publisher":{"@id":"https:\/\/ses-creative.com\/#organization"},"potentialAction":[{"@type":"SearchAction","target":{"@type":"EntryPoint","urlTemplate":"https:\/\/ses-creative.com\/?s={search_term_string}"},"query-input":{"@type":"PropertyValueSpecification","valueRequired":true,"valueName":"search_term_string"}}],"inLanguage":"fr-FR"},{"@type":"Organization","@id":"https:\/\/ses-creative.com\/#organization","name":"SES Creative","url":"https:\/\/ses-creative.com\/","logo":{"@type":"ImageObject","inLanguage":"fr-FR","@id":"https:\/\/ses-creative.com\/#\/schema\/logo\/image\/","url":"https:\/\/ses-creative.com\/wp-content\/uploads\/2025\/10\/ses-creative-logo.jpg","contentUrl":"https:\/\/ses-creative.com\/wp-content\/uploads\/2025\/10\/ses-creative-logo.jpg","width":2037,"height":2037,"caption":"SES Creative"},"image":{"@id":"https:\/\/ses-creative.com\/#\/schema\/logo\/image\/"}}]}},"_links":{"self":[{"href":"https:\/\/ses-creative.com\/fr\/wp-json\/wp\/v2\/product\/118217","targetHints":{"allow":["GET"]}}],"collection":[{"href":"https:\/\/ses-creative.com\/fr\/wp-json\/wp\/v2\/product"}],"about":[{"href":"https:\/\/ses-creative.com\/fr\/wp-json\/wp\/v2\/types\/product"}],"replies":[{"embeddable":true,"href":"https:\/\/ses-creative.com\/fr\/wp-json\/wp\/v2\/comments?post=118217"}],"wp:featuredmedia":[{"embeddable":true,"href":"https:\/\/ses-creative.com\/fr\/wp-json\/wp\/v2\/media\/100908"}],"wp:attachment":[{"href":"https:\/\/ses-creative.com\/fr\/wp-json\/wp\/v2\/media?parent=118217"}],"wp:term":[{"taxonomy":"product_brand","embeddable":true,"href":"https:\/\/ses-creative.com\/fr\/wp-json\/wp\/v2\/product_brand?post=118217"},{"taxonomy":"product_cat","embeddable":true,"href":"https:\/\/ses-creative.com\/fr\/wp-json\/wp\/v2\/product_cat?post=118217"},{"taxonomy":"product_tag","embeddable":true,"href":"https:\/\/ses-creative.com\/fr\/wp-json\/wp\/v2\/product_tag?post=118217"}],"curies":[{"name":"wp","href":"https:\/\/api.w.org\/{rel}","templated":true}]}}