











{"id":118216,"date":"2026-02-12T10:09:02","date_gmt":"2026-02-12T10:09:02","guid":{"rendered":"https:\/\/ses-creative.com\/?post_type=product&#038;p=118216"},"modified":"2026-02-12T10:22:43","modified_gmt":"2026-02-12T10:22:43","slug":"tour-de-blocs-a-empiler-avec-figurines-danimaux","status":"publish","type":"product","link":"https:\/\/ses-creative.com\/fr\/produit\/tour-de-blocs-a-empiler-avec-figurines-danimaux\/","title":{"rendered":"Tour de blocs \u00e0 empiler avec figurines d&rsquo;animaux"},"content":{"rendered":"<p>Offrez \u00e0 votre enfant une exp\u00e9rience d&rsquo;\u00e9veil compl\u00e8te avec la Tour de Blocs \u00e0 Empiler avec Figurines d\u2019Animaux de SES Creative. Con\u00e7ue pour les b\u00e9b\u00e9s d\u00e8s 6 mois, cette tour color\u00e9e de 10 pi\u00e8ces offre une exp\u00e9rience tactile et visuelle captivante. Les blocs empilables et les figurines d&rsquo;animaux encouragent le d\u00e9veloppement de la motricit\u00e9 fine et de la coordination \u0153il-main. <\/p>\n<p>Le kit comprend sept blocs \u00e0 empiler ouverts orn\u00e9s de jolis dessins color\u00e9s et trois figurines en bois en forme d\u2019animaux. Les blocs peuvent \u00eatre empil\u00e9s de diff\u00e9rentes mani\u00e8res de fa\u00e7on \u00e0 ce que les animaux puissent traverser la tour. Chaque c\u00f4t\u00e9 de la tour forme une pile ou une rang\u00e9e avec un th\u00e8me diff\u00e9rent : un train, un arbre, une rue, une tour et plus encore. Les blocs s\u2019embo\u00eetent et se rangent de fa\u00e7on compacte pour gagner de la place. \u200b<\/p>\n<p>Les mat\u00e9riaux utilis\u00e9s sont de haute qualit\u00e9, durables et non toxiques, garantissant une utilisation en toute s\u00e9curit\u00e9. Ce jouet est conforme aux normes de s\u00e9curit\u00e9 europ\u00e9ennes, offrant ainsi une exp\u00e9rience de jeu s\u00fbre et enrichissante pour les tout-petits.<\/p>\n","protected":false},"excerpt":{"rendered":"<p>Offrez \u00e0 votre enfant une exp\u00e9rience d&rsquo;\u00e9veil compl\u00e8te avec la Tour de Blocs \u00e0 Empiler avec Figurines d\u2019Animaux de SES Creative. Con\u00e7ue pour les b\u00e9b\u00e9s d\u00e8s 6 mois, cette tour color\u00e9e de 10 pi\u00e8ces offre une exp\u00e9rience tactile et visuelle captivante. Les blocs empilables et les figurines d&rsquo;animaux encouragent le d\u00e9veloppement de la motricit\u00e9 fine [&hellip;]<\/p>\n","protected":false},"featured_media":100888,"comment_status":"closed","ping_status":"closed","template":"","meta":{"_acf_changed":false},"product_brand":[],"product_cat":[123],"product_tag":[],"class_list":{"0":"post-118216","1":"product","2":"type-product","3":"status-publish","4":"has-post-thumbnail","6":"product_cat-bebe-tout-petit","7":"pa_leeftijd-filter-0-2-ans","8":"pa_meest-populair-bij-garcons-filles","10":"first","11":"instock","12":"shipping-taxable","13":"product-type-simple"},"acf":[],"yoast_head":"<!-- This site is optimized with the Yoast SEO plugin v27.2 - https:\/\/yoast.com\/product\/yoast-seo-wordpress\/ -->\n<title>Tour de blocs \u00e0 empiler avec figurines d&#039;animaux - SES Creative<\/title>\n<meta name=\"robots\" content=\"index, follow, max-snippet:-1, max-image-preview:large, max-video-preview:-1\" \/>\n<link rel=\"canonical\" href=\"https:\/\/ses-creative.com\/fr\/produit\/tour-de-blocs-a-empiler-avec-figurines-danimaux\/\" \/>\n<meta property=\"og:locale\" content=\"fr_FR\" \/>\n<meta property=\"og:type\" content=\"article\" \/>\n<meta property=\"og:title\" content=\"Tour de blocs \u00e0 empiler avec figurines d&#039;animaux - SES Creative\" \/>\n<meta property=\"og:description\" content=\"Offrez \u00e0 votre enfant une exp\u00e9rience d&rsquo;\u00e9veil compl\u00e8te avec la Tour de Blocs \u00e0 Empiler avec Figurines d\u2019Animaux de SES Creative. Con\u00e7ue pour les b\u00e9b\u00e9s d\u00e8s 6 mois, cette tour color\u00e9e de 10 pi\u00e8ces offre une exp\u00e9rience tactile et visuelle captivante. Les blocs empilables et les figurines d&rsquo;animaux encouragent le d\u00e9veloppement de la motricit\u00e9 fine [&hellip;]\" \/>\n<meta property=\"og:url\" content=\"https:\/\/ses-creative.com\/fr\/produit\/tour-de-blocs-a-empiler-avec-figurines-danimaux\/\" \/>\n<meta property=\"og:site_name\" content=\"SES Creative\" \/>\n<meta property=\"article:modified_time\" content=\"2026-02-12T10:22:43+00:00\" \/>\n<meta name=\"twitter:card\" content=\"summary_large_image\" \/>\n<meta name=\"twitter:label1\" content=\"Dur\u00e9e de lecture estim\u00e9e\" \/>\n\t<meta name=\"twitter:data1\" content=\"1 minute\" \/>\n<script type=\"application\/ld+json\" class=\"yoast-schema-graph\">{\"@context\":\"https:\/\/schema.org\",\"@graph\":[{\"@type\":\"WebPage\",\"@id\":\"https:\/\/ses-creative.com\/fr\/produit\/tour-de-blocs-a-empiler-avec-figurines-danimaux\/\",\"url\":\"https:\/\/ses-creative.com\/fr\/produit\/tour-de-blocs-a-empiler-avec-figurines-danimaux\/\",\"name\":\"Tour de blocs \u00e0 empiler avec figurines d'animaux - SES Creative\",\"isPartOf\":{\"@id\":\"https:\/\/ses-creative.com\/#website\"},\"primaryImageOfPage\":{\"@id\":\"https:\/\/ses-creative.com\/fr\/produit\/tour-de-blocs-a-empiler-avec-figurines-danimaux\/#primaryimage\"},\"image\":{\"@id\":\"https:\/\/ses-creative.com\/fr\/produit\/tour-de-blocs-a-empiler-avec-figurines-danimaux\/#primaryimage\"},\"thumbnailUrl\":\"https:\/\/ses-creative.com\/wp-content\/uploads\/2026\/01\/131421.jpg\",\"datePublished\":\"2026-02-12T10:09:02+00:00\",\"dateModified\":\"2026-02-12T10:22:43+00:00\",\"breadcrumb\":{\"@id\":\"https:\/\/ses-creative.com\/fr\/produit\/tour-de-blocs-a-empiler-avec-figurines-danimaux\/#breadcrumb\"},\"inLanguage\":\"fr-FR\",\"potentialAction\":[{\"@type\":\"ReadAction\",\"target\":[\"https:\/\/ses-creative.com\/fr\/produit\/tour-de-blocs-a-empiler-avec-figurines-danimaux\/\"]}]},{\"@type\":\"ImageObject\",\"inLanguage\":\"fr-FR\",\"@id\":\"https:\/\/ses-creative.com\/fr\/produit\/tour-de-blocs-a-empiler-avec-figurines-danimaux\/#primaryimage\",\"url\":\"https:\/\/ses-creative.com\/wp-content\/uploads\/2026\/01\/131421.jpg\",\"contentUrl\":\"https:\/\/ses-creative.com\/wp-content\/uploads\/2026\/01\/131421.jpg\",\"width\":1000,\"height\":1000},{\"@type\":\"BreadcrumbList\",\"@id\":\"https:\/\/ses-creative.com\/fr\/produit\/tour-de-blocs-a-empiler-avec-figurines-danimaux\/#breadcrumb\",\"itemListElement\":[{\"@type\":\"ListItem\",\"position\":1,\"name\":\"Boutique\",\"item\":\"https:\/\/ses-creative.com\/fr\/boutique\/\"},{\"@type\":\"ListItem\",\"position\":2,\"name\":\"B\u00e9b\u00e9 &amp; Tout-petit\",\"item\":\"https:\/\/ses-creative.com\/fr\/product-categorie\/bebe-tout-petit\/\"},{\"@type\":\"ListItem\",\"position\":3,\"name\":\"Tour de blocs \u00e0 empiler avec figurines d&#8217;animaux\"}]},{\"@type\":\"WebSite\",\"@id\":\"https:\/\/ses-creative.com\/#website\",\"url\":\"https:\/\/ses-creative.com\/\",\"name\":\"SES Creative\",\"description\":\"\",\"publisher\":{\"@id\":\"https:\/\/ses-creative.com\/#organization\"},\"potentialAction\":[{\"@type\":\"SearchAction\",\"target\":{\"@type\":\"EntryPoint\",\"urlTemplate\":\"https:\/\/ses-creative.com\/?s={search_term_string}\"},\"query-input\":{\"@type\":\"PropertyValueSpecification\",\"valueRequired\":true,\"valueName\":\"search_term_string\"}}],\"inLanguage\":\"fr-FR\"},{\"@type\":\"Organization\",\"@id\":\"https:\/\/ses-creative.com\/#organization\",\"name\":\"SES Creative\",\"url\":\"https:\/\/ses-creative.com\/\",\"logo\":{\"@type\":\"ImageObject\",\"inLanguage\":\"fr-FR\",\"@id\":\"https:\/\/ses-creative.com\/#\/schema\/logo\/image\/\",\"url\":\"https:\/\/ses-creative.com\/wp-content\/uploads\/2025\/10\/ses-creative-logo.jpg\",\"contentUrl\":\"https:\/\/ses-creative.com\/wp-content\/uploads\/2025\/10\/ses-creative-logo.jpg\",\"width\":2037,\"height\":2037,\"caption\":\"SES Creative\"},\"image\":{\"@id\":\"https:\/\/ses-creative.com\/#\/schema\/logo\/image\/\"}}]}<\/script>\n<!-- \/ Yoast SEO plugin. -->","yoast_head_json":{"title":"Tour de blocs \u00e0 empiler avec figurines d'animaux - SES Creative","robots":{"index":"index","follow":"follow","max-snippet":"max-snippet:-1","max-image-preview":"max-image-preview:large","max-video-preview":"max-video-preview:-1"},"canonical":"https:\/\/ses-creative.com\/fr\/produit\/tour-de-blocs-a-empiler-avec-figurines-danimaux\/","og_locale":"fr_FR","og_type":"article","og_title":"Tour de blocs \u00e0 empiler avec figurines d'animaux - SES Creative","og_description":"Offrez \u00e0 votre enfant une exp\u00e9rience d&rsquo;\u00e9veil compl\u00e8te avec la Tour de Blocs \u00e0 Empiler avec Figurines d\u2019Animaux de SES Creative. Con\u00e7ue pour les b\u00e9b\u00e9s d\u00e8s 6 mois, cette tour color\u00e9e de 10 pi\u00e8ces offre une exp\u00e9rience tactile et visuelle captivante. Les blocs empilables et les figurines d&rsquo;animaux encouragent le d\u00e9veloppement de la motricit\u00e9 fine [&hellip;]","og_url":"https:\/\/ses-creative.com\/fr\/produit\/tour-de-blocs-a-empiler-avec-figurines-danimaux\/","og_site_name":"SES Creative","article_modified_time":"2026-02-12T10:22:43+00:00","twitter_card":"summary_large_image","twitter_misc":{"Dur\u00e9e de lecture estim\u00e9e":"1 minute"},"schema":{"@context":"https:\/\/schema.org","@graph":[{"@type":"WebPage","@id":"https:\/\/ses-creative.com\/fr\/produit\/tour-de-blocs-a-empiler-avec-figurines-danimaux\/","url":"https:\/\/ses-creative.com\/fr\/produit\/tour-de-blocs-a-empiler-avec-figurines-danimaux\/","name":"Tour de blocs \u00e0 empiler avec figurines d'animaux - SES Creative","isPartOf":{"@id":"https:\/\/ses-creative.com\/#website"},"primaryImageOfPage":{"@id":"https:\/\/ses-creative.com\/fr\/produit\/tour-de-blocs-a-empiler-avec-figurines-danimaux\/#primaryimage"},"image":{"@id":"https:\/\/ses-creative.com\/fr\/produit\/tour-de-blocs-a-empiler-avec-figurines-danimaux\/#primaryimage"},"thumbnailUrl":"https:\/\/ses-creative.com\/wp-content\/uploads\/2026\/01\/131421.jpg","datePublished":"2026-02-12T10:09:02+00:00","dateModified":"2026-02-12T10:22:43+00:00","breadcrumb":{"@id":"https:\/\/ses-creative.com\/fr\/produit\/tour-de-blocs-a-empiler-avec-figurines-danimaux\/#breadcrumb"},"inLanguage":"fr-FR","potentialAction":[{"@type":"ReadAction","target":["https:\/\/ses-creative.com\/fr\/produit\/tour-de-blocs-a-empiler-avec-figurines-danimaux\/"]}]},{"@type":"ImageObject","inLanguage":"fr-FR","@id":"https:\/\/ses-creative.com\/fr\/produit\/tour-de-blocs-a-empiler-avec-figurines-danimaux\/#primaryimage","url":"https:\/\/ses-creative.com\/wp-content\/uploads\/2026\/01\/131421.jpg","contentUrl":"https:\/\/ses-creative.com\/wp-content\/uploads\/2026\/01\/131421.jpg","width":1000,"height":1000},{"@type":"BreadcrumbList","@id":"https:\/\/ses-creative.com\/fr\/produit\/tour-de-blocs-a-empiler-avec-figurines-danimaux\/#breadcrumb","itemListElement":[{"@type":"ListItem","position":1,"name":"Boutique","item":"https:\/\/ses-creative.com\/fr\/boutique\/"},{"@type":"ListItem","position":2,"name":"B\u00e9b\u00e9 &amp; Tout-petit","item":"https:\/\/ses-creative.com\/fr\/product-categorie\/bebe-tout-petit\/"},{"@type":"ListItem","position":3,"name":"Tour de blocs \u00e0 empiler avec figurines d&#8217;animaux"}]},{"@type":"WebSite","@id":"https:\/\/ses-creative.com\/#website","url":"https:\/\/ses-creative.com\/","name":"SES Creative","description":"","publisher":{"@id":"https:\/\/ses-creative.com\/#organization"},"potentialAction":[{"@type":"SearchAction","target":{"@type":"EntryPoint","urlTemplate":"https:\/\/ses-creative.com\/?s={search_term_string}"},"query-input":{"@type":"PropertyValueSpecification","valueRequired":true,"valueName":"search_term_string"}}],"inLanguage":"fr-FR"},{"@type":"Organization","@id":"https:\/\/ses-creative.com\/#organization","name":"SES Creative","url":"https:\/\/ses-creative.com\/","logo":{"@type":"ImageObject","inLanguage":"fr-FR","@id":"https:\/\/ses-creative.com\/#\/schema\/logo\/image\/","url":"https:\/\/ses-creative.com\/wp-content\/uploads\/2025\/10\/ses-creative-logo.jpg","contentUrl":"https:\/\/ses-creative.com\/wp-content\/uploads\/2025\/10\/ses-creative-logo.jpg","width":2037,"height":2037,"caption":"SES Creative"},"image":{"@id":"https:\/\/ses-creative.com\/#\/schema\/logo\/image\/"}}]}},"_links":{"self":[{"href":"https:\/\/ses-creative.com\/fr\/wp-json\/wp\/v2\/product\/118216","targetHints":{"allow":["GET"]}}],"collection":[{"href":"https:\/\/ses-creative.com\/fr\/wp-json\/wp\/v2\/product"}],"about":[{"href":"https:\/\/ses-creative.com\/fr\/wp-json\/wp\/v2\/types\/product"}],"replies":[{"embeddable":true,"href":"https:\/\/ses-creative.com\/fr\/wp-json\/wp\/v2\/comments?post=118216"}],"wp:featuredmedia":[{"embeddable":true,"href":"https:\/\/ses-creative.com\/fr\/wp-json\/wp\/v2\/media\/100888"}],"wp:attachment":[{"href":"https:\/\/ses-creative.com\/fr\/wp-json\/wp\/v2\/media?parent=118216"}],"wp:term":[{"taxonomy":"product_brand","embeddable":true,"href":"https:\/\/ses-creative.com\/fr\/wp-json\/wp\/v2\/product_brand?post=118216"},{"taxonomy":"product_cat","embeddable":true,"href":"https:\/\/ses-creative.com\/fr\/wp-json\/wp\/v2\/product_cat?post=118216"},{"taxonomy":"product_tag","embeddable":true,"href":"https:\/\/ses-creative.com\/fr\/wp-json\/wp\/v2\/product_tag?post=118216"}],"curies":[{"name":"wp","href":"https:\/\/api.w.org\/{rel}","templated":true}]}}