











{"id":118215,"date":"2026-02-12T10:09:02","date_gmt":"2026-02-12T10:09:02","guid":{"rendered":"https:\/\/ses-creative.com\/?post_type=product&#038;p=118215"},"modified":"2026-02-12T10:22:43","modified_gmt":"2026-02-12T10:22:43","slug":"perles-a-lacer-en-bois-animaux","status":"publish","type":"product","link":"https:\/\/ses-creative.com\/fr\/produit\/perles-a-lacer-en-bois-animaux\/","title":{"rendered":"Perles \u00e0 lacer en bois &#8211; Animaux"},"content":{"rendered":"<p>Enfilage de perles en bois en forme d&rsquo;animaux : \u00e9ducatif et amusant pour les tout-petits !<br \/>\nAvec ce joyeux set d&rsquo;enfilage de SES Creative, les tout-petits apprennent \u00e0 enfiler des perles de mani\u00e8re simple et s\u00fbre ! Les grosses perles sont faciles \u00e0 saisir et les perles repr\u00e9sentant des animaux joyeux s&rsquo;enfilent facilement les unes apr\u00e8s les autres. Le cordon d&rsquo;enfilage est livr\u00e9 avec une perle en forme d&rsquo;animal fixe et une aiguille en bois, ce qui rend l&rsquo;enfilage tr\u00e8s facile.<br \/>\nCe qui rend ce kit g\u00e9nial<br \/>\n&#8211;    Jolies perles en bois avec des motifs d&rsquo;animaux<br \/>\n&#8211;    Une mani\u00e8re s\u00fbre d&rsquo;apprendre \u00e0 enfiler<br \/>\n&#8211;    Comme la perle d&rsquo;extr\u00e9mit\u00e9 est fix\u00e9e au cordon, les perles ne tombent pas du cordon pendant l&rsquo;enfilage<br \/>\n&#8211;    Les grosses perles sont faciles \u00e0 saisir et \u00e0 manipuler avec de petites mains<br \/>\n&#8211; Stimule les capacit\u00e9s motrices et encourage les enfants \u00e0 faire des combinaisons cr\u00e9atives<br \/>\nPourquoi ce produit est-il parfait pour vous ?<br \/>\nCe set est id\u00e9al pour permettre aux jeunes enfants de faire leurs premiers pas dans l&rsquo;enfilage de perles en toute s\u00e9curit\u00e9. L&rsquo;aiguille en bois solide permet aux petites mains de saisir et d&rsquo;enfiler facilement les perles. Cette activit\u00e9 aide \u00e0 d\u00e9velopper la coordination \u0153il-main et la motricit\u00e9 fine, tout en permettant aux enfants de s&rsquo;amuser avec les adorables figurines d&rsquo;animaux. Les mat\u00e9riaux sont s\u00fbrs et durables, ce qui en fait un produit id\u00e9al pour les parents qui souhaitent que leurs enfants jouent et apprennent en m\u00eame temps.<br \/>\nContenu du set<br \/>\n&#8211;    Fil \u00e0 enfiler avec aiguille en bois et perle en forme d&rsquo;animal fixe<br \/>\n&#8211;    5 perles en forme d&rsquo;animaux<br \/>\nPourquoi choisir SES Creative ?<br \/>\nChez SES Creative, nous accordons une grande importance \u00e0 la s\u00e9curit\u00e9. C&rsquo;est pourquoi nos produits sont fabriqu\u00e9s et test\u00e9s dans notre usine aux Pays-Bas, conform\u00e9ment aux normes de s\u00e9curit\u00e9 europ\u00e9ennes les plus strictes. Les jouets SES Creative sont source de plaisir et permettent aux enfants d&rsquo;\u00eatre fiers de leur travail, ce qui stimule leur cr\u00e9ativit\u00e9 et leur d\u00e9veloppement.<br \/>\nCommencez votre aventure d&rsquo;enfilage d\u00e8s aujourd&rsquo;hui<br \/>\nD\u00e9couvrez \u00e0 quel point il peut \u00eatre amusant et instructif d&rsquo;enfiler des perles avec les perles en bois en forme d&rsquo;animaux de SES Creative. Parfait pour les tout-petits qui souhaitent r\u00e9aliser leurs premi\u00e8res cr\u00e9ations !<\/p>\n","protected":false},"excerpt":{"rendered":"<p>Enfilage de perles en bois en forme d&rsquo;animaux : \u00e9ducatif et amusant pour les tout-petits ! Avec ce joyeux set d&rsquo;enfilage de SES Creative, les tout-petits apprennent \u00e0 enfiler des perles de mani\u00e8re simple et s\u00fbre ! Les grosses perles sont faciles \u00e0 saisir et les perles repr\u00e9sentant des animaux joyeux s&rsquo;enfilent facilement les unes [&hellip;]<\/p>\n","protected":false},"featured_media":100868,"comment_status":"closed","ping_status":"closed","template":"","meta":{"_acf_changed":false},"product_brand":[],"product_cat":[123],"product_tag":[],"class_list":{"0":"post-118215","1":"product","2":"type-product","3":"status-publish","4":"has-post-thumbnail","6":"product_cat-bebe-tout-petit","7":"pa_leeftijd-filter-0-2-ans","8":"pa_meest-populair-bij-garcons-filles","10":"first","11":"instock","12":"shipping-taxable","13":"product-type-simple"},"acf":[],"yoast_head":"<!-- This site is optimized with the Yoast SEO plugin v27.4 - https:\/\/yoast.com\/product\/yoast-seo-wordpress\/ -->\n<title>Perles \u00e0 lacer en bois - Animaux - SES Creative<\/title>\n<meta name=\"robots\" content=\"index, follow, max-snippet:-1, max-image-preview:large, max-video-preview:-1\" \/>\n<link rel=\"canonical\" href=\"https:\/\/ses-creative.com\/fr\/produit\/perles-a-lacer-en-bois-animaux\/\" \/>\n<meta property=\"og:locale\" content=\"fr_FR\" \/>\n<meta property=\"og:type\" content=\"article\" \/>\n<meta property=\"og:title\" content=\"Perles \u00e0 lacer en bois - Animaux - SES Creative\" \/>\n<meta property=\"og:description\" content=\"Enfilage de perles en bois en forme d&rsquo;animaux : \u00e9ducatif et amusant pour les tout-petits ! Avec ce joyeux set d&rsquo;enfilage de SES Creative, les tout-petits apprennent \u00e0 enfiler des perles de mani\u00e8re simple et s\u00fbre ! Les grosses perles sont faciles \u00e0 saisir et les perles repr\u00e9sentant des animaux joyeux s&rsquo;enfilent facilement les unes [&hellip;]\" \/>\n<meta property=\"og:url\" content=\"https:\/\/ses-creative.com\/fr\/produit\/perles-a-lacer-en-bois-animaux\/\" \/>\n<meta property=\"og:site_name\" content=\"SES Creative\" \/>\n<meta property=\"article:modified_time\" content=\"2026-02-12T10:22:43+00:00\" \/>\n<meta name=\"twitter:card\" content=\"summary_large_image\" \/>\n<meta name=\"twitter:label1\" content=\"Dur\u00e9e de lecture estim\u00e9e\" \/>\n\t<meta name=\"twitter:data1\" content=\"2 minutes\" \/>\n<script type=\"application\/ld+json\" class=\"yoast-schema-graph\">{\"@context\":\"https:\\\/\\\/schema.org\",\"@graph\":[{\"@type\":\"WebPage\",\"@id\":\"https:\\\/\\\/ses-creative.com\\\/fr\\\/produit\\\/perles-a-lacer-en-bois-animaux\\\/\",\"url\":\"https:\\\/\\\/ses-creative.com\\\/fr\\\/produit\\\/perles-a-lacer-en-bois-animaux\\\/\",\"name\":\"Perles \u00e0 lacer en bois - Animaux - SES Creative\",\"isPartOf\":{\"@id\":\"https:\\\/\\\/ses-creative.com\\\/#website\"},\"primaryImageOfPage\":{\"@id\":\"https:\\\/\\\/ses-creative.com\\\/fr\\\/produit\\\/perles-a-lacer-en-bois-animaux\\\/#primaryimage\"},\"image\":{\"@id\":\"https:\\\/\\\/ses-creative.com\\\/fr\\\/produit\\\/perles-a-lacer-en-bois-animaux\\\/#primaryimage\"},\"thumbnailUrl\":\"https:\\\/\\\/ses-creative.com\\\/wp-content\\\/uploads\\\/2026\\\/01\\\/131411.jpg\",\"datePublished\":\"2026-02-12T10:09:02+00:00\",\"dateModified\":\"2026-02-12T10:22:43+00:00\",\"breadcrumb\":{\"@id\":\"https:\\\/\\\/ses-creative.com\\\/fr\\\/produit\\\/perles-a-lacer-en-bois-animaux\\\/#breadcrumb\"},\"inLanguage\":\"fr-FR\",\"potentialAction\":[{\"@type\":\"ReadAction\",\"target\":[\"https:\\\/\\\/ses-creative.com\\\/fr\\\/produit\\\/perles-a-lacer-en-bois-animaux\\\/\"]}]},{\"@type\":\"ImageObject\",\"inLanguage\":\"fr-FR\",\"@id\":\"https:\\\/\\\/ses-creative.com\\\/fr\\\/produit\\\/perles-a-lacer-en-bois-animaux\\\/#primaryimage\",\"url\":\"https:\\\/\\\/ses-creative.com\\\/wp-content\\\/uploads\\\/2026\\\/01\\\/131411.jpg\",\"contentUrl\":\"https:\\\/\\\/ses-creative.com\\\/wp-content\\\/uploads\\\/2026\\\/01\\\/131411.jpg\",\"width\":1000,\"height\":1000},{\"@type\":\"BreadcrumbList\",\"@id\":\"https:\\\/\\\/ses-creative.com\\\/fr\\\/produit\\\/perles-a-lacer-en-bois-animaux\\\/#breadcrumb\",\"itemListElement\":[{\"@type\":\"ListItem\",\"position\":1,\"name\":\"Boutique\",\"item\":\"https:\\\/\\\/ses-creative.com\\\/fr\\\/boutique\\\/\"},{\"@type\":\"ListItem\",\"position\":2,\"name\":\"B\u00e9b\u00e9 &amp; Tout-petit\",\"item\":\"https:\\\/\\\/ses-creative.com\\\/fr\\\/product-categorie\\\/bebe-tout-petit\\\/\"},{\"@type\":\"ListItem\",\"position\":3,\"name\":\"Perles \u00e0 lacer en bois &#8211; Animaux\"}]},{\"@type\":\"WebSite\",\"@id\":\"https:\\\/\\\/ses-creative.com\\\/#website\",\"url\":\"https:\\\/\\\/ses-creative.com\\\/\",\"name\":\"SES Creative\",\"description\":\"\",\"publisher\":{\"@id\":\"https:\\\/\\\/ses-creative.com\\\/#organization\"},\"potentialAction\":[{\"@type\":\"SearchAction\",\"target\":{\"@type\":\"EntryPoint\",\"urlTemplate\":\"https:\\\/\\\/ses-creative.com\\\/?s={search_term_string}\"},\"query-input\":{\"@type\":\"PropertyValueSpecification\",\"valueRequired\":true,\"valueName\":\"search_term_string\"}}],\"inLanguage\":\"fr-FR\"},{\"@type\":\"Organization\",\"@id\":\"https:\\\/\\\/ses-creative.com\\\/#organization\",\"name\":\"SES Creative\",\"url\":\"https:\\\/\\\/ses-creative.com\\\/\",\"logo\":{\"@type\":\"ImageObject\",\"inLanguage\":\"fr-FR\",\"@id\":\"https:\\\/\\\/ses-creative.com\\\/#\\\/schema\\\/logo\\\/image\\\/\",\"url\":\"https:\\\/\\\/ses-creative.com\\\/wp-content\\\/uploads\\\/2025\\\/10\\\/ses-creative-logo.jpg\",\"contentUrl\":\"https:\\\/\\\/ses-creative.com\\\/wp-content\\\/uploads\\\/2025\\\/10\\\/ses-creative-logo.jpg\",\"width\":2037,\"height\":2037,\"caption\":\"SES Creative\"},\"image\":{\"@id\":\"https:\\\/\\\/ses-creative.com\\\/#\\\/schema\\\/logo\\\/image\\\/\"}}]}<\/script>\n<!-- \/ Yoast SEO plugin. -->","yoast_head_json":{"title":"Perles \u00e0 lacer en bois - Animaux - SES Creative","robots":{"index":"index","follow":"follow","max-snippet":"max-snippet:-1","max-image-preview":"max-image-preview:large","max-video-preview":"max-video-preview:-1"},"canonical":"https:\/\/ses-creative.com\/fr\/produit\/perles-a-lacer-en-bois-animaux\/","og_locale":"fr_FR","og_type":"article","og_title":"Perles \u00e0 lacer en bois - Animaux - SES Creative","og_description":"Enfilage de perles en bois en forme d&rsquo;animaux : \u00e9ducatif et amusant pour les tout-petits ! Avec ce joyeux set d&rsquo;enfilage de SES Creative, les tout-petits apprennent \u00e0 enfiler des perles de mani\u00e8re simple et s\u00fbre ! Les grosses perles sont faciles \u00e0 saisir et les perles repr\u00e9sentant des animaux joyeux s&rsquo;enfilent facilement les unes [&hellip;]","og_url":"https:\/\/ses-creative.com\/fr\/produit\/perles-a-lacer-en-bois-animaux\/","og_site_name":"SES Creative","article_modified_time":"2026-02-12T10:22:43+00:00","twitter_card":"summary_large_image","twitter_misc":{"Dur\u00e9e de lecture estim\u00e9e":"2 minutes"},"schema":{"@context":"https:\/\/schema.org","@graph":[{"@type":"WebPage","@id":"https:\/\/ses-creative.com\/fr\/produit\/perles-a-lacer-en-bois-animaux\/","url":"https:\/\/ses-creative.com\/fr\/produit\/perles-a-lacer-en-bois-animaux\/","name":"Perles \u00e0 lacer en bois - Animaux - SES Creative","isPartOf":{"@id":"https:\/\/ses-creative.com\/#website"},"primaryImageOfPage":{"@id":"https:\/\/ses-creative.com\/fr\/produit\/perles-a-lacer-en-bois-animaux\/#primaryimage"},"image":{"@id":"https:\/\/ses-creative.com\/fr\/produit\/perles-a-lacer-en-bois-animaux\/#primaryimage"},"thumbnailUrl":"https:\/\/ses-creative.com\/wp-content\/uploads\/2026\/01\/131411.jpg","datePublished":"2026-02-12T10:09:02+00:00","dateModified":"2026-02-12T10:22:43+00:00","breadcrumb":{"@id":"https:\/\/ses-creative.com\/fr\/produit\/perles-a-lacer-en-bois-animaux\/#breadcrumb"},"inLanguage":"fr-FR","potentialAction":[{"@type":"ReadAction","target":["https:\/\/ses-creative.com\/fr\/produit\/perles-a-lacer-en-bois-animaux\/"]}]},{"@type":"ImageObject","inLanguage":"fr-FR","@id":"https:\/\/ses-creative.com\/fr\/produit\/perles-a-lacer-en-bois-animaux\/#primaryimage","url":"https:\/\/ses-creative.com\/wp-content\/uploads\/2026\/01\/131411.jpg","contentUrl":"https:\/\/ses-creative.com\/wp-content\/uploads\/2026\/01\/131411.jpg","width":1000,"height":1000},{"@type":"BreadcrumbList","@id":"https:\/\/ses-creative.com\/fr\/produit\/perles-a-lacer-en-bois-animaux\/#breadcrumb","itemListElement":[{"@type":"ListItem","position":1,"name":"Boutique","item":"https:\/\/ses-creative.com\/fr\/boutique\/"},{"@type":"ListItem","position":2,"name":"B\u00e9b\u00e9 &amp; Tout-petit","item":"https:\/\/ses-creative.com\/fr\/product-categorie\/bebe-tout-petit\/"},{"@type":"ListItem","position":3,"name":"Perles \u00e0 lacer en bois &#8211; Animaux"}]},{"@type":"WebSite","@id":"https:\/\/ses-creative.com\/#website","url":"https:\/\/ses-creative.com\/","name":"SES Creative","description":"","publisher":{"@id":"https:\/\/ses-creative.com\/#organization"},"potentialAction":[{"@type":"SearchAction","target":{"@type":"EntryPoint","urlTemplate":"https:\/\/ses-creative.com\/?s={search_term_string}"},"query-input":{"@type":"PropertyValueSpecification","valueRequired":true,"valueName":"search_term_string"}}],"inLanguage":"fr-FR"},{"@type":"Organization","@id":"https:\/\/ses-creative.com\/#organization","name":"SES Creative","url":"https:\/\/ses-creative.com\/","logo":{"@type":"ImageObject","inLanguage":"fr-FR","@id":"https:\/\/ses-creative.com\/#\/schema\/logo\/image\/","url":"https:\/\/ses-creative.com\/wp-content\/uploads\/2025\/10\/ses-creative-logo.jpg","contentUrl":"https:\/\/ses-creative.com\/wp-content\/uploads\/2025\/10\/ses-creative-logo.jpg","width":2037,"height":2037,"caption":"SES Creative"},"image":{"@id":"https:\/\/ses-creative.com\/#\/schema\/logo\/image\/"}}]}},"_links":{"self":[{"href":"https:\/\/ses-creative.com\/fr\/wp-json\/wp\/v2\/product\/118215","targetHints":{"allow":["GET"]}}],"collection":[{"href":"https:\/\/ses-creative.com\/fr\/wp-json\/wp\/v2\/product"}],"about":[{"href":"https:\/\/ses-creative.com\/fr\/wp-json\/wp\/v2\/types\/product"}],"replies":[{"embeddable":true,"href":"https:\/\/ses-creative.com\/fr\/wp-json\/wp\/v2\/comments?post=118215"}],"wp:featuredmedia":[{"embeddable":true,"href":"https:\/\/ses-creative.com\/fr\/wp-json\/wp\/v2\/media\/100868"}],"wp:attachment":[{"href":"https:\/\/ses-creative.com\/fr\/wp-json\/wp\/v2\/media?parent=118215"}],"wp:term":[{"taxonomy":"product_brand","embeddable":true,"href":"https:\/\/ses-creative.com\/fr\/wp-json\/wp\/v2\/product_brand?post=118215"},{"taxonomy":"product_cat","embeddable":true,"href":"https:\/\/ses-creative.com\/fr\/wp-json\/wp\/v2\/product_cat?post=118215"},{"taxonomy":"product_tag","embeddable":true,"href":"https:\/\/ses-creative.com\/fr\/wp-json\/wp\/v2\/product_tag?post=118215"}],"curies":[{"name":"wp","href":"https:\/\/api.w.org\/{rel}","templated":true}]}}