











{"id":118214,"date":"2026-02-12T10:09:02","date_gmt":"2026-02-12T10:09:02","guid":{"rendered":"https:\/\/ses-creative.com\/?post_type=product&#038;p=118214"},"modified":"2026-02-12T10:22:43","modified_gmt":"2026-02-12T10:22:43","slug":"licorne-en-bois-2-en-1-a-pousser-et-a-tirer","status":"publish","type":"product","link":"https:\/\/ses-creative.com\/fr\/produit\/licorne-en-bois-2-en-1-a-pousser-et-a-tirer\/","title":{"rendered":"Licorne en bois 2 en 1 &#8211; A pousser et \u00e0 tirer"},"content":{"rendered":"<p>Partez \u00e0 l&rsquo;aventure avec la licorne magique en bois !<br \/>\nCette magnifique licorne rose n&rsquo;est pas un simple jouet, c&rsquo;est un animal \u00e0 tirer magique que vous pouvez emmener partout avec vous ! Avec ses roues robustes et sa conception en bois solide, cette licorne est parfaite pour les petits aventuriers. Tirez la licorne ou utilisez-la comme animal \u00e0 pousser pendant que votre tout-petit se d\u00e9veloppe et s&rsquo;amuse.<br \/>\nCe qui rend cet ensemble formidable<br \/>\n&#8211;    Fabriqu\u00e9 en bois v\u00e9ritable pour plus de durabilit\u00e9<br \/>\n&#8211;    Tirez facilement la licorne \u00e0 l&rsquo;aide de la corde<br \/>\n&#8211;    Roues solides pour une conduite fluide<br \/>\n&#8211;    Stimule les capacit\u00e9s motrices et l&rsquo;\u00e9quilibre<br \/>\n&#8211;    Parfait pour les enfants \u00e0 partir de 18 mois<br \/>\nPourquoi ce produit est-il parfait pour vous ?<br \/>\nCet ensemble est id\u00e9al pour les parents qui souhaitent que leurs enfants profitent d&rsquo;un jeu actif et cr\u00e9atif. Il offre un moyen s\u00fbr et durable d&rsquo;apprendre et de grandir. Avec cette licorne en bois, votre tout-petit peut d\u00e9couvrir le monde tout en d\u00e9veloppant ses capacit\u00e9s motrices. La conception 2 en 1 permet de tirer ou de pousser la licorne, pour un plaisir de jeu sans fin. Un jouet magnifique et durable qui plaira \u00e0 coup s\u00fbr.<br \/>\nContenu du set<br \/>\n&#8211;    Licorne en bois \u00e0 tirer et \u00e0 pousser<br \/>\nPourquoi choisir SES Creative ?<br \/>\nChez SES Creative, nous accordons une grande importance \u00e0 la s\u00e9curit\u00e9. C&rsquo;est pourquoi nos produits sont fabriqu\u00e9s et test\u00e9s dans notre usine aux Pays-Bas, conform\u00e9ment aux normes de s\u00e9curit\u00e9 europ\u00e9ennes les plus strictes. Les jouets SES Creative sont source de plaisir et permettent aux enfants d&rsquo;\u00eatre fiers de leur travail, ce qui stimule leur cr\u00e9ativit\u00e9 et leur d\u00e9veloppement.<br \/>\nCommencez l&rsquo;aventure d\u00e8s aujourd&rsquo;hui<br \/>\nD\u00e9couvrez le plaisir de jouer avec cette licorne magique en bois et emportez-la partout avec vous. Parfaite pour des heures de plaisir !<\/p>\n","protected":false},"excerpt":{"rendered":"<p>Partez \u00e0 l&rsquo;aventure avec la licorne magique en bois ! Cette magnifique licorne rose n&rsquo;est pas un simple jouet, c&rsquo;est un animal \u00e0 tirer magique que vous pouvez emmener partout avec vous ! Avec ses roues robustes et sa conception en bois solide, cette licorne est parfaite pour les petits aventuriers. Tirez la licorne ou [&hellip;]<\/p>\n","protected":false},"featured_media":100848,"comment_status":"closed","ping_status":"closed","template":"","meta":{"_acf_changed":false},"product_brand":[],"product_cat":[123],"product_tag":[],"class_list":{"0":"post-118214","1":"product","2":"type-product","3":"status-publish","4":"has-post-thumbnail","6":"product_cat-bebe-tout-petit","7":"pa_leeftijd-filter-0-2-ans","8":"pa_meest-populair-bij-garcons-filles","10":"first","11":"instock","12":"shipping-taxable","13":"product-type-simple"},"acf":[],"yoast_head":"<!-- This site is optimized with the Yoast SEO plugin v27.2 - https:\/\/yoast.com\/product\/yoast-seo-wordpress\/ -->\n<title>Licorne en bois 2 en 1 - A pousser et \u00e0 tirer - SES Creative<\/title>\n<meta name=\"robots\" content=\"index, follow, max-snippet:-1, max-image-preview:large, max-video-preview:-1\" \/>\n<link rel=\"canonical\" href=\"https:\/\/ses-creative.com\/fr\/produit\/licorne-en-bois-2-en-1-a-pousser-et-a-tirer\/\" \/>\n<meta property=\"og:locale\" content=\"fr_FR\" \/>\n<meta property=\"og:type\" content=\"article\" \/>\n<meta property=\"og:title\" content=\"Licorne en bois 2 en 1 - A pousser et \u00e0 tirer - SES Creative\" \/>\n<meta property=\"og:description\" content=\"Partez \u00e0 l&rsquo;aventure avec la licorne magique en bois ! Cette magnifique licorne rose n&rsquo;est pas un simple jouet, c&rsquo;est un animal \u00e0 tirer magique que vous pouvez emmener partout avec vous ! Avec ses roues robustes et sa conception en bois solide, cette licorne est parfaite pour les petits aventuriers. Tirez la licorne ou [&hellip;]\" \/>\n<meta property=\"og:url\" content=\"https:\/\/ses-creative.com\/fr\/produit\/licorne-en-bois-2-en-1-a-pousser-et-a-tirer\/\" \/>\n<meta property=\"og:site_name\" content=\"SES Creative\" \/>\n<meta property=\"article:modified_time\" content=\"2026-02-12T10:22:43+00:00\" \/>\n<meta name=\"twitter:card\" content=\"summary_large_image\" \/>\n<meta name=\"twitter:label1\" content=\"Dur\u00e9e de lecture estim\u00e9e\" \/>\n\t<meta name=\"twitter:data1\" content=\"2 minutes\" \/>\n<script type=\"application\/ld+json\" class=\"yoast-schema-graph\">{\"@context\":\"https:\/\/schema.org\",\"@graph\":[{\"@type\":\"WebPage\",\"@id\":\"https:\/\/ses-creative.com\/fr\/produit\/licorne-en-bois-2-en-1-a-pousser-et-a-tirer\/\",\"url\":\"https:\/\/ses-creative.com\/fr\/produit\/licorne-en-bois-2-en-1-a-pousser-et-a-tirer\/\",\"name\":\"Licorne en bois 2 en 1 - A pousser et \u00e0 tirer - SES Creative\",\"isPartOf\":{\"@id\":\"https:\/\/ses-creative.com\/#website\"},\"primaryImageOfPage\":{\"@id\":\"https:\/\/ses-creative.com\/fr\/produit\/licorne-en-bois-2-en-1-a-pousser-et-a-tirer\/#primaryimage\"},\"image\":{\"@id\":\"https:\/\/ses-creative.com\/fr\/produit\/licorne-en-bois-2-en-1-a-pousser-et-a-tirer\/#primaryimage\"},\"thumbnailUrl\":\"https:\/\/ses-creative.com\/wp-content\/uploads\/2026\/01\/131371.jpg\",\"datePublished\":\"2026-02-12T10:09:02+00:00\",\"dateModified\":\"2026-02-12T10:22:43+00:00\",\"breadcrumb\":{\"@id\":\"https:\/\/ses-creative.com\/fr\/produit\/licorne-en-bois-2-en-1-a-pousser-et-a-tirer\/#breadcrumb\"},\"inLanguage\":\"fr-FR\",\"potentialAction\":[{\"@type\":\"ReadAction\",\"target\":[\"https:\/\/ses-creative.com\/fr\/produit\/licorne-en-bois-2-en-1-a-pousser-et-a-tirer\/\"]}]},{\"@type\":\"ImageObject\",\"inLanguage\":\"fr-FR\",\"@id\":\"https:\/\/ses-creative.com\/fr\/produit\/licorne-en-bois-2-en-1-a-pousser-et-a-tirer\/#primaryimage\",\"url\":\"https:\/\/ses-creative.com\/wp-content\/uploads\/2026\/01\/131371.jpg\",\"contentUrl\":\"https:\/\/ses-creative.com\/wp-content\/uploads\/2026\/01\/131371.jpg\",\"width\":1000,\"height\":1000},{\"@type\":\"BreadcrumbList\",\"@id\":\"https:\/\/ses-creative.com\/fr\/produit\/licorne-en-bois-2-en-1-a-pousser-et-a-tirer\/#breadcrumb\",\"itemListElement\":[{\"@type\":\"ListItem\",\"position\":1,\"name\":\"Boutique\",\"item\":\"https:\/\/ses-creative.com\/fr\/boutique\/\"},{\"@type\":\"ListItem\",\"position\":2,\"name\":\"B\u00e9b\u00e9 &amp; Tout-petit\",\"item\":\"https:\/\/ses-creative.com\/fr\/product-categorie\/bebe-tout-petit\/\"},{\"@type\":\"ListItem\",\"position\":3,\"name\":\"Licorne en bois 2 en 1 &#8211; A pousser et \u00e0 tirer\"}]},{\"@type\":\"WebSite\",\"@id\":\"https:\/\/ses-creative.com\/#website\",\"url\":\"https:\/\/ses-creative.com\/\",\"name\":\"SES Creative\",\"description\":\"\",\"publisher\":{\"@id\":\"https:\/\/ses-creative.com\/#organization\"},\"potentialAction\":[{\"@type\":\"SearchAction\",\"target\":{\"@type\":\"EntryPoint\",\"urlTemplate\":\"https:\/\/ses-creative.com\/?s={search_term_string}\"},\"query-input\":{\"@type\":\"PropertyValueSpecification\",\"valueRequired\":true,\"valueName\":\"search_term_string\"}}],\"inLanguage\":\"fr-FR\"},{\"@type\":\"Organization\",\"@id\":\"https:\/\/ses-creative.com\/#organization\",\"name\":\"SES Creative\",\"url\":\"https:\/\/ses-creative.com\/\",\"logo\":{\"@type\":\"ImageObject\",\"inLanguage\":\"fr-FR\",\"@id\":\"https:\/\/ses-creative.com\/#\/schema\/logo\/image\/\",\"url\":\"https:\/\/ses-creative.com\/wp-content\/uploads\/2025\/10\/ses-creative-logo.jpg\",\"contentUrl\":\"https:\/\/ses-creative.com\/wp-content\/uploads\/2025\/10\/ses-creative-logo.jpg\",\"width\":2037,\"height\":2037,\"caption\":\"SES Creative\"},\"image\":{\"@id\":\"https:\/\/ses-creative.com\/#\/schema\/logo\/image\/\"}}]}<\/script>\n<!-- \/ Yoast SEO plugin. -->","yoast_head_json":{"title":"Licorne en bois 2 en 1 - A pousser et \u00e0 tirer - SES Creative","robots":{"index":"index","follow":"follow","max-snippet":"max-snippet:-1","max-image-preview":"max-image-preview:large","max-video-preview":"max-video-preview:-1"},"canonical":"https:\/\/ses-creative.com\/fr\/produit\/licorne-en-bois-2-en-1-a-pousser-et-a-tirer\/","og_locale":"fr_FR","og_type":"article","og_title":"Licorne en bois 2 en 1 - A pousser et \u00e0 tirer - SES Creative","og_description":"Partez \u00e0 l&rsquo;aventure avec la licorne magique en bois ! Cette magnifique licorne rose n&rsquo;est pas un simple jouet, c&rsquo;est un animal \u00e0 tirer magique que vous pouvez emmener partout avec vous ! Avec ses roues robustes et sa conception en bois solide, cette licorne est parfaite pour les petits aventuriers. Tirez la licorne ou [&hellip;]","og_url":"https:\/\/ses-creative.com\/fr\/produit\/licorne-en-bois-2-en-1-a-pousser-et-a-tirer\/","og_site_name":"SES Creative","article_modified_time":"2026-02-12T10:22:43+00:00","twitter_card":"summary_large_image","twitter_misc":{"Dur\u00e9e de lecture estim\u00e9e":"2 minutes"},"schema":{"@context":"https:\/\/schema.org","@graph":[{"@type":"WebPage","@id":"https:\/\/ses-creative.com\/fr\/produit\/licorne-en-bois-2-en-1-a-pousser-et-a-tirer\/","url":"https:\/\/ses-creative.com\/fr\/produit\/licorne-en-bois-2-en-1-a-pousser-et-a-tirer\/","name":"Licorne en bois 2 en 1 - A pousser et \u00e0 tirer - SES Creative","isPartOf":{"@id":"https:\/\/ses-creative.com\/#website"},"primaryImageOfPage":{"@id":"https:\/\/ses-creative.com\/fr\/produit\/licorne-en-bois-2-en-1-a-pousser-et-a-tirer\/#primaryimage"},"image":{"@id":"https:\/\/ses-creative.com\/fr\/produit\/licorne-en-bois-2-en-1-a-pousser-et-a-tirer\/#primaryimage"},"thumbnailUrl":"https:\/\/ses-creative.com\/wp-content\/uploads\/2026\/01\/131371.jpg","datePublished":"2026-02-12T10:09:02+00:00","dateModified":"2026-02-12T10:22:43+00:00","breadcrumb":{"@id":"https:\/\/ses-creative.com\/fr\/produit\/licorne-en-bois-2-en-1-a-pousser-et-a-tirer\/#breadcrumb"},"inLanguage":"fr-FR","potentialAction":[{"@type":"ReadAction","target":["https:\/\/ses-creative.com\/fr\/produit\/licorne-en-bois-2-en-1-a-pousser-et-a-tirer\/"]}]},{"@type":"ImageObject","inLanguage":"fr-FR","@id":"https:\/\/ses-creative.com\/fr\/produit\/licorne-en-bois-2-en-1-a-pousser-et-a-tirer\/#primaryimage","url":"https:\/\/ses-creative.com\/wp-content\/uploads\/2026\/01\/131371.jpg","contentUrl":"https:\/\/ses-creative.com\/wp-content\/uploads\/2026\/01\/131371.jpg","width":1000,"height":1000},{"@type":"BreadcrumbList","@id":"https:\/\/ses-creative.com\/fr\/produit\/licorne-en-bois-2-en-1-a-pousser-et-a-tirer\/#breadcrumb","itemListElement":[{"@type":"ListItem","position":1,"name":"Boutique","item":"https:\/\/ses-creative.com\/fr\/boutique\/"},{"@type":"ListItem","position":2,"name":"B\u00e9b\u00e9 &amp; Tout-petit","item":"https:\/\/ses-creative.com\/fr\/product-categorie\/bebe-tout-petit\/"},{"@type":"ListItem","position":3,"name":"Licorne en bois 2 en 1 &#8211; A pousser et \u00e0 tirer"}]},{"@type":"WebSite","@id":"https:\/\/ses-creative.com\/#website","url":"https:\/\/ses-creative.com\/","name":"SES Creative","description":"","publisher":{"@id":"https:\/\/ses-creative.com\/#organization"},"potentialAction":[{"@type":"SearchAction","target":{"@type":"EntryPoint","urlTemplate":"https:\/\/ses-creative.com\/?s={search_term_string}"},"query-input":{"@type":"PropertyValueSpecification","valueRequired":true,"valueName":"search_term_string"}}],"inLanguage":"fr-FR"},{"@type":"Organization","@id":"https:\/\/ses-creative.com\/#organization","name":"SES Creative","url":"https:\/\/ses-creative.com\/","logo":{"@type":"ImageObject","inLanguage":"fr-FR","@id":"https:\/\/ses-creative.com\/#\/schema\/logo\/image\/","url":"https:\/\/ses-creative.com\/wp-content\/uploads\/2025\/10\/ses-creative-logo.jpg","contentUrl":"https:\/\/ses-creative.com\/wp-content\/uploads\/2025\/10\/ses-creative-logo.jpg","width":2037,"height":2037,"caption":"SES Creative"},"image":{"@id":"https:\/\/ses-creative.com\/#\/schema\/logo\/image\/"}}]}},"_links":{"self":[{"href":"https:\/\/ses-creative.com\/fr\/wp-json\/wp\/v2\/product\/118214","targetHints":{"allow":["GET"]}}],"collection":[{"href":"https:\/\/ses-creative.com\/fr\/wp-json\/wp\/v2\/product"}],"about":[{"href":"https:\/\/ses-creative.com\/fr\/wp-json\/wp\/v2\/types\/product"}],"replies":[{"embeddable":true,"href":"https:\/\/ses-creative.com\/fr\/wp-json\/wp\/v2\/comments?post=118214"}],"wp:featuredmedia":[{"embeddable":true,"href":"https:\/\/ses-creative.com\/fr\/wp-json\/wp\/v2\/media\/100848"}],"wp:attachment":[{"href":"https:\/\/ses-creative.com\/fr\/wp-json\/wp\/v2\/media?parent=118214"}],"wp:term":[{"taxonomy":"product_brand","embeddable":true,"href":"https:\/\/ses-creative.com\/fr\/wp-json\/wp\/v2\/product_brand?post=118214"},{"taxonomy":"product_cat","embeddable":true,"href":"https:\/\/ses-creative.com\/fr\/wp-json\/wp\/v2\/product_cat?post=118214"},{"taxonomy":"product_tag","embeddable":true,"href":"https:\/\/ses-creative.com\/fr\/wp-json\/wp\/v2\/product_tag?post=118214"}],"curies":[{"name":"wp","href":"https:\/\/api.w.org\/{rel}","templated":true}]}}