











{"id":118213,"date":"2026-02-12T10:09:01","date_gmt":"2026-02-12T10:09:01","guid":{"rendered":"https:\/\/ses-creative.com\/?post_type=product&#038;p=118213"},"modified":"2026-02-12T10:22:43","modified_gmt":"2026-02-12T10:22:43","slug":"donkey-peluche-cache-cache","status":"publish","type":"product","link":"https:\/\/ses-creative.com\/fr\/produit\/donkey-peluche-cache-cache\/","title":{"rendered":"Donkey &#8211; Peluche cache-cache"},"content":{"rendered":"<p>Jouez \u00e0 cache-cache avec votre nouveau meilleur ami en peluche !<br \/>\nD\u00e9couvrez \u00ab Donkey &#8211; Peluche coucou \u00bb, cette peluche \u00e2ne n&rsquo;est pas une peluche comme les autres : elle prend vie lorsque vous appuyez sur son pied ! Ses oreilles battent de haut en bas pendant qu&rsquo;il joue \u00e0 coucou, ce qui provoque beaucoup de rires et de plaisir. Cette adorable peluche revisite le jeu classique du coucou. Parfaite pour les jeunes enfants qui aiment les peluches douces et les jeux interactifs.<br \/>\nCe qui rend cet ensemble g\u00e9nial<br \/>\n&#8211;    Fonctionne par pression, donc sans piles<br \/>\n&#8211;    Tissu ultra-doux, parfait pour les c\u00e2lins et les jeux<br \/>\n&#8211;    Stimule le jeu interactif et le d\u00e9veloppement sensoriel<br \/>\n&#8211;    Convient aux enfants \u00e0 partir de 10 mois<br \/>\n&#8211;    Id\u00e9e cadeau sympa pour les jeunes enfants<br \/>\nPourquoi ce produit est-il parfait pour vous ?<br \/>\nL&rsquo;\u00e2ne remue les oreilles lorsque vous appuyez sur son pied. Cette fonction simple mais astucieuse rend le jeu du coucou encore plus amusant et stimule l&rsquo;interaction entre le parent et l&rsquo;enfant. La peluche est fabriqu\u00e9e dans un tissu ultra-doux, parfait pour les c\u00e2lins. De plus, l&rsquo;\u00e2ne fonctionne sans piles, ce qui signifie que le plaisir ne s&rsquo;arr\u00eate jamais. Cela rend la peluche non seulement amusante, mais aussi \u00e9cologique et durable.<br \/>\nContenu du set<br \/>\n&#8211;    Peluche \u00e2ne avec oreilles qui bougent<br \/>\nPourquoi choisir SES Creative ?<br \/>\nChez SES Creative, nous accordons une grande importance \u00e0 la s\u00e9curit\u00e9. C&rsquo;est pourquoi nos produits sont fabriqu\u00e9s et test\u00e9s dans notre usine aux Pays-Bas, conform\u00e9ment aux normes de s\u00e9curit\u00e9 europ\u00e9ennes les plus strictes. Les jouets SES Creative sont source de plaisir et permettent aux enfants d&rsquo;\u00eatre fiers de leur travail, ce qui stimule leur cr\u00e9ativit\u00e9 et leur d\u00e9veloppement.<br \/>\nD\u00e9couvrez le plaisir du coucou !<br \/>\nAvec la peluche \u00ab Donkey &#8211; Kiekeboe \u00bb, vous offrez \u00e0 votre enfant un ami tout doux qui lui procurera un plaisir de jeu sans fin. Parfaite pour les tout-petits qui aiment les jeux interactifs et les c\u00e2lins. Lancez-vous et d\u00e9couvrez \u00e0 quel point il est amusant de jouer \u00e0 cache-cache avec cet adorable \u00e2ne !<\/p>\n","protected":false},"excerpt":{"rendered":"<p>Jouez \u00e0 cache-cache avec votre nouveau meilleur ami en peluche ! D\u00e9couvrez \u00ab Donkey &#8211; Peluche coucou \u00bb, cette peluche \u00e2ne n&rsquo;est pas une peluche comme les autres : elle prend vie lorsque vous appuyez sur son pied ! Ses oreilles battent de haut en bas pendant qu&rsquo;il joue \u00e0 coucou, ce qui provoque beaucoup [&hellip;]<\/p>\n","protected":false},"featured_media":100828,"comment_status":"closed","ping_status":"closed","template":"","meta":{"_acf_changed":false},"product_brand":[],"product_cat":[123],"product_tag":[],"class_list":{"0":"post-118213","1":"product","2":"type-product","3":"status-publish","4":"has-post-thumbnail","6":"product_cat-bebe-tout-petit","7":"pa_leeftijd-filter-0-2-ans","8":"pa_meest-populair-bij-garcons-filles","10":"first","11":"instock","12":"shipping-taxable","13":"product-type-simple"},"acf":[],"yoast_head":"<!-- This site is optimized with the Yoast SEO plugin v27.2 - https:\/\/yoast.com\/product\/yoast-seo-wordpress\/ -->\n<title>Donkey - Peluche cache-cache - SES Creative<\/title>\n<meta name=\"robots\" content=\"index, follow, max-snippet:-1, max-image-preview:large, max-video-preview:-1\" \/>\n<link rel=\"canonical\" href=\"https:\/\/ses-creative.com\/fr\/produit\/donkey-peluche-cache-cache\/\" \/>\n<meta property=\"og:locale\" content=\"fr_FR\" \/>\n<meta property=\"og:type\" content=\"article\" \/>\n<meta property=\"og:title\" content=\"Donkey - Peluche cache-cache - SES Creative\" \/>\n<meta property=\"og:description\" content=\"Jouez \u00e0 cache-cache avec votre nouveau meilleur ami en peluche ! D\u00e9couvrez \u00ab Donkey &#8211; Peluche coucou \u00bb, cette peluche \u00e2ne n&rsquo;est pas une peluche comme les autres : elle prend vie lorsque vous appuyez sur son pied ! Ses oreilles battent de haut en bas pendant qu&rsquo;il joue \u00e0 coucou, ce qui provoque beaucoup [&hellip;]\" \/>\n<meta property=\"og:url\" content=\"https:\/\/ses-creative.com\/fr\/produit\/donkey-peluche-cache-cache\/\" \/>\n<meta property=\"og:site_name\" content=\"SES Creative\" \/>\n<meta property=\"article:modified_time\" content=\"2026-02-12T10:22:43+00:00\" \/>\n<meta name=\"twitter:card\" content=\"summary_large_image\" \/>\n<meta name=\"twitter:label1\" content=\"Dur\u00e9e de lecture estim\u00e9e\" \/>\n\t<meta name=\"twitter:data1\" content=\"2 minutes\" \/>\n<script type=\"application\/ld+json\" class=\"yoast-schema-graph\">{\"@context\":\"https:\/\/schema.org\",\"@graph\":[{\"@type\":\"WebPage\",\"@id\":\"https:\/\/ses-creative.com\/fr\/produit\/donkey-peluche-cache-cache\/\",\"url\":\"https:\/\/ses-creative.com\/fr\/produit\/donkey-peluche-cache-cache\/\",\"name\":\"Donkey - Peluche cache-cache - SES Creative\",\"isPartOf\":{\"@id\":\"https:\/\/ses-creative.com\/#website\"},\"primaryImageOfPage\":{\"@id\":\"https:\/\/ses-creative.com\/fr\/produit\/donkey-peluche-cache-cache\/#primaryimage\"},\"image\":{\"@id\":\"https:\/\/ses-creative.com\/fr\/produit\/donkey-peluche-cache-cache\/#primaryimage\"},\"thumbnailUrl\":\"https:\/\/ses-creative.com\/wp-content\/uploads\/2026\/01\/131361.jpg\",\"datePublished\":\"2026-02-12T10:09:01+00:00\",\"dateModified\":\"2026-02-12T10:22:43+00:00\",\"breadcrumb\":{\"@id\":\"https:\/\/ses-creative.com\/fr\/produit\/donkey-peluche-cache-cache\/#breadcrumb\"},\"inLanguage\":\"fr-FR\",\"potentialAction\":[{\"@type\":\"ReadAction\",\"target\":[\"https:\/\/ses-creative.com\/fr\/produit\/donkey-peluche-cache-cache\/\"]}]},{\"@type\":\"ImageObject\",\"inLanguage\":\"fr-FR\",\"@id\":\"https:\/\/ses-creative.com\/fr\/produit\/donkey-peluche-cache-cache\/#primaryimage\",\"url\":\"https:\/\/ses-creative.com\/wp-content\/uploads\/2026\/01\/131361.jpg\",\"contentUrl\":\"https:\/\/ses-creative.com\/wp-content\/uploads\/2026\/01\/131361.jpg\",\"width\":1000,\"height\":1000},{\"@type\":\"BreadcrumbList\",\"@id\":\"https:\/\/ses-creative.com\/fr\/produit\/donkey-peluche-cache-cache\/#breadcrumb\",\"itemListElement\":[{\"@type\":\"ListItem\",\"position\":1,\"name\":\"Boutique\",\"item\":\"https:\/\/ses-creative.com\/fr\/boutique\/\"},{\"@type\":\"ListItem\",\"position\":2,\"name\":\"B\u00e9b\u00e9 &amp; Tout-petit\",\"item\":\"https:\/\/ses-creative.com\/fr\/product-categorie\/bebe-tout-petit\/\"},{\"@type\":\"ListItem\",\"position\":3,\"name\":\"Donkey &#8211; Peluche cache-cache\"}]},{\"@type\":\"WebSite\",\"@id\":\"https:\/\/ses-creative.com\/#website\",\"url\":\"https:\/\/ses-creative.com\/\",\"name\":\"SES Creative\",\"description\":\"\",\"publisher\":{\"@id\":\"https:\/\/ses-creative.com\/#organization\"},\"potentialAction\":[{\"@type\":\"SearchAction\",\"target\":{\"@type\":\"EntryPoint\",\"urlTemplate\":\"https:\/\/ses-creative.com\/?s={search_term_string}\"},\"query-input\":{\"@type\":\"PropertyValueSpecification\",\"valueRequired\":true,\"valueName\":\"search_term_string\"}}],\"inLanguage\":\"fr-FR\"},{\"@type\":\"Organization\",\"@id\":\"https:\/\/ses-creative.com\/#organization\",\"name\":\"SES Creative\",\"url\":\"https:\/\/ses-creative.com\/\",\"logo\":{\"@type\":\"ImageObject\",\"inLanguage\":\"fr-FR\",\"@id\":\"https:\/\/ses-creative.com\/#\/schema\/logo\/image\/\",\"url\":\"https:\/\/ses-creative.com\/wp-content\/uploads\/2025\/10\/ses-creative-logo.jpg\",\"contentUrl\":\"https:\/\/ses-creative.com\/wp-content\/uploads\/2025\/10\/ses-creative-logo.jpg\",\"width\":2037,\"height\":2037,\"caption\":\"SES Creative\"},\"image\":{\"@id\":\"https:\/\/ses-creative.com\/#\/schema\/logo\/image\/\"}}]}<\/script>\n<!-- \/ Yoast SEO plugin. -->","yoast_head_json":{"title":"Donkey - Peluche cache-cache - SES Creative","robots":{"index":"index","follow":"follow","max-snippet":"max-snippet:-1","max-image-preview":"max-image-preview:large","max-video-preview":"max-video-preview:-1"},"canonical":"https:\/\/ses-creative.com\/fr\/produit\/donkey-peluche-cache-cache\/","og_locale":"fr_FR","og_type":"article","og_title":"Donkey - Peluche cache-cache - SES Creative","og_description":"Jouez \u00e0 cache-cache avec votre nouveau meilleur ami en peluche ! D\u00e9couvrez \u00ab Donkey &#8211; Peluche coucou \u00bb, cette peluche \u00e2ne n&rsquo;est pas une peluche comme les autres : elle prend vie lorsque vous appuyez sur son pied ! Ses oreilles battent de haut en bas pendant qu&rsquo;il joue \u00e0 coucou, ce qui provoque beaucoup [&hellip;]","og_url":"https:\/\/ses-creative.com\/fr\/produit\/donkey-peluche-cache-cache\/","og_site_name":"SES Creative","article_modified_time":"2026-02-12T10:22:43+00:00","twitter_card":"summary_large_image","twitter_misc":{"Dur\u00e9e de lecture estim\u00e9e":"2 minutes"},"schema":{"@context":"https:\/\/schema.org","@graph":[{"@type":"WebPage","@id":"https:\/\/ses-creative.com\/fr\/produit\/donkey-peluche-cache-cache\/","url":"https:\/\/ses-creative.com\/fr\/produit\/donkey-peluche-cache-cache\/","name":"Donkey - Peluche cache-cache - SES Creative","isPartOf":{"@id":"https:\/\/ses-creative.com\/#website"},"primaryImageOfPage":{"@id":"https:\/\/ses-creative.com\/fr\/produit\/donkey-peluche-cache-cache\/#primaryimage"},"image":{"@id":"https:\/\/ses-creative.com\/fr\/produit\/donkey-peluche-cache-cache\/#primaryimage"},"thumbnailUrl":"https:\/\/ses-creative.com\/wp-content\/uploads\/2026\/01\/131361.jpg","datePublished":"2026-02-12T10:09:01+00:00","dateModified":"2026-02-12T10:22:43+00:00","breadcrumb":{"@id":"https:\/\/ses-creative.com\/fr\/produit\/donkey-peluche-cache-cache\/#breadcrumb"},"inLanguage":"fr-FR","potentialAction":[{"@type":"ReadAction","target":["https:\/\/ses-creative.com\/fr\/produit\/donkey-peluche-cache-cache\/"]}]},{"@type":"ImageObject","inLanguage":"fr-FR","@id":"https:\/\/ses-creative.com\/fr\/produit\/donkey-peluche-cache-cache\/#primaryimage","url":"https:\/\/ses-creative.com\/wp-content\/uploads\/2026\/01\/131361.jpg","contentUrl":"https:\/\/ses-creative.com\/wp-content\/uploads\/2026\/01\/131361.jpg","width":1000,"height":1000},{"@type":"BreadcrumbList","@id":"https:\/\/ses-creative.com\/fr\/produit\/donkey-peluche-cache-cache\/#breadcrumb","itemListElement":[{"@type":"ListItem","position":1,"name":"Boutique","item":"https:\/\/ses-creative.com\/fr\/boutique\/"},{"@type":"ListItem","position":2,"name":"B\u00e9b\u00e9 &amp; Tout-petit","item":"https:\/\/ses-creative.com\/fr\/product-categorie\/bebe-tout-petit\/"},{"@type":"ListItem","position":3,"name":"Donkey &#8211; Peluche cache-cache"}]},{"@type":"WebSite","@id":"https:\/\/ses-creative.com\/#website","url":"https:\/\/ses-creative.com\/","name":"SES Creative","description":"","publisher":{"@id":"https:\/\/ses-creative.com\/#organization"},"potentialAction":[{"@type":"SearchAction","target":{"@type":"EntryPoint","urlTemplate":"https:\/\/ses-creative.com\/?s={search_term_string}"},"query-input":{"@type":"PropertyValueSpecification","valueRequired":true,"valueName":"search_term_string"}}],"inLanguage":"fr-FR"},{"@type":"Organization","@id":"https:\/\/ses-creative.com\/#organization","name":"SES Creative","url":"https:\/\/ses-creative.com\/","logo":{"@type":"ImageObject","inLanguage":"fr-FR","@id":"https:\/\/ses-creative.com\/#\/schema\/logo\/image\/","url":"https:\/\/ses-creative.com\/wp-content\/uploads\/2025\/10\/ses-creative-logo.jpg","contentUrl":"https:\/\/ses-creative.com\/wp-content\/uploads\/2025\/10\/ses-creative-logo.jpg","width":2037,"height":2037,"caption":"SES Creative"},"image":{"@id":"https:\/\/ses-creative.com\/#\/schema\/logo\/image\/"}}]}},"_links":{"self":[{"href":"https:\/\/ses-creative.com\/fr\/wp-json\/wp\/v2\/product\/118213","targetHints":{"allow":["GET"]}}],"collection":[{"href":"https:\/\/ses-creative.com\/fr\/wp-json\/wp\/v2\/product"}],"about":[{"href":"https:\/\/ses-creative.com\/fr\/wp-json\/wp\/v2\/types\/product"}],"replies":[{"embeddable":true,"href":"https:\/\/ses-creative.com\/fr\/wp-json\/wp\/v2\/comments?post=118213"}],"wp:featuredmedia":[{"embeddable":true,"href":"https:\/\/ses-creative.com\/fr\/wp-json\/wp\/v2\/media\/100828"}],"wp:attachment":[{"href":"https:\/\/ses-creative.com\/fr\/wp-json\/wp\/v2\/media?parent=118213"}],"wp:term":[{"taxonomy":"product_brand","embeddable":true,"href":"https:\/\/ses-creative.com\/fr\/wp-json\/wp\/v2\/product_brand?post=118213"},{"taxonomy":"product_cat","embeddable":true,"href":"https:\/\/ses-creative.com\/fr\/wp-json\/wp\/v2\/product_cat?post=118213"},{"taxonomy":"product_tag","embeddable":true,"href":"https:\/\/ses-creative.com\/fr\/wp-json\/wp\/v2\/product_tag?post=118213"}],"curies":[{"name":"wp","href":"https:\/\/api.w.org\/{rel}","templated":true}]}}