











{"id":118212,"date":"2026-02-12T10:09:01","date_gmt":"2026-02-12T10:09:01","guid":{"rendered":"https:\/\/ses-creative.com\/?post_type=product&#038;p=118212"},"modified":"2026-02-12T10:22:43","modified_gmt":"2026-02-12T10:22:43","slug":"poissons-a-couleurs-changeantes-pour-le-bain","status":"publish","type":"product","link":"https:\/\/ses-creative.com\/fr\/produit\/poissons-a-couleurs-changeantes-pour-le-bain\/","title":{"rendered":"Poissons \u00e0 couleurs changeantes pour le bain"},"content":{"rendered":"<p>Transformez l&rsquo;heure du bain en une aventure magique avec les poissons de bain qui changent de couleur SES Creative Tiny Talents !<br \/>\nRemplissez la baignoire d&rsquo;eau chaude et laissez les poissons nager dedans. Observez les couleurs changer comme par magie et profitez du plaisir. Les poissons peuvent \u00eatre empil\u00e9s, reli\u00e9s entre eux ou utilis\u00e9s comme louche ou passoire, ce qui permet de varier les plaisirs. Cet ensemble est id\u00e9al pour les bains quotidiens et transforme l&rsquo;heure du bain en une f\u00eate pour votre tout-petit.<br \/>\nCe qui rend ce set g\u00e9nial<br \/>\n&#8211;    D\u00e9veloppement de la cr\u00e9ativit\u00e9, de la concentration et de la motricit\u00e9<br \/>\n&#8211;    Mat\u00e9riaux de haute qualit\u00e9<br \/>\n&#8211;    Exp\u00e9rience de jeu s\u00fbre et durable.<br \/>\n&#8211;    Facile \u00e0 utiliser et parfait pour les jeunes enfants.<br \/>\n&#8211;    Stimule le d\u00e9veloppement visuel et la pens\u00e9e logique<br \/>\nPourquoi ce produit est-il parfait pour vous ?<br \/>\nLaissez les trois poissons nager dans l&rsquo;eau chaude et observez leurs couleurs changer ! Le poisson vert devient jaune, le poisson violet devient rose et le poisson bleu devient blanc. Ces poissons color\u00e9s stimulent l&rsquo;interaction et favorisent le d\u00e9veloppement visuel et la pens\u00e9e logique des enfants.<br \/>\nContenu de l&#8217;emballage<br \/>\n&#8211; Poisson de bain changeant de couleur vert-jaune<br \/>\n&#8211; Poisson de bain changeant de couleur violet-rose<br \/>\n&#8211; Poisson de bain changeant de couleur bleu-blanc<br \/>\nPourquoi choisir SES Creative ?<br \/>\nChez SES Creative, nous accordons une grande importance \u00e0 la s\u00e9curit\u00e9. C&rsquo;est pourquoi nos produits sont fabriqu\u00e9s et test\u00e9s dans notre usine aux Pays-Bas, conform\u00e9ment aux normes de s\u00e9curit\u00e9 europ\u00e9ennes les plus strictes. Les jouets SES Creative sont source de plaisir et permettent aux enfants d&rsquo;\u00eatre fiers de leur travail, ce qui stimule leur cr\u00e9ativit\u00e9 et leur d\u00e9veloppement.<br \/>\nVivez la magie pendant le bain !<br \/>\nPr\u00eat pour une aventure magique dans le bain ? Procurez-vous les poissons de bain changeant de couleur Tiny Talents de SES Creative et profitez du spectacle enchanteur du changement de couleur. Qu&rsquo;attendez-vous ? Plongez dans le plaisir et laissez-vous surprendre !<\/p>\n","protected":false},"excerpt":{"rendered":"<p>Transformez l&rsquo;heure du bain en une aventure magique avec les poissons de bain qui changent de couleur SES Creative Tiny Talents ! Remplissez la baignoire d&rsquo;eau chaude et laissez les poissons nager dedans. Observez les couleurs changer comme par magie et profitez du plaisir. Les poissons peuvent \u00eatre empil\u00e9s, reli\u00e9s entre eux ou utilis\u00e9s comme [&hellip;]<\/p>\n","protected":false},"featured_media":100808,"comment_status":"closed","ping_status":"closed","template":"","meta":{"_acf_changed":false},"product_brand":[],"product_cat":[123],"product_tag":[],"class_list":{"0":"post-118212","1":"product","2":"type-product","3":"status-publish","4":"has-post-thumbnail","6":"product_cat-bebe-tout-petit","7":"pa_leeftijd-filter-0-2-ans","8":"pa_meest-populair-bij-garcons-filles","10":"first","11":"instock","12":"shipping-taxable","13":"product-type-simple"},"acf":[],"yoast_head":"<!-- This site is optimized with the Yoast SEO plugin v27.2 - https:\/\/yoast.com\/product\/yoast-seo-wordpress\/ -->\n<title>Poissons \u00e0 couleurs changeantes pour le bain - SES Creative<\/title>\n<meta name=\"robots\" content=\"index, follow, max-snippet:-1, max-image-preview:large, max-video-preview:-1\" \/>\n<link rel=\"canonical\" href=\"https:\/\/ses-creative.com\/fr\/produit\/poissons-a-couleurs-changeantes-pour-le-bain\/\" \/>\n<meta property=\"og:locale\" content=\"fr_FR\" \/>\n<meta property=\"og:type\" content=\"article\" \/>\n<meta property=\"og:title\" content=\"Poissons \u00e0 couleurs changeantes pour le bain - SES Creative\" \/>\n<meta property=\"og:description\" content=\"Transformez l&rsquo;heure du bain en une aventure magique avec les poissons de bain qui changent de couleur SES Creative Tiny Talents ! Remplissez la baignoire d&rsquo;eau chaude et laissez les poissons nager dedans. Observez les couleurs changer comme par magie et profitez du plaisir. Les poissons peuvent \u00eatre empil\u00e9s, reli\u00e9s entre eux ou utilis\u00e9s comme [&hellip;]\" \/>\n<meta property=\"og:url\" content=\"https:\/\/ses-creative.com\/fr\/produit\/poissons-a-couleurs-changeantes-pour-le-bain\/\" \/>\n<meta property=\"og:site_name\" content=\"SES Creative\" \/>\n<meta property=\"article:modified_time\" content=\"2026-02-12T10:22:43+00:00\" \/>\n<meta name=\"twitter:card\" content=\"summary_large_image\" \/>\n<meta name=\"twitter:label1\" content=\"Dur\u00e9e de lecture estim\u00e9e\" \/>\n\t<meta name=\"twitter:data1\" content=\"2 minutes\" \/>\n<script type=\"application\/ld+json\" class=\"yoast-schema-graph\">{\"@context\":\"https:\/\/schema.org\",\"@graph\":[{\"@type\":\"WebPage\",\"@id\":\"https:\/\/ses-creative.com\/fr\/produit\/poissons-a-couleurs-changeantes-pour-le-bain\/\",\"url\":\"https:\/\/ses-creative.com\/fr\/produit\/poissons-a-couleurs-changeantes-pour-le-bain\/\",\"name\":\"Poissons \u00e0 couleurs changeantes pour le bain - SES Creative\",\"isPartOf\":{\"@id\":\"https:\/\/ses-creative.com\/#website\"},\"primaryImageOfPage\":{\"@id\":\"https:\/\/ses-creative.com\/fr\/produit\/poissons-a-couleurs-changeantes-pour-le-bain\/#primaryimage\"},\"image\":{\"@id\":\"https:\/\/ses-creative.com\/fr\/produit\/poissons-a-couleurs-changeantes-pour-le-bain\/#primaryimage\"},\"thumbnailUrl\":\"https:\/\/ses-creative.com\/wp-content\/uploads\/2026\/01\/131351.jpg\",\"datePublished\":\"2026-02-12T10:09:01+00:00\",\"dateModified\":\"2026-02-12T10:22:43+00:00\",\"breadcrumb\":{\"@id\":\"https:\/\/ses-creative.com\/fr\/produit\/poissons-a-couleurs-changeantes-pour-le-bain\/#breadcrumb\"},\"inLanguage\":\"fr-FR\",\"potentialAction\":[{\"@type\":\"ReadAction\",\"target\":[\"https:\/\/ses-creative.com\/fr\/produit\/poissons-a-couleurs-changeantes-pour-le-bain\/\"]}]},{\"@type\":\"ImageObject\",\"inLanguage\":\"fr-FR\",\"@id\":\"https:\/\/ses-creative.com\/fr\/produit\/poissons-a-couleurs-changeantes-pour-le-bain\/#primaryimage\",\"url\":\"https:\/\/ses-creative.com\/wp-content\/uploads\/2026\/01\/131351.jpg\",\"contentUrl\":\"https:\/\/ses-creative.com\/wp-content\/uploads\/2026\/01\/131351.jpg\",\"width\":1000,\"height\":1000},{\"@type\":\"BreadcrumbList\",\"@id\":\"https:\/\/ses-creative.com\/fr\/produit\/poissons-a-couleurs-changeantes-pour-le-bain\/#breadcrumb\",\"itemListElement\":[{\"@type\":\"ListItem\",\"position\":1,\"name\":\"Boutique\",\"item\":\"https:\/\/ses-creative.com\/fr\/boutique\/\"},{\"@type\":\"ListItem\",\"position\":2,\"name\":\"B\u00e9b\u00e9 &amp; Tout-petit\",\"item\":\"https:\/\/ses-creative.com\/fr\/product-categorie\/bebe-tout-petit\/\"},{\"@type\":\"ListItem\",\"position\":3,\"name\":\"Poissons \u00e0 couleurs changeantes pour le bain\"}]},{\"@type\":\"WebSite\",\"@id\":\"https:\/\/ses-creative.com\/#website\",\"url\":\"https:\/\/ses-creative.com\/\",\"name\":\"SES Creative\",\"description\":\"\",\"publisher\":{\"@id\":\"https:\/\/ses-creative.com\/#organization\"},\"potentialAction\":[{\"@type\":\"SearchAction\",\"target\":{\"@type\":\"EntryPoint\",\"urlTemplate\":\"https:\/\/ses-creative.com\/?s={search_term_string}\"},\"query-input\":{\"@type\":\"PropertyValueSpecification\",\"valueRequired\":true,\"valueName\":\"search_term_string\"}}],\"inLanguage\":\"fr-FR\"},{\"@type\":\"Organization\",\"@id\":\"https:\/\/ses-creative.com\/#organization\",\"name\":\"SES Creative\",\"url\":\"https:\/\/ses-creative.com\/\",\"logo\":{\"@type\":\"ImageObject\",\"inLanguage\":\"fr-FR\",\"@id\":\"https:\/\/ses-creative.com\/#\/schema\/logo\/image\/\",\"url\":\"https:\/\/ses-creative.com\/wp-content\/uploads\/2025\/10\/ses-creative-logo.jpg\",\"contentUrl\":\"https:\/\/ses-creative.com\/wp-content\/uploads\/2025\/10\/ses-creative-logo.jpg\",\"width\":2037,\"height\":2037,\"caption\":\"SES Creative\"},\"image\":{\"@id\":\"https:\/\/ses-creative.com\/#\/schema\/logo\/image\/\"}}]}<\/script>\n<!-- \/ Yoast SEO plugin. -->","yoast_head_json":{"title":"Poissons \u00e0 couleurs changeantes pour le bain - SES Creative","robots":{"index":"index","follow":"follow","max-snippet":"max-snippet:-1","max-image-preview":"max-image-preview:large","max-video-preview":"max-video-preview:-1"},"canonical":"https:\/\/ses-creative.com\/fr\/produit\/poissons-a-couleurs-changeantes-pour-le-bain\/","og_locale":"fr_FR","og_type":"article","og_title":"Poissons \u00e0 couleurs changeantes pour le bain - SES Creative","og_description":"Transformez l&rsquo;heure du bain en une aventure magique avec les poissons de bain qui changent de couleur SES Creative Tiny Talents ! Remplissez la baignoire d&rsquo;eau chaude et laissez les poissons nager dedans. Observez les couleurs changer comme par magie et profitez du plaisir. Les poissons peuvent \u00eatre empil\u00e9s, reli\u00e9s entre eux ou utilis\u00e9s comme [&hellip;]","og_url":"https:\/\/ses-creative.com\/fr\/produit\/poissons-a-couleurs-changeantes-pour-le-bain\/","og_site_name":"SES Creative","article_modified_time":"2026-02-12T10:22:43+00:00","twitter_card":"summary_large_image","twitter_misc":{"Dur\u00e9e de lecture estim\u00e9e":"2 minutes"},"schema":{"@context":"https:\/\/schema.org","@graph":[{"@type":"WebPage","@id":"https:\/\/ses-creative.com\/fr\/produit\/poissons-a-couleurs-changeantes-pour-le-bain\/","url":"https:\/\/ses-creative.com\/fr\/produit\/poissons-a-couleurs-changeantes-pour-le-bain\/","name":"Poissons \u00e0 couleurs changeantes pour le bain - SES Creative","isPartOf":{"@id":"https:\/\/ses-creative.com\/#website"},"primaryImageOfPage":{"@id":"https:\/\/ses-creative.com\/fr\/produit\/poissons-a-couleurs-changeantes-pour-le-bain\/#primaryimage"},"image":{"@id":"https:\/\/ses-creative.com\/fr\/produit\/poissons-a-couleurs-changeantes-pour-le-bain\/#primaryimage"},"thumbnailUrl":"https:\/\/ses-creative.com\/wp-content\/uploads\/2026\/01\/131351.jpg","datePublished":"2026-02-12T10:09:01+00:00","dateModified":"2026-02-12T10:22:43+00:00","breadcrumb":{"@id":"https:\/\/ses-creative.com\/fr\/produit\/poissons-a-couleurs-changeantes-pour-le-bain\/#breadcrumb"},"inLanguage":"fr-FR","potentialAction":[{"@type":"ReadAction","target":["https:\/\/ses-creative.com\/fr\/produit\/poissons-a-couleurs-changeantes-pour-le-bain\/"]}]},{"@type":"ImageObject","inLanguage":"fr-FR","@id":"https:\/\/ses-creative.com\/fr\/produit\/poissons-a-couleurs-changeantes-pour-le-bain\/#primaryimage","url":"https:\/\/ses-creative.com\/wp-content\/uploads\/2026\/01\/131351.jpg","contentUrl":"https:\/\/ses-creative.com\/wp-content\/uploads\/2026\/01\/131351.jpg","width":1000,"height":1000},{"@type":"BreadcrumbList","@id":"https:\/\/ses-creative.com\/fr\/produit\/poissons-a-couleurs-changeantes-pour-le-bain\/#breadcrumb","itemListElement":[{"@type":"ListItem","position":1,"name":"Boutique","item":"https:\/\/ses-creative.com\/fr\/boutique\/"},{"@type":"ListItem","position":2,"name":"B\u00e9b\u00e9 &amp; Tout-petit","item":"https:\/\/ses-creative.com\/fr\/product-categorie\/bebe-tout-petit\/"},{"@type":"ListItem","position":3,"name":"Poissons \u00e0 couleurs changeantes pour le bain"}]},{"@type":"WebSite","@id":"https:\/\/ses-creative.com\/#website","url":"https:\/\/ses-creative.com\/","name":"SES Creative","description":"","publisher":{"@id":"https:\/\/ses-creative.com\/#organization"},"potentialAction":[{"@type":"SearchAction","target":{"@type":"EntryPoint","urlTemplate":"https:\/\/ses-creative.com\/?s={search_term_string}"},"query-input":{"@type":"PropertyValueSpecification","valueRequired":true,"valueName":"search_term_string"}}],"inLanguage":"fr-FR"},{"@type":"Organization","@id":"https:\/\/ses-creative.com\/#organization","name":"SES Creative","url":"https:\/\/ses-creative.com\/","logo":{"@type":"ImageObject","inLanguage":"fr-FR","@id":"https:\/\/ses-creative.com\/#\/schema\/logo\/image\/","url":"https:\/\/ses-creative.com\/wp-content\/uploads\/2025\/10\/ses-creative-logo.jpg","contentUrl":"https:\/\/ses-creative.com\/wp-content\/uploads\/2025\/10\/ses-creative-logo.jpg","width":2037,"height":2037,"caption":"SES Creative"},"image":{"@id":"https:\/\/ses-creative.com\/#\/schema\/logo\/image\/"}}]}},"_links":{"self":[{"href":"https:\/\/ses-creative.com\/fr\/wp-json\/wp\/v2\/product\/118212","targetHints":{"allow":["GET"]}}],"collection":[{"href":"https:\/\/ses-creative.com\/fr\/wp-json\/wp\/v2\/product"}],"about":[{"href":"https:\/\/ses-creative.com\/fr\/wp-json\/wp\/v2\/types\/product"}],"replies":[{"embeddable":true,"href":"https:\/\/ses-creative.com\/fr\/wp-json\/wp\/v2\/comments?post=118212"}],"wp:featuredmedia":[{"embeddable":true,"href":"https:\/\/ses-creative.com\/fr\/wp-json\/wp\/v2\/media\/100808"}],"wp:attachment":[{"href":"https:\/\/ses-creative.com\/fr\/wp-json\/wp\/v2\/media?parent=118212"}],"wp:term":[{"taxonomy":"product_brand","embeddable":true,"href":"https:\/\/ses-creative.com\/fr\/wp-json\/wp\/v2\/product_brand?post=118212"},{"taxonomy":"product_cat","embeddable":true,"href":"https:\/\/ses-creative.com\/fr\/wp-json\/wp\/v2\/product_cat?post=118212"},{"taxonomy":"product_tag","embeddable":true,"href":"https:\/\/ses-creative.com\/fr\/wp-json\/wp\/v2\/product_tag?post=118212"}],"curies":[{"name":"wp","href":"https:\/\/api.w.org\/{rel}","templated":true}]}}