











{"id":118211,"date":"2026-02-12T10:09:01","date_gmt":"2026-02-12T10:09:01","guid":{"rendered":"https:\/\/ses-creative.com\/?post_type=product&#038;p=118211"},"modified":"2026-02-12T10:22:43","modified_gmt":"2026-02-12T10:22:43","slug":"puzzles-a-deux-pieces","status":"publish","type":"product","link":"https:\/\/ses-creative.com\/fr\/produit\/puzzles-a-deux-pieces\/","title":{"rendered":"Puzzles \u00e0 deux\u00a0pi\u00e8ces"},"content":{"rendered":"<p>Du plaisir avec les puzzles Duo formes pour les tout-petits !<br \/>\nC&rsquo;est parti pour les puzzles ! M\u00eame pour les tout-petits. Ces puzzles duo formes ont \u00e9t\u00e9 sp\u00e9cialement con\u00e7us pour rendre les premi\u00e8res exp\u00e9riences de puzzle de votre enfant aussi amusantes et \u00e9ducatives que possible. Les puzzles en deux parties sont faciles \u00e0 comprendre et parfaits pour les petites mains. Chaque pi\u00e8ce s&#8217;embo\u00eete parfaitement, ce qui garantit le succ\u00e8s et le plaisir \u00e0 chaque tentative.<br \/>\nCe qui rend ce set g\u00e9nial<br \/>\n&#8211;    Puzzles en deux parties pour une premi\u00e8re exp\u00e9rience de puzzle<br \/>\n&#8211;    Stimule le d\u00e9veloppement de la motricit\u00e9 fine et de la capacit\u00e9 \u00e0 r\u00e9soudre des probl\u00e8mes<br \/>\n&#8211;    Conception s\u00fbre et adapt\u00e9e aux enfants<br \/>\n&#8211;    Bois durable pour un plaisir de jeu durable<br \/>\n&#8211;    Parfait pour les enfants \u00e0 partir de 10 mois<br \/>\nPourquoi ce produit est-il parfait pour vous ?<br \/>\nCe set est parfait pour les parents qui souhaitent initier leurs enfants aux puzzles d\u00e8s leur plus jeune \u00e2ge. Il offre un moyen s\u00fbr et amusant de jouer et d&rsquo;apprendre, tout en stimulant le d\u00e9veloppement de comp\u00e9tences importantes. Ce set permet aux enfants de se familiariser avec les formes et les couleurs de mani\u00e8re ludique. Les pi\u00e8ces de puzzle en bois solide sont sp\u00e9cialement con\u00e7ues pour les petites mains et garantissent une premi\u00e8re exp\u00e9rience agr\u00e9able avec les puzzles. Id\u00e9al pour d\u00e9velopper la motricit\u00e9 fine et les capacit\u00e9s cognitives.<br \/>\nContenu du set<br \/>\n&#8211;    4 pi\u00e8ces de puzzle en bois de forme basse<br \/>\n&#8211;    4 pi\u00e8ces de puzzle en bois hautes<br \/>\nPourquoi choisir SES Creative ?<br \/>\nChez SES Creative, nous accordons une grande importance \u00e0 la s\u00e9curit\u00e9. C&rsquo;est pourquoi nos produits sont fabriqu\u00e9s et test\u00e9s dans notre usine aux Pays-Bas, conform\u00e9ment aux normes de s\u00e9curit\u00e9 europ\u00e9ennes les plus strictes. Les jouets SES Creative sont source de plaisir et permettent aux enfants d&rsquo;\u00eatre fiers de leur travail, ce qui stimule leur cr\u00e9ativit\u00e9 et leur d\u00e9veloppement.<br \/>\nCommencez d\u00e8s aujourd&rsquo;hui \u00e0 faire des puzzles<br \/>\nD\u00e9couvrez le plaisir des puzzles \u00e0 deux formes et observez votre enfant apprendre et grandir \u00e9tape par \u00e9tape. Parfait pour des heures d&rsquo;apprentissage et de plaisir !<\/p>\n","protected":false},"excerpt":{"rendered":"<p>Du plaisir avec les puzzles Duo formes pour les tout-petits ! C&rsquo;est parti pour les puzzles ! M\u00eame pour les tout-petits. Ces puzzles duo formes ont \u00e9t\u00e9 sp\u00e9cialement con\u00e7us pour rendre les premi\u00e8res exp\u00e9riences de puzzle de votre enfant aussi amusantes et \u00e9ducatives que possible. Les puzzles en deux parties sont faciles \u00e0 comprendre et [&hellip;]<\/p>\n","protected":false},"featured_media":100788,"comment_status":"closed","ping_status":"closed","template":"","meta":{"_acf_changed":false},"product_brand":[],"product_cat":[123],"product_tag":[],"class_list":{"0":"post-118211","1":"product","2":"type-product","3":"status-publish","4":"has-post-thumbnail","6":"product_cat-bebe-tout-petit","7":"pa_leeftijd-filter-0-2-ans","8":"pa_meest-populair-bij-garcons-filles","10":"first","11":"instock","12":"shipping-taxable","13":"product-type-simple"},"acf":[],"yoast_head":"<!-- This site is optimized with the Yoast SEO plugin v27.2 - https:\/\/yoast.com\/product\/yoast-seo-wordpress\/ -->\n<title>Puzzles \u00e0 deux\u00a0pi\u00e8ces - SES Creative<\/title>\n<meta name=\"robots\" content=\"index, follow, max-snippet:-1, max-image-preview:large, max-video-preview:-1\" \/>\n<link rel=\"canonical\" href=\"https:\/\/ses-creative.com\/fr\/produit\/puzzles-a-deux-pieces\/\" \/>\n<meta property=\"og:locale\" content=\"fr_FR\" \/>\n<meta property=\"og:type\" content=\"article\" \/>\n<meta property=\"og:title\" content=\"Puzzles \u00e0 deux\u00a0pi\u00e8ces - SES Creative\" \/>\n<meta property=\"og:description\" content=\"Du plaisir avec les puzzles Duo formes pour les tout-petits ! C&rsquo;est parti pour les puzzles ! M\u00eame pour les tout-petits. Ces puzzles duo formes ont \u00e9t\u00e9 sp\u00e9cialement con\u00e7us pour rendre les premi\u00e8res exp\u00e9riences de puzzle de votre enfant aussi amusantes et \u00e9ducatives que possible. Les puzzles en deux parties sont faciles \u00e0 comprendre et [&hellip;]\" \/>\n<meta property=\"og:url\" content=\"https:\/\/ses-creative.com\/fr\/produit\/puzzles-a-deux-pieces\/\" \/>\n<meta property=\"og:site_name\" content=\"SES Creative\" \/>\n<meta property=\"article:modified_time\" content=\"2026-02-12T10:22:43+00:00\" \/>\n<meta name=\"twitter:card\" content=\"summary_large_image\" \/>\n<meta name=\"twitter:label1\" content=\"Dur\u00e9e de lecture estim\u00e9e\" \/>\n\t<meta name=\"twitter:data1\" content=\"2 minutes\" \/>\n<script type=\"application\/ld+json\" class=\"yoast-schema-graph\">{\"@context\":\"https:\/\/schema.org\",\"@graph\":[{\"@type\":\"WebPage\",\"@id\":\"https:\/\/ses-creative.com\/fr\/produit\/puzzles-a-deux-pieces\/\",\"url\":\"https:\/\/ses-creative.com\/fr\/produit\/puzzles-a-deux-pieces\/\",\"name\":\"Puzzles \u00e0 deux\u00a0pi\u00e8ces - SES Creative\",\"isPartOf\":{\"@id\":\"https:\/\/ses-creative.com\/#website\"},\"primaryImageOfPage\":{\"@id\":\"https:\/\/ses-creative.com\/fr\/produit\/puzzles-a-deux-pieces\/#primaryimage\"},\"image\":{\"@id\":\"https:\/\/ses-creative.com\/fr\/produit\/puzzles-a-deux-pieces\/#primaryimage\"},\"thumbnailUrl\":\"https:\/\/ses-creative.com\/wp-content\/uploads\/2026\/01\/131301.jpg\",\"datePublished\":\"2026-02-12T10:09:01+00:00\",\"dateModified\":\"2026-02-12T10:22:43+00:00\",\"breadcrumb\":{\"@id\":\"https:\/\/ses-creative.com\/fr\/produit\/puzzles-a-deux-pieces\/#breadcrumb\"},\"inLanguage\":\"fr-FR\",\"potentialAction\":[{\"@type\":\"ReadAction\",\"target\":[\"https:\/\/ses-creative.com\/fr\/produit\/puzzles-a-deux-pieces\/\"]}]},{\"@type\":\"ImageObject\",\"inLanguage\":\"fr-FR\",\"@id\":\"https:\/\/ses-creative.com\/fr\/produit\/puzzles-a-deux-pieces\/#primaryimage\",\"url\":\"https:\/\/ses-creative.com\/wp-content\/uploads\/2026\/01\/131301.jpg\",\"contentUrl\":\"https:\/\/ses-creative.com\/wp-content\/uploads\/2026\/01\/131301.jpg\",\"width\":1000,\"height\":1000},{\"@type\":\"BreadcrumbList\",\"@id\":\"https:\/\/ses-creative.com\/fr\/produit\/puzzles-a-deux-pieces\/#breadcrumb\",\"itemListElement\":[{\"@type\":\"ListItem\",\"position\":1,\"name\":\"Boutique\",\"item\":\"https:\/\/ses-creative.com\/fr\/boutique\/\"},{\"@type\":\"ListItem\",\"position\":2,\"name\":\"B\u00e9b\u00e9 &amp; Tout-petit\",\"item\":\"https:\/\/ses-creative.com\/fr\/product-categorie\/bebe-tout-petit\/\"},{\"@type\":\"ListItem\",\"position\":3,\"name\":\"Puzzles \u00e0 deux\u00a0pi\u00e8ces\"}]},{\"@type\":\"WebSite\",\"@id\":\"https:\/\/ses-creative.com\/#website\",\"url\":\"https:\/\/ses-creative.com\/\",\"name\":\"SES Creative\",\"description\":\"\",\"publisher\":{\"@id\":\"https:\/\/ses-creative.com\/#organization\"},\"potentialAction\":[{\"@type\":\"SearchAction\",\"target\":{\"@type\":\"EntryPoint\",\"urlTemplate\":\"https:\/\/ses-creative.com\/?s={search_term_string}\"},\"query-input\":{\"@type\":\"PropertyValueSpecification\",\"valueRequired\":true,\"valueName\":\"search_term_string\"}}],\"inLanguage\":\"fr-FR\"},{\"@type\":\"Organization\",\"@id\":\"https:\/\/ses-creative.com\/#organization\",\"name\":\"SES Creative\",\"url\":\"https:\/\/ses-creative.com\/\",\"logo\":{\"@type\":\"ImageObject\",\"inLanguage\":\"fr-FR\",\"@id\":\"https:\/\/ses-creative.com\/#\/schema\/logo\/image\/\",\"url\":\"https:\/\/ses-creative.com\/wp-content\/uploads\/2025\/10\/ses-creative-logo.jpg\",\"contentUrl\":\"https:\/\/ses-creative.com\/wp-content\/uploads\/2025\/10\/ses-creative-logo.jpg\",\"width\":2037,\"height\":2037,\"caption\":\"SES Creative\"},\"image\":{\"@id\":\"https:\/\/ses-creative.com\/#\/schema\/logo\/image\/\"}}]}<\/script>\n<!-- \/ Yoast SEO plugin. -->","yoast_head_json":{"title":"Puzzles \u00e0 deux\u00a0pi\u00e8ces - SES Creative","robots":{"index":"index","follow":"follow","max-snippet":"max-snippet:-1","max-image-preview":"max-image-preview:large","max-video-preview":"max-video-preview:-1"},"canonical":"https:\/\/ses-creative.com\/fr\/produit\/puzzles-a-deux-pieces\/","og_locale":"fr_FR","og_type":"article","og_title":"Puzzles \u00e0 deux\u00a0pi\u00e8ces - SES Creative","og_description":"Du plaisir avec les puzzles Duo formes pour les tout-petits ! C&rsquo;est parti pour les puzzles ! M\u00eame pour les tout-petits. Ces puzzles duo formes ont \u00e9t\u00e9 sp\u00e9cialement con\u00e7us pour rendre les premi\u00e8res exp\u00e9riences de puzzle de votre enfant aussi amusantes et \u00e9ducatives que possible. Les puzzles en deux parties sont faciles \u00e0 comprendre et [&hellip;]","og_url":"https:\/\/ses-creative.com\/fr\/produit\/puzzles-a-deux-pieces\/","og_site_name":"SES Creative","article_modified_time":"2026-02-12T10:22:43+00:00","twitter_card":"summary_large_image","twitter_misc":{"Dur\u00e9e de lecture estim\u00e9e":"2 minutes"},"schema":{"@context":"https:\/\/schema.org","@graph":[{"@type":"WebPage","@id":"https:\/\/ses-creative.com\/fr\/produit\/puzzles-a-deux-pieces\/","url":"https:\/\/ses-creative.com\/fr\/produit\/puzzles-a-deux-pieces\/","name":"Puzzles \u00e0 deux\u00a0pi\u00e8ces - SES Creative","isPartOf":{"@id":"https:\/\/ses-creative.com\/#website"},"primaryImageOfPage":{"@id":"https:\/\/ses-creative.com\/fr\/produit\/puzzles-a-deux-pieces\/#primaryimage"},"image":{"@id":"https:\/\/ses-creative.com\/fr\/produit\/puzzles-a-deux-pieces\/#primaryimage"},"thumbnailUrl":"https:\/\/ses-creative.com\/wp-content\/uploads\/2026\/01\/131301.jpg","datePublished":"2026-02-12T10:09:01+00:00","dateModified":"2026-02-12T10:22:43+00:00","breadcrumb":{"@id":"https:\/\/ses-creative.com\/fr\/produit\/puzzles-a-deux-pieces\/#breadcrumb"},"inLanguage":"fr-FR","potentialAction":[{"@type":"ReadAction","target":["https:\/\/ses-creative.com\/fr\/produit\/puzzles-a-deux-pieces\/"]}]},{"@type":"ImageObject","inLanguage":"fr-FR","@id":"https:\/\/ses-creative.com\/fr\/produit\/puzzles-a-deux-pieces\/#primaryimage","url":"https:\/\/ses-creative.com\/wp-content\/uploads\/2026\/01\/131301.jpg","contentUrl":"https:\/\/ses-creative.com\/wp-content\/uploads\/2026\/01\/131301.jpg","width":1000,"height":1000},{"@type":"BreadcrumbList","@id":"https:\/\/ses-creative.com\/fr\/produit\/puzzles-a-deux-pieces\/#breadcrumb","itemListElement":[{"@type":"ListItem","position":1,"name":"Boutique","item":"https:\/\/ses-creative.com\/fr\/boutique\/"},{"@type":"ListItem","position":2,"name":"B\u00e9b\u00e9 &amp; Tout-petit","item":"https:\/\/ses-creative.com\/fr\/product-categorie\/bebe-tout-petit\/"},{"@type":"ListItem","position":3,"name":"Puzzles \u00e0 deux\u00a0pi\u00e8ces"}]},{"@type":"WebSite","@id":"https:\/\/ses-creative.com\/#website","url":"https:\/\/ses-creative.com\/","name":"SES Creative","description":"","publisher":{"@id":"https:\/\/ses-creative.com\/#organization"},"potentialAction":[{"@type":"SearchAction","target":{"@type":"EntryPoint","urlTemplate":"https:\/\/ses-creative.com\/?s={search_term_string}"},"query-input":{"@type":"PropertyValueSpecification","valueRequired":true,"valueName":"search_term_string"}}],"inLanguage":"fr-FR"},{"@type":"Organization","@id":"https:\/\/ses-creative.com\/#organization","name":"SES Creative","url":"https:\/\/ses-creative.com\/","logo":{"@type":"ImageObject","inLanguage":"fr-FR","@id":"https:\/\/ses-creative.com\/#\/schema\/logo\/image\/","url":"https:\/\/ses-creative.com\/wp-content\/uploads\/2025\/10\/ses-creative-logo.jpg","contentUrl":"https:\/\/ses-creative.com\/wp-content\/uploads\/2025\/10\/ses-creative-logo.jpg","width":2037,"height":2037,"caption":"SES Creative"},"image":{"@id":"https:\/\/ses-creative.com\/#\/schema\/logo\/image\/"}}]}},"_links":{"self":[{"href":"https:\/\/ses-creative.com\/fr\/wp-json\/wp\/v2\/product\/118211","targetHints":{"allow":["GET"]}}],"collection":[{"href":"https:\/\/ses-creative.com\/fr\/wp-json\/wp\/v2\/product"}],"about":[{"href":"https:\/\/ses-creative.com\/fr\/wp-json\/wp\/v2\/types\/product"}],"replies":[{"embeddable":true,"href":"https:\/\/ses-creative.com\/fr\/wp-json\/wp\/v2\/comments?post=118211"}],"wp:featuredmedia":[{"embeddable":true,"href":"https:\/\/ses-creative.com\/fr\/wp-json\/wp\/v2\/media\/100788"}],"wp:attachment":[{"href":"https:\/\/ses-creative.com\/fr\/wp-json\/wp\/v2\/media?parent=118211"}],"wp:term":[{"taxonomy":"product_brand","embeddable":true,"href":"https:\/\/ses-creative.com\/fr\/wp-json\/wp\/v2\/product_brand?post=118211"},{"taxonomy":"product_cat","embeddable":true,"href":"https:\/\/ses-creative.com\/fr\/wp-json\/wp\/v2\/product_cat?post=118211"},{"taxonomy":"product_tag","embeddable":true,"href":"https:\/\/ses-creative.com\/fr\/wp-json\/wp\/v2\/product_tag?post=118211"}],"curies":[{"name":"wp","href":"https:\/\/api.w.org\/{rel}","templated":true}]}}