











{"id":118210,"date":"2026-02-12T10:09:01","date_gmt":"2026-02-12T10:09:01","guid":{"rendered":"https:\/\/ses-creative.com\/?post_type=product&#038;p=118210"},"modified":"2026-02-12T10:22:43","modified_gmt":"2026-02-12T10:22:43","slug":"cerceau-dactivites-sensorielles","status":"publish","type":"product","link":"https:\/\/ses-creative.com\/fr\/produit\/cerceau-dactivites-sensorielles\/","title":{"rendered":"Cerceau d&rsquo;activit\u00e9s sensorielles"},"content":{"rendered":"<p>Anneau d&rsquo;activit\u00e9s Sense Around : d\u00e9couvrez et jouez avec diff\u00e9rentes textures !<br \/>\nL&rsquo;anneau d&rsquo;\u00e9veil Sense Around de SES Creative a \u00e9t\u00e9 sp\u00e9cialement con\u00e7u pour stimuler les sens de votre b\u00e9b\u00e9. Cet anneau color\u00e9 propose diff\u00e9rentes activit\u00e9s et textures qui sont parfaites pour les b\u00e9b\u00e9s curieux \u00e0 partir de 1 mois. L&rsquo;anneau offre un moyen s\u00fbr et amusant de d\u00e9couvrir, de toucher et de jouer !<br \/>\nCe qui rend cet ensemble formidable<br \/>\n&#8211;    Diff\u00e9rentes textures et couleurs contrast\u00e9es<br \/>\n&#8211;    Stimule le d\u00e9veloppement des sens<br \/>\n&#8211;    S\u00fbr et \u00e9ducatif<br \/>\n&#8211;    Plaisir et curiosit\u00e9<br \/>\n&#8211;    \u00c0 partir de 1 mois<br \/>\nPourquoi ce produit est-il parfait pour vous ?<br \/>\nLe **Sense Around Activity Ring** offre un monde de d\u00e9couvertes \u00e0 votre tout-petit. Avec ses diff\u00e9rents mat\u00e9riaux doux et ses images tr\u00e8s contrast\u00e9es, cet anneau aide votre b\u00e9b\u00e9 \u00e0 d\u00e9velopper ses sens visuels et tactiles. S\u00fbr et doux, il est id\u00e9al pour \u00eatre touch\u00e9, tenu et manipul\u00e9.<br \/>\nLaissez votre b\u00e9b\u00e9 d\u00e9couvrir les diff\u00e9rentes parties de l&rsquo;anneau en les touchant et en les tenant. Les tissus doux et les images contrast\u00e9es rendent l&rsquo;activit\u00e9 encore plus captivante. Parfait pour jouer ou se d\u00e9tendre !<br \/>\nContenu du set<br \/>\n&#8211;    Anneau d&rsquo;\u00e9veil 12 pi\u00e8ces<br \/>\n&#8211;    Housse en tissu pour anneau d&rsquo;activit\u00e9<br \/>\nPourquoi choisir SES Creative ?<br \/>\nChez SES Creative, nous accordons une grande importance \u00e0 la s\u00e9curit\u00e9. C&rsquo;est pourquoi nos produits sont fabriqu\u00e9s et test\u00e9s dans notre usine aux Pays-Bas, conform\u00e9ment aux normes de s\u00e9curit\u00e9 europ\u00e9ennes les plus strictes. Les jouets SES Creative sont source de plaisir et permettent aux enfants d&rsquo;\u00eatre fiers de leur travail, ce qui stimule leur cr\u00e9ativit\u00e9 et leur d\u00e9veloppement.<br \/>\nOffrez d\u00e8s maintenant \u00e0 votre b\u00e9b\u00e9 un monde de d\u00e9couvertes sensorielles !<br \/>\nQu&rsquo;attendez-vous ? Procurez-vous l&rsquo;**anneau d&rsquo;\u00e9veil Sense Around** de SES Creative. Laissez votre tout-petit jouer, toucher et apprendre avec cet anneau d&rsquo;\u00e9veil tout doux !<\/p>\n","protected":false},"excerpt":{"rendered":"<p>Anneau d&rsquo;activit\u00e9s Sense Around : d\u00e9couvrez et jouez avec diff\u00e9rentes textures ! L&rsquo;anneau d&rsquo;\u00e9veil Sense Around de SES Creative a \u00e9t\u00e9 sp\u00e9cialement con\u00e7u pour stimuler les sens de votre b\u00e9b\u00e9. Cet anneau color\u00e9 propose diff\u00e9rentes activit\u00e9s et textures qui sont parfaites pour les b\u00e9b\u00e9s curieux \u00e0 partir de 1 mois. L&rsquo;anneau offre un moyen s\u00fbr [&hellip;]<\/p>\n","protected":false},"featured_media":94180,"comment_status":"closed","ping_status":"closed","template":"","meta":{"_acf_changed":false},"product_brand":[],"product_cat":[123],"product_tag":[],"class_list":{"0":"post-118210","1":"product","2":"type-product","3":"status-publish","4":"has-post-thumbnail","6":"product_cat-bebe-tout-petit","7":"pa_leeftijd-filter-0-2-ans","8":"pa_meest-populair-bij-garcons-filles","10":"first","11":"instock","12":"shipping-taxable","13":"product-type-simple"},"acf":[],"yoast_head":"<!-- This site is optimized with the Yoast SEO plugin v27.2 - https:\/\/yoast.com\/product\/yoast-seo-wordpress\/ -->\n<title>Cerceau d&#039;activit\u00e9s sensorielles - SES Creative<\/title>\n<meta name=\"robots\" content=\"index, follow, max-snippet:-1, max-image-preview:large, max-video-preview:-1\" \/>\n<link rel=\"canonical\" href=\"https:\/\/ses-creative.com\/fr\/produit\/cerceau-dactivites-sensorielles\/\" \/>\n<meta property=\"og:locale\" content=\"fr_FR\" \/>\n<meta property=\"og:type\" content=\"article\" \/>\n<meta property=\"og:title\" content=\"Cerceau d&#039;activit\u00e9s sensorielles - SES Creative\" \/>\n<meta property=\"og:description\" content=\"Anneau d&rsquo;activit\u00e9s Sense Around : d\u00e9couvrez et jouez avec diff\u00e9rentes textures ! L&rsquo;anneau d&rsquo;\u00e9veil Sense Around de SES Creative a \u00e9t\u00e9 sp\u00e9cialement con\u00e7u pour stimuler les sens de votre b\u00e9b\u00e9. Cet anneau color\u00e9 propose diff\u00e9rentes activit\u00e9s et textures qui sont parfaites pour les b\u00e9b\u00e9s curieux \u00e0 partir de 1 mois. L&rsquo;anneau offre un moyen s\u00fbr [&hellip;]\" \/>\n<meta property=\"og:url\" content=\"https:\/\/ses-creative.com\/fr\/produit\/cerceau-dactivites-sensorielles\/\" \/>\n<meta property=\"og:site_name\" content=\"SES Creative\" \/>\n<meta property=\"article:modified_time\" content=\"2026-02-12T10:22:43+00:00\" \/>\n<meta name=\"twitter:card\" content=\"summary_large_image\" \/>\n<meta name=\"twitter:label1\" content=\"Dur\u00e9e de lecture estim\u00e9e\" \/>\n\t<meta name=\"twitter:data1\" content=\"2 minutes\" \/>\n<script type=\"application\/ld+json\" class=\"yoast-schema-graph\">{\"@context\":\"https:\/\/schema.org\",\"@graph\":[{\"@type\":\"WebPage\",\"@id\":\"https:\/\/ses-creative.com\/fr\/produit\/cerceau-dactivites-sensorielles\/\",\"url\":\"https:\/\/ses-creative.com\/fr\/produit\/cerceau-dactivites-sensorielles\/\",\"name\":\"Cerceau d'activit\u00e9s sensorielles - SES Creative\",\"isPartOf\":{\"@id\":\"https:\/\/ses-creative.com\/#website\"},\"primaryImageOfPage\":{\"@id\":\"https:\/\/ses-creative.com\/fr\/produit\/cerceau-dactivites-sensorielles\/#primaryimage\"},\"image\":{\"@id\":\"https:\/\/ses-creative.com\/fr\/produit\/cerceau-dactivites-sensorielles\/#primaryimage\"},\"thumbnailUrl\":\"https:\/\/ses-creative.com\/wp-content\/uploads\/2026\/01\/131291.jpg\",\"datePublished\":\"2026-02-12T10:09:01+00:00\",\"dateModified\":\"2026-02-12T10:22:43+00:00\",\"breadcrumb\":{\"@id\":\"https:\/\/ses-creative.com\/fr\/produit\/cerceau-dactivites-sensorielles\/#breadcrumb\"},\"inLanguage\":\"fr-FR\",\"potentialAction\":[{\"@type\":\"ReadAction\",\"target\":[\"https:\/\/ses-creative.com\/fr\/produit\/cerceau-dactivites-sensorielles\/\"]}]},{\"@type\":\"ImageObject\",\"inLanguage\":\"fr-FR\",\"@id\":\"https:\/\/ses-creative.com\/fr\/produit\/cerceau-dactivites-sensorielles\/#primaryimage\",\"url\":\"https:\/\/ses-creative.com\/wp-content\/uploads\/2026\/01\/131291.jpg\",\"contentUrl\":\"https:\/\/ses-creative.com\/wp-content\/uploads\/2026\/01\/131291.jpg\",\"width\":1000,\"height\":1000},{\"@type\":\"BreadcrumbList\",\"@id\":\"https:\/\/ses-creative.com\/fr\/produit\/cerceau-dactivites-sensorielles\/#breadcrumb\",\"itemListElement\":[{\"@type\":\"ListItem\",\"position\":1,\"name\":\"Boutique\",\"item\":\"https:\/\/ses-creative.com\/fr\/boutique\/\"},{\"@type\":\"ListItem\",\"position\":2,\"name\":\"B\u00e9b\u00e9 &amp; Tout-petit\",\"item\":\"https:\/\/ses-creative.com\/fr\/product-categorie\/bebe-tout-petit\/\"},{\"@type\":\"ListItem\",\"position\":3,\"name\":\"Cerceau d&#8217;activit\u00e9s sensorielles\"}]},{\"@type\":\"WebSite\",\"@id\":\"https:\/\/ses-creative.com\/#website\",\"url\":\"https:\/\/ses-creative.com\/\",\"name\":\"SES Creative\",\"description\":\"\",\"publisher\":{\"@id\":\"https:\/\/ses-creative.com\/#organization\"},\"potentialAction\":[{\"@type\":\"SearchAction\",\"target\":{\"@type\":\"EntryPoint\",\"urlTemplate\":\"https:\/\/ses-creative.com\/?s={search_term_string}\"},\"query-input\":{\"@type\":\"PropertyValueSpecification\",\"valueRequired\":true,\"valueName\":\"search_term_string\"}}],\"inLanguage\":\"fr-FR\"},{\"@type\":\"Organization\",\"@id\":\"https:\/\/ses-creative.com\/#organization\",\"name\":\"SES Creative\",\"url\":\"https:\/\/ses-creative.com\/\",\"logo\":{\"@type\":\"ImageObject\",\"inLanguage\":\"fr-FR\",\"@id\":\"https:\/\/ses-creative.com\/#\/schema\/logo\/image\/\",\"url\":\"https:\/\/ses-creative.com\/wp-content\/uploads\/2025\/10\/ses-creative-logo.jpg\",\"contentUrl\":\"https:\/\/ses-creative.com\/wp-content\/uploads\/2025\/10\/ses-creative-logo.jpg\",\"width\":2037,\"height\":2037,\"caption\":\"SES Creative\"},\"image\":{\"@id\":\"https:\/\/ses-creative.com\/#\/schema\/logo\/image\/\"}}]}<\/script>\n<!-- \/ Yoast SEO plugin. -->","yoast_head_json":{"title":"Cerceau d'activit\u00e9s sensorielles - SES Creative","robots":{"index":"index","follow":"follow","max-snippet":"max-snippet:-1","max-image-preview":"max-image-preview:large","max-video-preview":"max-video-preview:-1"},"canonical":"https:\/\/ses-creative.com\/fr\/produit\/cerceau-dactivites-sensorielles\/","og_locale":"fr_FR","og_type":"article","og_title":"Cerceau d'activit\u00e9s sensorielles - SES Creative","og_description":"Anneau d&rsquo;activit\u00e9s Sense Around : d\u00e9couvrez et jouez avec diff\u00e9rentes textures ! L&rsquo;anneau d&rsquo;\u00e9veil Sense Around de SES Creative a \u00e9t\u00e9 sp\u00e9cialement con\u00e7u pour stimuler les sens de votre b\u00e9b\u00e9. Cet anneau color\u00e9 propose diff\u00e9rentes activit\u00e9s et textures qui sont parfaites pour les b\u00e9b\u00e9s curieux \u00e0 partir de 1 mois. L&rsquo;anneau offre un moyen s\u00fbr [&hellip;]","og_url":"https:\/\/ses-creative.com\/fr\/produit\/cerceau-dactivites-sensorielles\/","og_site_name":"SES Creative","article_modified_time":"2026-02-12T10:22:43+00:00","twitter_card":"summary_large_image","twitter_misc":{"Dur\u00e9e de lecture estim\u00e9e":"2 minutes"},"schema":{"@context":"https:\/\/schema.org","@graph":[{"@type":"WebPage","@id":"https:\/\/ses-creative.com\/fr\/produit\/cerceau-dactivites-sensorielles\/","url":"https:\/\/ses-creative.com\/fr\/produit\/cerceau-dactivites-sensorielles\/","name":"Cerceau d'activit\u00e9s sensorielles - SES Creative","isPartOf":{"@id":"https:\/\/ses-creative.com\/#website"},"primaryImageOfPage":{"@id":"https:\/\/ses-creative.com\/fr\/produit\/cerceau-dactivites-sensorielles\/#primaryimage"},"image":{"@id":"https:\/\/ses-creative.com\/fr\/produit\/cerceau-dactivites-sensorielles\/#primaryimage"},"thumbnailUrl":"https:\/\/ses-creative.com\/wp-content\/uploads\/2026\/01\/131291.jpg","datePublished":"2026-02-12T10:09:01+00:00","dateModified":"2026-02-12T10:22:43+00:00","breadcrumb":{"@id":"https:\/\/ses-creative.com\/fr\/produit\/cerceau-dactivites-sensorielles\/#breadcrumb"},"inLanguage":"fr-FR","potentialAction":[{"@type":"ReadAction","target":["https:\/\/ses-creative.com\/fr\/produit\/cerceau-dactivites-sensorielles\/"]}]},{"@type":"ImageObject","inLanguage":"fr-FR","@id":"https:\/\/ses-creative.com\/fr\/produit\/cerceau-dactivites-sensorielles\/#primaryimage","url":"https:\/\/ses-creative.com\/wp-content\/uploads\/2026\/01\/131291.jpg","contentUrl":"https:\/\/ses-creative.com\/wp-content\/uploads\/2026\/01\/131291.jpg","width":1000,"height":1000},{"@type":"BreadcrumbList","@id":"https:\/\/ses-creative.com\/fr\/produit\/cerceau-dactivites-sensorielles\/#breadcrumb","itemListElement":[{"@type":"ListItem","position":1,"name":"Boutique","item":"https:\/\/ses-creative.com\/fr\/boutique\/"},{"@type":"ListItem","position":2,"name":"B\u00e9b\u00e9 &amp; Tout-petit","item":"https:\/\/ses-creative.com\/fr\/product-categorie\/bebe-tout-petit\/"},{"@type":"ListItem","position":3,"name":"Cerceau d&#8217;activit\u00e9s sensorielles"}]},{"@type":"WebSite","@id":"https:\/\/ses-creative.com\/#website","url":"https:\/\/ses-creative.com\/","name":"SES Creative","description":"","publisher":{"@id":"https:\/\/ses-creative.com\/#organization"},"potentialAction":[{"@type":"SearchAction","target":{"@type":"EntryPoint","urlTemplate":"https:\/\/ses-creative.com\/?s={search_term_string}"},"query-input":{"@type":"PropertyValueSpecification","valueRequired":true,"valueName":"search_term_string"}}],"inLanguage":"fr-FR"},{"@type":"Organization","@id":"https:\/\/ses-creative.com\/#organization","name":"SES Creative","url":"https:\/\/ses-creative.com\/","logo":{"@type":"ImageObject","inLanguage":"fr-FR","@id":"https:\/\/ses-creative.com\/#\/schema\/logo\/image\/","url":"https:\/\/ses-creative.com\/wp-content\/uploads\/2025\/10\/ses-creative-logo.jpg","contentUrl":"https:\/\/ses-creative.com\/wp-content\/uploads\/2025\/10\/ses-creative-logo.jpg","width":2037,"height":2037,"caption":"SES Creative"},"image":{"@id":"https:\/\/ses-creative.com\/#\/schema\/logo\/image\/"}}]}},"_links":{"self":[{"href":"https:\/\/ses-creative.com\/fr\/wp-json\/wp\/v2\/product\/118210","targetHints":{"allow":["GET"]}}],"collection":[{"href":"https:\/\/ses-creative.com\/fr\/wp-json\/wp\/v2\/product"}],"about":[{"href":"https:\/\/ses-creative.com\/fr\/wp-json\/wp\/v2\/types\/product"}],"replies":[{"embeddable":true,"href":"https:\/\/ses-creative.com\/fr\/wp-json\/wp\/v2\/comments?post=118210"}],"wp:featuredmedia":[{"embeddable":true,"href":"https:\/\/ses-creative.com\/fr\/wp-json\/wp\/v2\/media\/94180"}],"wp:attachment":[{"href":"https:\/\/ses-creative.com\/fr\/wp-json\/wp\/v2\/media?parent=118210"}],"wp:term":[{"taxonomy":"product_brand","embeddable":true,"href":"https:\/\/ses-creative.com\/fr\/wp-json\/wp\/v2\/product_brand?post=118210"},{"taxonomy":"product_cat","embeddable":true,"href":"https:\/\/ses-creative.com\/fr\/wp-json\/wp\/v2\/product_cat?post=118210"},{"taxonomy":"product_tag","embeddable":true,"href":"https:\/\/ses-creative.com\/fr\/wp-json\/wp\/v2\/product_tag?post=118210"}],"curies":[{"name":"wp","href":"https:\/\/api.w.org\/{rel}","templated":true}]}}