











{"id":118208,"date":"2026-02-12T10:09:00","date_gmt":"2026-02-12T10:09:00","guid":{"rendered":"https:\/\/ses-creative.com\/?post_type=product&#038;p=118208"},"modified":"2026-02-12T10:22:43","modified_gmt":"2026-02-12T10:22:43","slug":"olfi-lelephant-sensoriel","status":"publish","type":"product","link":"https:\/\/ses-creative.com\/fr\/produit\/olfi-lelephant-sensoriel\/","title":{"rendered":"Olfi &#8211; L&rsquo;\u00e9l\u00e9phant sensoriel"},"content":{"rendered":"<p>D\u00e9couvrez le monde avec Olfi l&rsquo;\u00e9l\u00e9phant sensoriel !<br \/>\nCe grand \u00e9l\u00e9phant Olfi, doux et sympathique, est le compagnon id\u00e9al de votre tout-petit. Avec ses diff\u00e9rents tissus et textures, Olfi stimule les sens et aide votre b\u00e9b\u00e9 \u00e0 d\u00e9couvrir le monde qui l&rsquo;entoure de mani\u00e8re ludique. Olfi est plus qu&rsquo;une peluche, c&rsquo;est une aventure pleine de nouvelles exp\u00e9riences pour les petites mains et les yeux curieux.<br \/>\nCe qui rend cet ensemble formidable<br \/>\n&#8211;    Stimule la vue, le toucher et le jeu<br \/>\n&#8211;    Jouet sensoriel pour les tout-petits<br \/>\n&#8211;    Diff\u00e9rents tissus et textures \u00e0 d\u00e9couvrir<br \/>\n&#8211;    Doux et s\u00fbr pour les b\u00e9b\u00e9s \u00e0 partir de 3 mois<br \/>\n&#8211;    Aide au d\u00e9veloppement de la motricit\u00e9 fine et des capacit\u00e9s sensorielles<br \/>\nPourquoi ce produit est-il parfait pour vous ?<br \/>\nAvec Olfi l&rsquo;\u00e9l\u00e9phant, votre tout-petit d\u00e9couvre de nouvelles textures et de nouveaux sons, ce qui contribue \u00e0 son d\u00e9veloppement sensoriel. Que ce soit pour le c\u00e2liner ou pour jouer avec lui, Olfi offre des heures de plaisir s\u00fbr et \u00e9ducatif.<br \/>\nContenu du set<br \/>\n&#8211;    Peluche sensorielle Olfi l&rsquo;\u00e9l\u00e9phant<br \/>\nPourquoi choisir SES Creative ?<br \/>\nChez SES Creative, nous accordons une grande importance \u00e0 la s\u00e9curit\u00e9. C&rsquo;est pourquoi nos produits sont fabriqu\u00e9s et test\u00e9s dans notre usine aux Pays-Bas, conform\u00e9ment aux normes de s\u00e9curit\u00e9 europ\u00e9ennes les plus strictes. Les jouets SES Creative sont source de plaisir et permettent aux enfants d&rsquo;\u00eatre fiers de leur travail, ce qui stimule leur cr\u00e9ativit\u00e9 et leur d\u00e9veloppement.<br \/>\nD\u00e9couvrez Olfi l&rsquo;\u00e9l\u00e9phant d\u00e8s aujourd&rsquo;hui !<br \/>\nD\u00e9couvrez Olfi, le premier ami id\u00e9al pour votre b\u00e9b\u00e9, qui lui ouvrira les portes d&rsquo;un monde plein de nouvelles d\u00e9couvertes et de c\u00e2lins sans fin !<\/p>\n","protected":false},"excerpt":{"rendered":"<p>D\u00e9couvrez le monde avec Olfi l&rsquo;\u00e9l\u00e9phant sensoriel ! Ce grand \u00e9l\u00e9phant Olfi, doux et sympathique, est le compagnon id\u00e9al de votre tout-petit. Avec ses diff\u00e9rents tissus et textures, Olfi stimule les sens et aide votre b\u00e9b\u00e9 \u00e0 d\u00e9couvrir le monde qui l&rsquo;entoure de mani\u00e8re ludique. Olfi est plus qu&rsquo;une peluche, c&rsquo;est une aventure pleine de [&hellip;]<\/p>\n","protected":false},"featured_media":94160,"comment_status":"closed","ping_status":"closed","template":"","meta":{"_acf_changed":false},"product_brand":[],"product_cat":[123],"product_tag":[],"class_list":{"0":"post-118208","1":"product","2":"type-product","3":"status-publish","4":"has-post-thumbnail","6":"product_cat-bebe-tout-petit","7":"pa_leeftijd-filter-0-2-ans","8":"pa_meest-populair-bij-garcons-filles","10":"first","11":"instock","12":"shipping-taxable","13":"product-type-simple"},"acf":[],"yoast_head":"<!-- This site is optimized with the Yoast SEO plugin v27.2 - https:\/\/yoast.com\/product\/yoast-seo-wordpress\/ -->\n<title>Olfi - L&#039;\u00e9l\u00e9phant sensoriel - SES Creative<\/title>\n<meta name=\"robots\" content=\"index, follow, max-snippet:-1, max-image-preview:large, max-video-preview:-1\" \/>\n<link rel=\"canonical\" href=\"https:\/\/ses-creative.com\/fr\/produit\/olfi-lelephant-sensoriel\/\" \/>\n<meta property=\"og:locale\" content=\"fr_FR\" \/>\n<meta property=\"og:type\" content=\"article\" \/>\n<meta property=\"og:title\" content=\"Olfi - L&#039;\u00e9l\u00e9phant sensoriel - SES Creative\" \/>\n<meta property=\"og:description\" content=\"D\u00e9couvrez le monde avec Olfi l&rsquo;\u00e9l\u00e9phant sensoriel ! Ce grand \u00e9l\u00e9phant Olfi, doux et sympathique, est le compagnon id\u00e9al de votre tout-petit. Avec ses diff\u00e9rents tissus et textures, Olfi stimule les sens et aide votre b\u00e9b\u00e9 \u00e0 d\u00e9couvrir le monde qui l&rsquo;entoure de mani\u00e8re ludique. Olfi est plus qu&rsquo;une peluche, c&rsquo;est une aventure pleine de [&hellip;]\" \/>\n<meta property=\"og:url\" content=\"https:\/\/ses-creative.com\/fr\/produit\/olfi-lelephant-sensoriel\/\" \/>\n<meta property=\"og:site_name\" content=\"SES Creative\" \/>\n<meta property=\"article:modified_time\" content=\"2026-02-12T10:22:43+00:00\" \/>\n<meta name=\"twitter:card\" content=\"summary_large_image\" \/>\n<meta name=\"twitter:label1\" content=\"Dur\u00e9e de lecture estim\u00e9e\" \/>\n\t<meta name=\"twitter:data1\" content=\"2 minutes\" \/>\n<script type=\"application\/ld+json\" class=\"yoast-schema-graph\">{\"@context\":\"https:\/\/schema.org\",\"@graph\":[{\"@type\":\"WebPage\",\"@id\":\"https:\/\/ses-creative.com\/fr\/produit\/olfi-lelephant-sensoriel\/\",\"url\":\"https:\/\/ses-creative.com\/fr\/produit\/olfi-lelephant-sensoriel\/\",\"name\":\"Olfi - L'\u00e9l\u00e9phant sensoriel - SES Creative\",\"isPartOf\":{\"@id\":\"https:\/\/ses-creative.com\/#website\"},\"primaryImageOfPage\":{\"@id\":\"https:\/\/ses-creative.com\/fr\/produit\/olfi-lelephant-sensoriel\/#primaryimage\"},\"image\":{\"@id\":\"https:\/\/ses-creative.com\/fr\/produit\/olfi-lelephant-sensoriel\/#primaryimage\"},\"thumbnailUrl\":\"https:\/\/ses-creative.com\/wp-content\/uploads\/2026\/01\/131141.jpg\",\"datePublished\":\"2026-02-12T10:09:00+00:00\",\"dateModified\":\"2026-02-12T10:22:43+00:00\",\"breadcrumb\":{\"@id\":\"https:\/\/ses-creative.com\/fr\/produit\/olfi-lelephant-sensoriel\/#breadcrumb\"},\"inLanguage\":\"fr-FR\",\"potentialAction\":[{\"@type\":\"ReadAction\",\"target\":[\"https:\/\/ses-creative.com\/fr\/produit\/olfi-lelephant-sensoriel\/\"]}]},{\"@type\":\"ImageObject\",\"inLanguage\":\"fr-FR\",\"@id\":\"https:\/\/ses-creative.com\/fr\/produit\/olfi-lelephant-sensoriel\/#primaryimage\",\"url\":\"https:\/\/ses-creative.com\/wp-content\/uploads\/2026\/01\/131141.jpg\",\"contentUrl\":\"https:\/\/ses-creative.com\/wp-content\/uploads\/2026\/01\/131141.jpg\",\"width\":1000,\"height\":1000},{\"@type\":\"BreadcrumbList\",\"@id\":\"https:\/\/ses-creative.com\/fr\/produit\/olfi-lelephant-sensoriel\/#breadcrumb\",\"itemListElement\":[{\"@type\":\"ListItem\",\"position\":1,\"name\":\"Boutique\",\"item\":\"https:\/\/ses-creative.com\/fr\/boutique\/\"},{\"@type\":\"ListItem\",\"position\":2,\"name\":\"B\u00e9b\u00e9 &amp; Tout-petit\",\"item\":\"https:\/\/ses-creative.com\/fr\/product-categorie\/bebe-tout-petit\/\"},{\"@type\":\"ListItem\",\"position\":3,\"name\":\"Olfi &#8211; L&#8217;\u00e9l\u00e9phant sensoriel\"}]},{\"@type\":\"WebSite\",\"@id\":\"https:\/\/ses-creative.com\/#website\",\"url\":\"https:\/\/ses-creative.com\/\",\"name\":\"SES Creative\",\"description\":\"\",\"publisher\":{\"@id\":\"https:\/\/ses-creative.com\/#organization\"},\"potentialAction\":[{\"@type\":\"SearchAction\",\"target\":{\"@type\":\"EntryPoint\",\"urlTemplate\":\"https:\/\/ses-creative.com\/?s={search_term_string}\"},\"query-input\":{\"@type\":\"PropertyValueSpecification\",\"valueRequired\":true,\"valueName\":\"search_term_string\"}}],\"inLanguage\":\"fr-FR\"},{\"@type\":\"Organization\",\"@id\":\"https:\/\/ses-creative.com\/#organization\",\"name\":\"SES Creative\",\"url\":\"https:\/\/ses-creative.com\/\",\"logo\":{\"@type\":\"ImageObject\",\"inLanguage\":\"fr-FR\",\"@id\":\"https:\/\/ses-creative.com\/#\/schema\/logo\/image\/\",\"url\":\"https:\/\/ses-creative.com\/wp-content\/uploads\/2025\/10\/ses-creative-logo.jpg\",\"contentUrl\":\"https:\/\/ses-creative.com\/wp-content\/uploads\/2025\/10\/ses-creative-logo.jpg\",\"width\":2037,\"height\":2037,\"caption\":\"SES Creative\"},\"image\":{\"@id\":\"https:\/\/ses-creative.com\/#\/schema\/logo\/image\/\"}}]}<\/script>\n<!-- \/ Yoast SEO plugin. -->","yoast_head_json":{"title":"Olfi - L'\u00e9l\u00e9phant sensoriel - SES Creative","robots":{"index":"index","follow":"follow","max-snippet":"max-snippet:-1","max-image-preview":"max-image-preview:large","max-video-preview":"max-video-preview:-1"},"canonical":"https:\/\/ses-creative.com\/fr\/produit\/olfi-lelephant-sensoriel\/","og_locale":"fr_FR","og_type":"article","og_title":"Olfi - L'\u00e9l\u00e9phant sensoriel - SES Creative","og_description":"D\u00e9couvrez le monde avec Olfi l&rsquo;\u00e9l\u00e9phant sensoriel ! Ce grand \u00e9l\u00e9phant Olfi, doux et sympathique, est le compagnon id\u00e9al de votre tout-petit. Avec ses diff\u00e9rents tissus et textures, Olfi stimule les sens et aide votre b\u00e9b\u00e9 \u00e0 d\u00e9couvrir le monde qui l&rsquo;entoure de mani\u00e8re ludique. Olfi est plus qu&rsquo;une peluche, c&rsquo;est une aventure pleine de [&hellip;]","og_url":"https:\/\/ses-creative.com\/fr\/produit\/olfi-lelephant-sensoriel\/","og_site_name":"SES Creative","article_modified_time":"2026-02-12T10:22:43+00:00","twitter_card":"summary_large_image","twitter_misc":{"Dur\u00e9e de lecture estim\u00e9e":"2 minutes"},"schema":{"@context":"https:\/\/schema.org","@graph":[{"@type":"WebPage","@id":"https:\/\/ses-creative.com\/fr\/produit\/olfi-lelephant-sensoriel\/","url":"https:\/\/ses-creative.com\/fr\/produit\/olfi-lelephant-sensoriel\/","name":"Olfi - L'\u00e9l\u00e9phant sensoriel - SES Creative","isPartOf":{"@id":"https:\/\/ses-creative.com\/#website"},"primaryImageOfPage":{"@id":"https:\/\/ses-creative.com\/fr\/produit\/olfi-lelephant-sensoriel\/#primaryimage"},"image":{"@id":"https:\/\/ses-creative.com\/fr\/produit\/olfi-lelephant-sensoriel\/#primaryimage"},"thumbnailUrl":"https:\/\/ses-creative.com\/wp-content\/uploads\/2026\/01\/131141.jpg","datePublished":"2026-02-12T10:09:00+00:00","dateModified":"2026-02-12T10:22:43+00:00","breadcrumb":{"@id":"https:\/\/ses-creative.com\/fr\/produit\/olfi-lelephant-sensoriel\/#breadcrumb"},"inLanguage":"fr-FR","potentialAction":[{"@type":"ReadAction","target":["https:\/\/ses-creative.com\/fr\/produit\/olfi-lelephant-sensoriel\/"]}]},{"@type":"ImageObject","inLanguage":"fr-FR","@id":"https:\/\/ses-creative.com\/fr\/produit\/olfi-lelephant-sensoriel\/#primaryimage","url":"https:\/\/ses-creative.com\/wp-content\/uploads\/2026\/01\/131141.jpg","contentUrl":"https:\/\/ses-creative.com\/wp-content\/uploads\/2026\/01\/131141.jpg","width":1000,"height":1000},{"@type":"BreadcrumbList","@id":"https:\/\/ses-creative.com\/fr\/produit\/olfi-lelephant-sensoriel\/#breadcrumb","itemListElement":[{"@type":"ListItem","position":1,"name":"Boutique","item":"https:\/\/ses-creative.com\/fr\/boutique\/"},{"@type":"ListItem","position":2,"name":"B\u00e9b\u00e9 &amp; Tout-petit","item":"https:\/\/ses-creative.com\/fr\/product-categorie\/bebe-tout-petit\/"},{"@type":"ListItem","position":3,"name":"Olfi &#8211; L&#8217;\u00e9l\u00e9phant sensoriel"}]},{"@type":"WebSite","@id":"https:\/\/ses-creative.com\/#website","url":"https:\/\/ses-creative.com\/","name":"SES Creative","description":"","publisher":{"@id":"https:\/\/ses-creative.com\/#organization"},"potentialAction":[{"@type":"SearchAction","target":{"@type":"EntryPoint","urlTemplate":"https:\/\/ses-creative.com\/?s={search_term_string}"},"query-input":{"@type":"PropertyValueSpecification","valueRequired":true,"valueName":"search_term_string"}}],"inLanguage":"fr-FR"},{"@type":"Organization","@id":"https:\/\/ses-creative.com\/#organization","name":"SES Creative","url":"https:\/\/ses-creative.com\/","logo":{"@type":"ImageObject","inLanguage":"fr-FR","@id":"https:\/\/ses-creative.com\/#\/schema\/logo\/image\/","url":"https:\/\/ses-creative.com\/wp-content\/uploads\/2025\/10\/ses-creative-logo.jpg","contentUrl":"https:\/\/ses-creative.com\/wp-content\/uploads\/2025\/10\/ses-creative-logo.jpg","width":2037,"height":2037,"caption":"SES Creative"},"image":{"@id":"https:\/\/ses-creative.com\/#\/schema\/logo\/image\/"}}]}},"_links":{"self":[{"href":"https:\/\/ses-creative.com\/fr\/wp-json\/wp\/v2\/product\/118208","targetHints":{"allow":["GET"]}}],"collection":[{"href":"https:\/\/ses-creative.com\/fr\/wp-json\/wp\/v2\/product"}],"about":[{"href":"https:\/\/ses-creative.com\/fr\/wp-json\/wp\/v2\/types\/product"}],"replies":[{"embeddable":true,"href":"https:\/\/ses-creative.com\/fr\/wp-json\/wp\/v2\/comments?post=118208"}],"wp:featuredmedia":[{"embeddable":true,"href":"https:\/\/ses-creative.com\/fr\/wp-json\/wp\/v2\/media\/94160"}],"wp:attachment":[{"href":"https:\/\/ses-creative.com\/fr\/wp-json\/wp\/v2\/media?parent=118208"}],"wp:term":[{"taxonomy":"product_brand","embeddable":true,"href":"https:\/\/ses-creative.com\/fr\/wp-json\/wp\/v2\/product_brand?post=118208"},{"taxonomy":"product_cat","embeddable":true,"href":"https:\/\/ses-creative.com\/fr\/wp-json\/wp\/v2\/product_cat?post=118208"},{"taxonomy":"product_tag","embeddable":true,"href":"https:\/\/ses-creative.com\/fr\/wp-json\/wp\/v2\/product_tag?post=118208"}],"curies":[{"name":"wp","href":"https:\/\/api.w.org\/{rel}","templated":true}]}}