











{"id":118207,"date":"2026-02-12T10:09:00","date_gmt":"2026-02-12T10:09:00","guid":{"rendered":"https:\/\/ses-creative.com\/?post_type=product&#038;p=118207"},"modified":"2026-02-12T10:22:42","modified_gmt":"2026-02-12T10:22:42","slug":"livre-en-tissu-sensoriel-avec-queues-danimaux","status":"publish","type":"product","link":"https:\/\/ses-creative.com\/fr\/produit\/livre-en-tissu-sensoriel-avec-queues-danimaux\/","title":{"rendered":"Livre en tissu sensoriel avec queues d&rsquo;animaux"},"content":{"rendered":"<p>D\u00e9couvrez la magie des queues d&rsquo;animaux avec le livre sensoriel doux !<br \/>\nCe livre sensoriel doux sur les queues d&rsquo;animaux permet \u00e0 votre tout-petit de d\u00e9couvrir de mani\u00e8re ludique diff\u00e9rents animaux et leurs queues. Chaque page pr\u00e9sente une queue diff\u00e9rente, r\u00e9alis\u00e9e dans des tissus et des textures vari\u00e9s, ce qui rend le livre non seulement agr\u00e9able \u00e0 regarder, mais aussi \u00e0 toucher. Parfait pour les petites mains curieuses qui aiment d\u00e9couvrir et apprendre !<br \/>\nCe qui rend cet ensemble formidable<br \/>\n&#8211;    Stimule la vue, le toucher et le jeu<br \/>\n&#8211; Diff\u00e9rents tissus et textures \u00e0 d\u00e9couvrir<br \/>\n&#8211;    Mat\u00e9riaux s\u00fbrs et doux<br \/>\n&#8211; Id\u00e9al pour le d\u00e9veloppement sensoriel<br \/>\n&#8211;    Parfait pour les enfants \u00e0 partir de 6 mois<br \/>\nPourquoi ce produit est-il parfait pour vous ?<br \/>\nLaissez votre tout-petit d\u00e9couvrir les diff\u00e9rentes queues d&rsquo;animaux dans ce livre en tissu doux. Chaque page offre quelque chose de nouveau \u00e0 toucher, \u00e0 voir et \u00e0 d\u00e9couvrir, ce qui contribue au d\u00e9veloppement sensoriel et \u00e0 la curiosit\u00e9 de votre enfant.<br \/>\nContenu du set<br \/>\n&#8211; Livre d&rsquo;images en tissu avec diff\u00e9rentes queues d&rsquo;animaux en tissu<br \/>\nPourquoi choisir SES Creative ?<br \/>\nChez SES Creative, nous accordons une grande importance \u00e0 la s\u00e9curit\u00e9. C&rsquo;est pourquoi nos produits sont fabriqu\u00e9s et test\u00e9s dans notre usine aux Pays-Bas, conform\u00e9ment aux normes de s\u00e9curit\u00e9 europ\u00e9ennes les plus strictes. Les jouets SES Creative sont source de plaisir et permettent aux enfants d&rsquo;\u00eatre fiers de leur travail, ce qui stimule leur cr\u00e9ativit\u00e9 et leur d\u00e9veloppement.<br \/>\nCommencez l&rsquo;aventure avec les queues d&rsquo;animaux d\u00e8s aujourd&rsquo;hui !<br \/>\nOffrez \u00e0 votre enfant une exp\u00e9rience douce et \u00e9ducative avec le livre Sensory Soft Animal Tails. Parfait pour stimuler les sens et d\u00e9couvrir le monde qui les entoure !\u2003<\/p>\n","protected":false},"excerpt":{"rendered":"<p>D\u00e9couvrez la magie des queues d&rsquo;animaux avec le livre sensoriel doux ! Ce livre sensoriel doux sur les queues d&rsquo;animaux permet \u00e0 votre tout-petit de d\u00e9couvrir de mani\u00e8re ludique diff\u00e9rents animaux et leurs queues. Chaque page pr\u00e9sente une queue diff\u00e9rente, r\u00e9alis\u00e9e dans des tissus et des textures vari\u00e9s, ce qui rend le livre non seulement [&hellip;]<\/p>\n","protected":false},"featured_media":100748,"comment_status":"closed","ping_status":"closed","template":"","meta":{"_acf_changed":false},"product_brand":[],"product_cat":[123],"product_tag":[],"class_list":{"0":"post-118207","1":"product","2":"type-product","3":"status-publish","4":"has-post-thumbnail","6":"product_cat-bebe-tout-petit","7":"pa_leeftijd-filter-0-2-ans","8":"pa_meest-populair-bij-garcons-filles","10":"first","11":"instock","12":"shipping-taxable","13":"product-type-simple"},"acf":[],"yoast_head":"<!-- This site is optimized with the Yoast SEO plugin v27.2 - https:\/\/yoast.com\/product\/yoast-seo-wordpress\/ -->\n<title>Livre en tissu sensoriel avec queues d&#039;animaux - SES Creative<\/title>\n<meta name=\"robots\" content=\"index, follow, max-snippet:-1, max-image-preview:large, max-video-preview:-1\" \/>\n<link rel=\"canonical\" href=\"https:\/\/ses-creative.com\/fr\/produit\/livre-en-tissu-sensoriel-avec-queues-danimaux\/\" \/>\n<meta property=\"og:locale\" content=\"fr_FR\" \/>\n<meta property=\"og:type\" content=\"article\" \/>\n<meta property=\"og:title\" content=\"Livre en tissu sensoriel avec queues d&#039;animaux - SES Creative\" \/>\n<meta property=\"og:description\" content=\"D\u00e9couvrez la magie des queues d&rsquo;animaux avec le livre sensoriel doux ! Ce livre sensoriel doux sur les queues d&rsquo;animaux permet \u00e0 votre tout-petit de d\u00e9couvrir de mani\u00e8re ludique diff\u00e9rents animaux et leurs queues. Chaque page pr\u00e9sente une queue diff\u00e9rente, r\u00e9alis\u00e9e dans des tissus et des textures vari\u00e9s, ce qui rend le livre non seulement [&hellip;]\" \/>\n<meta property=\"og:url\" content=\"https:\/\/ses-creative.com\/fr\/produit\/livre-en-tissu-sensoriel-avec-queues-danimaux\/\" \/>\n<meta property=\"og:site_name\" content=\"SES Creative\" \/>\n<meta property=\"article:modified_time\" content=\"2026-02-12T10:22:42+00:00\" \/>\n<meta name=\"twitter:card\" content=\"summary_large_image\" \/>\n<meta name=\"twitter:label1\" content=\"Dur\u00e9e de lecture estim\u00e9e\" \/>\n\t<meta name=\"twitter:data1\" content=\"1 minute\" \/>\n<script type=\"application\/ld+json\" class=\"yoast-schema-graph\">{\"@context\":\"https:\/\/schema.org\",\"@graph\":[{\"@type\":\"WebPage\",\"@id\":\"https:\/\/ses-creative.com\/fr\/produit\/livre-en-tissu-sensoriel-avec-queues-danimaux\/\",\"url\":\"https:\/\/ses-creative.com\/fr\/produit\/livre-en-tissu-sensoriel-avec-queues-danimaux\/\",\"name\":\"Livre en tissu sensoriel avec queues d'animaux - SES Creative\",\"isPartOf\":{\"@id\":\"https:\/\/ses-creative.com\/#website\"},\"primaryImageOfPage\":{\"@id\":\"https:\/\/ses-creative.com\/fr\/produit\/livre-en-tissu-sensoriel-avec-queues-danimaux\/#primaryimage\"},\"image\":{\"@id\":\"https:\/\/ses-creative.com\/fr\/produit\/livre-en-tissu-sensoriel-avec-queues-danimaux\/#primaryimage\"},\"thumbnailUrl\":\"https:\/\/ses-creative.com\/wp-content\/uploads\/2026\/01\/131121.jpg\",\"datePublished\":\"2026-02-12T10:09:00+00:00\",\"dateModified\":\"2026-02-12T10:22:42+00:00\",\"breadcrumb\":{\"@id\":\"https:\/\/ses-creative.com\/fr\/produit\/livre-en-tissu-sensoriel-avec-queues-danimaux\/#breadcrumb\"},\"inLanguage\":\"fr-FR\",\"potentialAction\":[{\"@type\":\"ReadAction\",\"target\":[\"https:\/\/ses-creative.com\/fr\/produit\/livre-en-tissu-sensoriel-avec-queues-danimaux\/\"]}]},{\"@type\":\"ImageObject\",\"inLanguage\":\"fr-FR\",\"@id\":\"https:\/\/ses-creative.com\/fr\/produit\/livre-en-tissu-sensoriel-avec-queues-danimaux\/#primaryimage\",\"url\":\"https:\/\/ses-creative.com\/wp-content\/uploads\/2026\/01\/131121.jpg\",\"contentUrl\":\"https:\/\/ses-creative.com\/wp-content\/uploads\/2026\/01\/131121.jpg\",\"width\":1000,\"height\":1000},{\"@type\":\"BreadcrumbList\",\"@id\":\"https:\/\/ses-creative.com\/fr\/produit\/livre-en-tissu-sensoriel-avec-queues-danimaux\/#breadcrumb\",\"itemListElement\":[{\"@type\":\"ListItem\",\"position\":1,\"name\":\"Boutique\",\"item\":\"https:\/\/ses-creative.com\/fr\/boutique\/\"},{\"@type\":\"ListItem\",\"position\":2,\"name\":\"B\u00e9b\u00e9 &amp; Tout-petit\",\"item\":\"https:\/\/ses-creative.com\/fr\/product-categorie\/bebe-tout-petit\/\"},{\"@type\":\"ListItem\",\"position\":3,\"name\":\"Livre en tissu sensoriel avec queues d&#8217;animaux\"}]},{\"@type\":\"WebSite\",\"@id\":\"https:\/\/ses-creative.com\/#website\",\"url\":\"https:\/\/ses-creative.com\/\",\"name\":\"SES Creative\",\"description\":\"\",\"publisher\":{\"@id\":\"https:\/\/ses-creative.com\/#organization\"},\"potentialAction\":[{\"@type\":\"SearchAction\",\"target\":{\"@type\":\"EntryPoint\",\"urlTemplate\":\"https:\/\/ses-creative.com\/?s={search_term_string}\"},\"query-input\":{\"@type\":\"PropertyValueSpecification\",\"valueRequired\":true,\"valueName\":\"search_term_string\"}}],\"inLanguage\":\"fr-FR\"},{\"@type\":\"Organization\",\"@id\":\"https:\/\/ses-creative.com\/#organization\",\"name\":\"SES Creative\",\"url\":\"https:\/\/ses-creative.com\/\",\"logo\":{\"@type\":\"ImageObject\",\"inLanguage\":\"fr-FR\",\"@id\":\"https:\/\/ses-creative.com\/#\/schema\/logo\/image\/\",\"url\":\"https:\/\/ses-creative.com\/wp-content\/uploads\/2025\/10\/ses-creative-logo.jpg\",\"contentUrl\":\"https:\/\/ses-creative.com\/wp-content\/uploads\/2025\/10\/ses-creative-logo.jpg\",\"width\":2037,\"height\":2037,\"caption\":\"SES Creative\"},\"image\":{\"@id\":\"https:\/\/ses-creative.com\/#\/schema\/logo\/image\/\"}}]}<\/script>\n<!-- \/ Yoast SEO plugin. -->","yoast_head_json":{"title":"Livre en tissu sensoriel avec queues d'animaux - SES Creative","robots":{"index":"index","follow":"follow","max-snippet":"max-snippet:-1","max-image-preview":"max-image-preview:large","max-video-preview":"max-video-preview:-1"},"canonical":"https:\/\/ses-creative.com\/fr\/produit\/livre-en-tissu-sensoriel-avec-queues-danimaux\/","og_locale":"fr_FR","og_type":"article","og_title":"Livre en tissu sensoriel avec queues d'animaux - SES Creative","og_description":"D\u00e9couvrez la magie des queues d&rsquo;animaux avec le livre sensoriel doux ! Ce livre sensoriel doux sur les queues d&rsquo;animaux permet \u00e0 votre tout-petit de d\u00e9couvrir de mani\u00e8re ludique diff\u00e9rents animaux et leurs queues. Chaque page pr\u00e9sente une queue diff\u00e9rente, r\u00e9alis\u00e9e dans des tissus et des textures vari\u00e9s, ce qui rend le livre non seulement [&hellip;]","og_url":"https:\/\/ses-creative.com\/fr\/produit\/livre-en-tissu-sensoriel-avec-queues-danimaux\/","og_site_name":"SES Creative","article_modified_time":"2026-02-12T10:22:42+00:00","twitter_card":"summary_large_image","twitter_misc":{"Dur\u00e9e de lecture estim\u00e9e":"1 minute"},"schema":{"@context":"https:\/\/schema.org","@graph":[{"@type":"WebPage","@id":"https:\/\/ses-creative.com\/fr\/produit\/livre-en-tissu-sensoriel-avec-queues-danimaux\/","url":"https:\/\/ses-creative.com\/fr\/produit\/livre-en-tissu-sensoriel-avec-queues-danimaux\/","name":"Livre en tissu sensoriel avec queues d'animaux - SES Creative","isPartOf":{"@id":"https:\/\/ses-creative.com\/#website"},"primaryImageOfPage":{"@id":"https:\/\/ses-creative.com\/fr\/produit\/livre-en-tissu-sensoriel-avec-queues-danimaux\/#primaryimage"},"image":{"@id":"https:\/\/ses-creative.com\/fr\/produit\/livre-en-tissu-sensoriel-avec-queues-danimaux\/#primaryimage"},"thumbnailUrl":"https:\/\/ses-creative.com\/wp-content\/uploads\/2026\/01\/131121.jpg","datePublished":"2026-02-12T10:09:00+00:00","dateModified":"2026-02-12T10:22:42+00:00","breadcrumb":{"@id":"https:\/\/ses-creative.com\/fr\/produit\/livre-en-tissu-sensoriel-avec-queues-danimaux\/#breadcrumb"},"inLanguage":"fr-FR","potentialAction":[{"@type":"ReadAction","target":["https:\/\/ses-creative.com\/fr\/produit\/livre-en-tissu-sensoriel-avec-queues-danimaux\/"]}]},{"@type":"ImageObject","inLanguage":"fr-FR","@id":"https:\/\/ses-creative.com\/fr\/produit\/livre-en-tissu-sensoriel-avec-queues-danimaux\/#primaryimage","url":"https:\/\/ses-creative.com\/wp-content\/uploads\/2026\/01\/131121.jpg","contentUrl":"https:\/\/ses-creative.com\/wp-content\/uploads\/2026\/01\/131121.jpg","width":1000,"height":1000},{"@type":"BreadcrumbList","@id":"https:\/\/ses-creative.com\/fr\/produit\/livre-en-tissu-sensoriel-avec-queues-danimaux\/#breadcrumb","itemListElement":[{"@type":"ListItem","position":1,"name":"Boutique","item":"https:\/\/ses-creative.com\/fr\/boutique\/"},{"@type":"ListItem","position":2,"name":"B\u00e9b\u00e9 &amp; Tout-petit","item":"https:\/\/ses-creative.com\/fr\/product-categorie\/bebe-tout-petit\/"},{"@type":"ListItem","position":3,"name":"Livre en tissu sensoriel avec queues d&#8217;animaux"}]},{"@type":"WebSite","@id":"https:\/\/ses-creative.com\/#website","url":"https:\/\/ses-creative.com\/","name":"SES Creative","description":"","publisher":{"@id":"https:\/\/ses-creative.com\/#organization"},"potentialAction":[{"@type":"SearchAction","target":{"@type":"EntryPoint","urlTemplate":"https:\/\/ses-creative.com\/?s={search_term_string}"},"query-input":{"@type":"PropertyValueSpecification","valueRequired":true,"valueName":"search_term_string"}}],"inLanguage":"fr-FR"},{"@type":"Organization","@id":"https:\/\/ses-creative.com\/#organization","name":"SES Creative","url":"https:\/\/ses-creative.com\/","logo":{"@type":"ImageObject","inLanguage":"fr-FR","@id":"https:\/\/ses-creative.com\/#\/schema\/logo\/image\/","url":"https:\/\/ses-creative.com\/wp-content\/uploads\/2025\/10\/ses-creative-logo.jpg","contentUrl":"https:\/\/ses-creative.com\/wp-content\/uploads\/2025\/10\/ses-creative-logo.jpg","width":2037,"height":2037,"caption":"SES Creative"},"image":{"@id":"https:\/\/ses-creative.com\/#\/schema\/logo\/image\/"}}]}},"_links":{"self":[{"href":"https:\/\/ses-creative.com\/fr\/wp-json\/wp\/v2\/product\/118207","targetHints":{"allow":["GET"]}}],"collection":[{"href":"https:\/\/ses-creative.com\/fr\/wp-json\/wp\/v2\/product"}],"about":[{"href":"https:\/\/ses-creative.com\/fr\/wp-json\/wp\/v2\/types\/product"}],"replies":[{"embeddable":true,"href":"https:\/\/ses-creative.com\/fr\/wp-json\/wp\/v2\/comments?post=118207"}],"wp:featuredmedia":[{"embeddable":true,"href":"https:\/\/ses-creative.com\/fr\/wp-json\/wp\/v2\/media\/100748"}],"wp:attachment":[{"href":"https:\/\/ses-creative.com\/fr\/wp-json\/wp\/v2\/media?parent=118207"}],"wp:term":[{"taxonomy":"product_brand","embeddable":true,"href":"https:\/\/ses-creative.com\/fr\/wp-json\/wp\/v2\/product_brand?post=118207"},{"taxonomy":"product_cat","embeddable":true,"href":"https:\/\/ses-creative.com\/fr\/wp-json\/wp\/v2\/product_cat?post=118207"},{"taxonomy":"product_tag","embeddable":true,"href":"https:\/\/ses-creative.com\/fr\/wp-json\/wp\/v2\/product_tag?post=118207"}],"curies":[{"name":"wp","href":"https:\/\/api.w.org\/{rel}","templated":true}]}}