











{"id":118206,"date":"2026-02-12T10:09:00","date_gmt":"2026-02-12T10:09:00","guid":{"rendered":"https:\/\/ses-creative.com\/?post_type=product&#038;p=118206"},"modified":"2026-02-12T10:22:42","modified_gmt":"2026-02-12T10:22:42","slug":"perles-sensorielles-a-lacer","status":"publish","type":"product","link":"https:\/\/ses-creative.com\/fr\/produit\/perles-sensorielles-a-lacer\/","title":{"rendered":"Perles sensorielles \u00e0 lacer"},"content":{"rendered":"<p>D\u00e9couvrez un monde de sensations avec l&rsquo;enfilage de perles sensorielles !<br \/>\nAvec \u00ab SES Creative Enfilage de perles sensorielles \u00bb, vous d\u00e9couvrez de mani\u00e8re cr\u00e9ative le monde qui vous entoure avec vos sens. Ces perles color\u00e9es de diff\u00e9rentes mati\u00e8res et formes font de l&rsquo;enfilage une aventure passionnante. Sentez les diff\u00e9rentes textures, admirez les belles couleurs et enfilez les perles une \u00e0 une sur le cordon. Une mani\u00e8re parfaite d&rsquo;apprendre en jouant et de d\u00e9velopper votre motricit\u00e9 fine !<br \/>\nCe qui rend ce set g\u00e9nial<br \/>\n&#8211;    Jeu sensoriel : stimule les sens<br \/>\n&#8211;    Apprenez \u00e0 reconna\u00eetre diff\u00e9rentes formes et textures tout en jouant<br \/>\n&#8211;    D\u00e9veloppe la motricit\u00e9 fine<br \/>\n&#8211;    S\u00fbr et adapt\u00e9 aux enfants \u00e0 partir de 18 mois<br \/>\n&#8211;    Perles color\u00e9es dans diff\u00e9rents mat\u00e9riaux<br \/>\nPourquoi ce produit est-il parfait pour vous ?<br \/>\nEnfilez les diff\u00e9rentes perles sur les cordons et d\u00e9couvrez leurs textures et formes uniques. Ce set offre un plaisir de jeu infini et aide les enfants \u00e0 d\u00e9couvrir leurs sens tout en cr\u00e9ant de magnifiques colliers.<br \/>\nContenu du set<br \/>\n&#8211; 4 perles en bois<br \/>\n&#8211;    3 perles en mousse<br \/>\n&#8211;    2 cordons diff\u00e9rents<br \/>\nPourquoi choisir SES Creative ?<br \/>\nChez SES Creative, nous accordons une grande importance \u00e0 la s\u00e9curit\u00e9. C&rsquo;est pourquoi nos produits sont fabriqu\u00e9s et test\u00e9s dans notre usine aux Pays-Bas, conform\u00e9ment aux normes de s\u00e9curit\u00e9 europ\u00e9ennes les plus strictes. Les jouets SES Creative sont source de plaisir et permettent aux enfants d&rsquo;\u00eatre fiers de leur travail, ce qui stimule leur cr\u00e9ativit\u00e9 et leur d\u00e9veloppement.<br \/>\nCommencez d\u00e8s aujourd&rsquo;hui \u00e0 enfiler des perles !<br \/>\nD\u00e9couvrez le plaisir du jeu sensoriel avec SES Creative Sensory Bead Stringing. Parfait pour les jeunes enfants qui veulent explorer leur monde et exprimer leur cr\u00e9ativit\u00e9 !<\/p>\n","protected":false},"excerpt":{"rendered":"<p>D\u00e9couvrez un monde de sensations avec l&rsquo;enfilage de perles sensorielles ! Avec \u00ab SES Creative Enfilage de perles sensorielles \u00bb, vous d\u00e9couvrez de mani\u00e8re cr\u00e9ative le monde qui vous entoure avec vos sens. Ces perles color\u00e9es de diff\u00e9rentes mati\u00e8res et formes font de l&rsquo;enfilage une aventure passionnante. Sentez les diff\u00e9rentes textures, admirez les belles couleurs [&hellip;]<\/p>\n","protected":false},"featured_media":100728,"comment_status":"closed","ping_status":"closed","template":"","meta":{"_acf_changed":false},"product_brand":[],"product_cat":[123],"product_tag":[],"class_list":{"0":"post-118206","1":"product","2":"type-product","3":"status-publish","4":"has-post-thumbnail","6":"product_cat-bebe-tout-petit","7":"pa_leeftijd-filter-0-2-ans","8":"pa_meest-populair-bij-garcons-filles","10":"first","11":"instock","12":"shipping-taxable","13":"product-type-simple"},"acf":[],"yoast_head":"<!-- This site is optimized with the Yoast SEO plugin v27.2 - https:\/\/yoast.com\/product\/yoast-seo-wordpress\/ -->\n<title>Perles sensorielles \u00e0 lacer - SES Creative<\/title>\n<meta name=\"robots\" content=\"index, follow, max-snippet:-1, max-image-preview:large, max-video-preview:-1\" \/>\n<link rel=\"canonical\" href=\"https:\/\/ses-creative.com\/fr\/produit\/perles-sensorielles-a-lacer\/\" \/>\n<meta property=\"og:locale\" content=\"fr_FR\" \/>\n<meta property=\"og:type\" content=\"article\" \/>\n<meta property=\"og:title\" content=\"Perles sensorielles \u00e0 lacer - SES Creative\" \/>\n<meta property=\"og:description\" content=\"D\u00e9couvrez un monde de sensations avec l&rsquo;enfilage de perles sensorielles ! Avec \u00ab SES Creative Enfilage de perles sensorielles \u00bb, vous d\u00e9couvrez de mani\u00e8re cr\u00e9ative le monde qui vous entoure avec vos sens. Ces perles color\u00e9es de diff\u00e9rentes mati\u00e8res et formes font de l&rsquo;enfilage une aventure passionnante. Sentez les diff\u00e9rentes textures, admirez les belles couleurs [&hellip;]\" \/>\n<meta property=\"og:url\" content=\"https:\/\/ses-creative.com\/fr\/produit\/perles-sensorielles-a-lacer\/\" \/>\n<meta property=\"og:site_name\" content=\"SES Creative\" \/>\n<meta property=\"article:modified_time\" content=\"2026-02-12T10:22:42+00:00\" \/>\n<meta name=\"twitter:card\" content=\"summary_large_image\" \/>\n<meta name=\"twitter:label1\" content=\"Dur\u00e9e de lecture estim\u00e9e\" \/>\n\t<meta name=\"twitter:data1\" content=\"1 minute\" \/>\n<script type=\"application\/ld+json\" class=\"yoast-schema-graph\">{\"@context\":\"https:\/\/schema.org\",\"@graph\":[{\"@type\":\"WebPage\",\"@id\":\"https:\/\/ses-creative.com\/fr\/produit\/perles-sensorielles-a-lacer\/\",\"url\":\"https:\/\/ses-creative.com\/fr\/produit\/perles-sensorielles-a-lacer\/\",\"name\":\"Perles sensorielles \u00e0 lacer - SES Creative\",\"isPartOf\":{\"@id\":\"https:\/\/ses-creative.com\/#website\"},\"primaryImageOfPage\":{\"@id\":\"https:\/\/ses-creative.com\/fr\/produit\/perles-sensorielles-a-lacer\/#primaryimage\"},\"image\":{\"@id\":\"https:\/\/ses-creative.com\/fr\/produit\/perles-sensorielles-a-lacer\/#primaryimage\"},\"thumbnailUrl\":\"https:\/\/ses-creative.com\/wp-content\/uploads\/2026\/01\/131021.jpg\",\"datePublished\":\"2026-02-12T10:09:00+00:00\",\"dateModified\":\"2026-02-12T10:22:42+00:00\",\"breadcrumb\":{\"@id\":\"https:\/\/ses-creative.com\/fr\/produit\/perles-sensorielles-a-lacer\/#breadcrumb\"},\"inLanguage\":\"fr-FR\",\"potentialAction\":[{\"@type\":\"ReadAction\",\"target\":[\"https:\/\/ses-creative.com\/fr\/produit\/perles-sensorielles-a-lacer\/\"]}]},{\"@type\":\"ImageObject\",\"inLanguage\":\"fr-FR\",\"@id\":\"https:\/\/ses-creative.com\/fr\/produit\/perles-sensorielles-a-lacer\/#primaryimage\",\"url\":\"https:\/\/ses-creative.com\/wp-content\/uploads\/2026\/01\/131021.jpg\",\"contentUrl\":\"https:\/\/ses-creative.com\/wp-content\/uploads\/2026\/01\/131021.jpg\",\"width\":1000,\"height\":1000},{\"@type\":\"BreadcrumbList\",\"@id\":\"https:\/\/ses-creative.com\/fr\/produit\/perles-sensorielles-a-lacer\/#breadcrumb\",\"itemListElement\":[{\"@type\":\"ListItem\",\"position\":1,\"name\":\"Boutique\",\"item\":\"https:\/\/ses-creative.com\/fr\/boutique\/\"},{\"@type\":\"ListItem\",\"position\":2,\"name\":\"B\u00e9b\u00e9 &amp; Tout-petit\",\"item\":\"https:\/\/ses-creative.com\/fr\/product-categorie\/bebe-tout-petit\/\"},{\"@type\":\"ListItem\",\"position\":3,\"name\":\"Perles sensorielles \u00e0 lacer\"}]},{\"@type\":\"WebSite\",\"@id\":\"https:\/\/ses-creative.com\/#website\",\"url\":\"https:\/\/ses-creative.com\/\",\"name\":\"SES Creative\",\"description\":\"\",\"publisher\":{\"@id\":\"https:\/\/ses-creative.com\/#organization\"},\"potentialAction\":[{\"@type\":\"SearchAction\",\"target\":{\"@type\":\"EntryPoint\",\"urlTemplate\":\"https:\/\/ses-creative.com\/?s={search_term_string}\"},\"query-input\":{\"@type\":\"PropertyValueSpecification\",\"valueRequired\":true,\"valueName\":\"search_term_string\"}}],\"inLanguage\":\"fr-FR\"},{\"@type\":\"Organization\",\"@id\":\"https:\/\/ses-creative.com\/#organization\",\"name\":\"SES Creative\",\"url\":\"https:\/\/ses-creative.com\/\",\"logo\":{\"@type\":\"ImageObject\",\"inLanguage\":\"fr-FR\",\"@id\":\"https:\/\/ses-creative.com\/#\/schema\/logo\/image\/\",\"url\":\"https:\/\/ses-creative.com\/wp-content\/uploads\/2025\/10\/ses-creative-logo.jpg\",\"contentUrl\":\"https:\/\/ses-creative.com\/wp-content\/uploads\/2025\/10\/ses-creative-logo.jpg\",\"width\":2037,\"height\":2037,\"caption\":\"SES Creative\"},\"image\":{\"@id\":\"https:\/\/ses-creative.com\/#\/schema\/logo\/image\/\"}}]}<\/script>\n<!-- \/ Yoast SEO plugin. -->","yoast_head_json":{"title":"Perles sensorielles \u00e0 lacer - SES Creative","robots":{"index":"index","follow":"follow","max-snippet":"max-snippet:-1","max-image-preview":"max-image-preview:large","max-video-preview":"max-video-preview:-1"},"canonical":"https:\/\/ses-creative.com\/fr\/produit\/perles-sensorielles-a-lacer\/","og_locale":"fr_FR","og_type":"article","og_title":"Perles sensorielles \u00e0 lacer - SES Creative","og_description":"D\u00e9couvrez un monde de sensations avec l&rsquo;enfilage de perles sensorielles ! Avec \u00ab SES Creative Enfilage de perles sensorielles \u00bb, vous d\u00e9couvrez de mani\u00e8re cr\u00e9ative le monde qui vous entoure avec vos sens. Ces perles color\u00e9es de diff\u00e9rentes mati\u00e8res et formes font de l&rsquo;enfilage une aventure passionnante. Sentez les diff\u00e9rentes textures, admirez les belles couleurs [&hellip;]","og_url":"https:\/\/ses-creative.com\/fr\/produit\/perles-sensorielles-a-lacer\/","og_site_name":"SES Creative","article_modified_time":"2026-02-12T10:22:42+00:00","twitter_card":"summary_large_image","twitter_misc":{"Dur\u00e9e de lecture estim\u00e9e":"1 minute"},"schema":{"@context":"https:\/\/schema.org","@graph":[{"@type":"WebPage","@id":"https:\/\/ses-creative.com\/fr\/produit\/perles-sensorielles-a-lacer\/","url":"https:\/\/ses-creative.com\/fr\/produit\/perles-sensorielles-a-lacer\/","name":"Perles sensorielles \u00e0 lacer - SES Creative","isPartOf":{"@id":"https:\/\/ses-creative.com\/#website"},"primaryImageOfPage":{"@id":"https:\/\/ses-creative.com\/fr\/produit\/perles-sensorielles-a-lacer\/#primaryimage"},"image":{"@id":"https:\/\/ses-creative.com\/fr\/produit\/perles-sensorielles-a-lacer\/#primaryimage"},"thumbnailUrl":"https:\/\/ses-creative.com\/wp-content\/uploads\/2026\/01\/131021.jpg","datePublished":"2026-02-12T10:09:00+00:00","dateModified":"2026-02-12T10:22:42+00:00","breadcrumb":{"@id":"https:\/\/ses-creative.com\/fr\/produit\/perles-sensorielles-a-lacer\/#breadcrumb"},"inLanguage":"fr-FR","potentialAction":[{"@type":"ReadAction","target":["https:\/\/ses-creative.com\/fr\/produit\/perles-sensorielles-a-lacer\/"]}]},{"@type":"ImageObject","inLanguage":"fr-FR","@id":"https:\/\/ses-creative.com\/fr\/produit\/perles-sensorielles-a-lacer\/#primaryimage","url":"https:\/\/ses-creative.com\/wp-content\/uploads\/2026\/01\/131021.jpg","contentUrl":"https:\/\/ses-creative.com\/wp-content\/uploads\/2026\/01\/131021.jpg","width":1000,"height":1000},{"@type":"BreadcrumbList","@id":"https:\/\/ses-creative.com\/fr\/produit\/perles-sensorielles-a-lacer\/#breadcrumb","itemListElement":[{"@type":"ListItem","position":1,"name":"Boutique","item":"https:\/\/ses-creative.com\/fr\/boutique\/"},{"@type":"ListItem","position":2,"name":"B\u00e9b\u00e9 &amp; Tout-petit","item":"https:\/\/ses-creative.com\/fr\/product-categorie\/bebe-tout-petit\/"},{"@type":"ListItem","position":3,"name":"Perles sensorielles \u00e0 lacer"}]},{"@type":"WebSite","@id":"https:\/\/ses-creative.com\/#website","url":"https:\/\/ses-creative.com\/","name":"SES Creative","description":"","publisher":{"@id":"https:\/\/ses-creative.com\/#organization"},"potentialAction":[{"@type":"SearchAction","target":{"@type":"EntryPoint","urlTemplate":"https:\/\/ses-creative.com\/?s={search_term_string}"},"query-input":{"@type":"PropertyValueSpecification","valueRequired":true,"valueName":"search_term_string"}}],"inLanguage":"fr-FR"},{"@type":"Organization","@id":"https:\/\/ses-creative.com\/#organization","name":"SES Creative","url":"https:\/\/ses-creative.com\/","logo":{"@type":"ImageObject","inLanguage":"fr-FR","@id":"https:\/\/ses-creative.com\/#\/schema\/logo\/image\/","url":"https:\/\/ses-creative.com\/wp-content\/uploads\/2025\/10\/ses-creative-logo.jpg","contentUrl":"https:\/\/ses-creative.com\/wp-content\/uploads\/2025\/10\/ses-creative-logo.jpg","width":2037,"height":2037,"caption":"SES Creative"},"image":{"@id":"https:\/\/ses-creative.com\/#\/schema\/logo\/image\/"}}]}},"_links":{"self":[{"href":"https:\/\/ses-creative.com\/fr\/wp-json\/wp\/v2\/product\/118206","targetHints":{"allow":["GET"]}}],"collection":[{"href":"https:\/\/ses-creative.com\/fr\/wp-json\/wp\/v2\/product"}],"about":[{"href":"https:\/\/ses-creative.com\/fr\/wp-json\/wp\/v2\/types\/product"}],"replies":[{"embeddable":true,"href":"https:\/\/ses-creative.com\/fr\/wp-json\/wp\/v2\/comments?post=118206"}],"wp:featuredmedia":[{"embeddable":true,"href":"https:\/\/ses-creative.com\/fr\/wp-json\/wp\/v2\/media\/100728"}],"wp:attachment":[{"href":"https:\/\/ses-creative.com\/fr\/wp-json\/wp\/v2\/media?parent=118206"}],"wp:term":[{"taxonomy":"product_brand","embeddable":true,"href":"https:\/\/ses-creative.com\/fr\/wp-json\/wp\/v2\/product_brand?post=118206"},{"taxonomy":"product_cat","embeddable":true,"href":"https:\/\/ses-creative.com\/fr\/wp-json\/wp\/v2\/product_cat?post=118206"},{"taxonomy":"product_tag","embeddable":true,"href":"https:\/\/ses-creative.com\/fr\/wp-json\/wp\/v2\/product_tag?post=118206"}],"curies":[{"name":"wp","href":"https:\/\/api.w.org\/{rel}","templated":true}]}}