











{"id":118205,"date":"2026-02-12T10:09:00","date_gmt":"2026-02-12T10:09:00","guid":{"rendered":"https:\/\/ses-creative.com\/?post_type=product&#038;p=118205"},"modified":"2026-02-12T10:22:42","modified_gmt":"2026-02-12T10:22:42","slug":"laver-les-voitures","status":"publish","type":"product","link":"https:\/\/ses-creative.com\/fr\/produit\/laver-les-voitures\/","title":{"rendered":"Laver les voitures"},"content":{"rendered":"<p>Rendez les voitures sales \u00e0 nouveau \u00e9tincelantes de propret\u00e9 !<br \/>\nCes voitures sont sales et ont besoin d&rsquo;\u00eatre lav\u00e9es de toute urgence ! Avec ce set, les enfants peuvent cr\u00e9er leur propre station de lavage dans le bain. La mousse magique ne r\u00e9v\u00e8le les voitures que lorsqu&rsquo;elles sont lav\u00e9es \u00e0 l&rsquo;eau. Une fois s\u00e8ches, les figurines en mousse peuvent \u00eatre lav\u00e9es \u00e0 l&rsquo;infini, pour un plaisir de jeu sans fin pendant le bain !<br \/>\nCe qui rend ce set g\u00e9nial<br \/>\n&#8211;    R\u00e9utilisable et sans danger pour les enfants<br \/>\n&#8211;    Stimule le jeu imaginatif<br \/>\n&#8211;    Parfait pour s&rsquo;amuser \u00e0 l&rsquo;heure du bain<br \/>\n&#8211;    Facile \u00e0 nettoyer apr\u00e8s utilisation<br \/>\n&#8211;    Convient aux enfants \u00e0 partir de 12 mois<br \/>\nPourquoi ce produit est-il parfait pour vous ?<br \/>\nAvec ce set amusant, les enfants peuvent cr\u00e9er leur propre station de lavage dans le bain. Ils nettoient les voitures en mousse avec la brosse \u00e0 doigt, apr\u00e8s quoi elles sont pr\u00eates pour un nouveau tour. C&rsquo;est un excellent moyen de rendre l&rsquo;heure du bain amusante et \u00e9ducative !<br \/>\nContenu du set<br \/>\n&#8211;    6 voitures en mousse<br \/>\n&#8211;    1 brosse \u00e0 doigts<br \/>\nPourquoi choisir SES Creative ?<br \/>\nChez SES Creative, nous accordons une grande importance \u00e0 la s\u00e9curit\u00e9. C&rsquo;est pourquoi nos produits sont fabriqu\u00e9s et test\u00e9s dans notre usine aux Pays-Bas, conform\u00e9ment aux normes de s\u00e9curit\u00e9 europ\u00e9ennes les plus strictes. Les jouets SES Creative sont source de plaisir et permettent aux enfants d&rsquo;\u00eatre fiers de leur travail, ce qui stimule leur cr\u00e9ativit\u00e9 et leur d\u00e9veloppement.<br \/>\nCommencez d\u00e8s aujourd&rsquo;hui \u00e0 laver les voitures dans le bain !<br \/>\nD\u00e9couvrez le plaisir de laver des voitures dans le bain avec ce set ludique et cr\u00e9atif. Id\u00e9al pour les jeunes amateurs de voitures qui aiment jouer de mani\u00e8re interactive pendant le bain !<\/p>\n","protected":false},"excerpt":{"rendered":"<p>Rendez les voitures sales \u00e0 nouveau \u00e9tincelantes de propret\u00e9 ! Ces voitures sont sales et ont besoin d&rsquo;\u00eatre lav\u00e9es de toute urgence ! Avec ce set, les enfants peuvent cr\u00e9er leur propre station de lavage dans le bain. La mousse magique ne r\u00e9v\u00e8le les voitures que lorsqu&rsquo;elles sont lav\u00e9es \u00e0 l&rsquo;eau. Une fois s\u00e8ches, les [&hellip;]<\/p>\n","protected":false},"featured_media":94140,"comment_status":"closed","ping_status":"closed","template":"","meta":{"_acf_changed":false},"product_brand":[],"product_cat":[123],"product_tag":[],"class_list":{"0":"post-118205","1":"product","2":"type-product","3":"status-publish","4":"has-post-thumbnail","6":"product_cat-bebe-tout-petit","7":"pa_leeftijd-filter-0-2-ans","8":"pa_meest-populair-bij-garcons-filles","10":"first","11":"instock","12":"shipping-taxable","13":"product-type-simple"},"acf":[],"yoast_head":"<!-- This site is optimized with the Yoast SEO plugin v27.2 - https:\/\/yoast.com\/product\/yoast-seo-wordpress\/ -->\n<title>Laver les voitures - SES Creative<\/title>\n<meta name=\"robots\" content=\"index, follow, max-snippet:-1, max-image-preview:large, max-video-preview:-1\" \/>\n<link rel=\"canonical\" href=\"https:\/\/ses-creative.com\/fr\/produit\/laver-les-voitures\/\" \/>\n<meta property=\"og:locale\" content=\"fr_FR\" \/>\n<meta property=\"og:type\" content=\"article\" \/>\n<meta property=\"og:title\" content=\"Laver les voitures - SES Creative\" \/>\n<meta property=\"og:description\" content=\"Rendez les voitures sales \u00e0 nouveau \u00e9tincelantes de propret\u00e9 ! Ces voitures sont sales et ont besoin d&rsquo;\u00eatre lav\u00e9es de toute urgence ! Avec ce set, les enfants peuvent cr\u00e9er leur propre station de lavage dans le bain. La mousse magique ne r\u00e9v\u00e8le les voitures que lorsqu&rsquo;elles sont lav\u00e9es \u00e0 l&rsquo;eau. Une fois s\u00e8ches, les [&hellip;]\" \/>\n<meta property=\"og:url\" content=\"https:\/\/ses-creative.com\/fr\/produit\/laver-les-voitures\/\" \/>\n<meta property=\"og:site_name\" content=\"SES Creative\" \/>\n<meta property=\"article:modified_time\" content=\"2026-02-12T10:22:42+00:00\" \/>\n<meta name=\"twitter:card\" content=\"summary_large_image\" \/>\n<meta name=\"twitter:label1\" content=\"Dur\u00e9e de lecture estim\u00e9e\" \/>\n\t<meta name=\"twitter:data1\" content=\"2 minutes\" \/>\n<script type=\"application\/ld+json\" class=\"yoast-schema-graph\">{\"@context\":\"https:\/\/schema.org\",\"@graph\":[{\"@type\":\"WebPage\",\"@id\":\"https:\/\/ses-creative.com\/fr\/produit\/laver-les-voitures\/\",\"url\":\"https:\/\/ses-creative.com\/fr\/produit\/laver-les-voitures\/\",\"name\":\"Laver les voitures - SES Creative\",\"isPartOf\":{\"@id\":\"https:\/\/ses-creative.com\/#website\"},\"primaryImageOfPage\":{\"@id\":\"https:\/\/ses-creative.com\/fr\/produit\/laver-les-voitures\/#primaryimage\"},\"image\":{\"@id\":\"https:\/\/ses-creative.com\/fr\/produit\/laver-les-voitures\/#primaryimage\"},\"thumbnailUrl\":\"https:\/\/ses-creative.com\/wp-content\/uploads\/2026\/01\/130991.jpg\",\"datePublished\":\"2026-02-12T10:09:00+00:00\",\"dateModified\":\"2026-02-12T10:22:42+00:00\",\"breadcrumb\":{\"@id\":\"https:\/\/ses-creative.com\/fr\/produit\/laver-les-voitures\/#breadcrumb\"},\"inLanguage\":\"fr-FR\",\"potentialAction\":[{\"@type\":\"ReadAction\",\"target\":[\"https:\/\/ses-creative.com\/fr\/produit\/laver-les-voitures\/\"]}]},{\"@type\":\"ImageObject\",\"inLanguage\":\"fr-FR\",\"@id\":\"https:\/\/ses-creative.com\/fr\/produit\/laver-les-voitures\/#primaryimage\",\"url\":\"https:\/\/ses-creative.com\/wp-content\/uploads\/2026\/01\/130991.jpg\",\"contentUrl\":\"https:\/\/ses-creative.com\/wp-content\/uploads\/2026\/01\/130991.jpg\",\"width\":2000,\"height\":2000},{\"@type\":\"BreadcrumbList\",\"@id\":\"https:\/\/ses-creative.com\/fr\/produit\/laver-les-voitures\/#breadcrumb\",\"itemListElement\":[{\"@type\":\"ListItem\",\"position\":1,\"name\":\"Boutique\",\"item\":\"https:\/\/ses-creative.com\/fr\/boutique\/\"},{\"@type\":\"ListItem\",\"position\":2,\"name\":\"B\u00e9b\u00e9 &amp; Tout-petit\",\"item\":\"https:\/\/ses-creative.com\/fr\/product-categorie\/bebe-tout-petit\/\"},{\"@type\":\"ListItem\",\"position\":3,\"name\":\"Laver les voitures\"}]},{\"@type\":\"WebSite\",\"@id\":\"https:\/\/ses-creative.com\/#website\",\"url\":\"https:\/\/ses-creative.com\/\",\"name\":\"SES Creative\",\"description\":\"\",\"publisher\":{\"@id\":\"https:\/\/ses-creative.com\/#organization\"},\"potentialAction\":[{\"@type\":\"SearchAction\",\"target\":{\"@type\":\"EntryPoint\",\"urlTemplate\":\"https:\/\/ses-creative.com\/?s={search_term_string}\"},\"query-input\":{\"@type\":\"PropertyValueSpecification\",\"valueRequired\":true,\"valueName\":\"search_term_string\"}}],\"inLanguage\":\"fr-FR\"},{\"@type\":\"Organization\",\"@id\":\"https:\/\/ses-creative.com\/#organization\",\"name\":\"SES Creative\",\"url\":\"https:\/\/ses-creative.com\/\",\"logo\":{\"@type\":\"ImageObject\",\"inLanguage\":\"fr-FR\",\"@id\":\"https:\/\/ses-creative.com\/#\/schema\/logo\/image\/\",\"url\":\"https:\/\/ses-creative.com\/wp-content\/uploads\/2025\/10\/ses-creative-logo.jpg\",\"contentUrl\":\"https:\/\/ses-creative.com\/wp-content\/uploads\/2025\/10\/ses-creative-logo.jpg\",\"width\":2037,\"height\":2037,\"caption\":\"SES Creative\"},\"image\":{\"@id\":\"https:\/\/ses-creative.com\/#\/schema\/logo\/image\/\"}}]}<\/script>\n<!-- \/ Yoast SEO plugin. -->","yoast_head_json":{"title":"Laver les voitures - SES Creative","robots":{"index":"index","follow":"follow","max-snippet":"max-snippet:-1","max-image-preview":"max-image-preview:large","max-video-preview":"max-video-preview:-1"},"canonical":"https:\/\/ses-creative.com\/fr\/produit\/laver-les-voitures\/","og_locale":"fr_FR","og_type":"article","og_title":"Laver les voitures - SES Creative","og_description":"Rendez les voitures sales \u00e0 nouveau \u00e9tincelantes de propret\u00e9 ! Ces voitures sont sales et ont besoin d&rsquo;\u00eatre lav\u00e9es de toute urgence ! Avec ce set, les enfants peuvent cr\u00e9er leur propre station de lavage dans le bain. La mousse magique ne r\u00e9v\u00e8le les voitures que lorsqu&rsquo;elles sont lav\u00e9es \u00e0 l&rsquo;eau. Une fois s\u00e8ches, les [&hellip;]","og_url":"https:\/\/ses-creative.com\/fr\/produit\/laver-les-voitures\/","og_site_name":"SES Creative","article_modified_time":"2026-02-12T10:22:42+00:00","twitter_card":"summary_large_image","twitter_misc":{"Dur\u00e9e de lecture estim\u00e9e":"2 minutes"},"schema":{"@context":"https:\/\/schema.org","@graph":[{"@type":"WebPage","@id":"https:\/\/ses-creative.com\/fr\/produit\/laver-les-voitures\/","url":"https:\/\/ses-creative.com\/fr\/produit\/laver-les-voitures\/","name":"Laver les voitures - SES Creative","isPartOf":{"@id":"https:\/\/ses-creative.com\/#website"},"primaryImageOfPage":{"@id":"https:\/\/ses-creative.com\/fr\/produit\/laver-les-voitures\/#primaryimage"},"image":{"@id":"https:\/\/ses-creative.com\/fr\/produit\/laver-les-voitures\/#primaryimage"},"thumbnailUrl":"https:\/\/ses-creative.com\/wp-content\/uploads\/2026\/01\/130991.jpg","datePublished":"2026-02-12T10:09:00+00:00","dateModified":"2026-02-12T10:22:42+00:00","breadcrumb":{"@id":"https:\/\/ses-creative.com\/fr\/produit\/laver-les-voitures\/#breadcrumb"},"inLanguage":"fr-FR","potentialAction":[{"@type":"ReadAction","target":["https:\/\/ses-creative.com\/fr\/produit\/laver-les-voitures\/"]}]},{"@type":"ImageObject","inLanguage":"fr-FR","@id":"https:\/\/ses-creative.com\/fr\/produit\/laver-les-voitures\/#primaryimage","url":"https:\/\/ses-creative.com\/wp-content\/uploads\/2026\/01\/130991.jpg","contentUrl":"https:\/\/ses-creative.com\/wp-content\/uploads\/2026\/01\/130991.jpg","width":2000,"height":2000},{"@type":"BreadcrumbList","@id":"https:\/\/ses-creative.com\/fr\/produit\/laver-les-voitures\/#breadcrumb","itemListElement":[{"@type":"ListItem","position":1,"name":"Boutique","item":"https:\/\/ses-creative.com\/fr\/boutique\/"},{"@type":"ListItem","position":2,"name":"B\u00e9b\u00e9 &amp; Tout-petit","item":"https:\/\/ses-creative.com\/fr\/product-categorie\/bebe-tout-petit\/"},{"@type":"ListItem","position":3,"name":"Laver les voitures"}]},{"@type":"WebSite","@id":"https:\/\/ses-creative.com\/#website","url":"https:\/\/ses-creative.com\/","name":"SES Creative","description":"","publisher":{"@id":"https:\/\/ses-creative.com\/#organization"},"potentialAction":[{"@type":"SearchAction","target":{"@type":"EntryPoint","urlTemplate":"https:\/\/ses-creative.com\/?s={search_term_string}"},"query-input":{"@type":"PropertyValueSpecification","valueRequired":true,"valueName":"search_term_string"}}],"inLanguage":"fr-FR"},{"@type":"Organization","@id":"https:\/\/ses-creative.com\/#organization","name":"SES Creative","url":"https:\/\/ses-creative.com\/","logo":{"@type":"ImageObject","inLanguage":"fr-FR","@id":"https:\/\/ses-creative.com\/#\/schema\/logo\/image\/","url":"https:\/\/ses-creative.com\/wp-content\/uploads\/2025\/10\/ses-creative-logo.jpg","contentUrl":"https:\/\/ses-creative.com\/wp-content\/uploads\/2025\/10\/ses-creative-logo.jpg","width":2037,"height":2037,"caption":"SES Creative"},"image":{"@id":"https:\/\/ses-creative.com\/#\/schema\/logo\/image\/"}}]}},"_links":{"self":[{"href":"https:\/\/ses-creative.com\/fr\/wp-json\/wp\/v2\/product\/118205","targetHints":{"allow":["GET"]}}],"collection":[{"href":"https:\/\/ses-creative.com\/fr\/wp-json\/wp\/v2\/product"}],"about":[{"href":"https:\/\/ses-creative.com\/fr\/wp-json\/wp\/v2\/types\/product"}],"replies":[{"embeddable":true,"href":"https:\/\/ses-creative.com\/fr\/wp-json\/wp\/v2\/comments?post=118205"}],"wp:featuredmedia":[{"embeddable":true,"href":"https:\/\/ses-creative.com\/fr\/wp-json\/wp\/v2\/media\/94140"}],"wp:attachment":[{"href":"https:\/\/ses-creative.com\/fr\/wp-json\/wp\/v2\/media?parent=118205"}],"wp:term":[{"taxonomy":"product_brand","embeddable":true,"href":"https:\/\/ses-creative.com\/fr\/wp-json\/wp\/v2\/product_brand?post=118205"},{"taxonomy":"product_cat","embeddable":true,"href":"https:\/\/ses-creative.com\/fr\/wp-json\/wp\/v2\/product_cat?post=118205"},{"taxonomy":"product_tag","embeddable":true,"href":"https:\/\/ses-creative.com\/fr\/wp-json\/wp\/v2\/product_tag?post=118205"}],"curies":[{"name":"wp","href":"https:\/\/api.w.org\/{rel}","templated":true}]}}