











{"id":118204,"date":"2026-02-12T10:09:00","date_gmt":"2026-02-12T10:09:00","guid":{"rendered":"https:\/\/ses-creative.com\/?post_type=product&#038;p=118204"},"modified":"2026-02-12T10:22:42","modified_gmt":"2026-02-12T10:22:42","slug":"poissons-en-banc","status":"publish","type":"product","link":"https:\/\/ses-creative.com\/fr\/produit\/poissons-en-banc\/","title":{"rendered":"Poissons en banc"},"content":{"rendered":"<p>Transformez l&rsquo;heure du bain en une f\u00eate avec des poissons \u00e0 la cha\u00eene !<br \/>\nAvec ces quatre poissons multifonctionnels, vous passerez des heures \u00e0 vous amuser dans le bain. Les bateaux-poissons color\u00e9s peuvent nager les uns derri\u00e8re les autres, \u00eatre empil\u00e9s, flotter dans l&rsquo;eau ou \u00eatre utilis\u00e9s comme pelles. Parfait pour les jeunes enfants qui veulent faire de l&rsquo;heure du bain une f\u00eate !<br \/>\nCe qui rend cet ensemble g\u00e9nial<br \/>\n&#8211;    Les poissons peuvent \u00eatre utilis\u00e9s de mani\u00e8re multifonctionnelle pour encore plus de plaisir<br \/>\n&#8211;    Stimule la coordination \u0153il-main et la motricit\u00e9 fine<br \/>\n&#8211;    Jeu cr\u00e9atif dans l&rsquo;eau<br \/>\n&#8211;    Facile \u00e0 tenir pour les petites mains<br \/>\n&#8211;    Parfait pour les enfants \u00e0 partir de 10 mois<br \/>\nPourquoi ce produit est-il parfait pour vous ?<br \/>\nCe set est id\u00e9al pour les parents qui souhaitent rendre l&rsquo;heure du bain encore plus amusante pour leurs enfants. Il offre une fa\u00e7on ludique de jouer et d&rsquo;apprendre, tout en stimulant la coordination \u0153il-main et la motricit\u00e9 fine de votre enfant. Ces petits bateaux en forme de poisson transforment chaque bain en une aventure et stimulent le jeu cr\u00e9atif de votre tout-petit.<br \/>\nContenu du set<br \/>\n&#8211;    4 bateaux poissons multifonctionnels de diff\u00e9rentes couleurs<br \/>\nPourquoi choisir SES Creative ?<br \/>\nChez SES Creative, nous accordons une grande importance \u00e0 la s\u00e9curit\u00e9. C&rsquo;est pourquoi nos produits sont fabriqu\u00e9s et test\u00e9s dans notre usine aux Pays-Bas, conform\u00e9ment aux normes de s\u00e9curit\u00e9 europ\u00e9ennes les plus strictes. Les jouets SES Creative sont source de plaisir et permettent aux enfants d&rsquo;\u00eatre fiers de leur travail, ce qui stimule leur cr\u00e9ativit\u00e9 et leur d\u00e9veloppement.<br \/>\nPlongez dans le plaisir avec les bateaux de p\u00eache !<br \/>\nD\u00e9couvrez le plaisir de la baignade avec ces joyeux bateaux poissons. Id\u00e9al pour les jeunes enfants qui aiment jouer dans l&rsquo;eau et laisser libre cours \u00e0 leur imagination !<br \/>\nD\u00e9couvrez le plaisir de ces bateaux-poissons et cr\u00e9ez les aventures les plus amusantes dans le bain avec cet ensemble multifonctionnel. Parfait pour des heures de plaisir dans l&rsquo;eau !<\/p>\n","protected":false},"excerpt":{"rendered":"<p>Transformez l&rsquo;heure du bain en une f\u00eate avec des poissons \u00e0 la cha\u00eene ! Avec ces quatre poissons multifonctionnels, vous passerez des heures \u00e0 vous amuser dans le bain. Les bateaux-poissons color\u00e9s peuvent nager les uns derri\u00e8re les autres, \u00eatre empil\u00e9s, flotter dans l&rsquo;eau ou \u00eatre utilis\u00e9s comme pelles. Parfait pour les jeunes enfants qui [&hellip;]<\/p>\n","protected":false},"featured_media":94120,"comment_status":"closed","ping_status":"closed","template":"","meta":{"_acf_changed":false},"product_brand":[],"product_cat":[123],"product_tag":[],"class_list":{"0":"post-118204","1":"product","2":"type-product","3":"status-publish","4":"has-post-thumbnail","6":"product_cat-bebe-tout-petit","7":"pa_leeftijd-filter-0-2-ans","8":"pa_meest-populair-bij-garcons-filles","10":"first","11":"instock","12":"shipping-taxable","13":"product-type-simple"},"acf":[],"yoast_head":"<!-- This site is optimized with the Yoast SEO plugin v27.2 - https:\/\/yoast.com\/product\/yoast-seo-wordpress\/ -->\n<title>Poissons en banc - SES Creative<\/title>\n<meta name=\"robots\" content=\"index, follow, max-snippet:-1, max-image-preview:large, max-video-preview:-1\" \/>\n<link rel=\"canonical\" href=\"https:\/\/ses-creative.com\/fr\/produit\/poissons-en-banc\/\" \/>\n<meta property=\"og:locale\" content=\"fr_FR\" \/>\n<meta property=\"og:type\" content=\"article\" \/>\n<meta property=\"og:title\" content=\"Poissons en banc - SES Creative\" \/>\n<meta property=\"og:description\" content=\"Transformez l&rsquo;heure du bain en une f\u00eate avec des poissons \u00e0 la cha\u00eene ! Avec ces quatre poissons multifonctionnels, vous passerez des heures \u00e0 vous amuser dans le bain. Les bateaux-poissons color\u00e9s peuvent nager les uns derri\u00e8re les autres, \u00eatre empil\u00e9s, flotter dans l&rsquo;eau ou \u00eatre utilis\u00e9s comme pelles. Parfait pour les jeunes enfants qui [&hellip;]\" \/>\n<meta property=\"og:url\" content=\"https:\/\/ses-creative.com\/fr\/produit\/poissons-en-banc\/\" \/>\n<meta property=\"og:site_name\" content=\"SES Creative\" \/>\n<meta property=\"article:modified_time\" content=\"2026-02-12T10:22:42+00:00\" \/>\n<meta name=\"twitter:card\" content=\"summary_large_image\" \/>\n<meta name=\"twitter:label1\" content=\"Dur\u00e9e de lecture estim\u00e9e\" \/>\n\t<meta name=\"twitter:data1\" content=\"2 minutes\" \/>\n<script type=\"application\/ld+json\" class=\"yoast-schema-graph\">{\"@context\":\"https:\/\/schema.org\",\"@graph\":[{\"@type\":\"WebPage\",\"@id\":\"https:\/\/ses-creative.com\/fr\/produit\/poissons-en-banc\/\",\"url\":\"https:\/\/ses-creative.com\/fr\/produit\/poissons-en-banc\/\",\"name\":\"Poissons en banc - SES Creative\",\"isPartOf\":{\"@id\":\"https:\/\/ses-creative.com\/#website\"},\"primaryImageOfPage\":{\"@id\":\"https:\/\/ses-creative.com\/fr\/produit\/poissons-en-banc\/#primaryimage\"},\"image\":{\"@id\":\"https:\/\/ses-creative.com\/fr\/produit\/poissons-en-banc\/#primaryimage\"},\"thumbnailUrl\":\"https:\/\/ses-creative.com\/wp-content\/uploads\/2026\/01\/130981.jpg\",\"datePublished\":\"2026-02-12T10:09:00+00:00\",\"dateModified\":\"2026-02-12T10:22:42+00:00\",\"breadcrumb\":{\"@id\":\"https:\/\/ses-creative.com\/fr\/produit\/poissons-en-banc\/#breadcrumb\"},\"inLanguage\":\"fr-FR\",\"potentialAction\":[{\"@type\":\"ReadAction\",\"target\":[\"https:\/\/ses-creative.com\/fr\/produit\/poissons-en-banc\/\"]}]},{\"@type\":\"ImageObject\",\"inLanguage\":\"fr-FR\",\"@id\":\"https:\/\/ses-creative.com\/fr\/produit\/poissons-en-banc\/#primaryimage\",\"url\":\"https:\/\/ses-creative.com\/wp-content\/uploads\/2026\/01\/130981.jpg\",\"contentUrl\":\"https:\/\/ses-creative.com\/wp-content\/uploads\/2026\/01\/130981.jpg\",\"width\":2000,\"height\":2000},{\"@type\":\"BreadcrumbList\",\"@id\":\"https:\/\/ses-creative.com\/fr\/produit\/poissons-en-banc\/#breadcrumb\",\"itemListElement\":[{\"@type\":\"ListItem\",\"position\":1,\"name\":\"Boutique\",\"item\":\"https:\/\/ses-creative.com\/fr\/boutique\/\"},{\"@type\":\"ListItem\",\"position\":2,\"name\":\"B\u00e9b\u00e9 &amp; Tout-petit\",\"item\":\"https:\/\/ses-creative.com\/fr\/product-categorie\/bebe-tout-petit\/\"},{\"@type\":\"ListItem\",\"position\":3,\"name\":\"Poissons en banc\"}]},{\"@type\":\"WebSite\",\"@id\":\"https:\/\/ses-creative.com\/#website\",\"url\":\"https:\/\/ses-creative.com\/\",\"name\":\"SES Creative\",\"description\":\"\",\"publisher\":{\"@id\":\"https:\/\/ses-creative.com\/#organization\"},\"potentialAction\":[{\"@type\":\"SearchAction\",\"target\":{\"@type\":\"EntryPoint\",\"urlTemplate\":\"https:\/\/ses-creative.com\/?s={search_term_string}\"},\"query-input\":{\"@type\":\"PropertyValueSpecification\",\"valueRequired\":true,\"valueName\":\"search_term_string\"}}],\"inLanguage\":\"fr-FR\"},{\"@type\":\"Organization\",\"@id\":\"https:\/\/ses-creative.com\/#organization\",\"name\":\"SES Creative\",\"url\":\"https:\/\/ses-creative.com\/\",\"logo\":{\"@type\":\"ImageObject\",\"inLanguage\":\"fr-FR\",\"@id\":\"https:\/\/ses-creative.com\/#\/schema\/logo\/image\/\",\"url\":\"https:\/\/ses-creative.com\/wp-content\/uploads\/2025\/10\/ses-creative-logo.jpg\",\"contentUrl\":\"https:\/\/ses-creative.com\/wp-content\/uploads\/2025\/10\/ses-creative-logo.jpg\",\"width\":2037,\"height\":2037,\"caption\":\"SES Creative\"},\"image\":{\"@id\":\"https:\/\/ses-creative.com\/#\/schema\/logo\/image\/\"}}]}<\/script>\n<!-- \/ Yoast SEO plugin. -->","yoast_head_json":{"title":"Poissons en banc - SES Creative","robots":{"index":"index","follow":"follow","max-snippet":"max-snippet:-1","max-image-preview":"max-image-preview:large","max-video-preview":"max-video-preview:-1"},"canonical":"https:\/\/ses-creative.com\/fr\/produit\/poissons-en-banc\/","og_locale":"fr_FR","og_type":"article","og_title":"Poissons en banc - SES Creative","og_description":"Transformez l&rsquo;heure du bain en une f\u00eate avec des poissons \u00e0 la cha\u00eene ! Avec ces quatre poissons multifonctionnels, vous passerez des heures \u00e0 vous amuser dans le bain. Les bateaux-poissons color\u00e9s peuvent nager les uns derri\u00e8re les autres, \u00eatre empil\u00e9s, flotter dans l&rsquo;eau ou \u00eatre utilis\u00e9s comme pelles. Parfait pour les jeunes enfants qui [&hellip;]","og_url":"https:\/\/ses-creative.com\/fr\/produit\/poissons-en-banc\/","og_site_name":"SES Creative","article_modified_time":"2026-02-12T10:22:42+00:00","twitter_card":"summary_large_image","twitter_misc":{"Dur\u00e9e de lecture estim\u00e9e":"2 minutes"},"schema":{"@context":"https:\/\/schema.org","@graph":[{"@type":"WebPage","@id":"https:\/\/ses-creative.com\/fr\/produit\/poissons-en-banc\/","url":"https:\/\/ses-creative.com\/fr\/produit\/poissons-en-banc\/","name":"Poissons en banc - SES Creative","isPartOf":{"@id":"https:\/\/ses-creative.com\/#website"},"primaryImageOfPage":{"@id":"https:\/\/ses-creative.com\/fr\/produit\/poissons-en-banc\/#primaryimage"},"image":{"@id":"https:\/\/ses-creative.com\/fr\/produit\/poissons-en-banc\/#primaryimage"},"thumbnailUrl":"https:\/\/ses-creative.com\/wp-content\/uploads\/2026\/01\/130981.jpg","datePublished":"2026-02-12T10:09:00+00:00","dateModified":"2026-02-12T10:22:42+00:00","breadcrumb":{"@id":"https:\/\/ses-creative.com\/fr\/produit\/poissons-en-banc\/#breadcrumb"},"inLanguage":"fr-FR","potentialAction":[{"@type":"ReadAction","target":["https:\/\/ses-creative.com\/fr\/produit\/poissons-en-banc\/"]}]},{"@type":"ImageObject","inLanguage":"fr-FR","@id":"https:\/\/ses-creative.com\/fr\/produit\/poissons-en-banc\/#primaryimage","url":"https:\/\/ses-creative.com\/wp-content\/uploads\/2026\/01\/130981.jpg","contentUrl":"https:\/\/ses-creative.com\/wp-content\/uploads\/2026\/01\/130981.jpg","width":2000,"height":2000},{"@type":"BreadcrumbList","@id":"https:\/\/ses-creative.com\/fr\/produit\/poissons-en-banc\/#breadcrumb","itemListElement":[{"@type":"ListItem","position":1,"name":"Boutique","item":"https:\/\/ses-creative.com\/fr\/boutique\/"},{"@type":"ListItem","position":2,"name":"B\u00e9b\u00e9 &amp; Tout-petit","item":"https:\/\/ses-creative.com\/fr\/product-categorie\/bebe-tout-petit\/"},{"@type":"ListItem","position":3,"name":"Poissons en banc"}]},{"@type":"WebSite","@id":"https:\/\/ses-creative.com\/#website","url":"https:\/\/ses-creative.com\/","name":"SES Creative","description":"","publisher":{"@id":"https:\/\/ses-creative.com\/#organization"},"potentialAction":[{"@type":"SearchAction","target":{"@type":"EntryPoint","urlTemplate":"https:\/\/ses-creative.com\/?s={search_term_string}"},"query-input":{"@type":"PropertyValueSpecification","valueRequired":true,"valueName":"search_term_string"}}],"inLanguage":"fr-FR"},{"@type":"Organization","@id":"https:\/\/ses-creative.com\/#organization","name":"SES Creative","url":"https:\/\/ses-creative.com\/","logo":{"@type":"ImageObject","inLanguage":"fr-FR","@id":"https:\/\/ses-creative.com\/#\/schema\/logo\/image\/","url":"https:\/\/ses-creative.com\/wp-content\/uploads\/2025\/10\/ses-creative-logo.jpg","contentUrl":"https:\/\/ses-creative.com\/wp-content\/uploads\/2025\/10\/ses-creative-logo.jpg","width":2037,"height":2037,"caption":"SES Creative"},"image":{"@id":"https:\/\/ses-creative.com\/#\/schema\/logo\/image\/"}}]}},"_links":{"self":[{"href":"https:\/\/ses-creative.com\/fr\/wp-json\/wp\/v2\/product\/118204","targetHints":{"allow":["GET"]}}],"collection":[{"href":"https:\/\/ses-creative.com\/fr\/wp-json\/wp\/v2\/product"}],"about":[{"href":"https:\/\/ses-creative.com\/fr\/wp-json\/wp\/v2\/types\/product"}],"replies":[{"embeddable":true,"href":"https:\/\/ses-creative.com\/fr\/wp-json\/wp\/v2\/comments?post=118204"}],"wp:featuredmedia":[{"embeddable":true,"href":"https:\/\/ses-creative.com\/fr\/wp-json\/wp\/v2\/media\/94120"}],"wp:attachment":[{"href":"https:\/\/ses-creative.com\/fr\/wp-json\/wp\/v2\/media?parent=118204"}],"wp:term":[{"taxonomy":"product_brand","embeddable":true,"href":"https:\/\/ses-creative.com\/fr\/wp-json\/wp\/v2\/product_brand?post=118204"},{"taxonomy":"product_cat","embeddable":true,"href":"https:\/\/ses-creative.com\/fr\/wp-json\/wp\/v2\/product_cat?post=118204"},{"taxonomy":"product_tag","embeddable":true,"href":"https:\/\/ses-creative.com\/fr\/wp-json\/wp\/v2\/product_tag?post=118204"}],"curies":[{"name":"wp","href":"https:\/\/api.w.org\/{rel}","templated":true}]}}