











{"id":118203,"date":"2026-02-12T10:08:59","date_gmt":"2026-02-12T10:08:59","guid":{"rendered":"https:\/\/ses-creative.com\/?post_type=product&#038;p=118203"},"modified":"2026-02-12T10:22:42","modified_gmt":"2026-02-12T10:22:42","slug":"animaux-de-safari-pour-le-bain","status":"publish","type":"product","link":"https:\/\/ses-creative.com\/fr\/produit\/animaux-de-safari-pour-le-bain\/","title":{"rendered":"Animaux de safari pour le bain"},"content":{"rendered":"<p>Transformez le bain en un moment de d\u00e9couverte et de jeu avec le coffret Jouets de Bain Animaux Safari de SES Creative ! Con\u00e7u pour les tout-petits d\u00e8s 12 mois, ce set comprend 14 animaux en mousse douce et color\u00e9e qui flottent sur l\u2019eau et adh\u00e8rent facilement aux surfaces mouill\u00e9es, offrant ainsi une exp\u00e9rience ludique et interactive. Id\u00e9al pour stimuler l\u2019imagination, il permet aux enfants d\u2019inventer des histoires tout en d\u00e9veloppant leur coordination et leur motricit\u00e9 fine. Gr\u00e2ce \u00e0 leur texture l\u00e9g\u00e8re et flexible, ces jouets sont parfaitement adapt\u00e9s aux petites mains, garantissant une prise en main facile et un jeu sans frustration.<\/p>\n<p>Fabriqu\u00e9s avec des mat\u00e9riaux 100 % s\u00fbrs, hypoallerg\u00e9niques et sans BPA, ces animaux de bain assurent une utilisation en toute s\u00e9curit\u00e9. Lavables et durables, ils accompagnent les enfants au fil des bains sans risque pour leur sant\u00e9. Engag\u00e9 pour l\u2019environnement, SES Creative propose un produit neutre en CO\u2082, con\u00e7u dans son usine aux Pays-Bas avec des standards de qualit\u00e9 stricts.<\/p>\n<p>Ce coffret est le cadeau id\u00e9al pour un anniversaire, No\u00ebl ou simplement pour faire plaisir. Son design color\u00e9 et ses adorables personnages captivent l\u2019attention des enfants, rendant le moment du bain encore plus amusant et \u00e9ducatif. Offrez-le \u00e0 votre enfant pour transformer son rituel quotidien en une aventure sensorielle pleine de surprises !<\/p>\n","protected":false},"excerpt":{"rendered":"<p>Transformez le bain en un moment de d\u00e9couverte et de jeu avec le coffret Jouets de Bain Animaux Safari de SES Creative ! Con\u00e7u pour les tout-petits d\u00e8s 12 mois, ce set comprend 14 animaux en mousse douce et color\u00e9e qui flottent sur l\u2019eau et adh\u00e8rent facilement aux surfaces mouill\u00e9es, offrant ainsi une exp\u00e9rience ludique [&hellip;]<\/p>\n","protected":false},"featured_media":100708,"comment_status":"closed","ping_status":"closed","template":"","meta":{"_acf_changed":false},"product_brand":[],"product_cat":[123],"product_tag":[],"class_list":{"0":"post-118203","1":"product","2":"type-product","3":"status-publish","4":"has-post-thumbnail","6":"product_cat-bebe-tout-petit","7":"pa_leeftijd-filter-0-2-ans","8":"pa_meest-populair-bij-garcons-filles","10":"first","11":"instock","12":"shipping-taxable","13":"product-type-simple"},"acf":[],"yoast_head":"<!-- This site is optimized with the Yoast SEO plugin v27.4 - https:\/\/yoast.com\/product\/yoast-seo-wordpress\/ -->\n<title>Animaux de safari pour le bain - SES Creative<\/title>\n<meta name=\"robots\" content=\"index, follow, max-snippet:-1, max-image-preview:large, max-video-preview:-1\" \/>\n<link rel=\"canonical\" href=\"https:\/\/ses-creative.com\/fr\/produit\/animaux-de-safari-pour-le-bain\/\" \/>\n<meta property=\"og:locale\" content=\"fr_FR\" \/>\n<meta property=\"og:type\" content=\"article\" \/>\n<meta property=\"og:title\" content=\"Animaux de safari pour le bain - SES Creative\" \/>\n<meta property=\"og:description\" content=\"Transformez le bain en un moment de d\u00e9couverte et de jeu avec le coffret Jouets de Bain Animaux Safari de SES Creative ! Con\u00e7u pour les tout-petits d\u00e8s 12 mois, ce set comprend 14 animaux en mousse douce et color\u00e9e qui flottent sur l\u2019eau et adh\u00e8rent facilement aux surfaces mouill\u00e9es, offrant ainsi une exp\u00e9rience ludique [&hellip;]\" \/>\n<meta property=\"og:url\" content=\"https:\/\/ses-creative.com\/fr\/produit\/animaux-de-safari-pour-le-bain\/\" \/>\n<meta property=\"og:site_name\" content=\"SES Creative\" \/>\n<meta property=\"article:modified_time\" content=\"2026-02-12T10:22:42+00:00\" \/>\n<meta name=\"twitter:card\" content=\"summary_large_image\" \/>\n<meta name=\"twitter:label1\" content=\"Dur\u00e9e de lecture estim\u00e9e\" \/>\n\t<meta name=\"twitter:data1\" content=\"1 minute\" \/>\n<script type=\"application\/ld+json\" class=\"yoast-schema-graph\">{\"@context\":\"https:\\\/\\\/schema.org\",\"@graph\":[{\"@type\":\"WebPage\",\"@id\":\"https:\\\/\\\/ses-creative.com\\\/fr\\\/produit\\\/animaux-de-safari-pour-le-bain\\\/\",\"url\":\"https:\\\/\\\/ses-creative.com\\\/fr\\\/produit\\\/animaux-de-safari-pour-le-bain\\\/\",\"name\":\"Animaux de safari pour le bain - SES Creative\",\"isPartOf\":{\"@id\":\"https:\\\/\\\/ses-creative.com\\\/#website\"},\"primaryImageOfPage\":{\"@id\":\"https:\\\/\\\/ses-creative.com\\\/fr\\\/produit\\\/animaux-de-safari-pour-le-bain\\\/#primaryimage\"},\"image\":{\"@id\":\"https:\\\/\\\/ses-creative.com\\\/fr\\\/produit\\\/animaux-de-safari-pour-le-bain\\\/#primaryimage\"},\"thumbnailUrl\":\"https:\\\/\\\/ses-creative.com\\\/wp-content\\\/uploads\\\/2026\\\/01\\\/130971.jpg\",\"datePublished\":\"2026-02-12T10:08:59+00:00\",\"dateModified\":\"2026-02-12T10:22:42+00:00\",\"breadcrumb\":{\"@id\":\"https:\\\/\\\/ses-creative.com\\\/fr\\\/produit\\\/animaux-de-safari-pour-le-bain\\\/#breadcrumb\"},\"inLanguage\":\"fr-FR\",\"potentialAction\":[{\"@type\":\"ReadAction\",\"target\":[\"https:\\\/\\\/ses-creative.com\\\/fr\\\/produit\\\/animaux-de-safari-pour-le-bain\\\/\"]}]},{\"@type\":\"ImageObject\",\"inLanguage\":\"fr-FR\",\"@id\":\"https:\\\/\\\/ses-creative.com\\\/fr\\\/produit\\\/animaux-de-safari-pour-le-bain\\\/#primaryimage\",\"url\":\"https:\\\/\\\/ses-creative.com\\\/wp-content\\\/uploads\\\/2026\\\/01\\\/130971.jpg\",\"contentUrl\":\"https:\\\/\\\/ses-creative.com\\\/wp-content\\\/uploads\\\/2026\\\/01\\\/130971.jpg\",\"width\":1000,\"height\":1000},{\"@type\":\"BreadcrumbList\",\"@id\":\"https:\\\/\\\/ses-creative.com\\\/fr\\\/produit\\\/animaux-de-safari-pour-le-bain\\\/#breadcrumb\",\"itemListElement\":[{\"@type\":\"ListItem\",\"position\":1,\"name\":\"Boutique\",\"item\":\"https:\\\/\\\/ses-creative.com\\\/fr\\\/boutique\\\/\"},{\"@type\":\"ListItem\",\"position\":2,\"name\":\"B\u00e9b\u00e9 &amp; Tout-petit\",\"item\":\"https:\\\/\\\/ses-creative.com\\\/fr\\\/product-categorie\\\/bebe-tout-petit\\\/\"},{\"@type\":\"ListItem\",\"position\":3,\"name\":\"Animaux de safari pour le bain\"}]},{\"@type\":\"WebSite\",\"@id\":\"https:\\\/\\\/ses-creative.com\\\/#website\",\"url\":\"https:\\\/\\\/ses-creative.com\\\/\",\"name\":\"SES Creative\",\"description\":\"\",\"publisher\":{\"@id\":\"https:\\\/\\\/ses-creative.com\\\/#organization\"},\"potentialAction\":[{\"@type\":\"SearchAction\",\"target\":{\"@type\":\"EntryPoint\",\"urlTemplate\":\"https:\\\/\\\/ses-creative.com\\\/?s={search_term_string}\"},\"query-input\":{\"@type\":\"PropertyValueSpecification\",\"valueRequired\":true,\"valueName\":\"search_term_string\"}}],\"inLanguage\":\"fr-FR\"},{\"@type\":\"Organization\",\"@id\":\"https:\\\/\\\/ses-creative.com\\\/#organization\",\"name\":\"SES Creative\",\"url\":\"https:\\\/\\\/ses-creative.com\\\/\",\"logo\":{\"@type\":\"ImageObject\",\"inLanguage\":\"fr-FR\",\"@id\":\"https:\\\/\\\/ses-creative.com\\\/#\\\/schema\\\/logo\\\/image\\\/\",\"url\":\"https:\\\/\\\/ses-creative.com\\\/wp-content\\\/uploads\\\/2025\\\/10\\\/ses-creative-logo.jpg\",\"contentUrl\":\"https:\\\/\\\/ses-creative.com\\\/wp-content\\\/uploads\\\/2025\\\/10\\\/ses-creative-logo.jpg\",\"width\":2037,\"height\":2037,\"caption\":\"SES Creative\"},\"image\":{\"@id\":\"https:\\\/\\\/ses-creative.com\\\/#\\\/schema\\\/logo\\\/image\\\/\"}}]}<\/script>\n<!-- \/ Yoast SEO plugin. -->","yoast_head_json":{"title":"Animaux de safari pour le bain - SES Creative","robots":{"index":"index","follow":"follow","max-snippet":"max-snippet:-1","max-image-preview":"max-image-preview:large","max-video-preview":"max-video-preview:-1"},"canonical":"https:\/\/ses-creative.com\/fr\/produit\/animaux-de-safari-pour-le-bain\/","og_locale":"fr_FR","og_type":"article","og_title":"Animaux de safari pour le bain - SES Creative","og_description":"Transformez le bain en un moment de d\u00e9couverte et de jeu avec le coffret Jouets de Bain Animaux Safari de SES Creative ! Con\u00e7u pour les tout-petits d\u00e8s 12 mois, ce set comprend 14 animaux en mousse douce et color\u00e9e qui flottent sur l\u2019eau et adh\u00e8rent facilement aux surfaces mouill\u00e9es, offrant ainsi une exp\u00e9rience ludique [&hellip;]","og_url":"https:\/\/ses-creative.com\/fr\/produit\/animaux-de-safari-pour-le-bain\/","og_site_name":"SES Creative","article_modified_time":"2026-02-12T10:22:42+00:00","twitter_card":"summary_large_image","twitter_misc":{"Dur\u00e9e de lecture estim\u00e9e":"1 minute"},"schema":{"@context":"https:\/\/schema.org","@graph":[{"@type":"WebPage","@id":"https:\/\/ses-creative.com\/fr\/produit\/animaux-de-safari-pour-le-bain\/","url":"https:\/\/ses-creative.com\/fr\/produit\/animaux-de-safari-pour-le-bain\/","name":"Animaux de safari pour le bain - SES Creative","isPartOf":{"@id":"https:\/\/ses-creative.com\/#website"},"primaryImageOfPage":{"@id":"https:\/\/ses-creative.com\/fr\/produit\/animaux-de-safari-pour-le-bain\/#primaryimage"},"image":{"@id":"https:\/\/ses-creative.com\/fr\/produit\/animaux-de-safari-pour-le-bain\/#primaryimage"},"thumbnailUrl":"https:\/\/ses-creative.com\/wp-content\/uploads\/2026\/01\/130971.jpg","datePublished":"2026-02-12T10:08:59+00:00","dateModified":"2026-02-12T10:22:42+00:00","breadcrumb":{"@id":"https:\/\/ses-creative.com\/fr\/produit\/animaux-de-safari-pour-le-bain\/#breadcrumb"},"inLanguage":"fr-FR","potentialAction":[{"@type":"ReadAction","target":["https:\/\/ses-creative.com\/fr\/produit\/animaux-de-safari-pour-le-bain\/"]}]},{"@type":"ImageObject","inLanguage":"fr-FR","@id":"https:\/\/ses-creative.com\/fr\/produit\/animaux-de-safari-pour-le-bain\/#primaryimage","url":"https:\/\/ses-creative.com\/wp-content\/uploads\/2026\/01\/130971.jpg","contentUrl":"https:\/\/ses-creative.com\/wp-content\/uploads\/2026\/01\/130971.jpg","width":1000,"height":1000},{"@type":"BreadcrumbList","@id":"https:\/\/ses-creative.com\/fr\/produit\/animaux-de-safari-pour-le-bain\/#breadcrumb","itemListElement":[{"@type":"ListItem","position":1,"name":"Boutique","item":"https:\/\/ses-creative.com\/fr\/boutique\/"},{"@type":"ListItem","position":2,"name":"B\u00e9b\u00e9 &amp; Tout-petit","item":"https:\/\/ses-creative.com\/fr\/product-categorie\/bebe-tout-petit\/"},{"@type":"ListItem","position":3,"name":"Animaux de safari pour le bain"}]},{"@type":"WebSite","@id":"https:\/\/ses-creative.com\/#website","url":"https:\/\/ses-creative.com\/","name":"SES Creative","description":"","publisher":{"@id":"https:\/\/ses-creative.com\/#organization"},"potentialAction":[{"@type":"SearchAction","target":{"@type":"EntryPoint","urlTemplate":"https:\/\/ses-creative.com\/?s={search_term_string}"},"query-input":{"@type":"PropertyValueSpecification","valueRequired":true,"valueName":"search_term_string"}}],"inLanguage":"fr-FR"},{"@type":"Organization","@id":"https:\/\/ses-creative.com\/#organization","name":"SES Creative","url":"https:\/\/ses-creative.com\/","logo":{"@type":"ImageObject","inLanguage":"fr-FR","@id":"https:\/\/ses-creative.com\/#\/schema\/logo\/image\/","url":"https:\/\/ses-creative.com\/wp-content\/uploads\/2025\/10\/ses-creative-logo.jpg","contentUrl":"https:\/\/ses-creative.com\/wp-content\/uploads\/2025\/10\/ses-creative-logo.jpg","width":2037,"height":2037,"caption":"SES Creative"},"image":{"@id":"https:\/\/ses-creative.com\/#\/schema\/logo\/image\/"}}]}},"_links":{"self":[{"href":"https:\/\/ses-creative.com\/fr\/wp-json\/wp\/v2\/product\/118203","targetHints":{"allow":["GET"]}}],"collection":[{"href":"https:\/\/ses-creative.com\/fr\/wp-json\/wp\/v2\/product"}],"about":[{"href":"https:\/\/ses-creative.com\/fr\/wp-json\/wp\/v2\/types\/product"}],"replies":[{"embeddable":true,"href":"https:\/\/ses-creative.com\/fr\/wp-json\/wp\/v2\/comments?post=118203"}],"wp:featuredmedia":[{"embeddable":true,"href":"https:\/\/ses-creative.com\/fr\/wp-json\/wp\/v2\/media\/100708"}],"wp:attachment":[{"href":"https:\/\/ses-creative.com\/fr\/wp-json\/wp\/v2\/media?parent=118203"}],"wp:term":[{"taxonomy":"product_brand","embeddable":true,"href":"https:\/\/ses-creative.com\/fr\/wp-json\/wp\/v2\/product_brand?post=118203"},{"taxonomy":"product_cat","embeddable":true,"href":"https:\/\/ses-creative.com\/fr\/wp-json\/wp\/v2\/product_cat?post=118203"},{"taxonomy":"product_tag","embeddable":true,"href":"https:\/\/ses-creative.com\/fr\/wp-json\/wp\/v2\/product_tag?post=118203"}],"curies":[{"name":"wp","href":"https:\/\/api.w.org\/{rel}","templated":true}]}}