











{"id":118202,"date":"2026-02-12T10:08:59","date_gmt":"2026-02-12T10:08:59","guid":{"rendered":"https:\/\/ses-creative.com\/?post_type=product&#038;p=118202"},"modified":"2026-02-12T10:22:42","modified_gmt":"2026-02-12T10:22:42","slug":"peche-dans-leau","status":"publish","type":"product","link":"https:\/\/ses-creative.com\/fr\/produit\/peche-dans-leau\/","title":{"rendered":"P\u00eache dans l&rsquo;eau"},"content":{"rendered":"<p>Attrapez les poissons les plus extraordinaires avec P\u00eacher dans l&rsquo;eau !<br \/>\nQui attrapera le plus de poissons ou les poissons les plus sp\u00e9ciaux dans le bain ? Avec ce jeu de p\u00eache amusant de SES Creative, l&rsquo;heure du bain devient une v\u00e9ritable aventure. Utilisez les cannes \u00e0 p\u00eache pour attraper les poissons color\u00e9s et les animaux marins dans l&rsquo;eau. Parfait pour les enfants qui aiment l&rsquo;eau et les d\u00e9fis ludiques !<br \/>\nCe qui rend ce set g\u00e9nial<br \/>\n&#8211;    Transformez l&rsquo;heure du bain en une f\u00eate<br \/>\n&#8211;    Les animaux marins flottent<br \/>\n&#8211;    Stimule la coordination \u0153il-main et la motricit\u00e9 fine<br \/>\n&#8211;    Convient aux enfants \u00e0 partir de 3 ans<br \/>\n&#8211;    Jouez ensemble gr\u00e2ce aux deux cannes \u00e0 p\u00eache<br \/>\nPourquoi ce produit est-il parfait pour vous ?<br \/>\nCe set est id\u00e9al pour les parents qui souhaitent rendre l&rsquo;heure du bain encore plus amusante pour leurs enfants. Il offre une fa\u00e7on ludique de jouer et d&rsquo;apprendre, tout en stimulant la motricit\u00e9 fine et la coordination de votre enfant.<br \/>\nAvec ce set, les enfants peuvent organiser leur propre partie de p\u00eache dans le bain. Les poissons et animaux marins color\u00e9s flottent sur l&rsquo;eau, ce qui les rend faciles \u00e0 attraper avec les cannes \u00e0 p\u00eache. Une excellente fa\u00e7on de s&rsquo;amuser pendant le bain tout en am\u00e9liorant leur coordination \u0153il-main.<br \/>\nContenu du set<br \/>\n&#8211;    2 cannes \u00e0 p\u00eache<br \/>\n&#8211;    Assortiment d&rsquo;animaux marins (dont un crabe, un requin et un dauphin)<br \/>\nPourquoi choisir SES Creative ?<br \/>\nChez SES Creative, nous accordons une grande importance \u00e0 la s\u00e9curit\u00e9. C&rsquo;est pourquoi nos produits sont fabriqu\u00e9s et test\u00e9s dans notre usine aux Pays-Bas, conform\u00e9ment aux normes de s\u00e9curit\u00e9 europ\u00e9ennes les plus strictes. Les jouets SES Creative sont source de plaisir et permettent aux enfants d&rsquo;\u00eatre fiers de leur travail, ce qui stimule leur cr\u00e9ativit\u00e9 et leur d\u00e9veloppement.<br \/>\nCommencez d\u00e8s aujourd&rsquo;hui \u00e0 attraper des poissons extraordinaires<br \/>\nD\u00e9couvrez le plaisir de la p\u00eache dans le bain et organisez les concours de p\u00eache les plus amusants avec ce kit de p\u00eache complet. Parfait pour des heures de plaisir dans l&rsquo;eau !<\/p>\n","protected":false},"excerpt":{"rendered":"<p>Attrapez les poissons les plus extraordinaires avec P\u00eacher dans l&rsquo;eau ! Qui attrapera le plus de poissons ou les poissons les plus sp\u00e9ciaux dans le bain ? Avec ce jeu de p\u00eache amusant de SES Creative, l&rsquo;heure du bain devient une v\u00e9ritable aventure. Utilisez les cannes \u00e0 p\u00eache pour attraper les poissons color\u00e9s et les [&hellip;]<\/p>\n","protected":false},"featured_media":94092,"comment_status":"closed","ping_status":"closed","template":"","meta":{"_acf_changed":false},"product_brand":[],"product_cat":[123],"product_tag":[],"class_list":{"0":"post-118202","1":"product","2":"type-product","3":"status-publish","4":"has-post-thumbnail","6":"product_cat-bebe-tout-petit","7":"pa_leeftijd-filter-3-4-ans","8":"pa_meest-populair-bij-garcons-filles","10":"first","11":"instock","12":"shipping-taxable","13":"product-type-simple"},"acf":[],"yoast_head":"<!-- This site is optimized with the Yoast SEO plugin v27.2 - https:\/\/yoast.com\/product\/yoast-seo-wordpress\/ -->\n<title>P\u00eache dans l&#039;eau - SES Creative<\/title>\n<meta name=\"robots\" content=\"index, follow, max-snippet:-1, max-image-preview:large, max-video-preview:-1\" \/>\n<link rel=\"canonical\" href=\"https:\/\/ses-creative.com\/fr\/produit\/peche-dans-leau\/\" \/>\n<meta property=\"og:locale\" content=\"fr_FR\" \/>\n<meta property=\"og:type\" content=\"article\" \/>\n<meta property=\"og:title\" content=\"P\u00eache dans l&#039;eau - SES Creative\" \/>\n<meta property=\"og:description\" content=\"Attrapez les poissons les plus extraordinaires avec P\u00eacher dans l&rsquo;eau ! Qui attrapera le plus de poissons ou les poissons les plus sp\u00e9ciaux dans le bain ? Avec ce jeu de p\u00eache amusant de SES Creative, l&rsquo;heure du bain devient une v\u00e9ritable aventure. Utilisez les cannes \u00e0 p\u00eache pour attraper les poissons color\u00e9s et les [&hellip;]\" \/>\n<meta property=\"og:url\" content=\"https:\/\/ses-creative.com\/fr\/produit\/peche-dans-leau\/\" \/>\n<meta property=\"og:site_name\" content=\"SES Creative\" \/>\n<meta property=\"article:modified_time\" content=\"2026-02-12T10:22:42+00:00\" \/>\n<meta name=\"twitter:card\" content=\"summary_large_image\" \/>\n<meta name=\"twitter:label1\" content=\"Dur\u00e9e de lecture estim\u00e9e\" \/>\n\t<meta name=\"twitter:data1\" content=\"2 minutes\" \/>\n<script type=\"application\/ld+json\" class=\"yoast-schema-graph\">{\"@context\":\"https:\/\/schema.org\",\"@graph\":[{\"@type\":\"WebPage\",\"@id\":\"https:\/\/ses-creative.com\/fr\/produit\/peche-dans-leau\/\",\"url\":\"https:\/\/ses-creative.com\/fr\/produit\/peche-dans-leau\/\",\"name\":\"P\u00eache dans l'eau - SES Creative\",\"isPartOf\":{\"@id\":\"https:\/\/ses-creative.com\/#website\"},\"primaryImageOfPage\":{\"@id\":\"https:\/\/ses-creative.com\/fr\/produit\/peche-dans-leau\/#primaryimage\"},\"image\":{\"@id\":\"https:\/\/ses-creative.com\/fr\/produit\/peche-dans-leau\/#primaryimage\"},\"thumbnailUrl\":\"https:\/\/ses-creative.com\/wp-content\/uploads\/2026\/01\/130921.jpg\",\"datePublished\":\"2026-02-12T10:08:59+00:00\",\"dateModified\":\"2026-02-12T10:22:42+00:00\",\"breadcrumb\":{\"@id\":\"https:\/\/ses-creative.com\/fr\/produit\/peche-dans-leau\/#breadcrumb\"},\"inLanguage\":\"fr-FR\",\"potentialAction\":[{\"@type\":\"ReadAction\",\"target\":[\"https:\/\/ses-creative.com\/fr\/produit\/peche-dans-leau\/\"]}]},{\"@type\":\"ImageObject\",\"inLanguage\":\"fr-FR\",\"@id\":\"https:\/\/ses-creative.com\/fr\/produit\/peche-dans-leau\/#primaryimage\",\"url\":\"https:\/\/ses-creative.com\/wp-content\/uploads\/2026\/01\/130921.jpg\",\"contentUrl\":\"https:\/\/ses-creative.com\/wp-content\/uploads\/2026\/01\/130921.jpg\",\"width\":1000,\"height\":1000},{\"@type\":\"BreadcrumbList\",\"@id\":\"https:\/\/ses-creative.com\/fr\/produit\/peche-dans-leau\/#breadcrumb\",\"itemListElement\":[{\"@type\":\"ListItem\",\"position\":1,\"name\":\"Boutique\",\"item\":\"https:\/\/ses-creative.com\/fr\/boutique\/\"},{\"@type\":\"ListItem\",\"position\":2,\"name\":\"B\u00e9b\u00e9 &amp; Tout-petit\",\"item\":\"https:\/\/ses-creative.com\/fr\/product-categorie\/bebe-tout-petit\/\"},{\"@type\":\"ListItem\",\"position\":3,\"name\":\"P\u00eache dans l&#8217;eau\"}]},{\"@type\":\"WebSite\",\"@id\":\"https:\/\/ses-creative.com\/#website\",\"url\":\"https:\/\/ses-creative.com\/\",\"name\":\"SES Creative\",\"description\":\"\",\"publisher\":{\"@id\":\"https:\/\/ses-creative.com\/#organization\"},\"potentialAction\":[{\"@type\":\"SearchAction\",\"target\":{\"@type\":\"EntryPoint\",\"urlTemplate\":\"https:\/\/ses-creative.com\/?s={search_term_string}\"},\"query-input\":{\"@type\":\"PropertyValueSpecification\",\"valueRequired\":true,\"valueName\":\"search_term_string\"}}],\"inLanguage\":\"fr-FR\"},{\"@type\":\"Organization\",\"@id\":\"https:\/\/ses-creative.com\/#organization\",\"name\":\"SES Creative\",\"url\":\"https:\/\/ses-creative.com\/\",\"logo\":{\"@type\":\"ImageObject\",\"inLanguage\":\"fr-FR\",\"@id\":\"https:\/\/ses-creative.com\/#\/schema\/logo\/image\/\",\"url\":\"https:\/\/ses-creative.com\/wp-content\/uploads\/2025\/10\/ses-creative-logo.jpg\",\"contentUrl\":\"https:\/\/ses-creative.com\/wp-content\/uploads\/2025\/10\/ses-creative-logo.jpg\",\"width\":2037,\"height\":2037,\"caption\":\"SES Creative\"},\"image\":{\"@id\":\"https:\/\/ses-creative.com\/#\/schema\/logo\/image\/\"}}]}<\/script>\n<!-- \/ Yoast SEO plugin. -->","yoast_head_json":{"title":"P\u00eache dans l'eau - SES Creative","robots":{"index":"index","follow":"follow","max-snippet":"max-snippet:-1","max-image-preview":"max-image-preview:large","max-video-preview":"max-video-preview:-1"},"canonical":"https:\/\/ses-creative.com\/fr\/produit\/peche-dans-leau\/","og_locale":"fr_FR","og_type":"article","og_title":"P\u00eache dans l'eau - SES Creative","og_description":"Attrapez les poissons les plus extraordinaires avec P\u00eacher dans l&rsquo;eau ! Qui attrapera le plus de poissons ou les poissons les plus sp\u00e9ciaux dans le bain ? Avec ce jeu de p\u00eache amusant de SES Creative, l&rsquo;heure du bain devient une v\u00e9ritable aventure. Utilisez les cannes \u00e0 p\u00eache pour attraper les poissons color\u00e9s et les [&hellip;]","og_url":"https:\/\/ses-creative.com\/fr\/produit\/peche-dans-leau\/","og_site_name":"SES Creative","article_modified_time":"2026-02-12T10:22:42+00:00","twitter_card":"summary_large_image","twitter_misc":{"Dur\u00e9e de lecture estim\u00e9e":"2 minutes"},"schema":{"@context":"https:\/\/schema.org","@graph":[{"@type":"WebPage","@id":"https:\/\/ses-creative.com\/fr\/produit\/peche-dans-leau\/","url":"https:\/\/ses-creative.com\/fr\/produit\/peche-dans-leau\/","name":"P\u00eache dans l'eau - SES Creative","isPartOf":{"@id":"https:\/\/ses-creative.com\/#website"},"primaryImageOfPage":{"@id":"https:\/\/ses-creative.com\/fr\/produit\/peche-dans-leau\/#primaryimage"},"image":{"@id":"https:\/\/ses-creative.com\/fr\/produit\/peche-dans-leau\/#primaryimage"},"thumbnailUrl":"https:\/\/ses-creative.com\/wp-content\/uploads\/2026\/01\/130921.jpg","datePublished":"2026-02-12T10:08:59+00:00","dateModified":"2026-02-12T10:22:42+00:00","breadcrumb":{"@id":"https:\/\/ses-creative.com\/fr\/produit\/peche-dans-leau\/#breadcrumb"},"inLanguage":"fr-FR","potentialAction":[{"@type":"ReadAction","target":["https:\/\/ses-creative.com\/fr\/produit\/peche-dans-leau\/"]}]},{"@type":"ImageObject","inLanguage":"fr-FR","@id":"https:\/\/ses-creative.com\/fr\/produit\/peche-dans-leau\/#primaryimage","url":"https:\/\/ses-creative.com\/wp-content\/uploads\/2026\/01\/130921.jpg","contentUrl":"https:\/\/ses-creative.com\/wp-content\/uploads\/2026\/01\/130921.jpg","width":1000,"height":1000},{"@type":"BreadcrumbList","@id":"https:\/\/ses-creative.com\/fr\/produit\/peche-dans-leau\/#breadcrumb","itemListElement":[{"@type":"ListItem","position":1,"name":"Boutique","item":"https:\/\/ses-creative.com\/fr\/boutique\/"},{"@type":"ListItem","position":2,"name":"B\u00e9b\u00e9 &amp; Tout-petit","item":"https:\/\/ses-creative.com\/fr\/product-categorie\/bebe-tout-petit\/"},{"@type":"ListItem","position":3,"name":"P\u00eache dans l&#8217;eau"}]},{"@type":"WebSite","@id":"https:\/\/ses-creative.com\/#website","url":"https:\/\/ses-creative.com\/","name":"SES Creative","description":"","publisher":{"@id":"https:\/\/ses-creative.com\/#organization"},"potentialAction":[{"@type":"SearchAction","target":{"@type":"EntryPoint","urlTemplate":"https:\/\/ses-creative.com\/?s={search_term_string}"},"query-input":{"@type":"PropertyValueSpecification","valueRequired":true,"valueName":"search_term_string"}}],"inLanguage":"fr-FR"},{"@type":"Organization","@id":"https:\/\/ses-creative.com\/#organization","name":"SES Creative","url":"https:\/\/ses-creative.com\/","logo":{"@type":"ImageObject","inLanguage":"fr-FR","@id":"https:\/\/ses-creative.com\/#\/schema\/logo\/image\/","url":"https:\/\/ses-creative.com\/wp-content\/uploads\/2025\/10\/ses-creative-logo.jpg","contentUrl":"https:\/\/ses-creative.com\/wp-content\/uploads\/2025\/10\/ses-creative-logo.jpg","width":2037,"height":2037,"caption":"SES Creative"},"image":{"@id":"https:\/\/ses-creative.com\/#\/schema\/logo\/image\/"}}]}},"_links":{"self":[{"href":"https:\/\/ses-creative.com\/fr\/wp-json\/wp\/v2\/product\/118202","targetHints":{"allow":["GET"]}}],"collection":[{"href":"https:\/\/ses-creative.com\/fr\/wp-json\/wp\/v2\/product"}],"about":[{"href":"https:\/\/ses-creative.com\/fr\/wp-json\/wp\/v2\/types\/product"}],"replies":[{"embeddable":true,"href":"https:\/\/ses-creative.com\/fr\/wp-json\/wp\/v2\/comments?post=118202"}],"wp:featuredmedia":[{"embeddable":true,"href":"https:\/\/ses-creative.com\/fr\/wp-json\/wp\/v2\/media\/94092"}],"wp:attachment":[{"href":"https:\/\/ses-creative.com\/fr\/wp-json\/wp\/v2\/media?parent=118202"}],"wp:term":[{"taxonomy":"product_brand","embeddable":true,"href":"https:\/\/ses-creative.com\/fr\/wp-json\/wp\/v2\/product_brand?post=118202"},{"taxonomy":"product_cat","embeddable":true,"href":"https:\/\/ses-creative.com\/fr\/wp-json\/wp\/v2\/product_cat?post=118202"},{"taxonomy":"product_tag","embeddable":true,"href":"https:\/\/ses-creative.com\/fr\/wp-json\/wp\/v2\/product_tag?post=118202"}],"curies":[{"name":"wp","href":"https:\/\/api.w.org\/{rel}","templated":true}]}}