











{"id":118199,"date":"2026-02-12T10:08:57","date_gmt":"2026-02-12T10:08:57","guid":{"rendered":"https:\/\/ses-creative.com\/?post_type=product&#038;p=118199"},"modified":"2026-02-12T10:22:41","modified_gmt":"2026-02-12T10:22:41","slug":"livre-pour-le-bain-coloriage-a-leau","status":"publish","type":"product","link":"https:\/\/ses-creative.com\/fr\/produit\/livre-pour-le-bain-coloriage-a-leau\/","title":{"rendered":"Livre pour le bain &#8211; Coloriage \u00e0 l&rsquo;eau"},"content":{"rendered":"<p>Coloriez dans le bain avec le livre de bain magique !<br \/>\nL&rsquo;heure du bain devient une aventure avec ce livre de bain magique de SES Creative ! Le livret est sp\u00e9cialement con\u00e7u pour les tout-petits et offre une exp\u00e9rience unique en mati\u00e8re de couleurs. D\u00e9couvrez comment l&rsquo;eau fait appara\u00eetre les couleurs et les animaux cach\u00e9s. Parfait pour les enfants qui aiment jouer dans le bain et qui aiment un peu de magie !<br \/>\nCe qui rend ce set g\u00e9nial<br \/>\n&#8211;    Convient pour le bain<br \/>\n&#8211;    Loi magique et vue dans le livre de bain<br \/>\n&#8211;    Stimule les sens de votre enfant<br \/>\n&#8211;    Parfait pour les enfants \u00e0 partir de 6 mois<br \/>\n&#8211;    Sans PVC<br \/>\nPourquoi ce produit est-il parfait pour vous ?<br \/>\nCe livre de bain est id\u00e9al pour les parents qui souhaitent faire profiter leurs enfants d&rsquo;une exp\u00e9rience ludique et magique dans le bain. Gr\u00e2ce \u00e0 ce livre, les enfants peuvent d\u00e9couvrir de mani\u00e8re ludique et s\u00fbre comment les couleurs et les animaux apparaissent d\u00e8s que le livre est mouill\u00e9. Il rend l&rsquo;heure du bain non seulement plus amusante, mais aussi plus instructive, car il stimule les sens et la curiosit\u00e9 de votre enfant.<br \/>\nContenu du set<br \/>\n&#8211;    Livre de bain avec des couleurs magiques et des animaux aquatiques<br \/>\nPourquoi choisir SES Creative ?<br \/>\nChez SES Creative, nous accordons une grande importance \u00e0 la s\u00e9curit\u00e9. C&rsquo;est pourquoi nos produits sont fabriqu\u00e9s et test\u00e9s dans notre usine aux Pays-Bas, conform\u00e9ment aux normes de s\u00e9curit\u00e9 europ\u00e9ennes les plus strictes. Les jouets SES Creative sont source de plaisir et permettent aux enfants d&rsquo;\u00eatre fiers de leur travail, ce qui stimule leur cr\u00e9ativit\u00e9 et leur d\u00e9veloppement.<br \/>\nCommencez d\u00e8s aujourd&rsquo;hui \u00e0 colorier comme par magie dans le bain<br \/>\nD\u00e9couvrez le plaisir du bain avec ce livre de bain aux couleurs magiques avec de l&rsquo;eau. Parfait pour une exp\u00e9rience de bain \u00e9claboussante et \u00e9ducative !<\/p>\n","protected":false},"excerpt":{"rendered":"<p>Coloriez dans le bain avec le livre de bain magique ! L&rsquo;heure du bain devient une aventure avec ce livre de bain magique de SES Creative ! Le livret est sp\u00e9cialement con\u00e7u pour les tout-petits et offre une exp\u00e9rience unique en mati\u00e8re de couleurs. D\u00e9couvrez comment l&rsquo;eau fait appara\u00eetre les couleurs et les animaux cach\u00e9s. [&hellip;]<\/p>\n","protected":false},"featured_media":100648,"comment_status":"closed","ping_status":"closed","template":"","meta":{"_acf_changed":false},"product_brand":[],"product_cat":[123],"product_tag":[],"class_list":{"0":"post-118199","1":"product","2":"type-product","3":"status-publish","4":"has-post-thumbnail","6":"product_cat-bebe-tout-petit","7":"pa_leeftijd-filter-0-2-ans","8":"pa_meest-populair-bij-garcons-filles","10":"first","11":"instock","12":"shipping-taxable","13":"product-type-simple"},"acf":[],"yoast_head":"<!-- This site is optimized with the Yoast SEO plugin v27.2 - https:\/\/yoast.com\/product\/yoast-seo-wordpress\/ -->\n<title>Livre pour le bain - Coloriage \u00e0 l&#039;eau - SES Creative<\/title>\n<meta name=\"robots\" content=\"index, follow, max-snippet:-1, max-image-preview:large, max-video-preview:-1\" \/>\n<link rel=\"canonical\" href=\"https:\/\/ses-creative.com\/fr\/produit\/livre-pour-le-bain-coloriage-a-leau\/\" \/>\n<meta property=\"og:locale\" content=\"fr_FR\" \/>\n<meta property=\"og:type\" content=\"article\" \/>\n<meta property=\"og:title\" content=\"Livre pour le bain - Coloriage \u00e0 l&#039;eau - SES Creative\" \/>\n<meta property=\"og:description\" content=\"Coloriez dans le bain avec le livre de bain magique ! L&rsquo;heure du bain devient une aventure avec ce livre de bain magique de SES Creative ! Le livret est sp\u00e9cialement con\u00e7u pour les tout-petits et offre une exp\u00e9rience unique en mati\u00e8re de couleurs. D\u00e9couvrez comment l&rsquo;eau fait appara\u00eetre les couleurs et les animaux cach\u00e9s. [&hellip;]\" \/>\n<meta property=\"og:url\" content=\"https:\/\/ses-creative.com\/fr\/produit\/livre-pour-le-bain-coloriage-a-leau\/\" \/>\n<meta property=\"og:site_name\" content=\"SES Creative\" \/>\n<meta property=\"article:modified_time\" content=\"2026-02-12T10:22:41+00:00\" \/>\n<meta name=\"twitter:card\" content=\"summary_large_image\" \/>\n<meta name=\"twitter:label1\" content=\"Dur\u00e9e de lecture estim\u00e9e\" \/>\n\t<meta name=\"twitter:data1\" content=\"2 minutes\" \/>\n<script type=\"application\/ld+json\" class=\"yoast-schema-graph\">{\"@context\":\"https:\/\/schema.org\",\"@graph\":[{\"@type\":\"WebPage\",\"@id\":\"https:\/\/ses-creative.com\/fr\/produit\/livre-pour-le-bain-coloriage-a-leau\/\",\"url\":\"https:\/\/ses-creative.com\/fr\/produit\/livre-pour-le-bain-coloriage-a-leau\/\",\"name\":\"Livre pour le bain - Coloriage \u00e0 l'eau - SES Creative\",\"isPartOf\":{\"@id\":\"https:\/\/ses-creative.com\/#website\"},\"primaryImageOfPage\":{\"@id\":\"https:\/\/ses-creative.com\/fr\/produit\/livre-pour-le-bain-coloriage-a-leau\/#primaryimage\"},\"image\":{\"@id\":\"https:\/\/ses-creative.com\/fr\/produit\/livre-pour-le-bain-coloriage-a-leau\/#primaryimage\"},\"thumbnailUrl\":\"https:\/\/ses-creative.com\/wp-content\/uploads\/2026\/01\/130561.jpg\",\"datePublished\":\"2026-02-12T10:08:57+00:00\",\"dateModified\":\"2026-02-12T10:22:41+00:00\",\"breadcrumb\":{\"@id\":\"https:\/\/ses-creative.com\/fr\/produit\/livre-pour-le-bain-coloriage-a-leau\/#breadcrumb\"},\"inLanguage\":\"fr-FR\",\"potentialAction\":[{\"@type\":\"ReadAction\",\"target\":[\"https:\/\/ses-creative.com\/fr\/produit\/livre-pour-le-bain-coloriage-a-leau\/\"]}]},{\"@type\":\"ImageObject\",\"inLanguage\":\"fr-FR\",\"@id\":\"https:\/\/ses-creative.com\/fr\/produit\/livre-pour-le-bain-coloriage-a-leau\/#primaryimage\",\"url\":\"https:\/\/ses-creative.com\/wp-content\/uploads\/2026\/01\/130561.jpg\",\"contentUrl\":\"https:\/\/ses-creative.com\/wp-content\/uploads\/2026\/01\/130561.jpg\",\"width\":1000,\"height\":1000},{\"@type\":\"BreadcrumbList\",\"@id\":\"https:\/\/ses-creative.com\/fr\/produit\/livre-pour-le-bain-coloriage-a-leau\/#breadcrumb\",\"itemListElement\":[{\"@type\":\"ListItem\",\"position\":1,\"name\":\"Boutique\",\"item\":\"https:\/\/ses-creative.com\/fr\/boutique\/\"},{\"@type\":\"ListItem\",\"position\":2,\"name\":\"B\u00e9b\u00e9 &amp; Tout-petit\",\"item\":\"https:\/\/ses-creative.com\/fr\/product-categorie\/bebe-tout-petit\/\"},{\"@type\":\"ListItem\",\"position\":3,\"name\":\"Livre pour le bain &#8211; Coloriage \u00e0 l&#8217;eau\"}]},{\"@type\":\"WebSite\",\"@id\":\"https:\/\/ses-creative.com\/#website\",\"url\":\"https:\/\/ses-creative.com\/\",\"name\":\"SES Creative\",\"description\":\"\",\"publisher\":{\"@id\":\"https:\/\/ses-creative.com\/#organization\"},\"potentialAction\":[{\"@type\":\"SearchAction\",\"target\":{\"@type\":\"EntryPoint\",\"urlTemplate\":\"https:\/\/ses-creative.com\/?s={search_term_string}\"},\"query-input\":{\"@type\":\"PropertyValueSpecification\",\"valueRequired\":true,\"valueName\":\"search_term_string\"}}],\"inLanguage\":\"fr-FR\"},{\"@type\":\"Organization\",\"@id\":\"https:\/\/ses-creative.com\/#organization\",\"name\":\"SES Creative\",\"url\":\"https:\/\/ses-creative.com\/\",\"logo\":{\"@type\":\"ImageObject\",\"inLanguage\":\"fr-FR\",\"@id\":\"https:\/\/ses-creative.com\/#\/schema\/logo\/image\/\",\"url\":\"https:\/\/ses-creative.com\/wp-content\/uploads\/2025\/10\/ses-creative-logo.jpg\",\"contentUrl\":\"https:\/\/ses-creative.com\/wp-content\/uploads\/2025\/10\/ses-creative-logo.jpg\",\"width\":2037,\"height\":2037,\"caption\":\"SES Creative\"},\"image\":{\"@id\":\"https:\/\/ses-creative.com\/#\/schema\/logo\/image\/\"}}]}<\/script>\n<!-- \/ Yoast SEO plugin. -->","yoast_head_json":{"title":"Livre pour le bain - Coloriage \u00e0 l'eau - SES Creative","robots":{"index":"index","follow":"follow","max-snippet":"max-snippet:-1","max-image-preview":"max-image-preview:large","max-video-preview":"max-video-preview:-1"},"canonical":"https:\/\/ses-creative.com\/fr\/produit\/livre-pour-le-bain-coloriage-a-leau\/","og_locale":"fr_FR","og_type":"article","og_title":"Livre pour le bain - Coloriage \u00e0 l'eau - SES Creative","og_description":"Coloriez dans le bain avec le livre de bain magique ! L&rsquo;heure du bain devient une aventure avec ce livre de bain magique de SES Creative ! Le livret est sp\u00e9cialement con\u00e7u pour les tout-petits et offre une exp\u00e9rience unique en mati\u00e8re de couleurs. D\u00e9couvrez comment l&rsquo;eau fait appara\u00eetre les couleurs et les animaux cach\u00e9s. [&hellip;]","og_url":"https:\/\/ses-creative.com\/fr\/produit\/livre-pour-le-bain-coloriage-a-leau\/","og_site_name":"SES Creative","article_modified_time":"2026-02-12T10:22:41+00:00","twitter_card":"summary_large_image","twitter_misc":{"Dur\u00e9e de lecture estim\u00e9e":"2 minutes"},"schema":{"@context":"https:\/\/schema.org","@graph":[{"@type":"WebPage","@id":"https:\/\/ses-creative.com\/fr\/produit\/livre-pour-le-bain-coloriage-a-leau\/","url":"https:\/\/ses-creative.com\/fr\/produit\/livre-pour-le-bain-coloriage-a-leau\/","name":"Livre pour le bain - Coloriage \u00e0 l'eau - SES Creative","isPartOf":{"@id":"https:\/\/ses-creative.com\/#website"},"primaryImageOfPage":{"@id":"https:\/\/ses-creative.com\/fr\/produit\/livre-pour-le-bain-coloriage-a-leau\/#primaryimage"},"image":{"@id":"https:\/\/ses-creative.com\/fr\/produit\/livre-pour-le-bain-coloriage-a-leau\/#primaryimage"},"thumbnailUrl":"https:\/\/ses-creative.com\/wp-content\/uploads\/2026\/01\/130561.jpg","datePublished":"2026-02-12T10:08:57+00:00","dateModified":"2026-02-12T10:22:41+00:00","breadcrumb":{"@id":"https:\/\/ses-creative.com\/fr\/produit\/livre-pour-le-bain-coloriage-a-leau\/#breadcrumb"},"inLanguage":"fr-FR","potentialAction":[{"@type":"ReadAction","target":["https:\/\/ses-creative.com\/fr\/produit\/livre-pour-le-bain-coloriage-a-leau\/"]}]},{"@type":"ImageObject","inLanguage":"fr-FR","@id":"https:\/\/ses-creative.com\/fr\/produit\/livre-pour-le-bain-coloriage-a-leau\/#primaryimage","url":"https:\/\/ses-creative.com\/wp-content\/uploads\/2026\/01\/130561.jpg","contentUrl":"https:\/\/ses-creative.com\/wp-content\/uploads\/2026\/01\/130561.jpg","width":1000,"height":1000},{"@type":"BreadcrumbList","@id":"https:\/\/ses-creative.com\/fr\/produit\/livre-pour-le-bain-coloriage-a-leau\/#breadcrumb","itemListElement":[{"@type":"ListItem","position":1,"name":"Boutique","item":"https:\/\/ses-creative.com\/fr\/boutique\/"},{"@type":"ListItem","position":2,"name":"B\u00e9b\u00e9 &amp; Tout-petit","item":"https:\/\/ses-creative.com\/fr\/product-categorie\/bebe-tout-petit\/"},{"@type":"ListItem","position":3,"name":"Livre pour le bain &#8211; Coloriage \u00e0 l&#8217;eau"}]},{"@type":"WebSite","@id":"https:\/\/ses-creative.com\/#website","url":"https:\/\/ses-creative.com\/","name":"SES Creative","description":"","publisher":{"@id":"https:\/\/ses-creative.com\/#organization"},"potentialAction":[{"@type":"SearchAction","target":{"@type":"EntryPoint","urlTemplate":"https:\/\/ses-creative.com\/?s={search_term_string}"},"query-input":{"@type":"PropertyValueSpecification","valueRequired":true,"valueName":"search_term_string"}}],"inLanguage":"fr-FR"},{"@type":"Organization","@id":"https:\/\/ses-creative.com\/#organization","name":"SES Creative","url":"https:\/\/ses-creative.com\/","logo":{"@type":"ImageObject","inLanguage":"fr-FR","@id":"https:\/\/ses-creative.com\/#\/schema\/logo\/image\/","url":"https:\/\/ses-creative.com\/wp-content\/uploads\/2025\/10\/ses-creative-logo.jpg","contentUrl":"https:\/\/ses-creative.com\/wp-content\/uploads\/2025\/10\/ses-creative-logo.jpg","width":2037,"height":2037,"caption":"SES Creative"},"image":{"@id":"https:\/\/ses-creative.com\/#\/schema\/logo\/image\/"}}]}},"_links":{"self":[{"href":"https:\/\/ses-creative.com\/fr\/wp-json\/wp\/v2\/product\/118199","targetHints":{"allow":["GET"]}}],"collection":[{"href":"https:\/\/ses-creative.com\/fr\/wp-json\/wp\/v2\/product"}],"about":[{"href":"https:\/\/ses-creative.com\/fr\/wp-json\/wp\/v2\/types\/product"}],"replies":[{"embeddable":true,"href":"https:\/\/ses-creative.com\/fr\/wp-json\/wp\/v2\/comments?post=118199"}],"wp:featuredmedia":[{"embeddable":true,"href":"https:\/\/ses-creative.com\/fr\/wp-json\/wp\/v2\/media\/100648"}],"wp:attachment":[{"href":"https:\/\/ses-creative.com\/fr\/wp-json\/wp\/v2\/media?parent=118199"}],"wp:term":[{"taxonomy":"product_brand","embeddable":true,"href":"https:\/\/ses-creative.com\/fr\/wp-json\/wp\/v2\/product_brand?post=118199"},{"taxonomy":"product_cat","embeddable":true,"href":"https:\/\/ses-creative.com\/fr\/wp-json\/wp\/v2\/product_cat?post=118199"},{"taxonomy":"product_tag","embeddable":true,"href":"https:\/\/ses-creative.com\/fr\/wp-json\/wp\/v2\/product_tag?post=118199"}],"curies":[{"name":"wp","href":"https:\/\/api.w.org\/{rel}","templated":true}]}}