











{"id":118198,"date":"2026-02-12T10:08:57","date_gmt":"2026-02-12T10:08:57","guid":{"rendered":"https:\/\/ses-creative.com\/?post_type=product&#038;p=118198"},"modified":"2026-02-12T10:22:41","modified_gmt":"2026-02-12T10:22:41","slug":"souffleur-de-bulles-elephant-pour-le-bain","status":"publish","type":"product","link":"https:\/\/ses-creative.com\/fr\/produit\/souffleur-de-bulles-elephant-pour-le-bain\/","title":{"rendered":"Souffleur de bulles \u00e9l\u00e9phant pour le bain"},"content":{"rendered":"<p>Amusez-vous avec l&rsquo;\u00e9l\u00e9phant moussant Bubble !<br \/>\nCet \u00e9l\u00e9phant joyeux garantit un plaisir sans fin dans le bain ! Avec le \u00ab Bubble Schuim Olifant in Bad \u00bb, les enfants peuvent profiter d&rsquo;aventures mousseuses pendant leur bain. Soufflez avec l&rsquo;\u00e9l\u00e9phant pour cr\u00e9er une trompe de mousse et de bulles et rendre l&rsquo;heure du bain encore plus amusante. Utilisez votre propre gel douche, shampoing ou mousse de bain et regardez les bulles appara\u00eetre !<br \/>\nCe qui rend ce set g\u00e9nial<br \/>\n&#8211;    Fonctionne avec votre propre gel douche, shampoing ou bain moussant<br \/>\n&#8211;    Stimule la cr\u00e9ativit\u00e9 et le plaisir pendant le bain<br \/>\n&#8211;    Parfait pour les enfants \u00e0 partir de 24 mois<br \/>\n&#8211;    Facile et s\u00fbr \u00e0 utiliser<br \/>\n&#8211;    Jouet amusant et \u00e9ducatif pour le bain<br \/>\nPourquoi ce produit est-il parfait pour vous ?<br \/>\nAvec cet \u00e9l\u00e9phant, les enfants seront impatients de prendre leur bain. En remplissant le cercle en tissu \u00e9ponge de l&rsquo;\u00e9l\u00e9phant avec leur gel douche ou leur shampoing pr\u00e9f\u00e9r\u00e9, ils pourront s&rsquo;amuser avec de grosses bulles et de la mousse. Le set est facile \u00e0 utiliser et sp\u00e9cialement con\u00e7u pour rendre l&rsquo;heure du bain plus amusante et interactive.<br \/>\nQue vous preniez un bain tous les jours ou seulement lors d&rsquo;occasions sp\u00e9ciales, cet \u00e9l\u00e9phant en mousse garantit des heures de divertissement. C&rsquo;est le moyen id\u00e9al pour aider les enfants \u00e0 surmonter leur peur de l&rsquo;eau et \u00e0 appr\u00e9cier le bain.<br \/>\nContenu du kit<br \/>\n&#8211;    Outil \u00e0 mousse \u00e9l\u00e9phant<br \/>\n&#8211;    Soufflette<br \/>\n&#8211;    Cercle en tissu \u00e9ponge<br \/>\nPourquoi choisir SES Creative ?<br \/>\nChez SES Creative, nous accordons une grande importance \u00e0 la s\u00e9curit\u00e9. C&rsquo;est pourquoi nos produits sont fabriqu\u00e9s et test\u00e9s dans notre usine aux Pays-Bas, conform\u00e9ment aux normes de s\u00e9curit\u00e9 europ\u00e9ennes les plus strictes. Les jouets SES Creative sont source de plaisir et permettent aux enfants d&rsquo;\u00eatre fiers de leur travail, ce qui stimule leur cr\u00e9ativit\u00e9 et leur d\u00e9veloppement.<\/p>\n<p>Commencez d\u00e8s aujourd&rsquo;hui \u00e0 vous amuser avec la mousse !<br \/>\nAvec le \u00ab Bubble Schuim Olifant in Bad \u00bb (\u00e9l\u00e9phant moussant pour le bain), les enfants peuvent transformer chaque bain en une aventure amusante pleine de bulles et de plaisir. Prenez l&rsquo;\u00e9l\u00e9phant et commencez \u00e0 faire de la mousse !<\/p>\n","protected":false},"excerpt":{"rendered":"<p>Amusez-vous avec l&rsquo;\u00e9l\u00e9phant moussant Bubble ! Cet \u00e9l\u00e9phant joyeux garantit un plaisir sans fin dans le bain ! Avec le \u00ab Bubble Schuim Olifant in Bad \u00bb, les enfants peuvent profiter d&rsquo;aventures mousseuses pendant leur bain. Soufflez avec l&rsquo;\u00e9l\u00e9phant pour cr\u00e9er une trompe de mousse et de bulles et rendre l&rsquo;heure du bain encore plus [&hellip;]<\/p>\n","protected":false},"featured_media":100628,"comment_status":"closed","ping_status":"closed","template":"","meta":{"_acf_changed":false},"product_brand":[],"product_cat":[123],"product_tag":[],"class_list":{"0":"post-118198","1":"product","2":"type-product","3":"status-publish","4":"has-post-thumbnail","6":"product_cat-bebe-tout-petit","7":"pa_leeftijd-filter-0-2-ans","8":"pa_meest-populair-bij-garcons-filles","10":"first","11":"instock","12":"shipping-taxable","13":"product-type-simple"},"acf":[],"yoast_head":"<!-- This site is optimized with the Yoast SEO plugin v27.4 - https:\/\/yoast.com\/product\/yoast-seo-wordpress\/ -->\n<title>Souffleur de bulles \u00e9l\u00e9phant pour le bain - SES Creative<\/title>\n<meta name=\"robots\" content=\"index, follow, max-snippet:-1, max-image-preview:large, max-video-preview:-1\" \/>\n<link rel=\"canonical\" href=\"https:\/\/ses-creative.com\/fr\/produit\/souffleur-de-bulles-elephant-pour-le-bain\/\" \/>\n<meta property=\"og:locale\" content=\"fr_FR\" \/>\n<meta property=\"og:type\" content=\"article\" \/>\n<meta property=\"og:title\" content=\"Souffleur de bulles \u00e9l\u00e9phant pour le bain - SES Creative\" \/>\n<meta property=\"og:description\" content=\"Amusez-vous avec l&rsquo;\u00e9l\u00e9phant moussant Bubble ! Cet \u00e9l\u00e9phant joyeux garantit un plaisir sans fin dans le bain ! Avec le \u00ab Bubble Schuim Olifant in Bad \u00bb, les enfants peuvent profiter d&rsquo;aventures mousseuses pendant leur bain. Soufflez avec l&rsquo;\u00e9l\u00e9phant pour cr\u00e9er une trompe de mousse et de bulles et rendre l&rsquo;heure du bain encore plus [&hellip;]\" \/>\n<meta property=\"og:url\" content=\"https:\/\/ses-creative.com\/fr\/produit\/souffleur-de-bulles-elephant-pour-le-bain\/\" \/>\n<meta property=\"og:site_name\" content=\"SES Creative\" \/>\n<meta property=\"article:modified_time\" content=\"2026-02-12T10:22:41+00:00\" \/>\n<meta name=\"twitter:card\" content=\"summary_large_image\" \/>\n<meta name=\"twitter:label1\" content=\"Dur\u00e9e de lecture estim\u00e9e\" \/>\n\t<meta name=\"twitter:data1\" content=\"2 minutes\" \/>\n<script type=\"application\/ld+json\" class=\"yoast-schema-graph\">{\"@context\":\"https:\\\/\\\/schema.org\",\"@graph\":[{\"@type\":\"WebPage\",\"@id\":\"https:\\\/\\\/ses-creative.com\\\/fr\\\/produit\\\/souffleur-de-bulles-elephant-pour-le-bain\\\/\",\"url\":\"https:\\\/\\\/ses-creative.com\\\/fr\\\/produit\\\/souffleur-de-bulles-elephant-pour-le-bain\\\/\",\"name\":\"Souffleur de bulles \u00e9l\u00e9phant pour le bain - SES Creative\",\"isPartOf\":{\"@id\":\"https:\\\/\\\/ses-creative.com\\\/#website\"},\"primaryImageOfPage\":{\"@id\":\"https:\\\/\\\/ses-creative.com\\\/fr\\\/produit\\\/souffleur-de-bulles-elephant-pour-le-bain\\\/#primaryimage\"},\"image\":{\"@id\":\"https:\\\/\\\/ses-creative.com\\\/fr\\\/produit\\\/souffleur-de-bulles-elephant-pour-le-bain\\\/#primaryimage\"},\"thumbnailUrl\":\"https:\\\/\\\/ses-creative.com\\\/wp-content\\\/uploads\\\/2026\\\/01\\\/130551.jpg\",\"datePublished\":\"2026-02-12T10:08:57+00:00\",\"dateModified\":\"2026-02-12T10:22:41+00:00\",\"breadcrumb\":{\"@id\":\"https:\\\/\\\/ses-creative.com\\\/fr\\\/produit\\\/souffleur-de-bulles-elephant-pour-le-bain\\\/#breadcrumb\"},\"inLanguage\":\"fr-FR\",\"potentialAction\":[{\"@type\":\"ReadAction\",\"target\":[\"https:\\\/\\\/ses-creative.com\\\/fr\\\/produit\\\/souffleur-de-bulles-elephant-pour-le-bain\\\/\"]}]},{\"@type\":\"ImageObject\",\"inLanguage\":\"fr-FR\",\"@id\":\"https:\\\/\\\/ses-creative.com\\\/fr\\\/produit\\\/souffleur-de-bulles-elephant-pour-le-bain\\\/#primaryimage\",\"url\":\"https:\\\/\\\/ses-creative.com\\\/wp-content\\\/uploads\\\/2026\\\/01\\\/130551.jpg\",\"contentUrl\":\"https:\\\/\\\/ses-creative.com\\\/wp-content\\\/uploads\\\/2026\\\/01\\\/130551.jpg\",\"width\":1000,\"height\":1000},{\"@type\":\"BreadcrumbList\",\"@id\":\"https:\\\/\\\/ses-creative.com\\\/fr\\\/produit\\\/souffleur-de-bulles-elephant-pour-le-bain\\\/#breadcrumb\",\"itemListElement\":[{\"@type\":\"ListItem\",\"position\":1,\"name\":\"Boutique\",\"item\":\"https:\\\/\\\/ses-creative.com\\\/fr\\\/boutique\\\/\"},{\"@type\":\"ListItem\",\"position\":2,\"name\":\"B\u00e9b\u00e9 &amp; Tout-petit\",\"item\":\"https:\\\/\\\/ses-creative.com\\\/fr\\\/product-categorie\\\/bebe-tout-petit\\\/\"},{\"@type\":\"ListItem\",\"position\":3,\"name\":\"Souffleur de bulles \u00e9l\u00e9phant pour le bain\"}]},{\"@type\":\"WebSite\",\"@id\":\"https:\\\/\\\/ses-creative.com\\\/#website\",\"url\":\"https:\\\/\\\/ses-creative.com\\\/\",\"name\":\"SES Creative\",\"description\":\"\",\"publisher\":{\"@id\":\"https:\\\/\\\/ses-creative.com\\\/#organization\"},\"potentialAction\":[{\"@type\":\"SearchAction\",\"target\":{\"@type\":\"EntryPoint\",\"urlTemplate\":\"https:\\\/\\\/ses-creative.com\\\/?s={search_term_string}\"},\"query-input\":{\"@type\":\"PropertyValueSpecification\",\"valueRequired\":true,\"valueName\":\"search_term_string\"}}],\"inLanguage\":\"fr-FR\"},{\"@type\":\"Organization\",\"@id\":\"https:\\\/\\\/ses-creative.com\\\/#organization\",\"name\":\"SES Creative\",\"url\":\"https:\\\/\\\/ses-creative.com\\\/\",\"logo\":{\"@type\":\"ImageObject\",\"inLanguage\":\"fr-FR\",\"@id\":\"https:\\\/\\\/ses-creative.com\\\/#\\\/schema\\\/logo\\\/image\\\/\",\"url\":\"https:\\\/\\\/ses-creative.com\\\/wp-content\\\/uploads\\\/2025\\\/10\\\/ses-creative-logo.jpg\",\"contentUrl\":\"https:\\\/\\\/ses-creative.com\\\/wp-content\\\/uploads\\\/2025\\\/10\\\/ses-creative-logo.jpg\",\"width\":2037,\"height\":2037,\"caption\":\"SES Creative\"},\"image\":{\"@id\":\"https:\\\/\\\/ses-creative.com\\\/#\\\/schema\\\/logo\\\/image\\\/\"}}]}<\/script>\n<!-- \/ Yoast SEO plugin. -->","yoast_head_json":{"title":"Souffleur de bulles \u00e9l\u00e9phant pour le bain - SES Creative","robots":{"index":"index","follow":"follow","max-snippet":"max-snippet:-1","max-image-preview":"max-image-preview:large","max-video-preview":"max-video-preview:-1"},"canonical":"https:\/\/ses-creative.com\/fr\/produit\/souffleur-de-bulles-elephant-pour-le-bain\/","og_locale":"fr_FR","og_type":"article","og_title":"Souffleur de bulles \u00e9l\u00e9phant pour le bain - SES Creative","og_description":"Amusez-vous avec l&rsquo;\u00e9l\u00e9phant moussant Bubble ! Cet \u00e9l\u00e9phant joyeux garantit un plaisir sans fin dans le bain ! Avec le \u00ab Bubble Schuim Olifant in Bad \u00bb, les enfants peuvent profiter d&rsquo;aventures mousseuses pendant leur bain. Soufflez avec l&rsquo;\u00e9l\u00e9phant pour cr\u00e9er une trompe de mousse et de bulles et rendre l&rsquo;heure du bain encore plus [&hellip;]","og_url":"https:\/\/ses-creative.com\/fr\/produit\/souffleur-de-bulles-elephant-pour-le-bain\/","og_site_name":"SES Creative","article_modified_time":"2026-02-12T10:22:41+00:00","twitter_card":"summary_large_image","twitter_misc":{"Dur\u00e9e de lecture estim\u00e9e":"2 minutes"},"schema":{"@context":"https:\/\/schema.org","@graph":[{"@type":"WebPage","@id":"https:\/\/ses-creative.com\/fr\/produit\/souffleur-de-bulles-elephant-pour-le-bain\/","url":"https:\/\/ses-creative.com\/fr\/produit\/souffleur-de-bulles-elephant-pour-le-bain\/","name":"Souffleur de bulles \u00e9l\u00e9phant pour le bain - SES Creative","isPartOf":{"@id":"https:\/\/ses-creative.com\/#website"},"primaryImageOfPage":{"@id":"https:\/\/ses-creative.com\/fr\/produit\/souffleur-de-bulles-elephant-pour-le-bain\/#primaryimage"},"image":{"@id":"https:\/\/ses-creative.com\/fr\/produit\/souffleur-de-bulles-elephant-pour-le-bain\/#primaryimage"},"thumbnailUrl":"https:\/\/ses-creative.com\/wp-content\/uploads\/2026\/01\/130551.jpg","datePublished":"2026-02-12T10:08:57+00:00","dateModified":"2026-02-12T10:22:41+00:00","breadcrumb":{"@id":"https:\/\/ses-creative.com\/fr\/produit\/souffleur-de-bulles-elephant-pour-le-bain\/#breadcrumb"},"inLanguage":"fr-FR","potentialAction":[{"@type":"ReadAction","target":["https:\/\/ses-creative.com\/fr\/produit\/souffleur-de-bulles-elephant-pour-le-bain\/"]}]},{"@type":"ImageObject","inLanguage":"fr-FR","@id":"https:\/\/ses-creative.com\/fr\/produit\/souffleur-de-bulles-elephant-pour-le-bain\/#primaryimage","url":"https:\/\/ses-creative.com\/wp-content\/uploads\/2026\/01\/130551.jpg","contentUrl":"https:\/\/ses-creative.com\/wp-content\/uploads\/2026\/01\/130551.jpg","width":1000,"height":1000},{"@type":"BreadcrumbList","@id":"https:\/\/ses-creative.com\/fr\/produit\/souffleur-de-bulles-elephant-pour-le-bain\/#breadcrumb","itemListElement":[{"@type":"ListItem","position":1,"name":"Boutique","item":"https:\/\/ses-creative.com\/fr\/boutique\/"},{"@type":"ListItem","position":2,"name":"B\u00e9b\u00e9 &amp; Tout-petit","item":"https:\/\/ses-creative.com\/fr\/product-categorie\/bebe-tout-petit\/"},{"@type":"ListItem","position":3,"name":"Souffleur de bulles \u00e9l\u00e9phant pour le bain"}]},{"@type":"WebSite","@id":"https:\/\/ses-creative.com\/#website","url":"https:\/\/ses-creative.com\/","name":"SES Creative","description":"","publisher":{"@id":"https:\/\/ses-creative.com\/#organization"},"potentialAction":[{"@type":"SearchAction","target":{"@type":"EntryPoint","urlTemplate":"https:\/\/ses-creative.com\/?s={search_term_string}"},"query-input":{"@type":"PropertyValueSpecification","valueRequired":true,"valueName":"search_term_string"}}],"inLanguage":"fr-FR"},{"@type":"Organization","@id":"https:\/\/ses-creative.com\/#organization","name":"SES Creative","url":"https:\/\/ses-creative.com\/","logo":{"@type":"ImageObject","inLanguage":"fr-FR","@id":"https:\/\/ses-creative.com\/#\/schema\/logo\/image\/","url":"https:\/\/ses-creative.com\/wp-content\/uploads\/2025\/10\/ses-creative-logo.jpg","contentUrl":"https:\/\/ses-creative.com\/wp-content\/uploads\/2025\/10\/ses-creative-logo.jpg","width":2037,"height":2037,"caption":"SES Creative"},"image":{"@id":"https:\/\/ses-creative.com\/#\/schema\/logo\/image\/"}}]}},"_links":{"self":[{"href":"https:\/\/ses-creative.com\/fr\/wp-json\/wp\/v2\/product\/118198","targetHints":{"allow":["GET"]}}],"collection":[{"href":"https:\/\/ses-creative.com\/fr\/wp-json\/wp\/v2\/product"}],"about":[{"href":"https:\/\/ses-creative.com\/fr\/wp-json\/wp\/v2\/types\/product"}],"replies":[{"embeddable":true,"href":"https:\/\/ses-creative.com\/fr\/wp-json\/wp\/v2\/comments?post=118198"}],"wp:featuredmedia":[{"embeddable":true,"href":"https:\/\/ses-creative.com\/fr\/wp-json\/wp\/v2\/media\/100628"}],"wp:attachment":[{"href":"https:\/\/ses-creative.com\/fr\/wp-json\/wp\/v2\/media?parent=118198"}],"wp:term":[{"taxonomy":"product_brand","embeddable":true,"href":"https:\/\/ses-creative.com\/fr\/wp-json\/wp\/v2\/product_brand?post=118198"},{"taxonomy":"product_cat","embeddable":true,"href":"https:\/\/ses-creative.com\/fr\/wp-json\/wp\/v2\/product_cat?post=118198"},{"taxonomy":"product_tag","embeddable":true,"href":"https:\/\/ses-creative.com\/fr\/wp-json\/wp\/v2\/product_tag?post=118198"}],"curies":[{"name":"wp","href":"https:\/\/api.w.org\/{rel}","templated":true}]}}