











{"id":118195,"date":"2026-02-12T10:08:57","date_gmt":"2026-02-12T10:08:57","guid":{"rendered":"https:\/\/ses-creative.com\/?post_type=product&#038;p=118195"},"modified":"2026-02-12T10:22:40","modified_gmt":"2026-02-12T10:22:40","slug":"crayons-de-couleur-pour-le-bain-8-couleurs","status":"publish","type":"product","link":"https:\/\/ses-creative.com\/fr\/produit\/crayons-de-couleur-pour-le-bain-8-couleurs\/","title":{"rendered":"Crayons de couleur pour le bain &#8211; 8\u00a0Couleurs"},"content":{"rendered":"<p>Transformez l\u2019heure du bain en un moment de jeu cr\u00e9atif avec ces crayons bain b\u00e9b\u00e9 ! Adapt\u00e9es aux tout-petits d\u00e8s 24 mois, ces craies de bain lavables permettent aux enfants de dessiner sur les carreaux ou les parois de la baignoire sans risque.<\/p>\n<p>Faciles \u00e0 nettoyer, ces crayons pour baignoire enfant s\u2019effacent simplement \u00e0 l\u2019eau, garantissant une utilisation sans r\u00e9sidus. Gr\u00e2ce \u00e0 leurs 8 couleurs vives, les petits artistes peuvent exprimer leur imagination et d\u00e9velopper leur motricit\u00e9 fine tout en s\u2019amusant dans le bain.<\/p>\n<p>Contenu du kit :<br \/>\n\u2714 1 crayon jaune<br \/>\n\u2714 1 crayon rouge<br \/>\n\u2714 1 crayon bleu<br \/>\n\u2714 1 crayon vert<br \/>\n\u2714 1 crayon marron<br \/>\n\u2714 1 crayon noir<br \/>\n\u2714 1 crayon orange<br \/>\n\u2714 1 crayon rose<\/p>\n<p>Ce jeu cr\u00e9atif bain est parfait pour offrir un moment d\u2019apprentissage et de divertissement. Un cadeau b\u00e9b\u00e9 2 ans id\u00e9al pour un anniversaire ou une surprise originale. Offrez \u00e0 votre enfant une exp\u00e9rience ludique et \u00e9ducative avec ces craies de bain lavables !<\/p>\n","protected":false},"excerpt":{"rendered":"<p>Transformez l\u2019heure du bain en un moment de jeu cr\u00e9atif avec ces crayons bain b\u00e9b\u00e9 ! Adapt\u00e9es aux tout-petits d\u00e8s 24 mois, ces craies de bain lavables permettent aux enfants de dessiner sur les carreaux ou les parois de la baignoire sans risque. Faciles \u00e0 nettoyer, ces crayons pour baignoire enfant s\u2019effacent simplement \u00e0 l\u2019eau, [&hellip;]<\/p>\n","protected":false},"featured_media":100568,"comment_status":"closed","ping_status":"closed","template":"","meta":{"_acf_changed":false},"product_brand":[],"product_cat":[123],"product_tag":[],"class_list":{"0":"post-118195","1":"product","2":"type-product","3":"status-publish","4":"has-post-thumbnail","6":"product_cat-bebe-tout-petit","7":"pa_leeftijd-filter-0-2-ans","8":"pa_meest-populair-bij-garcons-filles","10":"first","11":"instock","12":"shipping-taxable","13":"product-type-simple"},"acf":[],"yoast_head":"<!-- This site is optimized with the Yoast SEO plugin v27.2 - https:\/\/yoast.com\/product\/yoast-seo-wordpress\/ -->\n<title>Crayons de couleur pour le bain - 8\u00a0Couleurs - SES Creative<\/title>\n<meta name=\"robots\" content=\"index, follow, max-snippet:-1, max-image-preview:large, max-video-preview:-1\" \/>\n<link rel=\"canonical\" href=\"https:\/\/ses-creative.com\/fr\/produit\/crayons-de-couleur-pour-le-bain-8-couleurs\/\" \/>\n<meta property=\"og:locale\" content=\"fr_FR\" \/>\n<meta property=\"og:type\" content=\"article\" \/>\n<meta property=\"og:title\" content=\"Crayons de couleur pour le bain - 8\u00a0Couleurs - SES Creative\" \/>\n<meta property=\"og:description\" content=\"Transformez l\u2019heure du bain en un moment de jeu cr\u00e9atif avec ces crayons bain b\u00e9b\u00e9 ! Adapt\u00e9es aux tout-petits d\u00e8s 24 mois, ces craies de bain lavables permettent aux enfants de dessiner sur les carreaux ou les parois de la baignoire sans risque. Faciles \u00e0 nettoyer, ces crayons pour baignoire enfant s\u2019effacent simplement \u00e0 l\u2019eau, [&hellip;]\" \/>\n<meta property=\"og:url\" content=\"https:\/\/ses-creative.com\/fr\/produit\/crayons-de-couleur-pour-le-bain-8-couleurs\/\" \/>\n<meta property=\"og:site_name\" content=\"SES Creative\" \/>\n<meta property=\"article:modified_time\" content=\"2026-02-12T10:22:40+00:00\" \/>\n<meta name=\"twitter:card\" content=\"summary_large_image\" \/>\n<meta name=\"twitter:label1\" content=\"Dur\u00e9e de lecture estim\u00e9e\" \/>\n\t<meta name=\"twitter:data1\" content=\"1 minute\" \/>\n<script type=\"application\/ld+json\" class=\"yoast-schema-graph\">{\"@context\":\"https:\/\/schema.org\",\"@graph\":[{\"@type\":\"WebPage\",\"@id\":\"https:\/\/ses-creative.com\/fr\/produit\/crayons-de-couleur-pour-le-bain-8-couleurs\/\",\"url\":\"https:\/\/ses-creative.com\/fr\/produit\/crayons-de-couleur-pour-le-bain-8-couleurs\/\",\"name\":\"Crayons de couleur pour le bain - 8\u00a0Couleurs - SES Creative\",\"isPartOf\":{\"@id\":\"https:\/\/ses-creative.com\/#website\"},\"primaryImageOfPage\":{\"@id\":\"https:\/\/ses-creative.com\/fr\/produit\/crayons-de-couleur-pour-le-bain-8-couleurs\/#primaryimage\"},\"image\":{\"@id\":\"https:\/\/ses-creative.com\/fr\/produit\/crayons-de-couleur-pour-le-bain-8-couleurs\/#primaryimage\"},\"thumbnailUrl\":\"https:\/\/ses-creative.com\/wp-content\/uploads\/2026\/01\/130501.jpg\",\"datePublished\":\"2026-02-12T10:08:57+00:00\",\"dateModified\":\"2026-02-12T10:22:40+00:00\",\"breadcrumb\":{\"@id\":\"https:\/\/ses-creative.com\/fr\/produit\/crayons-de-couleur-pour-le-bain-8-couleurs\/#breadcrumb\"},\"inLanguage\":\"fr-FR\",\"potentialAction\":[{\"@type\":\"ReadAction\",\"target\":[\"https:\/\/ses-creative.com\/fr\/produit\/crayons-de-couleur-pour-le-bain-8-couleurs\/\"]}]},{\"@type\":\"ImageObject\",\"inLanguage\":\"fr-FR\",\"@id\":\"https:\/\/ses-creative.com\/fr\/produit\/crayons-de-couleur-pour-le-bain-8-couleurs\/#primaryimage\",\"url\":\"https:\/\/ses-creative.com\/wp-content\/uploads\/2026\/01\/130501.jpg\",\"contentUrl\":\"https:\/\/ses-creative.com\/wp-content\/uploads\/2026\/01\/130501.jpg\",\"width\":1000,\"height\":1000},{\"@type\":\"BreadcrumbList\",\"@id\":\"https:\/\/ses-creative.com\/fr\/produit\/crayons-de-couleur-pour-le-bain-8-couleurs\/#breadcrumb\",\"itemListElement\":[{\"@type\":\"ListItem\",\"position\":1,\"name\":\"Boutique\",\"item\":\"https:\/\/ses-creative.com\/fr\/boutique\/\"},{\"@type\":\"ListItem\",\"position\":2,\"name\":\"B\u00e9b\u00e9 &amp; Tout-petit\",\"item\":\"https:\/\/ses-creative.com\/fr\/product-categorie\/bebe-tout-petit\/\"},{\"@type\":\"ListItem\",\"position\":3,\"name\":\"Crayons de couleur pour le bain &#8211; 8\u00a0Couleurs\"}]},{\"@type\":\"WebSite\",\"@id\":\"https:\/\/ses-creative.com\/#website\",\"url\":\"https:\/\/ses-creative.com\/\",\"name\":\"SES Creative\",\"description\":\"\",\"publisher\":{\"@id\":\"https:\/\/ses-creative.com\/#organization\"},\"potentialAction\":[{\"@type\":\"SearchAction\",\"target\":{\"@type\":\"EntryPoint\",\"urlTemplate\":\"https:\/\/ses-creative.com\/?s={search_term_string}\"},\"query-input\":{\"@type\":\"PropertyValueSpecification\",\"valueRequired\":true,\"valueName\":\"search_term_string\"}}],\"inLanguage\":\"fr-FR\"},{\"@type\":\"Organization\",\"@id\":\"https:\/\/ses-creative.com\/#organization\",\"name\":\"SES Creative\",\"url\":\"https:\/\/ses-creative.com\/\",\"logo\":{\"@type\":\"ImageObject\",\"inLanguage\":\"fr-FR\",\"@id\":\"https:\/\/ses-creative.com\/#\/schema\/logo\/image\/\",\"url\":\"https:\/\/ses-creative.com\/wp-content\/uploads\/2025\/10\/ses-creative-logo.jpg\",\"contentUrl\":\"https:\/\/ses-creative.com\/wp-content\/uploads\/2025\/10\/ses-creative-logo.jpg\",\"width\":2037,\"height\":2037,\"caption\":\"SES Creative\"},\"image\":{\"@id\":\"https:\/\/ses-creative.com\/#\/schema\/logo\/image\/\"}}]}<\/script>\n<!-- \/ Yoast SEO plugin. -->","yoast_head_json":{"title":"Crayons de couleur pour le bain - 8\u00a0Couleurs - SES Creative","robots":{"index":"index","follow":"follow","max-snippet":"max-snippet:-1","max-image-preview":"max-image-preview:large","max-video-preview":"max-video-preview:-1"},"canonical":"https:\/\/ses-creative.com\/fr\/produit\/crayons-de-couleur-pour-le-bain-8-couleurs\/","og_locale":"fr_FR","og_type":"article","og_title":"Crayons de couleur pour le bain - 8\u00a0Couleurs - SES Creative","og_description":"Transformez l\u2019heure du bain en un moment de jeu cr\u00e9atif avec ces crayons bain b\u00e9b\u00e9 ! Adapt\u00e9es aux tout-petits d\u00e8s 24 mois, ces craies de bain lavables permettent aux enfants de dessiner sur les carreaux ou les parois de la baignoire sans risque. Faciles \u00e0 nettoyer, ces crayons pour baignoire enfant s\u2019effacent simplement \u00e0 l\u2019eau, [&hellip;]","og_url":"https:\/\/ses-creative.com\/fr\/produit\/crayons-de-couleur-pour-le-bain-8-couleurs\/","og_site_name":"SES Creative","article_modified_time":"2026-02-12T10:22:40+00:00","twitter_card":"summary_large_image","twitter_misc":{"Dur\u00e9e de lecture estim\u00e9e":"1 minute"},"schema":{"@context":"https:\/\/schema.org","@graph":[{"@type":"WebPage","@id":"https:\/\/ses-creative.com\/fr\/produit\/crayons-de-couleur-pour-le-bain-8-couleurs\/","url":"https:\/\/ses-creative.com\/fr\/produit\/crayons-de-couleur-pour-le-bain-8-couleurs\/","name":"Crayons de couleur pour le bain - 8\u00a0Couleurs - SES Creative","isPartOf":{"@id":"https:\/\/ses-creative.com\/#website"},"primaryImageOfPage":{"@id":"https:\/\/ses-creative.com\/fr\/produit\/crayons-de-couleur-pour-le-bain-8-couleurs\/#primaryimage"},"image":{"@id":"https:\/\/ses-creative.com\/fr\/produit\/crayons-de-couleur-pour-le-bain-8-couleurs\/#primaryimage"},"thumbnailUrl":"https:\/\/ses-creative.com\/wp-content\/uploads\/2026\/01\/130501.jpg","datePublished":"2026-02-12T10:08:57+00:00","dateModified":"2026-02-12T10:22:40+00:00","breadcrumb":{"@id":"https:\/\/ses-creative.com\/fr\/produit\/crayons-de-couleur-pour-le-bain-8-couleurs\/#breadcrumb"},"inLanguage":"fr-FR","potentialAction":[{"@type":"ReadAction","target":["https:\/\/ses-creative.com\/fr\/produit\/crayons-de-couleur-pour-le-bain-8-couleurs\/"]}]},{"@type":"ImageObject","inLanguage":"fr-FR","@id":"https:\/\/ses-creative.com\/fr\/produit\/crayons-de-couleur-pour-le-bain-8-couleurs\/#primaryimage","url":"https:\/\/ses-creative.com\/wp-content\/uploads\/2026\/01\/130501.jpg","contentUrl":"https:\/\/ses-creative.com\/wp-content\/uploads\/2026\/01\/130501.jpg","width":1000,"height":1000},{"@type":"BreadcrumbList","@id":"https:\/\/ses-creative.com\/fr\/produit\/crayons-de-couleur-pour-le-bain-8-couleurs\/#breadcrumb","itemListElement":[{"@type":"ListItem","position":1,"name":"Boutique","item":"https:\/\/ses-creative.com\/fr\/boutique\/"},{"@type":"ListItem","position":2,"name":"B\u00e9b\u00e9 &amp; Tout-petit","item":"https:\/\/ses-creative.com\/fr\/product-categorie\/bebe-tout-petit\/"},{"@type":"ListItem","position":3,"name":"Crayons de couleur pour le bain &#8211; 8\u00a0Couleurs"}]},{"@type":"WebSite","@id":"https:\/\/ses-creative.com\/#website","url":"https:\/\/ses-creative.com\/","name":"SES Creative","description":"","publisher":{"@id":"https:\/\/ses-creative.com\/#organization"},"potentialAction":[{"@type":"SearchAction","target":{"@type":"EntryPoint","urlTemplate":"https:\/\/ses-creative.com\/?s={search_term_string}"},"query-input":{"@type":"PropertyValueSpecification","valueRequired":true,"valueName":"search_term_string"}}],"inLanguage":"fr-FR"},{"@type":"Organization","@id":"https:\/\/ses-creative.com\/#organization","name":"SES Creative","url":"https:\/\/ses-creative.com\/","logo":{"@type":"ImageObject","inLanguage":"fr-FR","@id":"https:\/\/ses-creative.com\/#\/schema\/logo\/image\/","url":"https:\/\/ses-creative.com\/wp-content\/uploads\/2025\/10\/ses-creative-logo.jpg","contentUrl":"https:\/\/ses-creative.com\/wp-content\/uploads\/2025\/10\/ses-creative-logo.jpg","width":2037,"height":2037,"caption":"SES Creative"},"image":{"@id":"https:\/\/ses-creative.com\/#\/schema\/logo\/image\/"}}]}},"_links":{"self":[{"href":"https:\/\/ses-creative.com\/fr\/wp-json\/wp\/v2\/product\/118195","targetHints":{"allow":["GET"]}}],"collection":[{"href":"https:\/\/ses-creative.com\/fr\/wp-json\/wp\/v2\/product"}],"about":[{"href":"https:\/\/ses-creative.com\/fr\/wp-json\/wp\/v2\/types\/product"}],"replies":[{"embeddable":true,"href":"https:\/\/ses-creative.com\/fr\/wp-json\/wp\/v2\/comments?post=118195"}],"wp:featuredmedia":[{"embeddable":true,"href":"https:\/\/ses-creative.com\/fr\/wp-json\/wp\/v2\/media\/100568"}],"wp:attachment":[{"href":"https:\/\/ses-creative.com\/fr\/wp-json\/wp\/v2\/media?parent=118195"}],"wp:term":[{"taxonomy":"product_brand","embeddable":true,"href":"https:\/\/ses-creative.com\/fr\/wp-json\/wp\/v2\/product_brand?post=118195"},{"taxonomy":"product_cat","embeddable":true,"href":"https:\/\/ses-creative.com\/fr\/wp-json\/wp\/v2\/product_cat?post=118195"},{"taxonomy":"product_tag","embeddable":true,"href":"https:\/\/ses-creative.com\/fr\/wp-json\/wp\/v2\/product_tag?post=118195"}],"curies":[{"name":"wp","href":"https:\/\/api.w.org\/{rel}","templated":true}]}}