











{"id":118193,"date":"2026-02-12T10:08:56","date_gmt":"2026-02-12T10:08:56","guid":{"rendered":"https:\/\/ses-creative.com\/?post_type=product&#038;p=118193"},"modified":"2026-02-12T10:22:40","modified_gmt":"2026-02-12T10:22:40","slug":"dc-batman-moulage-et-peinture","status":"publish","type":"product","link":"https:\/\/ses-creative.com\/fr\/produit\/dc-batman-moulage-et-peinture\/","title":{"rendered":"DC Batman &#8211; Moulage et peinture"},"content":{"rendered":"<p>DC Batman Moulage et peinture du pl\u00e2tre : donnez vie \u00e0 Gotham City !<\/p>\n<p>Entrez dans le monde passionnant de Gotham City avec le kit de moulage et peinture sur pl\u00e2tre Batman de SES Creative ! Cr\u00e9ez des figurines en pl\u00e2tre d\u00e9taill\u00e9es de Batman, Robin, Joker et Harley Quinn, puis peignez-les dans leurs couleurs embl\u00e9matiques. Parfait pour les jeunes fans de super-h\u00e9ros et les bricoleurs cr\u00e9atifs.<\/p>\n<p>Contenu de l&#8217;emballage<\/p>\n<p>300 grammes de pl\u00e2tre<\/p>\n<p>Moules en pl\u00e2tre de Batman, Robin, Joker et Harley Quinn<\/p>\n<p>12 couleurs de peinture non toxique<\/p>\n<p>Pinceau<\/p>\n<p>Spatule en bois<\/p>\n<p>Instructions claires<\/p>\n<p>Pourquoi choisir ce kit ?<\/p>\n<p>Kit de bricolage officiel DC Batman de SES Creative<\/p>\n<p>Moule et peins tes h\u00e9ros et m\u00e9chants pr\u00e9f\u00e9r\u00e9s<\/p>\n<p>Comprend 12 couleurs vives pour une libert\u00e9 cr\u00e9ative totale<\/p>\n<p>Stimule la motricit\u00e9 fine, la concentration et l&rsquo;imagination<\/p>\n<p>Convient aux enfants \u00e0 partir de 6 ans<\/p>\n<p>Comment \u00e7a marche ?<br \/>\nM\u00e9langez le pl\u00e2tre et versez-le dans les moules de vos personnages DC pr\u00e9f\u00e9r\u00e9s. Laissez le pl\u00e2tre durcir, retirez d\u00e9licatement les figurines des moules, puis peignez-les dans le style reconnaissable de vos super-h\u00e9ros. Vous donnerez ainsi vie \u00e0 Batman et \u00e0 son univers !<\/p>\n<p>Lancez-vous dans votre aventure de super-h\u00e9ros !<br \/>\nAvec le kit de moulage et de peinture Batman de SES Creative, vous passerez des heures \u00e0 bricoler et cr\u00e9erez des figurines uniques \u00e0 conserver ou \u00e0 offrir. Pr\u00eat \u00e0 passer \u00e0 l&rsquo;action ? Commencez d\u00e8s aujourd&rsquo;hui et devenez le h\u00e9ros de Gotham !<\/p>\n","protected":false},"excerpt":{"rendered":"<p>DC Batman Moulage et peinture du pl\u00e2tre : donnez vie \u00e0 Gotham City ! Entrez dans le monde passionnant de Gotham City avec le kit de moulage et peinture sur pl\u00e2tre Batman de SES Creative ! Cr\u00e9ez des figurines en pl\u00e2tre d\u00e9taill\u00e9es de Batman, Robin, Joker et Harley Quinn, puis peignez-les dans leurs couleurs embl\u00e9matiques. [&hellip;]<\/p>\n","protected":false},"featured_media":94072,"comment_status":"closed","ping_status":"closed","template":"","meta":{"_acf_changed":false},"product_brand":[],"product_cat":[122],"product_tag":[],"class_list":{"0":"post-118193","1":"product","2":"type-product","3":"status-publish","4":"has-post-thumbnail","6":"product_cat-loisirs-creatifs","7":"pa_collecties-dc-batman","8":"pa_leeftijd-filter-4-6-ans","9":"pa_meest-populair-bij-garcons-filles","11":"first","12":"instock","13":"shipping-taxable","14":"product-type-simple"},"acf":[],"yoast_head":"<!-- This site is optimized with the Yoast SEO plugin v27.2 - https:\/\/yoast.com\/product\/yoast-seo-wordpress\/ -->\n<title>DC Batman - Moulage et peinture - SES Creative<\/title>\n<meta name=\"robots\" content=\"index, follow, max-snippet:-1, max-image-preview:large, max-video-preview:-1\" \/>\n<link rel=\"canonical\" href=\"https:\/\/ses-creative.com\/fr\/produit\/dc-batman-moulage-et-peinture\/\" \/>\n<meta property=\"og:locale\" content=\"fr_FR\" \/>\n<meta property=\"og:type\" content=\"article\" \/>\n<meta property=\"og:title\" content=\"DC Batman - Moulage et peinture - SES Creative\" \/>\n<meta property=\"og:description\" content=\"DC Batman Moulage et peinture du pl\u00e2tre : donnez vie \u00e0 Gotham City ! Entrez dans le monde passionnant de Gotham City avec le kit de moulage et peinture sur pl\u00e2tre Batman de SES Creative ! Cr\u00e9ez des figurines en pl\u00e2tre d\u00e9taill\u00e9es de Batman, Robin, Joker et Harley Quinn, puis peignez-les dans leurs couleurs embl\u00e9matiques. [&hellip;]\" \/>\n<meta property=\"og:url\" content=\"https:\/\/ses-creative.com\/fr\/produit\/dc-batman-moulage-et-peinture\/\" \/>\n<meta property=\"og:site_name\" content=\"SES Creative\" \/>\n<meta property=\"article:modified_time\" content=\"2026-02-12T10:22:40+00:00\" \/>\n<meta name=\"twitter:card\" content=\"summary_large_image\" \/>\n<meta name=\"twitter:label1\" content=\"Dur\u00e9e de lecture estim\u00e9e\" \/>\n\t<meta name=\"twitter:data1\" content=\"1 minute\" \/>\n<script type=\"application\/ld+json\" class=\"yoast-schema-graph\">{\"@context\":\"https:\/\/schema.org\",\"@graph\":[{\"@type\":\"WebPage\",\"@id\":\"https:\/\/ses-creative.com\/fr\/produit\/dc-batman-moulage-et-peinture\/\",\"url\":\"https:\/\/ses-creative.com\/fr\/produit\/dc-batman-moulage-et-peinture\/\",\"name\":\"DC Batman - Moulage et peinture - SES Creative\",\"isPartOf\":{\"@id\":\"https:\/\/ses-creative.com\/#website\"},\"primaryImageOfPage\":{\"@id\":\"https:\/\/ses-creative.com\/fr\/produit\/dc-batman-moulage-et-peinture\/#primaryimage\"},\"image\":{\"@id\":\"https:\/\/ses-creative.com\/fr\/produit\/dc-batman-moulage-et-peinture\/#primaryimage\"},\"thumbnailUrl\":\"https:\/\/ses-creative.com\/wp-content\/uploads\/2026\/01\/093641.jpg\",\"datePublished\":\"2026-02-12T10:08:56+00:00\",\"dateModified\":\"2026-02-12T10:22:40+00:00\",\"breadcrumb\":{\"@id\":\"https:\/\/ses-creative.com\/fr\/produit\/dc-batman-moulage-et-peinture\/#breadcrumb\"},\"inLanguage\":\"fr-FR\",\"potentialAction\":[{\"@type\":\"ReadAction\",\"target\":[\"https:\/\/ses-creative.com\/fr\/produit\/dc-batman-moulage-et-peinture\/\"]}]},{\"@type\":\"ImageObject\",\"inLanguage\":\"fr-FR\",\"@id\":\"https:\/\/ses-creative.com\/fr\/produit\/dc-batman-moulage-et-peinture\/#primaryimage\",\"url\":\"https:\/\/ses-creative.com\/wp-content\/uploads\/2026\/01\/093641.jpg\",\"contentUrl\":\"https:\/\/ses-creative.com\/wp-content\/uploads\/2026\/01\/093641.jpg\",\"width\":1000,\"height\":1000},{\"@type\":\"BreadcrumbList\",\"@id\":\"https:\/\/ses-creative.com\/fr\/produit\/dc-batman-moulage-et-peinture\/#breadcrumb\",\"itemListElement\":[{\"@type\":\"ListItem\",\"position\":1,\"name\":\"Boutique\",\"item\":\"https:\/\/ses-creative.com\/fr\/boutique\/\"},{\"@type\":\"ListItem\",\"position\":2,\"name\":\"Loisirs cr\u00e9atifs\",\"item\":\"https:\/\/ses-creative.com\/fr\/product-categorie\/loisirs-creatifs\/\"},{\"@type\":\"ListItem\",\"position\":3,\"name\":\"DC Batman &#8211; Moulage et peinture\"}]},{\"@type\":\"WebSite\",\"@id\":\"https:\/\/ses-creative.com\/#website\",\"url\":\"https:\/\/ses-creative.com\/\",\"name\":\"SES Creative\",\"description\":\"\",\"publisher\":{\"@id\":\"https:\/\/ses-creative.com\/#organization\"},\"potentialAction\":[{\"@type\":\"SearchAction\",\"target\":{\"@type\":\"EntryPoint\",\"urlTemplate\":\"https:\/\/ses-creative.com\/?s={search_term_string}\"},\"query-input\":{\"@type\":\"PropertyValueSpecification\",\"valueRequired\":true,\"valueName\":\"search_term_string\"}}],\"inLanguage\":\"fr-FR\"},{\"@type\":\"Organization\",\"@id\":\"https:\/\/ses-creative.com\/#organization\",\"name\":\"SES Creative\",\"url\":\"https:\/\/ses-creative.com\/\",\"logo\":{\"@type\":\"ImageObject\",\"inLanguage\":\"fr-FR\",\"@id\":\"https:\/\/ses-creative.com\/#\/schema\/logo\/image\/\",\"url\":\"https:\/\/ses-creative.com\/wp-content\/uploads\/2025\/10\/ses-creative-logo.jpg\",\"contentUrl\":\"https:\/\/ses-creative.com\/wp-content\/uploads\/2025\/10\/ses-creative-logo.jpg\",\"width\":2037,\"height\":2037,\"caption\":\"SES Creative\"},\"image\":{\"@id\":\"https:\/\/ses-creative.com\/#\/schema\/logo\/image\/\"}}]}<\/script>\n<!-- \/ Yoast SEO plugin. -->","yoast_head_json":{"title":"DC Batman - Moulage et peinture - SES Creative","robots":{"index":"index","follow":"follow","max-snippet":"max-snippet:-1","max-image-preview":"max-image-preview:large","max-video-preview":"max-video-preview:-1"},"canonical":"https:\/\/ses-creative.com\/fr\/produit\/dc-batman-moulage-et-peinture\/","og_locale":"fr_FR","og_type":"article","og_title":"DC Batman - Moulage et peinture - SES Creative","og_description":"DC Batman Moulage et peinture du pl\u00e2tre : donnez vie \u00e0 Gotham City ! Entrez dans le monde passionnant de Gotham City avec le kit de moulage et peinture sur pl\u00e2tre Batman de SES Creative ! Cr\u00e9ez des figurines en pl\u00e2tre d\u00e9taill\u00e9es de Batman, Robin, Joker et Harley Quinn, puis peignez-les dans leurs couleurs embl\u00e9matiques. [&hellip;]","og_url":"https:\/\/ses-creative.com\/fr\/produit\/dc-batman-moulage-et-peinture\/","og_site_name":"SES Creative","article_modified_time":"2026-02-12T10:22:40+00:00","twitter_card":"summary_large_image","twitter_misc":{"Dur\u00e9e de lecture estim\u00e9e":"1 minute"},"schema":{"@context":"https:\/\/schema.org","@graph":[{"@type":"WebPage","@id":"https:\/\/ses-creative.com\/fr\/produit\/dc-batman-moulage-et-peinture\/","url":"https:\/\/ses-creative.com\/fr\/produit\/dc-batman-moulage-et-peinture\/","name":"DC Batman - Moulage et peinture - SES Creative","isPartOf":{"@id":"https:\/\/ses-creative.com\/#website"},"primaryImageOfPage":{"@id":"https:\/\/ses-creative.com\/fr\/produit\/dc-batman-moulage-et-peinture\/#primaryimage"},"image":{"@id":"https:\/\/ses-creative.com\/fr\/produit\/dc-batman-moulage-et-peinture\/#primaryimage"},"thumbnailUrl":"https:\/\/ses-creative.com\/wp-content\/uploads\/2026\/01\/093641.jpg","datePublished":"2026-02-12T10:08:56+00:00","dateModified":"2026-02-12T10:22:40+00:00","breadcrumb":{"@id":"https:\/\/ses-creative.com\/fr\/produit\/dc-batman-moulage-et-peinture\/#breadcrumb"},"inLanguage":"fr-FR","potentialAction":[{"@type":"ReadAction","target":["https:\/\/ses-creative.com\/fr\/produit\/dc-batman-moulage-et-peinture\/"]}]},{"@type":"ImageObject","inLanguage":"fr-FR","@id":"https:\/\/ses-creative.com\/fr\/produit\/dc-batman-moulage-et-peinture\/#primaryimage","url":"https:\/\/ses-creative.com\/wp-content\/uploads\/2026\/01\/093641.jpg","contentUrl":"https:\/\/ses-creative.com\/wp-content\/uploads\/2026\/01\/093641.jpg","width":1000,"height":1000},{"@type":"BreadcrumbList","@id":"https:\/\/ses-creative.com\/fr\/produit\/dc-batman-moulage-et-peinture\/#breadcrumb","itemListElement":[{"@type":"ListItem","position":1,"name":"Boutique","item":"https:\/\/ses-creative.com\/fr\/boutique\/"},{"@type":"ListItem","position":2,"name":"Loisirs cr\u00e9atifs","item":"https:\/\/ses-creative.com\/fr\/product-categorie\/loisirs-creatifs\/"},{"@type":"ListItem","position":3,"name":"DC Batman &#8211; Moulage et peinture"}]},{"@type":"WebSite","@id":"https:\/\/ses-creative.com\/#website","url":"https:\/\/ses-creative.com\/","name":"SES Creative","description":"","publisher":{"@id":"https:\/\/ses-creative.com\/#organization"},"potentialAction":[{"@type":"SearchAction","target":{"@type":"EntryPoint","urlTemplate":"https:\/\/ses-creative.com\/?s={search_term_string}"},"query-input":{"@type":"PropertyValueSpecification","valueRequired":true,"valueName":"search_term_string"}}],"inLanguage":"fr-FR"},{"@type":"Organization","@id":"https:\/\/ses-creative.com\/#organization","name":"SES Creative","url":"https:\/\/ses-creative.com\/","logo":{"@type":"ImageObject","inLanguage":"fr-FR","@id":"https:\/\/ses-creative.com\/#\/schema\/logo\/image\/","url":"https:\/\/ses-creative.com\/wp-content\/uploads\/2025\/10\/ses-creative-logo.jpg","contentUrl":"https:\/\/ses-creative.com\/wp-content\/uploads\/2025\/10\/ses-creative-logo.jpg","width":2037,"height":2037,"caption":"SES Creative"},"image":{"@id":"https:\/\/ses-creative.com\/#\/schema\/logo\/image\/"}}]}},"_links":{"self":[{"href":"https:\/\/ses-creative.com\/fr\/wp-json\/wp\/v2\/product\/118193","targetHints":{"allow":["GET"]}}],"collection":[{"href":"https:\/\/ses-creative.com\/fr\/wp-json\/wp\/v2\/product"}],"about":[{"href":"https:\/\/ses-creative.com\/fr\/wp-json\/wp\/v2\/types\/product"}],"replies":[{"embeddable":true,"href":"https:\/\/ses-creative.com\/fr\/wp-json\/wp\/v2\/comments?post=118193"}],"wp:featuredmedia":[{"embeddable":true,"href":"https:\/\/ses-creative.com\/fr\/wp-json\/wp\/v2\/media\/94072"}],"wp:attachment":[{"href":"https:\/\/ses-creative.com\/fr\/wp-json\/wp\/v2\/media?parent=118193"}],"wp:term":[{"taxonomy":"product_brand","embeddable":true,"href":"https:\/\/ses-creative.com\/fr\/wp-json\/wp\/v2\/product_brand?post=118193"},{"taxonomy":"product_cat","embeddable":true,"href":"https:\/\/ses-creative.com\/fr\/wp-json\/wp\/v2\/product_cat?post=118193"},{"taxonomy":"product_tag","embeddable":true,"href":"https:\/\/ses-creative.com\/fr\/wp-json\/wp\/v2\/product_tag?post=118193"}],"curies":[{"name":"wp","href":"https:\/\/api.w.org\/{rel}","templated":true}]}}