











{"id":118192,"date":"2026-02-12T10:08:56","date_gmt":"2026-02-12T10:08:56","guid":{"rendered":"https:\/\/ses-creative.com\/?post_type=product&#038;p=118192"},"modified":"2026-02-12T10:22:40","modified_gmt":"2026-02-12T10:22:40","slug":"dc-batman-joker-and-harley-quinn-perles-a-repasser-melange","status":"publish","type":"product","link":"https:\/\/ses-creative.com\/fr\/produit\/dc-batman-joker-and-harley-quinn-perles-a-repasser-melange\/","title":{"rendered":"DC Batman &#8211; Joker and Harley Quinn perles \u00e0 repasser m\u00e9lange"},"content":{"rendered":"<p>Beedz Art \u2013 Joker &#038; Harley Quinn : cr\u00e9ez un chef-d&rsquo;\u0153uvre pixel art g\u00e9nial<\/p>\n<p>Entrez dans l&rsquo;univers de Gotham City et donnez vie \u00e0 deux des personnages DC les plus embl\u00e9matiques gr\u00e2ce \u00e0 ce kit Beedz Art de SES Creative ! Avec pas moins de 5000 perles \u00e0 repasser, vous pourrez cr\u00e9er un impressionnant pixel art \u00e0 double visage repr\u00e9sentant le Joker et Harley Quinn. Parfait pour les fans \u00e0 partir de 12 ans qui aiment la cr\u00e9ativit\u00e9, les d\u00e9fis et les d\u00e9corations murales cool.<\/p>\n<p>Ce qui rend ce kit g\u00e9nial<\/p>\n<p>Comprend 5 000 perles \u00e0 repasser color\u00e9es<br \/>\nCr\u00e9ez un pixel art unique repr\u00e9sentant le Joker et Harley Quinn<br \/>\nLicence officielle DC, en exclusivit\u00e9 chez SES Creative<br \/>\nStimule la cr\u00e9ativit\u00e9, la concentration et la motricit\u00e9 fine<br \/>\nConvient aux fans \u00e0 partir de 12 ans<\/p>\n<p>Laissez libre cours \u00e0 votre imagination<br \/>\nAvec ce kit, vous ne r\u00e9alisez pas simplement un bricolage, mais une v\u00e9ritable \u0153uvre d&rsquo;art. La combinaison du Joker et de Harley Quinn dans une seule \u0153uvre rend ce projet unique et stimulant. La pose des perles demande de la patience et de la pr\u00e9cision, mais le r\u00e9sultat est un chef-d&rsquo;\u0153uvre que vous pourrez accrocher avec fiert\u00e9.<\/p>\n<p>Contenu du kit<\/p>\n<p>5000 perles \u00e0 repasser assorties<br \/>\nPapier \u00e0 repasser<br \/>\nInstructions claires<\/p>\n<p>Pourquoi choisir SES Creative<br \/>\nChez SES Creative, nous accordons une grande importance \u00e0 la s\u00e9curit\u00e9 et \u00e0 la qualit\u00e9. C&rsquo;est pourquoi nos produits sont fabriqu\u00e9s aux Pays-Bas et test\u00e9s selon les normes de s\u00e9curit\u00e9 europ\u00e9ennes les plus strictes. Avec les jouets SES, les enfants peuvent d\u00e9couvrir, apprendre et \u00eatre fiers de ce qu&rsquo;ils cr\u00e9ent en toute s\u00e9curit\u00e9.<\/p>\n<p>Commencez d\u00e8s aujourd&rsquo;hui votre aventure Joker &#038; Harley Quinn Art<br \/>\nD\u00e9couvrez le plaisir de cr\u00e9er vous-m\u00eame des personnages embl\u00e9matiques de DC. Ce kit Beedz Art allie cr\u00e9ativit\u00e9 et style et permet de r\u00e9aliser une \u0153uvre d&rsquo;art que tout fan de DC sera fier d&rsquo;exposer.<\/p>\n","protected":false},"excerpt":{"rendered":"<p>Beedz Art \u2013 Joker &#038; Harley Quinn : cr\u00e9ez un chef-d&rsquo;\u0153uvre pixel art g\u00e9nial Entrez dans l&rsquo;univers de Gotham City et donnez vie \u00e0 deux des personnages DC les plus embl\u00e9matiques gr\u00e2ce \u00e0 ce kit Beedz Art de SES Creative ! Avec pas moins de 5000 perles \u00e0 repasser, vous pourrez cr\u00e9er un impressionnant pixel [&hellip;]<\/p>\n","protected":false},"featured_media":94052,"comment_status":"closed","ping_status":"closed","template":"","meta":{"_acf_changed":false},"product_brand":[],"product_cat":[125],"product_tag":[],"class_list":{"0":"post-118192","1":"product","2":"type-product","3":"status-publish","4":"has-post-thumbnail","6":"product_cat-perles-a-repasser","7":"pa_collecties-dc-batman","8":"pa_leeftijd-filter-6-ans","9":"pa_meest-populair-bij-garcons-filles","11":"first","12":"instock","13":"shipping-taxable","14":"product-type-simple"},"acf":[],"yoast_head":"<!-- This site is optimized with the Yoast SEO plugin v27.2 - https:\/\/yoast.com\/product\/yoast-seo-wordpress\/ -->\n<title>DC Batman - Joker and Harley Quinn perles \u00e0 repasser m\u00e9lange - SES Creative<\/title>\n<meta name=\"robots\" content=\"index, follow, max-snippet:-1, max-image-preview:large, max-video-preview:-1\" \/>\n<link rel=\"canonical\" href=\"https:\/\/ses-creative.com\/fr\/produit\/dc-batman-joker-and-harley-quinn-perles-a-repasser-melange\/\" \/>\n<meta property=\"og:locale\" content=\"fr_FR\" \/>\n<meta property=\"og:type\" content=\"article\" \/>\n<meta property=\"og:title\" content=\"DC Batman - Joker and Harley Quinn perles \u00e0 repasser m\u00e9lange - SES Creative\" \/>\n<meta property=\"og:description\" content=\"Beedz Art \u2013 Joker &#038; Harley Quinn : cr\u00e9ez un chef-d&rsquo;\u0153uvre pixel art g\u00e9nial Entrez dans l&rsquo;univers de Gotham City et donnez vie \u00e0 deux des personnages DC les plus embl\u00e9matiques gr\u00e2ce \u00e0 ce kit Beedz Art de SES Creative ! Avec pas moins de 5000 perles \u00e0 repasser, vous pourrez cr\u00e9er un impressionnant pixel [&hellip;]\" \/>\n<meta property=\"og:url\" content=\"https:\/\/ses-creative.com\/fr\/produit\/dc-batman-joker-and-harley-quinn-perles-a-repasser-melange\/\" \/>\n<meta property=\"og:site_name\" content=\"SES Creative\" \/>\n<meta property=\"article:modified_time\" content=\"2026-02-12T10:22:40+00:00\" \/>\n<meta name=\"twitter:card\" content=\"summary_large_image\" \/>\n<meta name=\"twitter:label1\" content=\"Dur\u00e9e de lecture estim\u00e9e\" \/>\n\t<meta name=\"twitter:data1\" content=\"2 minutes\" \/>\n<script type=\"application\/ld+json\" class=\"yoast-schema-graph\">{\"@context\":\"https:\/\/schema.org\",\"@graph\":[{\"@type\":\"WebPage\",\"@id\":\"https:\/\/ses-creative.com\/fr\/produit\/dc-batman-joker-and-harley-quinn-perles-a-repasser-melange\/\",\"url\":\"https:\/\/ses-creative.com\/fr\/produit\/dc-batman-joker-and-harley-quinn-perles-a-repasser-melange\/\",\"name\":\"DC Batman - Joker and Harley Quinn perles \u00e0 repasser m\u00e9lange - SES Creative\",\"isPartOf\":{\"@id\":\"https:\/\/ses-creative.com\/#website\"},\"primaryImageOfPage\":{\"@id\":\"https:\/\/ses-creative.com\/fr\/produit\/dc-batman-joker-and-harley-quinn-perles-a-repasser-melange\/#primaryimage\"},\"image\":{\"@id\":\"https:\/\/ses-creative.com\/fr\/produit\/dc-batman-joker-and-harley-quinn-perles-a-repasser-melange\/#primaryimage\"},\"thumbnailUrl\":\"https:\/\/ses-creative.com\/wp-content\/uploads\/2026\/01\/093631.jpg\",\"datePublished\":\"2026-02-12T10:08:56+00:00\",\"dateModified\":\"2026-02-12T10:22:40+00:00\",\"breadcrumb\":{\"@id\":\"https:\/\/ses-creative.com\/fr\/produit\/dc-batman-joker-and-harley-quinn-perles-a-repasser-melange\/#breadcrumb\"},\"inLanguage\":\"fr-FR\",\"potentialAction\":[{\"@type\":\"ReadAction\",\"target\":[\"https:\/\/ses-creative.com\/fr\/produit\/dc-batman-joker-and-harley-quinn-perles-a-repasser-melange\/\"]}]},{\"@type\":\"ImageObject\",\"inLanguage\":\"fr-FR\",\"@id\":\"https:\/\/ses-creative.com\/fr\/produit\/dc-batman-joker-and-harley-quinn-perles-a-repasser-melange\/#primaryimage\",\"url\":\"https:\/\/ses-creative.com\/wp-content\/uploads\/2026\/01\/093631.jpg\",\"contentUrl\":\"https:\/\/ses-creative.com\/wp-content\/uploads\/2026\/01\/093631.jpg\",\"width\":1000,\"height\":1000},{\"@type\":\"BreadcrumbList\",\"@id\":\"https:\/\/ses-creative.com\/fr\/produit\/dc-batman-joker-and-harley-quinn-perles-a-repasser-melange\/#breadcrumb\",\"itemListElement\":[{\"@type\":\"ListItem\",\"position\":1,\"name\":\"Boutique\",\"item\":\"https:\/\/ses-creative.com\/fr\/boutique\/\"},{\"@type\":\"ListItem\",\"position\":2,\"name\":\"Perles \u00e0 repasser\",\"item\":\"https:\/\/ses-creative.com\/fr\/product-categorie\/perles-a-repasser\/\"},{\"@type\":\"ListItem\",\"position\":3,\"name\":\"DC Batman &#8211; Joker and Harley Quinn perles \u00e0 repasser m\u00e9lange\"}]},{\"@type\":\"WebSite\",\"@id\":\"https:\/\/ses-creative.com\/#website\",\"url\":\"https:\/\/ses-creative.com\/\",\"name\":\"SES Creative\",\"description\":\"\",\"publisher\":{\"@id\":\"https:\/\/ses-creative.com\/#organization\"},\"potentialAction\":[{\"@type\":\"SearchAction\",\"target\":{\"@type\":\"EntryPoint\",\"urlTemplate\":\"https:\/\/ses-creative.com\/?s={search_term_string}\"},\"query-input\":{\"@type\":\"PropertyValueSpecification\",\"valueRequired\":true,\"valueName\":\"search_term_string\"}}],\"inLanguage\":\"fr-FR\"},{\"@type\":\"Organization\",\"@id\":\"https:\/\/ses-creative.com\/#organization\",\"name\":\"SES Creative\",\"url\":\"https:\/\/ses-creative.com\/\",\"logo\":{\"@type\":\"ImageObject\",\"inLanguage\":\"fr-FR\",\"@id\":\"https:\/\/ses-creative.com\/#\/schema\/logo\/image\/\",\"url\":\"https:\/\/ses-creative.com\/wp-content\/uploads\/2025\/10\/ses-creative-logo.jpg\",\"contentUrl\":\"https:\/\/ses-creative.com\/wp-content\/uploads\/2025\/10\/ses-creative-logo.jpg\",\"width\":2037,\"height\":2037,\"caption\":\"SES Creative\"},\"image\":{\"@id\":\"https:\/\/ses-creative.com\/#\/schema\/logo\/image\/\"}}]}<\/script>\n<!-- \/ Yoast SEO plugin. -->","yoast_head_json":{"title":"DC Batman - Joker and Harley Quinn perles \u00e0 repasser m\u00e9lange - SES Creative","robots":{"index":"index","follow":"follow","max-snippet":"max-snippet:-1","max-image-preview":"max-image-preview:large","max-video-preview":"max-video-preview:-1"},"canonical":"https:\/\/ses-creative.com\/fr\/produit\/dc-batman-joker-and-harley-quinn-perles-a-repasser-melange\/","og_locale":"fr_FR","og_type":"article","og_title":"DC Batman - Joker and Harley Quinn perles \u00e0 repasser m\u00e9lange - SES Creative","og_description":"Beedz Art \u2013 Joker &#038; Harley Quinn : cr\u00e9ez un chef-d&rsquo;\u0153uvre pixel art g\u00e9nial Entrez dans l&rsquo;univers de Gotham City et donnez vie \u00e0 deux des personnages DC les plus embl\u00e9matiques gr\u00e2ce \u00e0 ce kit Beedz Art de SES Creative ! Avec pas moins de 5000 perles \u00e0 repasser, vous pourrez cr\u00e9er un impressionnant pixel [&hellip;]","og_url":"https:\/\/ses-creative.com\/fr\/produit\/dc-batman-joker-and-harley-quinn-perles-a-repasser-melange\/","og_site_name":"SES Creative","article_modified_time":"2026-02-12T10:22:40+00:00","twitter_card":"summary_large_image","twitter_misc":{"Dur\u00e9e de lecture estim\u00e9e":"2 minutes"},"schema":{"@context":"https:\/\/schema.org","@graph":[{"@type":"WebPage","@id":"https:\/\/ses-creative.com\/fr\/produit\/dc-batman-joker-and-harley-quinn-perles-a-repasser-melange\/","url":"https:\/\/ses-creative.com\/fr\/produit\/dc-batman-joker-and-harley-quinn-perles-a-repasser-melange\/","name":"DC Batman - Joker and Harley Quinn perles \u00e0 repasser m\u00e9lange - SES Creative","isPartOf":{"@id":"https:\/\/ses-creative.com\/#website"},"primaryImageOfPage":{"@id":"https:\/\/ses-creative.com\/fr\/produit\/dc-batman-joker-and-harley-quinn-perles-a-repasser-melange\/#primaryimage"},"image":{"@id":"https:\/\/ses-creative.com\/fr\/produit\/dc-batman-joker-and-harley-quinn-perles-a-repasser-melange\/#primaryimage"},"thumbnailUrl":"https:\/\/ses-creative.com\/wp-content\/uploads\/2026\/01\/093631.jpg","datePublished":"2026-02-12T10:08:56+00:00","dateModified":"2026-02-12T10:22:40+00:00","breadcrumb":{"@id":"https:\/\/ses-creative.com\/fr\/produit\/dc-batman-joker-and-harley-quinn-perles-a-repasser-melange\/#breadcrumb"},"inLanguage":"fr-FR","potentialAction":[{"@type":"ReadAction","target":["https:\/\/ses-creative.com\/fr\/produit\/dc-batman-joker-and-harley-quinn-perles-a-repasser-melange\/"]}]},{"@type":"ImageObject","inLanguage":"fr-FR","@id":"https:\/\/ses-creative.com\/fr\/produit\/dc-batman-joker-and-harley-quinn-perles-a-repasser-melange\/#primaryimage","url":"https:\/\/ses-creative.com\/wp-content\/uploads\/2026\/01\/093631.jpg","contentUrl":"https:\/\/ses-creative.com\/wp-content\/uploads\/2026\/01\/093631.jpg","width":1000,"height":1000},{"@type":"BreadcrumbList","@id":"https:\/\/ses-creative.com\/fr\/produit\/dc-batman-joker-and-harley-quinn-perles-a-repasser-melange\/#breadcrumb","itemListElement":[{"@type":"ListItem","position":1,"name":"Boutique","item":"https:\/\/ses-creative.com\/fr\/boutique\/"},{"@type":"ListItem","position":2,"name":"Perles \u00e0 repasser","item":"https:\/\/ses-creative.com\/fr\/product-categorie\/perles-a-repasser\/"},{"@type":"ListItem","position":3,"name":"DC Batman &#8211; Joker and Harley Quinn perles \u00e0 repasser m\u00e9lange"}]},{"@type":"WebSite","@id":"https:\/\/ses-creative.com\/#website","url":"https:\/\/ses-creative.com\/","name":"SES Creative","description":"","publisher":{"@id":"https:\/\/ses-creative.com\/#organization"},"potentialAction":[{"@type":"SearchAction","target":{"@type":"EntryPoint","urlTemplate":"https:\/\/ses-creative.com\/?s={search_term_string}"},"query-input":{"@type":"PropertyValueSpecification","valueRequired":true,"valueName":"search_term_string"}}],"inLanguage":"fr-FR"},{"@type":"Organization","@id":"https:\/\/ses-creative.com\/#organization","name":"SES Creative","url":"https:\/\/ses-creative.com\/","logo":{"@type":"ImageObject","inLanguage":"fr-FR","@id":"https:\/\/ses-creative.com\/#\/schema\/logo\/image\/","url":"https:\/\/ses-creative.com\/wp-content\/uploads\/2025\/10\/ses-creative-logo.jpg","contentUrl":"https:\/\/ses-creative.com\/wp-content\/uploads\/2025\/10\/ses-creative-logo.jpg","width":2037,"height":2037,"caption":"SES Creative"},"image":{"@id":"https:\/\/ses-creative.com\/#\/schema\/logo\/image\/"}}]}},"_links":{"self":[{"href":"https:\/\/ses-creative.com\/fr\/wp-json\/wp\/v2\/product\/118192","targetHints":{"allow":["GET"]}}],"collection":[{"href":"https:\/\/ses-creative.com\/fr\/wp-json\/wp\/v2\/product"}],"about":[{"href":"https:\/\/ses-creative.com\/fr\/wp-json\/wp\/v2\/types\/product"}],"replies":[{"embeddable":true,"href":"https:\/\/ses-creative.com\/fr\/wp-json\/wp\/v2\/comments?post=118192"}],"wp:featuredmedia":[{"embeddable":true,"href":"https:\/\/ses-creative.com\/fr\/wp-json\/wp\/v2\/media\/94052"}],"wp:attachment":[{"href":"https:\/\/ses-creative.com\/fr\/wp-json\/wp\/v2\/media?parent=118192"}],"wp:term":[{"taxonomy":"product_brand","embeddable":true,"href":"https:\/\/ses-creative.com\/fr\/wp-json\/wp\/v2\/product_brand?post=118192"},{"taxonomy":"product_cat","embeddable":true,"href":"https:\/\/ses-creative.com\/fr\/wp-json\/wp\/v2\/product_cat?post=118192"},{"taxonomy":"product_tag","embeddable":true,"href":"https:\/\/ses-creative.com\/fr\/wp-json\/wp\/v2\/product_tag?post=118192"}],"curies":[{"name":"wp","href":"https:\/\/api.w.org\/{rel}","templated":true}]}}