











{"id":118191,"date":"2026-02-12T10:08:56","date_gmt":"2026-02-12T10:08:56","guid":{"rendered":"https:\/\/ses-creative.com\/?post_type=product&#038;p=118191"},"modified":"2026-02-12T10:22:40","modified_gmt":"2026-02-12T10:22:40","slug":"dc-batman-batman-perles-a-repasser-melange-de-couleurs","status":"publish","type":"product","link":"https:\/\/ses-creative.com\/fr\/produit\/dc-batman-batman-perles-a-repasser-melange-de-couleurs\/","title":{"rendered":"DC Batman &#8211; Batman perles \u00e0 repasser m\u00e9lange de couleurs"},"content":{"rendered":"<p>Beedz Art \u2013 Batman : cr\u00e9ez votre propre chef-d&rsquo;\u0153uvre de super-h\u00e9ros<\/p>\n<p>Entrez dans l&rsquo;univers de Gotham City et donnez vie au l\u00e9gendaire Batman avec ce kit officiel de perles \u00e0 repasser Beedz Art de SES Creative ! Avec pas moins de 4200 perles color\u00e9es, vous pouvez cr\u00e9er une impressionnante \u0153uvre d&rsquo;art repr\u00e9sentant le Chevalier noir. Parfait pour les fans de super-h\u00e9ros \u00e0 partir de 12 ans qui souhaitent allier leur cr\u00e9ativit\u00e9 \u00e0 leur passion pour Batman.<\/p>\n<p>Ce qui rend ce kit g\u00e9nial<\/p>\n<p>Comprend 4200 perles \u00e0 repasser color\u00e9es<br \/>\nCr\u00e9ez un motif Batman embl\u00e9matique<br \/>\nLicence officielle DC, en exclusivit\u00e9 chez SES Creative<br \/>\nStimule la cr\u00e9ativit\u00e9, la concentration et la motricit\u00e9 fine<br \/>\nConvient aux fans \u00e0 partir de 12 ans<\/p>\n<p>Laissez libre cours \u00e0 votre imagination<br \/>\nAvec ce kit, vous ne cr\u00e9ez pas simplement un bricolage, mais un v\u00e9ritable chef-d&rsquo;\u0153uvre Batman. Le processus de pose et de repassage des perles est apaisant et stimulant, et le r\u00e9sultat final est une cr\u00e9ation impressionnante que vous pouvez accrocher ou poser avec fiert\u00e9. Le m\u00e9lange parfait entre art, d\u00e9tente et pouvoir de super-h\u00e9ros.<\/p>\n<p>Contenu du kit<\/p>\n<p>4200 perles \u00e0 repasser<br \/>\nPapier \u00e0 repasser<br \/>\nInstructions claires<\/p>\n<p>Pourquoi choisir SES Creative<br \/>\nChez SES Creative, nous accordons une grande importance \u00e0 la s\u00e9curit\u00e9 et \u00e0 la qualit\u00e9. C&rsquo;est pourquoi nos produits sont fabriqu\u00e9s aux Pays-Bas et test\u00e9s selon les normes de s\u00e9curit\u00e9 europ\u00e9ennes les plus strictes. Avec les jouets SES, les enfants peuvent d\u00e9couvrir, apprendre et \u00eatre fiers de ce qu&rsquo;ils cr\u00e9ent en toute s\u00e9curit\u00e9.<\/p>\n<p>Commencez d\u00e8s aujourd&rsquo;hui votre aventure Batman Art<br \/>\nD\u00e9couvrez le plaisir de cr\u00e9er Batman vous-m\u00eame avec des milliers de perles \u00e0 repasser. Un projet impressionnant pour des heures de plaisir cr\u00e9atif et une \u0153uvre d&rsquo;art qui rendra fier tout fan de Batman !<\/p>\n","protected":false},"excerpt":{"rendered":"<p>Beedz Art \u2013 Batman : cr\u00e9ez votre propre chef-d&rsquo;\u0153uvre de super-h\u00e9ros Entrez dans l&rsquo;univers de Gotham City et donnez vie au l\u00e9gendaire Batman avec ce kit officiel de perles \u00e0 repasser Beedz Art de SES Creative ! Avec pas moins de 4200 perles color\u00e9es, vous pouvez cr\u00e9er une impressionnante \u0153uvre d&rsquo;art repr\u00e9sentant le Chevalier noir. [&hellip;]<\/p>\n","protected":false},"featured_media":94032,"comment_status":"closed","ping_status":"closed","template":"","meta":{"_acf_changed":false},"product_brand":[],"product_cat":[125],"product_tag":[],"class_list":{"0":"post-118191","1":"product","2":"type-product","3":"status-publish","4":"has-post-thumbnail","6":"product_cat-perles-a-repasser","7":"pa_collecties-dc-batman","8":"pa_leeftijd-filter-6-ans","9":"pa_meest-populair-bij-garcons-filles","11":"first","12":"instock","13":"shipping-taxable","14":"product-type-simple"},"acf":[],"yoast_head":"<!-- This site is optimized with the Yoast SEO plugin v27.2 - https:\/\/yoast.com\/product\/yoast-seo-wordpress\/ -->\n<title>DC Batman - Batman perles \u00e0 repasser m\u00e9lange de couleurs - SES Creative<\/title>\n<meta name=\"robots\" content=\"index, follow, max-snippet:-1, max-image-preview:large, max-video-preview:-1\" \/>\n<link rel=\"canonical\" href=\"https:\/\/ses-creative.com\/fr\/produit\/dc-batman-batman-perles-a-repasser-melange-de-couleurs\/\" \/>\n<meta property=\"og:locale\" content=\"fr_FR\" \/>\n<meta property=\"og:type\" content=\"article\" \/>\n<meta property=\"og:title\" content=\"DC Batman - Batman perles \u00e0 repasser m\u00e9lange de couleurs - SES Creative\" \/>\n<meta property=\"og:description\" content=\"Beedz Art \u2013 Batman : cr\u00e9ez votre propre chef-d&rsquo;\u0153uvre de super-h\u00e9ros Entrez dans l&rsquo;univers de Gotham City et donnez vie au l\u00e9gendaire Batman avec ce kit officiel de perles \u00e0 repasser Beedz Art de SES Creative ! Avec pas moins de 4200 perles color\u00e9es, vous pouvez cr\u00e9er une impressionnante \u0153uvre d&rsquo;art repr\u00e9sentant le Chevalier noir. [&hellip;]\" \/>\n<meta property=\"og:url\" content=\"https:\/\/ses-creative.com\/fr\/produit\/dc-batman-batman-perles-a-repasser-melange-de-couleurs\/\" \/>\n<meta property=\"og:site_name\" content=\"SES Creative\" \/>\n<meta property=\"article:modified_time\" content=\"2026-02-12T10:22:40+00:00\" \/>\n<meta name=\"twitter:card\" content=\"summary_large_image\" \/>\n<meta name=\"twitter:label1\" content=\"Dur\u00e9e de lecture estim\u00e9e\" \/>\n\t<meta name=\"twitter:data1\" content=\"2 minutes\" \/>\n<script type=\"application\/ld+json\" class=\"yoast-schema-graph\">{\"@context\":\"https:\/\/schema.org\",\"@graph\":[{\"@type\":\"WebPage\",\"@id\":\"https:\/\/ses-creative.com\/fr\/produit\/dc-batman-batman-perles-a-repasser-melange-de-couleurs\/\",\"url\":\"https:\/\/ses-creative.com\/fr\/produit\/dc-batman-batman-perles-a-repasser-melange-de-couleurs\/\",\"name\":\"DC Batman - Batman perles \u00e0 repasser m\u00e9lange de couleurs - SES Creative\",\"isPartOf\":{\"@id\":\"https:\/\/ses-creative.com\/#website\"},\"primaryImageOfPage\":{\"@id\":\"https:\/\/ses-creative.com\/fr\/produit\/dc-batman-batman-perles-a-repasser-melange-de-couleurs\/#primaryimage\"},\"image\":{\"@id\":\"https:\/\/ses-creative.com\/fr\/produit\/dc-batman-batman-perles-a-repasser-melange-de-couleurs\/#primaryimage\"},\"thumbnailUrl\":\"https:\/\/ses-creative.com\/wp-content\/uploads\/2026\/01\/093621.jpg\",\"datePublished\":\"2026-02-12T10:08:56+00:00\",\"dateModified\":\"2026-02-12T10:22:40+00:00\",\"breadcrumb\":{\"@id\":\"https:\/\/ses-creative.com\/fr\/produit\/dc-batman-batman-perles-a-repasser-melange-de-couleurs\/#breadcrumb\"},\"inLanguage\":\"fr-FR\",\"potentialAction\":[{\"@type\":\"ReadAction\",\"target\":[\"https:\/\/ses-creative.com\/fr\/produit\/dc-batman-batman-perles-a-repasser-melange-de-couleurs\/\"]}]},{\"@type\":\"ImageObject\",\"inLanguage\":\"fr-FR\",\"@id\":\"https:\/\/ses-creative.com\/fr\/produit\/dc-batman-batman-perles-a-repasser-melange-de-couleurs\/#primaryimage\",\"url\":\"https:\/\/ses-creative.com\/wp-content\/uploads\/2026\/01\/093621.jpg\",\"contentUrl\":\"https:\/\/ses-creative.com\/wp-content\/uploads\/2026\/01\/093621.jpg\",\"width\":1000,\"height\":1000},{\"@type\":\"BreadcrumbList\",\"@id\":\"https:\/\/ses-creative.com\/fr\/produit\/dc-batman-batman-perles-a-repasser-melange-de-couleurs\/#breadcrumb\",\"itemListElement\":[{\"@type\":\"ListItem\",\"position\":1,\"name\":\"Boutique\",\"item\":\"https:\/\/ses-creative.com\/fr\/boutique\/\"},{\"@type\":\"ListItem\",\"position\":2,\"name\":\"Perles \u00e0 repasser\",\"item\":\"https:\/\/ses-creative.com\/fr\/product-categorie\/perles-a-repasser\/\"},{\"@type\":\"ListItem\",\"position\":3,\"name\":\"DC Batman &#8211; Batman perles \u00e0 repasser m\u00e9lange de couleurs\"}]},{\"@type\":\"WebSite\",\"@id\":\"https:\/\/ses-creative.com\/#website\",\"url\":\"https:\/\/ses-creative.com\/\",\"name\":\"SES Creative\",\"description\":\"\",\"publisher\":{\"@id\":\"https:\/\/ses-creative.com\/#organization\"},\"potentialAction\":[{\"@type\":\"SearchAction\",\"target\":{\"@type\":\"EntryPoint\",\"urlTemplate\":\"https:\/\/ses-creative.com\/?s={search_term_string}\"},\"query-input\":{\"@type\":\"PropertyValueSpecification\",\"valueRequired\":true,\"valueName\":\"search_term_string\"}}],\"inLanguage\":\"fr-FR\"},{\"@type\":\"Organization\",\"@id\":\"https:\/\/ses-creative.com\/#organization\",\"name\":\"SES Creative\",\"url\":\"https:\/\/ses-creative.com\/\",\"logo\":{\"@type\":\"ImageObject\",\"inLanguage\":\"fr-FR\",\"@id\":\"https:\/\/ses-creative.com\/#\/schema\/logo\/image\/\",\"url\":\"https:\/\/ses-creative.com\/wp-content\/uploads\/2025\/10\/ses-creative-logo.jpg\",\"contentUrl\":\"https:\/\/ses-creative.com\/wp-content\/uploads\/2025\/10\/ses-creative-logo.jpg\",\"width\":2037,\"height\":2037,\"caption\":\"SES Creative\"},\"image\":{\"@id\":\"https:\/\/ses-creative.com\/#\/schema\/logo\/image\/\"}}]}<\/script>\n<!-- \/ Yoast SEO plugin. -->","yoast_head_json":{"title":"DC Batman - Batman perles \u00e0 repasser m\u00e9lange de couleurs - SES Creative","robots":{"index":"index","follow":"follow","max-snippet":"max-snippet:-1","max-image-preview":"max-image-preview:large","max-video-preview":"max-video-preview:-1"},"canonical":"https:\/\/ses-creative.com\/fr\/produit\/dc-batman-batman-perles-a-repasser-melange-de-couleurs\/","og_locale":"fr_FR","og_type":"article","og_title":"DC Batman - Batman perles \u00e0 repasser m\u00e9lange de couleurs - SES Creative","og_description":"Beedz Art \u2013 Batman : cr\u00e9ez votre propre chef-d&rsquo;\u0153uvre de super-h\u00e9ros Entrez dans l&rsquo;univers de Gotham City et donnez vie au l\u00e9gendaire Batman avec ce kit officiel de perles \u00e0 repasser Beedz Art de SES Creative ! Avec pas moins de 4200 perles color\u00e9es, vous pouvez cr\u00e9er une impressionnante \u0153uvre d&rsquo;art repr\u00e9sentant le Chevalier noir. [&hellip;]","og_url":"https:\/\/ses-creative.com\/fr\/produit\/dc-batman-batman-perles-a-repasser-melange-de-couleurs\/","og_site_name":"SES Creative","article_modified_time":"2026-02-12T10:22:40+00:00","twitter_card":"summary_large_image","twitter_misc":{"Dur\u00e9e de lecture estim\u00e9e":"2 minutes"},"schema":{"@context":"https:\/\/schema.org","@graph":[{"@type":"WebPage","@id":"https:\/\/ses-creative.com\/fr\/produit\/dc-batman-batman-perles-a-repasser-melange-de-couleurs\/","url":"https:\/\/ses-creative.com\/fr\/produit\/dc-batman-batman-perles-a-repasser-melange-de-couleurs\/","name":"DC Batman - Batman perles \u00e0 repasser m\u00e9lange de couleurs - SES Creative","isPartOf":{"@id":"https:\/\/ses-creative.com\/#website"},"primaryImageOfPage":{"@id":"https:\/\/ses-creative.com\/fr\/produit\/dc-batman-batman-perles-a-repasser-melange-de-couleurs\/#primaryimage"},"image":{"@id":"https:\/\/ses-creative.com\/fr\/produit\/dc-batman-batman-perles-a-repasser-melange-de-couleurs\/#primaryimage"},"thumbnailUrl":"https:\/\/ses-creative.com\/wp-content\/uploads\/2026\/01\/093621.jpg","datePublished":"2026-02-12T10:08:56+00:00","dateModified":"2026-02-12T10:22:40+00:00","breadcrumb":{"@id":"https:\/\/ses-creative.com\/fr\/produit\/dc-batman-batman-perles-a-repasser-melange-de-couleurs\/#breadcrumb"},"inLanguage":"fr-FR","potentialAction":[{"@type":"ReadAction","target":["https:\/\/ses-creative.com\/fr\/produit\/dc-batman-batman-perles-a-repasser-melange-de-couleurs\/"]}]},{"@type":"ImageObject","inLanguage":"fr-FR","@id":"https:\/\/ses-creative.com\/fr\/produit\/dc-batman-batman-perles-a-repasser-melange-de-couleurs\/#primaryimage","url":"https:\/\/ses-creative.com\/wp-content\/uploads\/2026\/01\/093621.jpg","contentUrl":"https:\/\/ses-creative.com\/wp-content\/uploads\/2026\/01\/093621.jpg","width":1000,"height":1000},{"@type":"BreadcrumbList","@id":"https:\/\/ses-creative.com\/fr\/produit\/dc-batman-batman-perles-a-repasser-melange-de-couleurs\/#breadcrumb","itemListElement":[{"@type":"ListItem","position":1,"name":"Boutique","item":"https:\/\/ses-creative.com\/fr\/boutique\/"},{"@type":"ListItem","position":2,"name":"Perles \u00e0 repasser","item":"https:\/\/ses-creative.com\/fr\/product-categorie\/perles-a-repasser\/"},{"@type":"ListItem","position":3,"name":"DC Batman &#8211; Batman perles \u00e0 repasser m\u00e9lange de couleurs"}]},{"@type":"WebSite","@id":"https:\/\/ses-creative.com\/#website","url":"https:\/\/ses-creative.com\/","name":"SES Creative","description":"","publisher":{"@id":"https:\/\/ses-creative.com\/#organization"},"potentialAction":[{"@type":"SearchAction","target":{"@type":"EntryPoint","urlTemplate":"https:\/\/ses-creative.com\/?s={search_term_string}"},"query-input":{"@type":"PropertyValueSpecification","valueRequired":true,"valueName":"search_term_string"}}],"inLanguage":"fr-FR"},{"@type":"Organization","@id":"https:\/\/ses-creative.com\/#organization","name":"SES Creative","url":"https:\/\/ses-creative.com\/","logo":{"@type":"ImageObject","inLanguage":"fr-FR","@id":"https:\/\/ses-creative.com\/#\/schema\/logo\/image\/","url":"https:\/\/ses-creative.com\/wp-content\/uploads\/2025\/10\/ses-creative-logo.jpg","contentUrl":"https:\/\/ses-creative.com\/wp-content\/uploads\/2025\/10\/ses-creative-logo.jpg","width":2037,"height":2037,"caption":"SES Creative"},"image":{"@id":"https:\/\/ses-creative.com\/#\/schema\/logo\/image\/"}}]}},"_links":{"self":[{"href":"https:\/\/ses-creative.com\/fr\/wp-json\/wp\/v2\/product\/118191","targetHints":{"allow":["GET"]}}],"collection":[{"href":"https:\/\/ses-creative.com\/fr\/wp-json\/wp\/v2\/product"}],"about":[{"href":"https:\/\/ses-creative.com\/fr\/wp-json\/wp\/v2\/types\/product"}],"replies":[{"embeddable":true,"href":"https:\/\/ses-creative.com\/fr\/wp-json\/wp\/v2\/comments?post=118191"}],"wp:featuredmedia":[{"embeddable":true,"href":"https:\/\/ses-creative.com\/fr\/wp-json\/wp\/v2\/media\/94032"}],"wp:attachment":[{"href":"https:\/\/ses-creative.com\/fr\/wp-json\/wp\/v2\/media?parent=118191"}],"wp:term":[{"taxonomy":"product_brand","embeddable":true,"href":"https:\/\/ses-creative.com\/fr\/wp-json\/wp\/v2\/product_brand?post=118191"},{"taxonomy":"product_cat","embeddable":true,"href":"https:\/\/ses-creative.com\/fr\/wp-json\/wp\/v2\/product_cat?post=118191"},{"taxonomy":"product_tag","embeddable":true,"href":"https:\/\/ses-creative.com\/fr\/wp-json\/wp\/v2\/product_tag?post=118191"}],"curies":[{"name":"wp","href":"https:\/\/api.w.org\/{rel}","templated":true}]}}