











{"id":118190,"date":"2026-02-12T10:08:56","date_gmt":"2026-02-12T10:08:56","guid":{"rendered":"https:\/\/ses-creative.com\/?post_type=product&#038;p=118190"},"modified":"2026-02-12T10:22:40","modified_gmt":"2026-02-12T10:22:40","slug":"dc-batman-perles-a-repasser-ensemble-de-figurines","status":"publish","type":"product","link":"https:\/\/ses-creative.com\/fr\/produit\/dc-batman-perles-a-repasser-ensemble-de-figurines\/","title":{"rendered":"DC Batman &#8211; Perles \u00e0 repasser ensemble de figurines"},"content":{"rendered":"<p>Beedz Art \u2013 DC Batman : cr\u00e9ez votre propre aventure de super-h\u00e9ros<\/p>\n<p>Entrez dans l&rsquo;univers de Gotham City et donnez vie \u00e0 Batman, Robin et d&rsquo;autres h\u00e9ros avec ce set officiel de perles \u00e0 repasser DC Batman de SES Creative ! Avec 1600 perles color\u00e9es, une plaque hexagonale et des autocollants Batman super cool, vous pouvez cr\u00e9er les designs les plus g\u00e9niaux. Parfait pour les fans \u00e0 partir de 5 ans qui veulent combiner leur cr\u00e9ativit\u00e9 avec leur amour des super-h\u00e9ros.<\/p>\n<p>Ce qui rend ce kit g\u00e9nial<\/p>\n<p>Comprend une planche hexagonale, 1600 perles \u00e0 repasser et du papier \u00e0 repasser<br \/>\nAutocollants Batman officiels pour un look encore plus h\u00e9ro\u00efque<br \/>\nCr\u00e9ez Batman, Robin et d&rsquo;autres personnages DC<br \/>\nStimule la cr\u00e9ativit\u00e9, la pr\u00e9cision et la motricit\u00e9 fine<br \/>\nConvient aux fans \u00e0 partir de 5 ans<\/p>\n<p>Laissez libre cours \u00e0 votre imagination<br \/>\nAvec ce kit, cr\u00e9ez vos propres super-h\u00e9ros pour donner une touche cool \u00e0 votre chambre, vos affaires scolaires ou votre lieu de travail. Le processus consistant \u00e0 disposer les perles et \u00e0 les repasser est relaxant, et les autocollants viennent compl\u00e9ter vos \u0153uvres d&rsquo;art. Vous obtenez ainsi une combinaison unique entre le plaisir du bricolage et la magie des super-h\u00e9ros.<\/p>\n<p>Contenu du kit<\/p>\n<p>Plateau hexagonal<br \/>\n1600 perles \u00e0 repasser assorties<br \/>\nAutocollants Batman<br \/>\nPapier \u00e0 repasser<br \/>\nInstructions<\/p>\n<p>Pourquoi choisir SES Creative<br \/>\nChez SES Creative, nous accordons une grande importance \u00e0 la s\u00e9curit\u00e9 et \u00e0 la qualit\u00e9. C&rsquo;est pourquoi nos produits sont fabriqu\u00e9s aux Pays-Bas et test\u00e9s selon les normes de s\u00e9curit\u00e9 europ\u00e9ennes les plus strictes. Avec les jouets SES, les enfants peuvent d\u00e9couvrir, apprendre et \u00eatre fiers de ce qu&rsquo;ils cr\u00e9ent en toute s\u00e9curit\u00e9.<\/p>\n<p>Commencez d\u00e8s aujourd&rsquo;hui votre aventure DC Batman<br \/>\nPrenez les perles, cr\u00e9ez vos h\u00e9ros pr\u00e9f\u00e9r\u00e9s et donnez vie \u00e0 Gotham City. Avec ce kit unique de perles \u00e0 repasser Batman, vous pouvez cr\u00e9er des \u0153uvres d&rsquo;art de super-h\u00e9ros que vous serez fier de montrer !<\/p>\n","protected":false},"excerpt":{"rendered":"<p>Beedz Art \u2013 DC Batman : cr\u00e9ez votre propre aventure de super-h\u00e9ros Entrez dans l&rsquo;univers de Gotham City et donnez vie \u00e0 Batman, Robin et d&rsquo;autres h\u00e9ros avec ce set officiel de perles \u00e0 repasser DC Batman de SES Creative ! Avec 1600 perles color\u00e9es, une plaque hexagonale et des autocollants Batman super cool, vous [&hellip;]<\/p>\n","protected":false},"featured_media":100528,"comment_status":"closed","ping_status":"closed","template":"","meta":{"_acf_changed":false},"product_brand":[],"product_cat":[125],"product_tag":[],"class_list":{"0":"post-118190","1":"product","2":"type-product","3":"status-publish","4":"has-post-thumbnail","6":"product_cat-perles-a-repasser","7":"pa_collecties-dc-batman","8":"pa_leeftijd-filter-4-6-ans","9":"pa_meest-populair-bij-garcons-filles","11":"first","12":"instock","13":"shipping-taxable","14":"product-type-simple"},"acf":[],"yoast_head":"<!-- This site is optimized with the Yoast SEO plugin v27.2 - https:\/\/yoast.com\/product\/yoast-seo-wordpress\/ -->\n<title>DC Batman - Perles \u00e0 repasser ensemble de figurines - SES Creative<\/title>\n<meta name=\"robots\" content=\"index, follow, max-snippet:-1, max-image-preview:large, max-video-preview:-1\" \/>\n<link rel=\"canonical\" href=\"https:\/\/ses-creative.com\/fr\/produit\/dc-batman-perles-a-repasser-ensemble-de-figurines\/\" \/>\n<meta property=\"og:locale\" content=\"fr_FR\" \/>\n<meta property=\"og:type\" content=\"article\" \/>\n<meta property=\"og:title\" content=\"DC Batman - Perles \u00e0 repasser ensemble de figurines - SES Creative\" \/>\n<meta property=\"og:description\" content=\"Beedz Art \u2013 DC Batman : cr\u00e9ez votre propre aventure de super-h\u00e9ros Entrez dans l&rsquo;univers de Gotham City et donnez vie \u00e0 Batman, Robin et d&rsquo;autres h\u00e9ros avec ce set officiel de perles \u00e0 repasser DC Batman de SES Creative ! Avec 1600 perles color\u00e9es, une plaque hexagonale et des autocollants Batman super cool, vous [&hellip;]\" \/>\n<meta property=\"og:url\" content=\"https:\/\/ses-creative.com\/fr\/produit\/dc-batman-perles-a-repasser-ensemble-de-figurines\/\" \/>\n<meta property=\"og:site_name\" content=\"SES Creative\" \/>\n<meta property=\"article:modified_time\" content=\"2026-02-12T10:22:40+00:00\" \/>\n<meta name=\"twitter:card\" content=\"summary_large_image\" \/>\n<meta name=\"twitter:label1\" content=\"Dur\u00e9e de lecture estim\u00e9e\" \/>\n\t<meta name=\"twitter:data1\" content=\"2 minutes\" \/>\n<script type=\"application\/ld+json\" class=\"yoast-schema-graph\">{\"@context\":\"https:\/\/schema.org\",\"@graph\":[{\"@type\":\"WebPage\",\"@id\":\"https:\/\/ses-creative.com\/fr\/produit\/dc-batman-perles-a-repasser-ensemble-de-figurines\/\",\"url\":\"https:\/\/ses-creative.com\/fr\/produit\/dc-batman-perles-a-repasser-ensemble-de-figurines\/\",\"name\":\"DC Batman - Perles \u00e0 repasser ensemble de figurines - SES Creative\",\"isPartOf\":{\"@id\":\"https:\/\/ses-creative.com\/#website\"},\"primaryImageOfPage\":{\"@id\":\"https:\/\/ses-creative.com\/fr\/produit\/dc-batman-perles-a-repasser-ensemble-de-figurines\/#primaryimage\"},\"image\":{\"@id\":\"https:\/\/ses-creative.com\/fr\/produit\/dc-batman-perles-a-repasser-ensemble-de-figurines\/#primaryimage\"},\"thumbnailUrl\":\"https:\/\/ses-creative.com\/wp-content\/uploads\/2026\/01\/093611.jpg\",\"datePublished\":\"2026-02-12T10:08:56+00:00\",\"dateModified\":\"2026-02-12T10:22:40+00:00\",\"breadcrumb\":{\"@id\":\"https:\/\/ses-creative.com\/fr\/produit\/dc-batman-perles-a-repasser-ensemble-de-figurines\/#breadcrumb\"},\"inLanguage\":\"fr-FR\",\"potentialAction\":[{\"@type\":\"ReadAction\",\"target\":[\"https:\/\/ses-creative.com\/fr\/produit\/dc-batman-perles-a-repasser-ensemble-de-figurines\/\"]}]},{\"@type\":\"ImageObject\",\"inLanguage\":\"fr-FR\",\"@id\":\"https:\/\/ses-creative.com\/fr\/produit\/dc-batman-perles-a-repasser-ensemble-de-figurines\/#primaryimage\",\"url\":\"https:\/\/ses-creative.com\/wp-content\/uploads\/2026\/01\/093611.jpg\",\"contentUrl\":\"https:\/\/ses-creative.com\/wp-content\/uploads\/2026\/01\/093611.jpg\",\"width\":1000,\"height\":1000},{\"@type\":\"BreadcrumbList\",\"@id\":\"https:\/\/ses-creative.com\/fr\/produit\/dc-batman-perles-a-repasser-ensemble-de-figurines\/#breadcrumb\",\"itemListElement\":[{\"@type\":\"ListItem\",\"position\":1,\"name\":\"Boutique\",\"item\":\"https:\/\/ses-creative.com\/fr\/boutique\/\"},{\"@type\":\"ListItem\",\"position\":2,\"name\":\"Perles \u00e0 repasser\",\"item\":\"https:\/\/ses-creative.com\/fr\/product-categorie\/perles-a-repasser\/\"},{\"@type\":\"ListItem\",\"position\":3,\"name\":\"DC Batman &#8211; Perles \u00e0 repasser ensemble de figurines\"}]},{\"@type\":\"WebSite\",\"@id\":\"https:\/\/ses-creative.com\/#website\",\"url\":\"https:\/\/ses-creative.com\/\",\"name\":\"SES Creative\",\"description\":\"\",\"publisher\":{\"@id\":\"https:\/\/ses-creative.com\/#organization\"},\"potentialAction\":[{\"@type\":\"SearchAction\",\"target\":{\"@type\":\"EntryPoint\",\"urlTemplate\":\"https:\/\/ses-creative.com\/?s={search_term_string}\"},\"query-input\":{\"@type\":\"PropertyValueSpecification\",\"valueRequired\":true,\"valueName\":\"search_term_string\"}}],\"inLanguage\":\"fr-FR\"},{\"@type\":\"Organization\",\"@id\":\"https:\/\/ses-creative.com\/#organization\",\"name\":\"SES Creative\",\"url\":\"https:\/\/ses-creative.com\/\",\"logo\":{\"@type\":\"ImageObject\",\"inLanguage\":\"fr-FR\",\"@id\":\"https:\/\/ses-creative.com\/#\/schema\/logo\/image\/\",\"url\":\"https:\/\/ses-creative.com\/wp-content\/uploads\/2025\/10\/ses-creative-logo.jpg\",\"contentUrl\":\"https:\/\/ses-creative.com\/wp-content\/uploads\/2025\/10\/ses-creative-logo.jpg\",\"width\":2037,\"height\":2037,\"caption\":\"SES Creative\"},\"image\":{\"@id\":\"https:\/\/ses-creative.com\/#\/schema\/logo\/image\/\"}}]}<\/script>\n<!-- \/ Yoast SEO plugin. -->","yoast_head_json":{"title":"DC Batman - Perles \u00e0 repasser ensemble de figurines - SES Creative","robots":{"index":"index","follow":"follow","max-snippet":"max-snippet:-1","max-image-preview":"max-image-preview:large","max-video-preview":"max-video-preview:-1"},"canonical":"https:\/\/ses-creative.com\/fr\/produit\/dc-batman-perles-a-repasser-ensemble-de-figurines\/","og_locale":"fr_FR","og_type":"article","og_title":"DC Batman - Perles \u00e0 repasser ensemble de figurines - SES Creative","og_description":"Beedz Art \u2013 DC Batman : cr\u00e9ez votre propre aventure de super-h\u00e9ros Entrez dans l&rsquo;univers de Gotham City et donnez vie \u00e0 Batman, Robin et d&rsquo;autres h\u00e9ros avec ce set officiel de perles \u00e0 repasser DC Batman de SES Creative ! Avec 1600 perles color\u00e9es, une plaque hexagonale et des autocollants Batman super cool, vous [&hellip;]","og_url":"https:\/\/ses-creative.com\/fr\/produit\/dc-batman-perles-a-repasser-ensemble-de-figurines\/","og_site_name":"SES Creative","article_modified_time":"2026-02-12T10:22:40+00:00","twitter_card":"summary_large_image","twitter_misc":{"Dur\u00e9e de lecture estim\u00e9e":"2 minutes"},"schema":{"@context":"https:\/\/schema.org","@graph":[{"@type":"WebPage","@id":"https:\/\/ses-creative.com\/fr\/produit\/dc-batman-perles-a-repasser-ensemble-de-figurines\/","url":"https:\/\/ses-creative.com\/fr\/produit\/dc-batman-perles-a-repasser-ensemble-de-figurines\/","name":"DC Batman - Perles \u00e0 repasser ensemble de figurines - SES Creative","isPartOf":{"@id":"https:\/\/ses-creative.com\/#website"},"primaryImageOfPage":{"@id":"https:\/\/ses-creative.com\/fr\/produit\/dc-batman-perles-a-repasser-ensemble-de-figurines\/#primaryimage"},"image":{"@id":"https:\/\/ses-creative.com\/fr\/produit\/dc-batman-perles-a-repasser-ensemble-de-figurines\/#primaryimage"},"thumbnailUrl":"https:\/\/ses-creative.com\/wp-content\/uploads\/2026\/01\/093611.jpg","datePublished":"2026-02-12T10:08:56+00:00","dateModified":"2026-02-12T10:22:40+00:00","breadcrumb":{"@id":"https:\/\/ses-creative.com\/fr\/produit\/dc-batman-perles-a-repasser-ensemble-de-figurines\/#breadcrumb"},"inLanguage":"fr-FR","potentialAction":[{"@type":"ReadAction","target":["https:\/\/ses-creative.com\/fr\/produit\/dc-batman-perles-a-repasser-ensemble-de-figurines\/"]}]},{"@type":"ImageObject","inLanguage":"fr-FR","@id":"https:\/\/ses-creative.com\/fr\/produit\/dc-batman-perles-a-repasser-ensemble-de-figurines\/#primaryimage","url":"https:\/\/ses-creative.com\/wp-content\/uploads\/2026\/01\/093611.jpg","contentUrl":"https:\/\/ses-creative.com\/wp-content\/uploads\/2026\/01\/093611.jpg","width":1000,"height":1000},{"@type":"BreadcrumbList","@id":"https:\/\/ses-creative.com\/fr\/produit\/dc-batman-perles-a-repasser-ensemble-de-figurines\/#breadcrumb","itemListElement":[{"@type":"ListItem","position":1,"name":"Boutique","item":"https:\/\/ses-creative.com\/fr\/boutique\/"},{"@type":"ListItem","position":2,"name":"Perles \u00e0 repasser","item":"https:\/\/ses-creative.com\/fr\/product-categorie\/perles-a-repasser\/"},{"@type":"ListItem","position":3,"name":"DC Batman &#8211; Perles \u00e0 repasser ensemble de figurines"}]},{"@type":"WebSite","@id":"https:\/\/ses-creative.com\/#website","url":"https:\/\/ses-creative.com\/","name":"SES Creative","description":"","publisher":{"@id":"https:\/\/ses-creative.com\/#organization"},"potentialAction":[{"@type":"SearchAction","target":{"@type":"EntryPoint","urlTemplate":"https:\/\/ses-creative.com\/?s={search_term_string}"},"query-input":{"@type":"PropertyValueSpecification","valueRequired":true,"valueName":"search_term_string"}}],"inLanguage":"fr-FR"},{"@type":"Organization","@id":"https:\/\/ses-creative.com\/#organization","name":"SES Creative","url":"https:\/\/ses-creative.com\/","logo":{"@type":"ImageObject","inLanguage":"fr-FR","@id":"https:\/\/ses-creative.com\/#\/schema\/logo\/image\/","url":"https:\/\/ses-creative.com\/wp-content\/uploads\/2025\/10\/ses-creative-logo.jpg","contentUrl":"https:\/\/ses-creative.com\/wp-content\/uploads\/2025\/10\/ses-creative-logo.jpg","width":2037,"height":2037,"caption":"SES Creative"},"image":{"@id":"https:\/\/ses-creative.com\/#\/schema\/logo\/image\/"}}]}},"_links":{"self":[{"href":"https:\/\/ses-creative.com\/fr\/wp-json\/wp\/v2\/product\/118190","targetHints":{"allow":["GET"]}}],"collection":[{"href":"https:\/\/ses-creative.com\/fr\/wp-json\/wp\/v2\/product"}],"about":[{"href":"https:\/\/ses-creative.com\/fr\/wp-json\/wp\/v2\/types\/product"}],"replies":[{"embeddable":true,"href":"https:\/\/ses-creative.com\/fr\/wp-json\/wp\/v2\/comments?post=118190"}],"wp:featuredmedia":[{"embeddable":true,"href":"https:\/\/ses-creative.com\/fr\/wp-json\/wp\/v2\/media\/100528"}],"wp:attachment":[{"href":"https:\/\/ses-creative.com\/fr\/wp-json\/wp\/v2\/media?parent=118190"}],"wp:term":[{"taxonomy":"product_brand","embeddable":true,"href":"https:\/\/ses-creative.com\/fr\/wp-json\/wp\/v2\/product_brand?post=118190"},{"taxonomy":"product_cat","embeddable":true,"href":"https:\/\/ses-creative.com\/fr\/wp-json\/wp\/v2\/product_cat?post=118190"},{"taxonomy":"product_tag","embeddable":true,"href":"https:\/\/ses-creative.com\/fr\/wp-json\/wp\/v2\/product_tag?post=118190"}],"curies":[{"name":"wp","href":"https:\/\/api.w.org\/{rel}","templated":true}]}}