











{"id":118189,"date":"2026-02-12T10:08:55","date_gmt":"2026-02-12T10:08:55","guid":{"rendered":"https:\/\/ses-creative.com\/?post_type=product&#038;p=118189"},"modified":"2026-02-12T10:22:40","modified_gmt":"2026-02-12T10:22:40","slug":"harry-potter-perles-a-repasser-melange-de-couleurs","status":"publish","type":"product","link":"https:\/\/ses-creative.com\/fr\/produit\/harry-potter-perles-a-repasser-melange-de-couleurs\/","title":{"rendered":"Harry Potter &#8211; Perles \u00e0 repasser m\u00e9lange de couleurs"},"content":{"rendered":"<p>Avec ce coffret SES Creative, les enfants peuvent recr\u00e9er le c\u00e9l\u00e8bre blason de Poudlard gr\u00e2ce \u00e0 4000 perles \u00e0 repasser color\u00e9es. Le poster inclus \u00e0 taille r\u00e9elle guide \u00e9tape par \u00e9tape le placement des perles pour une cr\u00e9ation fid\u00e8le. L\u2019\u0153uvre finale peut \u00eatre fix\u00e9e sur un mur comme d\u00e9coration. Ce set d\u00e9veloppe la motricit\u00e9 fine, la patience et la concentration. Il est id\u00e9al pour les enfants d\u00e8s 6 ans. Les perles sont sans PVC et conformes aux normes europ\u00e9ennes EN-71. Les plaques n\u00e9cessaires (4 plaques carr\u00e9es) ne sont pas incluses.<\/p>\n","protected":false},"excerpt":{"rendered":"<p>Avec ce coffret SES Creative, les enfants peuvent recr\u00e9er le c\u00e9l\u00e8bre blason de Poudlard gr\u00e2ce \u00e0 4000 perles \u00e0 repasser color\u00e9es. Le poster inclus \u00e0 taille r\u00e9elle guide \u00e9tape par \u00e9tape le placement des perles pour une cr\u00e9ation fid\u00e8le. L\u2019\u0153uvre finale peut \u00eatre fix\u00e9e sur un mur comme d\u00e9coration. Ce set d\u00e9veloppe la motricit\u00e9 fine, [&hellip;]<\/p>\n","protected":false},"featured_media":100508,"comment_status":"closed","ping_status":"closed","template":"","meta":{"_acf_changed":false},"product_brand":[],"product_cat":[125],"product_tag":[],"class_list":{"0":"post-118189","1":"product","2":"type-product","3":"status-publish","4":"has-post-thumbnail","6":"product_cat-perles-a-repasser","7":"pa_collecties-harry-potter","8":"pa_leeftijd-filter-6-ans","9":"pa_meest-populair-bij-garcons-filles","11":"first","12":"instock","13":"shipping-taxable","14":"product-type-simple"},"acf":[],"yoast_head":"<!-- This site is optimized with the Yoast SEO plugin v27.2 - https:\/\/yoast.com\/product\/yoast-seo-wordpress\/ -->\n<title>Harry Potter - Perles \u00e0 repasser m\u00e9lange de couleurs - SES Creative<\/title>\n<meta name=\"robots\" content=\"index, follow, max-snippet:-1, max-image-preview:large, max-video-preview:-1\" \/>\n<link rel=\"canonical\" href=\"https:\/\/ses-creative.com\/fr\/produit\/harry-potter-perles-a-repasser-melange-de-couleurs\/\" \/>\n<meta property=\"og:locale\" content=\"fr_FR\" \/>\n<meta property=\"og:type\" content=\"article\" \/>\n<meta property=\"og:title\" content=\"Harry Potter - Perles \u00e0 repasser m\u00e9lange de couleurs - SES Creative\" \/>\n<meta property=\"og:description\" content=\"Avec ce coffret SES Creative, les enfants peuvent recr\u00e9er le c\u00e9l\u00e8bre blason de Poudlard gr\u00e2ce \u00e0 4000 perles \u00e0 repasser color\u00e9es. Le poster inclus \u00e0 taille r\u00e9elle guide \u00e9tape par \u00e9tape le placement des perles pour une cr\u00e9ation fid\u00e8le. L\u2019\u0153uvre finale peut \u00eatre fix\u00e9e sur un mur comme d\u00e9coration. Ce set d\u00e9veloppe la motricit\u00e9 fine, [&hellip;]\" \/>\n<meta property=\"og:url\" content=\"https:\/\/ses-creative.com\/fr\/produit\/harry-potter-perles-a-repasser-melange-de-couleurs\/\" \/>\n<meta property=\"og:site_name\" content=\"SES Creative\" \/>\n<meta property=\"article:modified_time\" content=\"2026-02-12T10:22:40+00:00\" \/>\n<meta name=\"twitter:card\" content=\"summary_large_image\" \/>\n<meta name=\"twitter:label1\" content=\"Dur\u00e9e de lecture estim\u00e9e\" \/>\n\t<meta name=\"twitter:data1\" content=\"1 minute\" \/>\n<script type=\"application\/ld+json\" class=\"yoast-schema-graph\">{\"@context\":\"https:\/\/schema.org\",\"@graph\":[{\"@type\":\"WebPage\",\"@id\":\"https:\/\/ses-creative.com\/fr\/produit\/harry-potter-perles-a-repasser-melange-de-couleurs\/\",\"url\":\"https:\/\/ses-creative.com\/fr\/produit\/harry-potter-perles-a-repasser-melange-de-couleurs\/\",\"name\":\"Harry Potter - Perles \u00e0 repasser m\u00e9lange de couleurs - SES Creative\",\"isPartOf\":{\"@id\":\"https:\/\/ses-creative.com\/#website\"},\"primaryImageOfPage\":{\"@id\":\"https:\/\/ses-creative.com\/fr\/produit\/harry-potter-perles-a-repasser-melange-de-couleurs\/#primaryimage\"},\"image\":{\"@id\":\"https:\/\/ses-creative.com\/fr\/produit\/harry-potter-perles-a-repasser-melange-de-couleurs\/#primaryimage\"},\"thumbnailUrl\":\"https:\/\/ses-creative.com\/wp-content\/uploads\/2026\/01\/093461.jpg\",\"datePublished\":\"2026-02-12T10:08:55+00:00\",\"dateModified\":\"2026-02-12T10:22:40+00:00\",\"breadcrumb\":{\"@id\":\"https:\/\/ses-creative.com\/fr\/produit\/harry-potter-perles-a-repasser-melange-de-couleurs\/#breadcrumb\"},\"inLanguage\":\"fr-FR\",\"potentialAction\":[{\"@type\":\"ReadAction\",\"target\":[\"https:\/\/ses-creative.com\/fr\/produit\/harry-potter-perles-a-repasser-melange-de-couleurs\/\"]}]},{\"@type\":\"ImageObject\",\"inLanguage\":\"fr-FR\",\"@id\":\"https:\/\/ses-creative.com\/fr\/produit\/harry-potter-perles-a-repasser-melange-de-couleurs\/#primaryimage\",\"url\":\"https:\/\/ses-creative.com\/wp-content\/uploads\/2026\/01\/093461.jpg\",\"contentUrl\":\"https:\/\/ses-creative.com\/wp-content\/uploads\/2026\/01\/093461.jpg\",\"width\":1000,\"height\":1000},{\"@type\":\"BreadcrumbList\",\"@id\":\"https:\/\/ses-creative.com\/fr\/produit\/harry-potter-perles-a-repasser-melange-de-couleurs\/#breadcrumb\",\"itemListElement\":[{\"@type\":\"ListItem\",\"position\":1,\"name\":\"Boutique\",\"item\":\"https:\/\/ses-creative.com\/fr\/boutique\/\"},{\"@type\":\"ListItem\",\"position\":2,\"name\":\"Perles \u00e0 repasser\",\"item\":\"https:\/\/ses-creative.com\/fr\/product-categorie\/perles-a-repasser\/\"},{\"@type\":\"ListItem\",\"position\":3,\"name\":\"Harry Potter &#8211; Perles \u00e0 repasser m\u00e9lange de couleurs\"}]},{\"@type\":\"WebSite\",\"@id\":\"https:\/\/ses-creative.com\/#website\",\"url\":\"https:\/\/ses-creative.com\/\",\"name\":\"SES Creative\",\"description\":\"\",\"publisher\":{\"@id\":\"https:\/\/ses-creative.com\/#organization\"},\"potentialAction\":[{\"@type\":\"SearchAction\",\"target\":{\"@type\":\"EntryPoint\",\"urlTemplate\":\"https:\/\/ses-creative.com\/?s={search_term_string}\"},\"query-input\":{\"@type\":\"PropertyValueSpecification\",\"valueRequired\":true,\"valueName\":\"search_term_string\"}}],\"inLanguage\":\"fr-FR\"},{\"@type\":\"Organization\",\"@id\":\"https:\/\/ses-creative.com\/#organization\",\"name\":\"SES Creative\",\"url\":\"https:\/\/ses-creative.com\/\",\"logo\":{\"@type\":\"ImageObject\",\"inLanguage\":\"fr-FR\",\"@id\":\"https:\/\/ses-creative.com\/#\/schema\/logo\/image\/\",\"url\":\"https:\/\/ses-creative.com\/wp-content\/uploads\/2025\/10\/ses-creative-logo.jpg\",\"contentUrl\":\"https:\/\/ses-creative.com\/wp-content\/uploads\/2025\/10\/ses-creative-logo.jpg\",\"width\":2037,\"height\":2037,\"caption\":\"SES Creative\"},\"image\":{\"@id\":\"https:\/\/ses-creative.com\/#\/schema\/logo\/image\/\"}}]}<\/script>\n<!-- \/ Yoast SEO plugin. -->","yoast_head_json":{"title":"Harry Potter - Perles \u00e0 repasser m\u00e9lange de couleurs - SES Creative","robots":{"index":"index","follow":"follow","max-snippet":"max-snippet:-1","max-image-preview":"max-image-preview:large","max-video-preview":"max-video-preview:-1"},"canonical":"https:\/\/ses-creative.com\/fr\/produit\/harry-potter-perles-a-repasser-melange-de-couleurs\/","og_locale":"fr_FR","og_type":"article","og_title":"Harry Potter - Perles \u00e0 repasser m\u00e9lange de couleurs - SES Creative","og_description":"Avec ce coffret SES Creative, les enfants peuvent recr\u00e9er le c\u00e9l\u00e8bre blason de Poudlard gr\u00e2ce \u00e0 4000 perles \u00e0 repasser color\u00e9es. Le poster inclus \u00e0 taille r\u00e9elle guide \u00e9tape par \u00e9tape le placement des perles pour une cr\u00e9ation fid\u00e8le. L\u2019\u0153uvre finale peut \u00eatre fix\u00e9e sur un mur comme d\u00e9coration. Ce set d\u00e9veloppe la motricit\u00e9 fine, [&hellip;]","og_url":"https:\/\/ses-creative.com\/fr\/produit\/harry-potter-perles-a-repasser-melange-de-couleurs\/","og_site_name":"SES Creative","article_modified_time":"2026-02-12T10:22:40+00:00","twitter_card":"summary_large_image","twitter_misc":{"Dur\u00e9e de lecture estim\u00e9e":"1 minute"},"schema":{"@context":"https:\/\/schema.org","@graph":[{"@type":"WebPage","@id":"https:\/\/ses-creative.com\/fr\/produit\/harry-potter-perles-a-repasser-melange-de-couleurs\/","url":"https:\/\/ses-creative.com\/fr\/produit\/harry-potter-perles-a-repasser-melange-de-couleurs\/","name":"Harry Potter - Perles \u00e0 repasser m\u00e9lange de couleurs - SES Creative","isPartOf":{"@id":"https:\/\/ses-creative.com\/#website"},"primaryImageOfPage":{"@id":"https:\/\/ses-creative.com\/fr\/produit\/harry-potter-perles-a-repasser-melange-de-couleurs\/#primaryimage"},"image":{"@id":"https:\/\/ses-creative.com\/fr\/produit\/harry-potter-perles-a-repasser-melange-de-couleurs\/#primaryimage"},"thumbnailUrl":"https:\/\/ses-creative.com\/wp-content\/uploads\/2026\/01\/093461.jpg","datePublished":"2026-02-12T10:08:55+00:00","dateModified":"2026-02-12T10:22:40+00:00","breadcrumb":{"@id":"https:\/\/ses-creative.com\/fr\/produit\/harry-potter-perles-a-repasser-melange-de-couleurs\/#breadcrumb"},"inLanguage":"fr-FR","potentialAction":[{"@type":"ReadAction","target":["https:\/\/ses-creative.com\/fr\/produit\/harry-potter-perles-a-repasser-melange-de-couleurs\/"]}]},{"@type":"ImageObject","inLanguage":"fr-FR","@id":"https:\/\/ses-creative.com\/fr\/produit\/harry-potter-perles-a-repasser-melange-de-couleurs\/#primaryimage","url":"https:\/\/ses-creative.com\/wp-content\/uploads\/2026\/01\/093461.jpg","contentUrl":"https:\/\/ses-creative.com\/wp-content\/uploads\/2026\/01\/093461.jpg","width":1000,"height":1000},{"@type":"BreadcrumbList","@id":"https:\/\/ses-creative.com\/fr\/produit\/harry-potter-perles-a-repasser-melange-de-couleurs\/#breadcrumb","itemListElement":[{"@type":"ListItem","position":1,"name":"Boutique","item":"https:\/\/ses-creative.com\/fr\/boutique\/"},{"@type":"ListItem","position":2,"name":"Perles \u00e0 repasser","item":"https:\/\/ses-creative.com\/fr\/product-categorie\/perles-a-repasser\/"},{"@type":"ListItem","position":3,"name":"Harry Potter &#8211; Perles \u00e0 repasser m\u00e9lange de couleurs"}]},{"@type":"WebSite","@id":"https:\/\/ses-creative.com\/#website","url":"https:\/\/ses-creative.com\/","name":"SES Creative","description":"","publisher":{"@id":"https:\/\/ses-creative.com\/#organization"},"potentialAction":[{"@type":"SearchAction","target":{"@type":"EntryPoint","urlTemplate":"https:\/\/ses-creative.com\/?s={search_term_string}"},"query-input":{"@type":"PropertyValueSpecification","valueRequired":true,"valueName":"search_term_string"}}],"inLanguage":"fr-FR"},{"@type":"Organization","@id":"https:\/\/ses-creative.com\/#organization","name":"SES Creative","url":"https:\/\/ses-creative.com\/","logo":{"@type":"ImageObject","inLanguage":"fr-FR","@id":"https:\/\/ses-creative.com\/#\/schema\/logo\/image\/","url":"https:\/\/ses-creative.com\/wp-content\/uploads\/2025\/10\/ses-creative-logo.jpg","contentUrl":"https:\/\/ses-creative.com\/wp-content\/uploads\/2025\/10\/ses-creative-logo.jpg","width":2037,"height":2037,"caption":"SES Creative"},"image":{"@id":"https:\/\/ses-creative.com\/#\/schema\/logo\/image\/"}}]}},"_links":{"self":[{"href":"https:\/\/ses-creative.com\/fr\/wp-json\/wp\/v2\/product\/118189","targetHints":{"allow":["GET"]}}],"collection":[{"href":"https:\/\/ses-creative.com\/fr\/wp-json\/wp\/v2\/product"}],"about":[{"href":"https:\/\/ses-creative.com\/fr\/wp-json\/wp\/v2\/types\/product"}],"replies":[{"embeddable":true,"href":"https:\/\/ses-creative.com\/fr\/wp-json\/wp\/v2\/comments?post=118189"}],"wp:featuredmedia":[{"embeddable":true,"href":"https:\/\/ses-creative.com\/fr\/wp-json\/wp\/v2\/media\/100508"}],"wp:attachment":[{"href":"https:\/\/ses-creative.com\/fr\/wp-json\/wp\/v2\/media?parent=118189"}],"wp:term":[{"taxonomy":"product_brand","embeddable":true,"href":"https:\/\/ses-creative.com\/fr\/wp-json\/wp\/v2\/product_brand?post=118189"},{"taxonomy":"product_cat","embeddable":true,"href":"https:\/\/ses-creative.com\/fr\/wp-json\/wp\/v2\/product_cat?post=118189"},{"taxonomy":"product_tag","embeddable":true,"href":"https:\/\/ses-creative.com\/fr\/wp-json\/wp\/v2\/product_tag?post=118189"}],"curies":[{"name":"wp","href":"https:\/\/api.w.org\/{rel}","templated":true}]}}