











{"id":118188,"date":"2026-02-12T10:08:55","date_gmt":"2026-02-12T10:08:55","guid":{"rendered":"https:\/\/ses-creative.com\/?post_type=product&#038;p=118188"},"modified":"2026-02-12T10:22:40","modified_gmt":"2026-02-12T10:22:40","slug":"harry-potter-perles-a-repasser-ensemble-de-figurines","status":"publish","type":"product","link":"https:\/\/ses-creative.com\/fr\/produit\/harry-potter-perles-a-repasser-ensemble-de-figurines\/","title":{"rendered":"Harry Potter &#8211; Perles \u00e0 repasser (ensemble de figurines)"},"content":{"rendered":"<p>Avec ce coffret SES Creative, les enfants recr\u00e9ent leurs personnages pr\u00e9f\u00e9r\u00e9s de l\u2019univers Harry Potter \u00e0 l\u2019aide de 2000 perles \u00e0 repasser color\u00e9es. La plaque hexagonale permet de disposer les perles selon les mod\u00e8les inclus. Une fois les formes cr\u00e9\u00e9es, un adulte peut les fixer avec du papier \u00e0 repasser. Des autocollants Harry Potter sont \u00e9galement fournis pour personnaliser les cr\u00e9ations. Ce kit favorise la motricit\u00e9 fine, la concentration et la cr\u00e9ativit\u00e9. Sans PVC et conforme aux normes EN-71, il est parfaitement adapt\u00e9 aux enfants d\u00e8s 6 ans.<\/p>\n","protected":false},"excerpt":{"rendered":"<p>Avec ce coffret SES Creative, les enfants recr\u00e9ent leurs personnages pr\u00e9f\u00e9r\u00e9s de l\u2019univers Harry Potter \u00e0 l\u2019aide de 2000 perles \u00e0 repasser color\u00e9es. La plaque hexagonale permet de disposer les perles selon les mod\u00e8les inclus. Une fois les formes cr\u00e9\u00e9es, un adulte peut les fixer avec du papier \u00e0 repasser. Des autocollants Harry Potter sont [&hellip;]<\/p>\n","protected":false},"featured_media":100488,"comment_status":"closed","ping_status":"closed","template":"","meta":{"_acf_changed":false},"product_brand":[],"product_cat":[125],"product_tag":[],"class_list":{"0":"post-118188","1":"product","2":"type-product","3":"status-publish","4":"has-post-thumbnail","6":"product_cat-perles-a-repasser","7":"pa_collecties-harry-potter","8":"pa_leeftijd-filter-4-6-ans","9":"pa_meest-populair-bij-garcons-filles","11":"first","12":"instock","13":"shipping-taxable","14":"product-type-simple"},"acf":[],"yoast_head":"<!-- This site is optimized with the Yoast SEO plugin v27.2 - https:\/\/yoast.com\/product\/yoast-seo-wordpress\/ -->\n<title>Harry Potter - Perles \u00e0 repasser (ensemble de figurines) - SES Creative<\/title>\n<meta name=\"robots\" content=\"index, follow, max-snippet:-1, max-image-preview:large, max-video-preview:-1\" \/>\n<link rel=\"canonical\" href=\"https:\/\/ses-creative.com\/fr\/produit\/harry-potter-perles-a-repasser-ensemble-de-figurines\/\" \/>\n<meta property=\"og:locale\" content=\"fr_FR\" \/>\n<meta property=\"og:type\" content=\"article\" \/>\n<meta property=\"og:title\" content=\"Harry Potter - Perles \u00e0 repasser (ensemble de figurines) - SES Creative\" \/>\n<meta property=\"og:description\" content=\"Avec ce coffret SES Creative, les enfants recr\u00e9ent leurs personnages pr\u00e9f\u00e9r\u00e9s de l\u2019univers Harry Potter \u00e0 l\u2019aide de 2000 perles \u00e0 repasser color\u00e9es. La plaque hexagonale permet de disposer les perles selon les mod\u00e8les inclus. Une fois les formes cr\u00e9\u00e9es, un adulte peut les fixer avec du papier \u00e0 repasser. Des autocollants Harry Potter sont [&hellip;]\" \/>\n<meta property=\"og:url\" content=\"https:\/\/ses-creative.com\/fr\/produit\/harry-potter-perles-a-repasser-ensemble-de-figurines\/\" \/>\n<meta property=\"og:site_name\" content=\"SES Creative\" \/>\n<meta property=\"article:modified_time\" content=\"2026-02-12T10:22:40+00:00\" \/>\n<meta name=\"twitter:card\" content=\"summary_large_image\" \/>\n<script type=\"application\/ld+json\" class=\"yoast-schema-graph\">{\"@context\":\"https:\/\/schema.org\",\"@graph\":[{\"@type\":\"WebPage\",\"@id\":\"https:\/\/ses-creative.com\/fr\/produit\/harry-potter-perles-a-repasser-ensemble-de-figurines\/\",\"url\":\"https:\/\/ses-creative.com\/fr\/produit\/harry-potter-perles-a-repasser-ensemble-de-figurines\/\",\"name\":\"Harry Potter - Perles \u00e0 repasser (ensemble de figurines) - SES Creative\",\"isPartOf\":{\"@id\":\"https:\/\/ses-creative.com\/#website\"},\"primaryImageOfPage\":{\"@id\":\"https:\/\/ses-creative.com\/fr\/produit\/harry-potter-perles-a-repasser-ensemble-de-figurines\/#primaryimage\"},\"image\":{\"@id\":\"https:\/\/ses-creative.com\/fr\/produit\/harry-potter-perles-a-repasser-ensemble-de-figurines\/#primaryimage\"},\"thumbnailUrl\":\"https:\/\/ses-creative.com\/wp-content\/uploads\/2026\/01\/093451.jpg\",\"datePublished\":\"2026-02-12T10:08:55+00:00\",\"dateModified\":\"2026-02-12T10:22:40+00:00\",\"breadcrumb\":{\"@id\":\"https:\/\/ses-creative.com\/fr\/produit\/harry-potter-perles-a-repasser-ensemble-de-figurines\/#breadcrumb\"},\"inLanguage\":\"fr-FR\",\"potentialAction\":[{\"@type\":\"ReadAction\",\"target\":[\"https:\/\/ses-creative.com\/fr\/produit\/harry-potter-perles-a-repasser-ensemble-de-figurines\/\"]}]},{\"@type\":\"ImageObject\",\"inLanguage\":\"fr-FR\",\"@id\":\"https:\/\/ses-creative.com\/fr\/produit\/harry-potter-perles-a-repasser-ensemble-de-figurines\/#primaryimage\",\"url\":\"https:\/\/ses-creative.com\/wp-content\/uploads\/2026\/01\/093451.jpg\",\"contentUrl\":\"https:\/\/ses-creative.com\/wp-content\/uploads\/2026\/01\/093451.jpg\",\"width\":1000,\"height\":1000},{\"@type\":\"BreadcrumbList\",\"@id\":\"https:\/\/ses-creative.com\/fr\/produit\/harry-potter-perles-a-repasser-ensemble-de-figurines\/#breadcrumb\",\"itemListElement\":[{\"@type\":\"ListItem\",\"position\":1,\"name\":\"Boutique\",\"item\":\"https:\/\/ses-creative.com\/fr\/boutique\/\"},{\"@type\":\"ListItem\",\"position\":2,\"name\":\"Perles \u00e0 repasser\",\"item\":\"https:\/\/ses-creative.com\/fr\/product-categorie\/perles-a-repasser\/\"},{\"@type\":\"ListItem\",\"position\":3,\"name\":\"Harry Potter &#8211; Perles \u00e0 repasser (ensemble de figurines)\"}]},{\"@type\":\"WebSite\",\"@id\":\"https:\/\/ses-creative.com\/#website\",\"url\":\"https:\/\/ses-creative.com\/\",\"name\":\"SES Creative\",\"description\":\"\",\"publisher\":{\"@id\":\"https:\/\/ses-creative.com\/#organization\"},\"potentialAction\":[{\"@type\":\"SearchAction\",\"target\":{\"@type\":\"EntryPoint\",\"urlTemplate\":\"https:\/\/ses-creative.com\/?s={search_term_string}\"},\"query-input\":{\"@type\":\"PropertyValueSpecification\",\"valueRequired\":true,\"valueName\":\"search_term_string\"}}],\"inLanguage\":\"fr-FR\"},{\"@type\":\"Organization\",\"@id\":\"https:\/\/ses-creative.com\/#organization\",\"name\":\"SES Creative\",\"url\":\"https:\/\/ses-creative.com\/\",\"logo\":{\"@type\":\"ImageObject\",\"inLanguage\":\"fr-FR\",\"@id\":\"https:\/\/ses-creative.com\/#\/schema\/logo\/image\/\",\"url\":\"https:\/\/ses-creative.com\/wp-content\/uploads\/2025\/10\/ses-creative-logo.jpg\",\"contentUrl\":\"https:\/\/ses-creative.com\/wp-content\/uploads\/2025\/10\/ses-creative-logo.jpg\",\"width\":2037,\"height\":2037,\"caption\":\"SES Creative\"},\"image\":{\"@id\":\"https:\/\/ses-creative.com\/#\/schema\/logo\/image\/\"}}]}<\/script>\n<!-- \/ Yoast SEO plugin. -->","yoast_head_json":{"title":"Harry Potter - Perles \u00e0 repasser (ensemble de figurines) - SES Creative","robots":{"index":"index","follow":"follow","max-snippet":"max-snippet:-1","max-image-preview":"max-image-preview:large","max-video-preview":"max-video-preview:-1"},"canonical":"https:\/\/ses-creative.com\/fr\/produit\/harry-potter-perles-a-repasser-ensemble-de-figurines\/","og_locale":"fr_FR","og_type":"article","og_title":"Harry Potter - Perles \u00e0 repasser (ensemble de figurines) - SES Creative","og_description":"Avec ce coffret SES Creative, les enfants recr\u00e9ent leurs personnages pr\u00e9f\u00e9r\u00e9s de l\u2019univers Harry Potter \u00e0 l\u2019aide de 2000 perles \u00e0 repasser color\u00e9es. La plaque hexagonale permet de disposer les perles selon les mod\u00e8les inclus. Une fois les formes cr\u00e9\u00e9es, un adulte peut les fixer avec du papier \u00e0 repasser. Des autocollants Harry Potter sont [&hellip;]","og_url":"https:\/\/ses-creative.com\/fr\/produit\/harry-potter-perles-a-repasser-ensemble-de-figurines\/","og_site_name":"SES Creative","article_modified_time":"2026-02-12T10:22:40+00:00","twitter_card":"summary_large_image","schema":{"@context":"https:\/\/schema.org","@graph":[{"@type":"WebPage","@id":"https:\/\/ses-creative.com\/fr\/produit\/harry-potter-perles-a-repasser-ensemble-de-figurines\/","url":"https:\/\/ses-creative.com\/fr\/produit\/harry-potter-perles-a-repasser-ensemble-de-figurines\/","name":"Harry Potter - Perles \u00e0 repasser (ensemble de figurines) - SES Creative","isPartOf":{"@id":"https:\/\/ses-creative.com\/#website"},"primaryImageOfPage":{"@id":"https:\/\/ses-creative.com\/fr\/produit\/harry-potter-perles-a-repasser-ensemble-de-figurines\/#primaryimage"},"image":{"@id":"https:\/\/ses-creative.com\/fr\/produit\/harry-potter-perles-a-repasser-ensemble-de-figurines\/#primaryimage"},"thumbnailUrl":"https:\/\/ses-creative.com\/wp-content\/uploads\/2026\/01\/093451.jpg","datePublished":"2026-02-12T10:08:55+00:00","dateModified":"2026-02-12T10:22:40+00:00","breadcrumb":{"@id":"https:\/\/ses-creative.com\/fr\/produit\/harry-potter-perles-a-repasser-ensemble-de-figurines\/#breadcrumb"},"inLanguage":"fr-FR","potentialAction":[{"@type":"ReadAction","target":["https:\/\/ses-creative.com\/fr\/produit\/harry-potter-perles-a-repasser-ensemble-de-figurines\/"]}]},{"@type":"ImageObject","inLanguage":"fr-FR","@id":"https:\/\/ses-creative.com\/fr\/produit\/harry-potter-perles-a-repasser-ensemble-de-figurines\/#primaryimage","url":"https:\/\/ses-creative.com\/wp-content\/uploads\/2026\/01\/093451.jpg","contentUrl":"https:\/\/ses-creative.com\/wp-content\/uploads\/2026\/01\/093451.jpg","width":1000,"height":1000},{"@type":"BreadcrumbList","@id":"https:\/\/ses-creative.com\/fr\/produit\/harry-potter-perles-a-repasser-ensemble-de-figurines\/#breadcrumb","itemListElement":[{"@type":"ListItem","position":1,"name":"Boutique","item":"https:\/\/ses-creative.com\/fr\/boutique\/"},{"@type":"ListItem","position":2,"name":"Perles \u00e0 repasser","item":"https:\/\/ses-creative.com\/fr\/product-categorie\/perles-a-repasser\/"},{"@type":"ListItem","position":3,"name":"Harry Potter &#8211; Perles \u00e0 repasser (ensemble de figurines)"}]},{"@type":"WebSite","@id":"https:\/\/ses-creative.com\/#website","url":"https:\/\/ses-creative.com\/","name":"SES Creative","description":"","publisher":{"@id":"https:\/\/ses-creative.com\/#organization"},"potentialAction":[{"@type":"SearchAction","target":{"@type":"EntryPoint","urlTemplate":"https:\/\/ses-creative.com\/?s={search_term_string}"},"query-input":{"@type":"PropertyValueSpecification","valueRequired":true,"valueName":"search_term_string"}}],"inLanguage":"fr-FR"},{"@type":"Organization","@id":"https:\/\/ses-creative.com\/#organization","name":"SES Creative","url":"https:\/\/ses-creative.com\/","logo":{"@type":"ImageObject","inLanguage":"fr-FR","@id":"https:\/\/ses-creative.com\/#\/schema\/logo\/image\/","url":"https:\/\/ses-creative.com\/wp-content\/uploads\/2025\/10\/ses-creative-logo.jpg","contentUrl":"https:\/\/ses-creative.com\/wp-content\/uploads\/2025\/10\/ses-creative-logo.jpg","width":2037,"height":2037,"caption":"SES Creative"},"image":{"@id":"https:\/\/ses-creative.com\/#\/schema\/logo\/image\/"}}]}},"_links":{"self":[{"href":"https:\/\/ses-creative.com\/fr\/wp-json\/wp\/v2\/product\/118188","targetHints":{"allow":["GET"]}}],"collection":[{"href":"https:\/\/ses-creative.com\/fr\/wp-json\/wp\/v2\/product"}],"about":[{"href":"https:\/\/ses-creative.com\/fr\/wp-json\/wp\/v2\/types\/product"}],"replies":[{"embeddable":true,"href":"https:\/\/ses-creative.com\/fr\/wp-json\/wp\/v2\/comments?post=118188"}],"wp:featuredmedia":[{"embeddable":true,"href":"https:\/\/ses-creative.com\/fr\/wp-json\/wp\/v2\/media\/100488"}],"wp:attachment":[{"href":"https:\/\/ses-creative.com\/fr\/wp-json\/wp\/v2\/media?parent=118188"}],"wp:term":[{"taxonomy":"product_brand","embeddable":true,"href":"https:\/\/ses-creative.com\/fr\/wp-json\/wp\/v2\/product_brand?post=118188"},{"taxonomy":"product_cat","embeddable":true,"href":"https:\/\/ses-creative.com\/fr\/wp-json\/wp\/v2\/product_cat?post=118188"},{"taxonomy":"product_tag","embeddable":true,"href":"https:\/\/ses-creative.com\/fr\/wp-json\/wp\/v2\/product_tag?post=118188"}],"curies":[{"name":"wp","href":"https:\/\/api.w.org\/{rel}","templated":true}]}}