











{"id":118185,"date":"2026-02-12T10:08:55","date_gmt":"2026-02-12T10:08:55","guid":{"rendered":"https:\/\/ses-creative.com\/?post_type=product&#038;p=118185"},"modified":"2026-02-12T10:22:39","modified_gmt":"2026-02-12T10:22:39","slug":"harry-potter-mosaique-de-diamants","status":"publish","type":"product","link":"https:\/\/ses-creative.com\/fr\/produit\/harry-potter-mosaique-de-diamants\/","title":{"rendered":"Harry Potter &#8211; Mosaique de diamants"},"content":{"rendered":"<p>Faites briller vos \u0153uvres d&rsquo;art Harry Potter d&rsquo;un \u00e9clat magique !<\/p>\n<p>Entrez dans le monde enchant\u00e9 de Harry Potter avec le kit Diamond Painting de SES Creative ! D\u00e9corez 5 magnifiques cartes mosa\u00efques avec des autocollants diamants scintillants et voyez vos personnages pr\u00e9f\u00e9r\u00e9s prendre vie. Une activit\u00e9 magique pour les fans qui aiment la cr\u00e9ativit\u00e9 et les paillettes !<\/p>\n<p>Contenu de l&#8217;emballage :<\/p>\n<p>180 autocollants diamants en 5 couleurs<\/p>\n<p>5 cartes mosa\u00efques Harry Potter<\/p>\n<p>Pourquoi choisir ce kit ?<\/p>\n<p>Kit de bricolage officiel sur le th\u00e8me Harry Potter<\/p>\n<p>Simple et relaxant : coller des autocollants selon le mod\u00e8le<\/p>\n<p>Stimule la concentration, la motricit\u00e9 fine et la cr\u00e9ativit\u00e9<\/p>\n<p>Pas besoin de colle, pr\u00eat \u00e0 l&#8217;emploi<\/p>\n<p>Parfait pour les enfants \u00e0 partir de 5 ans et les vrais Potterheads<\/p>\n<p>Cr\u00e9ez vos propres mosa\u00efques magiques<br \/>\nAvec les autocollants diamants scintillants, vous pouvez d\u00e9corer les cartes mosa\u00efques de Harry, Hermione, Ron et d&rsquo;autres personnages bien-aim\u00e9s. \u00c0 mesure que vous collez chaque autocollant, vous cr\u00e9ez une magnifique \u0153uvre d&rsquo;art que vous pouvez conserver fi\u00e8rement ou offrir en cadeau.<\/p>\n<p>C&rsquo;est parti !<br \/>\nPrenez votre carte, choisissez les autocollants appropri\u00e9s et suivez le mod\u00e8le. En un clin d&rsquo;\u0153il, vos cr\u00e9ations Harry Potter brilleront comme si elles \u00e9taient enchant\u00e9es. Avec le kit Harry Potter Diamond Painting de SES Creative, le bricolage devient vraiment magique.<\/p>\n","protected":false},"excerpt":{"rendered":"<p>Faites briller vos \u0153uvres d&rsquo;art Harry Potter d&rsquo;un \u00e9clat magique ! Entrez dans le monde enchant\u00e9 de Harry Potter avec le kit Diamond Painting de SES Creative ! D\u00e9corez 5 magnifiques cartes mosa\u00efques avec des autocollants diamants scintillants et voyez vos personnages pr\u00e9f\u00e9r\u00e9s prendre vie. Une activit\u00e9 magique pour les fans qui aiment la cr\u00e9ativit\u00e9 [&hellip;]<\/p>\n","protected":false},"featured_media":100428,"comment_status":"closed","ping_status":"closed","template":"","meta":{"_acf_changed":false},"product_brand":[],"product_cat":[122],"product_tag":[],"class_list":{"0":"post-118185","1":"product","2":"type-product","3":"status-publish","4":"has-post-thumbnail","6":"product_cat-loisirs-creatifs","7":"pa_collecties-harry-potter","8":"pa_leeftijd-filter-4-6-ans","9":"pa_meest-populair-bij-garcons-filles","11":"first","12":"instock","13":"shipping-taxable","14":"product-type-simple"},"acf":[],"yoast_head":"<!-- This site is optimized with the Yoast SEO plugin v27.2 - https:\/\/yoast.com\/product\/yoast-seo-wordpress\/ -->\n<title>Harry Potter - Mosaique de diamants - SES Creative<\/title>\n<meta name=\"robots\" content=\"index, follow, max-snippet:-1, max-image-preview:large, max-video-preview:-1\" \/>\n<link rel=\"canonical\" href=\"https:\/\/ses-creative.com\/fr\/produit\/harry-potter-mosaique-de-diamants\/\" \/>\n<meta property=\"og:locale\" content=\"fr_FR\" \/>\n<meta property=\"og:type\" content=\"article\" \/>\n<meta property=\"og:title\" content=\"Harry Potter - Mosaique de diamants - SES Creative\" \/>\n<meta property=\"og:description\" content=\"Faites briller vos \u0153uvres d&rsquo;art Harry Potter d&rsquo;un \u00e9clat magique ! Entrez dans le monde enchant\u00e9 de Harry Potter avec le kit Diamond Painting de SES Creative ! D\u00e9corez 5 magnifiques cartes mosa\u00efques avec des autocollants diamants scintillants et voyez vos personnages pr\u00e9f\u00e9r\u00e9s prendre vie. Une activit\u00e9 magique pour les fans qui aiment la cr\u00e9ativit\u00e9 [&hellip;]\" \/>\n<meta property=\"og:url\" content=\"https:\/\/ses-creative.com\/fr\/produit\/harry-potter-mosaique-de-diamants\/\" \/>\n<meta property=\"og:site_name\" content=\"SES Creative\" \/>\n<meta property=\"article:modified_time\" content=\"2026-02-12T10:22:39+00:00\" \/>\n<meta name=\"twitter:card\" content=\"summary_large_image\" \/>\n<meta name=\"twitter:label1\" content=\"Dur\u00e9e de lecture estim\u00e9e\" \/>\n\t<meta name=\"twitter:data1\" content=\"1 minute\" \/>\n<script type=\"application\/ld+json\" class=\"yoast-schema-graph\">{\"@context\":\"https:\/\/schema.org\",\"@graph\":[{\"@type\":\"WebPage\",\"@id\":\"https:\/\/ses-creative.com\/fr\/produit\/harry-potter-mosaique-de-diamants\/\",\"url\":\"https:\/\/ses-creative.com\/fr\/produit\/harry-potter-mosaique-de-diamants\/\",\"name\":\"Harry Potter - Mosaique de diamants - SES Creative\",\"isPartOf\":{\"@id\":\"https:\/\/ses-creative.com\/#website\"},\"primaryImageOfPage\":{\"@id\":\"https:\/\/ses-creative.com\/fr\/produit\/harry-potter-mosaique-de-diamants\/#primaryimage\"},\"image\":{\"@id\":\"https:\/\/ses-creative.com\/fr\/produit\/harry-potter-mosaique-de-diamants\/#primaryimage\"},\"thumbnailUrl\":\"https:\/\/ses-creative.com\/wp-content\/uploads\/2026\/01\/093421.jpg\",\"datePublished\":\"2026-02-12T10:08:55+00:00\",\"dateModified\":\"2026-02-12T10:22:39+00:00\",\"breadcrumb\":{\"@id\":\"https:\/\/ses-creative.com\/fr\/produit\/harry-potter-mosaique-de-diamants\/#breadcrumb\"},\"inLanguage\":\"fr-FR\",\"potentialAction\":[{\"@type\":\"ReadAction\",\"target\":[\"https:\/\/ses-creative.com\/fr\/produit\/harry-potter-mosaique-de-diamants\/\"]}]},{\"@type\":\"ImageObject\",\"inLanguage\":\"fr-FR\",\"@id\":\"https:\/\/ses-creative.com\/fr\/produit\/harry-potter-mosaique-de-diamants\/#primaryimage\",\"url\":\"https:\/\/ses-creative.com\/wp-content\/uploads\/2026\/01\/093421.jpg\",\"contentUrl\":\"https:\/\/ses-creative.com\/wp-content\/uploads\/2026\/01\/093421.jpg\",\"width\":1000,\"height\":1000},{\"@type\":\"BreadcrumbList\",\"@id\":\"https:\/\/ses-creative.com\/fr\/produit\/harry-potter-mosaique-de-diamants\/#breadcrumb\",\"itemListElement\":[{\"@type\":\"ListItem\",\"position\":1,\"name\":\"Boutique\",\"item\":\"https:\/\/ses-creative.com\/fr\/boutique\/\"},{\"@type\":\"ListItem\",\"position\":2,\"name\":\"Loisirs cr\u00e9atifs\",\"item\":\"https:\/\/ses-creative.com\/fr\/product-categorie\/loisirs-creatifs\/\"},{\"@type\":\"ListItem\",\"position\":3,\"name\":\"Harry Potter &#8211; Mosaique de diamants\"}]},{\"@type\":\"WebSite\",\"@id\":\"https:\/\/ses-creative.com\/#website\",\"url\":\"https:\/\/ses-creative.com\/\",\"name\":\"SES Creative\",\"description\":\"\",\"publisher\":{\"@id\":\"https:\/\/ses-creative.com\/#organization\"},\"potentialAction\":[{\"@type\":\"SearchAction\",\"target\":{\"@type\":\"EntryPoint\",\"urlTemplate\":\"https:\/\/ses-creative.com\/?s={search_term_string}\"},\"query-input\":{\"@type\":\"PropertyValueSpecification\",\"valueRequired\":true,\"valueName\":\"search_term_string\"}}],\"inLanguage\":\"fr-FR\"},{\"@type\":\"Organization\",\"@id\":\"https:\/\/ses-creative.com\/#organization\",\"name\":\"SES Creative\",\"url\":\"https:\/\/ses-creative.com\/\",\"logo\":{\"@type\":\"ImageObject\",\"inLanguage\":\"fr-FR\",\"@id\":\"https:\/\/ses-creative.com\/#\/schema\/logo\/image\/\",\"url\":\"https:\/\/ses-creative.com\/wp-content\/uploads\/2025\/10\/ses-creative-logo.jpg\",\"contentUrl\":\"https:\/\/ses-creative.com\/wp-content\/uploads\/2025\/10\/ses-creative-logo.jpg\",\"width\":2037,\"height\":2037,\"caption\":\"SES Creative\"},\"image\":{\"@id\":\"https:\/\/ses-creative.com\/#\/schema\/logo\/image\/\"}}]}<\/script>\n<!-- \/ Yoast SEO plugin. -->","yoast_head_json":{"title":"Harry Potter - Mosaique de diamants - SES Creative","robots":{"index":"index","follow":"follow","max-snippet":"max-snippet:-1","max-image-preview":"max-image-preview:large","max-video-preview":"max-video-preview:-1"},"canonical":"https:\/\/ses-creative.com\/fr\/produit\/harry-potter-mosaique-de-diamants\/","og_locale":"fr_FR","og_type":"article","og_title":"Harry Potter - Mosaique de diamants - SES Creative","og_description":"Faites briller vos \u0153uvres d&rsquo;art Harry Potter d&rsquo;un \u00e9clat magique ! Entrez dans le monde enchant\u00e9 de Harry Potter avec le kit Diamond Painting de SES Creative ! D\u00e9corez 5 magnifiques cartes mosa\u00efques avec des autocollants diamants scintillants et voyez vos personnages pr\u00e9f\u00e9r\u00e9s prendre vie. Une activit\u00e9 magique pour les fans qui aiment la cr\u00e9ativit\u00e9 [&hellip;]","og_url":"https:\/\/ses-creative.com\/fr\/produit\/harry-potter-mosaique-de-diamants\/","og_site_name":"SES Creative","article_modified_time":"2026-02-12T10:22:39+00:00","twitter_card":"summary_large_image","twitter_misc":{"Dur\u00e9e de lecture estim\u00e9e":"1 minute"},"schema":{"@context":"https:\/\/schema.org","@graph":[{"@type":"WebPage","@id":"https:\/\/ses-creative.com\/fr\/produit\/harry-potter-mosaique-de-diamants\/","url":"https:\/\/ses-creative.com\/fr\/produit\/harry-potter-mosaique-de-diamants\/","name":"Harry Potter - Mosaique de diamants - SES Creative","isPartOf":{"@id":"https:\/\/ses-creative.com\/#website"},"primaryImageOfPage":{"@id":"https:\/\/ses-creative.com\/fr\/produit\/harry-potter-mosaique-de-diamants\/#primaryimage"},"image":{"@id":"https:\/\/ses-creative.com\/fr\/produit\/harry-potter-mosaique-de-diamants\/#primaryimage"},"thumbnailUrl":"https:\/\/ses-creative.com\/wp-content\/uploads\/2026\/01\/093421.jpg","datePublished":"2026-02-12T10:08:55+00:00","dateModified":"2026-02-12T10:22:39+00:00","breadcrumb":{"@id":"https:\/\/ses-creative.com\/fr\/produit\/harry-potter-mosaique-de-diamants\/#breadcrumb"},"inLanguage":"fr-FR","potentialAction":[{"@type":"ReadAction","target":["https:\/\/ses-creative.com\/fr\/produit\/harry-potter-mosaique-de-diamants\/"]}]},{"@type":"ImageObject","inLanguage":"fr-FR","@id":"https:\/\/ses-creative.com\/fr\/produit\/harry-potter-mosaique-de-diamants\/#primaryimage","url":"https:\/\/ses-creative.com\/wp-content\/uploads\/2026\/01\/093421.jpg","contentUrl":"https:\/\/ses-creative.com\/wp-content\/uploads\/2026\/01\/093421.jpg","width":1000,"height":1000},{"@type":"BreadcrumbList","@id":"https:\/\/ses-creative.com\/fr\/produit\/harry-potter-mosaique-de-diamants\/#breadcrumb","itemListElement":[{"@type":"ListItem","position":1,"name":"Boutique","item":"https:\/\/ses-creative.com\/fr\/boutique\/"},{"@type":"ListItem","position":2,"name":"Loisirs cr\u00e9atifs","item":"https:\/\/ses-creative.com\/fr\/product-categorie\/loisirs-creatifs\/"},{"@type":"ListItem","position":3,"name":"Harry Potter &#8211; Mosaique de diamants"}]},{"@type":"WebSite","@id":"https:\/\/ses-creative.com\/#website","url":"https:\/\/ses-creative.com\/","name":"SES Creative","description":"","publisher":{"@id":"https:\/\/ses-creative.com\/#organization"},"potentialAction":[{"@type":"SearchAction","target":{"@type":"EntryPoint","urlTemplate":"https:\/\/ses-creative.com\/?s={search_term_string}"},"query-input":{"@type":"PropertyValueSpecification","valueRequired":true,"valueName":"search_term_string"}}],"inLanguage":"fr-FR"},{"@type":"Organization","@id":"https:\/\/ses-creative.com\/#organization","name":"SES Creative","url":"https:\/\/ses-creative.com\/","logo":{"@type":"ImageObject","inLanguage":"fr-FR","@id":"https:\/\/ses-creative.com\/#\/schema\/logo\/image\/","url":"https:\/\/ses-creative.com\/wp-content\/uploads\/2025\/10\/ses-creative-logo.jpg","contentUrl":"https:\/\/ses-creative.com\/wp-content\/uploads\/2025\/10\/ses-creative-logo.jpg","width":2037,"height":2037,"caption":"SES Creative"},"image":{"@id":"https:\/\/ses-creative.com\/#\/schema\/logo\/image\/"}}]}},"_links":{"self":[{"href":"https:\/\/ses-creative.com\/fr\/wp-json\/wp\/v2\/product\/118185","targetHints":{"allow":["GET"]}}],"collection":[{"href":"https:\/\/ses-creative.com\/fr\/wp-json\/wp\/v2\/product"}],"about":[{"href":"https:\/\/ses-creative.com\/fr\/wp-json\/wp\/v2\/types\/product"}],"replies":[{"embeddable":true,"href":"https:\/\/ses-creative.com\/fr\/wp-json\/wp\/v2\/comments?post=118185"}],"wp:featuredmedia":[{"embeddable":true,"href":"https:\/\/ses-creative.com\/fr\/wp-json\/wp\/v2\/media\/100428"}],"wp:attachment":[{"href":"https:\/\/ses-creative.com\/fr\/wp-json\/wp\/v2\/media?parent=118185"}],"wp:term":[{"taxonomy":"product_brand","embeddable":true,"href":"https:\/\/ses-creative.com\/fr\/wp-json\/wp\/v2\/product_brand?post=118185"},{"taxonomy":"product_cat","embeddable":true,"href":"https:\/\/ses-creative.com\/fr\/wp-json\/wp\/v2\/product_cat?post=118185"},{"taxonomy":"product_tag","embeddable":true,"href":"https:\/\/ses-creative.com\/fr\/wp-json\/wp\/v2\/product_tag?post=118185"}],"curies":[{"name":"wp","href":"https:\/\/api.w.org\/{rel}","templated":true}]}}