











{"id":118184,"date":"2026-02-12T10:08:55","date_gmt":"2026-02-12T10:08:55","guid":{"rendered":"https:\/\/ses-creative.com\/?post_type=product&#038;p=118184"},"modified":"2026-02-12T10:22:39","modified_gmt":"2026-02-12T10:22:39","slug":"harry-potter-peindre-des-galets-et-autocollants","status":"publish","type":"product","link":"https:\/\/ses-creative.com\/fr\/produit\/harry-potter-peindre-des-galets-et-autocollants\/","title":{"rendered":"Harry Potter &#8211; Peindre des galets et autocollants"},"content":{"rendered":"<p>Le Kit Peinture Galets Harry Potter de SES Creative propose une activit\u00e9 manuelle originale pour les enfants d\u00e8s 6 ans. Ce coffret de loisirs cr\u00e9atifs enfants contient cinq galets blancs, six peintures non toxiques, un pinceau et des transferts de personnages officiels comme Harry, Hermione, Ron et Dobby. Les enfants peuvent peindre leurs galets avec les couleurs incluses, puis les personnaliser avec les motifs embl\u00e9matiques du monde magique de Poudlard. Cette activit\u00e9 stimule la motricit\u00e9 fine et encourage l\u2019expression artistique dans un cadre s\u00fbr et ludique. Con\u00e7u pour r\u00e9pondre aux attentes des parents en mati\u00e8re de qualit\u00e9 et de s\u00e9curit\u00e9, ce jeu artistique constitue aussi une id\u00e9e cadeau Harry Potter adapt\u00e9e pour les f\u00eates ou les anniversaires. Un moyen amusant de d\u00e9velopper l\u2019imagination tout en c\u00e9l\u00e9brant l\u2019univers Harry Potter.<\/p>\n","protected":false},"excerpt":{"rendered":"<p>Le Kit Peinture Galets Harry Potter de SES Creative propose une activit\u00e9 manuelle originale pour les enfants d\u00e8s 6 ans. Ce coffret de loisirs cr\u00e9atifs enfants contient cinq galets blancs, six peintures non toxiques, un pinceau et des transferts de personnages officiels comme Harry, Hermione, Ron et Dobby. Les enfants peuvent peindre leurs galets avec [&hellip;]<\/p>\n","protected":false},"featured_media":100408,"comment_status":"closed","ping_status":"closed","template":"","meta":{"_acf_changed":false},"product_brand":[],"product_cat":[122],"product_tag":[],"class_list":{"0":"post-118184","1":"product","2":"type-product","3":"status-publish","4":"has-post-thumbnail","6":"product_cat-loisirs-creatifs","7":"pa_collecties-harry-potter","8":"pa_leeftijd-filter-4-6-ans","9":"pa_meest-populair-bij-garcons-filles","11":"first","12":"instock","13":"shipping-taxable","14":"product-type-simple"},"acf":[],"yoast_head":"<!-- This site is optimized with the Yoast SEO plugin v27.2 - https:\/\/yoast.com\/product\/yoast-seo-wordpress\/ -->\n<title>Harry Potter - Peindre des galets et autocollants - SES Creative<\/title>\n<meta name=\"robots\" content=\"index, follow, max-snippet:-1, max-image-preview:large, max-video-preview:-1\" \/>\n<link rel=\"canonical\" href=\"https:\/\/ses-creative.com\/fr\/produit\/harry-potter-peindre-des-galets-et-autocollants\/\" \/>\n<meta property=\"og:locale\" content=\"fr_FR\" \/>\n<meta property=\"og:type\" content=\"article\" \/>\n<meta property=\"og:title\" content=\"Harry Potter - Peindre des galets et autocollants - SES Creative\" \/>\n<meta property=\"og:description\" content=\"Le Kit Peinture Galets Harry Potter de SES Creative propose une activit\u00e9 manuelle originale pour les enfants d\u00e8s 6 ans. Ce coffret de loisirs cr\u00e9atifs enfants contient cinq galets blancs, six peintures non toxiques, un pinceau et des transferts de personnages officiels comme Harry, Hermione, Ron et Dobby. Les enfants peuvent peindre leurs galets avec [&hellip;]\" \/>\n<meta property=\"og:url\" content=\"https:\/\/ses-creative.com\/fr\/produit\/harry-potter-peindre-des-galets-et-autocollants\/\" \/>\n<meta property=\"og:site_name\" content=\"SES Creative\" \/>\n<meta property=\"article:modified_time\" content=\"2026-02-12T10:22:39+00:00\" \/>\n<meta name=\"twitter:card\" content=\"summary_large_image\" \/>\n<meta name=\"twitter:label1\" content=\"Dur\u00e9e de lecture estim\u00e9e\" \/>\n\t<meta name=\"twitter:data1\" content=\"1 minute\" \/>\n<script type=\"application\/ld+json\" class=\"yoast-schema-graph\">{\"@context\":\"https:\/\/schema.org\",\"@graph\":[{\"@type\":\"WebPage\",\"@id\":\"https:\/\/ses-creative.com\/fr\/produit\/harry-potter-peindre-des-galets-et-autocollants\/\",\"url\":\"https:\/\/ses-creative.com\/fr\/produit\/harry-potter-peindre-des-galets-et-autocollants\/\",\"name\":\"Harry Potter - Peindre des galets et autocollants - SES Creative\",\"isPartOf\":{\"@id\":\"https:\/\/ses-creative.com\/#website\"},\"primaryImageOfPage\":{\"@id\":\"https:\/\/ses-creative.com\/fr\/produit\/harry-potter-peindre-des-galets-et-autocollants\/#primaryimage\"},\"image\":{\"@id\":\"https:\/\/ses-creative.com\/fr\/produit\/harry-potter-peindre-des-galets-et-autocollants\/#primaryimage\"},\"thumbnailUrl\":\"https:\/\/ses-creative.com\/wp-content\/uploads\/2026\/01\/093411.jpg\",\"datePublished\":\"2026-02-12T10:08:55+00:00\",\"dateModified\":\"2026-02-12T10:22:39+00:00\",\"breadcrumb\":{\"@id\":\"https:\/\/ses-creative.com\/fr\/produit\/harry-potter-peindre-des-galets-et-autocollants\/#breadcrumb\"},\"inLanguage\":\"fr-FR\",\"potentialAction\":[{\"@type\":\"ReadAction\",\"target\":[\"https:\/\/ses-creative.com\/fr\/produit\/harry-potter-peindre-des-galets-et-autocollants\/\"]}]},{\"@type\":\"ImageObject\",\"inLanguage\":\"fr-FR\",\"@id\":\"https:\/\/ses-creative.com\/fr\/produit\/harry-potter-peindre-des-galets-et-autocollants\/#primaryimage\",\"url\":\"https:\/\/ses-creative.com\/wp-content\/uploads\/2026\/01\/093411.jpg\",\"contentUrl\":\"https:\/\/ses-creative.com\/wp-content\/uploads\/2026\/01\/093411.jpg\",\"width\":1000,\"height\":1000},{\"@type\":\"BreadcrumbList\",\"@id\":\"https:\/\/ses-creative.com\/fr\/produit\/harry-potter-peindre-des-galets-et-autocollants\/#breadcrumb\",\"itemListElement\":[{\"@type\":\"ListItem\",\"position\":1,\"name\":\"Boutique\",\"item\":\"https:\/\/ses-creative.com\/fr\/boutique\/\"},{\"@type\":\"ListItem\",\"position\":2,\"name\":\"Loisirs cr\u00e9atifs\",\"item\":\"https:\/\/ses-creative.com\/fr\/product-categorie\/loisirs-creatifs\/\"},{\"@type\":\"ListItem\",\"position\":3,\"name\":\"Harry Potter &#8211; Peindre des galets et autocollants\"}]},{\"@type\":\"WebSite\",\"@id\":\"https:\/\/ses-creative.com\/#website\",\"url\":\"https:\/\/ses-creative.com\/\",\"name\":\"SES Creative\",\"description\":\"\",\"publisher\":{\"@id\":\"https:\/\/ses-creative.com\/#organization\"},\"potentialAction\":[{\"@type\":\"SearchAction\",\"target\":{\"@type\":\"EntryPoint\",\"urlTemplate\":\"https:\/\/ses-creative.com\/?s={search_term_string}\"},\"query-input\":{\"@type\":\"PropertyValueSpecification\",\"valueRequired\":true,\"valueName\":\"search_term_string\"}}],\"inLanguage\":\"fr-FR\"},{\"@type\":\"Organization\",\"@id\":\"https:\/\/ses-creative.com\/#organization\",\"name\":\"SES Creative\",\"url\":\"https:\/\/ses-creative.com\/\",\"logo\":{\"@type\":\"ImageObject\",\"inLanguage\":\"fr-FR\",\"@id\":\"https:\/\/ses-creative.com\/#\/schema\/logo\/image\/\",\"url\":\"https:\/\/ses-creative.com\/wp-content\/uploads\/2025\/10\/ses-creative-logo.jpg\",\"contentUrl\":\"https:\/\/ses-creative.com\/wp-content\/uploads\/2025\/10\/ses-creative-logo.jpg\",\"width\":2037,\"height\":2037,\"caption\":\"SES Creative\"},\"image\":{\"@id\":\"https:\/\/ses-creative.com\/#\/schema\/logo\/image\/\"}}]}<\/script>\n<!-- \/ Yoast SEO plugin. -->","yoast_head_json":{"title":"Harry Potter - Peindre des galets et autocollants - SES Creative","robots":{"index":"index","follow":"follow","max-snippet":"max-snippet:-1","max-image-preview":"max-image-preview:large","max-video-preview":"max-video-preview:-1"},"canonical":"https:\/\/ses-creative.com\/fr\/produit\/harry-potter-peindre-des-galets-et-autocollants\/","og_locale":"fr_FR","og_type":"article","og_title":"Harry Potter - Peindre des galets et autocollants - SES Creative","og_description":"Le Kit Peinture Galets Harry Potter de SES Creative propose une activit\u00e9 manuelle originale pour les enfants d\u00e8s 6 ans. Ce coffret de loisirs cr\u00e9atifs enfants contient cinq galets blancs, six peintures non toxiques, un pinceau et des transferts de personnages officiels comme Harry, Hermione, Ron et Dobby. Les enfants peuvent peindre leurs galets avec [&hellip;]","og_url":"https:\/\/ses-creative.com\/fr\/produit\/harry-potter-peindre-des-galets-et-autocollants\/","og_site_name":"SES Creative","article_modified_time":"2026-02-12T10:22:39+00:00","twitter_card":"summary_large_image","twitter_misc":{"Dur\u00e9e de lecture estim\u00e9e":"1 minute"},"schema":{"@context":"https:\/\/schema.org","@graph":[{"@type":"WebPage","@id":"https:\/\/ses-creative.com\/fr\/produit\/harry-potter-peindre-des-galets-et-autocollants\/","url":"https:\/\/ses-creative.com\/fr\/produit\/harry-potter-peindre-des-galets-et-autocollants\/","name":"Harry Potter - Peindre des galets et autocollants - SES Creative","isPartOf":{"@id":"https:\/\/ses-creative.com\/#website"},"primaryImageOfPage":{"@id":"https:\/\/ses-creative.com\/fr\/produit\/harry-potter-peindre-des-galets-et-autocollants\/#primaryimage"},"image":{"@id":"https:\/\/ses-creative.com\/fr\/produit\/harry-potter-peindre-des-galets-et-autocollants\/#primaryimage"},"thumbnailUrl":"https:\/\/ses-creative.com\/wp-content\/uploads\/2026\/01\/093411.jpg","datePublished":"2026-02-12T10:08:55+00:00","dateModified":"2026-02-12T10:22:39+00:00","breadcrumb":{"@id":"https:\/\/ses-creative.com\/fr\/produit\/harry-potter-peindre-des-galets-et-autocollants\/#breadcrumb"},"inLanguage":"fr-FR","potentialAction":[{"@type":"ReadAction","target":["https:\/\/ses-creative.com\/fr\/produit\/harry-potter-peindre-des-galets-et-autocollants\/"]}]},{"@type":"ImageObject","inLanguage":"fr-FR","@id":"https:\/\/ses-creative.com\/fr\/produit\/harry-potter-peindre-des-galets-et-autocollants\/#primaryimage","url":"https:\/\/ses-creative.com\/wp-content\/uploads\/2026\/01\/093411.jpg","contentUrl":"https:\/\/ses-creative.com\/wp-content\/uploads\/2026\/01\/093411.jpg","width":1000,"height":1000},{"@type":"BreadcrumbList","@id":"https:\/\/ses-creative.com\/fr\/produit\/harry-potter-peindre-des-galets-et-autocollants\/#breadcrumb","itemListElement":[{"@type":"ListItem","position":1,"name":"Boutique","item":"https:\/\/ses-creative.com\/fr\/boutique\/"},{"@type":"ListItem","position":2,"name":"Loisirs cr\u00e9atifs","item":"https:\/\/ses-creative.com\/fr\/product-categorie\/loisirs-creatifs\/"},{"@type":"ListItem","position":3,"name":"Harry Potter &#8211; Peindre des galets et autocollants"}]},{"@type":"WebSite","@id":"https:\/\/ses-creative.com\/#website","url":"https:\/\/ses-creative.com\/","name":"SES Creative","description":"","publisher":{"@id":"https:\/\/ses-creative.com\/#organization"},"potentialAction":[{"@type":"SearchAction","target":{"@type":"EntryPoint","urlTemplate":"https:\/\/ses-creative.com\/?s={search_term_string}"},"query-input":{"@type":"PropertyValueSpecification","valueRequired":true,"valueName":"search_term_string"}}],"inLanguage":"fr-FR"},{"@type":"Organization","@id":"https:\/\/ses-creative.com\/#organization","name":"SES Creative","url":"https:\/\/ses-creative.com\/","logo":{"@type":"ImageObject","inLanguage":"fr-FR","@id":"https:\/\/ses-creative.com\/#\/schema\/logo\/image\/","url":"https:\/\/ses-creative.com\/wp-content\/uploads\/2025\/10\/ses-creative-logo.jpg","contentUrl":"https:\/\/ses-creative.com\/wp-content\/uploads\/2025\/10\/ses-creative-logo.jpg","width":2037,"height":2037,"caption":"SES Creative"},"image":{"@id":"https:\/\/ses-creative.com\/#\/schema\/logo\/image\/"}}]}},"_links":{"self":[{"href":"https:\/\/ses-creative.com\/fr\/wp-json\/wp\/v2\/product\/118184","targetHints":{"allow":["GET"]}}],"collection":[{"href":"https:\/\/ses-creative.com\/fr\/wp-json\/wp\/v2\/product"}],"about":[{"href":"https:\/\/ses-creative.com\/fr\/wp-json\/wp\/v2\/types\/product"}],"replies":[{"embeddable":true,"href":"https:\/\/ses-creative.com\/fr\/wp-json\/wp\/v2\/comments?post=118184"}],"wp:featuredmedia":[{"embeddable":true,"href":"https:\/\/ses-creative.com\/fr\/wp-json\/wp\/v2\/media\/100408"}],"wp:attachment":[{"href":"https:\/\/ses-creative.com\/fr\/wp-json\/wp\/v2\/media?parent=118184"}],"wp:term":[{"taxonomy":"product_brand","embeddable":true,"href":"https:\/\/ses-creative.com\/fr\/wp-json\/wp\/v2\/product_brand?post=118184"},{"taxonomy":"product_cat","embeddable":true,"href":"https:\/\/ses-creative.com\/fr\/wp-json\/wp\/v2\/product_cat?post=118184"},{"taxonomy":"product_tag","embeddable":true,"href":"https:\/\/ses-creative.com\/fr\/wp-json\/wp\/v2\/product_tag?post=118184"}],"curies":[{"name":"wp","href":"https:\/\/api.w.org\/{rel}","templated":true}]}}