











{"id":118183,"date":"2026-02-12T10:08:54","date_gmt":"2026-02-12T10:08:54","guid":{"rendered":"https:\/\/ses-creative.com\/?post_type=product&#038;p=118183"},"modified":"2026-02-12T10:22:39","modified_gmt":"2026-02-12T10:22:39","slug":"green-beedz-kit-de-perles-a-repasser-animaux-de-la-foret","status":"publish","type":"product","link":"https:\/\/ses-creative.com\/fr\/produit\/green-beedz-kit-de-perles-a-repasser-animaux-de-la-foret\/","title":{"rendered":"Green Beedz &#8211; Kit de perles \u00e0 repasser animaux de la for\u00eat"},"content":{"rendered":"<p>Green Beedz \u2013 Animaux de la for\u00eat : cr\u00e9ez d&rsquo;adorables animaux de la for\u00eat avec des perles \u00e0 repasser \u00e9cologiques<\/p>\n<p>D\u00e9couvrez la magie de la for\u00eat et cr\u00e9ez les animaux les plus mignons avec ce set Green Beedz de SES Creative ! Avec une solide planche hexagonale et 1800 perles \u00e0 repasser \u00e9cologiques en mat\u00e9riau recycl\u00e9, vous pouvez cr\u00e9er des h\u00e9rissons, des chouettes, des cerfs et bien plus encore. Parfait pour les enfants \u00e0 partir de 5 ans qui aiment les animaux et la durabilit\u00e9.<\/p>\n<p>Ce qui rend ce kit g\u00e9nial<\/p>\n<p>Comprend une plaque hexagonale et 1 800 perles \u00e0 repasser \u00e9cologiques<br \/>\nFabriqu\u00e9 \u00e0 partir de mat\u00e9riaux recycl\u00e9s<br \/>\nMotifs d&rsquo;animaux de la for\u00eat adorables<br \/>\nConvient aux enfants \u00e0 partir de 5 ans<br \/>\nStimule la cr\u00e9ativit\u00e9, la motricit\u00e9 fine et la conscience durable<\/p>\n<p>Laissez libre cours \u00e0 votre imagination<br \/>\nAvec ce kit \u00e9cologique, les enfants peuvent cr\u00e9er leurs propres animaux de la for\u00eat. Le plateau hexagonal solide maintient les perles en place, permettant ainsi de cr\u00e9er \u00e0 chaque fois des animaux uniques et color\u00e9s. Une fa\u00e7on cr\u00e9ative d&rsquo;allier nature et durabilit\u00e9.<\/p>\n<p>Contenu du set<\/p>\n<p>1 plateau hexagonal \u00e9cologique<br \/>\n1800 perles \u00e0 repasser \u00e9cologiques assorties<\/p>\n<p>Pourquoi choisir SES Creative<br \/>\nChez SES Creative, nous accordons une grande importance \u00e0 la s\u00e9curit\u00e9 et \u00e0 la durabilit\u00e9. C&rsquo;est pourquoi nos produits sont fabriqu\u00e9s et test\u00e9s dans notre usine aux Pays-Bas, conform\u00e9ment aux normes de s\u00e9curit\u00e9 europ\u00e9ennes les plus strictes et dans le respect de l&rsquo;environnement. Green Beedz allie le plaisir de jouer de mani\u00e8re cr\u00e9ative \u00e0 la protection de notre plan\u00e8te.<\/p>\n<p>Commencez d\u00e8s aujourd&rsquo;hui votre aventure Green Beedz<br \/>\nD\u00e9couvrez le plaisir des perles \u00e0 repasser et cr\u00e9ez les plus beaux animaux de la for\u00eat avec ce kit durable. Parfait pour un plaisir cr\u00e9atif et responsable sans fin !<\/p>\n","protected":false},"excerpt":{"rendered":"<p>Green Beedz \u2013 Animaux de la for\u00eat : cr\u00e9ez d&rsquo;adorables animaux de la for\u00eat avec des perles \u00e0 repasser \u00e9cologiques D\u00e9couvrez la magie de la for\u00eat et cr\u00e9ez les animaux les plus mignons avec ce set Green Beedz de SES Creative ! Avec une solide planche hexagonale et 1800 perles \u00e0 repasser \u00e9cologiques en mat\u00e9riau [&hellip;]<\/p>\n","protected":false},"featured_media":100388,"comment_status":"closed","ping_status":"closed","template":"","meta":{"_acf_changed":false},"product_brand":[],"product_cat":[125],"product_tag":[],"class_list":{"0":"post-118183","1":"product","2":"type-product","3":"status-publish","4":"has-post-thumbnail","6":"product_cat-perles-a-repasser","7":"pa_leeftijd-filter-4-6-ans","8":"pa_meest-populair-bij-garcons-filles","10":"first","11":"instock","12":"shipping-taxable","13":"product-type-simple"},"acf":[],"yoast_head":"<!-- This site is optimized with the Yoast SEO plugin v27.2 - https:\/\/yoast.com\/product\/yoast-seo-wordpress\/ -->\n<title>Green Beedz - Kit de perles \u00e0 repasser animaux de la for\u00eat - SES Creative<\/title>\n<meta name=\"robots\" content=\"index, follow, max-snippet:-1, max-image-preview:large, max-video-preview:-1\" \/>\n<link rel=\"canonical\" href=\"https:\/\/ses-creative.com\/fr\/produit\/green-beedz-kit-de-perles-a-repasser-animaux-de-la-foret\/\" \/>\n<meta property=\"og:locale\" content=\"fr_FR\" \/>\n<meta property=\"og:type\" content=\"article\" \/>\n<meta property=\"og:title\" content=\"Green Beedz - Kit de perles \u00e0 repasser animaux de la for\u00eat - SES Creative\" \/>\n<meta property=\"og:description\" content=\"Green Beedz \u2013 Animaux de la for\u00eat : cr\u00e9ez d&rsquo;adorables animaux de la for\u00eat avec des perles \u00e0 repasser \u00e9cologiques D\u00e9couvrez la magie de la for\u00eat et cr\u00e9ez les animaux les plus mignons avec ce set Green Beedz de SES Creative ! Avec une solide planche hexagonale et 1800 perles \u00e0 repasser \u00e9cologiques en mat\u00e9riau [&hellip;]\" \/>\n<meta property=\"og:url\" content=\"https:\/\/ses-creative.com\/fr\/produit\/green-beedz-kit-de-perles-a-repasser-animaux-de-la-foret\/\" \/>\n<meta property=\"og:site_name\" content=\"SES Creative\" \/>\n<meta property=\"article:modified_time\" content=\"2026-02-12T10:22:39+00:00\" \/>\n<meta name=\"twitter:card\" content=\"summary_large_image\" \/>\n<meta name=\"twitter:label1\" content=\"Dur\u00e9e de lecture estim\u00e9e\" \/>\n\t<meta name=\"twitter:data1\" content=\"2 minutes\" \/>\n<script type=\"application\/ld+json\" class=\"yoast-schema-graph\">{\"@context\":\"https:\/\/schema.org\",\"@graph\":[{\"@type\":\"WebPage\",\"@id\":\"https:\/\/ses-creative.com\/fr\/produit\/green-beedz-kit-de-perles-a-repasser-animaux-de-la-foret\/\",\"url\":\"https:\/\/ses-creative.com\/fr\/produit\/green-beedz-kit-de-perles-a-repasser-animaux-de-la-foret\/\",\"name\":\"Green Beedz - Kit de perles \u00e0 repasser animaux de la for\u00eat - SES Creative\",\"isPartOf\":{\"@id\":\"https:\/\/ses-creative.com\/#website\"},\"primaryImageOfPage\":{\"@id\":\"https:\/\/ses-creative.com\/fr\/produit\/green-beedz-kit-de-perles-a-repasser-animaux-de-la-foret\/#primaryimage\"},\"image\":{\"@id\":\"https:\/\/ses-creative.com\/fr\/produit\/green-beedz-kit-de-perles-a-repasser-animaux-de-la-foret\/#primaryimage\"},\"thumbnailUrl\":\"https:\/\/ses-creative.com\/wp-content\/uploads\/2026\/01\/064071.jpg\",\"datePublished\":\"2026-02-12T10:08:54+00:00\",\"dateModified\":\"2026-02-12T10:22:39+00:00\",\"breadcrumb\":{\"@id\":\"https:\/\/ses-creative.com\/fr\/produit\/green-beedz-kit-de-perles-a-repasser-animaux-de-la-foret\/#breadcrumb\"},\"inLanguage\":\"fr-FR\",\"potentialAction\":[{\"@type\":\"ReadAction\",\"target\":[\"https:\/\/ses-creative.com\/fr\/produit\/green-beedz-kit-de-perles-a-repasser-animaux-de-la-foret\/\"]}]},{\"@type\":\"ImageObject\",\"inLanguage\":\"fr-FR\",\"@id\":\"https:\/\/ses-creative.com\/fr\/produit\/green-beedz-kit-de-perles-a-repasser-animaux-de-la-foret\/#primaryimage\",\"url\":\"https:\/\/ses-creative.com\/wp-content\/uploads\/2026\/01\/064071.jpg\",\"contentUrl\":\"https:\/\/ses-creative.com\/wp-content\/uploads\/2026\/01\/064071.jpg\",\"width\":1000,\"height\":1000},{\"@type\":\"BreadcrumbList\",\"@id\":\"https:\/\/ses-creative.com\/fr\/produit\/green-beedz-kit-de-perles-a-repasser-animaux-de-la-foret\/#breadcrumb\",\"itemListElement\":[{\"@type\":\"ListItem\",\"position\":1,\"name\":\"Boutique\",\"item\":\"https:\/\/ses-creative.com\/fr\/boutique\/\"},{\"@type\":\"ListItem\",\"position\":2,\"name\":\"Perles \u00e0 repasser\",\"item\":\"https:\/\/ses-creative.com\/fr\/product-categorie\/perles-a-repasser\/\"},{\"@type\":\"ListItem\",\"position\":3,\"name\":\"Green Beedz &#8211; Kit de perles \u00e0 repasser animaux de la for\u00eat\"}]},{\"@type\":\"WebSite\",\"@id\":\"https:\/\/ses-creative.com\/#website\",\"url\":\"https:\/\/ses-creative.com\/\",\"name\":\"SES Creative\",\"description\":\"\",\"publisher\":{\"@id\":\"https:\/\/ses-creative.com\/#organization\"},\"potentialAction\":[{\"@type\":\"SearchAction\",\"target\":{\"@type\":\"EntryPoint\",\"urlTemplate\":\"https:\/\/ses-creative.com\/?s={search_term_string}\"},\"query-input\":{\"@type\":\"PropertyValueSpecification\",\"valueRequired\":true,\"valueName\":\"search_term_string\"}}],\"inLanguage\":\"fr-FR\"},{\"@type\":\"Organization\",\"@id\":\"https:\/\/ses-creative.com\/#organization\",\"name\":\"SES Creative\",\"url\":\"https:\/\/ses-creative.com\/\",\"logo\":{\"@type\":\"ImageObject\",\"inLanguage\":\"fr-FR\",\"@id\":\"https:\/\/ses-creative.com\/#\/schema\/logo\/image\/\",\"url\":\"https:\/\/ses-creative.com\/wp-content\/uploads\/2025\/10\/ses-creative-logo.jpg\",\"contentUrl\":\"https:\/\/ses-creative.com\/wp-content\/uploads\/2025\/10\/ses-creative-logo.jpg\",\"width\":2037,\"height\":2037,\"caption\":\"SES Creative\"},\"image\":{\"@id\":\"https:\/\/ses-creative.com\/#\/schema\/logo\/image\/\"}}]}<\/script>\n<!-- \/ Yoast SEO plugin. -->","yoast_head_json":{"title":"Green Beedz - Kit de perles \u00e0 repasser animaux de la for\u00eat - SES Creative","robots":{"index":"index","follow":"follow","max-snippet":"max-snippet:-1","max-image-preview":"max-image-preview:large","max-video-preview":"max-video-preview:-1"},"canonical":"https:\/\/ses-creative.com\/fr\/produit\/green-beedz-kit-de-perles-a-repasser-animaux-de-la-foret\/","og_locale":"fr_FR","og_type":"article","og_title":"Green Beedz - Kit de perles \u00e0 repasser animaux de la for\u00eat - SES Creative","og_description":"Green Beedz \u2013 Animaux de la for\u00eat : cr\u00e9ez d&rsquo;adorables animaux de la for\u00eat avec des perles \u00e0 repasser \u00e9cologiques D\u00e9couvrez la magie de la for\u00eat et cr\u00e9ez les animaux les plus mignons avec ce set Green Beedz de SES Creative ! Avec une solide planche hexagonale et 1800 perles \u00e0 repasser \u00e9cologiques en mat\u00e9riau [&hellip;]","og_url":"https:\/\/ses-creative.com\/fr\/produit\/green-beedz-kit-de-perles-a-repasser-animaux-de-la-foret\/","og_site_name":"SES Creative","article_modified_time":"2026-02-12T10:22:39+00:00","twitter_card":"summary_large_image","twitter_misc":{"Dur\u00e9e de lecture estim\u00e9e":"2 minutes"},"schema":{"@context":"https:\/\/schema.org","@graph":[{"@type":"WebPage","@id":"https:\/\/ses-creative.com\/fr\/produit\/green-beedz-kit-de-perles-a-repasser-animaux-de-la-foret\/","url":"https:\/\/ses-creative.com\/fr\/produit\/green-beedz-kit-de-perles-a-repasser-animaux-de-la-foret\/","name":"Green Beedz - Kit de perles \u00e0 repasser animaux de la for\u00eat - SES Creative","isPartOf":{"@id":"https:\/\/ses-creative.com\/#website"},"primaryImageOfPage":{"@id":"https:\/\/ses-creative.com\/fr\/produit\/green-beedz-kit-de-perles-a-repasser-animaux-de-la-foret\/#primaryimage"},"image":{"@id":"https:\/\/ses-creative.com\/fr\/produit\/green-beedz-kit-de-perles-a-repasser-animaux-de-la-foret\/#primaryimage"},"thumbnailUrl":"https:\/\/ses-creative.com\/wp-content\/uploads\/2026\/01\/064071.jpg","datePublished":"2026-02-12T10:08:54+00:00","dateModified":"2026-02-12T10:22:39+00:00","breadcrumb":{"@id":"https:\/\/ses-creative.com\/fr\/produit\/green-beedz-kit-de-perles-a-repasser-animaux-de-la-foret\/#breadcrumb"},"inLanguage":"fr-FR","potentialAction":[{"@type":"ReadAction","target":["https:\/\/ses-creative.com\/fr\/produit\/green-beedz-kit-de-perles-a-repasser-animaux-de-la-foret\/"]}]},{"@type":"ImageObject","inLanguage":"fr-FR","@id":"https:\/\/ses-creative.com\/fr\/produit\/green-beedz-kit-de-perles-a-repasser-animaux-de-la-foret\/#primaryimage","url":"https:\/\/ses-creative.com\/wp-content\/uploads\/2026\/01\/064071.jpg","contentUrl":"https:\/\/ses-creative.com\/wp-content\/uploads\/2026\/01\/064071.jpg","width":1000,"height":1000},{"@type":"BreadcrumbList","@id":"https:\/\/ses-creative.com\/fr\/produit\/green-beedz-kit-de-perles-a-repasser-animaux-de-la-foret\/#breadcrumb","itemListElement":[{"@type":"ListItem","position":1,"name":"Boutique","item":"https:\/\/ses-creative.com\/fr\/boutique\/"},{"@type":"ListItem","position":2,"name":"Perles \u00e0 repasser","item":"https:\/\/ses-creative.com\/fr\/product-categorie\/perles-a-repasser\/"},{"@type":"ListItem","position":3,"name":"Green Beedz &#8211; Kit de perles \u00e0 repasser animaux de la for\u00eat"}]},{"@type":"WebSite","@id":"https:\/\/ses-creative.com\/#website","url":"https:\/\/ses-creative.com\/","name":"SES Creative","description":"","publisher":{"@id":"https:\/\/ses-creative.com\/#organization"},"potentialAction":[{"@type":"SearchAction","target":{"@type":"EntryPoint","urlTemplate":"https:\/\/ses-creative.com\/?s={search_term_string}"},"query-input":{"@type":"PropertyValueSpecification","valueRequired":true,"valueName":"search_term_string"}}],"inLanguage":"fr-FR"},{"@type":"Organization","@id":"https:\/\/ses-creative.com\/#organization","name":"SES Creative","url":"https:\/\/ses-creative.com\/","logo":{"@type":"ImageObject","inLanguage":"fr-FR","@id":"https:\/\/ses-creative.com\/#\/schema\/logo\/image\/","url":"https:\/\/ses-creative.com\/wp-content\/uploads\/2025\/10\/ses-creative-logo.jpg","contentUrl":"https:\/\/ses-creative.com\/wp-content\/uploads\/2025\/10\/ses-creative-logo.jpg","width":2037,"height":2037,"caption":"SES Creative"},"image":{"@id":"https:\/\/ses-creative.com\/#\/schema\/logo\/image\/"}}]}},"_links":{"self":[{"href":"https:\/\/ses-creative.com\/fr\/wp-json\/wp\/v2\/product\/118183","targetHints":{"allow":["GET"]}}],"collection":[{"href":"https:\/\/ses-creative.com\/fr\/wp-json\/wp\/v2\/product"}],"about":[{"href":"https:\/\/ses-creative.com\/fr\/wp-json\/wp\/v2\/types\/product"}],"replies":[{"embeddable":true,"href":"https:\/\/ses-creative.com\/fr\/wp-json\/wp\/v2\/comments?post=118183"}],"wp:featuredmedia":[{"embeddable":true,"href":"https:\/\/ses-creative.com\/fr\/wp-json\/wp\/v2\/media\/100388"}],"wp:attachment":[{"href":"https:\/\/ses-creative.com\/fr\/wp-json\/wp\/v2\/media?parent=118183"}],"wp:term":[{"taxonomy":"product_brand","embeddable":true,"href":"https:\/\/ses-creative.com\/fr\/wp-json\/wp\/v2\/product_brand?post=118183"},{"taxonomy":"product_cat","embeddable":true,"href":"https:\/\/ses-creative.com\/fr\/wp-json\/wp\/v2\/product_cat?post=118183"},{"taxonomy":"product_tag","embeddable":true,"href":"https:\/\/ses-creative.com\/fr\/wp-json\/wp\/v2\/product_tag?post=118183"}],"curies":[{"name":"wp","href":"https:\/\/api.w.org\/{rel}","templated":true}]}}